{"id":16437,"date":"2025-01-20T09:15:38","date_gmt":"2025-01-20T09:15:38","guid":{"rendered":"https:\/\/www.hydraulic-cylinders.net\/product\/arm-cylinderfor-zoomlion-large-excavator-ze520esp\/"},"modified":"2025-01-20T09:15:40","modified_gmt":"2025-01-20T09:15:40","slug":"arm-cylinderfor-zoomlion-large-excavator-ze520esp","status":"publish","type":"product","link":"https:\/\/www.hydraulic-cylinders.net\/sk\/produkt\/arm-cylinderfor-zoomlion-large-excavator-ze520esp\/","title":{"rendered":"Valec ramena pre ve\u013ek\u00e9 r\u00fdpadlo Zoomlion ZE520ESP"},"content":{"rendered":"<p>Valec ramena pre ve\u013ek\u00e9 r\u00fdpadlo Zoomlion ZE520ESP: Defin\u00edcia a vysvetlenie<\/p>\n<p>Hydraulick\u00fd valec ramena je typ hydraulick\u00e9ho valca ur\u010den\u00e9ho na zabezpe\u010denie line\u00e1rneho pohybu a v\u00fdkonu ramien r\u00f4znych typov strojov, ako s\u00fa r\u00fdpadl\u00e1, \u017eeriavy a mechanick\u00e9 ramen\u00e1. Zohr\u00e1va k\u013e\u00fa\u010dov\u00fa \u00falohu v hydraulick\u00fdch syst\u00e9moch, preto\u017ee umo\u017e\u0148uje efekt\u00edvny pohyb a ovl\u00e1danie pr\u00edslu\u0161enstva alebo pr\u00edslu\u0161enstva. Tieto valce nielen zabezpe\u010duj\u00fa plynul\u00fd pohyb, ale tie\u017e unes\u00fa \u0165a\u017ek\u00e9 bremen\u00e1, \u010d\u00edm zabezpe\u010duj\u00fa efekt\u00edvnu prev\u00e1dzku a spo\u013eahlivos\u0165 strojov v r\u00f4znych pracovn\u00fdch podmienkach.<\/p>\n<p><img decoding=\"async\" src=\"https:\/\/www.hydraulic-cylinders.net\/wp-content\/uploads\/2025\/01\/songte-company-2.webp\"><\/p>\n<p>Vlastnosti valca ramena pre ve\u013ek\u00e9 r\u00fdpadlo Zoomlion ZE520ESP<\/p>\n<p>1. Vysoko\u00fa\u010dinn\u00fd prevod: Valec ramena poskytuje siln\u00fd line\u00e1rny pohyb a silu, \u010d\u00edm zais\u0165uje vysoko\u00fa\u010dinn\u00fd v\u00fdkon mechanick\u00fdch ramien pri r\u00f4znych oper\u00e1ci\u00e1ch.<br \/>\n2. Presn\u00e9 ovl\u00e1danie: Prostredn\u00edctvom hydraulick\u00e9ho syst\u00e9mu dok\u00e1\u017ee valec ramena dosiahnu\u0165 presn\u00e9 ovl\u00e1danie pohybu, \u010d\u00edm sa ovl\u00e1danie pr\u00eddavn\u00fdch zariaden\u00ed st\u00e1va flexibilnej\u0161\u00edm a presnej\u0161\u00edm.<br \/>\n3. Vysok\u00e1 odolnos\u0165: Valce ramien s\u00fa zvy\u010dajne vyroben\u00e9 z vysoko pevn\u00fdch materi\u00e1lov s dobrou odolnos\u0165ou proti opotrebovaniu a kor\u00f3zii, vhodn\u00e9 na dlhodob\u00e9 pou\u017e\u00edvanie v n\u00e1ro\u010dn\u00fdch podmienkach.<br \/>\n4. Multifunk\u010dn\u00e1 prisp\u00f4sobivos\u0165: Tieto valce sa daj\u00fa \u0161iroko pou\u017e\u00edva\u0165 v r\u00f4znych mechanick\u00fdch zariadeniach, ako s\u00fa bagre, \u017eeriavy a mechanick\u00e9 ramen\u00e1, aby sp\u013a\u0148ali r\u00f4zne pracovn\u00e9 potreby.<br \/>\n5. Jednoduch\u00e1 \u00fadr\u017eba: Kon\u0161trukcia zoh\u013ead\u0148uje jednoduch\u00fa \u00fadr\u017ebu a v\u00fdmenu, v\u010faka \u010domu je pravideln\u00e1 kontrola a \u00fadr\u017eba pohodlnej\u0161ia a skracuje sa doba prestojov zariadenia.<\/p>\n<p><img decoding=\"async\" src=\"https:\/\/www.hydraulic-cylinders.net\/wp-content\/uploads\/2025\/01\/songte-oil-pipes-and-spare-parts.webp\"><\/p>\n<p>Pou\u017eitie valca ramena pre ve\u013ek\u00e9 r\u00fdpadlo Zoomlion ZE520ESP<\/p>\n<p>1. Stavebn\u00e9 in\u017einierstvo: Valce ramien sa pou\u017e\u00edvaj\u00fa v r\u00fdpadl\u00e1ch a \u017eeriavoch na ovl\u00e1danie pohybu vedier alebo v\u00fdlo\u017en\u00edkov pri zemn\u00fdch pr\u00e1cach, manipul\u00e1cii s materi\u00e1lom a mont\u00e1\u017ei kon\u0161trukci\u00ed.<br \/>\n2. V\u00fdrobn\u00fd priemysel: Valce ramien sa pou\u017e\u00edvaj\u00fa v automatizovan\u00fdch v\u00fdrobn\u00fdch link\u00e1ch na riadenie pohybu mechanick\u00fdch ramien pri mont\u00e1\u017enych, zv\u00e1rac\u00edch a manipula\u010dn\u00fdch procesoch, \u010d\u00edm sa zlep\u0161uje efektivita a presnos\u0165 v\u00fdroby.<br \/>\n3. Po\u013enohospod\u00e1rske stroje: Valce ramien ovl\u00e1daj\u00fa pohyb ovl\u00e1dac\u00edch ramien v po\u013enohospod\u00e1rskych strojoch, ako s\u00fa zbera\u010de a seja\u010dky, a vykon\u00e1vaj\u00fa \u00falohy, ako je siatie, hnojenie a zber \u00farody.<br \/>\n4. \u0164a\u017eba: Valce ramien sa pou\u017e\u00edvaj\u00fa na ovl\u00e1danie pohybu ramien bansk\u00fdch zariaden\u00ed pri \u0165a\u017ebe a preprave rudy.<br \/>\n5. Logistika a doprava: Valce ramien sa pou\u017e\u00edvaj\u00fa vo vysokozdvi\u017en\u00fdch voz\u00edkoch a manipula\u010dn\u00fdch robotoch na ovl\u00e1danie zdv\u00edhania a pohybu vidl\u00edc, \u010d\u00edm sa realizuje manipul\u00e1cia s materi\u00e1lom a stohovanie.<\/p>\n<p>\u00davahy o dizajne a krit\u00e9ri\u00e1 v\u00fdberu<\/p>\n<p>1. Nosnos\u0165: Valce ramien by mali by\u0165 navrhnut\u00e9 a vybran\u00e9 pod\u013ea ich nosnosti, aby sa zabezpe\u010dila bezpe\u010dn\u00e1 a efekt\u00edvna prev\u00e1dzka strojov.<br \/>\n2. Tesnenie: Na zabezpe\u010denie tesniaceho v\u00fdkonu a zabr\u00e1nenie \u00faniku oleja by sa mali pou\u017ei\u0165 r\u00f4zne tesniace komponenty, ako s\u00fa tesnenia piestov a tesnenia ty\u010d\u00ed.<br \/>\n3. Trvanlivos\u0165: Teleso valca a z\u00e1vitov\u00fd koniec by mali by\u0165 jemne opracovan\u00e9, aby sa zlep\u0161ila odolnos\u0165 vo\u010di opotrebovaniu a kor\u00f3zii.<br \/>\n4. Bezpe\u010dnos\u0165: Valce s ramenom by mali by\u0165 navrhnut\u00e9 a vybran\u00e9 s oh\u013eadom na bezpe\u010dnos\u0165, aby sa predi\u0161lo nehod\u00e1m sp\u00f4soben\u00fdm \u00fanikom alebo po\u0161koden\u00edm valca.<br \/>\n5. \u00dadr\u017eba: Valce ramien by mali by\u0165 \u013eahko udr\u017eiavate\u013en\u00e9 a vymenite\u013en\u00e9, aby sa skr\u00e1tili prestoje zariadenia.<\/p>\n<p><img decoding=\"async\" src=\"https:\/\/www.hydraulic-cylinders.net\/wp-content\/uploads\/2025\/01\/songte-cylinder-head-with-all-kinds-excavator-models.webp\"><\/p>\n<p>Tesnenie a mazanie valca ramena pre ve\u013ek\u00e9 r\u00fdpadlo Zoomlion ZE520ESP<\/p>\n<p>1. Na zabezpe\u010denie tesniaceho v\u00fdkonu a zabr\u00e1nenie \u00faniku oleja by sa mali pou\u017ei\u0165 r\u00f4zne tesniace komponenty, ako s\u00fa tesnenia piestov a tesnenia ty\u010d\u00ed.<br \/>\n2. Tesniace komponenty by mali by\u0165 vyroben\u00e9 z materi\u00e1lov odoln\u00fdch vo\u010di opotrebovaniu, ako je polyuret\u00e1n a nitrilov\u00fd kau\u010duk, aby sa pred\u013a\u017eila \u017eivotnos\u0165 valca.<br \/>\n3. Teleso valca a z\u00e1vitov\u00fd koniec by mali by\u0165 jemne opracovan\u00e9, aby sa zlep\u0161ila odolnos\u0165 proti opotrebovaniu a kor\u00f3zii.<br \/>\n4. Na mazanie a \u00fadr\u017ebu valca by sa mal pravidelne prid\u00e1va\u0165 vhodn\u00fd hydraulick\u00fd olej, \u010d\u00edm sa zabezpe\u010d\u00ed plynul\u00e1 a efekt\u00edvna prev\u00e1dzka.<\/p>\n<p>Pravideln\u00e1 kontrola a opatrenia prevent\u00edvnej \u00fadr\u017eby<\/p>\n<p>1. Pravidelne kontrolujte valec, \u010di nejav\u00ed zn\u00e1mky opotrebovania, \u00faniku alebo po\u0161kodenia.<br \/>\n2. Po\u0161koden\u00e9 alebo opotrebovan\u00e9 tesniace komponenty v\u010das vyme\u0148te.<br \/>\n3. Pravidelne \u010distite teleso valca a z\u00e1vitov\u00fd koniec, aby ste predi\u0161li kor\u00f3zii a opotrebovaniu.<br \/>\n4. Udr\u017eiavajte hladinu a kvalitu hydraulick\u00e9ho oleja a pravidelne ho vymie\u0148ajte.<br \/>\n5. Pravidelne kontrolujte a udr\u017eiavajte hydraulick\u00fd syst\u00e9m, aby ste zabezpe\u010dili efekt\u00edvnu a bezpe\u010dn\u00fa prev\u00e1dzku valca ramena.<\/p>\n<p><img decoding=\"async\" src=\"https:\/\/www.hydraulic-cylinders.net\/wp-content\/uploads\/2025\/01\/songte-chushion-collar.webp\"><\/p>\n<p>Sprievodca in\u0161tal\u00e1ciou produktu<\/p>\n<p>1. Pred in\u0161tal\u00e1ciou skontrolujte, \u010di valec ramena zodpoved\u00e1 modelu r\u00fdpadla a \u010di s\u00fa tesniace komponenty neporu\u0161en\u00e9.<br \/>\n2. Vy\u010distite mont\u00e1\u017enu plochu valca a uistite sa, \u017ee je rovn\u00e1 a bez ne\u010dist\u00f4t.<br \/>\n3. Nain\u0161talujte valec ramena vertik\u00e1lne a utiahnite skrutky predp\u00edsan\u00fdm kr\u00fatiacim momentom.<br \/>\n4. Pripojte potrubie hydraulick\u00e9ho oleja pod\u013ea sch\u00e9my in\u0161tal\u00e1cie a napl\u0148te hydraulick\u00fd olej.<br \/>\n5. Otestujte funkciu valca ramena a skontrolujte tesnos\u0165.<\/p>\n<p>Bezpe\u010dnostn\u00e9 aspekty a faktory prostredia<\/p>\n<p>1. Valce s ramenom by mali by\u0165 navrhnut\u00e9 a vybran\u00e9 s oh\u013eadom na bezpe\u010dnos\u0165, aby sa predi\u0161lo nehod\u00e1m sp\u00f4soben\u00fdm \u00fanikom alebo po\u0161koden\u00edm valca.<br \/>\n2. Obsluha by mala by\u0165 vy\u0161kolen\u00e1 a pou\u010den\u00e1 o spr\u00e1vnom pou\u017e\u00edvan\u00ed a \u00fadr\u017ebe valcov ramena, aby sa zabezpe\u010dila bezpe\u010dn\u00e1 prev\u00e1dzka.<br \/>\n3. Likvid\u00e1cia pou\u017eit\u00e9ho hydraulick\u00e9ho oleja a opotrebovan\u00fdch valcov by mala by\u0165 v s\u00falade s predpismi o ochrane \u017eivotn\u00e9ho prostredia.<\/p>\n<p>Rie\u0161enie probl\u00e9mov a be\u017en\u00e9 probl\u00e9my<\/p>\n<p>1. \u00danik: Skontrolujte a vyme\u0148te po\u0161koden\u00e9 tesniace komponenty alebo opravte teleso valca.<br \/>\n2. Pomal\u00e1 prev\u00e1dzka: Skontrolujte hladinu a kvalitu hydraulick\u00e9ho oleja a \u010di hydraulick\u00fd syst\u00e9m nie je zablokovan\u00fd alebo po\u0161koden\u00fd.<br \/>\n3. Abnorm\u00e1lny hluk: Skontrolujte, \u010di nie je teleso valca po\u0161koden\u00e9 alebo \u010di nie je piestna ty\u010d ohnut\u00e1.<br \/>\n4. Posun valca: Skontrolujte a upravte tlak a prietok hydraulick\u00e9ho syst\u00e9mu alebo opravte teleso valca.<\/p>\n<p><img decoding=\"async\" src=\"https:\/\/www.hydraulic-cylinders.net\/wp-content\/uploads\/2025\/01\/songte-bushings-with-all-kinds-of-excavator-models.webp\"><\/p>\n<p>O na\u0161ej spolo\u010dnosti<\/p>\n<p>Sme profesion\u00e1lny v\u00fdrobca n\u00e1hradn\u00fdch hydraulick\u00fdch valcov so \u0161irokou \u0161k\u00e1lou produktov a stali sme sa jedn\u00fdm z popredn\u00fdch v\u00fdrobcov a ve\u013ekoobchodn\u00fdch distrib\u00fatorov hydraulick\u00fdch valcov na dom\u00e1com aj medzin\u00e1rodnom trhu. V\u017edy dodr\u017eiavame z\u00e1sadu vynikaj\u00facej kvality a spoliehame sa na strat\u00e9giu riadenia priemyselnej v\u00fdroby v prepracovan\u00fdch v\u00fdrobn\u00fdch diel\u0148ach, aby sme neust\u00e1le zlep\u0161ovali na\u0161e technol\u00f3gie a efektivitu v\u00fdroby. Zav\u00e1dzan\u00edm \u0161pi\u010dkov\u00fdch digit\u00e1lnych v\u00fdrobn\u00fdch zariaden\u00ed a profesion\u00e1lnych testovac\u00edch syst\u00e9mov optimalizujeme v\u00fdrobn\u00fa platformu, zlep\u0161ujeme proces kontroly kvality v\u00fdrobkov a m\u00e1me siln\u00e9 inova\u010dn\u00e9 schopnosti. Na\u0161\u00edm cie\u013eom je uspokoji\u0165 rozmanit\u00e9 potreby z\u00e1kazn\u00edkov s vysokou \u00fa\u010dinnos\u0165ou, presnos\u0165ou a vysoko kvalitn\u00fdmi produktmi.<\/p>\n<p>Pon\u00fakame slu\u017eby na mieru a na\u0161e produkty maj\u00fa medzin\u00e1rodn\u00e9 certifik\u00e1cie ako ISO9001, CE a RoHS. Disponujeme modern\u00fdm v\u00fdrobn\u00fdm zariaden\u00edm vr\u00e1tane CNC s\u00fastruhov, br\u00fasok a mont\u00e1\u017enych liniek. M\u00e1me tie\u017e profesion\u00e1lny t\u00edm popredajn\u00fdch slu\u017eieb, ktor\u00fd poskytuje v\u010dasn\u00e9 a efekt\u00edvne rie\u0161enia probl\u00e9mov z\u00e1kazn\u00edkov.<\/p>\n<p><img decoding=\"async\" src=\"https:\/\/www.hydraulic-cylinders.net\/wp-content\/uploads\/2025\/01\/songte-company-4.webp\"><\/p>\n<p><img decoding=\"async\" src=\"https:\/\/www.hydraulic-cylinders.net\/wp-content\/uploads\/2025\/01\/songte-company-3.webp\"><\/p>\n<p>Autor: lyl.<\/p>","protected":false},"excerpt":{"rendered":"<p>Arm Cylinder for Zoomlion Large Excavator ZE520ESP: Definition and Explanation Arm cylinder is a type of hydraulic cylinder designed to provide linear motion and power to the arms of various types of machinery such as excavators, cranes, and mechanical arms. It plays a critical role in hydraulic systems, enabling attachments or accessories to move and [&hellip;]<\/p>","protected":false},"featured_media":14779,"comment_status":"open","ping_status":"closed","template":"","meta":{"_et_pb_use_builder":"","_et_pb_old_content":"","_et_gb_content_width":""},"product_brand":[],"product_cat":[1497],"product_tag":[1498,1496],"class_list":{"0":"post-16437","1":"product","2":"type-product","3":"status-publish","4":"has-post-thumbnail","6":"product_cat-arm-cylinders","7":"product_tag-arm-cylinders","8":"product_tag-hydraulic-cylinders","10":"first","11":"instock","12":"shipping-taxable","13":"product-type-simple"},"amp_enabled":true,"_links":{"self":[{"href":"https:\/\/www.hydraulic-cylinders.net\/sk\/wp-json\/wp\/v2\/product\/16437","targetHints":{"allow":["GET"]}}],"collection":[{"href":"https:\/\/www.hydraulic-cylinders.net\/sk\/wp-json\/wp\/v2\/product"}],"about":[{"href":"https:\/\/www.hydraulic-cylinders.net\/sk\/wp-json\/wp\/v2\/types\/product"}],"replies":[{"embeddable":true,"href":"https:\/\/www.hydraulic-cylinders.net\/sk\/wp-json\/wp\/v2\/comments?post=16437"}],"wp:featuredmedia":[{"embeddable":true,"href":"https:\/\/www.hydraulic-cylinders.net\/sk\/wp-json\/wp\/v2\/media\/14779"}],"wp:attachment":[{"href":"https:\/\/www.hydraulic-cylinders.net\/sk\/wp-json\/wp\/v2\/media?parent=16437"}],"wp:term":[{"taxonomy":"product_brand","embeddable":true,"href":"https:\/\/www.hydraulic-cylinders.net\/sk\/wp-json\/wp\/v2\/product_brand?post=16437"},{"taxonomy":"product_cat","embeddable":true,"href":"https:\/\/www.hydraulic-cylinders.net\/sk\/wp-json\/wp\/v2\/product_cat?post=16437"},{"taxonomy":"product_tag","embeddable":true,"href":"https:\/\/www.hydraulic-cylinders.net\/sk\/wp-json\/wp\/v2\/product_tag?post=16437"}],"curies":[{"name":"pracovn\u00fd list","href":"https:\/\/api.w.org\/{rel}","templated":true}]}}