{"id":16439,"date":"2025-01-20T09:15:51","date_gmt":"2025-01-20T09:15:51","guid":{"rendered":"https:\/\/www.hydraulic-cylinders.net\/product\/arm-cylinderfor-zoomlion-large-excavator-ze1250e\/"},"modified":"2025-01-20T09:15:53","modified_gmt":"2025-01-20T09:15:53","slug":"arm-cylinderfor-zoomlion-large-excavator-ze1250e","status":"publish","type":"product","link":"https:\/\/www.hydraulic-cylinders.net\/sk\/produkt\/arm-cylinderfor-zoomlion-large-excavator-ze1250e\/","title":{"rendered":"Valec ramena pre ve\u013ek\u00e9 r\u00fdpadlo Zoomlion ZE1250E"},"content":{"rendered":"<h1>Valec ramena pre ve\u013ek\u00e9 r\u00fdpadlo Zoomlion ZE1250E<\/h1>\n<h2>\u00davod<\/h2>\n<p>Hydraulick\u00fd valec ramena je \u0161pecializovan\u00fd hydraulick\u00fd valec ur\u010den\u00fd na zabezpe\u010denie line\u00e1rneho pohybu a v\u00fdkonu ramien r\u00f4znych typov strojov, ako s\u00fa r\u00fdpadl\u00e1, \u017eeriavy a manipul\u00e1tory. Zohr\u00e1va k\u013e\u00fa\u010dov\u00fa \u00falohu v hydraulickom syst\u00e9me, preto\u017ee umo\u017e\u0148uje efekt\u00edvny pohyb a ovl\u00e1danie pr\u00edslu\u0161enstva alebo pr\u00edslu\u0161enstva. Tieto valce nielen umo\u017e\u0148uj\u00fa plynul\u00fd pohyb, ale aj odol\u00e1vaj\u00fa \u0165a\u017ek\u00fdm za\u0165a\u017eeniam, \u010d\u00edm zabezpe\u010duj\u00fa efekt\u00edvnu prev\u00e1dzku a spo\u013eahlivos\u0165 strojov za r\u00f4znych prev\u00e1dzkov\u00fdch podmienok.<\/p>\n<p><img decoding=\"async\" src=\"https:\/\/www.hydraulic-cylinders.net\/wp-content\/uploads\/2025\/01\/songte-company-2.webp\"\/><\/p>\n<h2>Funkcie<\/h2>\n<ul>\n<li>Vysoko\u00fa\u010dinn\u00fd prevod: Valec ramena poskytuje siln\u00fd line\u00e1rny pohyb a silu, \u010d\u00edm zais\u0165uje vysok\u00fa prev\u00e1dzkov\u00fa \u00fa\u010dinnos\u0165 manipul\u00e1tora pri r\u00f4znych oper\u00e1ci\u00e1ch.<\/li>\n<li>Presn\u00e9 ovl\u00e1danie: Prostredn\u00edctvom hydraulick\u00e9ho syst\u00e9mu dok\u00e1\u017ee valec ramena dosiahnu\u0165 presn\u00e9 ovl\u00e1danie pohybu, v\u010faka \u010domu je ovl\u00e1danie pr\u00edslu\u0161enstva flexibilnej\u0161ie a presnej\u0161ie.<\/li>\n<li>Vysok\u00e1 odolnos\u0165: Valec ramena je zvy\u010dajne vyroben\u00fd z vysoko pevn\u00fdch materi\u00e1lov s dobrou odolnos\u0165ou proti opotrebovaniu a kor\u00f3zii, v\u010faka \u010domu je vhodn\u00fd na dlhodob\u00e9 pou\u017e\u00edvanie v n\u00e1ro\u010dn\u00fdch podmienkach.<\/li>\n<li>Multifunk\u010dn\u00e1 prisp\u00f4sobivos\u0165: Tieto valce sa daj\u00fa \u0161iroko pou\u017e\u00edva\u0165 v r\u00f4znych mechanick\u00fdch zariadeniach, ako s\u00fa bagre, \u017eeriavy a manipul\u00e1tory, aby sp\u013a\u0148ali r\u00f4zne pracovn\u00e9 po\u017eiadavky.<\/li>\n<li>Jednoduch\u00e1 \u00fadr\u017eba: Kon\u0161trukcia zoh\u013ead\u0148uje jednoduch\u00fa \u00fadr\u017ebu a v\u00fdmenu, v\u010faka \u010domu s\u00fa pravideln\u00e9 kontroly a \u00fadr\u017eba pohodlnej\u0161ie a skracuj\u00fa sa prestoje zariaden\u00ed.<\/li>\n<\/ul>\n<p>Vieme vyrobi\u0165 tento produkt, ktor\u00fd dok\u00e1\u017ee dokonale nahradi\u0165 tieto hydraulick\u00e9 valce.<\/p>\n<p><img decoding=\"async\" src=\"https:\/\/www.hydraulic-cylinders.net\/wp-content\/uploads\/2025\/01\/songte-oil-pipes-and-spare-parts.webp\"\/><\/p>\n<h2>Aplik\u00e1cie<\/h2>\n<ul>\n<li>Stavebn\u00e9 in\u017einierstvo: V bagroch a \u017eeriavoch sa valec ramena pou\u017e\u00edva na ovl\u00e1danie pohybu vedra alebo v\u00fdlo\u017en\u00edka pri zemn\u00fdch pr\u00e1cach, manipul\u00e1cii s materi\u00e1lom a mont\u00e1\u017ei kon\u0161trukci\u00ed.<\/li>\n<li>V\u00fdrobn\u00fd priemysel: V automatizovan\u00fdch v\u00fdrobn\u00fdch link\u00e1ch sa valec ramena pou\u017e\u00edva na pohyb manipul\u00e1torov pri mont\u00e1\u017enych, zv\u00e1rac\u00edch a manipula\u010dn\u00fdch procesoch, \u010d\u00edm sa zlep\u0161uje efektivita a presnos\u0165 v\u00fdroby.<\/li>\n<li>Po\u013enohospod\u00e1rske stroje: V po\u013enohospod\u00e1rskych strojoch, ako s\u00fa zbera\u010de a seja\u010dky, valec ramena riadi \u010dinnos\u0165 ramena pri \u00faloh\u00e1ch, ako je siatie, hnojenie a zber \u00farody.<\/li>\n<li>\u0164a\u017eba: V bansk\u00fdch zariadeniach sa valec ramena pou\u017e\u00edva na ovl\u00e1danie pohybu ramena bansk\u00e9ho zariadenia pri \u0165a\u017ebe a manipul\u00e1cii s rudami.<\/li>\n<li>Logistika a doprava: Vo vysokozdvi\u017en\u00fdch voz\u00edkoch a manipula\u010dn\u00fdch robotoch sa valec ramena pou\u017e\u00edva na ovl\u00e1danie zdv\u00edhania a pohybu vidl\u00edc, \u010d\u00edm sa realizuje manipul\u00e1cia s materi\u00e1lom a stohovanie.<\/li>\n<\/ul>\n<h2>\u00davahy o dizajne a krit\u00e9ri\u00e1 v\u00fdberu<\/h2>\n<ul>\n<li>Nosnos\u0165: Valec ramena by mal by\u0165 navrhnut\u00fd tak, aby odolal maxim\u00e1lnemu za\u0165a\u017eeniu stroja, v ktorom sa pou\u017e\u00edva.<\/li>\n<li>Tesnenie: Aby sa zabr\u00e1nilo \u00faniku hydraulick\u00e9ho oleja, mali by sa zvoli\u0165 r\u00f4zne tesniace komponenty, ako s\u00fa tesnenia piestov, tesnenia ty\u010d\u00ed at\u010f.<\/li>\n<li>Trvanlivos\u0165: Na rameno valca by sa mali pou\u017ei\u0165 vysokopevnostn\u00e9 materi\u00e1ly, aby sa zabezpe\u010dila odolnos\u0165 proti opotrebovaniu a kor\u00f3zii a pred\u013a\u017eila sa \u017eivotnos\u0165 valca.<\/li>\n<li>Bezpe\u010dnos\u0165: Valec ramena by mal by\u0165 navrhnut\u00fd tak, aby sa predi\u0161lo nehod\u00e1m a zabezpe\u010dila sa bezpe\u010dnos\u0165 obsluhy a zariadenia.<\/li>\n<li>\u00dadr\u017eba: Valec ramena by mal by\u0165 navrhnut\u00fd tak, aby sa dal \u013eahko udr\u017eiava\u0165 a opravova\u0165, \u010d\u00edm sa skr\u00e1tia prestoje zariadenia.<\/li>\n<\/ul>\n<p><img decoding=\"async\" src=\"https:\/\/www.hydraulic-cylinders.net\/wp-content\/uploads\/2025\/01\/songte-cylinder-head-with-all-kinds-excavator-models.webp\"\/><\/p>\n<h2>Tesnenie a mazanie<\/h2>\n<p>Valec ramena pou\u017e\u00edva r\u00f4zne tesniace komponenty, ako s\u00fa tesnenia piestov a tesnenia ty\u010d\u00ed, ktor\u00e9 s\u00fa vyroben\u00e9 z materi\u00e1lov odoln\u00fdch vo\u010di opotrebovaniu, ako je polyuret\u00e1n a nitrilov\u00fd kau\u010duk, aby sa zabr\u00e1nilo \u00faniku hydraulick\u00e9ho oleja. Teleso valca a z\u00e1vitov\u00fd koniec s\u00fa prec\u00edzne spracovan\u00e9 pre zlep\u0161enie odolnosti vo\u010di opotrebovaniu. Na mazanie je potrebn\u00e9 pravidelne dop\u013a\u0148a\u0165 primeran\u00e9 mno\u017estvo hydraulick\u00e9ho oleja.<\/p>\n<h2>Pravideln\u00e1 kontrola a opatrenia prevent\u00edvnej \u00fadr\u017eby<\/h2>\n<ul>\n<li>Pravidelne kontrolujte tesniace komponenty a v pr\u00edpade potreby ich vyme\u0148te.<\/li>\n<li>Skontrolujte teleso valca a \u010deln\u00fa plochu, \u010di nie s\u00fa opotrebovan\u00e9, a v pr\u00edpade potreby ich vyme\u0148te.<\/li>\n<li>Pravidelne vymie\u0148ajte hydraulick\u00fd olej a udr\u017eiavajte ho \u010dist\u00fd.<\/li>\n<li>Pravidelne kontrolujte bezpe\u010dnostn\u00e9 komponenty a v pr\u00edpade potreby ich vyme\u0148te.<\/li>\n<li>Pravidelne udr\u017eiavajte a opravujte hydraulick\u00fd syst\u00e9m, aby ste predi\u0161li potenci\u00e1lnym probl\u00e9mom.<\/li>\n<\/ul>\n<p><img decoding=\"async\" src=\"https:\/\/www.hydraulic-cylinders.net\/wp-content\/uploads\/2025\/01\/songte-chushion-collar.webp\"\/><\/p>\n<h2>Sprievodca in\u0161tal\u00e1ciou produktu<\/h2>\n<ol>\n<li>Skontrolujte, \u010di je valec kompatibiln\u00fd so strojom, a nain\u0161talujte ho pod\u013ea pokynov.<\/li>\n<li>Pripojte hydraulick\u00e9 potrubie k valcu a starostlivo vy\u010distite tieto \u010dasti, aby ste predi\u0161li kontamin\u00e1cii.<\/li>\n<li>Napl\u0148te valec hydraulick\u00fdm olejom a skontrolujte tesnos\u0165.<\/li>\n<li>Otestujte valec, aby ste sa uistili, \u017ee funguje hladko a spr\u00e1vne.<\/li>\n<\/ol>\n<h2>Bezpe\u010dnostn\u00e9 aspekty a faktory prostredia<\/h2>\n<p>Pri pou\u017e\u00edvan\u00ed valca s ramenom je potrebn\u00e9 dodr\u017eiava\u0165 bezpe\u010dnostn\u00e9 pokyny, aby sa predi\u0161lo nehod\u00e1m a zabezpe\u010dila sa bezpe\u010dnos\u0165 obsluhy a zariadenia. Pre zabezpe\u010denie spr\u00e1vnej prev\u00e1dzky valca by sa mali zoh\u013eadni\u0165 aj faktory prostredia, ako je teplota, vlhkos\u0165 a prach.<\/p>\n<h2>Rie\u0161enie probl\u00e9mov a be\u017en\u00e9 probl\u00e9my<\/h2>\n<ul>\n<li>Probl\u00e9m: Valec sa nepohybuje alebo sa pohybuje pomaly.<\/li>\n<li>Rie\u0161enie: Skontrolujte, \u010di je dostatok hydraulick\u00e9ho oleja a \u010di nie je potrubie upchat\u00e9 alebo netesn\u00e9.<\/li>\n<li>Probl\u00e9m: Vo valci je netesnos\u0165.<\/li>\n<li>Rie\u0161enie: Skontrolujte, \u010di nie s\u00fa tesniace komponenty po\u0161koden\u00e9 alebo \u010di nie je opotrebovan\u00e9 teleso valca alebo z\u00e1vitov\u00fd koniec.<\/li>\n<li>Probl\u00e9m: Valec vyd\u00e1va po\u010das prev\u00e1dzky abnorm\u00e1lne zvuky.<\/li>\n<li>Rie\u0161enie: Skontrolujte, \u010di nie je teleso valca deformovan\u00e9 alebo \u010di nie je po\u0161koden\u00fd piest alebo ty\u010d.<\/li>\n<\/ul>\n<p>Prevent\u00edvne opatrenia zah\u0155\u0148aj\u00fa pravideln\u00fa kontrolu a \u00fadr\u017ebu, aby sa predi\u0161lo potenci\u00e1lnym probl\u00e9mom, ako aj dodr\u017eiavanie bezpe\u010dnostn\u00fdch pokynov na predch\u00e1dzanie nehod\u00e1m.<\/p>\n<p><img decoding=\"async\" src=\"https:\/\/www.hydraulic-cylinders.net\/wp-content\/uploads\/2025\/01\/songte-bushings-with-all-kinds-of-excavator-models.webp\"\/><\/p>\n<h2>O n\u00e1s<\/h2>\n<p>Sme profesion\u00e1lny v\u00fdrobca n\u00e1hradn\u00fdch hydraulick\u00fdch valcov so \u0161irokou \u0161k\u00e1lou produktov a stali sme sa jedn\u00fdm z popredn\u00fdch v\u00fdrobcov a ve\u013ekoobchodn\u00fdch distrib\u00fatorov hydraulick\u00fdch valcov na dom\u00e1com aj medzin\u00e1rodnom trhu. Dodr\u017eiavame z\u00e1sadu vynikaj\u00facej kvality a spoliehame sa na strat\u00e9giu industrializovan\u00e9ho riadenia v\u00fdroby v presn\u00fdch v\u00fdrobn\u00fdch diel\u0148ach, aby sme neust\u00e1le zlep\u0161ovali na\u0161u technick\u00fa \u00farove\u0148 a efekt\u00edvnos\u0165 v\u00fdroby. Prostredn\u00edctvom zav\u00e1dzania \u0161pi\u010dkov\u00fdch digit\u00e1lnych v\u00fdrobn\u00fdch zariaden\u00ed a profesion\u00e1lnych testovac\u00edch syst\u00e9mov neust\u00e1le optimalizujeme v\u00fdrobn\u00fa platformu, zlep\u0161ujeme proces kontroly kvality v\u00fdrobkov a m\u00e1me siln\u00e9 inova\u010dn\u00e9 schopnosti. Na\u0161\u00edm cie\u013eom je uspokoji\u0165 rozmanit\u00e9 potreby z\u00e1kazn\u00edkov s vysokou \u00fa\u010dinnos\u0165ou, presnos\u0165ou a vysokou kvalitou.<\/p>\n<h3>Profesionalita<\/h3>\n<p>M\u00e1me profesion\u00e1lny technick\u00fd t\u00edm s bohat\u00fdmi sk\u00fasenos\u0165ami a odborn\u00fdmi znalos\u0165ami vo v\u00fdrobe a \u00fadr\u017ebe hydraulick\u00fdch valcov. Dodr\u017eiavame z\u00e1sadu \u201ez\u00e1kazn\u00edk na prvom mieste\u201c a poskytujeme z\u00e1kazn\u00edkom profesion\u00e1lne a efekt\u00edvne slu\u017eby.<\/p>\n<h3>Medzin\u00e1rodn\u00e1 certifik\u00e1cia<\/h3>\n<p>Z\u00edskali sme r\u00f4zne medzin\u00e1rodn\u00e9 certifik\u00e1cie, ako napr\u00edklad ISO9001, CE a RoHS, ktor\u00e9 odr\u00e1\u017eaj\u00fa na\u0161e vysok\u00e9 \u0161tandardy kvality a v\u00fdrobn\u00e9 procesy.<\/p>\n<h3>Slu\u017eby prisp\u00f4sobenia<\/h3>\n<p>Poskytujeme slu\u017eby na mieru a vieme vyrobi\u0165 hydraulick\u00e9 valce pod\u013ea \u0161pecifick\u00fdch po\u017eiadaviek z\u00e1kazn\u00edkov, \u010d\u00edm z\u00e1kazn\u00edkom poskytujeme personalizovan\u00e9 rie\u0161enia.<\/p>\n<h3>V\u00fdrobn\u00e9 zariadenia<\/h3>\n<p>Zaviedli sme s\u00e9riu \u0161pi\u010dkov\u00fdch digit\u00e1lnych v\u00fdrobn\u00fdch zariaden\u00ed, ako s\u00fa CNC obr\u00e1bacie stroje, aby sme zabezpe\u010dili presnos\u0165 a efekt\u00edvnos\u0165 v\u00fdrobn\u00e9ho procesu.<\/p>\n<h3>Popredajn\u00fd servis<\/h3>\n<p>Poskytujeme komplexn\u00fd popredajn\u00fd servis vr\u00e1tane pokynov na in\u0161tal\u00e1ciu, \u00fadr\u017eby a opr\u00e1v a technickej podpory, aby sme zabezpe\u010dili efekt\u00edvnu a stabiln\u00fa prev\u00e1dzku hydraulick\u00e9ho valca.<\/p>\n<p><img decoding=\"async\" src=\"https:\/\/www.hydraulic-cylinders.net\/wp-content\/uploads\/2025\/01\/songte-company-4.webp\"\/><br \/>\n<img decoding=\"async\" src=\"https:\/\/www.hydraulic-cylinders.net\/wp-content\/uploads\/2025\/01\/songte-company-3.webp\"\/><\/p>\n<p>Autor: lyl.<\/p>","protected":false},"excerpt":{"rendered":"<p>Arm Cylinder For Zoomlion Large Excavator ZE1250E Introduction The arm cylinder is a specialized hydraulic cylinder designed to provide linear motion and power to the arms of various types of machinery, such as excavators, cranes, and manipulators. It plays a critical role in the hydraulic system, allowing attachments or accessories to move and be controlled [&hellip;]<\/p>","protected":false},"featured_media":14774,"comment_status":"open","ping_status":"closed","template":"","meta":{"_et_pb_use_builder":"","_et_pb_old_content":"","_et_gb_content_width":""},"product_brand":[],"product_cat":[1497],"product_tag":[1498,1496],"class_list":{"0":"post-16439","1":"product","2":"type-product","3":"status-publish","4":"has-post-thumbnail","6":"product_cat-arm-cylinders","7":"product_tag-arm-cylinders","8":"product_tag-hydraulic-cylinders","10":"first","11":"instock","12":"shipping-taxable","13":"product-type-simple"},"amp_enabled":true,"_links":{"self":[{"href":"https:\/\/www.hydraulic-cylinders.net\/sk\/wp-json\/wp\/v2\/product\/16439","targetHints":{"allow":["GET"]}}],"collection":[{"href":"https:\/\/www.hydraulic-cylinders.net\/sk\/wp-json\/wp\/v2\/product"}],"about":[{"href":"https:\/\/www.hydraulic-cylinders.net\/sk\/wp-json\/wp\/v2\/types\/product"}],"replies":[{"embeddable":true,"href":"https:\/\/www.hydraulic-cylinders.net\/sk\/wp-json\/wp\/v2\/comments?post=16439"}],"wp:featuredmedia":[{"embeddable":true,"href":"https:\/\/www.hydraulic-cylinders.net\/sk\/wp-json\/wp\/v2\/media\/14774"}],"wp:attachment":[{"href":"https:\/\/www.hydraulic-cylinders.net\/sk\/wp-json\/wp\/v2\/media?parent=16439"}],"wp:term":[{"taxonomy":"product_brand","embeddable":true,"href":"https:\/\/www.hydraulic-cylinders.net\/sk\/wp-json\/wp\/v2\/product_brand?post=16439"},{"taxonomy":"product_cat","embeddable":true,"href":"https:\/\/www.hydraulic-cylinders.net\/sk\/wp-json\/wp\/v2\/product_cat?post=16439"},{"taxonomy":"product_tag","embeddable":true,"href":"https:\/\/www.hydraulic-cylinders.net\/sk\/wp-json\/wp\/v2\/product_tag?post=16439"}],"curies":[{"name":"pracovn\u00fd list","href":"https:\/\/api.w.org\/{rel}","templated":true}]}}