{"id":16442,"date":"2025-01-20T09:16:06","date_gmt":"2025-01-20T09:16:06","guid":{"rendered":"https:\/\/www.hydraulic-cylinders.net\/product\/arm-cylinderfor-sunward-small-excavator-swe90e\/"},"modified":"2025-01-20T09:16:08","modified_gmt":"2025-01-20T09:16:08","slug":"arm-cylinderfor-sunward-small-excavator-swe90e","status":"publish","type":"product","link":"https:\/\/www.hydraulic-cylinders.net\/sk\/produkt\/arm-cylinderfor-sunward-small-excavator-swe90e\/","title":{"rendered":"Valec ramena pre mal\u00e9 r\u00fdpadlo Sunward SWE90E"},"content":{"rendered":"<h1>Valec ramena pre mal\u00e9 r\u00fdpadlo Sunward SWE90E<\/h1>\n<h2>\u00davod<\/h2>\n<p>Hydraulick\u00fd valec ramena je \u0161peci\u00e1lne navrhnut\u00fd hydraulick\u00fd valec, ktor\u00fd poskytuje line\u00e1rny pohyb a v\u00fdkon ramenu r\u00f4znych strojov, ako s\u00fa r\u00fdpadl\u00e1, \u017eeriavy a mechanick\u00e9 ramen\u00e1. Zohr\u00e1va k\u013e\u00fa\u010dov\u00fa \u00falohu v hydraulick\u00fdch syst\u00e9moch, preto\u017ee umo\u017e\u0148uje efekt\u00edvny pohyb a ovl\u00e1danie dodato\u010dn\u00fdch n\u00e1strojov alebo pr\u00edslu\u0161enstva. Tieto valce nielen umo\u017e\u0148uj\u00fa plynul\u00fd pohyb, ale tie\u017e odol\u00e1vaj\u00fa \u0165a\u017ek\u00fdm za\u0165a\u017eeniam, \u010d\u00edm zabezpe\u010duj\u00fa efekt\u00edvnu prev\u00e1dzku a spo\u013eahlivos\u0165 strojov v r\u00f4znych pracovn\u00fdch podmienkach.<\/p>\n<p><img decoding=\"async\" src=\"https:\/\/www.hydraulic-cylinders.net\/wp-content\/uploads\/2025\/01\/songte-company-2.webp\"><\/p>\n<h2>Funkcie<\/h2>\n<ul>\n<li><b>Vysoko \u00fa\u010dinn\u00fd prevod:<\/b> Valec ramena poskytuje siln\u00fd line\u00e1rny pohyb a silu, \u010d\u00edm zais\u0165uje vysok\u00fd v\u00fdkon mechanick\u00e9ho ramena pri r\u00f4znych oper\u00e1ci\u00e1ch.<\/li>\n<li><b>Presn\u00e9 ovl\u00e1danie:<\/b> V\u010faka hydraulick\u00e9mu syst\u00e9mu umo\u017e\u0148uje valec ramena presn\u00e9 ovl\u00e1danie pohybu, v\u010faka \u010domu s\u00fa oper\u00e1cie s \u010fal\u0161\u00edmi n\u00e1strojmi flexibilnej\u0161ie a presnej\u0161ie.<\/li>\n<li><b>Trvanlivos\u0165:<\/b> Valce s ramenom sa zvy\u010dajne vyr\u00e1baj\u00fa z vysokopevnostn\u00fdch materi\u00e1lov a maj\u00fa vynikaj\u00facu odolnos\u0165 vo\u010di opotrebovaniu a kor\u00f3zii, v\u010faka \u010domu s\u00fa vhodn\u00e9 na dlhodob\u00e9 pou\u017e\u00edvanie v n\u00e1ro\u010dn\u00fdch podmienkach.<\/li>\n<li><b>Multifunk\u010dn\u00e1 prisp\u00f4sobivos\u0165:<\/b> Tieto valce sa daj\u00fa \u0161iroko pou\u017e\u00edva\u0165 v r\u00f4znych strojoch, ako s\u00fa bagre, \u017eeriavy a mechanick\u00e9 ramen\u00e1, aby sp\u013a\u0148ali r\u00f4zne pracovn\u00e9 po\u017eiadavky.<\/li>\n<li><b>Jednoduch\u00e1 \u00fadr\u017eba:<\/b> Kon\u0161trukcia zoh\u013ead\u0148uje jednoduch\u00fa \u00fadr\u017ebu a v\u00fdmenu, v\u010faka \u010domu s\u00fa pravideln\u00e9 kontroly a servis pohodlnej\u0161ie a skracuj\u00fa sa prestoje zariaden\u00ed.<\/li>\n<\/ul>\n<p><img decoding=\"async\" src=\"https:\/\/www.hydraulic-cylinders.net\/wp-content\/uploads\/2025\/01\/songte-oil-pipes-and-spare-parts.webp\"><\/p>\n<h2>Aplik\u00e1cie<\/h2>\n<p>Valec s ramenom nach\u00e1dza uplatnenie v r\u00f4znych odvetviach a scen\u00e1roch:<\/p>\n<ol>\n<li><b>Stavebn\u00e9 in\u017einierstvo:<\/b> V r\u00fdpadl\u00e1ch a \u017eeriavoch sa valec ramena pou\u017e\u00edva na ovl\u00e1danie pohybu vedier alebo v\u00fdlo\u017en\u00edkov pri zemn\u00fdch pr\u00e1cach, manipul\u00e1cii s materi\u00e1lom a mont\u00e1\u017ei kon\u0161trukci\u00ed.<\/li>\n<li><b>V\u00fdrobn\u00fd priemysel:<\/b> V automatizovan\u00fdch v\u00fdrobn\u00fdch link\u00e1ch umo\u017e\u0148uje valec ramena pohyb mechanick\u00fdch ramien pre procesy, ako je mont\u00e1\u017e, zv\u00e1ranie a manipul\u00e1cia s materi\u00e1lom, \u010d\u00edm sa zlep\u0161uje efektivita a presnos\u0165 v\u00fdroby.<\/li>\n<li><b>Po\u013enohospod\u00e1rske stroje:<\/b> V po\u013enohospod\u00e1rskych strojoch, ako s\u00fa zbera\u010de a seja\u010dky, riadi valec ramena pohyb ovl\u00e1dac\u00edch ramien pri \u00faloh\u00e1ch, ako je siatie, hnojenie a zber \u00farody.<\/li>\n<li><b>\u0164a\u017eba:<\/b> V bansk\u00fdch zariadeniach sa valec ramena pou\u017e\u00edva na ovl\u00e1danie pohybu ramena bansk\u00fdch strojov na \u0165a\u017ebu a prepravu rudy.<\/li>\n<li><b>Logistika a doprava:<\/b> Vo vysokozdvi\u017en\u00fdch voz\u00edkoch a manipula\u010dn\u00fdch robotoch sa valec ramena pou\u017e\u00edva na ovl\u00e1danie zdv\u00edhania a pohybu vidl\u00edc, \u010do umo\u017e\u0148uje manipul\u00e1ciu s materi\u00e1lom a stohovanie.<\/li>\n<\/ol>\n<h2>\u00davahy o dizajne a \u0161tandardy v\u00fdberu<\/h2>\n<p>Pokia\u013e ide o dizajnov\u00e9 aspekty a \u0161tandardy v\u00fdberu, k\u013e\u00fa\u010dov\u00e9 s\u00fa tieto aspekty:<\/p>\n<ol>\n<li><b>Nosnos\u0165:<\/b> Valec ramena by mal by\u0165 schopn\u00fd zvl\u00e1dnu\u0165 maxim\u00e1lne za\u0165a\u017eenie potrebn\u00e9 pre konkr\u00e9tnu aplik\u00e1ciu.<\/li>\n<li><b>Tesnenie:<\/b> Na zabezpe\u010denie spr\u00e1vneho utesnenia by sa mali pou\u017ei\u0165 r\u00f4zne tesniace komponenty, ako s\u00fa tesnenia piestov a ty\u010d\u00ed vyroben\u00e9 z materi\u00e1lov odoln\u00fdch vo\u010di opotrebovaniu, ako je polyuret\u00e1n a nitrilov\u00fd kau\u010duk.<\/li>\n<li><b>Trvanlivos\u0165:<\/b> Teleso valca a z\u00e1vitov\u00e9 koncov\u00e9 plochy by mali by\u0165 jemne opracovan\u00e9, aby sa zlep\u0161ila odolnos\u0165 vo\u010di opotrebovaniu.<\/li>\n<li><b>Bezpe\u010dnos\u0165:<\/b> Po\u010das projektovania by sa mali zv\u00e1\u017ei\u0165 bezpe\u010dnostn\u00e9 opatrenia, aby sa predi\u0161lo nehod\u00e1m a zabezpe\u010dila sa bezpe\u010dn\u00e1 prev\u00e1dzka strojov.<\/li>\n<li><b>Udr\u017eiavate\u013enos\u0165:<\/b> Spr\u00e1vne mazanie hydraulick\u00fdm olejom a pravideln\u00e1 \u00fadr\u017eba s\u00fa nevyhnutn\u00e9 pre pred\u013a\u017eenie \u017eivotnosti valca ramena.<\/li>\n<\/ol>\n<p><img decoding=\"async\" src=\"https:\/\/www.hydraulic-cylinders.net\/wp-content\/uploads\/2025\/01\/songte-cylinder-head-with-all-kinds-excavator-models.webp\"><\/p>\n<h2>Tesnenie a mazanie<\/h2>\n<p>Pre \u00fa\u010dinn\u00e9 utesnenie a mazanie vyu\u017e\u00edva ramenn\u00fd valec r\u00f4zne tesniace komponenty, ako s\u00fa tesnenia piestov a tesnenia ty\u010d\u00ed vyroben\u00e9 z materi\u00e1lov odoln\u00fdch vo\u010di opotrebovaniu, ako je polyuret\u00e1n a nitrilov\u00fd kau\u010duk. Teleso valca a z\u00e1vitov\u00e9 koncov\u00e9 plochy prech\u00e1dzaj\u00fa jemn\u00fdm opracovan\u00edm, aby sa zlep\u0161ila odolnos\u0165 vo\u010di opotrebovaniu. Pre spr\u00e1vne mazanie je potrebn\u00e9 pravideln\u00e9 dop\u013a\u0148anie hydraulick\u00e9ho oleja.<\/p>\n<h2>Pravideln\u00e1 kontrola a prevent\u00edvna \u00fadr\u017eba<\/h2>\n<p>Pre zabezpe\u010denie optim\u00e1lneho v\u00fdkonu a dlhej \u017eivotnosti by sa mali vykon\u00e1va\u0165 pravideln\u00e9 kontroly a prevent\u00edvna \u00fadr\u017eba:<\/p>\n<ol>\n<li>Skontrolujte valec ramena, \u010di nevykazuje zn\u00e1mky opotrebovania, \u00faniku alebo po\u0161kodenia.<\/li>\n<li>Kontrolujte a udr\u017eiavajte spr\u00e1vnu hladinu hydraulick\u00e9ho oleja.<\/li>\n<li>Pravidelne kontrolujte a \u010distite tesniace komponenty.<\/li>\n<li>Uistite sa, \u017ee v\u0161etky pripojenia a armat\u00fary s\u00fa bezpe\u010dn\u00e9.<\/li>\n<li>Dodr\u017eiavajte pokyny v\u00fdrobcu t\u00fdkaj\u00face sa intervalov a postupov \u00fadr\u017eby.<\/li>\n<\/ol>\n<h2>In\u0161tala\u010dn\u00e1 pr\u00edru\u010dka<\/h2>\n<p>Spr\u00e1vna in\u0161tal\u00e1cia valca ramena je k\u013e\u00fa\u010dov\u00e1 pre jeho funk\u010dnos\u0165 a bezpe\u010dnos\u0165. Postupujte pod\u013ea t\u00fdchto krokov:<\/p>\n<ol>\n<li>Pripravte si miesto na mont\u00e1\u017e a uistite sa, \u017ee je \u010dist\u00e9 a bez ak\u00fdchko\u013evek ne\u010dist\u00f4t.<\/li>\n<li>Umiestnite valec ramena na ur\u010den\u00e9 miesto a zarovnajte ho s mont\u00e1\u017enymi otvormi.<\/li>\n<li>Valec bezpe\u010dne upevnite pomocou vhodn\u00fdch skrutiek a hardv\u00e9ru.<\/li>\n<li>Pripojte hydraulick\u00e9 hadice pod\u013ea pokynov v\u00fdrobcu.<\/li>\n<li>Otestujte \u010dinnos\u0165 valca, aby ste sa uistili o jeho spr\u00e1vnej funkcii.<\/li>\n<\/ol>\n<p><img decoding=\"async\" src=\"https:\/\/www.hydraulic-cylinders.net\/wp-content\/uploads\/2025\/01\/songte-bushings-with-all-kinds-of-excavator-models.webp\"><\/p>\n<h2>Bezpe\u010dnostn\u00e9 aspekty a faktory prostredia<\/h2>\n<p>Pri pou\u017e\u00edvan\u00ed valca s ramenom je nevyhnutn\u00e9 uprednostni\u0165 bezpe\u010dnostn\u00e9 opatrenia. Implement\u00e1cia vhodn\u00fdch bezpe\u010dnostn\u00fdch opatren\u00ed a dodr\u017eiavanie priemyseln\u00fdch noriem a smern\u00edc je k\u013e\u00fa\u010dov\u00e9 pre predch\u00e1dzanie nehod\u00e1m a zabezpe\u010denie pohody oper\u00e1torov a okolit\u00e9ho person\u00e1lu.<\/p>\n<h2>Rie\u0161enie probl\u00e9mov a be\u017en\u00e9 probl\u00e9my<\/h2>\n<p>Tu s\u00fa niektor\u00e9 be\u017en\u00e9 tipy na rie\u0161enie probl\u00e9mov a rie\u0161enia potenci\u00e1lnych probl\u00e9mov, ktor\u00e9 m\u00f4\u017eu vznikn\u00fa\u0165:<\/p>\n<ol>\n<li><b>Probl\u00e9m:<\/b> Pomal\u00fd pohyb alebo nedostatok energie vo valci ramena.<br \/>\n    <br \/><b>Rie\u0161enie:<\/b> Skontrolujte hladiny hydraulickej kvapaliny a uistite sa, \u017ee s\u00fa na odpor\u00fa\u010danej \u00farovni. Skontrolujte hydraulick\u00e9 \u010derpadlo, \u010di nevykazuje nejak\u00e9 poruchy alebo poruchy.<\/li>\n<li><b>Probl\u00e9m:<\/b> \u00danik vo valci ramena.<br \/>\n    <br \/><b>Rie\u0161enie:<\/b> Skontrolujte tesnenia a vyme\u0148te v\u0161etky po\u0161koden\u00e9 alebo opotrebovan\u00e9 tesnenia. Utiahnite v\u0161etky spoje a armat\u00fary.<\/li>\n<li><b>Probl\u00e9m:<\/b> Nadmern\u00fd hluk po\u010das prev\u00e1dzky.<br \/>\n    <br \/><b>Rie\u0161enie:<\/b> Skontrolujte uvo\u013enen\u00e9 spoje alebo armat\u00fary. Skontrolujte valec, \u010di nevykazuje zn\u00e1mky po\u0161kodenia alebo nespr\u00e1vneho zarovnania.<\/li>\n<\/ol>\n<p>Zav\u00e1dzanie prevent\u00edvnych opatren\u00ed, ako je pravideln\u00e1 \u00fadr\u017eba, spr\u00e1vne mazanie a dodr\u017eiavanie pokynov v\u00fdrobcu, m\u00f4\u017ee pom\u00f4c\u0165 minimalizova\u0165 potenci\u00e1lne probl\u00e9my.<\/p>\n<p><img decoding=\"async\" src=\"https:\/\/www.hydraulic-cylinders.net\/wp-content\/uploads\/2025\/01\/songte-chushion-collar.webp\"><\/p>\n<p>Nezabudnite \u010dl\u00e1nok logicky usporiada\u0165, pre jednoduch\u0161iu navig\u00e1ciu pou\u017e\u00edva\u0165 podnadpisy, pre lep\u0161ie pochopenie zahrn\u00fa\u0165 relevantn\u00e9 obr\u00e1zky alebo grafy a zabezpe\u010di\u0165, aby bol obsah jasn\u00fd, stru\u010dn\u00fd a vhodn\u00fd pre \u010ditate\u013eov s r\u00f4znymi \u00farov\u0148ami technick\u00fdch znalost\u00ed.<\/p>\n<h2>O n\u00e1s<\/h2>\n<p>Sme profesion\u00e1lny v\u00fdrobca n\u00e1hradn\u00fdch hydraulick\u00fdch valcov so \u0161irokou \u0161k\u00e1lou produktov. Stali sme sa jedn\u00fdm z popredn\u00fdch v\u00fdrobcov a ve\u013ekoobchodn\u00fdch distrib\u00fatorov hydraulick\u00fdch valcov na dom\u00e1com aj medzin\u00e1rodnom trhu. N\u00e1\u0161 z\u00e1v\u00e4zok k excelentnosti v kvalite je potvrden\u00fd na\u0161imi prec\u00edzne vyladen\u00fdmi v\u00fdrobn\u00fdmi diel\u0148ami, industrializovan\u00fdmi strat\u00e9giami riadenia v\u00fdroby a neust\u00e1lym zlep\u0161ovan\u00edm technol\u00f3gi\u00ed a efekt\u00edvnosti v\u00fdroby. Zav\u00e1dzan\u00edm \u0161pi\u010dkov\u00fdch digit\u00e1lnych v\u00fdrobn\u00fdch zariaden\u00ed a profesion\u00e1lnych testovac\u00edch syst\u00e9mov optimalizujeme na\u0161u v\u00fdrobn\u00fa platformu a zlep\u0161ujeme procesy kontroly kvality na\u0161ich v\u00fdrobkov, \u010do n\u00e1m umo\u017e\u0148uje poskytova\u0165 inovat\u00edvne rie\u0161enia. Na\u0161\u00edm cie\u013eom je uspokoji\u0165 rozmanit\u00e9 potreby z\u00e1kazn\u00edkov so z\u00e1sadami efekt\u00edvnosti, presnosti a vysokej kvality.<\/p>\n<p><img decoding=\"async\" src=\"https:\/\/www.hydraulic-cylinders.net\/wp-content\/uploads\/2025\/01\/songte-company-4.webp\"><br \/>\n<img decoding=\"async\" src=\"https:\/\/www.hydraulic-cylinders.net\/wp-content\/uploads\/2025\/01\/songte-company-3.webp\"><\/p>\n<p><em>Autor: lyl<\/em><\/p>","protected":false},"excerpt":{"rendered":"<p>Arm Cylinder For Sunward Small Excavator SWE90E Introduction The Arm Cylinder is a specially designed hydraulic cylinder that provides linear motion and power to the arm of various machinery, such as excavators, cranes, and mechanical arms. It plays a key role in hydraulic systems, allowing for effective movement and control of additional tools or attachments. [&hellip;]<\/p>","protected":false},"featured_media":14766,"comment_status":"open","ping_status":"closed","template":"","meta":{"_et_pb_use_builder":"","_et_pb_old_content":"","_et_gb_content_width":""},"product_brand":[],"product_cat":[1497],"product_tag":[1498,1496],"class_list":{"0":"post-16442","1":"product","2":"type-product","3":"status-publish","4":"has-post-thumbnail","6":"product_cat-arm-cylinders","7":"product_tag-arm-cylinders","8":"product_tag-hydraulic-cylinders","10":"first","11":"instock","12":"shipping-taxable","13":"product-type-simple"},"amp_enabled":true,"_links":{"self":[{"href":"https:\/\/www.hydraulic-cylinders.net\/sk\/wp-json\/wp\/v2\/product\/16442","targetHints":{"allow":["GET"]}}],"collection":[{"href":"https:\/\/www.hydraulic-cylinders.net\/sk\/wp-json\/wp\/v2\/product"}],"about":[{"href":"https:\/\/www.hydraulic-cylinders.net\/sk\/wp-json\/wp\/v2\/types\/product"}],"replies":[{"embeddable":true,"href":"https:\/\/www.hydraulic-cylinders.net\/sk\/wp-json\/wp\/v2\/comments?post=16442"}],"wp:featuredmedia":[{"embeddable":true,"href":"https:\/\/www.hydraulic-cylinders.net\/sk\/wp-json\/wp\/v2\/media\/14766"}],"wp:attachment":[{"href":"https:\/\/www.hydraulic-cylinders.net\/sk\/wp-json\/wp\/v2\/media?parent=16442"}],"wp:term":[{"taxonomy":"product_brand","embeddable":true,"href":"https:\/\/www.hydraulic-cylinders.net\/sk\/wp-json\/wp\/v2\/product_brand?post=16442"},{"taxonomy":"product_cat","embeddable":true,"href":"https:\/\/www.hydraulic-cylinders.net\/sk\/wp-json\/wp\/v2\/product_cat?post=16442"},{"taxonomy":"product_tag","embeddable":true,"href":"https:\/\/www.hydraulic-cylinders.net\/sk\/wp-json\/wp\/v2\/product_tag?post=16442"}],"curies":[{"name":"pracovn\u00fd list","href":"https:\/\/api.w.org\/{rel}","templated":true}]}}