{"id":16453,"date":"2025-01-21T05:26:23","date_gmt":"2025-01-21T05:26:23","guid":{"rendered":"https:\/\/www.hydraulic-cylinders.net\/product\/arm-cylinder-for-sunward-middle-excavator-swe260elr\/"},"modified":"2025-01-21T05:26:25","modified_gmt":"2025-01-21T05:26:25","slug":"arm-cylinder-for-sunward-middle-excavator-swe260elr","status":"publish","type":"product","link":"https:\/\/www.hydraulic-cylinders.net\/sk\/produkt\/arm-cylinder-for-sunward-middle-excavator-swe260elr\/","title":{"rendered":"Valec ramena pre stredn\u00fd bager Sunward SWE260ELR"},"content":{"rendered":"<h1>Valec ramena pre stredn\u00fd bager Sunward SWE260ELR<\/h1>\n<h2>Defin\u00edcia a vysvetlenie<\/h2>\n<p>Hydraulick\u00fd valec ramena je \u0161peci\u00e1lne navrhnut\u00fd hydraulick\u00fd valec, ktor\u00fd sa pou\u017e\u00edva hlavne na zabezpe\u010denie line\u00e1rneho pohybu a v\u00fdkonu ramien r\u00f4znych typov strojov, ako s\u00fa r\u00fdpadl\u00e1, \u017eeriavy a mechanick\u00e9 ramen\u00e1. Valec ramena hr\u00e1 k\u013e\u00fa\u010dov\u00fa \u00falohu v hydraulickom syst\u00e9me, preto\u017ee umo\u017e\u0148uje efekt\u00edvny pohyb a ovl\u00e1danie dodato\u010dn\u00fdch n\u00e1strojov alebo pr\u00edslu\u0161enstva. Tieto valce nielen umo\u017e\u0148uj\u00fa plynul\u00fd pohyb, ale tie\u017e odol\u00e1vaj\u00fa \u0165a\u017ek\u00fdm za\u0165a\u017eeniam, \u010d\u00edm zabezpe\u010duj\u00fa efekt\u00edvnu prev\u00e1dzku a spo\u013eahlivos\u0165 strojov za r\u00f4znych prev\u00e1dzkov\u00fdch podmienok.<\/p>\n<p><img decoding=\"async\" src=\"https:\/\/www.hydraulic-cylinders.net\/wp-content\/uploads\/2025\/01\/songte-company-2.webp\"><\/p>\n<h2>Funkcie<\/h2>\n<ul>\n<li>Vysoko\u00fa\u010dinn\u00fd prevod: Valec ramena dok\u00e1\u017ee zabezpe\u010di\u0165 siln\u00fd line\u00e1rny pohyb a silu, \u010d\u00edm zabezpe\u010duje vysoko\u00fa\u010dinn\u00fd v\u00fdkon mechanick\u00e9ho ramena pri r\u00f4znych oper\u00e1ci\u00e1ch.<\/li>\n<li>Presn\u00e9 ovl\u00e1danie: Prostredn\u00edctvom hydraulick\u00e9ho syst\u00e9mu dok\u00e1\u017ee valec ramena dosiahnu\u0165 presn\u00e9 ovl\u00e1danie pohybu, v\u010faka \u010domu je ovl\u00e1danie \u010fal\u0161\u00edch n\u00e1strojov flexibilnej\u0161ie a presnej\u0161ie.<\/li>\n<li>Vysok\u00e1 odolnos\u0165: Valec ramena je zvy\u010dajne vyroben\u00fd z vysoko pevn\u00fdch materi\u00e1lov, ktor\u00e9 maj\u00fa dobr\u00fa odolnos\u0165 vo\u010di opotrebovaniu a kor\u00f3zii a s\u00fa vhodn\u00e9 na dlhodob\u00e9 pou\u017e\u00edvanie v n\u00e1ro\u010dn\u00fdch podmienkach.<\/li>\n<li>Multifunk\u010dn\u00e1 prisp\u00f4sobivos\u0165: Tieto valce sa daj\u00fa \u0161iroko pou\u017e\u00edva\u0165 v r\u00f4znych mechanick\u00fdch zariadeniach, ako s\u00fa bagre, \u017eeriavy a mechanick\u00e9 ramen\u00e1, aby sp\u013a\u0148ali r\u00f4zne pracovn\u00e9 po\u017eiadavky.<\/li>\n<li>Jednoduch\u00e1 \u00fadr\u017eba: Navrhnut\u00e9 pre jednoduch\u00fa \u00fadr\u017ebu a v\u00fdmenu, pravideln\u00e1 kontrola a \u00fadr\u017eba s\u00fa pohodlnej\u0161ie, \u010d\u00edm sa skracuj\u00fa prestoje zariadenia.<\/li>\n<\/ul>\n<p><img decoding=\"async\" src=\"https:\/\/www.hydraulic-cylinders.net\/wp-content\/uploads\/2025\/01\/songte-oil-pipes-and-spare-parts.webp\"><\/p>\n<h2>Aplik\u00e1cie<\/h2>\n<p>Valec ramena m\u00e1 \u0161irok\u00e9 uplatnenie v r\u00f4znych odvetviach:<\/p>\n<ul>\n<li>Stavebn\u00e9 in\u017einierstvo: V bagroch a \u017eeriavoch sa valec ramena pou\u017e\u00edva na ovl\u00e1danie pohybu vedra alebo v\u00fdlo\u017en\u00edka pri zemn\u00fdch pr\u00e1cach, manipul\u00e1cii s materi\u00e1lom a mont\u00e1\u017ei kon\u0161trukci\u00ed.<\/li>\n<li>V\u00fdroba: V automatizovan\u00fdch v\u00fdrobn\u00fdch link\u00e1ch sa valec ramena pou\u017e\u00edva na pohyb mechanick\u00fdch ramien, ako je mont\u00e1\u017e, zv\u00e1ranie a manipul\u00e1cia, \u010d\u00edm sa zlep\u0161uje efektivita a presnos\u0165 v\u00fdroby.<\/li>\n<li>Po\u013enohospod\u00e1rske stroje: V po\u013enohospod\u00e1rskych strojoch, ako s\u00fa zbera\u010de a seja\u010dky, riadi valec ramena pohyb ovl\u00e1dacieho ramena a vykon\u00e1va \u00falohy, ako je sadenie, hnojenie a zber \u00farody.<\/li>\n<li>\u0164a\u017eba: V bansk\u00fdch zariadeniach sa valec ramena pou\u017e\u00edva na ovl\u00e1danie pohybu ramena bansk\u00e9ho zariadenia a vykon\u00e1vanie \u00faloh, ako je \u0165a\u017eba a preprava nerastov.<\/li>\n<li>Logistika a doprava: Vo vysokozdvi\u017en\u00fdch voz\u00edkoch a manipula\u010dn\u00fdch robotoch sa valec ramena pou\u017e\u00edva na ovl\u00e1danie zdv\u00edhania a pohybu vidlice na prepravu a stohovanie materi\u00e1lov.<\/li>\n<\/ul>\n<h2>\u00davahy o dizajne a krit\u00e9ri\u00e1 v\u00fdberu<\/h2>\n<p>Z h\u013eadiska kon\u0161truk\u010dn\u00fdch aspektov s\u00fa k\u013e\u00fa\u010dov\u00fdmi faktormi nosnos\u0165, tesnenie, trvanlivos\u0165, bezpe\u010dnos\u0165 a \u00fadr\u017eba valca ramena. Medzi k\u013e\u00fa\u010dov\u00e9 body, ktor\u00e9 treba zv\u00e1\u017ei\u0165, patria:<\/p>\n<ul>\n<li>Nosnos\u0165: Valec ramena mus\u00ed by\u0165 schopn\u00fd odola\u0165 \u0165a\u017ek\u00fdm za\u0165a\u017eeniam a zabezpe\u010di\u0165 stabiln\u00fd line\u00e1rny pohyb pre efekt\u00edvnu prev\u00e1dzku.<\/li>\n<li>Tesnenie: Pou\u017eitie r\u00f4znych tesnen\u00ed, ako s\u00fa tesnenia piestov a tesnenia ty\u010d\u00ed, vyroben\u00fdch z materi\u00e1lov odoln\u00fdch vo\u010di opotrebovaniu, ako je polyuret\u00e1n a nitrilov\u00fd kau\u010duk, zais\u0165uje \u00fa\u010dinn\u00e9 utesnenie, ktor\u00e9 zabra\u0148uje \u00faniku a predl\u017euje \u017eivotnos\u0165 valca.<\/li>\n<li>Trvanlivos\u0165: Teleso valca a z\u00e1vitov\u00fd koniec by mali by\u0165 jemne opracovan\u00e9, aby sa zlep\u0161ila odolnos\u0165 vo\u010di opotrebovaniu.<\/li>\n<li>Bezpe\u010dnos\u0165: Valec ramena by mal by\u0165 navrhnut\u00fd s bezpe\u010dnostn\u00fdmi prvkami, ako s\u00fa napr\u00edklad pretlakov\u00e9 ventily, aby sa predi\u0161lo nehod\u00e1m.<\/li>\n<li>\u00dadr\u017eba: Treba zv\u00e1\u017ei\u0165 jednoduch\u00fa \u00fadr\u017ebu a v\u00fdmenu, \u010d\u00edm sa skr\u00e1ti prestoj zariadenia.<\/li>\n<\/ul>\n<p><img decoding=\"async\" src=\"https:\/\/www.hydraulic-cylinders.net\/wp-content\/uploads\/2025\/01\/songte-cylinder-head-with-all-kinds-excavator-models.webp\"><\/p>\n<h2>Tesnenie a mazanie<\/h2>\n<p>Valec ramena pou\u017e\u00edva r\u00f4zne tesniace komponenty, ako s\u00fa tesnenia piestov a tesnenia ty\u010d\u00ed, vyroben\u00e9 z materi\u00e1lov odoln\u00fdch vo\u010di opotrebovaniu, ako je polyuret\u00e1n a nitrilov\u00fd kau\u010duk, aby sa zabezpe\u010dilo \u00fa\u010dinn\u00e9 utesnenie, zabr\u00e1nilo sa \u00faniku a pred\u013a\u017eila sa \u017eivotnos\u0165 valca. Teleso valca a z\u00e1vitov\u00fd koniec s\u00fa jemne opracovan\u00e9, aby sa zlep\u0161ila odolnos\u0165 proti opotrebovaniu. Pravideln\u00e9 dop\u013a\u0148anie vhodn\u00e9ho mno\u017estva hydraulick\u00e9ho oleja je nevyhnutn\u00e9 pre mazanie.<\/p>\n<p><img decoding=\"async\" src=\"https:\/\/www.hydraulic-cylinders.net\/wp-content\/uploads\/2025\/01\/songte-chushion-collar.webp\"><\/p>\n<h2>Pravideln\u00e1 kontrola a opatrenia prevent\u00edvnej \u00fadr\u017eby<\/h2>\n<p>Pravideln\u00e1 kontrola a prevent\u00edvna \u00fadr\u017eba s\u00fa k\u013e\u00fa\u010dov\u00e9 pre spr\u00e1vne fungovanie valca ramena. Niektor\u00e9 opatrenia, ktor\u00e9 treba zv\u00e1\u017ei\u0165, s\u00fa:<\/p>\n<ul>\n<li>Pravidelne kontrolujte zn\u00e1mky opotrebovania, \u00faniku a po\u0161kodenia valca a po\u0161koden\u00e9 diely ihne\u010f vyme\u0148te.<\/li>\n<li>Pravidelne dop\u013a\u0148ajte hydraulick\u00fd olej, aby ste zabezpe\u010dili spr\u00e1vne mazanie.<\/li>\n<li>Venujte pozornos\u0165 prev\u00e1dzkov\u00e9mu stavu hydraulick\u00e9ho syst\u00e9mu a pravidelne \u010distite alebo vymie\u0148ajte zne\u010disten\u00fd hydraulick\u00fd olej a filtre.<\/li>\n<\/ul>\n<h2>In\u0161tala\u010dn\u00e1 pr\u00edru\u010dka<\/h2>\n<p>Pri in\u0161tal\u00e1cii valca ramena je nevyhnutn\u00e9:<\/p>\n<ul>\n<li>Uistite sa, \u017ee mont\u00e1\u017ena poloha je spr\u00e1vna a pripojenie je bezpe\u010dn\u00e9.<\/li>\n<li>Uistite sa, \u017ee pracovn\u00fd tlak hydraulick\u00e9ho syst\u00e9mu zodpoved\u00e1 menovit\u00e9mu tlaku valca.<\/li>\n<li>Uistite sa, \u017ee valec je rovnobe\u017en\u00fd s mechanick\u00fdm ramenom a \u017ee ty\u010d valca je kolm\u00e1 na bod ot\u00e1\u010dania mechanick\u00e9ho ramena.<\/li>\n<li>Pred pou\u017eit\u00edm vykonajte sk\u00fa\u0161ku bez z\u00e1\u0165a\u017ee, aby ste sa uistili, \u017ee valec funguje spr\u00e1vne.<\/li>\n<\/ul>\n<p><img decoding=\"async\" src=\"https:\/\/www.hydraulic-cylinders.net\/wp-content\/uploads\/2025\/01\/songte-bushings-with-all-kinds-of-excavator-models.webp\"><\/p>\n<h2>Bezpe\u010dnostn\u00e9 aspekty a faktory prostredia<\/h2>\n<p>Pri pou\u017e\u00edvan\u00ed valca ramena je nevyhnutn\u00e9 dodr\u017eiava\u0165 bezpe\u010dnostn\u00e9 pokyny, aby sa predi\u0161lo nehod\u00e1m alebo po\u0161kodeniu. Je d\u00f4le\u017eit\u00e9 zabezpe\u010di\u0165, aby menovit\u00fd tlak valca zodpovedal pracovn\u00e9mu tlaku hydraulick\u00e9ho syst\u00e9mu, a pou\u017ei\u0165 pretlakov\u00e9 ventily, aby sa zabr\u00e1nilo pre\u0165a\u017eeniu. Treba zv\u00e1\u017ei\u0165 aj faktory prostredia, ako je teplota a vlhkos\u0165, ktor\u00e9 m\u00f4\u017eu ovplyvni\u0165 v\u00fdkon valca.<\/p>\n<h2>Rie\u0161enie probl\u00e9mov a be\u017en\u00e9 probl\u00e9my<\/h2>\n<p>Medzi be\u017en\u00e9 probl\u00e9my, ktor\u00e9 sa m\u00f4\u017eu vyskytn\u00fa\u0165 s valcom ramena, patria:<\/p>\n<ul>\n<li>Porucha tesnenia alebo netesnos\u0165<\/li>\n<li>Nadmern\u00e9 opotrebovanie alebo po\u0161kodenie telesa valca alebo piestnej ty\u010de<\/li>\n<li>Nespr\u00e1vna in\u0161tal\u00e1cia alebo pripojenie<\/li>\n<li>Nespr\u00e1vne pou\u017eitie alebo pre\u0165a\u017eenie<\/li>\n<\/ul>\n<p>Na diagnostiku a rie\u0161enie t\u00fdchto probl\u00e9mov si pre\u0161tudujte n\u00e1vod na obsluhu produktu alebo sa obr\u00e1\u0165te na odborn\u00e9ho technika. Aby ste t\u00fdmto probl\u00e9mom predi\u0161li, je nevyhnutn\u00e9 dodr\u017eiava\u0165 pokyny na in\u0161tal\u00e1ciu a \u00fadr\u017ebu a pou\u017e\u00edva\u0165 f\u013ea\u0161u v r\u00e1mci jej menovit\u00e9ho objemu.<\/p>\n<p><img decoding=\"async\" src=\"https:\/\/www.hydraulic-cylinders.net\/wp-content\/uploads\/2025\/01\/songte-company-4.webp\"><br \/>\n<img decoding=\"async\" src=\"https:\/\/www.hydraulic-cylinders.net\/wp-content\/uploads\/2025\/01\/songte-company-3.webp\"><\/p>\n<h2>O n\u00e1s<\/h2>\n<p>Sme profesion\u00e1lny v\u00fdrobca n\u00e1hradn\u00fdch hydraulick\u00fdch valcov so \u0161irokou \u0161k\u00e1lou produktov a stali sme sa jedn\u00fdm z popredn\u00fdch v\u00fdrobcov a ve\u013ekoobchodn\u00fdch distrib\u00fatorov hydraulick\u00fdch valcov na dom\u00e1com aj medzin\u00e1rodnom trhu. V\u017edy dodr\u017eiavame z\u00e1sadu vynikaj\u00facej kvality, spoliehame sa na industrializovan\u00e9 strat\u00e9gie riadenia v\u00fdroby v prec\u00edzne spracovan\u00fdch diel\u0148ach a neust\u00e1le zlep\u0161ujeme na\u0161u technick\u00fa \u00farove\u0148 a efektivitu v\u00fdroby. Prostredn\u00edctvom zav\u00e1dzania \u0161pi\u010dkov\u00fdch digit\u00e1lnych v\u00fdrobn\u00fdch zariaden\u00ed a profesion\u00e1lnych testovac\u00edch syst\u00e9mov neust\u00e1le optimalizujeme na\u0161u v\u00fdrobn\u00fa platformu, zlep\u0161ujeme procesy kontroly kvality v\u00fdrobkov a m\u00e1me siln\u00e9 inovat\u00edvne schopnosti. Na\u0161\u00edm cie\u013eom je uspokojova\u0165 rozmanit\u00e9 potreby z\u00e1kazn\u00edkov s vysokou efektivitou, presnos\u0165ou a kvalitou.<\/p>\n<p>Pon\u00fakame profesion\u00e1lne, medzin\u00e1rodne certifikovan\u00e9, prisp\u00f4soben\u00e9 slu\u017eby, modern\u00e9 v\u00fdrobn\u00e9 zariadenia a vynikaj\u00faci popredajn\u00fd servis, aby sme zabezpe\u010dili spokojnos\u0165 z\u00e1kazn\u00edkov.<\/p>\n<p>Autor: lyl.<\/p>","protected":false},"excerpt":{"rendered":"<p>Arm Cylinder For Sunward Middle Excavator SWE260ELR Definition and Explanation The arm cylinder is a specially designed hydraulic cylinder that is mainly used to provide linear motion and power to the arms of various types of machinery, such as excavators, cranes, and mechanical arms. The arm cylinder plays a critical role in the hydraulic system, [&hellip;]<\/p>","protected":false},"featured_media":14766,"comment_status":"open","ping_status":"closed","template":"","meta":{"_et_pb_use_builder":"","_et_pb_old_content":"","_et_gb_content_width":""},"product_brand":[],"product_cat":[1497],"product_tag":[1498,1496],"class_list":{"0":"post-16453","1":"product","2":"type-product","3":"status-publish","4":"has-post-thumbnail","6":"product_cat-arm-cylinders","7":"product_tag-arm-cylinders","8":"product_tag-hydraulic-cylinders","10":"first","11":"instock","12":"shipping-taxable","13":"product-type-simple"},"amp_enabled":true,"_links":{"self":[{"href":"https:\/\/www.hydraulic-cylinders.net\/sk\/wp-json\/wp\/v2\/product\/16453","targetHints":{"allow":["GET"]}}],"collection":[{"href":"https:\/\/www.hydraulic-cylinders.net\/sk\/wp-json\/wp\/v2\/product"}],"about":[{"href":"https:\/\/www.hydraulic-cylinders.net\/sk\/wp-json\/wp\/v2\/types\/product"}],"replies":[{"embeddable":true,"href":"https:\/\/www.hydraulic-cylinders.net\/sk\/wp-json\/wp\/v2\/comments?post=16453"}],"wp:featuredmedia":[{"embeddable":true,"href":"https:\/\/www.hydraulic-cylinders.net\/sk\/wp-json\/wp\/v2\/media\/14766"}],"wp:attachment":[{"href":"https:\/\/www.hydraulic-cylinders.net\/sk\/wp-json\/wp\/v2\/media?parent=16453"}],"wp:term":[{"taxonomy":"product_brand","embeddable":true,"href":"https:\/\/www.hydraulic-cylinders.net\/sk\/wp-json\/wp\/v2\/product_brand?post=16453"},{"taxonomy":"product_cat","embeddable":true,"href":"https:\/\/www.hydraulic-cylinders.net\/sk\/wp-json\/wp\/v2\/product_cat?post=16453"},{"taxonomy":"product_tag","embeddable":true,"href":"https:\/\/www.hydraulic-cylinders.net\/sk\/wp-json\/wp\/v2\/product_tag?post=16453"}],"curies":[{"name":"pracovn\u00fd list","href":"https:\/\/api.w.org\/{rel}","templated":true}]}}