{"id":16454,"date":"2025-01-21T05:26:27","date_gmt":"2025-01-21T05:26:27","guid":{"rendered":"https:\/\/www.hydraulic-cylinders.net\/product\/arm-cylinder-for-sunward-large-excavator-swe365e\/"},"modified":"2025-01-21T05:26:29","modified_gmt":"2025-01-21T05:26:29","slug":"arm-cylinder-for-sunward-large-excavator-swe365e","status":"publish","type":"product","link":"https:\/\/www.hydraulic-cylinders.net\/sk\/produkt\/arm-cylinder-for-sunward-large-excavator-swe365e\/","title":{"rendered":"Valec ramena pre ve\u013ek\u00e9 r\u00fdpadlo Sunward SWE365E"},"content":{"rendered":"<h1>Valec ramena pre ve\u013ek\u00e9 r\u00fdpadlo Sunward SWE365E<\/h1>\n<h2>\u00davod<\/h2>\n<p>Hydraulick\u00fd valec ramena je \u0161peci\u00e1lne navrhnut\u00fd hydraulick\u00fd valec, ktor\u00fd poskytuje line\u00e1rny pohyb a v\u00fdkon ramenu r\u00f4znych strojov, ako s\u00fa r\u00fdpadl\u00e1, \u017eeriavy a mechanick\u00e9 ramen\u00e1. Zohr\u00e1va k\u013e\u00fa\u010dov\u00fa \u00falohu v hydraulick\u00fdch syst\u00e9moch, preto\u017ee umo\u017e\u0148uje efekt\u00edvny pohyb a ovl\u00e1danie \u010fal\u0161\u00edch n\u00e1strojov alebo pr\u00edslu\u0161enstva. Tieto valce nielen umo\u017e\u0148uj\u00fa plynul\u00fd pohyb, ale tie\u017e odol\u00e1vaj\u00fa \u0165a\u017ek\u00fdm za\u0165a\u017eeniam, \u010d\u00edm zabezpe\u010duj\u00fa efekt\u00edvnu prev\u00e1dzku a spo\u013eahlivos\u0165 strojov v r\u00f4znych pracovn\u00fdch podmienkach.<\/p>\n<p><img decoding=\"async\" src=\"https:\/\/www.hydraulic-cylinders.net\/wp-content\/uploads\/2025\/01\/songte-company-2.webp\" alt=\"Obr\u00e1zok valca ramena\"><\/p>\n<h2>Funkcie<\/h2>\n<ul>\n<li>Efekt\u00edvny prenos sily: Valec ramena poskytuje siln\u00fd line\u00e1rny pohyb a silu, \u010d\u00edm zais\u0165uje vysok\u00fd v\u00fdkon v r\u00f4znych oper\u00e1ci\u00e1ch.<\/li>\n<li>Presn\u00e9 ovl\u00e1danie: V\u010faka hydraulick\u00e9mu syst\u00e9mu umo\u017e\u0148uje valec ramena presn\u00e9 ovl\u00e1danie pohybu, v\u010faka \u010domu s\u00fa oper\u00e1cie s dodato\u010dn\u00fdmi n\u00e1strojmi flexibilnej\u0161ie a presnej\u0161ie.<\/li>\n<li>Trvanlivos\u0165: Valce ramien s\u00fa zvy\u010dajne vyroben\u00e9 z vysokopevnostn\u00fdch materi\u00e1lov, ktor\u00e9 pon\u00fakaj\u00fa vynikaj\u00facu odolnos\u0165 vo\u010di opotrebovaniu a kor\u00f3zii, v\u010faka \u010domu s\u00fa vhodn\u00e9 na dlhodob\u00e9 pou\u017e\u00edvanie v n\u00e1ro\u010dn\u00fdch podmienkach.<\/li>\n<li>Multifunk\u010dn\u00e1 prisp\u00f4sobivos\u0165: Tieto valce s\u00fa \u0161iroko pou\u017eite\u013en\u00e9 v r\u00f4znych strojoch, ako s\u00fa bagre, \u017eeriavy a mechanick\u00e9 ramen\u00e1, a prisp\u00f4sobuj\u00fa sa r\u00f4znym po\u017eiadavk\u00e1m pr\u00e1ce.<\/li>\n<li>Jednoduch\u00e1 \u00fadr\u017eba: S\u00fa navrhnut\u00e9 pre jednoduch\u00fa \u00fadr\u017ebu a v\u00fdmenu, umo\u017e\u0148uj\u00fa pravideln\u00fa kontrolu a \u00fadr\u017ebu, \u010d\u00edm sa skracuj\u00fa prestoje zariaden\u00ed.<\/li>\n<\/ul>\n<p><img decoding=\"async\" src=\"https:\/\/www.hydraulic-cylinders.net\/wp-content\/uploads\/2025\/01\/songte-oil-pipes-and-spare-parts.webp\" alt=\"Obr\u00e1zok produktu\"><\/p>\n<h2>Aplik\u00e1cie<\/h2>\n<p>Rameno s valcom nach\u00e1dza uplatnenie v r\u00f4znych odvetviach:<\/p>\n<ul>\n<li>Stavebn\u00e9 in\u017einierstvo: Pou\u017e\u00edva sa v bagroch a \u017eeriavoch na ovl\u00e1danie pohybu vedier alebo v\u00fdlo\u017en\u00edkov pri zemn\u00fdch pr\u00e1cach, manipul\u00e1cii s materi\u00e1lom a mont\u00e1\u017ei kon\u0161trukci\u00ed.<\/li>\n<li>V\u00fdroba: Pou\u017e\u00edva sa v automatizovan\u00fdch v\u00fdrobn\u00fdch link\u00e1ch na pohyb mechanick\u00fdch ramien, u\u013eah\u010duje mont\u00e1\u017ene, zv\u00e1racie a manipula\u010dn\u00e9 procesy, \u010d\u00edm sa zlep\u0161uje efektivita a presnos\u0165 v\u00fdroby.<\/li>\n<li>Po\u013enohospod\u00e1rske stroje: Pou\u017e\u00edvaj\u00fa sa v po\u013enohospod\u00e1rskych zariadeniach, ako s\u00fa zbera\u010de a seja\u010dky, na ovl\u00e1danie pohybu ovl\u00e1dac\u00edch ramien pri \u00faloh\u00e1ch, ako je siatie, hnojenie a zber \u00farody.<\/li>\n<li>\u0164a\u017eba: Pou\u017e\u00edva sa v bansk\u00fdch zariadeniach na ovl\u00e1danie pohybu ramena pri \u0165a\u017ebe a preprave rudy.<\/li>\n<li>Logistika a doprava: Pou\u017e\u00edva sa vo vysokozdvi\u017en\u00fdch voz\u00edkoch a manipula\u010dn\u00fdch robotoch na riadenie zdv\u00edhania a pohybu vidl\u00edc, \u010do umo\u017e\u0148uje manipul\u00e1ciu s materi\u00e1lom a stohovanie.<\/li>\n<\/ul>\n<h2>\u00davahy o dizajne a krit\u00e9ri\u00e1 v\u00fdberu<\/h2>\n<p>Pri navrhovan\u00ed a v\u00fdbere valcov ramena je k\u013e\u00fa\u010dov\u00fdch nieko\u013eko faktorov:<\/p>\n<ul>\n<li>Nosnos\u0165: Valce ramien by mali by\u0165 schopn\u00e9 zvl\u00e1dnu\u0165 po\u017eadovan\u00e9 za\u0165a\u017eenie bez kompromisov v oblasti v\u00fdkonu a bezpe\u010dnosti.<\/li>\n<li>Tesnenie: Pre optim\u00e1lny v\u00fdkon sa pou\u017e\u00edvaj\u00fa r\u00f4zne tesniace komponenty, ako s\u00fa tesnenia piestov a ty\u010d\u00ed, vyroben\u00e9 z materi\u00e1lov odoln\u00fdch vo\u010di opotrebovaniu, ako je polyuret\u00e1n a nitrilov\u00fd kau\u010duk.<\/li>\n<li>Trvanlivos\u0165: Teleso valca a z\u00e1vitov\u00e9 konce prech\u00e1dzaj\u00fa d\u00f4kladnou povrchovou \u00fapravou pre zv\u00fd\u0161enie odolnosti vo\u010di opotrebovaniu.<\/li>\n<li>Bezpe\u010dnos\u0165: Projekty by mali zah\u0155\u0148a\u0165 bezpe\u010dnostn\u00e9 opatrenia na predch\u00e1dzanie nehod\u00e1m a zabezpe\u010denie bezpe\u010dnej prev\u00e1dzky.<\/li>\n<li>\u00dadr\u017eba: Jednoduch\u00fd pr\u00edstup ku komponentom a \u0161tandardizovan\u00e9 postupy \u00fadr\u017eby minimalizuj\u00fa prestoje.<\/li>\n<\/ul>\n<p><img decoding=\"async\" src=\"https:\/\/www.hydraulic-cylinders.net\/wp-content\/uploads\/2025\/01\/songte-cylinder-head-with-all-kinds-excavator-models.webp\" alt=\"Obr\u00e1zok produktu\"><\/p>\n<h2>Tesnenie a mazanie<\/h2>\n<p>Vo valcoch ramena sa pou\u017e\u00edva kombin\u00e1cia r\u00f4znych tesniacich komponentov vr\u00e1tane tesnen\u00ed piestov, tesnen\u00ed ty\u010d\u00ed at\u010f. Tieto tesnenia s\u00fa vyroben\u00e9 z materi\u00e1lov odoln\u00fdch vo\u010di opotrebovaniu, ako je polyuret\u00e1n a nitrilov\u00fd kau\u010duk. Teleso valca a z\u00e1vitov\u00e9 konce prech\u00e1dzaj\u00fa jemn\u00fdm spracovan\u00edm, \u010do zvy\u0161uje odolnos\u0165 vo\u010di opotrebovaniu. Pravideln\u00e9 mazanie je nevyhnutn\u00e9 pre spr\u00e1vnu funkciu a vy\u017eaduje si pridanie dostato\u010dn\u00e9ho mno\u017estva hydraulick\u00e9ho oleja.<\/p>\n<h2>Pravideln\u00e1 kontrola a prevent\u00edvna \u00fadr\u017eba<\/h2>\n<ul>\n<li>Vykon\u00e1vajte pravideln\u00e9 kontroly, aby ste identifikovali ak\u00e9ko\u013evek zn\u00e1mky po\u0161kodenia, \u00faniku alebo opotrebenia.<\/li>\n<li>Vykon\u00e1vajte prevent\u00edvnu \u00fadr\u017ebu, aby ste zabezpe\u010dili optim\u00e1lny v\u00fdkon a pred\u013a\u017eili \u017eivotnos\u0165 valca ramena.<\/li>\n<li>Pravidelne kontrolujte a vymie\u0148ajte tesnenia, aby ste zaistili spr\u00e1vne utesnenie a zabr\u00e1nili \u00faniku kvapaliny.<\/li>\n<li>Udr\u017eujte valec \u010dist\u00fd a bez ne\u010dist\u00f4t, ktor\u00e9 by mohli ovplyvni\u0165 jeho v\u00fdkon.<\/li>\n<li>Dodr\u017eiavajte pokyny v\u00fdrobcu t\u00fdkaj\u00face sa intervalov \u00fadr\u017eby, mazania a v\u00fdmeny komponentov.<\/li>\n<\/ul>\n<h2>Pokyny na in\u0161tal\u00e1ciu produktu<\/h2>\n<p>Spr\u00e1vna in\u0161tal\u00e1cia valca ramena je nevyhnutn\u00e1 pre optim\u00e1lny v\u00fdkon:<\/p>\n<ul>\n<li>Uistite sa, \u017ee valec je spr\u00e1vne zarovnan\u00fd a bezpe\u010dne upevnen\u00fd.<\/li>\n<li>Dodr\u017eujte pokyny v\u00fdrobcu t\u00fdkaj\u00face sa hodn\u00f4t kr\u00fatiaceho momentu a postupov u\u0165ahovania.<\/li>\n<li>Po\u010das in\u0161tal\u00e1cie pou\u017e\u00edvajte vhodn\u00e9 n\u00e1stroje a vybavenie.<\/li>\n<li>Po in\u0161tal\u00e1cii skontrolujte, \u010di nie s\u00fa po\u010du\u0165 nejak\u00e9 netesnosti alebo abnorm\u00e1lne zvuky, a vykonajte potrebn\u00e9 \u00fapravy.<\/li>\n<\/ul>\n<p><img decoding=\"async\" src=\"https:\/\/www.hydraulic-cylinders.net\/wp-content\/uploads\/2025\/01\/songte-bushings-with-all-kinds-of-excavator-models.webp\" alt=\"Obr\u00e1zok produktu\"><\/p>\n<h2>Bezpe\u010dnostn\u00e9 aspekty a faktory prostredia<\/h2>\n<p>Pri pou\u017e\u00edvan\u00ed valcov s ramenom s\u00fa bezpe\u010dnostn\u00e9 opatrenia nevyhnutn\u00e9 na predch\u00e1dzanie nehod\u00e1m a zabezpe\u010denie pohody obsluhy. Nevyhnutn\u00e9 je riadne za\u0161kolenie a dodr\u017eiavanie bezpe\u010dnostn\u00fdch protokolov. Na zabezpe\u010denie optim\u00e1lneho v\u00fdkonu a dlhej \u017eivotnosti by sa mali zv\u00e1\u017ei\u0165 aj faktory prostredia, ako je teplota a vlhkos\u0165.<\/p>\n<h2>Diagnostika por\u00fach a be\u017en\u00e9 probl\u00e9my<\/h2>\n<p>Medzi be\u017en\u00e9 probl\u00e9my, ktor\u00e9 sa m\u00f4\u017eu vyskytn\u00fa\u0165 s valcami ramena, patr\u00ed \u00fanik kvapaliny, nedostato\u010dn\u00fd v\u00fdkon, abnorm\u00e1lne zvuky a nepravideln\u00e9 pohyby. Diagnostika a rie\u0161enie t\u00fdchto probl\u00e9mov:<\/p>\n<ul>\n<li>Skontrolujte, \u010di nedoch\u00e1dza k \u00fanikom kvapaliny alebo k po\u0161kodeniu tesnen\u00ed, a v pr\u00edpade potreby ich vyme\u0148te.<\/li>\n<li>Skontrolujte hydraulick\u00fd syst\u00e9m, \u010di m\u00e1 spr\u00e1vnu hladinu a tlak kvapal\u00edn.<\/li>\n<li>Skontrolujte valec, \u010di nevykazuje zn\u00e1mky opotrebovania alebo po\u0161kodenia, a vyme\u0148te opotrebovan\u00e9 komponenty.<\/li>\n<li>Uistite sa, \u017ee v\u0161etky spoje a armat\u00fary s\u00fa pevn\u00e9 a bezpe\u010dn\u00e9.<\/li>\n<\/ul>\n<p>Prevent\u00edvne opatrenia m\u00f4\u017eu pom\u00f4c\u0165 minimalizova\u0165 potenci\u00e1lne probl\u00e9my:<\/p>\n<ul>\n<li>Pravidelne kontrolujte a udr\u017eiavajte valec ramena.<\/li>\n<li>Dodr\u017eiavajte spr\u00e1vne pokyny pre in\u0161tal\u00e1ciu a \u00fadr\u017ebu.<\/li>\n<li>Dodr\u017eiavajte odpor\u00fa\u010dan\u00e9 prev\u00e1dzkov\u00e9 parametre a vyh\u00fdbajte sa pre\u0165a\u017eeniu.<\/li>\n<li>Zabezpe\u010dte spr\u00e1vne mazanie a pou\u017e\u00edvanie kompatibiln\u00fdch hydraulick\u00fdch kvapal\u00edn.<\/li>\n<\/ul>\n<p><img decoding=\"async\" src=\"https:\/\/www.hydraulic-cylinders.net\/wp-content\/uploads\/2025\/01\/songte-chushion-collar.webp\" alt=\"Obr\u00e1zok produktu\"><\/p>\n<h2>O n\u00e1s<\/h2>\n<p>Sme profesion\u00e1lny v\u00fdrobca n\u00e1hradn\u00fdch hydraulick\u00fdch valcov a pon\u00fakame \u0161irok\u00fd sortiment produktov. Stali sme sa jedn\u00fdm z popredn\u00fdch v\u00fdrobcov a ve\u013ekoobchodn\u00fdch distrib\u00fatorov hydraulick\u00fdch valcov na dom\u00e1com aj medzin\u00e1rodnom trhu. N\u00e1\u0161 z\u00e1v\u00e4zok k vynikaj\u00facej kvalite je zrejm\u00fd z na\u0161ich prec\u00edzne riaden\u00fdch v\u00fdrobn\u00fdch procesov v modern\u00fdch v\u00fdrobn\u00fdch diel\u0148ach, pri\u010dom neust\u00e1le zlep\u0161ujeme na\u0161e technologick\u00e9 mo\u017enosti a efektivitu v\u00fdroby.<\/p>\n<p>Zaveden\u00edm pokro\u010dil\u00fdch digit\u00e1lnych v\u00fdrobn\u00fdch zariaden\u00ed a profesion\u00e1lnych testovac\u00edch syst\u00e9mov optimalizujeme na\u0161u v\u00fdrobn\u00fa platformu a zlep\u0161ujeme procesy kontroly kvality v\u00fdrobkov, \u010d\u00edm preukazujeme siln\u00e9 inova\u010dn\u00e9 schopnosti. Na\u0161\u00edm cie\u013eom je uspokoji\u0165 rozmanit\u00e9 potreby na\u0161ich z\u00e1kazn\u00edkov s princ\u00edpmi efekt\u00edvnosti, presnosti a vysokej kvality.<\/p>\n<p><img decoding=\"async\" src=\"https:\/\/www.hydraulic-cylinders.net\/wp-content\/uploads\/2025\/01\/songte-company-4.webp\" alt=\"Obr\u00e1zok spolo\u010dnosti\"><br \/>\n<img decoding=\"async\" src=\"https:\/\/www.hydraulic-cylinders.net\/wp-content\/uploads\/2025\/01\/songte-company-3.webp\" alt=\"Obr\u00e1zok spolo\u010dnosti\"><\/p>\n<p>Autor: lyl<\/p>","protected":false},"excerpt":{"rendered":"<p>Arm Cylinder For Sunward Large Excavator SWE365E Introduction The arm cylinder is a specially designed hydraulic cylinder that provides linear motion and power to the arm of various machinery such as excavators, cranes, and mechanical arms. It plays a crucial role in hydraulic systems, allowing additional tools or attachments to move and be controlled effectively. [&hellip;]<\/p>","protected":false},"featured_media":14763,"comment_status":"open","ping_status":"closed","template":"","meta":{"_et_pb_use_builder":"","_et_pb_old_content":"","_et_gb_content_width":""},"product_brand":[],"product_cat":[1497],"product_tag":[1498,1496],"class_list":{"0":"post-16454","1":"product","2":"type-product","3":"status-publish","4":"has-post-thumbnail","6":"product_cat-arm-cylinders","7":"product_tag-arm-cylinders","8":"product_tag-hydraulic-cylinders","10":"first","11":"instock","12":"shipping-taxable","13":"product-type-simple"},"amp_enabled":true,"_links":{"self":[{"href":"https:\/\/www.hydraulic-cylinders.net\/sk\/wp-json\/wp\/v2\/product\/16454","targetHints":{"allow":["GET"]}}],"collection":[{"href":"https:\/\/www.hydraulic-cylinders.net\/sk\/wp-json\/wp\/v2\/product"}],"about":[{"href":"https:\/\/www.hydraulic-cylinders.net\/sk\/wp-json\/wp\/v2\/types\/product"}],"replies":[{"embeddable":true,"href":"https:\/\/www.hydraulic-cylinders.net\/sk\/wp-json\/wp\/v2\/comments?post=16454"}],"wp:featuredmedia":[{"embeddable":true,"href":"https:\/\/www.hydraulic-cylinders.net\/sk\/wp-json\/wp\/v2\/media\/14763"}],"wp:attachment":[{"href":"https:\/\/www.hydraulic-cylinders.net\/sk\/wp-json\/wp\/v2\/media?parent=16454"}],"wp:term":[{"taxonomy":"product_brand","embeddable":true,"href":"https:\/\/www.hydraulic-cylinders.net\/sk\/wp-json\/wp\/v2\/product_brand?post=16454"},{"taxonomy":"product_cat","embeddable":true,"href":"https:\/\/www.hydraulic-cylinders.net\/sk\/wp-json\/wp\/v2\/product_cat?post=16454"},{"taxonomy":"product_tag","embeddable":true,"href":"https:\/\/www.hydraulic-cylinders.net\/sk\/wp-json\/wp\/v2\/product_tag?post=16454"}],"curies":[{"name":"pracovn\u00fd list","href":"https:\/\/api.w.org\/{rel}","templated":true}]}}