{"id":16464,"date":"2025-01-21T05:27:11","date_gmt":"2025-01-21T05:27:11","guid":{"rendered":"https:\/\/www.hydraulic-cylinders.net\/product\/arm-cylinder-for-lishide-small-excavator-sc85-8\/"},"modified":"2025-01-21T05:27:13","modified_gmt":"2025-01-21T05:27:13","slug":"arm-cylinder-for-lishide-small-excavator-sc85-8","status":"publish","type":"product","link":"https:\/\/www.hydraulic-cylinders.net\/sk\/produkt\/arm-cylinder-for-lishide-small-excavator-sc85-8\/","title":{"rendered":"Valec ramena pre mal\u00e9 r\u00fdpadlo Lishide SC85.8"},"content":{"rendered":"<h1>Valec ramena pre mal\u00e9 r\u00fdpadlo Lishide SC85.8<\/h1>\n<h2>\u00davod<\/h2>\n<p>Hydraulick\u00fd valec ramena, tie\u017e zn\u00e1my ako hydraulick\u00fd valec, je \u0161peci\u00e1lne navrhnut\u00fd hydraulick\u00fd aktu\u00e1tor pou\u017e\u00edvan\u00fd na zabezpe\u010denie line\u00e1rneho pohybu a v\u00fdkonu ramien r\u00f4znych strojov, ako s\u00fa r\u00fdpadl\u00e1, \u017eeriavy a mechanick\u00e9 ramen\u00e1. Valec ramena hr\u00e1 d\u00f4le\u017eit\u00fa \u00falohu v hydraulick\u00fdch syst\u00e9moch, preto\u017ee umo\u017e\u0148uje efekt\u00edvny pohyb a ovl\u00e1danie dodato\u010dn\u00fdch n\u00e1strojov alebo pr\u00edslu\u0161enstva. Tieto valce nielen zabezpe\u010duj\u00fa plynul\u00fd pohyb, ale tie\u017e odol\u00e1vaj\u00fa \u0165a\u017ek\u00fdm za\u0165a\u017eeniam, \u010d\u00edm zabezpe\u010duj\u00fa efekt\u00edvnu prev\u00e1dzku a spo\u013eahlivos\u0165 strojov v r\u00f4znych pracovn\u00fdch podmienkach.<\/p>\n<p><img decoding=\"async\" src=\"https:\/\/www.hydraulic-cylinders.net\/wp-content\/uploads\/2025\/01\/songte-company-2.webp\" alt=\"Obr\u00e1zok valca ramena\"><\/p>\n<h2>Funkcie<\/h2>\n<ul>\n<li>\n<h3>Vysoko\u00fa\u010dinn\u00fd prevod<\/h3>\n<p>Valec ramena poskytuje siln\u00fd line\u00e1rny pohyb a silu, \u010d\u00edm zais\u0165uje vysok\u00fa v\u00fdkonnos\u0165 a efektivitu po\u010das r\u00f4znych oper\u00e1ci\u00ed.<\/p>\n<\/li>\n<li>\n<h3>Presn\u00e9 ovl\u00e1danie<\/h3>\n<p>V\u010faka hydraulick\u00e9mu syst\u00e9mu dok\u00e1\u017ee valec ramena dosiahnu\u0165 presn\u00e9 ovl\u00e1danie pohybu, v\u010faka \u010domu je ovl\u00e1danie \u010fal\u0161\u00edch n\u00e1strojov flexibilnej\u0161ie a presnej\u0161ie.<\/p>\n<\/li>\n<li>\n<h3>Siln\u00e1 odolnos\u0165<\/h3>\n<p>Valec ramena je zvy\u010dajne vyroben\u00fd z vysoko pevn\u00fdch materi\u00e1lov s dobrou odolnos\u0165ou proti opotrebovaniu a kor\u00f3zii, vhodn\u00fd na dlhodob\u00e9 pou\u017e\u00edvanie v n\u00e1ro\u010dn\u00fdch podmienkach.<\/p>\n<\/li>\n<li>\n<h3>Multifunk\u010dn\u00e1 prisp\u00f4sobivos\u0165<\/h3>\n<p>Tieto valce sa daj\u00fa \u0161iroko pou\u017e\u00edva\u0165 v r\u00f4znych mechanick\u00fdch zariadeniach, ako s\u00fa bagre, \u017eeriavy a mechanick\u00e9 ramen\u00e1, aby sa prisp\u00f4sobili r\u00f4znym pracovn\u00fdm potreb\u00e1m.<\/p>\n<\/li>\n<li>\n<h3>Jednoduch\u00e1 \u00fadr\u017eba<\/h3>\n<p>Kon\u0161trukcia zoh\u013ead\u0148uje jednoduch\u00fa \u00fadr\u017ebu a v\u00fdmenu, v\u010faka \u010domu je pravideln\u00e1 kontrola a \u00fadr\u017eba pohodlnej\u0161ia a skracuje prestoje zariaden\u00ed.<\/p>\n<\/li>\n<\/ul>\n<p>Tento produkt vieme vyrobi\u0165 a dok\u00e1\u017ee dokonale nahradi\u0165 tieto hydraulick\u00e9 valce.<\/p>\n<p><img decoding=\"async\" src=\"https:\/\/www.hydraulic-cylinders.net\/wp-content\/uploads\/2025\/01\/songte-oil-pipes-and-spare-parts.webp\" alt=\"Obr\u00e1zok hydraulick\u00e9ho valca\"><\/p>\n<h2>Aplik\u00e1cie<\/h2>\n<p>Valec ramena m\u00e1 \u0161irok\u00e9 uplatnenie v r\u00f4znych odvetviach:<\/p>\n<ul>\n<li>\n<h3>Stavebn\u00e9 in\u017einierstvo<\/h3>\n<p>V bagroch a \u017eeriavoch sa valec ramena pou\u017e\u00edva na ovl\u00e1danie pohybu lopat alebo v\u00fdlo\u017en\u00edkov pri zemn\u00fdch pr\u00e1cach, manipul\u00e1cii s materi\u00e1lom a mont\u00e1\u017ei kon\u0161trukci\u00ed.<\/p>\n<\/li>\n<li>\n<h3>V\u00fdroba<\/h3>\n<p>V automatizovan\u00fdch v\u00fdrobn\u00fdch link\u00e1ch sa valec ramena pou\u017e\u00edva na pohyb mechanick\u00fdch ramien, mont\u00e1\u017e, zv\u00e1ranie a manipul\u00e1ciu s cie\u013eom zlep\u0161i\u0165 efektivitu a presnos\u0165 v\u00fdroby.<\/p>\n<\/li>\n<li>\n<h3>Po\u013enohospod\u00e1rske stroje<\/h3>\n<p>V po\u013enohospod\u00e1rskych strojoch, ako s\u00fa zbera\u010de a seja\u010dky, riadi valec ramena pohyb ovl\u00e1dacieho ramena na vykon\u00e1vanie \u00faloh, ako je siatie, hnojenie a zber \u00farody.<\/p>\n<\/li>\n<li>\n<h3>\u0164a\u017eba<\/h3>\n<p>V bansk\u00fdch zariadeniach sa valec ramena pou\u017e\u00edva na ovl\u00e1danie pohybu ramena bansk\u00e9ho zariadenia na \u0165a\u017ebu a prepravu nerastov.<\/p>\n<\/li>\n<li>\n<h3>Logistika a doprava<\/h3>\n<p>Vo vysokozdvi\u017en\u00fdch voz\u00edkoch a manipula\u010dn\u00fdch robotoch sa valec ramena pou\u017e\u00edva na ovl\u00e1danie zdv\u00edhania a pohybu vidl\u00edc na prepravu a stohovanie materi\u00e1lov.<\/p>\n<\/li>\n<\/ul>\n<h2>\u00davahy o dizajne a krit\u00e9ri\u00e1 v\u00fdberu<\/h2>\n<ul>\n<li>\n<h3>Nosnos\u0165<\/h3>\n<p>Valec ramena mus\u00ed by\u0165 schopn\u00fd unies\u0165 \u0165a\u017ek\u00e9 za\u0165a\u017eenie stroja, v ktorom je nain\u0161talovan\u00fd a pracuje za r\u00f4znych pracovn\u00fdch podmienok.<\/p>\n<\/li>\n<li>\n<h3>Tesnenie<\/h3>\n<p>Valec ramena pou\u017e\u00edva r\u00f4zne tesniace komponenty, ako s\u00fa tesnenia piestov a tesnenia ty\u010d\u00ed, vyroben\u00e9 z materi\u00e1lov odoln\u00fdch vo\u010di opotrebovaniu, ako je polyuret\u00e1n a nitrilov\u00fd kau\u010duk, aby sa zabr\u00e1nilo \u00faniku a zabezpe\u010dila sa odolnos\u0165 a spo\u013eahlivos\u0165 valca.<\/p>\n<\/li>\n<li>\n<h3>Trvanlivos\u0165<\/h3>\n<p>Valec ramena je vyroben\u00fd z vysokopevnostn\u00fdch materi\u00e1lov s jemnou povrchovou \u00fapravou, ktor\u00e1 zlep\u0161uje odolnos\u0165 proti opotrebovaniu a kor\u00f3zii a pred\u013a\u017euje \u017eivotnos\u0165 valca.<\/p>\n<\/li>\n<li>\n<h3>Bezpe\u010dnos\u0165<\/h3>\n<p>Valec ramena je navrhnut\u00fd tak, aby sp\u013a\u0148al bezpe\u010dnostn\u00e9 normy a predpisy na zaistenie bezpe\u010dnej prev\u00e1dzky strojov.<\/p>\n<\/li>\n<li>\n<h3>\u00dadr\u017eba<\/h3>\n<p>Valec ramena je navrhnut\u00fd tak, aby sa \u013eahko udr\u017eiaval a vymie\u0148al, vr\u00e1tane jednoduchej demont\u00e1\u017ee, kontroly a v\u00fdmeny komponentov, \u010d\u00edm sa skracuj\u00fa prestoje zariadenia.<\/p>\n<\/li>\n<\/ul>\n<p><img decoding=\"async\" src=\"https:\/\/www.hydraulic-cylinders.net\/wp-content\/uploads\/2025\/01\/songte-cylinder-head-with-all-kinds-excavator-models.webp\" alt=\"Obr\u00e1zok hlavy valcov\"><\/p>\n<h2>Tesnenie a mazanie<\/h2>\n<p>Valec ramena pou\u017e\u00edva r\u00f4zne tesniace komponenty, ako s\u00fa tesnenia piestov a tesnenia ty\u010d\u00ed, vyroben\u00e9 z materi\u00e1lov odoln\u00fdch vo\u010di opotrebovaniu, ako je polyuret\u00e1n a nitrilov\u00fd kau\u010duk, aby sa zabr\u00e1nilo \u00faniku a zabezpe\u010dila sa trvanlivos\u0165 a spo\u013eahlivos\u0165 valca. Teleso valca a z\u00e1vitov\u00fd koniec s\u00fa prec\u00edzne o\u0161etren\u00e9, aby sa zlep\u0161ila odolnos\u0165 vo\u010di opotrebovaniu. Pre spr\u00e1vne mazanie valca je nevyhnutn\u00e9 pravideln\u00e9 prid\u00e1vanie dostato\u010dn\u00e9ho mno\u017estva hydraulick\u00e9ho oleja.<\/p>\n<p><img decoding=\"async\" src=\"https:\/\/www.hydraulic-cylinders.net\/wp-content\/uploads\/2025\/01\/songte-chushion-collar.webp\" alt=\"Obr\u00e1zok hydraulick\u00e9ho valca\"><\/p>\n<h2>\u00dadr\u017eba a odstra\u0148ovanie probl\u00e9mov<\/h2>\n<p>Pravideln\u00e1 kontrola a prevent\u00edvna \u00fadr\u017eba valca ramena m\u00f4\u017ee pom\u00f4c\u0165 pred\u00eds\u0165 potenci\u00e1lnym probl\u00e9mom. Ak sa probl\u00e9my vyskytn\u00fa, tu s\u00fa niektor\u00e9 be\u017en\u00e9 probl\u00e9my:<\/p>\n<ul>\n<li>\n<h3>\u00danik<\/h3>\n<p>Valec ramena m\u00f4\u017ee ma\u0165 netesnosti sp\u00f4soben\u00e9 po\u0161koden\u00fdmi tesneniami alebo in\u00fdmi komponentmi.<\/p>\n<\/li>\n<li>\n<h3>Hluk<\/h3>\n<p>Valec ramena m\u00f4\u017ee po\u010das prev\u00e1dzky vyd\u00e1va\u0165 abnorm\u00e1lne zvuky.<\/p>\n<\/li>\n<li>\n<h3>Pomalos\u0165 alebo nepresn\u00fd pohyb<\/h3>\n<p>Valec ramena sa m\u00f4\u017ee po\u010das prev\u00e1dzky pohybova\u0165 pr\u00edli\u0161 pomaly alebo nepresne.<\/p>\n<\/li>\n<\/ul>\n<p>Na vyrie\u0161enie t\u00fdchto probl\u00e9mov je nevyhnutn\u00e1 spr\u00e1vna diagnostika a rie\u0161enie probl\u00e9mov. \u00dadr\u017eb\u00e1rsky person\u00e1l by mal pravidelne kontrolova\u0165 a vymie\u0148a\u0165 v\u0161etky po\u0161koden\u00e9 komponenty. Prevent\u00edvne opatrenia \u00fadr\u017eby m\u00f4\u017eu tie\u017e pom\u00f4c\u0165 zn\u00ed\u017ei\u0165 potenci\u00e1lne probl\u00e9my.<\/p>\n<h2>In\u0161tala\u010dn\u00e1 pr\u00edru\u010dka<\/h2>\n<p>Pred in\u0161tal\u00e1ciou skontrolujte valec, \u010di nie je po\u0161koden\u00fd alebo m\u00e1 nejak\u00e9 chyby. In\u0161tal\u00e1cia by sa mala vykon\u00e1va\u0165 v \u010distom prostred\u00ed a valec by mal by\u0165 po\u010das in\u0161tal\u00e1cie dr\u017ean\u00fd vo zvislej polohe, aby sa predi\u0161lo po\u0161kodeniu vn\u00fatorn\u00fdch \u010dast\u00ed. Valec by mal by\u0165 pevne upevnen\u00fd a rovnobe\u017ene s pohybliv\u00fdmi \u010das\u0165ami, aby sa predi\u0161lo ak\u00e9muko\u013evek kontaktu s in\u00fdmi komponentmi a hydraulick\u00e9 hadice by mali by\u0165 spr\u00e1vne pripojen\u00e9, aby sa predi\u0161lo \u00faniku. Pred prev\u00e1dzkou skontrolujte v\u00fdkon valca a uistite sa o jeho spo\u013eahlivosti a stabilite.<\/p>\n<p><img decoding=\"async\" src=\"https:\/\/www.hydraulic-cylinders.net\/wp-content\/uploads\/2025\/01\/songte-bushings-with-all-kinds-of-excavator-models.webp\" alt=\"Obr\u00e1zok puzdier\"><\/p>\n<h2>O n\u00e1s<\/h2>\n<p>Sme profesion\u00e1lny v\u00fdrobca n\u00e1hradn\u00fdch hydraulick\u00fdch valcov so \u0161irokou \u0161k\u00e1lou produktov a stali sme sa jedn\u00fdm z popredn\u00fdch v\u00fdrobcov a ve\u013ekoobchodn\u00fdch distrib\u00fatorov hydraulick\u00fdch valcov na dom\u00e1com aj medzin\u00e1rodnom trhu. V\u017edy dodr\u017eiavame princ\u00edp excelentnosti v kvalite a spoliehame sa na strat\u00e9giu riadenia priemyselnej v\u00fdroby v jemn\u00fdch v\u00fdrobn\u00fdch diel\u0148ach, aby sme neust\u00e1le zlep\u0161ovali na\u0161e technol\u00f3gie a efektivitu v\u00fdroby. Zav\u00e1dzan\u00edm pokro\u010dil\u00fdch digit\u00e1lnych v\u00fdrobn\u00fdch zariaden\u00ed a profesion\u00e1lnych testovac\u00edch syst\u00e9mov optimalizujeme v\u00fdrobn\u00fa platformu a zlep\u0161ujeme proces kontroly kvality v\u00fdrobkov, pri\u010dom disponujeme siln\u00fdmi inova\u010dn\u00fdmi schopnos\u0165ami. Na\u0161\u00edm cie\u013eom je uspokoji\u0165 rozmanit\u00e9 potreby z\u00e1kazn\u00edkov s vysokou efektivitou, presnos\u0165ou a princ\u00edpmi vysokej kvality.<\/p>\n<h2>Inform\u00e1cie o spolo\u010dnosti<\/h2>\n<ul>\n<li>\n<h3>Profesionalita<\/h3>\n<p>M\u00e1me profesion\u00e1lny t\u00edm s bohat\u00fdmi sk\u00fasenos\u0165ami v oblasti n\u00e1vrhu a v\u00fdroby hydraulick\u00fdch valcov, aby sme zabezpe\u010dili kvalitu v\u00fdrobkov a splnili potreby z\u00e1kazn\u00edkov.<\/p>\n<\/li>\n<li>\n<h3>Medzin\u00e1rodn\u00e1 certifik\u00e1cia<\/h3>\n<p>V\u0161etky na\u0161e produkty pre\u0161li medzin\u00e1rodn\u00fdmi certifik\u00e1tmi kvality, ako s\u00fa ISO, CE a SGS, \u010do zaru\u010duje kvalitu a bezpe\u010dnos\u0165 produktov.<\/p>\n<\/li>\n<li>\n<h3>Prisp\u00f4soben\u00e9 slu\u017eby<\/h3>\n<p>Pon\u00fakame rie\u0161enia na mieru pod\u013ea po\u017eiadaviek z\u00e1kazn\u00edka, vr\u00e1tane dizajnu produktu, materi\u00e1lov a balenia.<\/p>\n<\/li>\n<li>\n<h3>V\u00fdrobn\u00e9 zariadenia<\/h3>\n<p>Zav\u00e1dzame modern\u00e9 digit\u00e1lne v\u00fdrobn\u00e9 zariadenia a automatizovan\u00e9 v\u00fdrobn\u00e9 linky, aby sme zabezpe\u010dili kvalitu v\u00fdrobkov a efekt\u00edvnos\u0165 v\u00fdroby.<\/p>\n<\/li>\n<li>\n<h3>Popredajn\u00fd servis<\/h3>\n<p>Z\u00e1kazn\u00edkom poskytujeme profesion\u00e1lny popredajn\u00fd servis a technick\u00fa podporu, \u010d\u00edm zabezpe\u010dujeme bezpe\u010dn\u00e9 a spo\u013eahliv\u00e9 pou\u017e\u00edvanie produktov.<\/p>\n<\/li>\n<\/ul>\n<p><img decoding=\"async\" src=\"https:\/\/www.hydraulic-cylinders.net\/wp-content\/uploads\/2025\/01\/songte-company-4.webp\" alt=\"Obr\u00e1zok spolo\u010dnosti\"><br \/>\n<img decoding=\"async\" src=\"https:\/\/www.hydraulic-cylinders.net\/wp-content\/uploads\/2025\/01\/songte-company-3.webp\" alt=\"Obr\u00e1zok spolo\u010dnosti\"><\/p>\n<p>Autor: lyl.<\/p>","protected":false},"excerpt":{"rendered":"<p>Arm Cylinder For Lishide Small Excavator SC85.8 Introduction The arm cylinder, also known as hydraulic cylinder, is a specially designed hydraulic actuator used to provide linear movement and power to the arms of various machinery, such as excavators, cranes, and mechanical arms. The arm cylinder plays a vital role in hydraulic systems, enabling the effective [&hellip;]<\/p>","protected":false},"featured_media":14763,"comment_status":"open","ping_status":"closed","template":"","meta":{"_et_pb_use_builder":"","_et_pb_old_content":"","_et_gb_content_width":""},"product_brand":[],"product_cat":[1497],"product_tag":[1498,1496],"class_list":{"0":"post-16464","1":"product","2":"type-product","3":"status-publish","4":"has-post-thumbnail","6":"product_cat-arm-cylinders","7":"product_tag-arm-cylinders","8":"product_tag-hydraulic-cylinders","10":"first","11":"instock","12":"shipping-taxable","13":"product-type-simple"},"amp_enabled":true,"_links":{"self":[{"href":"https:\/\/www.hydraulic-cylinders.net\/sk\/wp-json\/wp\/v2\/product\/16464","targetHints":{"allow":["GET"]}}],"collection":[{"href":"https:\/\/www.hydraulic-cylinders.net\/sk\/wp-json\/wp\/v2\/product"}],"about":[{"href":"https:\/\/www.hydraulic-cylinders.net\/sk\/wp-json\/wp\/v2\/types\/product"}],"replies":[{"embeddable":true,"href":"https:\/\/www.hydraulic-cylinders.net\/sk\/wp-json\/wp\/v2\/comments?post=16464"}],"wp:featuredmedia":[{"embeddable":true,"href":"https:\/\/www.hydraulic-cylinders.net\/sk\/wp-json\/wp\/v2\/media\/14763"}],"wp:attachment":[{"href":"https:\/\/www.hydraulic-cylinders.net\/sk\/wp-json\/wp\/v2\/media?parent=16464"}],"wp:term":[{"taxonomy":"product_brand","embeddable":true,"href":"https:\/\/www.hydraulic-cylinders.net\/sk\/wp-json\/wp\/v2\/product_brand?post=16464"},{"taxonomy":"product_cat","embeddable":true,"href":"https:\/\/www.hydraulic-cylinders.net\/sk\/wp-json\/wp\/v2\/product_cat?post=16464"},{"taxonomy":"product_tag","embeddable":true,"href":"https:\/\/www.hydraulic-cylinders.net\/sk\/wp-json\/wp\/v2\/product_tag?post=16464"}],"curies":[{"name":"pracovn\u00fd list","href":"https:\/\/api.w.org\/{rel}","templated":true}]}}