{"id":16470,"date":"2025-01-21T05:27:33","date_gmt":"2025-01-21T05:27:33","guid":{"rendered":"https:\/\/www.hydraulic-cylinders.net\/product\/arm-cylinder-for-lishide-middle-excavator-sc200-8h\/"},"modified":"2025-01-21T05:27:35","modified_gmt":"2025-01-21T05:27:35","slug":"arm-cylinder-for-lishide-middle-excavator-sc200-8h","status":"publish","type":"product","link":"https:\/\/www.hydraulic-cylinders.net\/sk\/produkt\/arm-cylinder-for-lishide-middle-excavator-sc200-8h\/","title":{"rendered":"Valec ramena pre stredn\u00fd bager Lishide SC200.8H"},"content":{"rendered":"<h1>Valec ramena pre stredn\u00fd bager Lishide SC200.8H<\/h1>\n<h2>\u00davod<\/h2>\n<p>Hydraulick\u00fd valec ramena je \u0161peci\u00e1lne navrhnut\u00fd hydraulick\u00fd valec, ktor\u00fd sa prim\u00e1rne pou\u017e\u00edva na zabezpe\u010denie line\u00e1rneho pohybu a v\u00fdkonu ramena r\u00f4znych strojov, ako s\u00fa r\u00fdpadl\u00e1, \u017eeriavy a mechanick\u00e9 ramen\u00e1. Hydraulick\u00fd valec ramena zohr\u00e1va k\u013e\u00fa\u010dov\u00fa \u00falohu v hydraulick\u00fdch syst\u00e9moch, preto\u017ee umo\u017e\u0148uje efekt\u00edvny pohyb a ovl\u00e1danie dodato\u010dn\u00fdch n\u00e1strojov alebo pr\u00edslu\u0161enstva. Tieto valce nielen zabezpe\u010duj\u00fa plynul\u00fd pohyb, ale tie\u017e odol\u00e1vaj\u00fa \u0165a\u017ek\u00fdm za\u0165a\u017eeniam, \u010d\u00edm zabezpe\u010duj\u00fa efekt\u00edvnu prev\u00e1dzku a spo\u013eahlivos\u0165 strojov v r\u00f4znych pracovn\u00fdch podmienkach.<\/p>\n<p><img decoding=\"async\" src=\"https:\/\/www.hydraulic-cylinders.net\/wp-content\/uploads\/2025\/01\/songte-company-2.webp\" alt=\"Obr\u00e1zok valca ramena\"><\/p>\n<h2>Funkcie<\/h2>\n<ul>\n<li><strong>Vysoko\u00fa\u010dinn\u00fd prenos:<\/strong> Valec ramena poskytuje siln\u00fd line\u00e1rny pohyb a silu, \u010do zais\u0165uje vysok\u00fd v\u00fdkon v r\u00f4znych oper\u00e1ci\u00e1ch.<\/li>\n<li><strong>Presn\u00e9 ovl\u00e1danie:<\/strong> V\u010faka hydraulick\u00e9mu syst\u00e9mu umo\u017e\u0148uje valec ramena presn\u00e9 ovl\u00e1danie pohybu, v\u010faka \u010domu je ovl\u00e1danie pripojen\u00e9ho n\u00e1radia flexibilnej\u0161ie a presnej\u0161ie.<\/li>\n<li><strong>Trvanlivos\u0165:<\/strong> Valce ramien sa zvy\u010dajne vyr\u00e1baj\u00fa z vysokopevnostn\u00fdch materi\u00e1lov, ktor\u00e9 pon\u00fakaj\u00fa vynikaj\u00facu odolnos\u0165 vo\u010di opotrebovaniu a kor\u00f3zii, v\u010faka \u010domu s\u00fa vhodn\u00e9 na dlhodob\u00e9 pou\u017e\u00edvanie v n\u00e1ro\u010dn\u00fdch podmienkach.<\/li>\n<li><strong>V\u0161estrann\u00e1 prisp\u00f4sobivos\u0165:<\/strong> Tieto valce sa daj\u00fa \u0161iroko pou\u017e\u00edva\u0165 v r\u00f4znych strojn\u00fdch zariadeniach, ako s\u00fa bagre, \u017eeriavy a mechanick\u00e9 ramen\u00e1, a prisp\u00f4sobuj\u00fa sa r\u00f4znym pracovn\u00fdm po\u017eiadavk\u00e1m.<\/li>\n<li><strong>Jednoduch\u00e1 \u00fadr\u017eba:<\/strong> V\u010faka jednoduchej \u00fadr\u017ebe a v\u00fdmene s\u00fa pravideln\u00e9 kontroly a \u00fadr\u017eba pohodlnej\u0161ie, \u010d\u00edm sa skracuj\u00fa prestoje zariaden\u00ed.<\/li>\n<\/ul>\n<p><img decoding=\"async\" src=\"https:\/\/www.hydraulic-cylinders.net\/wp-content\/uploads\/2025\/01\/songte-oil-pipes-and-spare-parts.webp\" alt=\"Obr\u00e1zok n\u00e1hradn\u00fdch dielov valca ramena\"><\/p>\n<h2>Aplik\u00e1cie<\/h2>\n<p>Valec s ramenom nach\u00e1dza uplatnenie v r\u00f4znych odvetviach a scen\u00e1roch:<\/p>\n<ul>\n<li><strong>Stavebn\u00e9 in\u017einierstvo:<\/strong> V r\u00fdpadl\u00e1ch a \u017eeriavoch ovl\u00e1da valec ramena pohyb vedier alebo v\u00fdlo\u017en\u00edkov pri zemn\u00fdch pr\u00e1cach, manipul\u00e1cii s materi\u00e1lom a mont\u00e1\u017ei kon\u0161trukci\u00ed.<\/li>\n<li><strong>V\u00fdroba:<\/strong> V automatizovan\u00fdch v\u00fdrobn\u00fdch link\u00e1ch umo\u017e\u0148uje valec ramena pohyb mechanick\u00fdch ramien pri mont\u00e1\u017enych, zv\u00e1rac\u00edch a manipula\u010dn\u00fdch procesoch, \u010d\u00edm sa zlep\u0161uje efektivita a presnos\u0165 v\u00fdroby.<\/li>\n<li><strong>Po\u013enohospod\u00e1rske stroje:<\/strong> V po\u013enohospod\u00e1rskych strojoch, ako s\u00fa zbera\u010de a seja\u010dky, riadi valec ramena pohyb ovl\u00e1dac\u00edch ramien pri \u00faloh\u00e1ch, ako je siatie, hnojenie a zber \u00farody.<\/li>\n<li><strong>\u0164a\u017eba:<\/strong> V bansk\u00fdch zariadeniach riadi valec ramena pohyb ramena bansk\u00fdch strojov na \u0165a\u017ebu a prepravu rudy.<\/li>\n<li><strong>Logistika a doprava:<\/strong> Vo vysokozdvi\u017en\u00fdch voz\u00edkoch a manipula\u010dn\u00fdch robotoch riadi valec ramena zdv\u00edhanie a pohyb vidl\u00edc, \u010do u\u013eah\u010duje manipul\u00e1ciu s materi\u00e1lom a jeho stohovanie.<\/li>\n<\/ul>\n<h2>\u00davahy o dizajne a krit\u00e9ri\u00e1 v\u00fdberu<\/h2>\n<p>Pri navrhovan\u00ed valcov ramena sa ber\u00fa do \u00favahy r\u00f4zne faktory:<\/p>\n<ul>\n<li><strong>Nosnos\u0165:<\/strong> Discuss the importance of the arm cylinder&#8217;s ability to handle different loads.<\/li>\n<li><strong>Tesnenie:<\/strong> Vysvetlite pou\u017eitie r\u00f4znych tesnen\u00ed, ako s\u00fa tesnenia piestov a tesnenia ty\u010d\u00ed, vyroben\u00fdch z materi\u00e1lov odoln\u00fdch vo\u010di opotrebovaniu, ako je polyuret\u00e1n a nitrilov\u00e1 guma.<\/li>\n<li><strong>Trvanlivos\u0165:<\/strong> Zd\u00f4raznite jemn\u00fa povrchov\u00fa \u00fapravu tela valca a z\u00e1vitov\u00fdch koncov pre zv\u00fd\u0161enie odolnosti vo\u010di opotrebovaniu.<\/li>\n<li><strong>Bezpe\u010dnos\u0165:<\/strong> Zd\u00f4raznite d\u00f4le\u017eitos\u0165 bezpe\u010dnostn\u00fdch opatren\u00ed pri obsluhe hydraulick\u00fdch valcov.<\/li>\n<li><strong>Udr\u017eiavate\u013enos\u0165:<\/strong> Diskutujte o tom, ako kon\u0161trukcia umo\u017e\u0148uje jednoduch\u00fa \u00fadr\u017ebu a pravideln\u00e9 mazanie hydraulick\u00fdm olejom.<\/li>\n<\/ul>\n<p><img decoding=\"async\" src=\"https:\/\/www.hydraulic-cylinders.net\/wp-content\/uploads\/2025\/01\/songte-cylinder-head-with-all-kinds-excavator-models.webp\" alt=\"Obr\u00e1zok hlavy valcov\"><\/p>\n<h2>Tesnenie a mazanie<\/h2>\n<p>Valce ramena pou\u017e\u00edvaj\u00fa r\u00f4zne tesniace prvky, ako s\u00fa tesnenia piestov a tesnenia ty\u010d\u00ed, vyroben\u00e9 z materi\u00e1lov odoln\u00fdch vo\u010di opotrebovaniu, ako je polyuret\u00e1n a nitrilov\u00fd kau\u010duk. Teleso valca a z\u00e1vitov\u00e9 konce prech\u00e1dzaj\u00fa jemnou povrchovou \u00fapravou, aby sa zlep\u0161ila odolnos\u0165 vo\u010di opotrebovaniu. Pravideln\u00e9 mazanie vhodn\u00fdm mno\u017estvom hydraulick\u00e9ho oleja je nevyhnutn\u00e9 na zabezpe\u010denie optim\u00e1lneho v\u00fdkonu a dlhej \u017eivotnosti.<\/p>\n<h2>Pravideln\u00e1 kontrola a prevent\u00edvna \u00fadr\u017eba<\/h2>\n<p>Pre zabezpe\u010denie spo\u013eahlivej prev\u00e1dzky valca ramena s\u00fa pravideln\u00e9 kontroly a prevent\u00edvna \u00fadr\u017eba nevyhnutn\u00e9. Medzi k\u013e\u00fa\u010dov\u00e9 body, ktor\u00e9 treba zv\u00e1\u017ei\u0165, patria:<\/p>\n<ul>\n<li>Kontrola tesnen\u00ed a ich v\u00fdmena v pr\u00edpade potreby.<\/li>\n<li>Kontrola ak\u00fdchko\u013evek zn\u00e1mok \u00faniku alebo po\u0161kodenia.<\/li>\n<li>Monitorovanie hladiny a kvality hydraulick\u00e9ho oleja.<\/li>\n<li>Utiahnutie ak\u00fdchko\u013evek uvo\u013enen\u00fdch spojov.<\/li>\n<li>Overenie spr\u00e1vneho zarovnania a pohybu.<\/li>\n<\/ul>\n<h2>Sprievodca in\u0161tal\u00e1ciou produktu<\/h2>\n<p>Spr\u00e1vna in\u0161tal\u00e1cia valca ramena je nevyhnutn\u00e1 pre jeho optim\u00e1lny v\u00fdkon a dlh\u00fa \u017eivotnos\u0165. Postupujte pod\u013ea t\u00fdchto krokov:<\/p>\n<ol>\n<li>Pripravte si potrebn\u00e9 n\u00e1stroje a vybavenie.<\/li>\n<li>Zabezpe\u010dte \u010dist\u00e9 a bezpe\u010dn\u00e9 pracovn\u00e9 prostredie.<\/li>\n<li>Skontrolujte nov\u00fd valec ramena, \u010di nie je po\u0161koden\u00fd alebo nem\u00e1 chyby.<\/li>\n<li>Star\u00fa f\u013ea\u0161u opatrne vyberte a dodr\u017eujte pr\u00edslu\u0161n\u00e9 bezpe\u010dnostn\u00e9 opatrenia.<\/li>\n<li>Nain\u0161talujte nov\u00fd valec ramena, spr\u00e1vne ho zarovnajte a utiahnite v\u0161etky spoje.<\/li>\n<li>Pred obsluhou stroja skontrolujte, \u010di nedoch\u00e1dza k \u00fanikom alebo abnormalit\u00e1m.<\/li>\n<\/ol>\n<p><img decoding=\"async\" src=\"https:\/\/www.hydraulic-cylinders.net\/wp-content\/uploads\/2025\/01\/songte-bushings-with-all-kinds-of-excavator-models.webp\" alt=\"Obr\u00e1zok puzdier\"><\/p>\n<h2>Bezpe\u010dnostn\u00e9 aspekty a faktory prostredia<\/h2>\n<p>Pri pr\u00e1ci s hydraulick\u00fdmi valcami s\u00fa bezpe\u010dnostn\u00e9 opatrenia nevyhnutn\u00e9 na ochranu person\u00e1lu a zariaden\u00ed. Mali by sa zavies\u0165 primeran\u00e9 bezpe\u010dnostn\u00e9 opatrenia, ako je riadne \u0161kolenie a pou\u017e\u00edvanie ochrann\u00fdch prostriedkov. Okrem toho by sa mali zv\u00e1\u017ei\u0165 faktory prostredia, ako je teplota a vystavenie koroz\u00edvnym l\u00e1tkam, aby sa zabezpe\u010dila \u017eivotnos\u0165 a v\u00fdkon valca ramena.<\/p>\n<h2>Rie\u0161enie probl\u00e9mov a be\u017en\u00e9 probl\u00e9my<\/h2>\n<p>Pri probl\u00e9moch s valcom ramena je nevyhnutn\u00e9 presne diagnostikova\u0165 probl\u00e9m. Medzi be\u017en\u00e9 probl\u00e9my patria netesnosti, nedostato\u010dn\u00fd v\u00fdkon alebo nepravideln\u00fd pohyb. Poskytnite tipy na rie\u0161enie probl\u00e9mov a rie\u0161enia, ktor\u00e9 \u010ditate\u013eom pom\u00f4\u017eu efekt\u00edvne diagnostikova\u0165 a vyrie\u0161i\u0165 probl\u00e9my. Taktie\u017e navrhnite prevent\u00edvne opatrenia na minimaliz\u00e1ciu potenci\u00e1lnych probl\u00e9mov.<\/p>\n<p><img decoding=\"async\" src=\"https:\/\/www.hydraulic-cylinders.net\/wp-content\/uploads\/2025\/01\/songte-chushion-collar.webp\" alt=\"Obr\u00e1zok obojku Chushion\"><\/p>\n<p>Nezabudnite \u010dl\u00e1nok logicky usporiada\u0165, pre jednoduch\u0161iu navig\u00e1ciu pou\u017e\u00edva\u0165 podnadpisy, pre lep\u0161ie pochopenie zahrn\u00fa\u0165 relevantn\u00e9 obr\u00e1zky alebo grafy a zabezpe\u010di\u0165, aby bol obsah jasn\u00fd, stru\u010dn\u00fd a vhodn\u00fd pre \u010ditate\u013eov s r\u00f4znymi \u00farov\u0148ami technick\u00fdch znalost\u00ed.<\/p>\n<p><em>Autor: lyl.<\/em><\/p>\n<p><img decoding=\"async\" src=\"https:\/\/www.hydraulic-cylinders.net\/wp-content\/uploads\/2025\/01\/songte-company-4.webp\" alt=\"Obr\u00e1zok spolo\u010dnosti\"><br \/>\n<img decoding=\"async\" src=\"https:\/\/www.hydraulic-cylinders.net\/wp-content\/uploads\/2025\/01\/songte-company-3.webp\" alt=\"Obr\u00e1zok spolo\u010dnosti\"><\/p>","protected":false},"excerpt":{"rendered":"<p>Arm Cylinder For Lishide Middle Excavator SC200.8H Introduction The arm cylinder is a specially designed hydraulic cylinder that is primarily used to provide linear motion and power to the arm of various machinery, such as excavators, cranes, and mechanical arms. The arm cylinder plays a crucial role in hydraulic systems, enabling the efficient movement and [&hellip;]<\/p>","protected":false},"featured_media":14774,"comment_status":"open","ping_status":"closed","template":"","meta":{"_et_pb_use_builder":"","_et_pb_old_content":"","_et_gb_content_width":""},"product_brand":[],"product_cat":[1497],"product_tag":[1498,1496],"class_list":{"0":"post-16470","1":"product","2":"type-product","3":"status-publish","4":"has-post-thumbnail","6":"product_cat-arm-cylinders","7":"product_tag-arm-cylinders","8":"product_tag-hydraulic-cylinders","10":"first","11":"instock","12":"shipping-taxable","13":"product-type-simple"},"amp_enabled":true,"_links":{"self":[{"href":"https:\/\/www.hydraulic-cylinders.net\/sk\/wp-json\/wp\/v2\/product\/16470","targetHints":{"allow":["GET"]}}],"collection":[{"href":"https:\/\/www.hydraulic-cylinders.net\/sk\/wp-json\/wp\/v2\/product"}],"about":[{"href":"https:\/\/www.hydraulic-cylinders.net\/sk\/wp-json\/wp\/v2\/types\/product"}],"replies":[{"embeddable":true,"href":"https:\/\/www.hydraulic-cylinders.net\/sk\/wp-json\/wp\/v2\/comments?post=16470"}],"wp:featuredmedia":[{"embeddable":true,"href":"https:\/\/www.hydraulic-cylinders.net\/sk\/wp-json\/wp\/v2\/media\/14774"}],"wp:attachment":[{"href":"https:\/\/www.hydraulic-cylinders.net\/sk\/wp-json\/wp\/v2\/media?parent=16470"}],"wp:term":[{"taxonomy":"product_brand","embeddable":true,"href":"https:\/\/www.hydraulic-cylinders.net\/sk\/wp-json\/wp\/v2\/product_brand?post=16470"},{"taxonomy":"product_cat","embeddable":true,"href":"https:\/\/www.hydraulic-cylinders.net\/sk\/wp-json\/wp\/v2\/product_cat?post=16470"},{"taxonomy":"product_tag","embeddable":true,"href":"https:\/\/www.hydraulic-cylinders.net\/sk\/wp-json\/wp\/v2\/product_tag?post=16470"}],"curies":[{"name":"pracovn\u00fd list","href":"https:\/\/api.w.org\/{rel}","templated":true}]}}