{"id":16479,"date":"2025-01-21T05:28:13","date_gmt":"2025-01-21T05:28:13","guid":{"rendered":"https:\/\/www.hydraulic-cylinders.net\/product\/arm-cylinder-for-lishide-large-excavator-sc485-8lc\/"},"modified":"2025-01-21T05:28:15","modified_gmt":"2025-01-21T05:28:15","slug":"arm-cylinder-for-lishide-large-excavator-sc485-8lc","status":"publish","type":"product","link":"https:\/\/www.hydraulic-cylinders.net\/sk\/produkt\/arm-cylinder-for-lishide-large-excavator-sc485-8lc\/","title":{"rendered":"Valec ramena pre ve\u013ek\u00e9 r\u00fdpadlo Lishide SC485.8LC"},"content":{"rendered":"<p><!DOCTYPE html><br \/>\n<html><br \/>\n<head><br \/>\n  <title>Valec ramena pre ve\u013ek\u00e9 r\u00fdpadlo Lishide SC485.8LC<\/title><br \/>\n<\/head><br \/>\n<body><\/p>\n<h1>Valec ramena pre ve\u013ek\u00e9 r\u00fdpadlo Lishide SC485.8LC<\/h1>\n<h2>\u00davod<\/h2>\n<p>Hydraulick\u00fd valec ramena je \u0161pecializovan\u00fd hydraulick\u00fd valec ur\u010den\u00fd na zabezpe\u010denie line\u00e1rneho pohybu a v\u00fdkonu ramena r\u00f4znych strojov, ako s\u00fa r\u00fdpadl\u00e1, \u017eeriavy a mechanick\u00e9 ramen\u00e1. Valec ramena zohr\u00e1va k\u013e\u00fa\u010dov\u00fa \u00falohu v hydraulick\u00fdch syst\u00e9moch, preto\u017ee umo\u017e\u0148uje efekt\u00edvny pohyb a ovl\u00e1danie dodato\u010dn\u00fdch n\u00e1strojov alebo pr\u00edslu\u0161enstva. Tieto valce nielen zabezpe\u010duj\u00fa plynul\u00fd pohyb, ale s\u00fa tie\u017e schopn\u00e9 odol\u00e1va\u0165 \u0165a\u017ek\u00fdm za\u0165a\u017eeniam, \u010d\u00edm zais\u0165uj\u00fa vysok\u00fa prev\u00e1dzkov\u00fa \u00fa\u010dinnos\u0165 a spo\u013eahlivos\u0165 stroja v r\u00f4znych pracovn\u00fdch podmienkach.<\/p>\n<p>  <img decoding=\"async\" src=\"https:\/\/www.hydraulic-cylinders.net\/wp-content\/uploads\/2025\/01\/songte-company-2.webp\"><\/p>\n<h2>Funkcie<\/h2>\n<ul>\n<li><strong>Vysoko\u00fa\u010dinn\u00fd prenos:<\/strong> Valec ramena poskytuje siln\u00fd line\u00e1rny pohyb a silu, \u010d\u00edm zais\u0165uje vysok\u00fd v\u00fdkon mechanick\u00e9ho ramena pri r\u00f4znych oper\u00e1ci\u00e1ch.<\/li>\n<li><strong>Presn\u00e9 ovl\u00e1danie:<\/strong> V\u010faka hydraulick\u00e9mu syst\u00e9mu umo\u017e\u0148uje valec ramena presn\u00e9 ovl\u00e1danie pohybu, v\u010faka \u010domu je obsluha pripojen\u00e9ho n\u00e1radia flexibilnej\u0161ia a presnej\u0161ia.<\/li>\n<li><strong>Trvanlivos\u0165:<\/strong> Valce ramien sa zvy\u010dajne vyr\u00e1baj\u00fa z vysokopevnostn\u00fdch materi\u00e1lov, ktor\u00e9 pon\u00fakaj\u00fa vynikaj\u00facu odolnos\u0165 vo\u010di opotrebovaniu a kor\u00f3zii, v\u010faka \u010domu s\u00fa vhodn\u00e9 na dlhodob\u00e9 pou\u017e\u00edvanie v n\u00e1ro\u010dn\u00fdch podmienkach.<\/li>\n<li><strong>Multifunk\u010dn\u00e1 prisp\u00f4sobivos\u0165:<\/strong> Tieto valce nach\u00e1dzaj\u00fa \u0161irok\u00e9 uplatnenie v r\u00f4znych strojoch vr\u00e1tane r\u00fdpadiel, \u017eeriavov a mechanick\u00fdch ramien, pri\u010dom sa prisp\u00f4sobuj\u00fa r\u00f4znym pracovn\u00fdm po\u017eiadavk\u00e1m.<\/li>\n<li><strong>Jednoduch\u00e1 \u00fadr\u017eba:<\/strong> Kon\u0161trukcia valca ramena zoh\u013ead\u0148uje jednoduch\u00fa \u00fadr\u017ebu a v\u00fdmenu, \u010do u\u013eah\u010duje pravideln\u00e9 kontroly a \u00fadr\u017ebu a minimalizuje prestoje zariadenia.<\/li>\n<\/ul>\n<p>  <img decoding=\"async\" src=\"https:\/\/www.hydraulic-cylinders.net\/wp-content\/uploads\/2025\/01\/songte-oil-pipes-and-spare-parts.webp\"><\/p>\n<h2>Aplik\u00e1cie<\/h2>\n<ul>\n<li><strong>Stavebn\u00e9 in\u017einierstvo:<\/strong> V r\u00fdpadl\u00e1ch a \u017eeriavoch sa valce ramien pou\u017e\u00edvaj\u00fa na ovl\u00e1danie pohybu vedier alebo v\u00fdlo\u017en\u00edkov pri zemn\u00fdch pr\u00e1cach, manipul\u00e1cii s materi\u00e1lom a mont\u00e1\u017ei kon\u0161trukci\u00ed.<\/li>\n<li><strong>V\u00fdrobn\u00fd priemysel:<\/strong> V automatizovan\u00fdch v\u00fdrobn\u00fdch link\u00e1ch sa valce ramien pou\u017e\u00edvaj\u00fa na pohyb mechanick\u00fdch ramien, ktor\u00e9 vykon\u00e1vaj\u00fa procesy ako mont\u00e1\u017e, zv\u00e1ranie a manipul\u00e1cia s materi\u00e1lom, \u010d\u00edm sa zvy\u0161uje efektivita a presnos\u0165 v\u00fdroby.<\/li>\n<li><strong>Po\u013enohospod\u00e1rske stroje:<\/strong> V po\u013enohospod\u00e1rskych strojoch, ako s\u00fa zbera\u010de a seja\u010dky, riadia valce ramien pohyb ovl\u00e1dac\u00edch ramien a vykon\u00e1vaj\u00fa \u00falohy ako siatie, hnojenie a zber \u00farody.<\/li>\n<li><strong>\u0164a\u017eba:<\/strong> V bansk\u00fdch zariadeniach sa valce ramien pou\u017e\u00edvaj\u00fa na ovl\u00e1danie pohybu ramien bansk\u00fdch zariaden\u00ed, \u010do u\u013eah\u010duje \u0165a\u017ebu a prepravu r\u00fad.<\/li>\n<li><strong>Logistika a doprava:<\/strong> Vo vysokozdvi\u017en\u00fdch voz\u00edkoch a manipula\u010dn\u00fdch robotoch ovl\u00e1daj\u00fa valce ramien zdv\u00edhanie a pohyb vidl\u00edc, \u010do umo\u017e\u0148uje manipul\u00e1ciu a stohovanie materi\u00e1lov.<\/li>\n<\/ul>\n<h2>\u00davahy o dizajne a krit\u00e9ri\u00e1 v\u00fdberu<\/h2>\n<p>  <img decoding=\"async\" src=\"https:\/\/www.hydraulic-cylinders.net\/wp-content\/uploads\/2025\/01\/songte-cylinder-head-with-all-kinds-excavator-models.webp\"><\/p>\n<h3>Nosnos\u0165:<\/h3>\n<p>Valec ramena by mal by\u0165 navrhnut\u00fd tak, aby odolal o\u010dak\u00e1van\u00e9mu za\u0165a\u017eeniu a pracovn\u00fdm podmienkam, aby sa zabezpe\u010dila bezpe\u010dn\u00e1 a efekt\u00edvna prev\u00e1dzka.<\/p>\n<h3>Tesnenie:<\/h3>\n<p>Mali by sa pou\u017e\u00edva\u0165 r\u00f4zne tesniace prvky, ako s\u00fa tesnenia piestov a tesnenia ty\u010d\u00ed. Tieto tesnenia s\u00fa vyroben\u00e9 z materi\u00e1lov odoln\u00fdch vo\u010di opotrebovaniu, ako je polyuret\u00e1n a nitrilov\u00fd kau\u010duk, aby sa zabezpe\u010dilo spr\u00e1vne utesnenie. Teleso valca a z\u00e1vitov\u00fd koniec s\u00fa jemne o\u0161etren\u00e9, aby sa zlep\u0161ila odolnos\u0165 vo\u010di opotrebovaniu. Na udr\u017eanie hladk\u00e9ho chodu je potrebn\u00e9 pravideln\u00e9 mazanie vhodn\u00fdm hydraulick\u00fdm olejom.<\/p>\n<h3>Trvanlivos\u0165:<\/h3>\n<p>Valec ramena by mal by\u0165 vyroben\u00fd z vysoko kvalitn\u00fdch materi\u00e1lov a mal by podst\u00fapi\u0165 pr\u00edsne testovanie, aby sa zabezpe\u010dila odolnos\u0165 a dlh\u00e1 \u017eivotnos\u0165 v n\u00e1ro\u010dn\u00fdch prev\u00e1dzkov\u00fdch prostrediach.<\/p>\n<h3>Bezpe\u010dnos\u0165:<\/h3>\n<p>Mali by sa zv\u00e1\u017ei\u0165 bezpe\u010dnostn\u00e9 prvky, ako je ochrana proti pre\u0165a\u017eeniu, mechanizmy n\u00fadzov\u00e9ho zastavenia a spr\u00e1vne postupy in\u0161tal\u00e1cie, aby sa minimalizovali rizik\u00e1 a zabezpe\u010dilo bezpe\u010dn\u00e9 pou\u017e\u00edvanie.<\/p>\n<h3>\u00dadr\u017eba:<\/h3>\n<p>Na odhalenie potenci\u00e1lnych probl\u00e9mov a pred\u013a\u017eenie \u017eivotnosti valca ramena by sa mali vykon\u00e1va\u0165 pravideln\u00e9 kontroly a prevent\u00edvne \u00fadr\u017eb\u00e1rske opatrenia. Patria sem \u010distenie, mazanie a v\u00fdmena opotrebovan\u00fdch dielov pod\u013ea potreby.<\/p>\n<h2>In\u0161tala\u010dn\u00e1 pr\u00edru\u010dka<\/h2>\n<p>Spr\u00e1vna in\u0161tal\u00e1cia valca ramena je k\u013e\u00fa\u010dov\u00e1 pre zabezpe\u010denie optim\u00e1lneho v\u00fdkonu a bezpe\u010dnosti. Postupujte pod\u013ea nasleduj\u00facich krokov:<\/p>\n<ol>\n<li>Pripravte si potrebn\u00e9 n\u00e1stroje a vybavenie.<\/li>\n<li>Opatrne umiestnite valec ramena na po\u017eadovan\u00e9 miesto.<\/li>\n<li>Bezpe\u010dne pripevnite valec k mont\u00e1\u017enym konzol\u00e1m pomocou vhodn\u00fdch upev\u0148ovac\u00edch prvkov.<\/li>\n<li>Pripojte hydraulick\u00e9 potrubia pod\u013ea prilo\u017eenej sch\u00e9my alebo pokynov v\u00fdrobcu.<\/li>\n<li>Skontrolujte v\u0161etky spoje, \u010di netesnia, a v pr\u00edpade potreby ich dotiahnite.<\/li>\n<li>Otestujte \u010dinnos\u0165 valca ramena, aby ste zabezpe\u010dili plynul\u00fd a presn\u00fd pohyb.<\/li>\n<\/ol>\n<p>  <img decoding=\"async\" src=\"https:\/\/www.hydraulic-cylinders.net\/wp-content\/uploads\/2025\/01\/songte-bushings-with-all-kinds-of-excavator-models.webp\"><\/p>\n<h2>Bezpe\u010dnostn\u00e9 aspekty a faktory prostredia<\/h2>\n<p>Pri pou\u017e\u00edvan\u00ed valcov s ramenom je nevyhnutn\u00e9 uprednostni\u0165 bezpe\u010dnostn\u00e9 opatrenia, aby sa predi\u0161lo nehod\u00e1m a zraneniam. Dodr\u017eiavanie bezpe\u010dnostn\u00fdch protokolov a pokynov, ako je nosenie vhodn\u00fdch osobn\u00fdch ochrann\u00fdch prostriedkov a dodr\u017eiavanie spr\u00e1vnych prev\u00e1dzkov\u00fdch postupov, je k\u013e\u00fa\u010dov\u00e9 pre bezpe\u010dn\u00e9 pracovn\u00e9 prostredie.<\/p>\n<h2>Rie\u0161enie probl\u00e9mov a be\u017en\u00e9 probl\u00e9my<\/h2>\n<p>Po\u010das prev\u00e1dzky sa m\u00f4\u017eu vyskytn\u00fa\u0165 ur\u010dit\u00e9 poruchy alebo probl\u00e9my s valcami ramien. Tu s\u00fa niektor\u00e9 be\u017en\u00e9 probl\u00e9my:<\/p>\n<ul>\n<li>Unikaj\u00faca hydraulick\u00e1 kvapalina<\/li>\n<li>Nadmern\u00fd hluk po\u010das prev\u00e1dzky<\/li>\n<li>Pomal\u00fd alebo nepravideln\u00fd pohyb<\/li>\n<li>Nedostato\u010dn\u00e1 sila alebo v\u00fdkon<\/li>\n<li>Nereaguj\u00face ovl\u00e1dacie prvky<\/li>\n<\/ul>\n<p>Na rie\u0161enie t\u00fdchto probl\u00e9mov zv\u00e1\u017ete nasleduj\u00face tipy a rie\u0161enia probl\u00e9mov:<\/p>\n<p>\u00danik hydraulickej kvapaliny: Skontrolujte v\u0161etky spoje a tesnenia, \u010di nie s\u00fa po\u0161koden\u00e9 alebo uvo\u013enen\u00e9. Vyme\u0148te chybn\u00e9 tesnenia alebo v pr\u00edpade potreby dotiahnite spoje.<\/p>\n<p>Nadmern\u00fd hluk po\u010das prev\u00e1dzky: Skontrolujte valec a s\u00favisiace komponenty, \u010di nie s\u00fa uvo\u013enen\u00e9 \u010dasti alebo \u010di nevykazuj\u00fa zn\u00e1mky opotrebovania. Pohybliv\u00e9 \u010dasti nama\u017ete vhodn\u00fdmi mazivami, aby ste zn\u00ed\u017eili trenie.<\/p>\n<p>Pomal\u00fd alebo nepravideln\u00fd pohyb: Skontrolujte hydraulick\u00fd syst\u00e9m, \u010di nie je n\u00edzka hladina kvapaliny alebo \u010di nie s\u00fa upchat\u00e9 filtre. Vy\u010distite alebo vyme\u0148te filtre a zabezpe\u010dte dostato\u010dn\u00fd pr\u00edsun hydraulickej kvapaliny.<\/p>\n<p>Nedostato\u010dn\u00e1 sila alebo v\u00fdkon: Skontrolujte valec ramena, \u010di nevykazuje zn\u00e1mky po\u0161kodenia alebo opotrebovania. V pr\u00edpade potreby zv\u00e1\u017ete v\u00fdmenu za valec s vy\u0161\u0161ou kapacitou, aby ste dosiahli po\u017eadovan\u00fa silu a v\u00fdkon.<\/p>\n<p>Nereaguj\u00face ovl\u00e1dacie prvky: Skontrolujte ovl\u00e1dacie ventily a hydraulick\u00e9 vedenia, \u010di nie s\u00fa upchat\u00e9 alebo nefunguj\u00fa spr\u00e1vne. Skontrolujte elektrick\u00e9 pripojenia a uistite sa, \u017ee s\u00fa spr\u00e1vne zapojen\u00e9.<\/p>\n<p>  <img decoding=\"async\" src=\"https:\/\/www.hydraulic-cylinders.net\/wp-content\/uploads\/2025\/01\/songte-chushion-collar.webp\"><\/p>\n<h3>O n\u00e1s<\/h3>\n<p>Sme profesion\u00e1lny v\u00fdrobca n\u00e1hradn\u00fdch hydraulick\u00fdch valcov a pon\u00fakame \u0161irok\u00fd sortiment produktov. Stali sme sa jedn\u00fdm z popredn\u00fdch v\u00fdrobcov a ve\u013ekoobchodn\u00fdch distrib\u00fatorov hydraulick\u00fdch valcov na dom\u00e1com aj medzin\u00e1rodnom trhu. Dodr\u017eiavaj\u00fac z\u00e1sadu vynikaj\u00facej kvality, neust\u00e1le zlep\u0161ujeme na\u0161e technick\u00e9 znalosti a efektivitu v\u00fdroby prostredn\u00edctvom implement\u00e1cie industrializovan\u00fdch strat\u00e9gi\u00ed riadenia v\u00fdroby v na\u0161ej najmodernej\u0161ej v\u00fdrobnej dielni. Zav\u00e1dzan\u00edm pokro\u010dil\u00fdch digit\u00e1lnych v\u00fdrobn\u00fdch zariaden\u00ed a profesion\u00e1lnych testovac\u00edch syst\u00e9mov optimalizujeme na\u0161u v\u00fdrobn\u00fa platformu, zlep\u0161ujeme procesy kontroly kvality v\u00fdrobkov a disponujeme siln\u00fdmi inova\u010dn\u00fdmi schopnos\u0165ami. Na\u0161\u00edm cie\u013eom je uspokoji\u0165 rozmanit\u00e9 potreby na\u0161ich z\u00e1kazn\u00edkov s vyu\u017eit\u00edm z\u00e1sad efekt\u00edvnosti, presnosti a vysokej kvality.<\/p>\n<p>  <img decoding=\"async\" src=\"https:\/\/www.hydraulic-cylinders.net\/wp-content\/uploads\/2025\/01\/songte-company-4.webp\"><br \/>\n  <img decoding=\"async\" src=\"https:\/\/www.hydraulic-cylinders.net\/wp-content\/uploads\/2025\/01\/songte-company-3.webp\"><\/p>\n<h3>Profesionalita:<\/h3>\n<p>Sme hrd\u00ed na na\u0161u profesionalitu a odborn\u00e9 znalosti v oblasti hydraulick\u00fdch valcov. N\u00e1\u0161 t\u00edm sa sklad\u00e1 z kvalifikovan\u00fdch in\u017einierov a technikov, ktor\u00ed s\u00fa odhodlan\u00ed poskytova\u0165 vysoko kvalitn\u00e9 slu\u017eby.<\/p>","protected":false},"excerpt":{"rendered":"<p>Arm Cylinder For Lishide Large Excavator SC485.8LC Arm Cylinder For Lishide Large Excavator SC485.8LC Introduction An arm cylinder is a specialized hydraulic cylinder designed to provide linear motion and power to the arm of various machinery, such as excavators, cranes, and mechanical arms. The arm cylinder plays a crucial role in hydraulic systems, enabling the [&hellip;]<\/p>","protected":false},"featured_media":14777,"comment_status":"open","ping_status":"closed","template":"","meta":{"_et_pb_use_builder":"","_et_pb_old_content":"","_et_gb_content_width":""},"product_brand":[],"product_cat":[1497],"product_tag":[1498,1496],"class_list":{"0":"post-16479","1":"product","2":"type-product","3":"status-publish","4":"has-post-thumbnail","6":"product_cat-arm-cylinders","7":"product_tag-arm-cylinders","8":"product_tag-hydraulic-cylinders","10":"first","11":"instock","12":"shipping-taxable","13":"product-type-simple"},"amp_enabled":true,"_links":{"self":[{"href":"https:\/\/www.hydraulic-cylinders.net\/sk\/wp-json\/wp\/v2\/product\/16479","targetHints":{"allow":["GET"]}}],"collection":[{"href":"https:\/\/www.hydraulic-cylinders.net\/sk\/wp-json\/wp\/v2\/product"}],"about":[{"href":"https:\/\/www.hydraulic-cylinders.net\/sk\/wp-json\/wp\/v2\/types\/product"}],"replies":[{"embeddable":true,"href":"https:\/\/www.hydraulic-cylinders.net\/sk\/wp-json\/wp\/v2\/comments?post=16479"}],"wp:featuredmedia":[{"embeddable":true,"href":"https:\/\/www.hydraulic-cylinders.net\/sk\/wp-json\/wp\/v2\/media\/14777"}],"wp:attachment":[{"href":"https:\/\/www.hydraulic-cylinders.net\/sk\/wp-json\/wp\/v2\/media?parent=16479"}],"wp:term":[{"taxonomy":"product_brand","embeddable":true,"href":"https:\/\/www.hydraulic-cylinders.net\/sk\/wp-json\/wp\/v2\/product_brand?post=16479"},{"taxonomy":"product_cat","embeddable":true,"href":"https:\/\/www.hydraulic-cylinders.net\/sk\/wp-json\/wp\/v2\/product_cat?post=16479"},{"taxonomy":"product_tag","embeddable":true,"href":"https:\/\/www.hydraulic-cylinders.net\/sk\/wp-json\/wp\/v2\/product_tag?post=16479"}],"curies":[{"name":"pracovn\u00fd list","href":"https:\/\/api.w.org\/{rel}","templated":true}]}}