{"id":16492,"date":"2025-01-21T05:29:08","date_gmt":"2025-01-21T05:29:08","guid":{"rendered":"https:\/\/www.hydraulic-cylinders.net\/product\/arm-cylinder-for-lovol-large-excavator-fr370\/"},"modified":"2025-01-21T05:29:10","modified_gmt":"2025-01-21T05:29:10","slug":"arm-cylinder-for-lovol-large-excavator-fr370","status":"publish","type":"product","link":"https:\/\/www.hydraulic-cylinders.net\/sk\/produkt\/arm-cylinder-for-lovol-large-excavator-fr370\/","title":{"rendered":"Valec ramena pre ve\u013ek\u00e9 r\u00fdpadlo Lovol FR370"},"content":{"rendered":"<h2>Valec ramena pre ve\u013ek\u00e9 r\u00fdpadlo Lovol FR370<\/h2>\n<p>Hydraulick\u00fd valec ramena pre ve\u013ek\u00e9 r\u00fdpadlo Lovol FR370 je \u0161peci\u00e1lne navrhnut\u00fd hydraulick\u00fd valec, ktor\u00fd sa pou\u017e\u00edva na zabezpe\u010denie line\u00e1rneho pohybu a v\u00fdkonu ramena r\u00f4znych strojov, ako s\u00fa r\u00fdpadl\u00e1, \u017eeriavy a robotick\u00e9 ramen\u00e1. Valec ramena hr\u00e1 k\u013e\u00fa\u010dov\u00fa \u00falohu v hydraulick\u00fdch syst\u00e9moch, preto\u017ee umo\u017e\u0148uje plynul\u00fd pohyb a ovl\u00e1danie pr\u00edslu\u0161enstva alebo pr\u00edslu\u0161enstva. Tieto valce nielen zabezpe\u010duj\u00fa plynul\u00fd pohyb, ale tie\u017e odol\u00e1vaj\u00fa \u0165a\u017ek\u00fdm za\u0165a\u017eeniam, \u010d\u00edm zabezpe\u010duj\u00fa efekt\u00edvnu prev\u00e1dzku a spo\u013eahlivos\u0165 stroja v r\u00f4znych pracovn\u00fdch podmienkach.<\/p>\n<p><img decoding=\"async\" src=\"https:\/\/www.hydraulic-cylinders.net\/wp-content\/uploads\/2025\/01\/songte-company-2.webp\" alt=\"Obr\u00e1zok valca ramena\"><\/p>\n<h3>Vlastnosti valca ramena:<\/h3>\n<ul>\n<li>Vysoko\u00fa\u010dinn\u00fd prenos: Valec ramena poskytuje siln\u00fd line\u00e1rny pohyb a silu, \u010d\u00edm zais\u0165uje vysoko\u00fa\u010dinn\u00fd v\u00fdkon robotick\u00e9ho ramena pri r\u00f4znych oper\u00e1ci\u00e1ch.<\/li>\n<li>Presn\u00e9 ovl\u00e1danie: Prostredn\u00edctvom hydraulick\u00e9ho syst\u00e9mu dosahuje valec ramena presn\u00e9 ovl\u00e1danie pohybu, v\u010faka \u010domu je ovl\u00e1danie pripojen\u00e9ho n\u00e1radia flexibilnej\u0161ie a presnej\u0161ie.<\/li>\n<li>Vysok\u00e1 odolnos\u0165: Valec ramena sa zvy\u010dajne vyr\u00e1ba z vysokopevnostn\u00fdch materi\u00e1lov, ktor\u00e9 pon\u00fakaj\u00fa vynikaj\u00facu odolnos\u0165 vo\u010di opotrebovaniu a kor\u00f3zii, v\u010faka \u010domu je vhodn\u00fd na dlhodob\u00e9 pou\u017e\u00edvanie v n\u00e1ro\u010dn\u00fdch podmienkach.<\/li>\n<li>Multifunk\u010dn\u00e1 prisp\u00f4sobivos\u0165: Tieto valce sa daj\u00fa \u0161iroko pou\u017ei\u0165 v r\u00f4znych strojoch, ako s\u00fa bagre, \u017eeriavy a robotick\u00e9 ramen\u00e1, a prisp\u00f4sobi\u0165 sa r\u00f4znym po\u017eiadavk\u00e1m pr\u00e1ce.<\/li>\n<li>Jednoduch\u00e1 \u00fadr\u017eba: Kon\u0161trukcia zoh\u013ead\u0148uje jednoduch\u00fa \u00fadr\u017ebu a v\u00fdmenu, v\u010faka \u010domu s\u00fa pravideln\u00e9 kontroly a \u00fadr\u017eba pohodln\u00e9, \u010d\u00edm sa skracuj\u00fa prestoje zariadenia.<\/li>\n<\/ul>\n<p><img decoding=\"async\" src=\"https:\/\/www.hydraulic-cylinders.net\/wp-content\/uploads\/2025\/01\/songte-oil-pipes-and-spare-parts.webp\" alt=\"Obr\u00e1zok \u010dast\u00ed valca ramena\"><\/p>\n<h3>Pou\u017eitie ramenn\u00e9ho valca:<\/h3>\n<p>Rameno s valcom nach\u00e1dza uplatnenie v r\u00f4znych odvetviach a sektoroch:<\/p>\n<ul>\n<li>Stavebn\u00e9 in\u017einierstvo: V bagroch a \u017eeriavoch riadi valec ramena pohyb vedier alebo ramien v\u00fdlo\u017en\u00edka pri zemn\u00fdch pr\u00e1cach, manipul\u00e1cii s materi\u00e1lom a mont\u00e1\u017ei kon\u0161trukci\u00ed.<\/li>\n<li>V\u00fdrobn\u00fd priemysel: V automatizovan\u00fdch v\u00fdrobn\u00fdch link\u00e1ch u\u013eah\u010duje valec ramena pohyb robotick\u00fdch ramien pri mont\u00e1\u017ei, zv\u00e1ran\u00ed a manipul\u00e1cii s materi\u00e1lom, \u010d\u00edm zvy\u0161uje produktivitu a presnos\u0165.<\/li>\n<li>Po\u013enohospod\u00e1rske stroje: V po\u013enohospod\u00e1rskych strojoch, ako s\u00fa zbera\u010de a seja\u010dky, riadi valec ramena pohyb ovl\u00e1dac\u00edch ramien pri \u00faloh\u00e1ch, ako je siatie, hnojenie a zber \u00farody.<\/li>\n<li>\u0164a\u017eba: V bansk\u00fdch zariadeniach riadi valec ramena pohyb ramena bansk\u00fdch strojov na \u0165a\u017ebu a prepravu rudy.<\/li>\n<li>Logistika a doprava: Vo vysokozdvi\u017en\u00fdch voz\u00edkoch a manipula\u010dn\u00fdch robotoch riadi valec ramena zdv\u00edhanie a pohyb vidl\u00edc, \u010do umo\u017e\u0148uje prepravu a stohovanie materi\u00e1lov.<\/li>\n<\/ul>\n<h3>\u00davahy o dizajne a krit\u00e9ri\u00e1 v\u00fdberu:<\/h3>\n<p>Pokia\u013e ide o kon\u0161truk\u010dn\u00e9 aspekty a krit\u00e9ri\u00e1 v\u00fdberu valca ramena, d\u00f4le\u017eit\u00e9 s\u00fa nasleduj\u00face faktory:<\/p>\n<ul>\n<li>Nosnos\u0165: Valec ramena by mal by\u0165 navrhnut\u00fd tak, aby odolal maxim\u00e1lnemu za\u0165a\u017eeniu, ktor\u00e9mu bude vystaven\u00fd po\u010das prev\u00e1dzky.<\/li>\n<li>Tesnenie: Na zabezpe\u010denie spr\u00e1vneho utesnenia by sa mali pou\u017ei\u0165 r\u00f4zne tesniace prvky, ako s\u00fa tesnenia piestov a ty\u010d\u00ed. Tieto tesnenia s\u00fa vyroben\u00e9 z materi\u00e1lov odoln\u00fdch vo\u010di opotrebovaniu, ako je polyuret\u00e1n a nitrilov\u00e1 guma.<\/li>\n<li>Trvanlivos\u0165: Teleso valca a z\u00e1vitov\u00e9 konce prech\u00e1dzaj\u00fa jemn\u00fdm spracovan\u00edm, aby sa zv\u00fd\u0161ila odolnos\u0165 proti opotrebovaniu a pred\u013a\u017eila \u017eivotnos\u0165 valca.<\/li>\n<li>Bezpe\u010dnos\u0165: Do kon\u0161trukcie by mali by\u0165 za\u010dlenen\u00e9 bezpe\u010dnostn\u00e9 prvky, aby sa predi\u0161lo nehod\u00e1m a zabezpe\u010dila sa ochrana obsluhy.<\/li>\n<li>\u00dadr\u017eba: Valec ramena by mal by\u0165 navrhnut\u00fd pre jednoduch\u00fa \u00fadr\u017ebu a opravy, minimaliz\u00e1ciu prestojov a optimaliz\u00e1ciu \u00fa\u010dinnosti.<\/li>\n<\/ul>\n<p><img decoding=\"async\" src=\"https:\/\/www.hydraulic-cylinders.net\/wp-content\/uploads\/2025\/01\/songte-cylinder-head-with-all-kinds-excavator-models.webp\" alt=\"Obr\u00e1zok hlavy valcov\"><\/p>\n<h3>Utesnenie a mazanie valca ramena:<\/h3>\n<p>Pre zaistenie optim\u00e1lneho v\u00fdkonu a dlhej \u017eivotnosti vyu\u017e\u00edva valec ramena r\u00f4zne tesniace komponenty, ako s\u00fa tesnenia piestov a tesnenia ty\u010d\u00ed. Tieto tesnenia s\u00fa vyroben\u00e9 z materi\u00e1lov odoln\u00fdch vo\u010di opotrebovaniu, ako je polyuret\u00e1n a nitrilov\u00fd kau\u010duk. Okrem toho s\u00fa teleso valca a z\u00e1vitov\u00e9 konce jemne o\u0161etren\u00e9 na zv\u00fd\u0161enie odolnosti vo\u010di opotrebovaniu. Pravideln\u00e9 mazanie vhodn\u00fdm hydraulick\u00fdm olejom je nevyhnutn\u00e9 pre udr\u017eanie hladk\u00e9ho chodu a zabr\u00e1nenie nadmern\u00e9mu treniu.<\/p>\n<h3>Pravideln\u00e1 kontrola a prevent\u00edvna \u00fadr\u017eba:<\/h3>\n<p>Pravideln\u00e1 kontrola a prevent\u00edvna \u00fadr\u017eba s\u00fa nevyhnutn\u00e9 na udr\u017eanie valca ramena v optim\u00e1lnom stave. Mali by sa prija\u0165 nasleduj\u00face opatrenia:<\/p>\n<ul>\n<li>Skontrolujte valec, \u010di nevykazuje zn\u00e1mky \u00faniku, po\u0161kodenia alebo opotrebovania.<\/li>\n<li>Skontrolujte a pod\u013ea potreby vyme\u0148te opotrebovan\u00e9 tesnenia alebo in\u00e9 komponenty.<\/li>\n<li>Udr\u017eujte valec \u010dist\u00fd a bez ne\u010dist\u00f4t.<\/li>\n<li>Dodr\u017eiavajte pl\u00e1n \u00fadr\u017eby odpor\u00fa\u010dan\u00fd v\u00fdrobcom.<\/li>\n<\/ul>\n<h3>Pokyny na in\u0161tal\u00e1ciu produktu:<\/h3>\n<p>Spr\u00e1vna in\u0161tal\u00e1cia valca ramena je k\u013e\u00fa\u010dov\u00e1 pre jeho v\u00fdkon a dlh\u00fa \u017eivotnos\u0165. Mali by sa dodr\u017eiava\u0165 nasleduj\u00face kroky:<\/p>\n<ul>\n<li>Pred in\u0161tal\u00e1ciou sa uistite, \u017ee hydraulick\u00fd syst\u00e9m je bez tlaku.<\/li>\n<li>Spr\u00e1vne zarovnajte valec a mont\u00e1\u017ene konzoly.<\/li>\n<li>Utiahnite upev\u0148ovacie skrutky na predp\u00edsan\u00fd kr\u00fatiaci moment.<\/li>\n<li>Po\u010das pohybu skontrolujte, \u010di nedoch\u00e1dza k nespr\u00e1vnemu zarovnaniu alebo prek\u00e1\u017ekam.<\/li>\n<\/ul>\n<p><img decoding=\"async\" src=\"https:\/\/www.hydraulic-cylinders.net\/wp-content\/uploads\/2025\/01\/songte-bushings-with-all-kinds-of-excavator-models.webp\" alt=\"Obr\u00e1zok puzdier\"><\/p>\n<h3>Bezpe\u010dnostn\u00e9 aspekty a faktory prostredia:<\/h3>\n<p>Pri pou\u017e\u00edvan\u00ed valca s ramenom je nevyhnutn\u00e9 uprednostni\u0165 bezpe\u010dnostn\u00e9 opatrenia, aby sa predi\u0161lo nehod\u00e1m a zabezpe\u010dila sa pohoda obsluhy. K\u013e\u00fa\u010dov\u00fdmi aspektmi s\u00fa primeran\u00e9 \u0161kolenie, dodr\u017eiavanie bezpe\u010dnostn\u00fdch pokynov a pou\u017e\u00edvanie vhodn\u00fdch osobn\u00fdch ochrann\u00fdch prostriedkov. Okrem toho, zoh\u013eadnenie faktorov prostredia, ako je teplota, vlhkos\u0165 a vystavenie koroz\u00edvnym l\u00e1tkam, m\u00f4\u017ee pom\u00f4c\u0165 pred\u013a\u017ei\u0165 \u017eivotnos\u0165 valca.<\/p>\n<h3>Diagnostika por\u00fach a be\u017en\u00e9 probl\u00e9my:<\/h3>\n<p>Tu s\u00fa niektor\u00e9 be\u017en\u00e9 poruchy a probl\u00e9my, ktor\u00e9 sa m\u00f4\u017eu vyskytn\u00fa\u0165 s valcom ramena:<\/p>\n<ul>\n<li>Netesnos\u0165 v tesneniach alebo armat\u00farach valca<\/li>\n<li>Nepravideln\u00fd alebo trhav\u00fd pohyb valca<\/li>\n<li>Strata v\u00fdkonu alebo nedostato\u010dn\u00e1 sila<\/li>\n<li>Nadmern\u00fd hluk po\u010das prev\u00e1dzky<\/li>\n<li>Prehriatie valca<\/li>\n<\/ul>\n<p><img decoding=\"async\" src=\"https:\/\/www.hydraulic-cylinders.net\/wp-content\/uploads\/2025\/01\/songte-chushion-collar.webp\" alt=\"Obr\u00e1zok obojku Chushion\"><\/p>\n<p>Na efekt\u00edvnu diagnostiku a rie\u0161enie t\u00fdchto probl\u00e9mov m\u00f4\u017eu by\u0165 u\u017eito\u010dn\u00e9 nasleduj\u00face tipy a rie\u0161enia:<\/p>\n<ul>\n<li>Skontrolujte a vyme\u0148te v\u0161etky po\u0161koden\u00e9 alebo opotrebovan\u00e9 tesnenia alebo armat\u00fary.<\/li>\n<li>Skontrolujte hydraulick\u00fd syst\u00e9m, \u010di m\u00e1 spr\u00e1vny tlak a prietok.<\/li>\n<li>Vy\u010distite a nama\u017ete valec, aby ste zabezpe\u010dili hladk\u00fd chod.<\/li>\n<li>Skontrolujte okolit\u00e9 komponenty, \u010di nie s\u00fa nespr\u00e1vne zarovnan\u00e9 alebo po\u0161koden\u00e9.<\/li>\n<li>Pre konkr\u00e9tne probl\u00e9my si pozrite n\u00e1vod na rie\u0161enie probl\u00e9mov od v\u00fdrobcu.<\/li>\n<\/ul>\n<p>Nezabudnite \u010dl\u00e1nok logicky usporiada\u0165, pre jednoduch\u0161iu navig\u00e1ciu pou\u017e\u00edva\u0165 podnadpisy, pre lep\u0161ie pochopenie zahrn\u00fa\u0165 relevantn\u00e9 obr\u00e1zky alebo grafy a zabezpe\u010di\u0165, aby bol obsah jasn\u00fd, stru\u010dn\u00fd a vhodn\u00fd pre \u010ditate\u013eov s r\u00f4znymi \u00farov\u0148ami technick\u00fdch znalost\u00ed.<\/p>\n<p><em>Autor: lyl<\/em><\/p>\n<p><img decoding=\"async\" src=\"https:\/\/www.hydraulic-cylinders.net\/wp-content\/uploads\/2025\/01\/songte-company-4.webp\" alt=\"Obr\u00e1zok spolo\u010dnosti 1\"><\/p>\n<p><img decoding=\"async\" src=\"https:\/\/www.hydraulic-cylinders.net\/wp-content\/uploads\/2025\/01\/songte-company-3.webp\" alt=\"Obr\u00e1zok spolo\u010dnosti 2\"><\/p>\n<p>Na z\u00e1ver je d\u00f4le\u017eit\u00e9 zd\u00f4razni\u0165, \u017ee sme profesion\u00e1lny v\u00fdrobca n\u00e1hradn\u00fdch hydraulick\u00fdch valcov a pon\u00fakame \u0161irok\u00fd sortiment produktov. Stali sme sa jedn\u00fdm z popredn\u00fdch v\u00fdrobcov a ve\u013ekoobchodn\u00fdch distrib\u00fatorov hydraulick\u00fdch valcov na dom\u00e1com aj medzin\u00e1rodnom trhu. So z\u00e1v\u00e4zkom k excelentnosti neust\u00e1le zlep\u0161ujeme na\u0161e technick\u00e9 znalosti a efektivitu v\u00fdroby prostredn\u00edctvom modern\u00fdch v\u00fdrobn\u00fdch zariaden\u00ed a syst\u00e9mov kontroly kvality. Na\u0161\u00edm cie\u013eom je uspokojova\u0165 rozmanit\u00e9 potreby z\u00e1kazn\u00edkov s efektivitou, presnos\u0165ou a vysoko kvalitn\u00fdmi produktmi.<\/p>","protected":false},"excerpt":{"rendered":"<p>Arm Cylinder For Lovol Large Excavator FR370 The Arm Cylinder for Lovol Large Excavator FR370 is a specially designed hydraulic cylinder that is used to provide linear motion and power to the arm of various machinery, such as excavators, cranes, and robotic arms. The arm cylinder plays a crucial role in hydraulic systems, enabling the [&hellip;]<\/p>","protected":false},"featured_media":14770,"comment_status":"open","ping_status":"closed","template":"","meta":{"_et_pb_use_builder":"","_et_pb_old_content":"","_et_gb_content_width":""},"product_brand":[],"product_cat":[1497],"product_tag":[1498,1496],"class_list":{"0":"post-16492","1":"product","2":"type-product","3":"status-publish","4":"has-post-thumbnail","6":"product_cat-arm-cylinders","7":"product_tag-arm-cylinders","8":"product_tag-hydraulic-cylinders","10":"first","11":"instock","12":"shipping-taxable","13":"product-type-simple"},"amp_enabled":true,"_links":{"self":[{"href":"https:\/\/www.hydraulic-cylinders.net\/sk\/wp-json\/wp\/v2\/product\/16492","targetHints":{"allow":["GET"]}}],"collection":[{"href":"https:\/\/www.hydraulic-cylinders.net\/sk\/wp-json\/wp\/v2\/product"}],"about":[{"href":"https:\/\/www.hydraulic-cylinders.net\/sk\/wp-json\/wp\/v2\/types\/product"}],"replies":[{"embeddable":true,"href":"https:\/\/www.hydraulic-cylinders.net\/sk\/wp-json\/wp\/v2\/comments?post=16492"}],"wp:featuredmedia":[{"embeddable":true,"href":"https:\/\/www.hydraulic-cylinders.net\/sk\/wp-json\/wp\/v2\/media\/14770"}],"wp:attachment":[{"href":"https:\/\/www.hydraulic-cylinders.net\/sk\/wp-json\/wp\/v2\/media?parent=16492"}],"wp:term":[{"taxonomy":"product_brand","embeddable":true,"href":"https:\/\/www.hydraulic-cylinders.net\/sk\/wp-json\/wp\/v2\/product_brand?post=16492"},{"taxonomy":"product_cat","embeddable":true,"href":"https:\/\/www.hydraulic-cylinders.net\/sk\/wp-json\/wp\/v2\/product_cat?post=16492"},{"taxonomy":"product_tag","embeddable":true,"href":"https:\/\/www.hydraulic-cylinders.net\/sk\/wp-json\/wp\/v2\/product_tag?post=16492"}],"curies":[{"name":"pracovn\u00fd list","href":"https:\/\/api.w.org\/{rel}","templated":true}]}}