{"id":16498,"date":"2025-01-21T05:29:30","date_gmt":"2025-01-21T05:29:30","guid":{"rendered":"https:\/\/www.hydraulic-cylinders.net\/product\/arm-cylinder-for-liugong-small-excavator-clg915d\/"},"modified":"2025-01-21T05:29:32","modified_gmt":"2025-01-21T05:29:32","slug":"arm-cylinder-for-liugong-small-excavator-clg915d","status":"publish","type":"product","link":"https:\/\/www.hydraulic-cylinders.net\/sk\/produkt\/arm-cylinder-for-liugong-small-excavator-clg915d\/","title":{"rendered":"Valec ramena pre mal\u00e9 r\u00fdpadlo Liugong CLG915D"},"content":{"rendered":"<h1>Valec ramena pre mal\u00e9 r\u00fdpadlo Liugong CLG915D<\/h1>\n<h2>\u00davod<\/h2>\n<h3>Defin\u00edcia a vysvetlenie<\/h3>\n<p>Hydraulick\u00fd valec ramena je \u0161peci\u00e1lne navrhnut\u00fd hydraulick\u00fd valec pou\u017e\u00edvan\u00fd na zabezpe\u010denie line\u00e1rneho pohybu a v\u00fdkonu ramien r\u00f4znych typov strojov, ako s\u00fa r\u00fdpadl\u00e1, \u017eeriavy a mechanick\u00e9 ramen\u00e1. Valec ramena zohr\u00e1va k\u013e\u00fa\u010dov\u00fa \u00falohu v hydraulickom syst\u00e9me, preto\u017ee umo\u017e\u0148uje efekt\u00edvny pohyb a ovl\u00e1danie dodato\u010dn\u00fdch n\u00e1strojov alebo pr\u00edslu\u0161enstva. Tieto valce nielen dosahuj\u00fa plynul\u00e9 pohyby, ale tie\u017e odol\u00e1vaj\u00fa \u0165a\u017ek\u00fdm za\u0165a\u017eeniam, \u010d\u00edm zabezpe\u010duj\u00fa efekt\u00edvnu prev\u00e1dzku a spo\u013eahlivos\u0165 strojov za r\u00f4znych prev\u00e1dzkov\u00fdch podmienok.<\/p>\n<p><img decoding=\"async\" src=\"https:\/\/www.hydraulic-cylinders.net\/wp-content\/uploads\/2025\/01\/songte-company-2.webp\"><\/p>\n<h2>Vlastnosti produktu<\/h2>\n<ul>\n<li>\n<h3>Vysoko\u00fa\u010dinn\u00fd prevod<\/h3>\n<p>Valec ramena poskytuje siln\u00fd line\u00e1rny pohyb a silu, \u010d\u00edm zais\u0165uje vysok\u00fa v\u00fdkonnos\u0165 a efektivitu po\u010das r\u00f4znych oper\u00e1ci\u00ed.<\/p>\n<\/li>\n<li>\n<h3>Presn\u00e9 ovl\u00e1danie<\/h3>\n<p>V\u010faka hydraulick\u00e9mu syst\u00e9mu dok\u00e1\u017ee valec ramena dosiahnu\u0165 presn\u00e9 ovl\u00e1danie pohybu, v\u010faka \u010domu je ovl\u00e1danie \u010fal\u0161\u00edch n\u00e1strojov flexibilnej\u0161ie a presnej\u0161ie.<\/p>\n<\/li>\n<li>\n<h3>Siln\u00e1 odolnos\u0165<\/h3>\n<p>Valec ramena je zvy\u010dajne vyroben\u00fd z vysoko pevn\u00fdch materi\u00e1lov s dobrou odolnos\u0165ou vo\u010di opotrebovaniu a kor\u00f3zii, vhodn\u00fdch na dlhodob\u00e9 pou\u017e\u00edvanie v n\u00e1ro\u010dn\u00fdch podmienkach prostredia.<\/p>\n<\/li>\n<li>\n<h3>Multifunk\u010dn\u00e1 prisp\u00f4sobivos\u0165<\/h3>\n<p>Tieto valce sa daj\u00fa \u0161iroko pou\u017e\u00edva\u0165 v r\u00f4znych typoch strojn\u00fdch zariaden\u00ed, ako s\u00fa bagre, \u017eeriavy a mechanick\u00e9 ramen\u00e1, aby sp\u013a\u0148ali r\u00f4zne pracovn\u00e9 po\u017eiadavky.<\/p>\n<\/li>\n<li>\n<h3>Jednoduch\u00e1 \u00fadr\u017eba<\/h3>\n<p>Kon\u0161trukcia valca ramena zoh\u013ead\u0148uje jednoduch\u00fa \u00fadr\u017ebu a v\u00fdmenu, v\u010faka \u010domu je pravideln\u00e1 kontrola a \u00fadr\u017eba pohodlnej\u0161ia a zni\u017euje sa tak prestoje zariadenia.<\/p>\n<\/li>\n<\/ul>\n<p>N\u00e1\u0161 produkt dok\u00e1\u017ee dokonale nahradi\u0165 tieto hydraulick\u00e9 valce.<\/p>\n<p><img decoding=\"async\" src=\"https:\/\/www.hydraulic-cylinders.net\/wp-content\/uploads\/2025\/01\/songte-oil-pipes-and-spare-parts.webp\"><\/p>\n<h2>Scen\u00e1re aplik\u00e1ci\u00ed<\/h2>\n<p>Valec ramena sa \u0161iroko pou\u017e\u00edva v r\u00f4znych odvetviach a oblastiach vr\u00e1tane:<\/p>\n<ul>\n<li>\n<h3>Stavebn\u00e9 in\u017einierstvo<\/h3>\n<p>Valec ramena sa pou\u017e\u00edva na ovl\u00e1danie pohybu r\u00fdpadiel alebo \u017eeriavov pri zemn\u00fdch pr\u00e1cach, manipul\u00e1cii s materi\u00e1lom a mont\u00e1\u017ei kon\u0161trukci\u00ed.<\/p>\n<\/li>\n<li>\n<h3>V\u00fdrobn\u00fd priemysel<\/h3>\n<p>Valec ramena sa pou\u017e\u00edva na pohyb mechanick\u00fdch ramien v automatizovan\u00fdch v\u00fdrobn\u00fdch link\u00e1ch na mont\u00e1\u017e, zv\u00e1ranie a manipul\u00e1ciu, \u010d\u00edm sa zlep\u0161uje efektivita a presnos\u0165 v\u00fdroby.<\/p>\n<\/li>\n<li>\n<h3>Po\u013enohospod\u00e1rske stroje<\/h3>\n<p>Valec ramena riadi pohyb ovl\u00e1dac\u00edch ramien v po\u013enohospod\u00e1rskych strojoch, ako s\u00fa zbera\u010de a seja\u010dky, a vykon\u00e1va \u00falohy ako siatie, hnojenie a zber \u00farody.<\/p>\n<\/li>\n<li>\n<h3>\u0164a\u017eba<\/h3>\n<p>Valec ramena sa pou\u017e\u00edva na ovl\u00e1danie pohybu ramena bansk\u00e9ho zariadenia na \u0165a\u017ebu a prepravu r\u00fad.<\/p>\n<\/li>\n<li>\n<h3>Logistika a doprava<\/h3>\n<p>Valec ramena sa pou\u017e\u00edva na ovl\u00e1danie zdv\u00edhania a pohybu vysokozdvi\u017en\u00fdch voz\u00edkov a manipula\u010dn\u00fdch robotov, \u010d\u00edm sa dosahuje manipul\u00e1cia a stohovanie materi\u00e1lov.<\/p>\n<\/li>\n<\/ul>\n<h2>\u00davahy o dizajne a krit\u00e9ri\u00e1 v\u00fdberu<\/h2>\n<p>Z h\u013eadiska kon\u0161trukcie by mal valec ramena sp\u013a\u0148a\u0165 nasleduj\u00face krit\u00e9ri\u00e1:<\/p>\n<ul>\n<li>\n<h3>Nosnos\u0165<\/h3>\n<p>Valec ramena mus\u00ed ma\u0165 dostato\u010dn\u00fa nosnos\u0165, aby sp\u013a\u0148al po\u017eiadavky r\u00f4znych strojov a pracovn\u00fdch podmienok.<\/p>\n<\/li>\n<li>\n<h3>Tesniaci v\u00fdkon<\/h3>\n<p>Valec ramena mus\u00ed ma\u0165 spo\u013eahliv\u00e9 tesnenie, aby sa zabr\u00e1nilo \u00faniku hydraulick\u00e9ho oleja a zabezpe\u010dila sa efekt\u00edvna prev\u00e1dzka.<\/p>\n<\/li>\n<li>\n<h3>Trvanlivos\u0165<\/h3>\n<p>Valec ramena mus\u00ed ma\u0165 dobr\u00fa odolnos\u0165 vo\u010di opotrebovaniu, odolnos\u0165 vo\u010di kor\u00f3zii a dlh\u00fa \u017eivotnos\u0165, najm\u00e4 pri pou\u017eit\u00ed v n\u00e1ro\u010dn\u00fdch podmienkach.<\/p>\n<\/li>\n<li>\n<h3>Bezpe\u010dnos\u0165<\/h3>\n<p>Valec ramena mus\u00ed ma\u0165 bezpe\u010dnostn\u00e9 prvky, ako s\u00fa pretlakov\u00e9 ventily, aby sa predi\u0161lo nehod\u00e1m a zabezpe\u010dila sa bezpe\u010dn\u00e1 prev\u00e1dzka.<\/p>\n<\/li>\n<li>\n<h3>Udr\u017eiavate\u013enos\u0165<\/h3>\n<p>Valec ramena mus\u00ed by\u0165 \u013eahko udr\u017eiavate\u013en\u00fd a opravovate\u013en\u00fd, \u010d\u00edm sa zni\u017euj\u00fa prestoje zariadenia a n\u00e1klady na \u00fadr\u017ebu.<\/p>\n<\/li>\n<\/ul>\n<p><img decoding=\"async\" src=\"https:\/\/www.hydraulic-cylinders.net\/wp-content\/uploads\/2025\/01\/songte-cylinder-head-with-all-kinds-excavator-models.webp\"><\/p>\n<h2>Tesnenie a mazanie<\/h2>\n<p>Valec ramena pou\u017e\u00edva r\u00f4zne tesniace komponenty, ako s\u00fa tesniace kr\u00fa\u017eky piestu, tesniace kr\u00fa\u017eky ty\u010de a \u010fal\u0161ie materi\u00e1ly odoln\u00e9 vo\u010di opotrebovaniu, ako je polyuret\u00e1n a nitrilov\u00fd kau\u010duk, aby sa zabezpe\u010dil dobr\u00fd tesniaci v\u00fdkon. Teleso valca a z\u00e1vitov\u00fd koniec s\u00fa jemne opracovan\u00e9 pre zlep\u0161enie odolnosti vo\u010di opotrebovaniu. Valec ramena vy\u017eaduje pravideln\u00e9 mazanie vhodn\u00fdm hydraulick\u00fdm olejom, aby sa zabezpe\u010dila efekt\u00edvna prev\u00e1dzka.<\/p>\n<h2>\u00dadr\u017eba a prevent\u00edvne opatrenia<\/h2>\n<p>Pravideln\u00e1 kontrola a prevent\u00edvna \u00fadr\u017eba s\u00fa nevyhnutn\u00e9 na zabezpe\u010denie efekt\u00edvnej a bezpe\u010dnej prev\u00e1dzky valca ramena. Mali by sa prija\u0165 nasleduj\u00face opatrenia:<\/p>\n<ul>\n<li>\n<h3>Pravidelne kontrolujte tesniaci v\u00fdkon valca.<\/h3>\n<\/li>\n<li>\n<h3>Pravidelne kontrolujte piestnu ty\u010d, \u010di nie je opotrebovan\u00e1 alebo po\u0161koden\u00e1.<\/h3>\n<\/li>\n<li>\n<h3>Pravidelne kontrolujte teleso valca a z\u00e1vitov\u00fd koniec, \u010di nie s\u00fa opotrebovan\u00e9 a kor\u00f3zovan\u00e9.<\/h3>\n<\/li>\n<li>\n<h3>Hydraulick\u00fd olej pravidelne vymie\u0148ajte pod\u013ea odpor\u00fa\u010dan\u00ed v\u00fdrobcu.<\/h3>\n<\/li>\n<li>\n<h3>Pre zaistenie bezpe\u010dnej prev\u00e1dzky pravidelne kontrolujte poistn\u00fd ventil.<\/h3>\n<\/li>\n<\/ul>\n<p><img decoding=\"async\" src=\"https:\/\/www.hydraulic-cylinders.net\/wp-content\/uploads\/2025\/01\/songte-chushion-collar.webp\"><\/p>\n<h2>In\u0161tala\u010dn\u00e1 pr\u00edru\u010dka<\/h2>\n<p>In\u0161tal\u00e1ciu valca ramena by mal vykona\u0165 kvalifikovan\u00fd technik pod\u013ea pokynov v\u00fdrobcu. Mali by sa dodr\u017eiava\u0165 nasleduj\u00face kroky:<\/p>\n<ul>\n<li>\n<h3>Vy\u010distite mont\u00e1\u017enu plochu valca ramena a mont\u00e1\u017enu plochu stroja.<\/h3>\n<\/li>\n<li>\n<h3>Nain\u0161talujte valec ramena a utiahnite mont\u00e1\u017ene skrutky na predp\u00edsan\u00fd kr\u00fatiaci moment.<\/h3>\n<\/li>\n<li>\n<h3>Pripojte hydraulick\u00e9 hadice a spojovacie prvky k valcu ramena pod\u013ea pokynov v\u00fdrobcu a dbajte na spr\u00e1vnu ve\u013ekos\u0165 z\u00e1vitu a u\u0165ahovac\u00ed moment.<\/h3>\n<\/li>\n<li>\n<h3>Napl\u0148te hydraulick\u00fd syst\u00e9m odpor\u00fa\u010dan\u00fdm hydraulick\u00fdm olejom.<\/h3>\n<\/li>\n<li>\n<h3>Obsluhujte stroj a overte spr\u00e1vnu funkciu valca ramena.<\/h3>\n<\/li>\n<\/ul>\n<h2>Bezpe\u010dnostn\u00e9 aspekty a faktory prostredia<\/h2>\n<p>Pri obsluhe strojov s valcom ramena je bezpe\u010dnos\u0165 mimoriadne d\u00f4le\u017eit\u00e1. Mali by sa dodr\u017eiava\u0165 nasleduj\u00face bezpe\u010dnostn\u00e9 opatrenia:<\/p>\n<ul>\n<li>\n<h3>Stroje by mali obsluhova\u0165 iba kvalifikovan\u00ed pracovn\u00edci.<\/h3>\n<\/li>\n<li>\n<h3>Obozn\u00e1mte sa s n\u00e1vodom na obsluhu a dodr\u017eiavajte bezpe\u010dnostn\u00e9 postupy.<\/h3>\n<\/li>\n<li>\n<h3>Noste vhodn\u00e9 osobn\u00e9 ochrann\u00e9 prostriedky, ako s\u00fa rukavice, ochrann\u00e9 okuliare a top\u00e1nky.<\/h3>\n<\/li>\n<li>\n<h3>Neprekra\u010dujte menovit\u00fa nosnos\u0165 stroja a valca ramena.<\/h3>\n<\/li>\n<li>\n<h3>Pravidelne kontrolujte strojov\u00e9 zariadenie a valec ramena, \u010di nejavia zn\u00e1mky opotrebovania alebo po\u0161kodenia.<\/h3>\n<\/li>\n<li>\n<h3>Hydraulick\u00fd olej a opotrebovan\u00e9 diely zlikvidujte riadne, aby ste chr\u00e1nili \u017eivotn\u00e9 prostredie.<\/h3>\n<\/li>\n<\/ul>\n<h2>Rie\u0161enie probl\u00e9mov a be\u017en\u00e9 probl\u00e9my<\/h2>\n<p>Nasleduj\u00fa niektor\u00e9 be\u017en\u00e9 probl\u00e9my, ktor\u00e9 sa m\u00f4\u017eu vyskytn\u00fa\u0165 s valcom ramena:<\/p>\n<ul>\n<li>\n<h3>\u00danik hydraulick\u00e9ho oleja<\/h3>\n<p>Z valca ramena m\u00f4\u017ee unika\u0165 hydraulick\u00fd olej z tesnenia piesta alebo tesnenia ty\u010de. Skontrolujte tesnenia a v pr\u00edpade potreby ich vyme\u0148te.<\/p>\n<\/li>\n<li>\n<h3>Zn\u00ed\u017een\u00e1 \u00fa\u010dinnos\u0165<\/h3>\n<p>Valec ramena m\u00f4\u017ee vykazova\u0165 zn\u00ed\u017een\u00fa \u00fa\u010dinnos\u0165 v d\u00f4sledku opotrebovania alebo po\u0161kodenia piestnej ty\u010de alebo telesa valca. Vyme\u0148te opotrebovan\u00e9 alebo po\u0161koden\u00e9 diely.<\/p>\n<\/li>\n<li>\n<h3>Abnorm\u00e1lny hluk<\/h3>\n<p>Valec ramena m\u00f4\u017ee po\u010das prev\u00e1dzky vyd\u00e1va\u0165 abnorm\u00e1lny hluk v d\u00f4sledku opotrebovania alebo po\u0161kodenia lo\u017e\u00edsk alebo in\u00fdch komponentov. Skontrolujte valec a vyme\u0148te po\u0161koden\u00e9 diely.<\/p>\n<\/li>\n<li>\n<h3>Nestabiln\u00e1 prev\u00e1dzka<\/h3>\n<p>Valec ramena m\u00f4\u017ee vykazova\u0165 nestabiln\u00fa prev\u00e1dzku z d\u00f4vodu probl\u00e9mov s hydraulick\u00fdm syst\u00e9mom, ako je napr\u00edklad nedostato\u010dn\u00fd hydraulick\u00fd tlak alebo porucha ventilu. Skontrolujte hydraulick\u00fd syst\u00e9m a v pr\u00edpade potreby ho opravte.<\/p>\n<\/li>\n<\/ul>\n<p>Ak sa vyskytn\u00fa ak\u00e9ko\u013evek probl\u00e9my, postupujte pod\u013ea pokynov v\u00fdrobcu na rie\u0161enie probl\u00e9mov a opravu, aby ste zabezpe\u010dili bezpe\u010dn\u00fa a efekt\u00edvnu prev\u00e1dzku stroja.<\/p>\n<h2>O n\u00e1s<\/h2>\n<p>Sme profesion\u00e1lny v\u00fdrobca n\u00e1hradn\u00fdch hydraulick\u00fdch valcov a pon\u00fakame \u0161irok\u00fa \u0161k\u00e1lu produktov a slu\u017eieb. Stali sme sa jedn\u00fdm z popredn\u00fdch v\u00fdrobcov a ve\u013ekoobchodn\u00fdch distrib\u00fatorov hydraulick\u00fdch valcov na dom\u00e1com aj medzin\u00e1rodnom trhu. V\u017edy dodr\u017eiavame z\u00e1sadu vynikaj\u00facej kvality, spoliehame sa na strat\u00e9giu riadenia priemyselnej v\u00fdroby v prepracovan\u00fdch v\u00fdrobn\u00fdch diel\u0148ach a neust\u00e1le zlep\u0161ujeme na\u0161u technick\u00fa \u00farove\u0148 a efektivitu v\u00fdroby. Zav\u00e1dzan\u00edm \u0161pi\u010dkov\u00fdch digit\u00e1lnych v\u00fdrobn\u00fdch zariaden\u00ed a profesion\u00e1lnych testovac\u00edch syst\u00e9mov neust\u00e1le optimalizujeme v\u00fdrobn\u00fa platformu, zlep\u0161ujeme proces kontroly kvality v\u00fdrobkov a m\u00e1me siln\u00e9 inovat\u00edvne schopnosti. Na\u0161\u00edm cie\u013eom je uspokoji\u0165 rozmanit\u00e9 potreby z\u00e1kazn\u00edkov s vysokou efektivitou, presnos\u0165ou a vysokou kvalitou.<\/p>\n<p>Na\u0161a spolo\u010dnos\u0165 pon\u00faka:<\/p>\n<ul>\n<li>\n<h3>Profesionalita<\/h3>\n<p>M\u00e1me t\u00edm sk\u00fasen\u00fdch in\u017einierov a technikov, ktor\u00ed s\u00fa odhodlan\u00ed poskytova\u0165 na\u0161im z\u00e1kazn\u00edkom vysoko kvalitn\u00e9 produkty a slu\u017eby.<\/p>\n<\/li>\n<li>\n<h3>Medzin\u00e1rodn\u00e1 certifik\u00e1cia<\/h3>\n<p>Na\u0161e v\u00fdrobky pre\u0161li medzin\u00e1rodn\u00fdmi certifik\u00e1ciami ako ISO 9001, CE a SGS, \u010do zaru\u010duje vysok\u00e9 \u0161tandardy kvality a bezpe\u010dnosti.<\/p>\n<\/li>\n<li>\n<h3>Slu\u017eby prisp\u00f4sobenia<\/h3>\n<p>M\u00f4\u017eeme doda\u0165 hydraulick\u00e9 valce na mieru, aby sme splnili \u0161pecifick\u00e9 po\u017eiadavky na\u0161ich z\u00e1kazn\u00edkov.<\/p>\n<\/li>\n<li>\n<h3>Pokro\u010dil\u00e9 v\u00fdrobn\u00e9 zariadenia<\/h3>\n<p>Pou\u017e\u00edvame modern\u00e9 vybavenie, ako s\u00fa CNC s\u00fastruhy, obr\u00e1bacie centr\u00e1 a testovacie zariadenia, aby sme zabezpe\u010dili kvalitu a efekt\u00edvnos\u0165 v\u00fdrobkov.<\/p>\n<\/li>\n<li>\n<h3>Popredajn\u00fd servis<\/h3>\n<p>Poskytujeme komplexn\u00fd popredajn\u00fd servis vr\u00e1tane technickej podpory, \u00fadr\u017eby a opr\u00e1v, aby sme zabezpe\u010dili dlhodob\u00e9 pou\u017e\u00edvanie na\u0161ich produktov.<\/p>\n<\/li>\n<\/ul>\n<p><img decoding=\"async\" src=\"https:\/\/www.hydraulic-cylinders.net\/wp-content\/uploads\/2025\/01\/songte-company-4.webp\"><br \/>\n<img decoding=\"async\" src=\"https:\/\/www.hydraulic-cylinders.net\/wp-content\/uploads\/2025\/01\/songte-company-3.webp\"><\/p>\n<p>Autor: lyl<\/p>","protected":false},"excerpt":{"rendered":"<p>Arm Cylinder For Liugong Small Excavator CLG915D Introduction Definition and Explanation An arm cylinder is a specially designed hydraulic cylinder used to provide linear motion and power to the arms of various types of machinery, such as excavators, cranes, and mechanical arms. The arm cylinder plays a crucial role in the hydraulic system, enabling the [&hellip;]<\/p>","protected":false},"featured_media":14779,"comment_status":"open","ping_status":"closed","template":"","meta":{"_et_pb_use_builder":"","_et_pb_old_content":"","_et_gb_content_width":""},"product_brand":[],"product_cat":[1497],"product_tag":[1498,1496],"class_list":{"0":"post-16498","1":"product","2":"type-product","3":"status-publish","4":"has-post-thumbnail","6":"product_cat-arm-cylinders","7":"product_tag-arm-cylinders","8":"product_tag-hydraulic-cylinders","10":"first","11":"instock","12":"shipping-taxable","13":"product-type-simple"},"amp_enabled":true,"_links":{"self":[{"href":"https:\/\/www.hydraulic-cylinders.net\/sk\/wp-json\/wp\/v2\/product\/16498","targetHints":{"allow":["GET"]}}],"collection":[{"href":"https:\/\/www.hydraulic-cylinders.net\/sk\/wp-json\/wp\/v2\/product"}],"about":[{"href":"https:\/\/www.hydraulic-cylinders.net\/sk\/wp-json\/wp\/v2\/types\/product"}],"replies":[{"embeddable":true,"href":"https:\/\/www.hydraulic-cylinders.net\/sk\/wp-json\/wp\/v2\/comments?post=16498"}],"wp:featuredmedia":[{"embeddable":true,"href":"https:\/\/www.hydraulic-cylinders.net\/sk\/wp-json\/wp\/v2\/media\/14779"}],"wp:attachment":[{"href":"https:\/\/www.hydraulic-cylinders.net\/sk\/wp-json\/wp\/v2\/media?parent=16498"}],"wp:term":[{"taxonomy":"product_brand","embeddable":true,"href":"https:\/\/www.hydraulic-cylinders.net\/sk\/wp-json\/wp\/v2\/product_brand?post=16498"},{"taxonomy":"product_cat","embeddable":true,"href":"https:\/\/www.hydraulic-cylinders.net\/sk\/wp-json\/wp\/v2\/product_cat?post=16498"},{"taxonomy":"product_tag","embeddable":true,"href":"https:\/\/www.hydraulic-cylinders.net\/sk\/wp-json\/wp\/v2\/product_tag?post=16498"}],"curies":[{"name":"pracovn\u00fd list","href":"https:\/\/api.w.org\/{rel}","templated":true}]}}