{"id":16500,"date":"2025-01-21T05:29:38","date_gmt":"2025-01-21T05:29:38","guid":{"rendered":"https:\/\/www.hydraulic-cylinders.net\/product\/arm-cylinder-for-liugong-small-excavator-clg9045d-907\/"},"modified":"2025-01-21T05:29:40","modified_gmt":"2025-01-21T05:29:40","slug":"arm-cylinder-for-liugong-small-excavator-clg9045d-907","status":"publish","type":"product","link":"https:\/\/www.hydraulic-cylinders.net\/sk\/produkt\/arm-cylinder-for-liugong-small-excavator-clg9045d-907\/","title":{"rendered":"Valec ramena pre mal\u00e9 r\u00fdpadlo Liugong CLG9045D\/907"},"content":{"rendered":"<h1>Valec ramena pre mal\u00e9 r\u00fdpadlo Liugong CLG9045D\/907<\/h1>\n<h2>\u00davod<\/h2>\n<p>Hydraulick\u00fd valec ramena je \u0161peci\u00e1lne navrhnut\u00fd hydraulick\u00fd valec, ktor\u00fd sa prim\u00e1rne pou\u017e\u00edva na zabezpe\u010denie line\u00e1rneho pohybu a v\u00fdkonu ramena r\u00f4znych strojov, ako s\u00fa r\u00fdpadl\u00e1, \u017eeriavy a mechanick\u00e9 ramen\u00e1. Hydraulick\u00fd valec ramena zohr\u00e1va k\u013e\u00fa\u010dov\u00fa \u00falohu v hydraulick\u00fdch syst\u00e9moch, preto\u017ee umo\u017e\u0148uje efekt\u00edvny pohyb a ovl\u00e1danie pr\u00eddavn\u00fdch zariaden\u00ed. Tieto valce nielen zabezpe\u010duj\u00fa plynul\u00fd pohyb, ale tie\u017e odol\u00e1vaj\u00fa \u0165a\u017ek\u00fdm za\u0165a\u017eeniam, \u010d\u00edm zabezpe\u010duj\u00fa efekt\u00edvnu prev\u00e1dzku a spo\u013eahlivos\u0165 strojov za r\u00f4znych prev\u00e1dzkov\u00fdch podmienok.<\/p>\n<p><img decoding=\"async\" src=\"https:\/\/www.hydraulic-cylinders.net\/wp-content\/uploads\/2025\/01\/songte-company-2.webp\"><\/p>\n<h2>Funkcie<\/h2>\n<ul>\n<li>\n<h3>Efekt\u00edvny prenos v\u00fdkonu:<\/h3>\n<p> Valec ramena poskytuje siln\u00fd line\u00e1rny pohyb a silu, \u010d\u00edm zais\u0165uje vysok\u00fa \u00fa\u010dinnos\u0165 mechanick\u00e9ho ramena pri r\u00f4znych oper\u00e1ci\u00e1ch.<\/li>\n<li>\n<h3>Presn\u00e9 ovl\u00e1danie:<\/h3>\n<p> V\u010faka hydraulick\u00e9mu syst\u00e9mu dok\u00e1\u017ee valec ramena dosiahnu\u0165 presn\u00e9 ovl\u00e1danie pohybu, v\u010faka \u010domu je ovl\u00e1danie pr\u00edslu\u0161enstva flexibilnej\u0161ie a presnej\u0161ie.<\/li>\n<li>\n<h3>Siln\u00e1 trvanlivos\u0165:<\/h3>\n<p> Valec ramena je zvy\u010dajne vyroben\u00fd z vysoko pevn\u00fdch materi\u00e1lov, m\u00e1 dobr\u00fa odolnos\u0165 vo\u010di opotrebovaniu a kor\u00f3zii a je vhodn\u00fd na dlhodob\u00e9 pou\u017e\u00edvanie v n\u00e1ro\u010dn\u00fdch podmienkach.<\/li>\n<li>\n<h3>Multifunk\u010dn\u00e1 prisp\u00f4sobivos\u0165:<\/h3>\n<p> Tieto valce sa daj\u00fa \u0161iroko pou\u017e\u00edva\u0165 v r\u00f4znych mechanick\u00fdch zariadeniach, ako s\u00fa bagre, \u017eeriavy a mechanick\u00e9 ramen\u00e1, a dok\u00e1\u017eu sa prisp\u00f4sobi\u0165 r\u00f4znym pracovn\u00fdm potreb\u00e1m.<\/li>\n<li>\n<h3>Jednoduch\u00e1 \u00fadr\u017eba:<\/h3>\n<p> V\u010faka jednoduchej \u00fadr\u017ebe a v\u00fdmene je pravideln\u00e1 kontrola a \u00fadr\u017eba pohodlnej\u0161ia, \u010do skracuje prestoje zariadenia.<\/li>\n<\/ul>\n<p><img decoding=\"async\" src=\"https:\/\/www.hydraulic-cylinders.net\/wp-content\/uploads\/2025\/01\/songte-oil-pipes-and-spare-parts.webp\"><\/p>\n<h2>Aplik\u00e1cie<\/h2>\n<p>Valec s ramenom sa \u0161iroko pou\u017e\u00edva v r\u00f4znych odvetviach vr\u00e1tane:<\/p>\n<ul>\n<li>\n<h3>Stavebn\u00e9 in\u017einierstvo:<\/h3>\n<p> V r\u00fdpadl\u00e1ch a \u017eeriavoch sa valec ramena pou\u017e\u00edva na ovl\u00e1danie pohybu vedra alebo v\u00fdlo\u017en\u00edka pri zemn\u00fdch pr\u00e1cach, manipul\u00e1cii s materi\u00e1lom a mont\u00e1\u017ei kon\u0161trukci\u00ed.<\/li>\n<li>\n<h3>V\u00fdroba:<\/h3>\n<p> V automatizovan\u00fdch v\u00fdrobn\u00fdch link\u00e1ch sa valec ramena pou\u017e\u00edva na pohyb mechanick\u00fdch ramien, ako je mont\u00e1\u017e, zv\u00e1ranie a manipul\u00e1cia, \u010d\u00edm sa zlep\u0161uje efektivita a presnos\u0165 v\u00fdroby.<\/li>\n<li>\n<h3>Po\u013enohospod\u00e1rske stroje:<\/h3>\n<p> V po\u013enohospod\u00e1rskych strojoch, ako s\u00fa zbera\u010de a seja\u010dky, riadi valec ramena pohyb ovl\u00e1dacieho ramena a vykon\u00e1va \u00falohy, ako je siatie, hnojenie a zber \u00farody.<\/li>\n<li>\n<h3>\u0164a\u017eba:<\/h3>\n<p> V bansk\u00fdch zariadeniach sa valec ramena pou\u017e\u00edva na ovl\u00e1danie pohybu ramena bansk\u00e9ho zariadenia na \u0165a\u017ebu a manipul\u00e1ciu s rudou.<\/li>\n<li>\n<h3>Logistika a doprava:<\/h3>\n<p> Vo vysokozdvi\u017en\u00fdch voz\u00edkoch a manipula\u010dn\u00fdch robotoch sa valec ramena pou\u017e\u00edva na ovl\u00e1danie zdv\u00edhania a pohybu vidl\u00edc, \u010d\u00edm sa realizuje manipul\u00e1cia s materi\u00e1lom a stohovanie.<\/li>\n<\/ul>\n<h2>\u00davahy o dizajne a krit\u00e9ri\u00e1 v\u00fdberu<\/h2>\n<p>Valec s ramenom je navrhnut\u00fd tak, aby mal ur\u010dit\u00e9 vlastnosti, ako je nosnos\u0165, tesnenie, odolnos\u0165, bezpe\u010dnos\u0165 a \u00fadr\u017eba, aby sa zabezpe\u010dil v\u00fdkon a spo\u013eahlivos\u0165 valca. <\/p>\n<ul>\n<li>\n<h3>Nosnos\u0165:<\/h3>\n<p> Valec ramena je navrhnut\u00fd tak, aby odolal \u0165a\u017ek\u00fdm za\u0165a\u017eeniam a pren\u00e1\u0161al siln\u00fd line\u00e1rny pohyb a silu.<\/li>\n<li>\n<h3>Tesnenie:<\/h3>\n<p> Na zabezpe\u010denie spr\u00e1vneho utesnenia a zn\u00ed\u017eenie \u00faniku kvapaliny sa pou\u017e\u00edvaj\u00fa r\u00f4zne tesnenia, ako napr\u00edklad tesnenia piestov a tesnenia ty\u010d\u00ed. Be\u017ene sa pou\u017e\u00edvaj\u00fa tesnenia vyroben\u00e9 z materi\u00e1lov odoln\u00fdch vo\u010di opotrebovaniu, ako je polyuret\u00e1n a nitrilov\u00fd kau\u010duk, a povrchy telesa valca a z\u00e1vitov\u00fdch koncov s\u00fa jemne opracovan\u00e9, aby sa zlep\u0161ila odolnos\u0165 vo\u010di opotrebovaniu.<\/li>\n<li>\n<h3>Trvanlivos\u0165:<\/h3>\n<p> Valec ramena je vyroben\u00fd z vysokopevnostn\u00fdch materi\u00e1lov, ako je legovan\u00e1 oce\u013e, aby sa zabezpe\u010dilo dlhodob\u00e9 pou\u017e\u00edvanie v n\u00e1ro\u010dn\u00fdch prev\u00e1dzkov\u00fdch podmienkach.<\/li>\n<li>\n<h3>Bezpe\u010dnos\u0165:<\/h3>\n<p> Hydraulick\u00fd valec ramena je navrhnut\u00fd s bezpe\u010dnostn\u00fdmi prvkami, ako s\u00fa napr\u00edklad pretlakov\u00e9 ventily, ktor\u00e9 chr\u00e1nia hydraulick\u00fd syst\u00e9m pred pretlakom.<\/li>\n<li>\n<h3>Udr\u017eiavate\u013enos\u0165:<\/h3>\n<p> Valec ramena je navrhnut\u00fd tak, aby sa dal \u013eahko udr\u017eiava\u0165 a vymie\u0148a\u0165, \u010d\u00edm sa skracuj\u00fa prestoje zariadenia.<\/li>\n<\/ul>\n<p><img decoding=\"async\" src=\"https:\/\/www.hydraulic-cylinders.net\/wp-content\/uploads\/2025\/01\/songte-cylinder-head-with-all-kinds-excavator-models.webp\"><\/p>\n<h2>Tesnenie a mazanie<\/h2>\n<p>Valec ramena pou\u017e\u00edva r\u00f4zne tesnenia, ako s\u00fa tesnenia piestov a tesnenia ty\u010d\u00ed, na zabezpe\u010denie spr\u00e1vneho utesnenia a zn\u00ed\u017eenie \u00faniku kvapaliny. Be\u017ene sa pou\u017e\u00edvaj\u00fa tesnenia vyroben\u00e9 z materi\u00e1lov odoln\u00fdch vo\u010di opotrebovaniu, ako je polyuret\u00e1n a nitrilov\u00fd kau\u010duk. Teleso valca a povrchy z\u00e1vitov\u00fdch koncov s\u00fa jemne opracovan\u00e9, aby sa zlep\u0161ila odolnos\u0165 vo\u010di opotrebovaniu. Pravideln\u00e9 prid\u00e1vanie vhodn\u00e9ho mno\u017estva hydraulick\u00e9ho oleja na mazanie valca m\u00f4\u017ee pred\u013a\u017ei\u0165 jeho \u017eivotnos\u0165.<\/p>\n<h2>Pravideln\u00e1 kontrola a opatrenia prevent\u00edvnej \u00fadr\u017eby<\/h2>\n<p>Pravideln\u00e1 kontrola a prevent\u00edvna \u00fadr\u017eba m\u00f4\u017eu pom\u00f4c\u0165 udr\u017ea\u0165 v\u00fdkon a spo\u013eahlivos\u0165 valca ramena. Mali by sa prija\u0165 nasleduj\u00face opatrenia:<\/p>\n<ul>\n<li>\n<h3>Pravidelne kontrolujte tesnenia:<\/h3>\n<p> Skontrolujte opotrebovanie alebo po\u0161kodenie tesnen\u00ed. Ak s\u00fa nejak\u00e9 po\u0161koden\u00e9, v\u010das ich vyme\u0148te.<\/li>\n<li>\n<h3>Skontrolujte teleso valca a piestnu ty\u010d:<\/h3>\n<p> Skontrolujte opotrebovanie alebo po\u0161kodenie telesa valca a piestnej ty\u010de. V pr\u00edpade potreby ich v\u010das vyme\u0148te.<\/li>\n<li>\n<h3>Pravidelne \u010distite valec:<\/h3>\n<p> Odstr\u00e1\u0148te ne\u010distoty a \u00falomky z valca, aby ste predi\u0161li po\u0161kodeniu tesnen\u00ed a in\u00fdch komponentov.<\/li>\n<li>\n<h3>Pravidelne kontrolujte hydraulick\u00fd olej:<\/h3>\n<p> Pravidelne kontrolujte hladinu a kvalitu hydraulick\u00e9ho oleja a v pr\u00edpade potreby olej dopl\u0148te alebo vyme\u0148te.<\/li>\n<\/ul>\n<p><img decoding=\"async\" src=\"https:\/\/www.hydraulic-cylinders.net\/wp-content\/uploads\/2025\/01\/songte-chushion-collar.webp\"><\/p>\n<h2>Sprievodca in\u0161tal\u00e1ciou produktu<\/h2>\n<p>Valec s ramenom by mal in\u0161talova\u0165 profesion\u00e1lny a sk\u00fasen\u00fd technik. Mali by sa vykona\u0165 nasleduj\u00face kroky:<\/p>\n<ol>\n<li>\n<h3>Pripravte si miesto in\u0161tal\u00e1cie:<\/h3>\n<p> Vy\u010distite miesto in\u0161tal\u00e1cie a uistite sa, \u017ee je dostatok miesta na in\u0161tal\u00e1ciu valca.<\/li>\n<li>\n<h3>Pripravte valec:<\/h3>\n<p> Odstr\u00e1\u0148te z\u00e1tky a skontrolujte valec, \u010di nie je po\u0161koden\u00fd alebo \u010di nie je po\u0161koden\u00fd.<\/li>\n<li>\n<h3>Nain\u0161talujte valec:<\/h3>\n<p> Na in\u0161tal\u00e1ciu valca a pripojenie hydraulick\u00fdch potrub\u00ed pou\u017eite vhodn\u00e9 n\u00e1stroje a vybavenie.<\/li>\n<li>\n<h3>Otestujte valec:<\/h3>\n<p> Otestujte valec, aby ste sa uistili, \u017ee funguje spr\u00e1vne.<\/li>\n<\/ol>\n<p><img decoding=\"async\" src=\"https:\/\/www.hydraulic-cylinders.net\/wp-content\/uploads\/2025\/01\/songte-bushings-with-all-kinds-of-excavator-models.webp\"><\/p>\n<h2>Bezpe\u010dnostn\u00e9 aspekty a faktory prostredia<\/h2>\n<p>Pri pou\u017e\u00edvan\u00ed valca s ramenom je d\u00f4le\u017eit\u00e9 dodr\u017eiava\u0165 bezpe\u010dnostn\u00e9 predpisy a pokyny, aby sa predi\u0161lo nehod\u00e1m. Pri pr\u00e1ci s valcom by sa mali dodr\u017eiava\u0165 bezpe\u010dnostn\u00e9 opatrenia, ako je nosenie ochrann\u00fdch prostriedkov a pou\u017e\u00edvanie v\u00fdstra\u017en\u00fdch zna\u010diek. Faktory prostredia, ako je teplota, vlhkos\u0165 a koroz\u00edvne l\u00e1tky, m\u00f4\u017eu ovplyvni\u0165 v\u00fdkon a \u017eivotnos\u0165 valca, preto je d\u00f4le\u017eit\u00e9 valec skladova\u0165 a pou\u017e\u00edva\u0165 za vhodn\u00fdch podmienok.<\/p>\n<h2>Rie\u0161enie probl\u00e9mov a be\u017en\u00e9 probl\u00e9my<\/h2>\n<p>Medzi be\u017en\u00e9 probl\u00e9my s valcom ramena patr\u00ed \u00fanik oleja, abnorm\u00e1lny hluk a posun valca. \u00danik oleja m\u00f4\u017ee by\u0165 sp\u00f4soben\u00fd opotrebovan\u00fdmi alebo po\u0161koden\u00fdmi tesneniami, nespr\u00e1vnou in\u0161tal\u00e1ciou alebo in\u00fdmi probl\u00e9mami. Abnorm\u00e1lny hluk m\u00f4\u017ee by\u0165 sp\u00f4soben\u00fd uvo\u013enen\u00fdmi spojmi, po\u0161koden\u00fdmi komponentmi alebo in\u00fdmi probl\u00e9mami. Posun valca m\u00f4\u017ee by\u0165 sp\u00f4soben\u00fd opotrebovan\u00fdmi alebo po\u0161koden\u00fdmi tesneniami, nedostato\u010dn\u00fdm hydraulick\u00fdm tlakom alebo in\u00fdmi probl\u00e9mami. Ak chcete tieto probl\u00e9my diagnostikova\u0165 a vyrie\u0161i\u0165, pozrite si pou\u017e\u00edvate\u013esk\u00fa pr\u00edru\u010dku alebo sa pora\u010fte s odborn\u00fdm technikom.<\/p>\n<h2>Predstavenie spolo\u010dnosti<\/h2>\n<p>Sme profesion\u00e1lny v\u00fdrobca n\u00e1hradn\u00fdch hydraulick\u00fdch valcov so \u0161irokou \u0161k\u00e1lou produktov a stali sme sa jedn\u00fdm z popredn\u00fdch v\u00fdrobcov a ve\u013ekoobchodn\u00fdch distrib\u00fatorov hydraulick\u00fdch valcov na dom\u00e1com aj medzin\u00e1rodnom trhu. V\u017edy dodr\u017eiavame princ\u00edp excelentnosti v kvalite a spoliehame sa na strat\u00e9giu riadenia priemyselnej v\u00fdroby v prepracovan\u00fdch v\u00fdrobn\u00fdch diel\u0148ach, aby sme neust\u00e1le zlep\u0161ovali na\u0161u technick\u00fa \u00farove\u0148 a efekt\u00edvnos\u0165 v\u00fdroby. Zav\u00e1dzan\u00edm \u0161pi\u010dkov\u00fdch digit\u00e1lnych v\u00fdrobn\u00fdch zariaden\u00ed a profesion\u00e1lnych testovac\u00edch syst\u00e9mov neust\u00e1le optimalizujeme v\u00fdrobn\u00fa platformu a zlep\u0161ujeme proces kontroly kvality v\u00fdrobkov so siln\u00fdmi inovat\u00edvnymi schopnos\u0165ami. Na\u0161\u00edm cie\u013eom je uspokoji\u0165 rozmanit\u00e9 potreby z\u00e1kazn\u00edkov s vysokou \u00fa\u010dinnos\u0165ou, presnos\u0165ou a vysokou kvalitou.<\/p>\n<p>Na\u0161a spolo\u010dnos\u0165 pon\u00faka profesion\u00e1lne slu\u017eby, medzin\u00e1rodn\u00fa certifik\u00e1ciu, prisp\u00f4soben\u00e9 slu\u017eby, modern\u00e9 v\u00fdrobn\u00e9 zariadenia a vynikaj\u00faci popredajn\u00fd servis. <\/p>\n<p><img decoding=\"async\" src=\"https:\/\/www.hydraulic-cylinders.net\/wp-content\/uploads\/2025\/01\/songte-company-4.webp\"><br \/>\n<img decoding=\"async\" src=\"https:\/\/www.hydraulic-cylinders.net\/wp-content\/uploads\/2025\/01\/songte-company-3.webp\"><\/p>\n<p>Autor: lyl<\/p>","protected":false},"excerpt":{"rendered":"<p>Arm Cylinder For Liugong Small Excavator CLG9045D\/907 Introduction The Arm Cylinder is a specially designed hydraulic cylinder that is primarily used to provide linear motion and power to the arm of various machinery such as excavators, cranes and mechanical arms. The Arm Cylinder plays a critical role in hydraulic systems, enabling attachments to move and [&hellip;]<\/p>","protected":false},"featured_media":14774,"comment_status":"open","ping_status":"closed","template":"","meta":{"_et_pb_use_builder":"","_et_pb_old_content":"","_et_gb_content_width":""},"product_brand":[],"product_cat":[1497],"product_tag":[1498,1496],"class_list":{"0":"post-16500","1":"product","2":"type-product","3":"status-publish","4":"has-post-thumbnail","6":"product_cat-arm-cylinders","7":"product_tag-arm-cylinders","8":"product_tag-hydraulic-cylinders","10":"first","11":"instock","12":"shipping-taxable","13":"product-type-simple"},"amp_enabled":true,"_links":{"self":[{"href":"https:\/\/www.hydraulic-cylinders.net\/sk\/wp-json\/wp\/v2\/product\/16500","targetHints":{"allow":["GET"]}}],"collection":[{"href":"https:\/\/www.hydraulic-cylinders.net\/sk\/wp-json\/wp\/v2\/product"}],"about":[{"href":"https:\/\/www.hydraulic-cylinders.net\/sk\/wp-json\/wp\/v2\/types\/product"}],"replies":[{"embeddable":true,"href":"https:\/\/www.hydraulic-cylinders.net\/sk\/wp-json\/wp\/v2\/comments?post=16500"}],"wp:featuredmedia":[{"embeddable":true,"href":"https:\/\/www.hydraulic-cylinders.net\/sk\/wp-json\/wp\/v2\/media\/14774"}],"wp:attachment":[{"href":"https:\/\/www.hydraulic-cylinders.net\/sk\/wp-json\/wp\/v2\/media?parent=16500"}],"wp:term":[{"taxonomy":"product_brand","embeddable":true,"href":"https:\/\/www.hydraulic-cylinders.net\/sk\/wp-json\/wp\/v2\/product_brand?post=16500"},{"taxonomy":"product_cat","embeddable":true,"href":"https:\/\/www.hydraulic-cylinders.net\/sk\/wp-json\/wp\/v2\/product_cat?post=16500"},{"taxonomy":"product_tag","embeddable":true,"href":"https:\/\/www.hydraulic-cylinders.net\/sk\/wp-json\/wp\/v2\/product_tag?post=16500"}],"curies":[{"name":"pracovn\u00fd list","href":"https:\/\/api.w.org\/{rel}","templated":true}]}}