{"id":16519,"date":"2025-01-21T05:31:09","date_gmt":"2025-01-21T05:31:09","guid":{"rendered":"https:\/\/www.hydraulic-cylinders.net\/product\/arm-cylinder-for-xgma-small-excavator-xg806\/"},"modified":"2025-01-21T05:31:11","modified_gmt":"2025-01-21T05:31:11","slug":"arm-cylinder-for-xgma-small-excavator-xg806","status":"publish","type":"product","link":"https:\/\/www.hydraulic-cylinders.net\/sk\/produkt\/arm-cylinder-for-xgma-small-excavator-xg806\/","title":{"rendered":"Valec ramena pre mal\u00e9 r\u00fdpadlo XGMA XG806"},"content":{"rendered":"<p>Valec ramena pre mal\u00e9 r\u00fdpadlo XGMA XG806<\/p>\n<h2>\u00davod<\/h2>\n<h3>Defin\u00edcia a vysvetlenie<\/h3>\n<p>Hydraulick\u00fd valec ramena je \u0161peci\u00e1lne navrhnut\u00fd hydraulick\u00fd valec, ktor\u00fd poskytuje line\u00e1rny pohyb a v\u00fdkon ramenu r\u00f4znych typov strojov, ako s\u00fa r\u00fdpadl\u00e1, \u017eeriavy a robotick\u00e9 ramen\u00e1. Valec ramena hr\u00e1 k\u013e\u00fa\u010dov\u00fa \u00falohu v hydraulickom syst\u00e9me, preto\u017ee umo\u017e\u0148uje efekt\u00edvny pohyb a ovl\u00e1danie pripojen\u00e9ho n\u00e1radia alebo pr\u00edslu\u0161enstva. Tieto valce nielen zabezpe\u010duj\u00fa plynul\u00fd pohyb, ale tie\u017e odol\u00e1vaj\u00fa \u0165a\u017ek\u00fdm za\u0165a\u017eeniam, \u010d\u00edm zabezpe\u010duj\u00fa efekt\u00edvnu prev\u00e1dzku a spo\u013eahlivos\u0165 strojov v r\u00f4znych pracovn\u00fdch podmienkach.<\/p>\n<p><img decoding=\"async\" src=\"https:\/\/www.hydraulic-cylinders.net\/wp-content\/uploads\/2025\/01\/songte-company-2.webp\"\/><\/p>\n<h2>Funkcie<\/h2>\n<ul>\n<li>Vysoko\u00fa\u010dinn\u00fd prevod: Valec ramena poskytuje siln\u00fd line\u00e1rny pohyb a silu, \u010d\u00edm zais\u0165uje vysoko\u00fa\u010dinn\u00fd v\u00fdkon robotick\u00e9ho ramena pri r\u00f4znych oper\u00e1ci\u00e1ch.<\/li>\n<li>Presn\u00e9 ovl\u00e1danie: Prostredn\u00edctvom hydraulick\u00e9ho syst\u00e9mu dok\u00e1\u017ee valec ramena dosiahnu\u0165 presn\u00e9 ovl\u00e1danie pohybu, v\u010faka \u010domu je ovl\u00e1danie pripojen\u00e9ho n\u00e1radia flexibilnej\u0161ie a presnej\u0161ie.<\/li>\n<li>Vysok\u00e1 odolnos\u0165: Valce ramien s\u00fa zvy\u010dajne vyroben\u00e9 z vysoko pevn\u00fdch materi\u00e1lov s dobrou odolnos\u0165ou proti opotrebovaniu a kor\u00f3zii, vhodn\u00e9 na dlhodob\u00e9 pou\u017e\u00edvanie v n\u00e1ro\u010dn\u00fdch podmienkach.<\/li>\n<li>Prisp\u00f4sobivos\u0165 r\u00f4znym aplik\u00e1ci\u00e1m: Tieto valce sa daj\u00fa \u0161iroko pou\u017e\u00edva\u0165 v r\u00f4znych mechanick\u00fdch zariadeniach, ako s\u00fa bagre, \u017eeriavy a robotick\u00e9 ramen\u00e1, a prisp\u00f4sobuj\u00fa sa r\u00f4znym pracovn\u00fdm po\u017eiadavk\u00e1m.<\/li>\n<li>Jednoduch\u00e1 \u00fadr\u017eba: Kon\u0161trukcia zoh\u013ead\u0148uje jednoduch\u00fa \u00fadr\u017ebu a v\u00fdmenu, v\u010faka \u010domu je pravideln\u00e1 kontrola a \u00fadr\u017eba pohodlnej\u0161ia a skracuje prestoje zariadenia.<\/li>\n<\/ul>\n<p>Tento produkt vieme vyrobi\u0165 a n\u00e1\u0161 produkt dok\u00e1\u017ee dokonale nahradi\u0165 tieto hydraulick\u00e9 valce.<\/p>\n<p><img decoding=\"async\" src=\"https:\/\/www.hydraulic-cylinders.net\/wp-content\/uploads\/2025\/01\/songte-oil-pipes-and-spare-parts.webp\"\/><\/p>\n<h2>Aplik\u00e1cie<\/h2>\n<h3>Stavebn\u00e9 in\u017einierstvo<\/h3>\n<p>V bagroch a \u017eeriavoch sa valec ramena pou\u017e\u00edva na ovl\u00e1danie pohybu vedra alebo v\u00fdlo\u017en\u00edka pri zemn\u00fdch pr\u00e1cach, manipul\u00e1cii s materi\u00e1lom a mont\u00e1\u017ei kon\u0161trukci\u00ed.<\/p>\n<h3>V\u00fdrobn\u00fd priemysel<\/h3>\n<p>V automatizovan\u00fdch v\u00fdrobn\u00fdch link\u00e1ch sa valec ramena pou\u017e\u00edva na pohyb robotick\u00fdch ramien, na mont\u00e1\u017ene, zv\u00e1racie a manipula\u010dn\u00e9 procesy, \u010d\u00edm sa zlep\u0161uje efektivita a presnos\u0165 v\u00fdroby.<\/p>\n<h3>Po\u013enohospod\u00e1rske stroje<\/h3>\n<p>V po\u013enohospod\u00e1rskych strojoch, ako s\u00fa zbera\u010de a seja\u010dky, riadi valec ramena pohyb ovl\u00e1dacieho ramena a vykon\u00e1va \u00falohy, ako je sadenie, hnojenie a zber \u00farody.<\/p>\n<h3>\u0164a\u017eba<\/h3>\n<p>V bansk\u00fdch zariadeniach sa valec ramena pou\u017e\u00edva na ovl\u00e1danie pohybu ramena bansk\u00e9ho zariadenia, na \u0165a\u017ebu a manipul\u00e1ciu s rudou.<\/p>\n<h3>Logistika a doprava<\/h3>\n<p>Vo vysokozdvi\u017en\u00fdch voz\u00edkoch a manipula\u010dn\u00fdch robotoch sa valec ramena pou\u017e\u00edva na ovl\u00e1danie zdv\u00edhania a pohybu vidl\u00edc, \u010d\u00edm sa realizuje manipul\u00e1cia a stohovanie materi\u00e1lov.<\/p>\n<p><img decoding=\"async\" src=\"https:\/\/www.hydraulic-cylinders.net\/wp-content\/uploads\/2025\/01\/songte-chushion-collar.webp\"\/><\/p>\n<h2>\u00davahy o dizajne a krit\u00e9ri\u00e1 v\u00fdberu<\/h2>\n<h3>Nosnos\u0165<\/h3>\n<p>Nosnos\u0165 valca ramena by sa mala starostlivo zv\u00e1\u017ei\u0165, preto\u017ee priamo ovplyv\u0148uje v\u00fdkon a bezpe\u010dnos\u0165 stroja.<\/p>\n<h3>Tesnenie<\/h3>\n<p>V\u00fdber vhodn\u00fdch tesniacich materi\u00e1lov je k\u013e\u00fa\u010dov\u00fd pre zabr\u00e1nenie \u00faniku hydraulickej kvapaliny, ktor\u00fd m\u00f4\u017ee po\u0161kodi\u0165 zariadenie a predstavova\u0165 bezpe\u010dnostn\u00e9 rizik\u00e1.<\/p>\n<h3>Trvanlivos\u0165<\/h3>\n<p>Valce ramien s\u00fa zvy\u010dajne vystaven\u00e9 drsn\u00e9mu prostrediu, preto je pou\u017eitie odoln\u00fdch materi\u00e1lov a povrchov\u00fdch \u00faprav nevyhnutn\u00e9 na zabezpe\u010denie dlhodobej spo\u013eahlivosti a v\u00fdkonu.<\/p>\n<h3>Bezpe\u010dnos\u0165<\/h3>\n<p>Kon\u0161trukcie valcov ramena by mali obsahova\u0165 bezpe\u010dnostn\u00e9 prvky, ako s\u00fa n\u00fadzov\u00e9 zastavenie, ochrana proti pre\u0165a\u017eeniu a pretlakov\u00e9 ventily, aby sa predi\u0161lo nehod\u00e1m a po\u0161kodeniu strojov.<\/p>\n<h3>\u00dadr\u017eba<\/h3>\n<p>Jednoduch\u00e1 \u00fadr\u017eba a opravy s\u00fa d\u00f4le\u017eit\u00fdmi faktormi pri kon\u0161trukcii valcov ramena, aby sa skr\u00e1tili prestoje a zv\u00fd\u0161ila produktivita.<\/p>\n<p><img decoding=\"async\" src=\"https:\/\/www.hydraulic-cylinders.net\/wp-content\/uploads\/2025\/01\/songte-cylinder-head-with-all-kinds-excavator-models.webp\"\/><\/p>\n<h2>Tesnenie a mazanie<\/h2>\n<p>V ramenn\u00fdch valcoch sa pou\u017e\u00edvaj\u00fa r\u00f4zne tesniace komponenty, ako s\u00fa tesnenia piestov a tesnenia ty\u010d\u00ed, aby sa zabr\u00e1nilo \u00faniku kvapaliny a zabezpe\u010dil spo\u013eahliv\u00fd v\u00fdkon. Materi\u00e1ly ako polyuret\u00e1n a nitrilov\u00e1 guma sa be\u017ene pou\u017e\u00edvaj\u00fa na tesniace komponenty kv\u00f4li ich odolnosti vo\u010di opotrebovaniu. Teleso valca a povrch z\u00e1vitov\u00e9ho konca s\u00fa jemne opracovan\u00e9, aby sa zlep\u0161ila odolnos\u0165 vo\u010di opotrebovaniu. Pravideln\u00e9 mazanie vhodn\u00fdm mno\u017estvom hydraulick\u00e9ho oleja je nevyhnutn\u00e9 pre spr\u00e1vne mazanie a \u00fadr\u017ebu ramenn\u00e9ho valca.<\/p>\n<h2>Kontrola a \u00fadr\u017eba<\/h2>\n<ul>\n<li>Pravidelne kontrolujte valec ramena, \u010di nevykazuje zn\u00e1mky opotrebovania, po\u0161kodenia alebo netesnost\u00ed.<\/li>\n<li>Opotrebovan\u00e9 alebo po\u0161koden\u00e9 diely ihne\u010f vyme\u0148te, aby ste predi\u0161li \u010fal\u0161iemu po\u0161kodeniu zariadenia.<\/li>\n<li>Pravidelne \u010distite valec ramena, aby ste zabr\u00e1nili vniknutiu ne\u010dist\u00f4t alebo \u00falomkov do hydraulick\u00e9ho syst\u00e9mu.<\/li>\n<li>Dodr\u017eiavajte odpor\u00fa\u010dan\u00fd pl\u00e1n \u00fadr\u017eby, aby ste zabezpe\u010dili dlhodob\u00fa spo\u013eahlivos\u0165 a v\u00fdkon valca ramena.<\/li>\n<\/ul>\n<p><img decoding=\"async\" src=\"https:\/\/www.hydraulic-cylinders.net\/wp-content\/uploads\/2025\/01\/songte-bushings-with-all-kinds-of-excavator-models.webp\"\/><\/p>\n<h2>In\u0161tala\u010dn\u00e1 pr\u00edru\u010dka<\/h2>\n<ul>\n<li>Pred in\u0161tal\u00e1ciou valca ramena sa uistite, \u017ee hydraulick\u00fd syst\u00e9m je bez tlaku.<\/li>\n<li>Pripevnite valec ramena k pr\u00edslu\u0161n\u00e9mu mont\u00e1\u017enemu dr\u017eiaku alebo doske.<\/li>\n<li>Pripojte hydraulick\u00e9 potrubia k vstupn\u00e9mu a v\u00fdstupn\u00e9mu otvoru valca ramena.<\/li>\n<li>Bezpe\u010dne dotiahnite v\u0161etky spoje a armat\u00fary.<\/li>\n<li>Dopl\u0148te hydraulick\u00fd syst\u00e9m vhodnou kvapalinou a v pr\u00edpade potreby zo syst\u00e9mu odvzdu\u0161nite.<\/li>\n<\/ul>\n<h2>Bezpe\u010dnostn\u00e9 aspekty a faktory prostredia<\/h2>\n<p>Pri obsluhe strojov s valcami ramena by mali by\u0165 zaveden\u00e9 vhodn\u00e9 bezpe\u010dnostn\u00e9 opatrenia, ako s\u00fa ochrann\u00e9 \u0161t\u00edty, n\u00fadzov\u00e9 zastavenie a v\u00fdstra\u017en\u00e9 zna\u010dky. Faktory prostredia, ako je teplota, vlhkos\u0165 a vibr\u00e1cie, m\u00f4\u017eu ovplyvni\u0165 v\u00fdkon a spo\u013eahlivos\u0165 valcov ramena, preto by sa mali prija\u0165 vhodn\u00e9 opatrenia na ochranu zariadenia a zabezpe\u010denie efekt\u00edvnej prev\u00e1dzky.<\/p>\n<h2>Diagnostika a rie\u0161enie probl\u00e9mov<\/h2>\n<p>Medzi be\u017en\u00e9 probl\u00e9my s valcami ramena patr\u00ed netesnos\u0165, pomal\u00e1 prev\u00e1dzka alebo neschopnos\u0165 vysun\u00fa\u0165 alebo zasun\u00fa\u0165 rameno. Tieto probl\u00e9my m\u00f4\u017eu by\u0165 sp\u00f4soben\u00e9 r\u00f4znymi faktormi, ako s\u00fa opotrebovan\u00e9 tesnenia, po\u0161koden\u00e9 piesty alebo n\u00edzka hladina kvapaliny. Kroky na rie\u0161enie probl\u00e9mov zah\u0155\u0148aj\u00fa kontrolu netesnost\u00ed, kontrolu hydraulick\u00fdch potrub\u00ed a testovanie solenoidov\u00e9ho ventilu. Na vyrie\u0161enie probl\u00e9mu by sa mali vykona\u0165 pr\u00edslu\u0161n\u00e9 kroky \u00fadr\u017eby alebo v\u00fdmeny.<\/p>\n<h2>O n\u00e1s<\/h2>\n<p>Sme profesion\u00e1lny v\u00fdrobca hydraulick\u00fdch valcov a stali sme sa jedn\u00fdm z popredn\u00fdch v\u00fdrobcov a ve\u013ekoobchodn\u00fdch distrib\u00fatorov hydraulick\u00fdch valcov na dom\u00e1com aj medzin\u00e1rodnom trhu. Dodr\u017eiavame princ\u00edp excelentnosti a spoliehame sa na industrializovan\u00e9 strat\u00e9gie riadenia v\u00fdroby v na\u0161ich prepracovan\u00fdch v\u00fdrobn\u00fdch diel\u0148ach, aby sme neust\u00e1le zlep\u0161ovali na\u0161e technol\u00f3gie a efektivitu v\u00fdroby. Zav\u00e1dzan\u00edm pokro\u010dil\u00fdch digit\u00e1lnych v\u00fdrobn\u00fdch zariaden\u00ed a profesion\u00e1lnych testovac\u00edch syst\u00e9mov neust\u00e1le optimalizujeme v\u00fdrobn\u00fa platformu, zlep\u0161ujeme procesy kontroly kvality v\u00fdrobkov a m\u00e1me siln\u00e9 inova\u010dn\u00e9 schopnosti. Na\u0161\u00edm cie\u013eom je uspokojova\u0165 rozmanit\u00e9 potreby na\u0161ich z\u00e1kazn\u00edkov s vysoko efekt\u00edvnym, presn\u00fdm a kvalitn\u00fdm pr\u00edstupom.<\/p>\n<h3>Profesionalita<\/h3>\n<p>N\u00e1\u0161 t\u00edm sa sklad\u00e1 zo sk\u00fasen\u00fdch in\u017einierov a technikov, ktor\u00ed zabezpe\u010duj\u00fa, aby ka\u017ed\u00fd hydraulick\u00fd valec bol navrhnut\u00fd a vyroben\u00fd tak, aby sp\u013a\u0148al najvy\u0161\u0161ie \u0161tandardy kvality a spo\u013eahlivosti.<\/p>\n<h3>Medzin\u00e1rodn\u00e1 certifik\u00e1cia<\/h3>\n<p>Na\u0161e v\u00fdrobky pre\u0161li medzin\u00e1rodn\u00fdmi certifik\u00e1ciami ako ISO9001, CE a ROHS a v na\u0161ich v\u00fdrobn\u00fdch procesoch pr\u00edsne dodr\u017eiavame medzin\u00e1rodn\u00e9 \u0161tandardy kvality.<\/p>\n<h3>Slu\u017eba prisp\u00f4sobenia<\/h3>\n<p>Pon\u00fakame rie\u0161enia hydraulick\u00fdch valcov na mieru, ktor\u00e9 sp\u013a\u0148aj\u00fa \u0161pecifick\u00e9 potreby na\u0161ich z\u00e1kazn\u00edkov, vr\u00e1tane n\u00e1vrhu, v\u00fdroby a mont\u00e1\u017ee.<\/p>\n<h3>V\u00fdrobn\u00e9 zariadenia<\/h3>\n<p>Pou\u017e\u00edvame pokro\u010dil\u00e9 digit\u00e1lne v\u00fdrobn\u00e9 zariadenia vr\u00e1tane CNC strojov, s\u00fastruhov a fr\u00e9zok, aby sme zabezpe\u010dili presnos\u0165 a efekt\u00edvnos\u0165 na\u0161ich v\u00fdrobn\u00fdch procesov.<\/p>\n<h3>Popredajn\u00fd servis<\/h3>\n<p>Poskytujeme komplexn\u00fd popredajn\u00fd servis a technick\u00fa podporu, aby sme zabezpe\u010dili dlhodob\u00fd v\u00fdkon a spo\u013eahlivos\u0165 na\u0161ich produktov.<\/p>\n<p><img decoding=\"async\" src=\"https:\/\/www.hydraulic-cylinders.net\/wp-content\/uploads\/2025\/01\/songte-company-4.webp\"\/><br \/>\n<img decoding=\"async\" src=\"https:\/\/www.hydraulic-cylinders.net\/wp-content\/uploads\/2025\/01\/songte-company-3.webp\"\/><\/p>\n<p>Autor: lyl.<\/p>","protected":false},"excerpt":{"rendered":"<p>Arm Cylinder For XGMA Small Excavator XG806 Introduction Definition and Explanation An arm cylinder is a specially designed hydraulic cylinder that provides linear motion and power to the arm of various types of machinery, such as excavators, cranes, and robotic arms. The arm cylinder plays a crucial role in the hydraulic system, enabling the effective [&hellip;]<\/p>","protected":false},"featured_media":14777,"comment_status":"open","ping_status":"closed","template":"","meta":{"_et_pb_use_builder":"","_et_pb_old_content":"","_et_gb_content_width":""},"product_brand":[],"product_cat":[1497],"product_tag":[1498,1496],"class_list":{"0":"post-16519","1":"product","2":"type-product","3":"status-publish","4":"has-post-thumbnail","6":"product_cat-arm-cylinders","7":"product_tag-arm-cylinders","8":"product_tag-hydraulic-cylinders","10":"first","11":"instock","12":"shipping-taxable","13":"product-type-simple"},"amp_enabled":true,"_links":{"self":[{"href":"https:\/\/www.hydraulic-cylinders.net\/sk\/wp-json\/wp\/v2\/product\/16519","targetHints":{"allow":["GET"]}}],"collection":[{"href":"https:\/\/www.hydraulic-cylinders.net\/sk\/wp-json\/wp\/v2\/product"}],"about":[{"href":"https:\/\/www.hydraulic-cylinders.net\/sk\/wp-json\/wp\/v2\/types\/product"}],"replies":[{"embeddable":true,"href":"https:\/\/www.hydraulic-cylinders.net\/sk\/wp-json\/wp\/v2\/comments?post=16519"}],"wp:featuredmedia":[{"embeddable":true,"href":"https:\/\/www.hydraulic-cylinders.net\/sk\/wp-json\/wp\/v2\/media\/14777"}],"wp:attachment":[{"href":"https:\/\/www.hydraulic-cylinders.net\/sk\/wp-json\/wp\/v2\/media?parent=16519"}],"wp:term":[{"taxonomy":"product_brand","embeddable":true,"href":"https:\/\/www.hydraulic-cylinders.net\/sk\/wp-json\/wp\/v2\/product_brand?post=16519"},{"taxonomy":"product_cat","embeddable":true,"href":"https:\/\/www.hydraulic-cylinders.net\/sk\/wp-json\/wp\/v2\/product_cat?post=16519"},{"taxonomy":"product_tag","embeddable":true,"href":"https:\/\/www.hydraulic-cylinders.net\/sk\/wp-json\/wp\/v2\/product_tag?post=16519"}],"curies":[{"name":"pracovn\u00fd list","href":"https:\/\/api.w.org\/{rel}","templated":true}]}}