{"id":16526,"date":"2025-01-21T05:31:38","date_gmt":"2025-01-21T05:31:38","guid":{"rendered":"https:\/\/www.hydraulic-cylinders.net\/product\/arm-cylinder-for-xgma-middle-excavator-xg822fl\/"},"modified":"2025-01-21T05:31:39","modified_gmt":"2025-01-21T05:31:39","slug":"arm-cylinder-for-xgma-middle-excavator-xg822fl","status":"publish","type":"product","link":"https:\/\/www.hydraulic-cylinders.net\/sk\/produkt\/arm-cylinder-for-xgma-middle-excavator-xg822fl\/","title":{"rendered":"Valec ramena pre stredn\u00e9 r\u00fdpadlo XGMA XG822FL"},"content":{"rendered":"<h2>Valec ramena pre stredn\u00e9 r\u00fdpadlo XGMA XG822FL<\/h2>\n<h3>Defin\u00edcia a vysvetlenie<\/h3>\n<p>Hydraulick\u00fd valec ramena je \u0161peci\u00e1lne navrhnut\u00fd hydraulick\u00fd valec pou\u017e\u00edvan\u00fd na zabezpe\u010denie line\u00e1rneho pohybu a v\u00fdkonu r\u00f4znych typov ramien strojov, ako s\u00fa r\u00fdpadl\u00e1, \u017eeriavy a mechanick\u00e9 ramen\u00e1. Valec ramena zohr\u00e1va k\u013e\u00fa\u010dov\u00fa \u00falohu v hydraulick\u00fdch syst\u00e9moch, preto\u017ee umo\u017e\u0148uje efekt\u00edvny pohyb a ovl\u00e1danie pripojen\u00e9ho n\u00e1radia alebo pr\u00edslu\u0161enstva. Tieto valce nielen dosahuj\u00fa plynul\u00fd pohyb, ale tie\u017e odol\u00e1vaj\u00fa \u0165a\u017ek\u00fdm za\u0165a\u017eeniam, \u010d\u00edm zabezpe\u010duj\u00fa efekt\u00edvnu prev\u00e1dzku a spo\u013eahlivos\u0165 strojov v r\u00f4znych pracovn\u00fdch podmienkach.<\/p>\n<p><img decoding=\"async\" src=\"https:\/\/www.hydraulic-cylinders.net\/wp-content\/uploads\/2025\/01\/songte-company-2.webp\" alt=\"Obr\u00e1zok valca ramena\"><\/p>\n<h3>Vlastnosti produktu<\/h3>\n<ul>\n<li><b>Efekt\u00edvny prenos v\u00fdkonu:<\/b> Valec ramena poskytuje siln\u00fd line\u00e1rny pohyb a silu, \u010d\u00edm zais\u0165uje vysok\u00fa prev\u00e1dzkov\u00fa \u00fa\u010dinnos\u0165 mechanick\u00e9ho ramena pri r\u00f4znych oper\u00e1ci\u00e1ch.<\/li>\n<li><b>Presn\u00e9 ovl\u00e1danie:<\/b> V\u010faka hydraulick\u00fdm syst\u00e9mom dok\u00e1\u017ee valec ramena dosiahnu\u0165 presn\u00e9 ovl\u00e1danie pohybu, v\u010faka \u010domu je ovl\u00e1danie pripojen\u00e9ho n\u00e1radia flexibilnej\u0161ie a presnej\u0161ie.<\/li>\n<li><b>Siln\u00e1 trvanlivos\u0165:<\/b> Valce ramien s\u00fa zvy\u010dajne vyroben\u00e9 z vysoko pevn\u00fdch materi\u00e1lov s dobrou odolnos\u0165ou vo\u010di opotrebovaniu a kor\u00f3zii, vhodn\u00fdch na dlhodob\u00e9 pou\u017e\u00edvanie v n\u00e1ro\u010dn\u00fdch podmienkach.<\/li>\n<li><b>Multifunk\u010dn\u00e1 prisp\u00f4sobivos\u0165:<\/b> Tieto valce sa daj\u00fa \u0161iroko pou\u017e\u00edva\u0165 v r\u00f4znych mechanick\u00fdch zariadeniach, ako s\u00fa bagre, \u017eeriavy a mechanick\u00e9 ramen\u00e1, aby sa prisp\u00f4sobili r\u00f4znym pracovn\u00fdm potreb\u00e1m.<\/li>\n<li><b>Jednoduch\u00e1 \u00fadr\u017eba:<\/b> Kon\u0161trukcia zoh\u013ead\u0148uje jednoduch\u00fa \u00fadr\u017ebu a v\u00fdmenu, \u010d\u00edm sa u\u013eah\u010duje pravideln\u00e1 kontrola a \u00fadr\u017eba a skracuj\u00fa sa prestoje zariaden\u00ed.<\/li>\n<\/ul>\n<p><img decoding=\"async\" src=\"https:\/\/www.hydraulic-cylinders.net\/wp-content\/uploads\/2025\/01\/songte-oil-pipes-and-spare-parts.webp\" alt=\"Obr\u00e1zok \u010dast\u00ed hydraulick\u00e9ho valca\"><\/p>\n<h3>Aplik\u00e1cie<\/h3>\n<p>Valec ramena sa \u0161iroko pou\u017e\u00edva v nieko\u013ek\u00fdch odvetviach:<\/p>\n<ul>\n<li><b>Kon\u0161trukcia:<\/b> V r\u00fdpadl\u00e1ch a \u017eeriavoch sa valec ramena pou\u017e\u00edva na ovl\u00e1danie pohybu vedra alebo v\u00fdlo\u017en\u00edka pri zemn\u00fdch pr\u00e1cach, manipul\u00e1cii s materi\u00e1lom a in\u0161tal\u00e1cii kon\u0161trukci\u00ed.<\/li>\n<li><b>V\u00fdroba:<\/b> V automatizovan\u00fdch v\u00fdrobn\u00fdch link\u00e1ch sa valec ramena pou\u017e\u00edva na pohyb mechanick\u00fdch ramien pri mont\u00e1\u017ei, zv\u00e1ran\u00ed a manipul\u00e1cii s materi\u00e1lom, \u010d\u00edm sa zvy\u0161uje efektivita a presnos\u0165 v\u00fdroby.<\/li>\n<li><b>Po\u013enohospod\u00e1rske stroje:<\/b> V po\u013enohospod\u00e1rskych strojoch, ako s\u00fa zbera\u010de a seja\u010dky, valec ramena riadi pohyb ovl\u00e1dacieho ramena a vykon\u00e1va \u00falohy, ako je siatie, hnojenie a zber \u00farody.<\/li>\n<li><b>\u0164a\u017eba:<\/b> V bansk\u00fdch zariadeniach sa valec ramena pou\u017e\u00edva na ovl\u00e1danie pohybu ramena bansk\u00e9ho zariadenia, vykon\u00e1vanie \u0165a\u017eobn\u00fdch a prepravn\u00fdch \u00faloh rudy.<\/li>\n<li><b>Logistika a doprava:<\/b> Vo vysokozdvi\u017en\u00fdch voz\u00edkoch a manipula\u010dn\u00fdch robotoch sa valec ramena pou\u017e\u00edva na ovl\u00e1danie zdv\u00edhania a pohybu vidl\u00edc, \u010d\u00edm sa dosahuje manipul\u00e1cia s materi\u00e1lom a stohovanie.<\/li>\n<\/ul>\n<h3>\u00davahy o dizajne a krit\u00e9ri\u00e1 v\u00fdberu<\/h3>\n<p>Pri navrhovan\u00ed a v\u00fdbere valcov ramena je potrebn\u00e9 zv\u00e1\u017ei\u0165 nieko\u013eko faktorov:<\/p>\n<h4>Nosnos\u0165<\/h4>\n<p>Valec mus\u00ed by\u0165 schopn\u00fd odola\u0165 predpokladanej sile a hmotnosti ramena stroja a ak\u00e9hoko\u013evek pripojen\u00e9ho n\u00e1radia alebo pr\u00edslu\u0161enstva.<\/p>\n<h4>Tesniaca schopnos\u0165<\/h4>\n<p>Valec mus\u00ed ma\u0165 spo\u013eahliv\u00e9 tesnenie, aby sa zabr\u00e1nilo \u00faniku hydraulickej kvapaliny a zabezpe\u010dila sa \u00fa\u010dinn\u00e1 prev\u00e1dzka.<\/p>\n<h4>Trvanlivos\u0165<\/h4>\n<p>Valec by mal by\u0165 vyroben\u00fd z vysokopevnostn\u00fdch materi\u00e1lov s dobrou odolnos\u0165ou vo\u010di opotrebovaniu a kor\u00f3zii, aby odolal n\u00e1ro\u010dn\u00e9mu pracovn\u00e9mu prostrediu.<\/p>\n<h4>Bezpe\u010dnos\u0165<\/h4>\n<p>F\u013ea\u0161a mus\u00ed sp\u013a\u0148a\u0165 bezpe\u010dnostn\u00e9 normy a ma\u0165 bezpe\u010dnostn\u00e9 prvky, ako s\u00fa napr\u00edklad pretlakov\u00e9 ventily, aby sa predi\u0161lo nehod\u00e1m.<\/p>\n<h4>\u00dadr\u017eba<\/h4>\n<p>Kon\u0161trukcia valca by mala zoh\u013ead\u0148ova\u0165 jednoduch\u00fa \u00fadr\u017ebu a v\u00fdmenu dielov, \u010do by viedlo k zn\u00ed\u017eeniu prestojov a n\u00e1kladov.<\/p>\n<p><img decoding=\"async\" src=\"https:\/\/www.hydraulic-cylinders.net\/wp-content\/uploads\/2025\/01\/songte-cylinder-head-with-all-kinds-excavator-models.webp\" alt=\"Obr\u00e1zok hlavy valcov\"><\/p>\n<h3>Tesnenie a mazanie<\/h3>\n<p>V ramenn\u00fdch valcoch sa pou\u017e\u00edvaj\u00fa r\u00f4zne tesnenia, ako s\u00fa tesnenia piestov a tesnenia ty\u010d\u00ed, aby sa zabr\u00e1nilo \u00faniku hydraulickej kvapaliny. Tieto tesnenia s\u00fa vyroben\u00e9 z materi\u00e1lov odoln\u00fdch vo\u010di opotrebovaniu, ako je polyuret\u00e1n a nitrilov\u00fd kau\u010duk, aby sa zabezpe\u010dilo dlhodob\u00e9 pou\u017e\u00edvanie v n\u00e1ro\u010dn\u00fdch podmienkach. Teleso valca a z\u00e1vitov\u00fd koniec s\u00fa jemne opracovan\u00e9, aby sa zlep\u0161ila odolnos\u0165 vo\u010di opotrebovaniu. Na mazanie je potrebn\u00e9 pravideln\u00e9 prid\u00e1vanie hydraulick\u00e9ho oleja.<\/p>\n<h3>\u00dadr\u017eba a odstra\u0148ovanie probl\u00e9mov<\/h3>\n<p>Pravideln\u00e1 kontrola a prevent\u00edvna \u00fadr\u017eba s\u00fa nevyhnutn\u00e9 pre zabezpe\u010denie dlhodobej a efekt\u00edvnej prev\u00e1dzky valcov ramena. Medzi be\u017en\u00e9 probl\u00e9my, ktor\u00e9 sa m\u00f4\u017eu vyskytn\u00fa\u0165, patria:<\/p>\n<ul>\n<li><b>\u00danik:<\/b> \u00danik hydraulickej kvapaliny z valca m\u00f4\u017ee by\u0165 sp\u00f4soben\u00fd opotrebovan\u00edm a po\u0161koden\u00edm tesnen\u00ed. M\u00f4\u017ee by\u0165 potrebn\u00e1 v\u00fdmena tesnen\u00ed alebo op\u00e4tovn\u00e9 obr\u00e1banie povrchu valca.<\/li>\n<li><b>Zaseknut\u00fd valec:<\/b> Valec sa m\u00f4\u017ee zasekn\u00fa\u0165 v d\u00f4sledku nahromaden\u00fdch ne\u010dist\u00f4t a hrdze. \u010cistenie valca a nanesenie prostriedku proti hrdzi m\u00f4\u017ee pom\u00f4c\u0165 vyrie\u0161i\u0165 probl\u00e9m.<\/li>\n<li><b>Abnorm\u00e1lny hluk:<\/b> Nezvy\u010dajn\u00fd hluk po\u010das prev\u00e1dzky valca m\u00f4\u017ee nazna\u010dova\u0165 probl\u00e9m s vn\u00fatorn\u00fdmi komponentmi. M\u00f4\u017ee by\u0165 potrebn\u00e1 kontrola a v\u00fdmena po\u0161koden\u00fdch dielov.<\/li>\n<\/ul>\n<p>Prevent\u00edvne opatrenia zah\u0155\u0148aj\u00fa pravideln\u00e9 \u010distenie, mazanie a v\u00fdmenu po\u0161koden\u00fdch dielov. Pre zaistenie bezpe\u010dnej a optim\u00e1lnej prev\u00e1dzky valca je nevyhnutn\u00e9 dodr\u017eiava\u0165 pokyny v\u00fdrobcu t\u00fdkaj\u00face sa \u00fadr\u017eby a opravy.<\/p>\n<p><img decoding=\"async\" src=\"https:\/\/www.hydraulic-cylinders.net\/wp-content\/uploads\/2025\/01\/songte-chushion-collar.webp\" alt=\"Obr\u00e1zok vank\u00fa\u0161ov\u00e9ho goliera\"><\/p>\n<h3>O na\u0161ej spolo\u010dnosti<\/h3>\n<p>Sme profesion\u00e1lny v\u00fdrobca n\u00e1hradn\u00fdch hydraulick\u00fdch valcov so \u0161irokou \u0161k\u00e1lou produktov a stali sme sa jedn\u00fdm z popredn\u00fdch v\u00fdrobcov a ve\u013ekoobchodn\u00fdch distrib\u00fatorov hydraulick\u00fdch valcov na dom\u00e1com aj medzin\u00e1rodnom trhu. V\u017edy dodr\u017eiavame princ\u00edp excelentnosti a spoliehame sa na industrializovan\u00e9 strat\u00e9gie riadenia v\u00fdroby v prec\u00edzne spracovan\u00fdch v\u00fdrobn\u00fdch diel\u0148ach, aby sme neust\u00e1le zlep\u0161ovali na\u0161u technick\u00fa \u00farove\u0148 a efekt\u00edvnos\u0165 v\u00fdroby. Prostredn\u00edctvom zav\u00e1dzania \u0161pi\u010dkov\u00fdch digit\u00e1lnych v\u00fdrobn\u00fdch zariaden\u00ed a profesion\u00e1lnych testovac\u00edch syst\u00e9mov neust\u00e1le optimalizujeme na\u0161u v\u00fdrobn\u00fa platformu, zlep\u0161ujeme proces kontroly kvality na\u0161ich v\u00fdrobkov a m\u00e1me siln\u00e9 inova\u010dn\u00e9 schopnosti. Na\u0161\u00edm cie\u013eom je uspokoji\u0165 rozmanit\u00e9 potreby na\u0161ich z\u00e1kazn\u00edkov s vysokou efektivitou, presnos\u0165ou a princ\u00edpmi vysokej kvality.<\/p>\n<h3>Na\u0161e slu\u017eby<\/h3>\n<ul>\n<li><b>Profesionalita:<\/b> M\u00e1me t\u00edm sk\u00fasen\u00fdch in\u017einierov a technikov, ktor\u00ed v\u00e1m m\u00f4\u017eu poskytn\u00fa\u0165 odborn\u00e9 poradenstvo a technick\u00fa podporu.<\/li>\n<li><b>Medzin\u00e1rodn\u00e1 certifik\u00e1cia:<\/b> Z\u00edskali sme r\u00f4zne medzin\u00e1rodn\u00e9 certifik\u00e1cie, ako napr\u00edklad ISO 9001, CE a SGS, aby sme zabezpe\u010dili, \u017ee na\u0161e produkty sp\u013a\u0148aj\u00fa medzin\u00e1rodn\u00e9 \u0161tandardy.<\/li>\n<li><b>Prisp\u00f4sobenie:<\/b> Pon\u00fakame slu\u017eby \u0161it\u00e9 na mieru, aby sme splnili \u0161pecifick\u00e9 potreby na\u0161ich z\u00e1kazn\u00edkov.<\/li>\n<li><b>V\u00fdrobn\u00e9 vybavenie:<\/b> M\u00e1me modern\u00e9 v\u00fdrobn\u00e9 zariadenia vr\u00e1tane CNC s\u00fastruhov, v\u0155ta\u010diek a hydraulick\u00fdch sk\u00fa\u0161obn\u00fdch stol\u00edc.<\/li>\n<li><b>Popredajn\u00fd servis:<\/b> Poskytujeme vynikaj\u00faci popredajn\u00fd servis vr\u00e1tane technickej podpory, \u00fadr\u017eby a opr\u00e1v, aby sme zabezpe\u010dili spokojnos\u0165 z\u00e1kazn\u00edkov.<\/li>\n<\/ul>\n<p><img decoding=\"async\" src=\"https:\/\/www.hydraulic-cylinders.net\/wp-content\/uploads\/2025\/01\/songte-company-4.webp\" alt=\"Obr\u00e1zok spolo\u010dnosti\"><br \/>\n<img decoding=\"async\" src=\"https:\/\/www.hydraulic-cylinders.net\/wp-content\/uploads\/2025\/01\/songte-company-3.webp\" alt=\"Obr\u00e1zok spolo\u010dnosti\"><\/p>\n<p>Autor: lyl<\/p>","protected":false},"excerpt":{"rendered":"<p>Arm Cylinder For XGMA Middle Excavator XG822FL Definition and Explanation An arm cylinder is a specially designed hydraulic cylinder used to provide linear motion and power to various types of machinery arms, such as excavators, cranes, and mechanical arms. The arm cylinder plays a critical role in hydraulic systems, enabling the effective movement and control [&hellip;]<\/p>","protected":false},"featured_media":14786,"comment_status":"open","ping_status":"closed","template":"","meta":{"_et_pb_use_builder":"","_et_pb_old_content":"","_et_gb_content_width":""},"product_brand":[],"product_cat":[1497],"product_tag":[1498,1496],"class_list":{"0":"post-16526","1":"product","2":"type-product","3":"status-publish","4":"has-post-thumbnail","6":"product_cat-arm-cylinders","7":"product_tag-arm-cylinders","8":"product_tag-hydraulic-cylinders","10":"first","11":"instock","12":"shipping-taxable","13":"product-type-simple"},"amp_enabled":true,"_links":{"self":[{"href":"https:\/\/www.hydraulic-cylinders.net\/sk\/wp-json\/wp\/v2\/product\/16526","targetHints":{"allow":["GET"]}}],"collection":[{"href":"https:\/\/www.hydraulic-cylinders.net\/sk\/wp-json\/wp\/v2\/product"}],"about":[{"href":"https:\/\/www.hydraulic-cylinders.net\/sk\/wp-json\/wp\/v2\/types\/product"}],"replies":[{"embeddable":true,"href":"https:\/\/www.hydraulic-cylinders.net\/sk\/wp-json\/wp\/v2\/comments?post=16526"}],"wp:featuredmedia":[{"embeddable":true,"href":"https:\/\/www.hydraulic-cylinders.net\/sk\/wp-json\/wp\/v2\/media\/14786"}],"wp:attachment":[{"href":"https:\/\/www.hydraulic-cylinders.net\/sk\/wp-json\/wp\/v2\/media?parent=16526"}],"wp:term":[{"taxonomy":"product_brand","embeddable":true,"href":"https:\/\/www.hydraulic-cylinders.net\/sk\/wp-json\/wp\/v2\/product_brand?post=16526"},{"taxonomy":"product_cat","embeddable":true,"href":"https:\/\/www.hydraulic-cylinders.net\/sk\/wp-json\/wp\/v2\/product_cat?post=16526"},{"taxonomy":"product_tag","embeddable":true,"href":"https:\/\/www.hydraulic-cylinders.net\/sk\/wp-json\/wp\/v2\/product_tag?post=16526"}],"curies":[{"name":"pracovn\u00fd list","href":"https:\/\/api.w.org\/{rel}","templated":true}]}}