{"id":16535,"date":"2025-01-21T05:32:16","date_gmt":"2025-01-21T05:32:16","guid":{"rendered":"https:\/\/www.hydraulic-cylinders.net\/product\/arm-cylinder-for-lonking-small-excavator-lg6065\/"},"modified":"2025-01-21T05:32:19","modified_gmt":"2025-01-21T05:32:19","slug":"arm-cylinder-for-lonking-small-excavator-lg6065","status":"publish","type":"product","link":"https:\/\/www.hydraulic-cylinders.net\/sk\/produkt\/arm-cylinder-for-lonking-small-excavator-lg6065\/","title":{"rendered":"Valec ramena pre mal\u00e9 r\u00fdpadlo Lonking LG6065"},"content":{"rendered":"<h2>Valec ramena pre mal\u00e9 r\u00fdpadlo Lonking LG6065<\/h2>\n<p>Hydraulick\u00fd valec ramena je \u0161peci\u00e1lne navrhnut\u00fd hydraulick\u00fd valec, ktor\u00fd sa pou\u017e\u00edva na zabezpe\u010denie line\u00e1rneho pohybu a v\u00fdkonu ramena r\u00f4znych strojov, ako s\u00fa r\u00fdpadl\u00e1, \u017eeriavy a mechanick\u00e9 ramen\u00e1. Valec ramena hr\u00e1 k\u013e\u00fa\u010dov\u00fa \u00falohu v hydraulick\u00fdch syst\u00e9moch, preto\u017ee umo\u017e\u0148uje plynul\u00fd pohyb a ovl\u00e1danie pr\u00edslu\u0161enstva alebo pr\u00edslu\u0161enstva. Tieto valce nielen dosahuj\u00fa plynul\u00fd pohyb, ale tie\u017e odol\u00e1vaj\u00fa \u0165a\u017ek\u00fdm za\u0165a\u017eeniam, \u010d\u00edm zabezpe\u010duj\u00fa efekt\u00edvnu prev\u00e1dzku a spo\u013eahlivos\u0165 strojov v r\u00f4znych pracovn\u00fdch podmienkach.<\/p>\n<p><img decoding=\"async\" src=\"https:\/\/www.hydraulic-cylinders.net\/wp-content\/uploads\/2025\/01\/songte-company-2.webp\" alt=\"Valec ramena\" \/><\/p>\n<h3>Vlastnosti valca ramena:<\/h3>\n<ul>\n<li><strong>Vysoko\u00fa\u010dinn\u00fd prenos v\u00fdkonu:<\/strong> Valec ramena poskytuje siln\u00fd line\u00e1rny pohyb a silu, \u010d\u00edm zais\u0165uje vysok\u00fd v\u00fdkon mechanick\u00e9ho ramena pri r\u00f4znych oper\u00e1ci\u00e1ch.<\/li>\n<li><strong>Presn\u00e9 ovl\u00e1danie:<\/strong> V\u010faka hydraulick\u00fdm syst\u00e9mom umo\u017e\u0148uje valec ramena presn\u00e9 ovl\u00e1danie pohybu, v\u010faka \u010domu je ovl\u00e1danie pr\u00edslu\u0161enstva flexibilnej\u0161ie a presnej\u0161ie.<\/li>\n<li><strong>Trvanlivos\u0165:<\/strong> Valce ramien s\u00fa zvy\u010dajne vyroben\u00e9 z vysoko pevn\u00fdch materi\u00e1lov s dobrou odolnos\u0165ou proti opotrebovaniu a kor\u00f3zii, vhodn\u00e9 na dlhodob\u00e9 pou\u017e\u00edvanie v n\u00e1ro\u010dn\u00fdch podmienkach.<\/li>\n<li><strong>Multifunk\u010dn\u00e1 prisp\u00f4sobivos\u0165:<\/strong> Tieto valce sa daj\u00fa \u0161iroko pou\u017e\u00edva\u0165 v r\u00f4znych mechanick\u00fdch zariadeniach, ako s\u00fa bagre, \u017eeriavy a mechanick\u00e9 ramen\u00e1, a prisp\u00f4sobuj\u00fa sa r\u00f4znym pracovn\u00fdm po\u017eiadavk\u00e1m.<\/li>\n<li><strong>Jednoduch\u00e1 \u00fadr\u017eba:<\/strong> Kon\u0161trukcia zoh\u013ead\u0148uje jednoduch\u00fa \u00fadr\u017ebu a v\u00fdmenu, v\u010faka \u010domu s\u00fa pravideln\u00e9 kontroly a \u00fadr\u017eba pohodlnej\u0161ie a skracuj\u00fa sa prestoje zariaden\u00ed.<\/li>\n<\/ul>\n<p><img decoding=\"async\" src=\"https:\/\/www.hydraulic-cylinders.net\/wp-content\/uploads\/2025\/01\/songte-oil-pipes-and-spare-parts.webp\" alt=\"N\u00e1hradn\u00e9 diely pre valce ramena\" \/><\/p>\n<h3>Pou\u017eitie valca ramena:<\/h3>\n<ul>\n<li><strong>Stavebn\u00e9 in\u017einierstvo:<\/strong> V bagroch a \u017eeriavoch sa valec ramena pou\u017e\u00edva na ovl\u00e1danie pohybu vedier alebo v\u00fdlo\u017en\u00edkov pri zemn\u00fdch pr\u00e1cach, manipul\u00e1cii s materi\u00e1lom a mont\u00e1\u017ei kon\u0161trukci\u00ed.<\/li>\n<li><strong>V\u00fdrobn\u00fd priemysel:<\/strong> V automatizovan\u00fdch v\u00fdrobn\u00fdch link\u00e1ch sa valec ramena pou\u017e\u00edva na pohyb mechanick\u00fdch ramien v procesoch, ako je mont\u00e1\u017e, zv\u00e1ranie a manipul\u00e1cia, \u010d\u00edm sa zlep\u0161uje efektivita a presnos\u0165 v\u00fdroby.<\/li>\n<li><strong>Po\u013enohospod\u00e1rske stroje:<\/strong> V po\u013enohospod\u00e1rskych strojoch, ako s\u00fa zbera\u010de a seja\u010dky, riadi valec ramena pohyb pracovn\u00fdch ramien a vykon\u00e1va \u00falohy, ako je siatie, hnojenie a zber \u00farody.<\/li>\n<li><strong>\u0164a\u017eobn\u00fd priemysel:<\/strong> V bansk\u00fdch zariadeniach sa valec ramena pou\u017e\u00edva na ovl\u00e1danie pohybu ramena bansk\u00e9ho zariadenia na \u0165a\u017ebu a prepravu rudy.<\/li>\n<li><strong>Logistika a doprava:<\/strong> Vo vysokozdvi\u017en\u00fdch voz\u00edkoch a manipula\u010dn\u00fdch robotoch sa valec ramena pou\u017e\u00edva na ovl\u00e1danie zdv\u00edhania a pohybu vidl\u00edc, \u010do umo\u017e\u0148uje manipul\u00e1ciu s materi\u00e1lom a stohovanie.<\/li>\n<\/ul>\n<p><img decoding=\"async\" src=\"https:\/\/www.hydraulic-cylinders.net\/wp-content\/uploads\/2025\/01\/songte-cylinder-head-with-all-kinds-excavator-models.webp\" alt=\"Aplik\u00e1cie valcov ramena\" \/><\/p>\n<h3>\u00davahy o dizajne a krit\u00e9ri\u00e1 v\u00fdberu:<\/h3>\n<ul>\n<li><strong>Nosnos\u0165:<\/strong> Valec ramena by mal by\u0165 navrhnut\u00fd tak, aby odolal \u0161pecifick\u00fdm po\u017eiadavk\u00e1m na za\u0165a\u017eenie strojov a pr\u00eddavn\u00fdch zariaden\u00ed.<\/li>\n<li><strong>Tesnenie:<\/strong> Mali by sa pou\u017ei\u0165 r\u00f4zne tesniace komponenty, ako s\u00fa tesnenia piestov a tesnenia ty\u010d\u00ed, a na ich kon\u0161trukciu by sa mali zvoli\u0165 materi\u00e1ly odoln\u00e9 vo\u010di opotrebovaniu, ako je polyuret\u00e1n a nitrilov\u00fd kau\u010duk.<\/li>\n<li><strong>Trvanlivos\u0165:<\/strong> Teleso valca a z\u00e1vitov\u00e9 konce by mali by\u0165 jemne o\u0161etren\u00e9, aby sa zlep\u0161ila odolnos\u0165 vo\u010di opotrebovaniu.<\/li>\n<li><strong>Bezpe\u010dnos\u0165:<\/strong> Bezpe\u010dnostn\u00e9 aspekty by mali zah\u0155\u0148a\u0165 funkcie, ako je ochrana proti pre\u0165a\u017eeniu a mechanizmy n\u00fadzov\u00e9ho zastavenia.<\/li>\n<li><strong>Udr\u017eiavate\u013enos\u0165:<\/strong> Kon\u0161trukcia by mala umo\u017e\u0148ova\u0165 jednoduch\u00fa \u00fadr\u017ebu a v\u00fdmenu komponentov a pre plynul\u00fd chod je nevyhnutn\u00e9 pravideln\u00e9 mazanie vhodn\u00fdm hydraulick\u00fdm olejom.<\/li>\n<\/ul>\n<p><img decoding=\"async\" src=\"https:\/\/www.hydraulic-cylinders.net\/wp-content\/uploads\/2025\/01\/songte-chushion-collar.webp\" alt=\"Komponenty valca ramena\" \/><\/p>\n<h3>Pravideln\u00e1 kontrola a prevent\u00edvna \u00fadr\u017eba:<\/h3>\n<ul>\n<li>Pravidelne kontrolujte, \u010di valec ramena nie je netesn\u00fd, po\u0161koden\u00fd alebo opotrebovan\u00fd.<\/li>\n<li>Skontrolujte a vyme\u0148te opotrebovan\u00e9 tesnenia alebo komponenty, aby ste zabezpe\u010dili ich spr\u00e1vnu funkciu.<\/li>\n<li>Udr\u017eiavajte spr\u00e1vne mazanie pravideln\u00fdm prid\u00e1van\u00edm primeran\u00e9ho mno\u017estva hydraulick\u00e9ho oleja.<\/li>\n<li>Monitorujte v\u00fdkon valca ramena a okam\u017eite rie\u0161te ak\u00e9ko\u013evek abnormality.<\/li>\n<li>Dodr\u017eiavajte pokyny v\u00fdrobcu t\u00fdkaj\u00face sa kontrol a \u00fadr\u017eby.<\/li>\n<\/ul>\n<h3>Sprievodca in\u0161tal\u00e1ciou produktu:<\/h3>\n<ul>\n<li>Pre spr\u00e1vnu in\u0161tal\u00e1ciu valca ramena dodr\u017eiavajte pokyny a pokyny v\u00fdrobcu.<\/li>\n<li>Uistite sa, \u017ee valec je bezpe\u010dne namontovan\u00fd a zarovnan\u00fd so strojov\u00fdm zariaden\u00edm.<\/li>\n<li>V\u0161etky spoje a spoje utiahnite odpor\u00fa\u010dan\u00fdm u\u0165ahovac\u00edm momentom.<\/li>\n<li>Vykonajte d\u00f4kladn\u00fa kontrolu, aby ste sa uistili, \u017ee valec funguje hladko a bez \u00fanikov.<\/li>\n<li>Ak po\u010das in\u0161tal\u00e1cie potrebujete pomoc, pora\u010fte sa s v\u00fdrobcom alebo odborn\u00edkom.<\/li>\n<\/ul>\n<p><img decoding=\"async\" src=\"https:\/\/www.hydraulic-cylinders.net\/wp-content\/uploads\/2025\/01\/songte-bushings-with-all-kinds-of-excavator-models.webp\" alt=\"In\u0161tal\u00e1cia valca ramena\" \/><\/p>\n<h3>Bezpe\u010dnostn\u00e9 aspekty a faktory prostredia:<\/h3>\n<p>Pri pou\u017e\u00edvan\u00ed valcov s ramenom s\u00fa bezpe\u010dnostn\u00e9 opatrenia nevyhnutn\u00e9 na ochranu person\u00e1lu a zariaden\u00ed pred potenci\u00e1lnymi nebezpe\u010denstvami. Pre zaistenie bezpe\u010dnej prev\u00e1dzky je d\u00f4le\u017eit\u00e9 dodr\u017eiava\u0165 bezpe\u010dnostn\u00e9 pokyny a predpisy. Aby sa predi\u0161lo po\u0161kodeniu alebo poruche valca s ramenom, mali by sa zv\u00e1\u017ei\u0165 aj faktory prostredia, ako je teplota a vlhkos\u0165.<\/p>\n<h3>Rie\u0161enie probl\u00e9mov a be\u017en\u00e9 probl\u00e9my:<\/h3>\n<p>1. Probl\u00e9m: Pomal\u00fd alebo trhav\u00fd pohyb ruky.<\/p>\n<p>Mo\u017en\u00e9 pr\u00ed\u010diny: N\u00edzka hladina hydraulick\u00e9ho oleja, opotrebovan\u00e9 tesnenia alebo upchat\u00e9 hydraulick\u00e9 vedenia.<\/p>\n<p>Rie\u0161enie: Skontrolujte a v pr\u00edpade potreby dopl\u0148te hydraulick\u00fd olej, skontrolujte a vyme\u0148te opotrebovan\u00e9 tesnenia a vy\u010distite alebo vyme\u0148te upchat\u00e9 hydraulick\u00e9 vedenia.<\/p>\n<p>2. Probl\u00e9m: \u00danik z valca ramena.<\/p>\n<p>Mo\u017en\u00e9 pr\u00ed\u010diny: Po\u0161koden\u00e9 tesnenia alebo armat\u00fary.<\/p>\n<p>Rie\u0161enie: Skontrolujte a vyme\u0148te po\u0161koden\u00e9 tesnenia alebo armat\u00fary, aby ste zastavili \u00fanik.<\/p>\n<p>3. Probl\u00e9m: Nadmern\u00fd hluk po\u010das pohybu ramena.<\/p>\n<p>Mo\u017en\u00e9 pr\u00ed\u010diny: Uvo\u013enen\u00e9 komponenty alebo nedostatok mazania.<\/p>\n<p>Rie\u0161enie: Utiahnite v\u0161etky uvo\u013enen\u00e9 komponenty a zabezpe\u010dte spr\u00e1vne mazanie valca ramena.<\/p>\n<p><img decoding=\"async\" src=\"https:\/\/www.hydraulic-cylinders.net\/wp-content\/uploads\/2025\/01\/songte-chushion-collar.webp\" alt=\"Rie\u0161enie probl\u00e9mov a \u00fadr\u017eba\" \/><\/p>\n<p>Dodr\u017eiavan\u00edm t\u00fdchto tipov a rie\u0161en\u00ed probl\u00e9mov m\u00f4\u017eu \u010ditatelia efekt\u00edvne diagnostikova\u0165 a rie\u0161i\u0165 probl\u00e9my s valcami ramena, ako aj implementova\u0165 prevent\u00edvne opatrenia na minimaliz\u00e1ciu potenci\u00e1lnych probl\u00e9mov.<\/p>\n<p>Nezabudnite \u010dl\u00e1nok logicky usporiada\u0165, pre jednoduch\u0161iu navig\u00e1ciu pou\u017e\u00edva\u0165 podnadpisy, pre lep\u0161ie pochopenie zahrn\u00fa\u0165 relevantn\u00e9 obr\u00e1zky alebo grafy a zabezpe\u010di\u0165, aby bol obsah jasn\u00fd, stru\u010dn\u00fd a vhodn\u00fd pre \u010ditate\u013eov s r\u00f4znymi \u00farov\u0148ami technick\u00fdch znalost\u00ed.<\/p>\n<p>Autor: lyl<\/p>\n<h3>O n\u00e1s<\/h3>\n<p>Sme profesion\u00e1lny v\u00fdrobca n\u00e1hradn\u00fdch hydraulick\u00fdch valcov a pon\u00fakame \u0161irok\u00fd sortiment produktov. Stali sme sa jedn\u00fdm z popredn\u00fdch v\u00fdrobcov a ve\u013ekoobchodn\u00fdch distrib\u00fatorov hydraulick\u00fdch valcov na dom\u00e1com aj medzin\u00e1rodnom trhu. Dodr\u017eiavame princ\u00edp excelentnosti v kvalite a spoliehame sa na strat\u00e9giu riadenia priemyselnej v\u00fdroby v jemn\u00fdch v\u00fdrobn\u00fdch diel\u0148ach s cie\u013eom neust\u00e1le zlep\u0161ova\u0165 technick\u00fa \u00farove\u0148 a efekt\u00edvnos\u0165 v\u00fdroby. Zav\u00e1dzan\u00edm \u0161pi\u010dkov\u00fdch digit\u00e1lnych v\u00fdrobn\u00fdch zariaden\u00ed a profesion\u00e1lnych testovac\u00edch syst\u00e9mov optimalizujeme na\u0161u v\u00fdrobn\u00fa platformu, zlep\u0161ujeme procesy kontroly kvality v\u00fdrobkov a disponujeme siln\u00fdmi inova\u010dn\u00fdmi schopnos\u0165ami. Na\u0161\u00edm cie\u013eom je uspokojova\u0165 rozmanit\u00e9 potreby z\u00e1kazn\u00edkov s efekt\u00edvnos\u0165ou, presnos\u0165ou a princ\u00edpmi vysokej kvality.<\/p>\n<p><img decoding=\"async\" src=\"https:\/\/www.hydraulic-cylinders.net\/wp-content\/uploads\/2025\/01\/songte-company-4.webp\" alt=\"Preh\u013ead spolo\u010dnosti\" \/><\/p>\n<p><img decoding=\"async\" src=\"https:\/\/www.hydraulic-cylinders.net\/wp-content\/uploads\/2025\/01\/songte-company-3.webp\" alt=\"Preh\u013ead spolo\u010dnosti\" \/><\/p>\n<p>\u010ealej roz\u0161irujeme prezent\u00e1ciu na\u0161ej spolo\u010dnosti o profesionalitu, medzin\u00e1rodn\u00fa certifik\u00e1ciu, z\u00e1kazkov\u00e9 slu\u017eby, v\u00fdrobn\u00e9 zariadenia, popredajn\u00fd servis at\u010f.<\/p>","protected":false},"excerpt":{"rendered":"<p>Arm Cylinder For Lonking Small Excavator LG6065 Arm Cylinder is a specially designed hydraulic cylinder that is used to provide linear motion and power to the arm of various machinery, such as excavators, cranes, and mechanical arms. The arm cylinder plays a critical role in hydraulic systems, enabling the smooth movement and control of attachments [&hellip;]<\/p>","protected":false},"featured_media":14759,"comment_status":"open","ping_status":"closed","template":"","meta":{"_et_pb_use_builder":"","_et_pb_old_content":"","_et_gb_content_width":""},"product_brand":[],"product_cat":[1497],"product_tag":[1498,1496],"class_list":{"0":"post-16535","1":"product","2":"type-product","3":"status-publish","4":"has-post-thumbnail","6":"product_cat-arm-cylinders","7":"product_tag-arm-cylinders","8":"product_tag-hydraulic-cylinders","10":"first","11":"instock","12":"shipping-taxable","13":"product-type-simple"},"amp_enabled":true,"_links":{"self":[{"href":"https:\/\/www.hydraulic-cylinders.net\/sk\/wp-json\/wp\/v2\/product\/16535","targetHints":{"allow":["GET"]}}],"collection":[{"href":"https:\/\/www.hydraulic-cylinders.net\/sk\/wp-json\/wp\/v2\/product"}],"about":[{"href":"https:\/\/www.hydraulic-cylinders.net\/sk\/wp-json\/wp\/v2\/types\/product"}],"replies":[{"embeddable":true,"href":"https:\/\/www.hydraulic-cylinders.net\/sk\/wp-json\/wp\/v2\/comments?post=16535"}],"wp:featuredmedia":[{"embeddable":true,"href":"https:\/\/www.hydraulic-cylinders.net\/sk\/wp-json\/wp\/v2\/media\/14759"}],"wp:attachment":[{"href":"https:\/\/www.hydraulic-cylinders.net\/sk\/wp-json\/wp\/v2\/media?parent=16535"}],"wp:term":[{"taxonomy":"product_brand","embeddable":true,"href":"https:\/\/www.hydraulic-cylinders.net\/sk\/wp-json\/wp\/v2\/product_brand?post=16535"},{"taxonomy":"product_cat","embeddable":true,"href":"https:\/\/www.hydraulic-cylinders.net\/sk\/wp-json\/wp\/v2\/product_cat?post=16535"},{"taxonomy":"product_tag","embeddable":true,"href":"https:\/\/www.hydraulic-cylinders.net\/sk\/wp-json\/wp\/v2\/product_tag?post=16535"}],"curies":[{"name":"pracovn\u00fd list","href":"https:\/\/api.w.org\/{rel}","templated":true}]}}