{"id":16548,"date":"2025-01-21T05:33:09","date_gmt":"2025-01-21T05:33:09","guid":{"rendered":"https:\/\/www.hydraulic-cylinders.net\/product\/arm-cylinder-for-lonking-large-excavator-lg6365\/"},"modified":"2025-01-21T05:33:11","modified_gmt":"2025-01-21T05:33:11","slug":"arm-cylinder-for-lonking-large-excavator-lg6365","status":"publish","type":"product","link":"https:\/\/www.hydraulic-cylinders.net\/sk\/produkt\/arm-cylinder-for-lonking-large-excavator-lg6365\/","title":{"rendered":"Valec ramena pre ve\u013ek\u00e9 r\u00fdpadlo Lonking LG6365"},"content":{"rendered":"<h2>Valec ramena pre ve\u013ek\u00e9 r\u00fdpadlo Lonking LG6365<\/h2>\n<h3>Defin\u00edcia a vysvetlenie<\/h3>\n<p>Hydraulick\u00fd valec ramena je \u0161peci\u00e1lne navrhnut\u00fd hydraulick\u00fd valec, ktor\u00fd sa prim\u00e1rne pou\u017e\u00edva na zabezpe\u010denie line\u00e1rneho pohybu a v\u00fdkonu ramena r\u00f4znych typov strojov, ako s\u00fa r\u00fdpadl\u00e1, \u017eeriavy a robotick\u00e9 ramen\u00e1. Valec ramena hr\u00e1 k\u013e\u00fa\u010dov\u00fa \u00falohu v hydraulickom syst\u00e9me, preto\u017ee umo\u017e\u0148uje efekt\u00edvne premiest\u0148ovanie a ovl\u00e1danie pr\u00edslu\u0161enstva alebo pr\u00edslu\u0161enstva. Tieto valce nielen zabezpe\u010duj\u00fa plynul\u00fd pohyb, ale tie\u017e odol\u00e1vaj\u00fa \u0165a\u017ek\u00fdm za\u0165a\u017eeniam, \u010d\u00edm zabezpe\u010duj\u00fa efekt\u00edvnu prev\u00e1dzku a spo\u013eahlivos\u0165 stroja v r\u00f4znych pracovn\u00fdch podmienkach.<\/p>\n<p><img decoding=\"async\" src=\"https:\/\/www.hydraulic-cylinders.net\/wp-content\/uploads\/2025\/01\/songte-company-2.webp\" alt=\"obr\u00e1zok valca ramena\" \/><\/p>\n<h3>Funkcie<\/h3>\n<ul>\n<li><strong>Vysoko\u00fa\u010dinn\u00fd prenos v\u00fdkonu:<\/strong> Valce ramena poskytuj\u00fa siln\u00fd line\u00e1rny pohyb a silu, \u010d\u00edm zais\u0165uj\u00fa vysok\u00fd v\u00fdkon pri r\u00f4znych oper\u00e1ci\u00e1ch, ako je zdv\u00edhanie a kopanie.<\/li>\n<li><strong>Presn\u00e9 ovl\u00e1danie:<\/strong> Prostredn\u00edctvom hydraulick\u00e9ho syst\u00e9mu m\u00f4\u017eu valce ramena dosiahnu\u0165 presn\u00e9 ovl\u00e1danie pohybu, \u010d\u00edm sa prev\u00e1dzka pr\u00eddavn\u00fdch zariaden\u00ed st\u00e1va flexibilnej\u0161ou a presnej\u0161ou.<\/li>\n<li><strong>Siln\u00e1 trvanlivos\u0165:<\/strong> Valce ramien s\u00fa zvy\u010dajne vyroben\u00e9 z vysoko pevn\u00fdch materi\u00e1lov a maj\u00fa dobr\u00fa odolnos\u0165 vo\u010di opotrebovaniu a kor\u00f3zii, v\u010faka \u010domu s\u00fa vhodn\u00e9 na dlhodob\u00e9 pou\u017e\u00edvanie v n\u00e1ro\u010dn\u00fdch podmienkach.<\/li>\n<li><strong>Multifunk\u010dn\u00e1 prisp\u00f4sobivos\u0165:<\/strong> Tieto valce sa daj\u00fa \u0161iroko pou\u017e\u00edva\u0165 v r\u00f4znych typoch strojov, ako s\u00fa bagre, \u017eeriavy a robotick\u00e9 ramen\u00e1, a prisp\u00f4sobuj\u00fa sa r\u00f4znym pracovn\u00fdm po\u017eiadavk\u00e1m.<\/li>\n<li><strong>Jednoduch\u00e1 \u00fadr\u017eba:<\/strong> Kon\u0161trukcia valca ramena zoh\u013ead\u0148uje jednoduch\u00fa \u00fadr\u017ebu a v\u00fdmenu, v\u010faka \u010domu je pravideln\u00e1 kontrola a \u00fadr\u017eba pohodlnej\u0161ia a skracuje prestoje zariadenia.<\/li>\n<\/ul>\n<p>Tento produkt vieme vyrobi\u0165 a n\u00e1\u0161 produkt dok\u00e1\u017ee dokonale nahradi\u0165 tieto hydraulick\u00e9 valce.<\/p>\n<p><img decoding=\"async\" src=\"https:\/\/www.hydraulic-cylinders.net\/wp-content\/uploads\/2025\/01\/songte-oil-pipes-and-spare-parts.webp\" alt=\"obr\u00e1zok olejov\u00fdch potrub\u00ed a n\u00e1hradn\u00fdch dielov\" \/><\/p>\n<h3>Aplik\u00e1cie<\/h3>\n<p>Valec ramena sa \u0161iroko pou\u017e\u00edva v r\u00f4znych odvetviach vr\u00e1tane:<\/p>\n<ul>\n<li><strong>Kon\u0161trukcia:<\/strong> V bagroch a \u017eeriavoch sa valec ramena pou\u017e\u00edva na ovl\u00e1danie pohybu vedier alebo v\u00fdlo\u017en\u00edkov pri zemn\u00fdch pr\u00e1cach, manipul\u00e1cii s materi\u00e1lom a mont\u00e1\u017ei kon\u0161trukci\u00ed.<\/li>\n<li><strong>V\u00fdroba:<\/strong> V automatizovan\u00fdch v\u00fdrobn\u00fdch link\u00e1ch sa valec ramena pou\u017e\u00edva na vykon\u00e1vanie procesn\u00fdch oper\u00e1ci\u00ed, ako je mont\u00e1\u017e, zv\u00e1ranie a manipul\u00e1cia s materi\u00e1lom, \u010d\u00edm sa zlep\u0161uje efektivita a presnos\u0165 v\u00fdroby.<\/li>\n<li><strong>Po\u013enohospod\u00e1rstvo:<\/strong> V po\u013enohospod\u00e1rskych strojoch, ako s\u00fa zbera\u010de a seja\u010dky, valec ramena riadi pohyb ovl\u00e1dacieho ramena a vykon\u00e1va \u00falohy, ako je siatie, hnojenie a zber \u00farody.<\/li>\n<li><strong>\u0164a\u017eba:<\/strong> V bansk\u00fdch zariadeniach sa valec ramena pou\u017e\u00edva na ovl\u00e1danie pohybu ramena bansk\u00e9ho zariadenia, ktor\u00e9 vykon\u00e1va \u00falohy, ako je \u0165a\u017eba a manipul\u00e1cia s materi\u00e1lom.<\/li>\n<li><strong>Logistika a doprava:<\/strong> Vo vysokozdvi\u017en\u00fdch voz\u00edkoch a manipula\u010dn\u00fdch robotoch sa valec ramena pou\u017e\u00edva na ovl\u00e1danie zdv\u00edhania a pohybu n\u00e1kladu, \u010d\u00edm sa dosahuje manipul\u00e1cia s materi\u00e1lom a jeho stohovanie.<\/li>\n<\/ul>\n<h3>\u00davahy o dizajne a krit\u00e9ri\u00e1 v\u00fdberu<\/h3>\n<p>Pri navrhovan\u00ed a v\u00fdbere valcov ramena je potrebn\u00e9 zv\u00e1\u017ei\u0165 nieko\u013eko k\u013e\u00fa\u010dov\u00fdch faktorov:<\/p>\n<ul>\n<li><strong>Nosnos\u0165:<\/strong> Valec ramena mus\u00ed ma\u0165 dostato\u010dn\u00fa nosnos\u0165, aby odolal hmotnosti pr\u00edslu\u0161enstva a materi\u00e1lov.<\/li>\n<li><strong>Tesnenie:<\/strong> Na zabr\u00e1nenie \u00faniku kvapaliny a zabezpe\u010denie spo\u013eahliv\u00e9ho v\u00fdkonu by sa mali pou\u017e\u00edva\u0165 r\u00f4zne tesniace komponenty, ako s\u00fa tesnenia piestov a tesnenia ty\u010d\u00ed.<\/li>\n<li><strong>Trvanlivos\u0165:<\/strong> Valec ramena by mal by\u0165 vyroben\u00fd z vysoko kvalitn\u00fdch materi\u00e1lov a mal by ma\u0165 spr\u00e1vnu povrchov\u00fa \u00fapravu, aby sa zabezpe\u010dila odolnos\u0165 vo\u010di opotrebovaniu a kor\u00f3zii a dlhodob\u00e9 pou\u017e\u00edvanie v n\u00e1ro\u010dn\u00fdch podmienkach.<\/li>\n<li><strong>Bezpe\u010dnos\u0165:<\/strong> Aby sa predi\u0161lo nehod\u00e1m, mali by sa zv\u00e1\u017ei\u0165 bezpe\u010dnostn\u00e9 prvky, ako je ochrana proti pre\u0165a\u017eeniu a n\u00fadzov\u00e9 zastavenie.<\/li>\n<li><strong>Udr\u017eiavate\u013enos\u0165:<\/strong> Valec ramena by mal by\u0165 \u013eahko udr\u017eiavate\u013en\u00fd a vymenite\u013en\u00fd, aby sa minimalizovali prestoje zariadenia.<\/li>\n<\/ul>\n<p><img decoding=\"async\" src=\"https:\/\/www.hydraulic-cylinders.net\/wp-content\/uploads\/2025\/01\/songte-cylinder-head-with-all-kinds-excavator-models.webp\" alt=\"hlava valcov so v\u0161etk\u00fdmi druhmi modelov r\u00fdpadiel\" \/><\/p>\n<h3>Tesnenie a mazanie<\/h3>\n<p>Valce ramena pou\u017e\u00edvaj\u00fa r\u00f4zne tesniace komponenty, ako s\u00fa tesnenia piestov a tesnenia ty\u010d\u00ed, aby sa zabr\u00e1nilo \u00faniku kvapaliny a zabezpe\u010dil spo\u013eahliv\u00fd v\u00fdkon. Tieto tesniace komponenty s\u00fa vyroben\u00e9 z materi\u00e1lov odoln\u00fdch vo\u010di opotrebovaniu, ako je polyuret\u00e1n a nitrilov\u00fd kau\u010duk. Teleso valca a z\u00e1vitov\u00fd koniec s\u00fa jemne opracovan\u00e9, aby sa zlep\u0161ila odolnos\u0165 vo\u010di opotrebovaniu. Na zabezpe\u010denie plynul\u00e9ho chodu a pred\u013a\u017eenie \u017eivotnosti valca ramena je potrebn\u00e9 spr\u00e1vne mazanie hydraulick\u00fdm olejom.<\/p>\n<h3>Kontrola a prevent\u00edvna \u00fadr\u017eba<\/h3>\n<p>Pravideln\u00e1 kontrola a prevent\u00edvna \u00fadr\u017eba s\u00fa nevyhnutn\u00e9 na zabezpe\u010denie spo\u013eahlivej prev\u00e1dzky valca ramena a minimaliz\u00e1ciu prestojov zariadenia. Medzi k\u013e\u00fa\u010dov\u00e9 polo\u017eky kontroly a \u00fadr\u017eby patr\u00ed kontrola netesnost\u00ed, kontrola opotrebovania povrchu telesa valca a piestnej ty\u010de a v\u00fdmena opotrebovan\u00fdch alebo po\u0161koden\u00fdch tesniacich komponentov. Okrem toho, pravideln\u00e1 v\u00fdmena hydraulick\u00e9ho oleja a \u010distenie telesa valca a piestnej ty\u010de m\u00f4\u017ee pom\u00f4c\u0165 predch\u00e1dza\u0165 poruch\u00e1m.<\/p>\n<p><img decoding=\"async\" src=\"https:\/\/www.hydraulic-cylinders.net\/wp-content\/uploads\/2025\/01\/songte-chushion-collar.webp\" alt=\"obr\u00e1zok goliera chushion\" \/><\/p>\n<h3>In\u0161tala\u010dn\u00e1 pr\u00edru\u010dka<\/h3>\n<p>Pred in\u0161tal\u00e1ciou valca ramena sa uistite, \u017ee hydraulick\u00fd syst\u00e9m je \u010dist\u00fd a bez ne\u010dist\u00f4t. Pri in\u0161tal\u00e1cii valca sa vyh\u00fdbajte n\u00e1razom alebo \u00faderom do tela valca a piestnej ty\u010de, aby ste predi\u0161li ich po\u0161kodeniu. Z\u00e1vitov\u00fd koniec valca by mal by\u0165 utiahnut\u00fd predp\u00edsan\u00fdm kr\u00fatiacim momentom, aby sa zabezpe\u010dilo spo\u013eahliv\u00e9 utesnenie. Po in\u0161tal\u00e1cii vykonajte tlakov\u00fa sk\u00fa\u0161ku, aby ste skontrolovali tesnos\u0165 a zabezpe\u010dili spr\u00e1vnu prev\u00e1dzku.<\/p>\n<h3>Bezpe\u010dnostn\u00e9 aspekty a faktory prostredia<\/h3>\n<p>Pri pou\u017e\u00edvan\u00ed valca ramena je d\u00f4le\u017eit\u00e9 dodr\u017eiava\u0165 bezpe\u010dnostn\u00e9 postupy, aby sa predi\u0161lo nehod\u00e1m. Obsluha by mala by\u0165 vy\u0161kolen\u00e1 a kvalifikovan\u00e1 na obsluhu zariadenia a mali by sa pou\u017e\u00edva\u0165 bezpe\u010dnostn\u00e9 prvky, ako je ochrana pred pre\u0165a\u017een\u00edm a n\u00fadzov\u00e9 zastavenie. Okrem toho by sa mali zv\u00e1\u017ei\u0165 faktory prostredia, ako je teplota a vlhkos\u0165, aby sa zabezpe\u010dila spr\u00e1vna prev\u00e1dzka a predi\u0161lo sa poruch\u00e1m.<\/p>\n<h3>Rie\u0161enie probl\u00e9mov a be\u017en\u00e9 probl\u00e9my<\/h3>\n<p>Medzi be\u017en\u00e9 probl\u00e9my s valcami ramena patr\u00ed \u00fanik kvapaliny, nedostato\u010dn\u00fd v\u00fdkon a abnorm\u00e1lny hluk. Na diagnostiku a rie\u0161enie t\u00fdchto probl\u00e9mov je d\u00f4le\u017eit\u00e9 skontrolova\u0165 tesniace komponenty, hladinu hydraulick\u00e9ho oleja a povrch telesa valca a piestnej ty\u010de, \u010di nie s\u00fa opotrebovan\u00e9 alebo po\u0161koden\u00e9. Okrem toho, pravideln\u00e1 kontrola a \u00fadr\u017eba m\u00f4\u017eu pom\u00f4c\u0165 predch\u00e1dza\u0165 potenci\u00e1lnym probl\u00e9mom.<\/p>\n<p>Ak probl\u00e9my pretrv\u00e1vaj\u00fa, kontaktujte odborn\u00edka, ktor\u00fd v\u00e1m poskytne pomoc a opravy.<\/p>\n<p><img decoding=\"async\" src=\"https:\/\/www.hydraulic-cylinders.net\/wp-content\/uploads\/2025\/01\/songte-bushings-with-all-kinds-of-excavator-models.webp\" alt=\"puzdr\u00e1 so v\u0161etk\u00fdmi druhmi modelov r\u00fdpadiel\" \/><\/p>\n<h3>O n\u00e1s<\/h3>\n<p>Sme profesion\u00e1lny v\u00fdrobca n\u00e1hradn\u00fdch hydraulick\u00fdch valcov so \u0161irokou \u0161k\u00e1lou produktov a stali sme sa jedn\u00fdm z popredn\u00fdch v\u00fdrobcov a ve\u013ekoobchodn\u00fdch distrib\u00fatorov hydraulick\u00fdch valcov na dom\u00e1com aj medzin\u00e1rodnom trhu. V\u017edy dodr\u017eiavame z\u00e1sadu vynikaj\u00facej kvality, spoliehame sa na strat\u00e9giu industrializovan\u00e9ho riadenia v\u00fdroby sofistikovanej v\u00fdrobnej dielne a neust\u00e1le zlep\u0161ujeme na\u0161u technick\u00fa \u00farove\u0148 a efektivitu v\u00fdroby. Zav\u00e1dzan\u00edm pokro\u010dil\u00fdch digit\u00e1lnych v\u00fdrobn\u00fdch zariaden\u00ed a profesion\u00e1lnych testovac\u00edch syst\u00e9mov optimalizujeme v\u00fdrobn\u00fa platformu, zlep\u0161ujeme proces kontroly kvality v\u00fdrobkov a m\u00e1me siln\u00e9 inova\u010dn\u00e9 schopnosti. Na\u0161\u00edm cie\u013eom je uspokoji\u0165 rozmanit\u00e9 potreby z\u00e1kazn\u00edkov s vysokou efektivitou, presnos\u0165ou a princ\u00edpmi vysokej kvality.<\/p>\n<p>Okrem toho poskytujeme prisp\u00f4soben\u00e9 slu\u017eby, m\u00e1me medzin\u00e1rodn\u00e9 certifik\u00e1cie, modern\u00e9 v\u00fdrobn\u00e9 zariadenia a vynikaj\u00faci popredajn\u00fd servis, aby sme zabezpe\u010dili spokojnos\u0165 z\u00e1kazn\u00edkov.<\/p>\n<p><img decoding=\"async\" src=\"https:\/\/www.hydraulic-cylinders.net\/wp-content\/uploads\/2025\/01\/songte-company-4.webp\" alt=\"imid\u017e spolo\u010dnosti\" \/><br \/>\n<img decoding=\"async\" src=\"https:\/\/www.hydraulic-cylinders.net\/wp-content\/uploads\/2025\/01\/songte-company-3.webp\" alt=\"imid\u017e spolo\u010dnosti\" \/><\/p>\n<p>Autor: lyl.<\/p>","protected":false},"excerpt":{"rendered":"<p>Arm Cylinder For Lonking Large Excavator LG6365 Definition and Explanation An arm cylinder is a specially designed hydraulic cylinder that is primarily used to provide linear motion and power to the arm of various types of machinery such as excavators, cranes, and robotic arms. The arm cylinder plays a crucial role in the hydraulic system, [&hellip;]<\/p>","protected":false},"featured_media":14779,"comment_status":"open","ping_status":"closed","template":"","meta":{"_et_pb_use_builder":"","_et_pb_old_content":"","_et_gb_content_width":""},"product_brand":[],"product_cat":[1497],"product_tag":[1498,1496],"class_list":{"0":"post-16548","1":"product","2":"type-product","3":"status-publish","4":"has-post-thumbnail","6":"product_cat-arm-cylinders","7":"product_tag-arm-cylinders","8":"product_tag-hydraulic-cylinders","10":"first","11":"instock","12":"shipping-taxable","13":"product-type-simple"},"amp_enabled":true,"_links":{"self":[{"href":"https:\/\/www.hydraulic-cylinders.net\/sk\/wp-json\/wp\/v2\/product\/16548","targetHints":{"allow":["GET"]}}],"collection":[{"href":"https:\/\/www.hydraulic-cylinders.net\/sk\/wp-json\/wp\/v2\/product"}],"about":[{"href":"https:\/\/www.hydraulic-cylinders.net\/sk\/wp-json\/wp\/v2\/types\/product"}],"replies":[{"embeddable":true,"href":"https:\/\/www.hydraulic-cylinders.net\/sk\/wp-json\/wp\/v2\/comments?post=16548"}],"wp:featuredmedia":[{"embeddable":true,"href":"https:\/\/www.hydraulic-cylinders.net\/sk\/wp-json\/wp\/v2\/media\/14779"}],"wp:attachment":[{"href":"https:\/\/www.hydraulic-cylinders.net\/sk\/wp-json\/wp\/v2\/media?parent=16548"}],"wp:term":[{"taxonomy":"product_brand","embeddable":true,"href":"https:\/\/www.hydraulic-cylinders.net\/sk\/wp-json\/wp\/v2\/product_brand?post=16548"},{"taxonomy":"product_cat","embeddable":true,"href":"https:\/\/www.hydraulic-cylinders.net\/sk\/wp-json\/wp\/v2\/product_cat?post=16548"},{"taxonomy":"product_tag","embeddable":true,"href":"https:\/\/www.hydraulic-cylinders.net\/sk\/wp-json\/wp\/v2\/product_tag?post=16548"}],"curies":[{"name":"pracovn\u00fd list","href":"https:\/\/api.w.org\/{rel}","templated":true}]}}