{"id":16581,"date":"2025-01-21T05:35:41","date_gmt":"2025-01-21T05:35:41","guid":{"rendered":"https:\/\/www.hydraulic-cylinders.net\/product\/arm-cylinder-for-sdlg-middle-excavator-lg6270e\/"},"modified":"2025-01-21T05:35:43","modified_gmt":"2025-01-21T05:35:43","slug":"arm-cylinder-for-sdlg-middle-excavator-lg6270e","status":"publish","type":"product","link":"https:\/\/www.hydraulic-cylinders.net\/sk\/produkt\/arm-cylinder-for-sdlg-middle-excavator-lg6270e\/","title":{"rendered":"Valec ramena pre stredn\u00e9 r\u00fdpadlo SDLG LG6270E"},"content":{"rendered":"<h1>Valec ramena pre stredn\u00e9 r\u00fdpadlo SDLG LG6270E<\/h1>\n<h2>\u00davod<\/h2>\n<p>Hydraulick\u00fd valec ramena je \u0161peci\u00e1lne navrhnut\u00fd hydraulick\u00fd valec, ktor\u00fd sa pou\u017e\u00edva hlavne na zabezpe\u010denie line\u00e1rneho pohybu a v\u00fdkonu pre r\u00f4zne typy strojov, ako s\u00fa r\u00fdpadl\u00e1, \u017eeriavy a mechanick\u00e9 ramen\u00e1. Valec ramena hr\u00e1 k\u013e\u00fa\u010dov\u00fa \u00falohu v hydraulickom syst\u00e9me, preto\u017ee umo\u017e\u0148uje efekt\u00edvny pohyb a ovl\u00e1danie dodato\u010dn\u00fdch n\u00e1strojov alebo pr\u00edslu\u0161enstva. Tieto valce nielen\u017ee zabezpe\u010duj\u00fa plynul\u00fd pohyb, ale dok\u00e1\u017eu aj odola\u0165 \u0165a\u017ek\u00fdm za\u0165a\u017eeniam, \u010d\u00edm zabezpe\u010duj\u00fa efekt\u00edvnu prev\u00e1dzku a spo\u013eahlivos\u0165 strojov v r\u00f4znych pracovn\u00fdch podmienkach.<\/p>\n<p><img decoding=\"async\" src=\"https:\/\/www.hydraulic-cylinders.net\/wp-content\/uploads\/2025\/01\/songte-company-2.webp\" alt=\"Obr\u00e1zok valca ramena\"><\/p>\n<h2>Funkcie<\/h2>\n<ul>\n<li>Efekt\u00edvny prenos sily: Valec ramena dok\u00e1\u017ee zabezpe\u010di\u0165 siln\u00fd line\u00e1rny pohyb a silu, \u010d\u00edm zabezpe\u010duje vysok\u00fa \u00fa\u010dinnos\u0165 mechanick\u00e9ho ramena pri r\u00f4znych oper\u00e1ci\u00e1ch.<\/li>\n<li>Presn\u00e9 ovl\u00e1danie: Prostredn\u00edctvom hydraulick\u00e9ho syst\u00e9mu dok\u00e1\u017ee valec ramena dosiahnu\u0165 presn\u00e9 ovl\u00e1danie pohybu, v\u010faka \u010domu je ovl\u00e1danie \u010fal\u0161\u00edch n\u00e1strojov flexibilnej\u0161ie a presnej\u0161ie.<\/li>\n<li>Vysok\u00e1 odolnos\u0165: Valec ramena je zvy\u010dajne vyroben\u00fd z vysoko pevn\u00fdch materi\u00e1lov s dobrou odolnos\u0165ou proti opotrebovaniu a kor\u00f3zii, vhodn\u00fdch na dlhodob\u00e9 pou\u017e\u00edvanie v n\u00e1ro\u010dn\u00fdch podmienkach.<\/li>\n<li>Multifunk\u010dn\u00e1 prisp\u00f4sobivos\u0165: Tieto valce sa daj\u00fa \u0161iroko pou\u017e\u00edva\u0165 v r\u00f4znych mechanick\u00fdch zariadeniach, ako s\u00fa bagre, \u017eeriavy a mechanick\u00e9 ramen\u00e1, aby sp\u013a\u0148ali r\u00f4zne pracovn\u00e9 po\u017eiadavky.<\/li>\n<li>Jednoduch\u00e1 \u00fadr\u017eba: Kon\u0161trukcia zoh\u013ead\u0148uje jednoduch\u00fa \u00fadr\u017ebu a v\u00fdmenu, v\u010faka \u010domu je pravideln\u00e1 kontrola a \u00fadr\u017eba pohodlnej\u0161ia a skracuje sa doba prestojov zariadenia.<\/li>\n<\/ul>\n<p>N\u00e1\u0161 produkt dok\u00e1\u017ee dokonale nahradi\u0165 tieto hydraulick\u00e9 valce.<\/p>\n<p><img decoding=\"async\" src=\"https:\/\/www.hydraulic-cylinders.net\/wp-content\/uploads\/2025\/01\/songte-oil-pipes-and-spare-parts.webp\" alt=\"Obr\u00e1zok n\u00e1hradn\u00fdch dielov hydraulick\u00e9ho valca\"><\/p>\n<h2>Aplik\u00e1cia<\/h2>\n<ul>\n<li>Stavebn\u00e9 in\u017einierstvo: V bagroch a \u017eeriavoch sa valec ramena pou\u017e\u00edva na ovl\u00e1danie pohybu vedra alebo v\u00fdlo\u017en\u00edka pri zemn\u00fdch pr\u00e1cach, manipul\u00e1cii s materi\u00e1lom a mont\u00e1\u017ei kon\u0161trukci\u00ed.<\/li>\n<li>V\u00fdrobn\u00fd priemysel: V automatizovan\u00fdch v\u00fdrobn\u00fdch link\u00e1ch sa valec ramena pou\u017e\u00edva na pohyb mechanick\u00fdch ramien, ako je mont\u00e1\u017e, zv\u00e1ranie a manipul\u00e1cia, s cie\u013eom zlep\u0161i\u0165 efektivitu a presnos\u0165 v\u00fdroby.<\/li>\n<li>Po\u013enohospod\u00e1rske stroje: V po\u013enohospod\u00e1rskych strojoch, ako s\u00fa zbera\u010de a seja\u010dky, valec ramena riadi pohyb ovl\u00e1dacieho ramena a vykon\u00e1va \u00falohy, ako je siatie, hnojenie a zber \u00farody.<\/li>\n<li>\u0164a\u017eba: V bansk\u00fdch zariadeniach sa valec ramena pou\u017e\u00edva na ovl\u00e1danie pohybu ramena bansk\u00fdch zariaden\u00ed, ako je \u0165a\u017eba a preprava rudy.<\/li>\n<li>Logistika a doprava: Vo vysokozdvi\u017en\u00fdch voz\u00edkoch a manipula\u010dn\u00fdch robotoch sa valec ramena pou\u017e\u00edva na ovl\u00e1danie zdv\u00edhania a pohybu vidlice, \u010d\u00edm sa realizuje manipul\u00e1cia a stohovanie materi\u00e1lov.<\/li>\n<\/ul>\n<h2>\u00davahy o dizajne a krit\u00e9ri\u00e1 v\u00fdberu<\/h2>\n<p>Pri navrhovan\u00ed valcov ramena je d\u00f4le\u017eit\u00e9 zv\u00e1\u017ei\u0165 nasleduj\u00face faktory:<\/p>\n<h3>Nosnos\u0165<\/h3>\n<p>Valec ramena mus\u00ed by\u0165 schopn\u00fd odola\u0165 hmotnosti dodato\u010dn\u00e9ho n\u00e1radia alebo pr\u00edslu\u0161enstva a sile generovanej po\u010das prev\u00e1dzky.<\/p>\n<h3>Tesniaci v\u00fdkon<\/h3>\n<p>Valec ramena mus\u00ed ma\u0165 dobr\u00fd tesniaci v\u00fdkon, aby sa zabr\u00e1nilo \u00faniku oleja a zabezpe\u010dila sa efekt\u00edvna prev\u00e1dzka.<\/p>\n<h3>Trvanlivos\u0165<\/h3>\n<p>Valec ramena mus\u00ed by\u0165 vyroben\u00fd z vysoko pevn\u00fdch materi\u00e1lov s dobrou odolnos\u0165ou proti opotrebovaniu a kor\u00f3zii, aby sa prisp\u00f4sobil n\u00e1ro\u010dn\u00fdm pracovn\u00fdm podmienkam a dosiahol dlhodob\u00e9 pou\u017e\u00edvanie.<\/p>\n<h3>Bezpe\u010dnos\u0165<\/h3>\n<p>Valec ramena mus\u00ed by\u0165 navrhnut\u00fd s oh\u013eadom na bezpe\u010dnos\u0165, aby sa predi\u0161lo nehod\u00e1m po\u010das prev\u00e1dzky.<\/p>\n<h3>\u00dadr\u017eba<\/h3>\n<p>Valec ramena mus\u00ed by\u0165 navrhnut\u00fd pre jednoduch\u00fa \u00fadr\u017ebu a v\u00fdmenu, aby sa skr\u00e1tili prestoje zariadenia.<\/p>\n<p><img decoding=\"async\" src=\"https:\/\/www.hydraulic-cylinders.net\/wp-content\/uploads\/2025\/01\/songte-cylinder-head-with-all-kinds-excavator-models.webp\" alt=\"Obr\u00e1zok hlavy valcov\"><\/p>\n<h2>Tesnenie a mazanie<\/h2>\n<p>Valec ramena pou\u017e\u00edva r\u00f4zne tesniace komponenty, ako s\u00fa tesnenia piestov a tesnenia ty\u010d\u00ed, vyroben\u00e9 z materi\u00e1lov odoln\u00fdch vo\u010di opotrebovaniu, ako je polyuret\u00e1n a nitrilov\u00fd kau\u010duk. Teleso valca a povrch z\u00e1vitu s\u00fa jemne opracovan\u00e9 pre zlep\u0161enie odolnosti vo\u010di opotrebovaniu. Pravideln\u00e9 prid\u00e1vanie vhodn\u00e9ho mno\u017estva hydraulick\u00e9ho oleja m\u00f4\u017ee zabezpe\u010di\u0165 mazanie.<\/p>\n<p><img decoding=\"async\" src=\"https:\/\/www.hydraulic-cylinders.net\/wp-content\/uploads\/2025\/01\/songte-chushion-collar.webp\" alt=\"Obr\u00e1zok obojku Chushion\"><\/p>\n<h2>\u00dadr\u017eba a opravy<\/h2>\n<ul>\n<li>Pravidelne kontrolujte tesniaci v\u00fdkon valca ramena a v\u010das vyme\u0148te opotrebovan\u00e9 tesniace komponenty.<\/li>\n<li>Skontrolujte povrch valca a piestnej ty\u010de, \u010di nie s\u00fa po\u0161kriaban\u00e9 alebo po\u0161koden\u00e9, a v pr\u00edpade potreby ich opravte alebo vyme\u0148te.<\/li>\n<li>Skontrolujte uvo\u013enenie upev\u0148ovac\u00edch skrutiek a spojov a v pr\u00edpade potreby ich dotiahnite.<\/li>\n<li>Pravidelne kontrolujte hladinu a kvalitu hydraulick\u00e9ho oleja a pod\u013ea potreby olej vyme\u0148te alebo dopl\u0148te.<\/li>\n<li>Pravidelne \u010distite povrch valca ramena a odstra\u0148ujte v\u0161etky ne\u010distoty alebo ne\u010distoty.<\/li>\n<\/ul>\n<p><img decoding=\"async\" src=\"https:\/\/www.hydraulic-cylinders.net\/wp-content\/uploads\/2025\/01\/songte-bushings-with-all-kinds-of-excavator-models.webp\" alt=\"Obr\u00e1zok puzdier\"><\/p>\n<h2>In\u0161tala\u010dn\u00e1 pr\u00edru\u010dka<\/h2>\n<p>Spr\u00e1vna in\u0161tal\u00e1cia je d\u00f4le\u017eit\u00e1 pre bezpe\u010dn\u00fa a efekt\u00edvnu prev\u00e1dzku valca ramena. Mali by sa dodr\u017eiava\u0165 nasleduj\u00face kroky:<\/p>\n<ol>\n<li>Vy\u010distite povrch na in\u0161tal\u00e1ciu a skontrolujte ve\u013ekos\u0165 a polohu mont\u00e1\u017enych otvorov.<\/li>\n<li>Naneste vhodn\u00e9 mno\u017estvo maziva na mont\u00e1\u017enu plochu a tesniace komponenty valca ramena.<\/li>\n<li>Vlo\u017ete piestnu ty\u010d do mont\u00e1\u017eneho otvoru a zarovnajte mont\u00e1\u017ene otvory na tele valca s otvormi na stroji.<\/li>\n<li>Vlo\u017ete mont\u00e1\u017ene skrutky a utiahnite ich predp\u00edsan\u00fdm kr\u00fatiacim momentom.<\/li>\n<li>Skontrolujte in\u0161tal\u00e1ciu, \u010di nedoch\u00e1dza k netesnostiam alebo abnorm\u00e1lnym podmienkam.<\/li>\n<\/ol>\n<h2>Bezpe\u010dnostn\u00e9 aspekty a faktory prostredia<\/h2>\n<p>Pri obsluhe strojov vybaven\u00fdch valcom ramena s\u00fa d\u00f4le\u017eit\u00e9 bezpe\u010dnostn\u00e9 aspekty. Obsluhe by sa malo poskytn\u00fa\u0165 primeran\u00e9 \u0161kolenie, aby sa predi\u0161lo nehod\u00e1m. Pri v\u00fdbere vhodn\u00fdch materi\u00e1lov pre valec ramena by sa mali zoh\u013eadni\u0165 aj faktory prostredia, ako je teplota, vlhkos\u0165 a koroz\u00edvne l\u00e1tky.<\/p>\n<h2>Rie\u0161enie probl\u00e9mov a be\u017en\u00e9 probl\u00e9my<\/h2>\n<ul>\n<li>Hluk po\u010das prev\u00e1dzky: Skontrolujte, \u010di nie je po\u0161koden\u00e1 piestna ty\u010d alebo teleso valca a v pr\u00edpade potreby ich vyme\u0148te.<\/li>\n<li>\u00danik oleja: Skontrolujte tesniaci v\u00fdkon valca ramena a vyme\u0148te opotrebovan\u00e9 tesniace komponenty.<\/li>\n<li>Pomal\u00fd alebo nereaguj\u00faci pohyb: Skontrolujte hladinu a kvalitu hydraulick\u00e9ho oleja a pod\u013ea potreby olej vyme\u0148te alebo dopl\u0148te. Skontrolujte uvo\u013enenie mont\u00e1\u017enych skrutiek a v pr\u00edpade potreby ich dotiahnite.<\/li>\n<li>Abnorm\u00e1lne vibr\u00e1cie: Skontrolujte, \u010di nie je po\u0161koden\u00e1 piestna ty\u010d alebo telo valca a v pr\u00edpade potreby ich vyme\u0148te.<\/li>\n<li>Posunutie valca: Skontrolujte, \u010di nie je po\u0161koden\u00e1 piestna ty\u010d alebo telo valca, a v pr\u00edpade potreby ich vyme\u0148te.<\/li>\n<\/ul>\n<p>Aby sa predi\u0161lo t\u00fdmto probl\u00e9mom, je nevyhnutn\u00e1 pravideln\u00e1 \u00fadr\u017eba, v\u010dasn\u00e1 v\u00fdmena opotrebovan\u00fdch dielov a spr\u00e1vne pou\u017e\u00edvanie a prev\u00e1dzka.<\/p>\n<p><img decoding=\"async\" src=\"https:\/\/www.hydraulic-cylinders.net\/wp-content\/uploads\/2025\/01\/songte-company-4.webp\" alt=\"Obr\u00e1zok spolo\u010dnosti Songte\"><\/p>\n<p>Our company is a professional hydraulic cylinder manufacturer with a wide range of products and has become one of the leading hydraulic cylinder manufacturers and wholesale distributors in the domestic and international markets. We always adhere to the principle of excellent quality, rely on industrialized production management strategies of sophisticated manufacturing workshops, constantly improve technology and production efficiency. By introducing high-end digital manufacturing equipment and professional testing systems, we continuously optimize the manufacturing platform, improve the product quality control process, and have strong innovation capabilities. Our goal is to meet customers&#8217; diversified needs with high efficiency, accuracy, and high quality principles. <\/p>\n<p><img decoding=\"async\" src=\"https:\/\/www.hydraulic-cylinders.net\/wp-content\/uploads\/2025\/01\/songte-company-3.webp\" alt=\"Obr\u00e1zok spolo\u010dnosti Songte\"><\/p>\n<p>Na\u0161a spolo\u010dnos\u0165 poskytuje profesion\u00e1lne slu\u017eby a rie\u0161enia na mieru pre hydraulick\u00e9 valce a na\u0161e produkty pre\u0161li r\u00f4znymi medzin\u00e1rodn\u00fdmi certifik\u00e1ciami, ako s\u00fa ISO9001, CE a SGS. Disponujeme modern\u00fdm v\u00fdrobn\u00fdm zariaden\u00edm vr\u00e1tane CNC obr\u00e1bac\u00edch strojov, automatick\u00fdch zv\u00e1ra\u010diek a zariaden\u00ed na povrchov\u00fa \u00fapravu, aby sme zabezpe\u010dili kvalitu produktov od zdroja. Poskytujeme tie\u017e efekt\u00edvny popredajn\u00fd servis vr\u00e1tane poradenstva pri in\u0161tal\u00e1cii produktov, \u00fadr\u017eby a opr\u00e1v, aby sme zaistili spokojnos\u0165 z\u00e1kazn\u00edkov.<\/p>\n<p>Autor: lyl<\/p>","protected":false},"excerpt":{"rendered":"<p>Arm Cylinder For SDLG Middle Excavator LG6270E Introduction The arm cylinder is a specially designed hydraulic cylinder mainly used to provide linear motion and power for different types of machinery, such as excavators, cranes, and mechanical arms. The arm cylinder plays a crucial role in the hydraulic system, enabling the effective movement and control of [&hellip;]<\/p>","protected":false},"featured_media":14772,"comment_status":"open","ping_status":"closed","template":"","meta":{"_et_pb_use_builder":"","_et_pb_old_content":"","_et_gb_content_width":""},"product_brand":[],"product_cat":[1497],"product_tag":[1498,1496],"class_list":{"0":"post-16581","1":"product","2":"type-product","3":"status-publish","4":"has-post-thumbnail","6":"product_cat-arm-cylinders","7":"product_tag-arm-cylinders","8":"product_tag-hydraulic-cylinders","10":"first","11":"instock","12":"shipping-taxable","13":"product-type-simple"},"amp_enabled":true,"_links":{"self":[{"href":"https:\/\/www.hydraulic-cylinders.net\/sk\/wp-json\/wp\/v2\/product\/16581","targetHints":{"allow":["GET"]}}],"collection":[{"href":"https:\/\/www.hydraulic-cylinders.net\/sk\/wp-json\/wp\/v2\/product"}],"about":[{"href":"https:\/\/www.hydraulic-cylinders.net\/sk\/wp-json\/wp\/v2\/types\/product"}],"replies":[{"embeddable":true,"href":"https:\/\/www.hydraulic-cylinders.net\/sk\/wp-json\/wp\/v2\/comments?post=16581"}],"wp:featuredmedia":[{"embeddable":true,"href":"https:\/\/www.hydraulic-cylinders.net\/sk\/wp-json\/wp\/v2\/media\/14772"}],"wp:attachment":[{"href":"https:\/\/www.hydraulic-cylinders.net\/sk\/wp-json\/wp\/v2\/media?parent=16581"}],"wp:term":[{"taxonomy":"product_brand","embeddable":true,"href":"https:\/\/www.hydraulic-cylinders.net\/sk\/wp-json\/wp\/v2\/product_brand?post=16581"},{"taxonomy":"product_cat","embeddable":true,"href":"https:\/\/www.hydraulic-cylinders.net\/sk\/wp-json\/wp\/v2\/product_cat?post=16581"},{"taxonomy":"product_tag","embeddable":true,"href":"https:\/\/www.hydraulic-cylinders.net\/sk\/wp-json\/wp\/v2\/product_tag?post=16581"}],"curies":[{"name":"pracovn\u00fd list","href":"https:\/\/api.w.org\/{rel}","templated":true}]}}