{"id":16585,"date":"2025-01-21T05:35:56","date_gmt":"2025-01-21T05:35:56","guid":{"rendered":"https:\/\/www.hydraulic-cylinders.net\/product\/arm-cylinder-for-sdlg-large-excavator-lg6300\/"},"modified":"2025-01-21T05:35:58","modified_gmt":"2025-01-21T05:35:58","slug":"arm-cylinder-for-sdlg-large-excavator-lg6300","status":"publish","type":"product","link":"https:\/\/www.hydraulic-cylinders.net\/sk\/produkt\/arm-cylinder-for-sdlg-large-excavator-lg6300\/","title":{"rendered":"Valec ramena pre ve\u013ek\u00e9 r\u00fdpadlo SDLG LG6300"},"content":{"rendered":"<h2>Valec ramena pre ve\u013ek\u00e9 r\u00fdpadlo SDLG LG6300<\/h2>\n<h3>\u00davod<\/h3>\n<p>Hydraulick\u00fd valec ramena je \u0161pecializovan\u00fd hydraulick\u00fd valec, ktor\u00fd sa prim\u00e1rne pou\u017e\u00edva na zabezpe\u010denie line\u00e1rneho pohybu a v\u00fdkonu ramien r\u00f4znych typov strojov, ako s\u00fa r\u00fdpadl\u00e1, \u017eeriavy a mechanick\u00e9 ramen\u00e1. Valce ramena zohr\u00e1vaj\u00fa k\u013e\u00fa\u010dov\u00fa \u00falohu v hydraulick\u00fdch syst\u00e9moch, preto\u017ee umo\u017e\u0148uj\u00fa pohyb a ovl\u00e1danie pripojen\u00e9ho n\u00e1radia alebo pr\u00edslu\u0161enstva. Tieto valce nielen umo\u017e\u0148uj\u00fa plynul\u00e9 pohyby, ale tie\u017e odol\u00e1vaj\u00fa \u0165a\u017ek\u00fdm za\u0165a\u017eeniam, \u010d\u00edm zabezpe\u010duj\u00fa efekt\u00edvnu prev\u00e1dzku a spo\u013eahlivos\u0165 strojov za r\u00f4znych prev\u00e1dzkov\u00fdch podmienok.<\/p>\n<p><img decoding=\"async\" src=\"https:\/\/www.hydraulic-cylinders.net\/wp-content\/uploads\/2025\/01\/songte-company-2.webp\"><\/p>\n<h3>Funkcie<\/h3>\n<ul>\n<li>Efekt\u00edvny prenos sily: Valce ramena dok\u00e1\u017eu zabezpe\u010di\u0165 siln\u00fd line\u00e1rny pohyb a silu, \u010d\u00edm zabezpe\u010duj\u00fa vysok\u00fd v\u00fdkon mechanick\u00e9ho ramena po\u010das r\u00f4znych oper\u00e1ci\u00ed.<\/li>\n<li>Presn\u00e9 ovl\u00e1danie: Prostredn\u00edctvom hydraulick\u00e9ho syst\u00e9mu dok\u00e1\u017ee valec ramena dosiahnu\u0165 presn\u00e9 ovl\u00e1danie pohybu, v\u010faka \u010domu je ovl\u00e1danie pripojen\u00e9ho n\u00e1radia flexibilnej\u0161ie a presnej\u0161ie.<\/li>\n<li>Trvanlivos\u0165: Valce ramien sa zvy\u010dajne vyr\u00e1baj\u00fa z vysokopevnostn\u00fdch materi\u00e1lov, ktor\u00e9 maj\u00fa dobr\u00fa odolnos\u0165 vo\u010di opotrebovaniu a kor\u00f3zii, v\u010faka \u010domu s\u00fa vhodn\u00e9 na dlhodob\u00e9 pou\u017e\u00edvanie v n\u00e1ro\u010dn\u00fdch podmienkach.<\/li>\n<li>Multifunk\u010dn\u00e1 prisp\u00f4sobivos\u0165: Tieto valce sa daj\u00fa \u0161iroko pou\u017e\u00edva\u0165 v r\u00f4znych strojov\u00fdch zariadeniach, ako s\u00fa bagre, \u017eeriavy a mechanick\u00e9 ramen\u00e1, a prisp\u00f4sobuj\u00fa sa r\u00f4znym po\u017eiadavk\u00e1m pr\u00e1ce.<\/li>\n<li>Jednoduch\u00e1 \u00fadr\u017eba: Kon\u0161trukcia zoh\u013ead\u0148uje jednoduch\u00fa \u00fadr\u017ebu a v\u00fdmenu, v\u010faka \u010domu je pravideln\u00e1 kontrola a \u00fadr\u017eba pohodlnej\u0161ia a skracuje prestoje zariadenia.<\/li>\n<\/ul>\n<p><img decoding=\"async\" src=\"https:\/\/www.hydraulic-cylinders.net\/wp-content\/uploads\/2025\/01\/songte-oil-pipes-and-spare-parts.webp\"><\/p>\n<h3>Aplik\u00e1cie<\/h3>\n<p>Valce ramien sa pou\u017e\u00edvaj\u00fa v r\u00f4znych odvetviach:<\/p>\n<ul>\n<li>Kon\u0161trukcia: V bagroch a \u017eeriavoch ovl\u00e1daj\u00fa valce ramien pohyb vedier alebo v\u00fdlo\u017en\u00edkov pri zemn\u00fdch pr\u00e1cach, manipul\u00e1cii s materi\u00e1lom a mont\u00e1\u017ei kon\u0161trukci\u00ed.<\/li>\n<li>V\u00fdroba: V automatizovan\u00fdch v\u00fdrobn\u00fdch link\u00e1ch riadia valce ramien pohyb mechanick\u00fdch ramien pri mont\u00e1\u017enych, zv\u00e1rac\u00edch a manipula\u010dn\u00fdch procesoch, \u010d\u00edm sa zlep\u0161uje efektivita a presnos\u0165 v\u00fdroby.<\/li>\n<li>Po\u013enohospod\u00e1rske stroje: V po\u013enohospod\u00e1rskych strojoch, ako s\u00fa zbera\u010de a seja\u010dky, riadia valce ramien pohyb ovl\u00e1dac\u00edch ramien na vykon\u00e1vanie \u00faloh, ako je siatie, hnojenie a zber \u00farody.<\/li>\n<li>\u0164a\u017eba: V bansk\u00fdch zariadeniach sa valce ramien pou\u017e\u00edvaj\u00fa na ovl\u00e1danie pohybu ramien bansk\u00fdch zariaden\u00ed na \u0165a\u017ebu a prepravu nerastov.<\/li>\n<li>Logistika a doprava: Vo vysokozdvi\u017en\u00fdch voz\u00edkoch a manipula\u010dn\u00fdch robotoch sa valce ramien pou\u017e\u00edvaj\u00fa na ovl\u00e1danie zdv\u00edhania a pohybu vidl\u00edc, \u010do umo\u017e\u0148uje manipul\u00e1ciu s materi\u00e1lom a jeho stohovanie.<\/li>\n<\/ul>\n<h3>\u00davahy o dizajne a krit\u00e9ri\u00e1 v\u00fdberu<\/h3>\n<p>Pri navrhovan\u00ed a v\u00fdbere valcov ramena je potrebn\u00e9 zv\u00e1\u017ei\u0165 nasleduj\u00face faktory:<\/p>\n<h4>Nosnos\u0165<\/h4>\n<p>Nosnos\u0165 valca sa mus\u00ed ur\u010di\u0165 na z\u00e1klade maxim\u00e1lneho za\u0165a\u017eenia strojov\u00e9ho zariadenia.<\/p>\n<h4>Tesnenie<\/h4>\n<ul>\n<li>Tesnenia piestov: Pre dobr\u00fd tesniaci \u00fa\u010dinok by sa mal pou\u017ei\u0165 polyuret\u00e1n, nitrilov\u00fd kau\u010duk alebo in\u00e9 materi\u00e1ly odoln\u00e9 vo\u010di opotrebovaniu.<\/li>\n<li>Tesnenia ty\u010de: Tesnenie ty\u010de by malo ma\u0165 dobr\u00fa odolnos\u0165 vo\u010di opotrebovaniu, n\u00edzke trenie a odolnos\u0165 vo\u010di vysok\u00e9mu tlaku. Be\u017ene sa pou\u017e\u00edva polyuret\u00e1n, PTFE a in\u00e9 materi\u00e1ly.<\/li>\n<li>Stieracie tesnenia: Stieracie tesnenie je nain\u0161talovan\u00e9 na prednom konci valca, aby sa zabr\u00e1nilo vniknutiu ne\u010dist\u00f4t, prachu a in\u00fdch ne\u010dist\u00f4t do valca a po\u0161kodeniu piestnej ty\u010de. \u010casto sa pou\u017e\u00edva kombin\u00e1cia gumy a kovu.<\/li>\n<\/ul>\n<h4>Trvanlivos\u0165<\/h4>\n<p>Valce ramien musia by\u0165 vyroben\u00e9 z vysoko pevn\u00fdch materi\u00e1lov, aby odolali opotrebovaniu, kor\u00f3zii a drsn\u00e9mu prostrediu.<\/p>\n<h4>Bezpe\u010dnos\u0165<\/h4>\n<p>Valce ramien musia by\u0165 navrhnut\u00e9 s oh\u013eadom na bezpe\u010dnos\u0165, ako s\u00fa koncov\u00e9 sp\u00edna\u010de, tla\u010didl\u00e1 n\u00fadzov\u00e9ho zastavenia a \u010fal\u0161ie bezpe\u010dnostn\u00e9 zariadenia, aby sa predi\u0161lo nehod\u00e1m po\u010das prev\u00e1dzky.<\/p>\n<h4>\u00dadr\u017eba<\/h4>\n<p>Valec by mal by\u0165 navrhnut\u00fd pre jednoduch\u00fa \u00fadr\u017ebu a v\u00fdmenu dielov, \u010do by u\u013eah\u010dilo pravideln\u00fa kontrolu a \u00fadr\u017ebu a skr\u00e1tilo prestoje zariadenia.<\/p>\n<p><img decoding=\"async\" src=\"https:\/\/www.hydraulic-cylinders.net\/wp-content\/uploads\/2025\/01\/songte-cylinder-head-with-all-kinds-excavator-models.webp\"><\/p>\n<h3>Tesnenie a mazanie<\/h3>\n<p>Na zabr\u00e1nenie \u00faniku hydraulickej kvapaliny a na ochranu valca pred vonkaj\u0161\u00edmi ne\u010distotami sa pou\u017e\u00edvaj\u00fa r\u00f4zne tesniace komponenty. Teleso valca a z\u00e1vitov\u00fd koniec s\u00fa prec\u00edzne spracovan\u00e9 pre zv\u00fd\u0161enie odolnosti vo\u010di opotrebovaniu. Pre plynul\u00fd chod valca je potrebn\u00e9 pravideln\u00e9 mazanie hydraulick\u00fdm olejom.<\/p>\n<h3>\u00dadr\u017eba a prevent\u00edvne opatrenia<\/h3>\n<p>Pravideln\u00e1 kontrola a \u00fadr\u017eba s\u00fa nevyhnutn\u00e9 pre zabezpe\u010denie spo\u013eahlivej prev\u00e1dzky valca ramena. Mali by sa prija\u0165 nasleduj\u00face prevent\u00edvne opatrenia:<\/p>\n<ul>\n<li>Skontrolujte upevnenie skrutiek valca, \u010di s\u00fa utiahnut\u00e9 a \u010di nie s\u00fa opotrebovan\u00e9 z\u00e1vitov\u00e9 otvory.<\/li>\n<li>Skontrolujte piestnu ty\u010d valca, \u010di nie je po\u0161kriaban\u00e1, opotrebovan\u00e1 alebo kor\u00f3zovan\u00e1.<\/li>\n<li>Skontrolujte tesnenia valca, tesnenia stiera\u010dov a \u010fal\u0161ie komponenty, \u010di nie s\u00fa po\u0161koden\u00e9, opotrebovan\u00e9 alebo deformovan\u00e9.<\/li>\n<li>Pravidelne kontrolujte hladinu a kvalitu hydraulick\u00e9ho oleja.<\/li>\n<li>Pravidelne \u010distite valec, aby ste predi\u0161li kontamin\u00e1cii.<\/li>\n<\/ul>\n<p><img decoding=\"async\" src=\"https:\/\/www.hydraulic-cylinders.net\/wp-content\/uploads\/2025\/01\/songte-chushion-collar.webp\"><\/p>\n<h3>In\u0161tala\u010dn\u00e1 pr\u00edru\u010dka<\/h3>\n<p>In\u0161tal\u00e1ciu valcov ramena by mali vykon\u00e1va\u0165 odborn\u00ed technici so sk\u00fasenos\u0165ami s hydraulick\u00fdmi syst\u00e9mami. Mali by sa dodr\u017eiava\u0165 tieto kroky:<\/p>\n<ol>\n<li>Odstr\u00e1\u0148te star\u00fd valec a o\u010distite mont\u00e1\u017ene povrchy.<\/li>\n<li>Nain\u0161talujte nov\u00fd valec a utiahnite upev\u0148ovacie skrutky pod\u013ea predp\u00edsan\u00e9ho kr\u00fatiaceho momentu.<\/li>\n<li>Pripojte hydraulick\u00e9 hadice a spojovacie prvky.<\/li>\n<li>Napl\u0148te hydraulick\u00fd syst\u00e9m \u010dist\u00fdm hydraulick\u00fdm olejom a skontrolujte tesnos\u0165.<\/li>\n<li>Otestujte v\u00fdkon a prev\u00e1dzku valca.<\/li>\n<\/ol>\n<h3>Bezpe\u010dnostn\u00e9 a environment\u00e1lne aspekty<\/h3>\n<p>Valce s ramenom sa zvy\u010dajne pou\u017e\u00edvaj\u00fa v \u0165a\u017ek\u00fdch strojoch, tak\u017ee bezpe\u010dnos\u0165 je najvy\u0161\u0161ou prioritou. Je d\u00f4le\u017eit\u00e9 udr\u017eiava\u0165 bezpe\u010dnostn\u00e9 zariadenia valca a pri in\u0161tal\u00e1cii, prev\u00e1dzke a \u00fadr\u017ebe valca dodr\u017eiava\u0165 pokyny v\u00fdrobcu. Mali by sa zv\u00e1\u017ei\u0165 aj faktory prostredia, ako je teplota, vlhkos\u0165 a ne\u010distoty.<\/p>\n<h3>Be\u017en\u00e9 probl\u00e9my a ich rie\u0161enie<\/h3>\n<p>Medzi be\u017en\u00e9 probl\u00e9my s valcami ramena patr\u00ed netesnos\u0165, nedostato\u010dn\u00e1 sila a pomal\u00fd chod. Tieto probl\u00e9my sa \u010dasto daj\u00fa vyrie\u0161i\u0165 kontrolou hladiny a kvality hydraulickej kvapaliny, stavu tesnen\u00ed a stierac\u00edch tesnen\u00ed a v\u00fdkonu hydraulick\u00e9ho syst\u00e9mu. Ak probl\u00e9my pretrv\u00e1vaj\u00fa, m\u00f4\u017ee by\u0165 potrebn\u00e9 vymeni\u0165 komponenty alebo vyh\u013eada\u0165 odborn\u00fa pomoc.<\/p>\n<h3>O n\u00e1s<\/h3>\n<p>Sme profesion\u00e1lny v\u00fdrobca n\u00e1hradn\u00fdch hydraulick\u00fdch valcov so \u0161irokou \u0161k\u00e1lou produktov. Stali sme sa jedn\u00fdm z popredn\u00fdch v\u00fdrobcov a ve\u013ekoobchodn\u00fdch distrib\u00fatorov hydraulick\u00fdch valcov na dom\u00e1com aj medzin\u00e1rodnom trhu. V\u017edy dodr\u017eiavame z\u00e1sadu vynikaj\u00facej kvality, spoliehame sa na strat\u00e9giu industrializovan\u00e9ho riadenia v\u00fdroby v prepracovanej v\u00fdrobnej dielni a neust\u00e1le zlep\u0161ujeme na\u0161u technick\u00fa \u00farove\u0148 a efektivitu v\u00fdroby. Prostredn\u00edctvom zav\u00e1dzania \u0161pi\u010dkov\u00fdch digit\u00e1lnych v\u00fdrobn\u00fdch zariaden\u00ed a profesion\u00e1lnych testovac\u00edch syst\u00e9mov neust\u00e1le optimalizujeme v\u00fdrobn\u00fa platformu, zlep\u0161ujeme proces kontroly kvality v\u00fdrobkov a m\u00e1me siln\u00e9 inova\u010dn\u00e9 schopnosti. Na\u0161\u00edm cie\u013eom je uspokoji\u0165 rozmanit\u00e9 potreby z\u00e1kazn\u00edkov s princ\u00edpmi vysokej efektivity, presnosti a vysokej kvality.<\/p>\n<p><img decoding=\"async\" src=\"https:\/\/www.hydraulic-cylinders.net\/wp-content\/uploads\/2025\/01\/songte-company-4.webp\"><br \/>\n<img decoding=\"async\" src=\"https:\/\/www.hydraulic-cylinders.net\/wp-content\/uploads\/2025\/01\/songte-company-3.webp\"><\/p>\n<p>Sme hrd\u00ed na na\u0161u profesionalitu, medzin\u00e1rodn\u00e9 certifik\u00e1cie, z\u00e1kazkov\u00e9 slu\u017eby, v\u00fdrobn\u00e9 zariadenia a popredajn\u00e9 slu\u017eby. Sna\u017e\u00edme sa poskytova\u0165 na\u0161im z\u00e1kazn\u00edkom vysoko kvalitn\u00e9 hydraulick\u00e9 valce a slu\u017eby, ktor\u00e9 prekon\u00e1vaj\u00fa ich o\u010dak\u00e1vania.<\/p>\n<p>Autor: lyl.<\/p>","protected":false},"excerpt":{"rendered":"<p>Arm Cylinder For SDLG Large Excavator LG6300 Introduction An arm cylinder is a specialized hydraulic cylinder that is primarily used to provide linear motion and power to the arms of various types of machinery such as excavators, cranes and mechanical arms. Arm cylinders play a critical role in hydraulic systems, enabling the movement and control [&hellip;]<\/p>","protected":false},"featured_media":14759,"comment_status":"open","ping_status":"closed","template":"","meta":{"_et_pb_use_builder":"","_et_pb_old_content":"","_et_gb_content_width":""},"product_brand":[],"product_cat":[1497],"product_tag":[1498,1496],"class_list":{"0":"post-16585","1":"product","2":"type-product","3":"status-publish","4":"has-post-thumbnail","6":"product_cat-arm-cylinders","7":"product_tag-arm-cylinders","8":"product_tag-hydraulic-cylinders","10":"first","11":"instock","12":"shipping-taxable","13":"product-type-simple"},"amp_enabled":true,"_links":{"self":[{"href":"https:\/\/www.hydraulic-cylinders.net\/sk\/wp-json\/wp\/v2\/product\/16585","targetHints":{"allow":["GET"]}}],"collection":[{"href":"https:\/\/www.hydraulic-cylinders.net\/sk\/wp-json\/wp\/v2\/product"}],"about":[{"href":"https:\/\/www.hydraulic-cylinders.net\/sk\/wp-json\/wp\/v2\/types\/product"}],"replies":[{"embeddable":true,"href":"https:\/\/www.hydraulic-cylinders.net\/sk\/wp-json\/wp\/v2\/comments?post=16585"}],"wp:featuredmedia":[{"embeddable":true,"href":"https:\/\/www.hydraulic-cylinders.net\/sk\/wp-json\/wp\/v2\/media\/14759"}],"wp:attachment":[{"href":"https:\/\/www.hydraulic-cylinders.net\/sk\/wp-json\/wp\/v2\/media?parent=16585"}],"wp:term":[{"taxonomy":"product_brand","embeddable":true,"href":"https:\/\/www.hydraulic-cylinders.net\/sk\/wp-json\/wp\/v2\/product_brand?post=16585"},{"taxonomy":"product_cat","embeddable":true,"href":"https:\/\/www.hydraulic-cylinders.net\/sk\/wp-json\/wp\/v2\/product_cat?post=16585"},{"taxonomy":"product_tag","embeddable":true,"href":"https:\/\/www.hydraulic-cylinders.net\/sk\/wp-json\/wp\/v2\/product_tag?post=16585"}],"curies":[{"name":"pracovn\u00fd list","href":"https:\/\/api.w.org\/{rel}","templated":true}]}}