{"id":16589,"date":"2025-01-21T05:36:12","date_gmt":"2025-01-21T05:36:12","guid":{"rendered":"https:\/\/www.hydraulic-cylinders.net\/product\/arm-cylinder-for-jonyang-small-excavator-jy615e\/"},"modified":"2025-01-21T05:36:15","modified_gmt":"2025-01-21T05:36:15","slug":"arm-cylinder-for-jonyang-small-excavator-jy615e","status":"publish","type":"product","link":"https:\/\/www.hydraulic-cylinders.net\/sk\/produkt\/arm-cylinder-for-jonyang-small-excavator-jy615e\/","title":{"rendered":"Valec ramena pre mal\u00e9 r\u00fdpadlo Jonyang JY615E"},"content":{"rendered":"<h1>Valec ramena pre mal\u00e9 r\u00fdpadlo Jonyang JY615E<\/h1>\n<h2>\u00davod<\/h2>\n<h3>Definovanie valca ramena<\/h3>\n<p>Hydraulick\u00fd valec ramena je \u0161peci\u00e1lne navrhnut\u00fd hydraulick\u00fd valec pou\u017e\u00edvan\u00fd predov\u0161etk\u00fdm na zabezpe\u010denie line\u00e1rneho pohybu a v\u00fdkonu ramien r\u00f4znych typov strojov, ako s\u00fa r\u00fdpadl\u00e1, \u017eeriavy a mechanick\u00e9 ramen\u00e1. Hydraulick\u00fd valec ramena zohr\u00e1va k\u013e\u00fa\u010dov\u00fa \u00falohu v hydraulick\u00fdch syst\u00e9moch, preto\u017ee umo\u017e\u0148uje efekt\u00edvny pohyb a ovl\u00e1danie pomocn\u00fdch n\u00e1strojov alebo pr\u00eddavn\u00fdch zariaden\u00ed. Tieto valce nielen zabezpe\u010duj\u00fa plynul\u00fd pohyb, ale dok\u00e1\u017eu odola\u0165 aj \u0165a\u017ek\u00fdm za\u0165a\u017eeniam, \u010d\u00edm zabezpe\u010duj\u00fa efekt\u00edvnu prev\u00e1dzku a spo\u013eahlivos\u0165 strojov za r\u00f4znych prev\u00e1dzkov\u00fdch podmienok.<\/p>\n<p><img decoding=\"async\" src=\"https:\/\/www.hydraulic-cylinders.net\/wp-content\/uploads\/2025\/01\/songte-company-2.webp\" alt=\"Obr\u00e1zok valca ramena\"><\/p>\n<h2>Funkcie<\/h2>\n<ul>\n<li>\n<h3>Efekt\u00edvny prenos v\u00fdkonu<\/h3>\n<p>Valec ramena poskytuje siln\u00fd line\u00e1rny pohyb a silu, \u010d\u00edm zais\u0165uje vysok\u00fd v\u00fdkon mechanick\u00e9ho ramena pri r\u00f4znych oper\u00e1ci\u00e1ch.<\/p>\n<\/li>\n<li>\n<h3>Presn\u00e9 ovl\u00e1danie<\/h3>\n<p>Valec ramena dok\u00e1\u017ee dosiahnu\u0165 presn\u00e9 riadenie pohybu prostredn\u00edctvom hydraulick\u00e9ho syst\u00e9mu, \u010d\u00edm sa ovl\u00e1danie \u010fal\u0161\u00edch n\u00e1strojov st\u00e1va flexibilnej\u0161\u00edm a presnej\u0161\u00edm.<\/p>\n<\/li>\n<li>\n<h3>Siln\u00e1 odolnos\u0165<\/h3>\n<p>Valce ramien s\u00fa zvy\u010dajne vyroben\u00e9 z vysokopevnostn\u00e9ho materi\u00e1lu s dobrou odolnos\u0165ou proti opotrebovaniu a kor\u00f3zii, vhodn\u00e9 na dlhodob\u00e9 pou\u017e\u00edvanie v n\u00e1ro\u010dn\u00fdch podmienkach.<\/p>\n<\/li>\n<li>\n<h3>Multifunk\u010dn\u00e1 prisp\u00f4sobivos\u0165<\/h3>\n<p>Tieto valce sa daj\u00fa \u0161iroko pou\u017e\u00edva\u0165 v r\u00f4znych typoch strojn\u00fdch zariaden\u00ed, ako s\u00fa bagre, \u017eeriavy a mechanick\u00e9 ramen\u00e1, a prisp\u00f4sobuj\u00fa sa r\u00f4znym pracovn\u00fdm po\u017eiadavk\u00e1m.<\/p>\n<\/li>\n<li>\n<h3>Jednoduch\u00e1 \u00fadr\u017eba<\/h3>\n<p>Kon\u0161trukcia zoh\u013ead\u0148uje jednoduch\u00fa \u00fadr\u017ebu a v\u00fdmenu, v\u010faka \u010domu je pravideln\u00e1 kontrola a \u00fadr\u017eba pohodlnej\u0161ia a skracuje prestoje zariaden\u00ed.<\/p>\n<\/li>\n<\/ul>\n<p>Tento produkt vieme vyrobi\u0165 a n\u00e1\u0161 produkt dok\u00e1\u017ee dokonale nahradi\u0165 tieto hydraulick\u00e9 valce.<\/p>\n<p><img decoding=\"async\" src=\"https:\/\/www.hydraulic-cylinders.net\/wp-content\/uploads\/2025\/01\/songte-oil-pipes-and-spare-parts.webp\" alt=\"Obr\u00e1zok hydraulick\u00e9ho valca\"><\/p>\n<h2>Aplik\u00e1cie<\/h2>\n<p>Valec s ramenom sa \u0161iroko pou\u017e\u00edva v r\u00f4znych oblastiach a odvetviach. Medzi pr\u00edklady jeho pou\u017eitia patria:<\/p>\n<ul>\n<li>\n<h3>Stavebn\u00e9 in\u017einierstvo<\/h3>\n<p>V r\u00fdpadl\u00e1ch a \u017eeriavoch sa valec ramena pou\u017e\u00edva na ovl\u00e1danie pohybu vedier alebo v\u00fdlo\u017en\u00edkov pri zemn\u00fdch pr\u00e1cach, manipul\u00e1cii s materi\u00e1lom a mont\u00e1\u017ei kon\u0161trukci\u00ed.<\/p>\n<\/li>\n<li>\n<h3>V\u00fdrobn\u00fd priemysel<\/h3>\n<p>V automatizovan\u00fdch v\u00fdrobn\u00fdch link\u00e1ch sa valec ramena pou\u017e\u00edva na riadenie pohybu mechanick\u00fdch ramien pri mont\u00e1\u017enych, zv\u00e1rac\u00edch a manipula\u010dn\u00fdch procesoch, \u010d\u00edm sa zlep\u0161uje efektivita a presnos\u0165 v\u00fdroby.<\/p>\n<\/li>\n<li>\n<h3>Po\u013enohospod\u00e1rske stroje<\/h3>\n<p>V po\u013enohospod\u00e1rskych strojoch, ako s\u00fa zbera\u010de a seja\u010dky, riadi valec ramena pohyb ovl\u00e1dac\u00edch ramien na vykon\u00e1vanie \u00faloh, ako je siatie, hnojenie a zber \u00farody.<\/p>\n<\/li>\n<li>\n<h3>\u0164a\u017eba<\/h3>\n<p>V bansk\u00fdch zariadeniach sa valec ramena pou\u017e\u00edva na ovl\u00e1danie pohybu ramena bansk\u00e9ho zariadenia na \u0165a\u017ebu a prepravu r\u00fad.<\/p>\n<\/li>\n<li>\n<h3>Logistika a doprava<\/h3>\n<p>Vo vysokozdvi\u017en\u00fdch voz\u00edkoch a manipula\u010dn\u00fdch robotoch sa valec ramena pou\u017e\u00edva na ovl\u00e1danie zdv\u00edhania a pohybu vidl\u00edc na prepravu a stohovanie materi\u00e1lov.<\/p>\n<\/li>\n<\/ul>\n<h2>\u00davahy o dizajne a krit\u00e9ri\u00e1 v\u00fdberu<\/h2>\n<h3>Nosnos\u0165<\/h3>\n<p>Nosnos\u0165 valca ramena je jedn\u00fdm z najd\u00f4le\u017eitej\u0161\u00edch kon\u0161truk\u010dn\u00fdch aspektov. Je potrebn\u00e9 vybra\u0165 vhodn\u00fd valec pod\u013ea hmotnosti a za\u0165a\u017eenia ramena a pripojen\u00e9ho n\u00e1stroja.<\/p>\n<h3>Tesniaci v\u00fdkon<\/h3>\n<p>Tesniaci v\u00fdkon valcov ramena je nevyhnutn\u00fd na zabr\u00e1nenie \u00faniku hydraulickej kvapaliny a zabezpe\u010denie spr\u00e1vnej prev\u00e1dzky. Na udr\u017eanie tesniaceho v\u00fdkonu valca sa pou\u017e\u00edvaj\u00fa r\u00f4zne tesniace komponenty, ako s\u00fa tesnenia piestov a tesnenia ty\u010d\u00ed.<\/p>\n<h3>Trvanlivos\u0165<\/h3>\n<p>Valec ramena sa \u010dasto pou\u017e\u00edva v n\u00e1ro\u010dn\u00fdch podmienkach a mus\u00ed by\u0165 dostato\u010dne odoln\u00fd, aby odolal opotrebovaniu a kor\u00f3zii. Vysokopevnostn\u00e9 materi\u00e1ly, povrchov\u00e9 \u00fapravy, ako s\u00fa n\u00e1tery, a spr\u00e1vne mazanie m\u00f4\u017eu zlep\u0161i\u0165 odolnos\u0165 valca.<\/p>\n<h3>Bezpe\u010dnos\u0165 a \u00fadr\u017eba<\/h3>\n<p>Valce s ramenom musia by\u0165 navrhnut\u00e9 s oh\u013eadom na bezpe\u010dnos\u0165, aby sa predi\u0161lo nehod\u00e1m a minimalizovala \u00fadr\u017eba. Bezpe\u010dnostn\u00e9 prvky, ako s\u00fa pretlakov\u00e9 ventily, a kon\u0161trukcie s jednoduchou \u00fadr\u017ebou, ako napr\u00edklad \u013eahko vymenite\u013en\u00e9 tesnenia, m\u00f4\u017eu zabezpe\u010di\u0165 bezpe\u010dn\u00fa a efekt\u00edvnu prev\u00e1dzku valca.<\/p>\n<p><img decoding=\"async\" src=\"https:\/\/www.hydraulic-cylinders.net\/wp-content\/uploads\/2025\/01\/songte-cylinder-head-with-all-kinds-excavator-models.webp\" alt=\"Obr\u00e1zok hlavy valcov\"><\/p>\n<h2>Tesnenie a mazanie<\/h2>\n<p>Valec ramena pou\u017e\u00edva r\u00f4zne tesniace komponenty, ako s\u00fa tesnenia piestov a tesnenia ty\u010d\u00ed, na udr\u017eanie tesniaceho v\u00fdkonu valca. Tieto tesnenia s\u00fa zvy\u010dajne vyroben\u00e9 z materi\u00e1lov odoln\u00fdch vo\u010di opotrebovaniu, ako je polyuret\u00e1n alebo nitrilov\u00fd kau\u010duk. Teleso valca a z\u00e1vitov\u00fd koniec s\u00fa jemne opracovan\u00e9, aby sa zlep\u0161ila odolnos\u0165 vo\u010di opotrebovaniu. Pravideln\u00e9 mazanie hydraulick\u00fdm olejom m\u00f4\u017ee tie\u017e pred\u013a\u017ei\u0165 \u017eivotnos\u0165 tesniaceho syst\u00e9mu a zlep\u0161i\u0165 celkov\u00fd v\u00fdkon valca.<\/p>\n<h2>\u00dadr\u017eba a prevent\u00edvne opatrenia<\/h2>\n<p>Pravideln\u00e1 \u00fadr\u017eba a prevent\u00edvne opatrenia m\u00f4\u017eu zlep\u0161i\u0165 v\u00fdkon valca ramena a pred\u013a\u017ei\u0165 jeho \u017eivotnos\u0165. Nieko\u013eko tipov, ktor\u00e9 by ste mali zv\u00e1\u017ei\u0165:<\/p>\n<ul>\n<li>Pravideln\u00e1 kontrola valca a tesnen\u00ed s cie\u013eom odhali\u0165 a opravi\u0165 ak\u00e9ko\u013evek po\u0161kodenie alebo opotrebenie.<\/li>\n<li>Pravideln\u00e1 v\u00fdmena hydraulick\u00e9ho oleja a hydraulick\u00fdch filtrov pre udr\u017eanie optim\u00e1lneho v\u00fdkonu syst\u00e9mu a prevenciu kontamin\u00e1cie.<\/li>\n<li>Spr\u00e1vne skladovanie f\u013ea\u0161e v \u010distom a suchom prostred\u00ed, aby sa zabr\u00e1nilo kor\u00f3zii a po\u0161kodeniu.<\/li>\n<li>Pou\u017e\u00edvanie valca v r\u00e1mci jeho menovit\u00e9ho objemu, aby sa predi\u0161lo po\u0161kodeniu alebo poruche.<\/li>\n<\/ul>\n<p><img decoding=\"async\" src=\"https:\/\/www.hydraulic-cylinders.net\/wp-content\/uploads\/2025\/01\/songte-chushion-collar.webp\" alt=\"Obr\u00e1zok obojku Chushion\"><\/p>\n<h2>In\u0161tala\u010dn\u00e1 pr\u00edru\u010dka<\/h2>\n<p>Spr\u00e1vna in\u0161tal\u00e1cia valca ramena je k\u013e\u00fa\u010dov\u00e1 pre zabezpe\u010denie bezpe\u010dnej a efekt\u00edvnej prev\u00e1dzky. Tu je nieko\u013eko krokov, ktor\u00e9 treba dodr\u017eiava\u0165:<\/p>\n<ol>\n<li>Uistite sa, \u017ee valec m\u00e1 spr\u00e1vnu ve\u013ekos\u0165 a menovit\u00e9 hodnoty pre dan\u00e9 zariadenie a aplik\u00e1ciu.<\/li>\n<li>Vy\u010distite a skontrolujte mont\u00e1\u017enu plochu a zodpovedaj\u00face komponenty, aby ste zabezpe\u010dili spr\u00e1vne ulo\u017eenie a zarovnanie.<\/li>\n<li>Naneste tesniaci materi\u00e1l na z\u00e1vity valca a bezpe\u010dne ho utiahnite vhodn\u00fdm k\u013e\u00fa\u010dom.<\/li>\n<li>Pripojte hydraulick\u00e9 potrubia k otvorom valca a uistite sa, \u017ee s\u00fa spr\u00e1vne zarovnan\u00e9 a utiahnut\u00e9 na pr\u00edslu\u0161n\u00fd kr\u00fatiaci moment.<\/li>\n<li>Napl\u0148te hydraulick\u00fd syst\u00e9m vhodnou kvapalinou pod\u013ea odpor\u00fa\u010dan\u00ed v\u00fdrobcu.<\/li>\n<li>Otestujte \u010dinnos\u0165 valca bez za\u0165a\u017eenia a pod za\u0165a\u017een\u00edm, aby ste sa uistili o jeho spr\u00e1vnej funkcii a stabilite.<\/li>\n<\/ol>\n<h2>Bezpe\u010dnostn\u00e9 a environment\u00e1lne aspekty<\/h2>\n<p>Valce ramien sa \u010dasto pou\u017e\u00edvaj\u00fa v \u0165a\u017ek\u00fdch strojoch a zariadeniach a mus\u00ed sa s nimi zaobch\u00e1dza\u0165 opatrne, aby sa predi\u0161lo nehod\u00e1m. Bezpe\u010dnostn\u00e9 prvky, ako s\u00fa pretlakov\u00e9 ventily, a riadne \u0161kolenie obsluhy m\u00f4\u017eu zabezpe\u010di\u0165 bezpe\u010dn\u00fa prev\u00e1dzku. Na minimaliz\u00e1ciu negat\u00edvnych vplyvov na \u017eivotn\u00e9 prostredie by sa mali zv\u00e1\u017ei\u0165 aj environment\u00e1lne aspekty, ako je spr\u00e1vna likvid\u00e1cia pou\u017eit\u00e9ho hydraulick\u00e9ho oleja a in\u00fdch kvapal\u00edn.<\/p>\n<h2>Diagnostika be\u017en\u00fdch por\u00fach a rie\u0161enie probl\u00e9mov<\/h2>\n<p>Medzi be\u017en\u00e9 poruchy valcov ramena patr\u00ed netesnos\u0165, po\u0161koden\u00e9 tesnenia a po\u0161kodenie telesa valca alebo piestu. Spr\u00e1vna diagnostika a rie\u0161enie probl\u00e9mov m\u00f4\u017ee pom\u00f4c\u0165 minimalizova\u0165 prestoje a n\u00e1klady na opravu. Nieko\u013eko tipov, ktor\u00e9 by ste mali zv\u00e1\u017ei\u0165:<\/p>\n<ul>\n<li>Skontrolujte valec a tesnenia, \u010di nie s\u00fa po\u0161koden\u00e9 alebo opotrebovan\u00e9, a v pr\u00edpade potreby ich vyme\u0148te.<\/li>\n<li>Skontrolujte hladinu a kvalitu hydraulickej kvapaliny a v pr\u00edpade potreby ju vyme\u0148te.<\/li>\n<li>Skontrolujte, \u010di teleso valca alebo piest nie je po\u0161koden\u00e9 alebo korodovan\u00e9, a v pr\u00edpade potreby ich vyme\u0148te.<\/li>\n<li>Pre \u010fal\u0161ie rie\u0161enie probl\u00e9mov a opravy si pre\u010d\u00edtajte odpor\u00fa\u010dania v\u00fdrobcu.<\/li>\n<\/ul>\n<p><img decoding=\"async\" src=\"https:\/\/www.hydraulic-cylinders.net\/wp-content\/uploads\/2025\/01\/songte-bushings-with-all-kinds-of-excavator-models.webp\" alt=\"Obr\u00e1zok puzdier\"><\/p>\n<h2>O n\u00e1s<\/h2>\n<p>Sme profesion\u00e1lny v\u00fdrobca hydraulick\u00fdch valcov so \u0161irokou \u0161k\u00e1lou produktov a stali sme sa jedn\u00fdm z popredn\u00fdch v\u00fdrobcov a ve\u013ekoobchodn\u00fdch distrib\u00fatorov hydraulick\u00fdch valcov na dom\u00e1com aj medzin\u00e1rodnom trhu. V\u017edy dodr\u017eiavame z\u00e1sadu vynikaj\u00facej kvality, spoliehame sa na industrializovan\u00e9 strat\u00e9gie riadenia v\u00fdroby v sofistikovan\u00fdch v\u00fdrobn\u00fdch diel\u0148ach a neust\u00e1le zlep\u0161ujeme na\u0161u technick\u00fa \u00farove\u0148 a efektivitu v\u00fdroby. Zav\u00e1dzan\u00edm pokro\u010dil\u00fdch digit\u00e1lnych v\u00fdrobn\u00fdch zariaden\u00ed a profesion\u00e1lnych testovac\u00edch syst\u00e9mov neust\u00e1le optimalizujeme v\u00fdrobn\u00e9 platformy, zlep\u0161ujeme procesy kontroly kvality v\u00fdrobkov a m\u00e1me siln\u00e9 inova\u010dn\u00e9 schopnosti. Na\u0161\u00edm cie\u013eom je uspokojova\u0165 rozmanit\u00e9 potreby z\u00e1kazn\u00edkov s vysokou efektivitou, presnos\u0165ou a princ\u00edpmi vysokej kvality.<\/p>\n<h3>Profesionalita<\/h3>\n<p>M\u00e1me profesion\u00e1lny t\u00edm s bohat\u00fdmi sk\u00fasenos\u0165ami v oblasti n\u00e1vrhu, v\u00fdroby a testovania hydraulick\u00fdch valcov.<\/p>\n<h3>Medzin\u00e1rodn\u00e1 certifik\u00e1cia<\/h3>\n<p>Na\u0161e v\u00fdrobky pre\u0161li medzin\u00e1rodn\u00fdmi certifik\u00e1ciami ako ISO9001, CE a ROHS.<\/p>\n<h3>Slu\u017eby prisp\u00f4sobenia<\/h3>\n<p>M\u00e1me siln\u00fd t\u00edm in\u017einierov, ktor\u00ed dok\u00e1\u017eu poskytn\u00fa\u0165 prisp\u00f4soben\u00e9 dizajn\u00e9rske slu\u017eby pod\u013ea po\u017eiadaviek z\u00e1kazn\u00edka.<\/p>\n<h3>V\u00fdrobn\u00e9 zariadenia<\/h3>\n<p>M\u00e1me modern\u00e9 v\u00fdrobn\u00e9 zariadenia, ako s\u00fa CNC obr\u00e1bacie centr\u00e1, automatick\u00e9 zv\u00e1racie stroje a br\u00fasky.<\/p>\n<h3>Popredajn\u00fd servis<\/h3>\n<p>Poskytujeme komplexn\u00fd popredajn\u00fd servis vr\u00e1tane technickej podpory, \u00fadr\u017eby a opr\u00e1v.<\/p>\n<p><img decoding=\"async\" src=\"https:\/\/www.hydraulic-cylinders.net\/wp-content\/uploads\/2025\/01\/songte-company-4.webp\" alt=\"Obr\u00e1zok spolo\u010dnosti\"><\/p>\n<p><img decoding=\"async\" src=\"https:\/\/www.hydraulic-cylinders.net\/wp-content\/uploads\/2025\/01\/songte-company-3.webp\" alt=\"Obr\u00e1zok spolo\u010dnosti\"><\/p>\n<p>Autor: lyl.<\/p>","protected":false},"excerpt":{"rendered":"<p>Arm Cylinder For Jonyang Small Excavator JY615E Introduction Defining Arm Cylinder The arm cylinder is a specially designed hydraulic cylinder used primarily to provide linear motion and power to various types of machinery&#8217;s arms, such as excavators, cranes, and mechanical arms. The arm cylinder plays a critical role in hydraulic systems, allowing for the effective [&hellip;]<\/p>","protected":false},"featured_media":14777,"comment_status":"open","ping_status":"closed","template":"","meta":{"_et_pb_use_builder":"","_et_pb_old_content":"","_et_gb_content_width":""},"product_brand":[],"product_cat":[1497],"product_tag":[1498,1496],"class_list":{"0":"post-16589","1":"product","2":"type-product","3":"status-publish","4":"has-post-thumbnail","6":"product_cat-arm-cylinders","7":"product_tag-arm-cylinders","8":"product_tag-hydraulic-cylinders","10":"first","11":"instock","12":"shipping-taxable","13":"product-type-simple"},"amp_enabled":true,"_links":{"self":[{"href":"https:\/\/www.hydraulic-cylinders.net\/sk\/wp-json\/wp\/v2\/product\/16589","targetHints":{"allow":["GET"]}}],"collection":[{"href":"https:\/\/www.hydraulic-cylinders.net\/sk\/wp-json\/wp\/v2\/product"}],"about":[{"href":"https:\/\/www.hydraulic-cylinders.net\/sk\/wp-json\/wp\/v2\/types\/product"}],"replies":[{"embeddable":true,"href":"https:\/\/www.hydraulic-cylinders.net\/sk\/wp-json\/wp\/v2\/comments?post=16589"}],"wp:featuredmedia":[{"embeddable":true,"href":"https:\/\/www.hydraulic-cylinders.net\/sk\/wp-json\/wp\/v2\/media\/14777"}],"wp:attachment":[{"href":"https:\/\/www.hydraulic-cylinders.net\/sk\/wp-json\/wp\/v2\/media?parent=16589"}],"wp:term":[{"taxonomy":"product_brand","embeddable":true,"href":"https:\/\/www.hydraulic-cylinders.net\/sk\/wp-json\/wp\/v2\/product_brand?post=16589"},{"taxonomy":"product_cat","embeddable":true,"href":"https:\/\/www.hydraulic-cylinders.net\/sk\/wp-json\/wp\/v2\/product_cat?post=16589"},{"taxonomy":"product_tag","embeddable":true,"href":"https:\/\/www.hydraulic-cylinders.net\/sk\/wp-json\/wp\/v2\/product_tag?post=16589"}],"curies":[{"name":"pracovn\u00fd list","href":"https:\/\/api.w.org\/{rel}","templated":true}]}}