{"id":16590,"date":"2025-01-21T05:36:17","date_gmt":"2025-01-21T05:36:17","guid":{"rendered":"https:\/\/www.hydraulic-cylinders.net\/product\/arm-cylinder-for-jonyang-small-excavator-jy623e\/"},"modified":"2025-01-21T05:36:19","modified_gmt":"2025-01-21T05:36:19","slug":"arm-cylinder-for-jonyang-small-excavator-jy623e","status":"publish","type":"product","link":"https:\/\/www.hydraulic-cylinders.net\/sk\/produkt\/arm-cylinder-for-jonyang-small-excavator-jy623e\/","title":{"rendered":"Valec ramena pre mal\u00e9 r\u00fdpadlo Jonyang JY623E"},"content":{"rendered":"<h1>Valec ramena pre mal\u00e9 r\u00fdpadlo Jonyang JY623E<\/h1>\n<h2>\u00davod<\/h2>\n<p>Hydraulick\u00fd valec, tie\u017e zn\u00e1my ako hydraulick\u00fd valec, je \u0161peci\u00e1lne navrhnut\u00fd valec, ktor\u00fd poskytuje line\u00e1rny pohyb a v\u00fdkon ramen\u00e1m r\u00f4znych strojov, ako s\u00fa r\u00fdpadl\u00e1, \u017eeriavy a mechanick\u00e9 ramen\u00e1. Valec ramena hr\u00e1 k\u013e\u00fa\u010dov\u00fa \u00falohu v hydraulickom syst\u00e9me, preto\u017ee umo\u017e\u0148uje efekt\u00edvny pohyb a ovl\u00e1danie pomocn\u00fdch n\u00e1strojov alebo pr\u00eddavn\u00fdch zariaden\u00ed. Tieto valce nielen zabezpe\u010duj\u00fa plynul\u00fd pohyb, ale tie\u017e odol\u00e1vaj\u00fa \u0165a\u017ek\u00fdm za\u0165a\u017eeniam, \u010d\u00edm zabezpe\u010duj\u00fa efekt\u00edvnu prev\u00e1dzku a spo\u013eahlivos\u0165 strojov v r\u00f4znych prev\u00e1dzkov\u00fdch podmienkach.<\/p>\n<p><img decoding=\"async\" src=\"https:\/\/www.hydraulic-cylinders.net\/wp-content\/uploads\/2025\/01\/songte-company-2.webp\" alt=\"Obr\u00e1zok valca ramena\"><\/p>\n<h2>Funkcie<\/h2>\n<h3>1. Vysokov\u00fdkonn\u00fd prevod<\/h3>\n<p>Valec ramena poskytuje siln\u00fd line\u00e1rny pohyb a silu, \u010d\u00edm zais\u0165uje vysok\u00fa \u00fa\u010dinnos\u0165 mechanick\u00e9ho ramena pri r\u00f4znych oper\u00e1ci\u00e1ch.<\/p>\n<h3>2. Presn\u00e9 ovl\u00e1danie<\/h3>\n<p>V\u010faka hydraulick\u00e9mu syst\u00e9mu dok\u00e1\u017ee valec ramena dosiahnu\u0165 presn\u00e9 ovl\u00e1danie pohybu, v\u010faka \u010domu je ovl\u00e1danie \u010fal\u0161\u00edch n\u00e1strojov flexibilnej\u0161ie a presnej\u0161ie.<\/p>\n<h3>3. Siln\u00e1 odolnos\u0165<\/h3>\n<p>Valce ramien s\u00fa zvy\u010dajne vyroben\u00e9 z vysoko pevn\u00fdch materi\u00e1lov a maj\u00fa dobr\u00fa odolnos\u0165 vo\u010di opotrebovaniu a kor\u00f3zii, v\u010faka \u010domu s\u00fa vhodn\u00e9 na dlhodob\u00e9 pou\u017e\u00edvanie v n\u00e1ro\u010dn\u00fdch podmienkach.<\/p>\n<h3>4. Multifunk\u010dn\u00e1 prisp\u00f4sobivos\u0165<\/h3>\n<p>Tieto valce sa daj\u00fa \u0161iroko pou\u017e\u00edva\u0165 v r\u00f4znych mechanick\u00fdch zariadeniach, ako s\u00fa bagre, \u017eeriavy a mechanick\u00e9 ramen\u00e1, aby sp\u013a\u0148ali r\u00f4zne pracovn\u00e9 po\u017eiadavky.<\/p>\n<h3>5. Jednoduch\u00e1 \u00fadr\u017eba<\/h3>\n<p>Kon\u0161trukcia zoh\u013ead\u0148uje jednoduch\u00fa \u00fadr\u017ebu a v\u00fdmenu, \u010d\u00edm sa spr\u00edjem\u0148uj\u00fa pravideln\u00e9 kontroly a \u00fadr\u017eba a skracuj\u00fa sa prestoje zariaden\u00ed.<\/p>\n<p><img decoding=\"async\" src=\"https:\/\/www.hydraulic-cylinders.net\/wp-content\/uploads\/2025\/01\/songte-oil-pipes-and-spare-parts.webp\" alt=\"Obr\u00e1zok olejov\u00fdch potrub\u00ed a n\u00e1hradn\u00fdch dielov\"><\/p>\n<h2>Aplik\u00e1cie<\/h2>\n<ul>\n<li>Stavebn\u00e9 projekty: V bagroch a \u017eeriavoch sa valce ramena pou\u017e\u00edvaj\u00fa na ovl\u00e1danie pohybu vedra alebo v\u00fdlo\u017en\u00edka pri zemn\u00fdch pr\u00e1cach, manipul\u00e1cii s materi\u00e1lom a mont\u00e1\u017ei kon\u0161trukci\u00ed.<\/li>\n<li>V\u00fdrobn\u00fd priemysel: V automatizovan\u00fdch v\u00fdrobn\u00fdch link\u00e1ch sa valce ramien pou\u017e\u00edvaj\u00fa na pohyb mechanick\u00fdch ramien v procesoch, ako je mont\u00e1\u017e, zv\u00e1ranie a manipul\u00e1cia, s cie\u013eom zlep\u0161i\u0165 efektivitu a presnos\u0165 v\u00fdroby.<\/li>\n<li>Po\u013enohospod\u00e1rske stroje: V po\u013enohospod\u00e1rskych strojoch, ako s\u00fa zbera\u010de a seja\u010dky, riadia valce ramena pohyb ovl\u00e1dacieho ramena na vykon\u00e1vanie \u00faloh, ako je siatie, hnojenie a zber \u00farody.<\/li>\n<li>\u0164a\u017eba: V bansk\u00fdch zariadeniach sa valce ramien pou\u017e\u00edvaj\u00fa na ovl\u00e1danie pohybu ramena bansk\u00e9ho zariadenia na \u0165a\u017ebu a manipul\u00e1ciu s rudou.<\/li>\n<li>Logistika a doprava: Vo vysokozdvi\u017en\u00fdch voz\u00edkoch a manipula\u010dn\u00fdch robotoch sa valce ramien pou\u017e\u00edvaj\u00fa na ovl\u00e1danie zdv\u00edhania a pohybu vidl\u00edc na manipul\u00e1ciu a stohovanie materi\u00e1lov.<\/li>\n<\/ul>\n<h2>\u00davahy o dizajne a \u0161tandardy v\u00fdberu<\/h2>\n<h3>1. \u00danosnos\u0165<\/h3>\n<p>Valec ramena mus\u00ed ma\u0165 dostato\u010dn\u00fa nosnos\u0165, aby odolal hmotnosti bremena a n\u00e1razu po\u010das prev\u00e1dzky.<\/p>\n<h3>2. V\u00fdkon tesnenia<\/h3>\n<p>Na zabr\u00e1nenie \u00faniku kvapaliny a kontamin\u00e1cie sa pou\u017e\u00edvaj\u00fa r\u00f4zne tesnenia, ako s\u00fa tesnenia piestov a tesnenia ty\u010d\u00ed. Tesnenia s\u00fa vyroben\u00e9 z materi\u00e1lov, ako je polyuret\u00e1n a nitrilov\u00fd kau\u010duk, kv\u00f4li odolnosti proti opotrebovaniu.<\/p>\n<h3>3. Trvanlivos\u0165<\/h3>\n<p>Telo valca a z\u00e1vitov\u00fd koniec s\u00fa prec\u00edzne spracovan\u00e9 pre zlep\u0161enie odolnosti proti opotrebovaniu. Rameno valca je zvy\u010dajne vyroben\u00e9 z vysokopevnostn\u00fdch materi\u00e1lov, aby sa zabezpe\u010dila odolnos\u0165 a spo\u013eahlivos\u0165.<\/p>\n<h3>4. Bezpe\u010dnos\u0165<\/h3>\n<p>Bezpe\u010dnostn\u00e9 opatrenia, ako s\u00fa koncov\u00e9 sp\u00edna\u010de a pretlakov\u00e9 ventily, sa pou\u017e\u00edvaj\u00fa na predch\u00e1dzanie nehod\u00e1m a po\u0161kodeniu zariaden\u00ed.<\/p>\n<h3>5. Udr\u017eiavate\u013enos\u0165<\/h3>\n<p>Valec ramena je navrhnut\u00fd pre jednoduch\u00fa \u00fadr\u017ebu a v\u00fdmenu komponentov, \u010d\u00edm sa skracuje \u010das a n\u00e1klady na \u00fadr\u017ebu.<\/p>\n<p><img decoding=\"async\" src=\"https:\/\/www.hydraulic-cylinders.net\/wp-content\/uploads\/2025\/01\/songte-cylinder-head-with-all-kinds-excavator-models.webp\" alt=\"Obr\u00e1zok hlavy valcov\"><\/p>\n<h2>Tesnenie a mazanie<\/h2>\n<p>Valec ramena pou\u017e\u00edva r\u00f4zne tesnenia, ako s\u00fa tesnenia piestov a tesnenia ty\u010d\u00ed, aby sa zabr\u00e1nilo \u00faniku kvapaliny a kontamin\u00e1cii. Tesnenia s\u00fa vyroben\u00e9 z materi\u00e1lov odoln\u00fdch vo\u010di opotrebovaniu, ako je polyuret\u00e1n a nitrilov\u00fd kau\u010duk. Teleso valca a z\u00e1vitov\u00fd koniec s\u00fa prec\u00edzne spracovan\u00e9, \u010do zlep\u0161uje odolnos\u0165 vo\u010di opotrebovaniu. Valec ramena je potrebn\u00e9 pravidelne maza\u0165 hydraulick\u00fdm olejom, aby sa zabezpe\u010dil hladk\u00fd chod.<\/p>\n<h2>\u00dadr\u017eba a prevent\u00edvne opatrenia<\/h2>\n<ul>\n<li>Pravidelne kontrolujte stav tesnen\u00ed a v pr\u00edpade potreby ich vyme\u0148te, aby ste predi\u0161li \u00faniku kvapaliny a kontamin\u00e1cii.<\/li>\n<li>Skontrolujte teleso valca a z\u00e1vitov\u00fd koniec, \u010di nie s\u00fa opotrebovan\u00e9 alebo po\u0161koden\u00e9, a pod\u013ea potreby ich opravte alebo vyme\u0148te, aby ste zabezpe\u010dili ich trvanlivos\u0165.<\/li>\n<li>Pre zaistenie bezpe\u010dnosti pravidelne kontrolujte koncov\u00e9 sp\u00edna\u010de a pretlakov\u00e9 ventily.<\/li>\n<li>Pravidelne prid\u00e1vajte primeran\u00e9 mno\u017estvo hydraulick\u00e9ho oleja na mazanie.<\/li>\n<\/ul>\n<p><img decoding=\"async\" src=\"https:\/\/www.hydraulic-cylinders.net\/wp-content\/uploads\/2025\/01\/songte-chushion-collar.webp\" alt=\"Obr\u00e1zok obojku Chushion\"><\/p>\n<h2>In\u0161tala\u010dn\u00e1 pr\u00edru\u010dka<\/h2>\n<p>Pred in\u0161tal\u00e1ciou skontrolujte kompatibilitu medzi valcom ramena a strojom. Dodr\u017eujte pokyny na in\u0161tal\u00e1ciu od v\u00fdrobcu a uistite sa, \u017ee valec ramena je spr\u00e1vne a bezpe\u010dne nain\u0161talovan\u00fd. Po\u010das in\u0161tal\u00e1cie pou\u017e\u00edvajte vhodn\u00e9 n\u00e1stroje a vybavenie a noste ochrann\u00e9 pom\u00f4cky.<\/p>\n<h2>Bezpe\u010dnostn\u00e9 aspekty a faktory prostredia<\/h2>\n<p>Po\u010das prev\u00e1dzky dbajte na bezpe\u010dnostn\u00e9 opatrenia, ako je nosenie ochrann\u00fdch prostriedkov a vyh\u00fdbanie sa pre\u0165a\u017eeniu. Pou\u017eit\u00fd hydraulick\u00fd olej a opotrebovan\u00e9 komponenty zlikvidujte v s\u00falade s environment\u00e1lnymi predpismi, aby ste predi\u0161li zne\u010disteniu.<\/p>\n<h2>Diagnostika a rie\u0161enie be\u017en\u00fdch por\u00fach<\/h2>\n<p>Medzi be\u017en\u00e9 poruchy valca ramena patr\u00ed \u00fanik kvapaliny, pomal\u00fd pohyb a abnorm\u00e1lny hluk. Ak sa tak\u00e9to probl\u00e9my vyskytn\u00fa, skontrolujte tesnenia, hladinu hydraulick\u00e9ho oleja a telo valca, \u010di nie s\u00fa po\u0161koden\u00e9, a v pr\u00edpade potreby ich opravte alebo vyme\u0148te.<\/p>\n<h2>O n\u00e1s<\/h2>\n<p>Sme profesion\u00e1lny v\u00fdrobca n\u00e1hradn\u00fdch hydraulick\u00fdch valcov so \u0161irokou \u0161k\u00e1lou produktov. Sme jedn\u00fdm z popredn\u00fdch v\u00fdrobcov a ve\u013ekoobchodn\u00edkov s hydraulick\u00fdmi valcami na dom\u00e1com aj zahrani\u010dnom trhu. V\u017edy dodr\u017eiavame princ\u00edp excelentnosti v kvalite a spoliehame sa na strat\u00e9giu industrializovan\u00e9ho riadenia v\u00fdroby v prepracovan\u00fdch v\u00fdrobn\u00fdch diel\u0148ach, aby sme neust\u00e1le zlep\u0161ovali na\u0161e technol\u00f3gie a efektivitu v\u00fdroby. Zav\u00e1dzan\u00edm \u0161pi\u010dkov\u00fdch digit\u00e1lnych v\u00fdrobn\u00fdch zariaden\u00ed a profesion\u00e1lnych testovac\u00edch syst\u00e9mov neust\u00e1le optimalizujeme na\u0161u v\u00fdrobn\u00fa platformu a zlep\u0161ujeme proces kontroly kvality na\u0161ich v\u00fdrobkov, pri\u010dom disponujeme robustn\u00fdmi inova\u010dn\u00fdmi schopnos\u0165ami. Na\u0161\u00edm cie\u013eom je uspokoji\u0165 rozmanit\u00e9 potreby z\u00e1kazn\u00edkov s princ\u00edpmi efekt\u00edvnosti, presnosti a vysokej kvality.<\/p>\n<p><img decoding=\"async\" src=\"https:\/\/www.hydraulic-cylinders.net\/wp-content\/uploads\/2025\/01\/songte-company-4.webp\" alt=\"Obr\u00e1zok spolo\u010dnosti\"><br \/>\n<img decoding=\"async\" src=\"https:\/\/www.hydraulic-cylinders.net\/wp-content\/uploads\/2025\/01\/songte-company-3.webp\" alt=\"Obr\u00e1zok spolo\u010dnosti\"><\/p>\n<p>Na\u0161a spolo\u010dnos\u0165 poskytuje profesion\u00e1lne a z\u00e1kazkov\u00e9 slu\u017eby a z\u00edskala certifik\u00e1ciu ISO9001. Disponujeme modern\u00fdm v\u00fdrobn\u00fdm zariaden\u00edm a poskytujeme vynikaj\u00faci popredajn\u00fd servis. Pon\u00fakame \u0161irok\u00fd sortiment hydraulick\u00fdch valcov vhodn\u00fdch pre r\u00f4zne stroje. M\u00e1me kompletn\u00fd sortiment produktov a poskytujeme profesion\u00e1lne z\u00e1kazkov\u00e9 slu\u017eby, ktor\u00e9 sp\u013a\u0148aj\u00fa r\u00f4zne potreby z\u00e1kazn\u00edkov. Na\u0161\u00edm cie\u013eom je sta\u0165 sa v\u00fdrobcom hydraulick\u00fdch valcov svetovej triedy.<\/p>\n<p>Autor: lyl<\/p>","protected":false},"excerpt":{"rendered":"<p>Arm Cylinder For Jonyang Small Excavator JY623E Introduction An arm cylinder, also known as a hydraulic cylinder, is a specially designed cylinder that provides linear motion and power to the arms of various machines, such as excavators, cranes, and mechanical arms. The arm cylinder plays a critical role in the hydraulic system, allowing auxiliary tools [&hellip;]<\/p>","protected":false},"featured_media":14774,"comment_status":"open","ping_status":"closed","template":"","meta":{"_et_pb_use_builder":"","_et_pb_old_content":"","_et_gb_content_width":""},"product_brand":[],"product_cat":[1497],"product_tag":[1498,1496],"class_list":{"0":"post-16590","1":"product","2":"type-product","3":"status-publish","4":"has-post-thumbnail","6":"product_cat-arm-cylinders","7":"product_tag-arm-cylinders","8":"product_tag-hydraulic-cylinders","10":"first","11":"instock","12":"shipping-taxable","13":"product-type-simple"},"amp_enabled":true,"_links":{"self":[{"href":"https:\/\/www.hydraulic-cylinders.net\/sk\/wp-json\/wp\/v2\/product\/16590","targetHints":{"allow":["GET"]}}],"collection":[{"href":"https:\/\/www.hydraulic-cylinders.net\/sk\/wp-json\/wp\/v2\/product"}],"about":[{"href":"https:\/\/www.hydraulic-cylinders.net\/sk\/wp-json\/wp\/v2\/types\/product"}],"replies":[{"embeddable":true,"href":"https:\/\/www.hydraulic-cylinders.net\/sk\/wp-json\/wp\/v2\/comments?post=16590"}],"wp:featuredmedia":[{"embeddable":true,"href":"https:\/\/www.hydraulic-cylinders.net\/sk\/wp-json\/wp\/v2\/media\/14774"}],"wp:attachment":[{"href":"https:\/\/www.hydraulic-cylinders.net\/sk\/wp-json\/wp\/v2\/media?parent=16590"}],"wp:term":[{"taxonomy":"product_brand","embeddable":true,"href":"https:\/\/www.hydraulic-cylinders.net\/sk\/wp-json\/wp\/v2\/product_brand?post=16590"},{"taxonomy":"product_cat","embeddable":true,"href":"https:\/\/www.hydraulic-cylinders.net\/sk\/wp-json\/wp\/v2\/product_cat?post=16590"},{"taxonomy":"product_tag","embeddable":true,"href":"https:\/\/www.hydraulic-cylinders.net\/sk\/wp-json\/wp\/v2\/product_tag?post=16590"}],"curies":[{"name":"pracovn\u00fd list","href":"https:\/\/api.w.org\/{rel}","templated":true}]}}