{"id":16592,"date":"2025-01-21T05:36:30","date_gmt":"2025-01-21T05:36:30","guid":{"rendered":"https:\/\/www.hydraulic-cylinders.net\/product\/arm-cylinder-for-jonyang-small-excavator-jy615eld\/"},"modified":"2025-01-21T05:36:32","modified_gmt":"2025-01-21T05:36:32","slug":"arm-cylinder-for-jonyang-small-excavator-jy615eld","status":"publish","type":"product","link":"https:\/\/www.hydraulic-cylinders.net\/sk\/produkt\/arm-cylinder-for-jonyang-small-excavator-jy615eld\/","title":{"rendered":"Valec ramena pre mal\u00e9 r\u00fdpadlo Jonyang JY615ELD"},"content":{"rendered":"<h2>\u00davod<\/h2>\n<h3>Valec ramena pre mal\u00e9 r\u00fdpadlo Jonyang JY615ELD<\/h3>\n<p>Hydraulick\u00fd valec ramena je \u0161peci\u00e1lne navrhnut\u00fd hydraulick\u00fd valec, ktor\u00fd zabezpe\u010duje line\u00e1rny pohyb a v\u00fdkon ramien r\u00f4znych typov strojov, ako s\u00fa r\u00fdpadl\u00e1, \u017eeriavy a mechanick\u00e9 ramen\u00e1. Hydraulick\u00fd valec ramena zohr\u00e1va k\u013e\u00fa\u010dov\u00fa \u00falohu v hydraulickom syst\u00e9me, preto\u017ee umo\u017e\u0148uje efekt\u00edvny pohyb a ovl\u00e1danie pr\u00edslu\u0161enstva alebo pr\u00edslu\u0161enstva. Tieto valce nielen zabezpe\u010duj\u00fa plynul\u00fd pohyb, ale tie\u017e odol\u00e1vaj\u00fa \u0165a\u017ek\u00fdm za\u0165a\u017eeniam, \u010d\u00edm zabezpe\u010duj\u00fa efekt\u00edvnu prev\u00e1dzku a spo\u013eahlivos\u0165 stroja za r\u00f4znych prev\u00e1dzkov\u00fdch podmienok.<\/p>\n<p><img decoding=\"async\" src=\"https:\/\/www.hydraulic-cylinders.net\/wp-content\/uploads\/2025\/01\/songte-company-2.webp\" alt=\"Valec ramena pre mal\u00e9 r\u00fdpadlo Jonyang JY615ELD\"><\/p>\n<h2>Vlastnosti produktu<\/h2>\n<ul>\n<li>\n<h3>Efekt\u00edvny prenos v\u00fdkonu<\/h3>\n<p>Valec ramena poskytuje siln\u00fd line\u00e1rny pohyb a silu, \u010d\u00edm zais\u0165uje vysok\u00fa \u00fa\u010dinnos\u0165 mechanick\u00e9ho ramena po\u010das r\u00f4znych oper\u00e1ci\u00ed.<\/p>\n<\/li>\n<li>\n<h3>Presn\u00e9 ovl\u00e1danie<\/h3>\n<p>Prostredn\u00edctvom hydraulick\u00e9ho syst\u00e9mu dok\u00e1\u017ee valec ramena dosiahnu\u0165 presn\u00e9 ovl\u00e1danie pohybu, v\u010faka \u010domu je ovl\u00e1danie pr\u00edslu\u0161enstva flexibilnej\u0161ie a presnej\u0161ie.<\/p>\n<\/li>\n<li>\n<h3>Siln\u00e1 odolnos\u0165<\/h3>\n<p>Valec ramena je zvy\u010dajne vyroben\u00fd z vysoko pevn\u00fdch materi\u00e1lov a m\u00e1 dobr\u00fa odolnos\u0165 vo\u010di opotrebovaniu a kor\u00f3zii, v\u010faka \u010domu je vhodn\u00fd na dlhodob\u00e9 pou\u017e\u00edvanie v n\u00e1ro\u010dn\u00fdch podmienkach.<\/p>\n<\/li>\n<li>\n<h3>Multifunk\u010dn\u00e1 prisp\u00f4sobivos\u0165<\/h3>\n<p>Tieto valce sa daj\u00fa \u0161iroko pou\u017e\u00edva\u0165 v r\u00f4znych mechanick\u00fdch zariadeniach, ako s\u00fa bagre, \u017eeriavy a mechanick\u00e9 ramen\u00e1, aby sa prisp\u00f4sobili r\u00f4znym pracovn\u00fdm po\u017eiadavk\u00e1m.<\/p>\n<\/li>\n<li>\n<h3>Jednoduch\u00e1 \u00fadr\u017eba<\/h3>\n<p>Kon\u0161trukcia zoh\u013ead\u0148uje jednoduch\u00fa \u00fadr\u017ebu a v\u00fdmenu, v\u010faka \u010domu s\u00fa pravideln\u00e9 kontroly a \u00fadr\u017eba pohodlnej\u0161ie a skracuj\u00fa sa prestoje zariaden\u00ed.<\/p>\n<\/li>\n<\/ul>\n<p>N\u00e1\u0161 produkt dok\u00e1\u017ee dokonale nahradi\u0165 tieto hydraulick\u00e9 valce. <\/p>\n<p><img decoding=\"async\" src=\"https:\/\/www.hydraulic-cylinders.net\/wp-content\/uploads\/2025\/01\/songte-oil-pipes-and-spare-parts.webp\" alt=\"Valec ramena pre mal\u00e9 r\u00fdpadlo Jonyang JY615ELD\"><\/p>\n<h2>Aplik\u00e1cia<\/h2>\n<p>Valec ramena sa \u0161iroko pou\u017e\u00edva v r\u00f4znych odvetviach takto:<\/p>\n<ul>\n<li>\n<h3>Stavebn\u00e9 in\u017einierstvo<\/h3>\n<p>V bagroch a \u017eeriavoch sa valec ramena pou\u017e\u00edva na ovl\u00e1danie pohybu vedra alebo v\u00fdlo\u017en\u00edka pri vykon\u00e1van\u00ed zemn\u00fdch pr\u00e1c, manipul\u00e1cii s materi\u00e1lom a in\u0161tal\u00e1cii kon\u0161trukci\u00ed.<\/p>\n<\/li>\n<li>\n<h3>V\u00fdroba<\/h3>\n<p>V automatizovan\u00fdch v\u00fdrobn\u00fdch link\u00e1ch sa valec ramena pou\u017e\u00edva na pohyb mechanick\u00fdch ramien na vykon\u00e1vanie mont\u00e1\u017enych, zv\u00e1rac\u00edch a manipula\u010dn\u00fdch procesov, \u010d\u00edm sa zlep\u0161uje efektivita a presnos\u0165 v\u00fdroby.<\/p>\n<\/li>\n<li>\n<h3>Po\u013enohospod\u00e1rske stroje<\/h3>\n<p>V po\u013enohospod\u00e1rskych strojoch, ako s\u00fa zbera\u010de a seja\u010dky, riadi valec ramena pohyb ovl\u00e1dacieho ramena na vykon\u00e1vanie \u00faloh, ako je siatie, hnojenie a zber \u00farody.<\/p>\n<\/li>\n<li>\n<h3>\u0164a\u017eba<\/h3>\n<p>V bansk\u00fdch zariadeniach sa valec ramena pou\u017e\u00edva na ovl\u00e1danie pohybu ramena bansk\u00e9ho zariadenia na \u0165a\u017ebu a prepravu rudy.<\/p>\n<\/li>\n<li>\n<h3>Logistika a doprava<\/h3>\n<p>Vo vysokozdvi\u017en\u00fdch voz\u00edkoch a manipula\u010dn\u00fdch robotoch sa valec ramena pou\u017e\u00edva na ovl\u00e1danie zdv\u00edhania a pohybu vidlice na manipul\u00e1ciu a stohovanie materi\u00e1lov.<\/p>\n<\/li>\n<\/ul>\n<h2>\u00davahy o dizajne a \u0161tandardy v\u00fdberu<\/h2>\n<ul>\n<li>\n<h3>Nosnos\u0165<\/h3>\n<p>Valec ramena mus\u00ed ma\u0165 dostato\u010dn\u00fa nosnos\u0165, aby sa zabezpe\u010dila norm\u00e1lna prev\u00e1dzka mechanick\u00e9ho ramena.<\/p>\n<\/li>\n<li>\n<h3>Tesniaci v\u00fdkon<\/h3>\n<p>Valec ramena pou\u017e\u00edva r\u00f4zne tesniace komponenty, ako s\u00fa tesnenia piestov a tesnenia ty\u010d\u00ed vyroben\u00e9 z materi\u00e1lov odoln\u00fdch vo\u010di opotrebovaniu, ako je polyuret\u00e1n a nitrilov\u00e1 guma, aby sa zabezpe\u010dil vynikaj\u00faci tesniaci v\u00fdkon.<\/p>\n<\/li>\n<li>\n<h3>Trvanlivos\u0165<\/h3>\n<p>Teleso valca a z\u00e1vitov\u00fd koniec s\u00fa jemne opracovan\u00e9, aby sa zlep\u0161ila odolnos\u0165 proti opotrebovaniu. Na zaistenie dlhodobej \u017eivotnosti ramenn\u00e9ho valca sa pou\u017e\u00edvaj\u00fa vysokopevnostn\u00e9 materi\u00e1ly.<\/p>\n<\/li>\n<li>\n<h3>Bezpe\u010dnos\u0165 a \u00fadr\u017eba<\/h3>\n<p>Valec ramena je navrhnut\u00fd s oh\u013eadom na bezpe\u010dnos\u0165, ako je in\u0161tal\u00e1cia poistn\u00fdch ventilov, ktor\u00e9 zabra\u0148uj\u00fa pre\u0165a\u017eeniu. Kon\u0161trukcia tie\u017e zoh\u013ead\u0148uje jednoduch\u00fa \u00fadr\u017ebu a v\u00fdmenu komponentov.<\/p>\n<\/li>\n<\/ul>\n<p><img decoding=\"async\" src=\"https:\/\/www.hydraulic-cylinders.net\/wp-content\/uploads\/2025\/01\/songte-cylinder-head-with-all-kinds-excavator-models.webp\" alt=\"Valec ramena pre mal\u00e9 r\u00fdpadlo Jonyang JY615ELD\"><\/p>\n<h2>Tesnenie a mazanie<\/h2>\n<p>Valec ramena pou\u017e\u00edva r\u00f4zne tesniace komponenty, ako s\u00fa tesnenia piestov, tesnenia ty\u010d\u00ed a tesniace kr\u00fa\u017eky, vyroben\u00e9 z materi\u00e1lov odoln\u00fdch proti opotrebovaniu, ako je polyuret\u00e1n a nitrilov\u00fd kau\u010duk, aby sa zabezpe\u010dil vynikaj\u00faci tesniaci v\u00fdkon. Teleso valca a z\u00e1vitov\u00fd koniec s\u00fa jemne opracovan\u00e9, aby sa zlep\u0161ila odolnos\u0165 proti opotrebovaniu. Pravideln\u00e9 prid\u00e1vanie hydraulick\u00e9ho oleja m\u00f4\u017ee zabezpe\u010di\u0165 mazanie valca ramena.<\/p>\n<p><img decoding=\"async\" src=\"https:\/\/www.hydraulic-cylinders.net\/wp-content\/uploads\/2025\/01\/songte-chushion-collar.webp\" alt=\"Valec ramena pre mal\u00e9 r\u00fdpadlo Jonyang JY615ELD\"><\/p>\n<h2>\u00dadr\u017eba a odstra\u0148ovanie probl\u00e9mov<\/h2>\n<p>Pravideln\u00e1 kontrola a prevent\u00edvna \u00fadr\u017eba m\u00f4\u017eu pom\u00f4c\u0165 minimalizova\u0165 potenci\u00e1lne probl\u00e9my a pred\u013a\u017ei\u0165 \u017eivotnos\u0165 valca ramena. Niektor\u00e9 be\u017en\u00e9 probl\u00e9my a met\u00f3dy rie\u0161enia probl\u00e9mov s\u00fa nasledovn\u00e9:<\/p>\n<ul>\n<li>\n<h3>\u00danik<\/h3>\n<p>Pr\u00ed\u010dinou \u00faniku m\u00f4\u017ee by\u0165 po\u0161kodenie tesniacich komponentov. Je potrebn\u00e9 v\u010das vymeni\u0165 po\u0161koden\u00e9 diely alebo nastavi\u0165 maticu hlavy valcov, aby sa zabezpe\u010dil dobr\u00fd kontakt tesniacich komponentov s telesom valca.<\/p>\n<\/li>\n<li>\n<h3>Abnorm\u00e1lny hluk<\/h3>\n<p>Pr\u00ed\u010dinou abnorm\u00e1lneho hluku m\u00f4\u017ee by\u0165 nedostato\u010dn\u00e9 mazanie alebo po\u0161kodenie piesta alebo ty\u010de. Je potrebn\u00e9 v\u010das doplni\u0165 mazac\u00ed olej alebo vymeni\u0165 po\u0161koden\u00e9 diely.<\/p>\n<\/li>\n<li>\n<h3>Slab\u00fd pohyb<\/h3>\n<p>Pr\u00ed\u010dinou slab\u00e9ho pohybu m\u00f4\u017ee by\u0165 nedostato\u010dn\u00fd tlak alebo po\u0161kodenie hydraulick\u00e9ho syst\u00e9mu. Pre zabezpe\u010denie norm\u00e1lnej prev\u00e1dzky je potrebn\u00e9 v\u010das upravi\u0165 tlak alebo opravi\u0165 hydraulick\u00fd syst\u00e9m.<\/p>\n<\/li>\n<\/ul>\n<p>Prevent\u00edvne opatrenia zah\u0155\u0148aj\u00fa pravideln\u00fa kontrolu a \u00fadr\u017ebu, v\u010dasn\u00fa v\u00fdmenu po\u0161koden\u00fdch dielov a spr\u00e1vne pou\u017e\u00edvanie a skladovanie.<\/p>\n<h2>In\u0161tala\u010dn\u00e1 pr\u00edru\u010dka<\/h2>\n<p>Pred in\u0161tal\u00e1ciou skontrolujte mont\u00e1\u017ene rozmery a vyberte vhodn\u00fd sp\u00f4sob in\u0161tal\u00e1cie. Po\u010das in\u0161tal\u00e1cie sa uistite, \u017ee ramenn\u00fd valec je spr\u00e1vne nain\u0161talovan\u00fd a tesniace komponenty s\u00fa v dobrom kontakte s telom valca. Po in\u0161tal\u00e1cii vykonajte tlakov\u00fa sk\u00fa\u0161ku, aby ste skontrolovali netesnosti alebo in\u00e9 probl\u00e9my. Podrobnej\u0161ie pokyny na in\u0161tal\u00e1ciu n\u00e1jdete v in\u0161tala\u010dnej pr\u00edru\u010dke.<\/p>\n<p><img decoding=\"async\" src=\"https:\/\/www.hydraulic-cylinders.net\/wp-content\/uploads\/2025\/01\/songte-bushings-with-all-kinds-of-excavator-models.webp\" alt=\"Valec ramena pre mal\u00e9 r\u00fdpadlo Jonyang JY615ELD\"><\/p>\n<h2>O n\u00e1s<\/h2>\n<p>Sme profesion\u00e1lny v\u00fdrobca alternat\u00edvnych hydraulick\u00fdch valcov so \u0161irokou \u0161k\u00e1lou produktov a stali sme sa jedn\u00fdm z popredn\u00fdch v\u00fdrobcov a ve\u013ekoobchodn\u00fdch distrib\u00fatorov hydraulick\u00fdch valcov na dom\u00e1com aj medzin\u00e1rodnom trhu. V\u017edy dodr\u017eiavame princ\u00edp excelentnosti v kvalite, spoliehame sa na strat\u00e9giu riadenia priemyselnej v\u00fdroby v jemn\u00fdch v\u00fdrobn\u00fdch diel\u0148ach a neust\u00e1le zlep\u0161ujeme na\u0161u technick\u00fa \u00farove\u0148 a efektivitu v\u00fdroby. Zav\u00e1dzan\u00edm \u0161pi\u010dkov\u00fdch digit\u00e1lnych v\u00fdrobn\u00fdch zariaden\u00ed a profesion\u00e1lnych testovac\u00edch syst\u00e9mov neust\u00e1le optimalizujeme v\u00fdrobn\u00fa platformu, zlep\u0161ujeme proces kontroly kvality v\u00fdrobkov a m\u00e1me siln\u00e9 inova\u010dn\u00e9 schopnosti. Na\u0161\u00edm cie\u013eom je uspokoji\u0165 rozmanit\u00e9 potreby z\u00e1kazn\u00edkov s vysokou efektivitou, presnos\u0165ou a princ\u00edpmi vysokej kvality.<\/p>\n<p><img decoding=\"async\" src=\"https:\/\/www.hydraulic-cylinders.net\/wp-content\/uploads\/2025\/01\/songte-company-4.webp\" alt=\"O n\u00e1s\"><\/p>\n<h3>Na\u0161e v\u00fdhody<\/h3>\n<ul>\n<li>\n<p>Profesionalita: M\u00e1me profesion\u00e1lny t\u00edm a modern\u00e9 v\u00fdrobn\u00e9 zariadenia, aby sme z\u00e1kazn\u00edkom poskytli vysoko kvalitn\u00e9 hydraulick\u00e9 valce.<\/p>\n<\/li>\n<li>\n<p>Medzin\u00e1rodn\u00e1 certifik\u00e1cia: Na\u0161e v\u00fdrobky z\u00edskali certifik\u00e1ciu syst\u00e9mu mana\u017e\u00e9rstva kvality ISO9001: 2015 a certifik\u00e1ciu CE, \u010do zaru\u010duje kvalitu a bezpe\u010dnos\u0165 v\u00fdrobkov.<\/p>\n<\/li>\n<li>\n<p>Slu\u017eba prisp\u00f4sobenia: Hydraulick\u00e9 valce vieme prisp\u00f4sobi\u0165 pod\u013ea po\u017eiadaviek z\u00e1kazn\u00edka, aby sp\u013a\u0148ali r\u00f4zne potreby aplik\u00e1ci\u00ed.<\/p>\n<\/li>\n<li>\n<p>V\u00fdrobn\u00e9 zariadenia: M\u00e1me modern\u00e9 v\u00fdrobn\u00e9 zariadenia vr\u00e1tane CNC obr\u00e1bac\u00edch centier, CNC s\u00fastruhov a \u010fal\u0161\u00edch presn\u00fdch obr\u00e1bac\u00edch zariaden\u00ed, ktor\u00e9 zabezpe\u010duj\u00fa kvalitu v\u00fdrobkov a efekt\u00edvnos\u0165 v\u00fdroby.<\/p>\n<\/li>\n<li>\n<p>Popredajn\u00fd servis: N\u00e1\u0161 profesion\u00e1lny t\u00edm popredajn\u00e9ho servisu poskytuje z\u00e1kazn\u00edkom v\u010dasn\u00fd a efekt\u00edvny popredajn\u00fd servis, \u010d\u00edm zabezpe\u010duje spokojnos\u0165 z\u00e1kazn\u00edkov.<\/p>\n<\/li>\n<\/ul>\n<p><img decoding=\"async\" src=\"https:\/\/www.hydraulic-cylinders.net\/wp-content\/uploads\/2025\/01\/songte-company-3.webp\" alt=\"O n\u00e1s\"><\/p>\n<p>Autor: lyl<\/p>","protected":false},"excerpt":{"rendered":"<p>Introduction Arm Cylinder for Jonyang Small Excavator JY615ELD The arm cylinder is a specially designed hydraulic cylinder that provides linear movement and power to the arms of various types of machinery, such as excavators, cranes, and mechanical arms. The arm cylinder plays a critical role in the hydraulic system, enabling attachments or accessories to move [&hellip;]<\/p>","protected":false},"featured_media":14770,"comment_status":"open","ping_status":"closed","template":"","meta":{"_et_pb_use_builder":"","_et_pb_old_content":"","_et_gb_content_width":""},"product_brand":[],"product_cat":[1497],"product_tag":[1498,1496],"class_list":{"0":"post-16592","1":"product","2":"type-product","3":"status-publish","4":"has-post-thumbnail","6":"product_cat-arm-cylinders","7":"product_tag-arm-cylinders","8":"product_tag-hydraulic-cylinders","10":"first","11":"instock","12":"shipping-taxable","13":"product-type-simple"},"amp_enabled":true,"_links":{"self":[{"href":"https:\/\/www.hydraulic-cylinders.net\/sk\/wp-json\/wp\/v2\/product\/16592","targetHints":{"allow":["GET"]}}],"collection":[{"href":"https:\/\/www.hydraulic-cylinders.net\/sk\/wp-json\/wp\/v2\/product"}],"about":[{"href":"https:\/\/www.hydraulic-cylinders.net\/sk\/wp-json\/wp\/v2\/types\/product"}],"replies":[{"embeddable":true,"href":"https:\/\/www.hydraulic-cylinders.net\/sk\/wp-json\/wp\/v2\/comments?post=16592"}],"wp:featuredmedia":[{"embeddable":true,"href":"https:\/\/www.hydraulic-cylinders.net\/sk\/wp-json\/wp\/v2\/media\/14770"}],"wp:attachment":[{"href":"https:\/\/www.hydraulic-cylinders.net\/sk\/wp-json\/wp\/v2\/media?parent=16592"}],"wp:term":[{"taxonomy":"product_brand","embeddable":true,"href":"https:\/\/www.hydraulic-cylinders.net\/sk\/wp-json\/wp\/v2\/product_brand?post=16592"},{"taxonomy":"product_cat","embeddable":true,"href":"https:\/\/www.hydraulic-cylinders.net\/sk\/wp-json\/wp\/v2\/product_cat?post=16592"},{"taxonomy":"product_tag","embeddable":true,"href":"https:\/\/www.hydraulic-cylinders.net\/sk\/wp-json\/wp\/v2\/product_tag?post=16592"}],"curies":[{"name":"pracovn\u00fd list","href":"https:\/\/api.w.org\/{rel}","templated":true}]}}