{"id":16601,"date":"2025-01-21T05:37:04","date_gmt":"2025-01-21T05:37:04","guid":{"rendered":"https:\/\/www.hydraulic-cylinders.net\/product\/arm-cylinder-for-jcm-middle-excavator-922d\/"},"modified":"2025-01-21T05:37:06","modified_gmt":"2025-01-21T05:37:06","slug":"arm-cylinder-for-jcm-middle-excavator-922d","status":"publish","type":"product","link":"https:\/\/www.hydraulic-cylinders.net\/sk\/produkt\/arm-cylinder-for-jcm-middle-excavator-922d\/","title":{"rendered":"Valec ramena pre stredn\u00fd bager JCM 922D"},"content":{"rendered":"<h1>Valec ramena pre stredn\u00fd bager JCM 922D<\/h1>\n<h2>\u00davod<\/h2>\n<h3>Defin\u00edcia<\/h3>\n<p>Hydraulick\u00fd valec ramena je \u0161pecializovan\u00fd hydraulick\u00fd valec, ktor\u00fd sa pou\u017e\u00edva hlavne na zabezpe\u010denie line\u00e1rneho pohybu a v\u00fdkonu ramien r\u00f4znych strojov, ako s\u00fa r\u00fdpadl\u00e1, \u017eeriavy a robotick\u00e9 ramen\u00e1. Valec ramena hr\u00e1 k\u013e\u00fa\u010dov\u00fa \u00falohu v hydraulickom syst\u00e9me, preto\u017ee umo\u017e\u0148uje efekt\u00edvny pohyb a ovl\u00e1danie dodato\u010dn\u00fdch n\u00e1strojov alebo pr\u00edslu\u0161enstva. Tieto valce nielen\u017ee poskytuj\u00fa plynul\u00fd a efekt\u00edvny pohyb, ale tie\u017e odol\u00e1vaj\u00fa \u0165a\u017ek\u00fdm za\u0165a\u017eeniam, \u010d\u00edm zabezpe\u010duj\u00fa efekt\u00edvnu prev\u00e1dzku a spo\u013eahlivos\u0165 strojov v r\u00f4znych prev\u00e1dzkov\u00fdch podmienkach.<\/p>\n<p><img decoding=\"async\" src=\"https:\/\/www.hydraulic-cylinders.net\/wp-content\/uploads\/2025\/01\/songte-company-2.webp\" alt=\"Obr\u00e1zok valca ramena\"><\/p>\n<h2>Funkcie<\/h2>\n<ul>\n<li>\n<h3>Efekt\u00edvny prenos v\u00fdkonu<\/h3>\n<p>Valec ramena poskytuje siln\u00fd line\u00e1rny pohyb a silu, \u010d\u00edm zais\u0165uje vysok\u00fd v\u00fdkon robotick\u00e9ho ramena pri r\u00f4znych oper\u00e1ci\u00e1ch.<\/p>\n<\/li>\n<li>\n<h3>Presn\u00e9 ovl\u00e1danie<\/h3>\n<p>Valec ramena dok\u00e1\u017ee dosiahnu\u0165 presn\u00e9 riadenie pohybu prostredn\u00edctvom hydraulick\u00e9ho syst\u00e9mu, \u010d\u00edm sa ovl\u00e1danie \u010fal\u0161\u00edch n\u00e1strojov st\u00e1va flexibilnej\u0161\u00edm a presnej\u0161\u00edm.<\/p>\n<\/li>\n<li>\n<h3>Siln\u00e1 odolnos\u0165<\/h3>\n<p>Valec ramena je zvy\u010dajne vyroben\u00fd z vysoko pevn\u00fdch materi\u00e1lov a m\u00e1 dobr\u00fa odolnos\u0165 vo\u010di opotrebovaniu a kor\u00f3zii, je vhodn\u00fd na dlhodob\u00e9 pou\u017e\u00edvanie v n\u00e1ro\u010dn\u00fdch podmienkach.<\/p>\n<\/li>\n<li>\n<h3>Multifunk\u010dn\u00e1 prisp\u00f4sobivos\u0165<\/h3>\n<p>Tieto valce sa daj\u00fa \u0161iroko pou\u017e\u00edva\u0165 v r\u00f4znych strojn\u00fdch zariadeniach, ako s\u00fa bagre, \u017eeriavy a robotick\u00e9 ramen\u00e1, a prisp\u00f4sobuj\u00fa sa r\u00f4znym pracovn\u00fdm potreb\u00e1m.<\/p>\n<\/li>\n<li>\n<h3>Jednoduch\u00e1 \u00fadr\u017eba<\/h3>\n<p>Kon\u0161trukcia zoh\u013ead\u0148uje jednoduch\u00fa \u00fadr\u017ebu a v\u00fdmenu, v\u010faka \u010domu s\u00fa pravideln\u00e9 kontroly a \u00fadr\u017eba pohodlnej\u0161ie a skracuj\u00fa sa prestoje zariaden\u00ed.<\/p>\n<\/li>\n<\/ul>\n<p>Tento produkt vieme vyrobi\u0165 a n\u00e1\u0161 produkt dok\u00e1\u017ee dokonale nahradi\u0165 tieto hydraulick\u00e9 valce.<\/p>\n<p><img decoding=\"async\" src=\"https:\/\/www.hydraulic-cylinders.net\/wp-content\/uploads\/2025\/01\/songte-oil-pipes-and-spare-parts.webp\" alt=\"Obr\u00e1zok n\u00e1hradn\u00fdch dielov hydraulick\u00e9ho valca\"><\/p>\n<h2>Aplik\u00e1cie<\/h2>\n<ul>\n<li>\n<h3>Stavebn\u00e9 in\u017einierstvo<\/h3>\n<p>Valce ramien sa pou\u017e\u00edvaj\u00fa na ovl\u00e1danie pohybu vedier alebo v\u00fdlo\u017en\u00edkov v r\u00fdpadl\u00e1ch a \u017eeriavoch, pri vykon\u00e1van\u00ed zemn\u00fdch pr\u00e1c, manipul\u00e1cii s materi\u00e1lom a mont\u00e1\u017ei kon\u0161trukci\u00ed.<\/p>\n<\/li>\n<li>\n<h3>V\u00fdrobn\u00fd priemysel<\/h3>\n<p>Valce ramien sa pou\u017e\u00edvaj\u00fa pri pohybe robotick\u00fdch ramien v automatizovan\u00fdch v\u00fdrobn\u00fdch link\u00e1ch, pri vykon\u00e1van\u00ed mont\u00e1\u017enych, zv\u00e1rac\u00edch a manipula\u010dn\u00fdch procesov, \u010d\u00edm sa zlep\u0161uje efektivita v\u00fdroby a presnos\u0165.<\/p>\n<\/li>\n<li>\n<h3>Po\u013enohospod\u00e1rske stroje<\/h3>\n<p>Valce ramien ovl\u00e1daj\u00fa pohyb ovl\u00e1dac\u00edch ramien v po\u013enohospod\u00e1rskych strojoch, ako s\u00fa kombajny a seja\u010dky, a vykon\u00e1vaj\u00fa \u00falohy, ako je siatie, hnojenie a zber \u00farody.<\/p>\n<\/li>\n<li>\n<h3>\u0164a\u017eba<\/h3>\n<p>Valce ramien sa pou\u017e\u00edvaj\u00fa na ovl\u00e1danie pohybu ramien bansk\u00fdch zariaden\u00ed, vykon\u00e1vanie bansk\u00fdch a prepravn\u00fdch \u00faloh.<\/p>\n<\/li>\n<li>\n<h3>Logistika a doprava<\/h3>\n<p>Valce ramien sa pou\u017e\u00edvaj\u00fa na ovl\u00e1danie zdv\u00edhania a pohybu vidl\u00edc vo vysokozdvi\u017en\u00fdch voz\u00edkoch a manipula\u010dn\u00fdch robotoch, \u010d\u00edm sa realizuje manipul\u00e1cia s materi\u00e1lom a stohovanie.<\/p>\n<\/li>\n<\/ul>\n<h2>\u00davahy o dizajne a krit\u00e9ri\u00e1 v\u00fdberu<\/h2>\n<ul>\n<li>\n<h3>Nosnos\u0165<\/h3>\n<p>Valec ramena mus\u00ed ma\u0165 vhodn\u00fa nosnos\u0165, ktor\u00e1 by sa mala ur\u010di\u0165 na z\u00e1klade po\u017eiadaviek strojn\u00e9ho zariadenia, na ktor\u00e9 je namontovan\u00fd.<\/p>\n<\/li>\n<li>\n<h3>Tesnenie<\/h3>\n<p>V\u00fdber tesniacich prvkov piestu a ty\u010de je rozhoduj\u00faci pre zabezpe\u010denie spr\u00e1vnej funkcie a dlhej \u017eivotnosti valca ramena. Polyuret\u00e1nov\u00e9 a nitrilov\u00e9 gumov\u00e9 materi\u00e1ly sa be\u017ene pou\u017e\u00edvaj\u00fa kv\u00f4li ich vynikaj\u00facej odolnosti proti opotrebovaniu a tesniacim vlastnostiam.<\/p>\n<\/li>\n<li>\n<h3>Trvanlivos\u0165<\/h3>\n<p>Valec ramena mus\u00ed by\u0165 vyroben\u00fd z vysoko pevn\u00fdch materi\u00e1lov s dobrou odolnos\u0165ou proti opotrebovaniu a kor\u00f3zii, aby sa zabezpe\u010dilo dlhodob\u00e9 pou\u017e\u00edvanie v n\u00e1ro\u010dn\u00fdch podmienkach.<\/p>\n<\/li>\n<li>\n<h3>Bezpe\u010dnos\u0165<\/h3>\n<p>Valec ramena mus\u00ed by\u0165 navrhnut\u00fd tak, aby sa predi\u0161lo nehod\u00e1m, ako s\u00fa napr\u00edklad zariadenia na ochranu proti pre\u0165a\u017eeniu a bezpe\u010dnostn\u00e9 ventily.<\/p>\n<\/li>\n<li>\n<h3>Udr\u017eiavate\u013enos\u0165<\/h3>\n<p>Kon\u0161trukcia valca ramena by mala zoh\u013ead\u0148ova\u0165 jednoduch\u00fa \u00fadr\u017ebu a v\u00fdmenu, aby sa skr\u00e1tili prestoje zariadenia. Pou\u017eitie kvalitn\u00fdch n\u00e1hradn\u00fdch dielov m\u00f4\u017ee tie\u017e pred\u013a\u017ei\u0165 \u017eivotnos\u0165 valca.<\/p>\n<\/li>\n<\/ul>\n<p><img decoding=\"async\" src=\"https:\/\/www.hydraulic-cylinders.net\/wp-content\/uploads\/2025\/01\/songte-cylinder-head-with-all-kinds-excavator-models.webp\" alt=\"Obr\u00e1zok hlavy valcov\"><\/p>\n<h2>Tesnenie a mazanie<\/h2>\n<p>The arm cylinder uses various sealing elements, such as piston sealing rings and rod sealing rings, which are made of wear-resistant materials such as polyurethane and nitrile rubber. The cylinder body and threaded end surface are precisely treated to improve wear resistance. Regularly adding appropriate hydraulic oil for lubrication can ensure the cylinder&#8217;s smooth movement and prolong its service life.<\/p>\n<p><img decoding=\"async\" src=\"https:\/\/www.hydraulic-cylinders.net\/wp-content\/uploads\/2025\/01\/songte-chushion-collar.webp\" alt=\"Obr\u00e1zok goliera valca\"><\/p>\n<h2>Kontrola a \u00fadr\u017eba<\/h2>\n<ul>\n<li>\n<h3>Pravideln\u00e1 kontrola<\/h3>\n<p>Valec ramena by sa mal pravidelne kontrolova\u0165, aby sa zabezpe\u010dila jeho spr\u00e1vna funkcia a v\u010das sa zistili ak\u00e9ko\u013evek chyby alebo opotrebenie, \u010do m\u00f4\u017ee zabr\u00e1ni\u0165 nehod\u00e1m a zn\u00ed\u017ei\u0165 n\u00e1klady na \u00fadr\u017ebu.<\/p>\n<\/li>\n<li>\n<h3>Prevent\u00edvna \u00fadr\u017eba<\/h3>\n<p>Preventive maintenance should be carried out regularly to replace the worn or damaged parts in time and ensure the arm cylinder&#8217;s optimal performance and service life.<\/p>\n<\/li>\n<\/ul>\n<h2>In\u0161tala\u010dn\u00e1 pr\u00edru\u010dka<\/h2>\n<p>Pred in\u0161tal\u00e1ciou skontrolujte vhodnos\u0165 valca ramena pre strojov\u00e9 zariadenie a spr\u00e1vnu mont\u00e1\u017enu polohu. Odstr\u00e1\u0148te ochrann\u00fd kryt a naneste vhodn\u00e9 mno\u017estvo mazacieho oleja na piestnu ty\u010d a teleso valca. Nain\u0161talujte valec a pripojte ho k hydraulick\u00e9mu syst\u00e9mu. Pomaly otestujte valec ramena, aby ste sa uistili, \u017ee funguje spr\u00e1vne.<\/p>\n<p><img decoding=\"async\" src=\"https:\/\/www.hydraulic-cylinders.net\/wp-content\/uploads\/2025\/01\/songte-bushings-with-all-kinds-of-excavator-models.webp\" alt=\"Obr\u00e1zok puzdra valca\"><\/p>\n<h2>Bezpe\u010dnostn\u00e9 aspekty a faktory prostredia<\/h2>\n<p>Pri pou\u017e\u00edvan\u00ed valca s ramenom je potrebn\u00e9 dodr\u017eiava\u0165 bezpe\u010dnostn\u00e9 opatrenia, aby sa predi\u0161lo nehod\u00e1m. Na zaistenie bezpe\u010dnej a spo\u013eahlivej prev\u00e1dzky je mo\u017en\u00e9 nain\u0161talova\u0165 zariadenia na ochranu proti pre\u0165a\u017eeniu a poistn\u00e9 ventily. Pri v\u00fdbere valca s ramenom by sa mali zoh\u013eadni\u0165 aj faktory prostredia, ako je teplota a vlhkos\u0165, aby sa zabezpe\u010dil optim\u00e1lny v\u00fdkon a dlh\u00e1 \u017eivotnos\u0165.<\/p>\n<h2>Be\u017en\u00e9 poruchy a rie\u0161enie probl\u00e9mov<\/h2>\n<ul>\n<li>\n<h3>\u00danik z valca<\/h3>\n<p>Ide o be\u017en\u00fa poruchu sp\u00f4soben\u00fa po\u0161koden\u00edm tesniacich prvkov. Po\u0161koden\u00e9 tesnenia v\u010das vyme\u0148te, aby ste predi\u0161li \u010fal\u0161iemu \u00faniku.<\/p>\n<\/li>\n<li>\n<h3>Oh\u00fdbanie valcov<\/h3>\n<p>T\u00e1to porucha je zvy\u010dajne sp\u00f4soben\u00e1 nadmern\u00fdm za\u0165a\u017een\u00edm alebo kol\u00edziou. Skontrolujte za\u0165a\u017eenie a prev\u00e1dzkov\u00e9 podmienky a v\u010das vyme\u0148te po\u0161koden\u00fd valec.<\/p>\n<\/li>\n<li>\n<h3>Hluk valca<\/h3>\n<p>T\u00fato poruchu zvy\u010dajne sp\u00f4sobuje vzduch v hydraulickom syst\u00e9me alebo nedostato\u010dn\u00e9 mazanie. Skontrolujte hydraulick\u00fd syst\u00e9m a dopl\u0148te mazac\u00ed olej, aby ste odstr\u00e1nili hluk.<\/p>\n<\/li>\n<\/ul>\n<p>To diagnose and solve these problems effectively, refer to the manufacturer&#8217;s instructions or consult a professional technician.<\/p>\n<p><img decoding=\"async\" src=\"https:\/\/www.hydraulic-cylinders.net\/wp-content\/uploads\/2025\/01\/songte-company-4.webp\" alt=\"Imid\u017e spolo\u010dnosti\"><br \/>\n<img decoding=\"async\" src=\"https:\/\/www.hydraulic-cylinders.net\/wp-content\/uploads\/2025\/01\/songte-company-3.webp\" alt=\"Imid\u017e spolo\u010dnosti\"><\/p>\n<h2>O n\u00e1s<\/h2>\n<p>We are a professional manufacturer of replacement hydraulic cylinders with a rich variety of products and have become one of the leading hydraulic cylinder manufacturers and wholesale distributors in the domestic and international markets. We always adhere to the principle of excellent quality, relying on the industrialized production management strategy of the refining workshop, constantly improving our technical level and production efficiency. By introducing high-end digital manufacturing equipment and professional testing systems, we optimize the manufacturing platform and improve the product quality control process, possessing strong innovation capabilities. Our goal is to satisfy customers&#8217; diverse needs with high efficiency, precision, and high quality.<\/p>\n<ul>\n<li>\n<h3>Profesionalita<\/h3>\n<p>M\u00e1me profesion\u00e1lny technick\u00fd person\u00e1l a modern\u00e9 v\u00fdrobn\u00e9 zariadenia, aby sme zabezpe\u010dili kvalitu a v\u00fdkon na\u0161ich produktov.<\/p>\n<\/li>\n<li>\n<h3>Medzin\u00e1rodn\u00e1 certifik\u00e1cia<\/h3>\n<p>Na\u0161e produkty pre\u0161li medzin\u00e1rodn\u00fdmi certifik\u00e1ciami ako ISO9001, CE a SGS, \u010do zaru\u010duje ich kvalitu a spo\u013eahlivos\u0165.<\/p>\n<\/li>\n<li>\n<h3>Prisp\u00f4soben\u00e9 slu\u017eby<\/h3>\n<p>Poskytujeme slu\u017eby na mieru, aby sme splnili rozmanit\u00e9 potreby na\u0161ich z\u00e1kazn\u00edkov.<\/p>\n<\/li>\n<li>\n<h3>V\u00fdrobn\u00e9 zariadenia<\/h3>\n<p>Pou\u017e\u00edvame pokro\u010dil\u00e9 digit\u00e1lne v\u00fdrobn\u00e9 zariadenia, aby sme zabezpe\u010dili presnos\u0165 a efekt\u00edvnos\u0165 na\u0161ich produktov.<\/p>\n<\/li>\n<li>\n<h3>Popredajn\u00fd servis<\/h3>\n<p>Poskytujeme komplexn\u00fd popredajn\u00fd servis vr\u00e1tane technickej podpory, dod\u00e1vok n\u00e1hradn\u00fdch dielov a \u00fadr\u017eby.<\/p>\n<\/li>\n<\/ul>\n<p>Autor: lyl<\/p>","protected":false},"excerpt":{"rendered":"<p>Arm Cylinder For JCM Middle Excavator 922D Introduction Definition Arm cylinder is a specialized hydraulic cylinder that is mainly used to provide linear motion and power for the arms of various machinery such as excavators, cranes, and robotic arms. The arm cylinder plays a critical role in the hydraulic system, enabling the effective movement and [&hellip;]<\/p>","protected":false},"featured_media":14772,"comment_status":"open","ping_status":"closed","template":"","meta":{"_et_pb_use_builder":"","_et_pb_old_content":"","_et_gb_content_width":""},"product_brand":[],"product_cat":[1497],"product_tag":[1498,1496],"class_list":{"0":"post-16601","1":"product","2":"type-product","3":"status-publish","4":"has-post-thumbnail","6":"product_cat-arm-cylinders","7":"product_tag-arm-cylinders","8":"product_tag-hydraulic-cylinders","10":"first","11":"instock","12":"shipping-taxable","13":"product-type-simple"},"amp_enabled":true,"_links":{"self":[{"href":"https:\/\/www.hydraulic-cylinders.net\/sk\/wp-json\/wp\/v2\/product\/16601","targetHints":{"allow":["GET"]}}],"collection":[{"href":"https:\/\/www.hydraulic-cylinders.net\/sk\/wp-json\/wp\/v2\/product"}],"about":[{"href":"https:\/\/www.hydraulic-cylinders.net\/sk\/wp-json\/wp\/v2\/types\/product"}],"replies":[{"embeddable":true,"href":"https:\/\/www.hydraulic-cylinders.net\/sk\/wp-json\/wp\/v2\/comments?post=16601"}],"wp:featuredmedia":[{"embeddable":true,"href":"https:\/\/www.hydraulic-cylinders.net\/sk\/wp-json\/wp\/v2\/media\/14772"}],"wp:attachment":[{"href":"https:\/\/www.hydraulic-cylinders.net\/sk\/wp-json\/wp\/v2\/media?parent=16601"}],"wp:term":[{"taxonomy":"product_brand","embeddable":true,"href":"https:\/\/www.hydraulic-cylinders.net\/sk\/wp-json\/wp\/v2\/product_brand?post=16601"},{"taxonomy":"product_cat","embeddable":true,"href":"https:\/\/www.hydraulic-cylinders.net\/sk\/wp-json\/wp\/v2\/product_cat?post=16601"},{"taxonomy":"product_tag","embeddable":true,"href":"https:\/\/www.hydraulic-cylinders.net\/sk\/wp-json\/wp\/v2\/product_tag?post=16601"}],"curies":[{"name":"pracovn\u00fd list","href":"https:\/\/api.w.org\/{rel}","templated":true}]}}