{"id":16606,"date":"2025-01-21T05:37:24","date_gmt":"2025-01-21T05:37:24","guid":{"rendered":"https:\/\/www.hydraulic-cylinders.net\/product\/arm-cylinder-for-jcm-large-excavator-mc456lc-8\/"},"modified":"2025-01-21T05:37:30","modified_gmt":"2025-01-21T05:37:30","slug":"arm-cylinder-for-jcm-large-excavator-mc456lc-8","status":"publish","type":"product","link":"https:\/\/www.hydraulic-cylinders.net\/sk\/produkt\/arm-cylinder-for-jcm-large-excavator-mc456lc-8\/","title":{"rendered":"Valec ramena pre ve\u013ek\u00e9 r\u00fdpadlo JCM MC456LC-8"},"content":{"rendered":"<p><!DOCTYPE html><br \/>\n<html><br \/>\n<head><br \/>\n<title>Valec ramena pre ve\u013ek\u00e9 r\u00fdpadlo JCM MC456LC-8<\/title><br \/>\n<\/head><br \/>\n<body><\/p>\n<h1>Valec ramena pre ve\u013ek\u00e9 r\u00fdpadlo JCM MC456LC-8<\/h1>\n<h2>\u00davod<\/h2>\n<p>Hydraulick\u00fd valec ramena je \u0161peci\u00e1lne navrhnut\u00fd hydraulick\u00fd valec, ktor\u00fd poskytuje line\u00e1rny pohyb a v\u00fdkon ramenu r\u00f4znych strojov, ako s\u00fa r\u00fdpadl\u00e1, \u017eeriavy a robotick\u00e9 ramen\u00e1. Zohr\u00e1va k\u013e\u00fa\u010dov\u00fa \u00falohu v hydraulick\u00fdch syst\u00e9moch, preto\u017ee umo\u017e\u0148uje efekt\u00edvny pohyb a ovl\u00e1danie pr\u00edslu\u0161enstva alebo pr\u00edslu\u0161enstva. Tieto valce zabezpe\u010duj\u00fa plynul\u00fd pohyb a odol\u00e1vaj\u00fa \u0165a\u017ek\u00fdm za\u0165a\u017eeniam, \u010d\u00edm sa zabezpe\u010duje vysok\u00e1 \u00fa\u010dinnos\u0165 a spo\u013eahlivos\u0165 strojov v r\u00f4znych prev\u00e1dzkov\u00fdch podmienkach.<\/p>\n<p><img decoding=\"async\" src=\"https:\/\/www.hydraulic-cylinders.net\/wp-content\/uploads\/2025\/01\/songte-company-2.webp\" alt=\"Obr\u00e1zok valca ramena\"><\/p>\n<h2>Funkcie<\/h2>\n<ul>\n<li><strong>Vysoko\u00fa\u010dinn\u00fd prenos:<\/strong> Valec ramena poskytuje siln\u00fd line\u00e1rny pohyb a silu, \u010d\u00edm zais\u0165uje vysok\u00fd v\u00fdkon robotick\u00e9ho ramena pri r\u00f4znych oper\u00e1ci\u00e1ch.<\/li>\n<li><strong>Presn\u00e9 ovl\u00e1danie:<\/strong> Prostredn\u00edctvom hydraulick\u00e9ho syst\u00e9mu umo\u017e\u0148uje valec ramena presn\u00e9 ovl\u00e1danie pohybu, v\u010faka \u010domu je ovl\u00e1danie pripojen\u00e9ho n\u00e1radia flexibilnej\u0161ie a presnej\u0161ie.<\/li>\n<li><strong>Trvanlivos\u0165:<\/strong> Valce s ramenom s\u00fa zvy\u010dajne vyroben\u00e9 z vysokopevnostn\u00fdch materi\u00e1lov, ktor\u00e9 pon\u00fakaj\u00fa vynikaj\u00facu odolnos\u0165 vo\u010di opotrebovaniu a kor\u00f3zii, v\u010faka \u010domu s\u00fa vhodn\u00e9 na dlhodob\u00e9 pou\u017e\u00edvanie v n\u00e1ro\u010dn\u00fdch podmienkach.<\/li>\n<li><strong>V\u0161estrann\u00e1 prisp\u00f4sobivos\u0165:<\/strong> Tieto valce sa daj\u00fa \u0161iroko pou\u017e\u00edva\u0165 v r\u00f4znych strojoch vr\u00e1tane r\u00fdpadiel, \u017eeriavov a robotick\u00fdch ramien, pri\u010dom sa prisp\u00f4sobuj\u00fa r\u00f4znym pracovn\u00fdm po\u017eiadavk\u00e1m.<\/li>\n<li><strong>Jednoduch\u00e1 \u00fadr\u017eba:<\/strong> Kon\u0161trukcia valcov ramena zoh\u013ead\u0148uje jednoduch\u00fa \u00fadr\u017ebu a v\u00fdmenu, v\u010faka \u010domu s\u00fa pravideln\u00e9 kontroly a \u00fadr\u017eba pohodlnej\u0161ie a skracuj\u00fa sa prestoje zariaden\u00ed.<\/li>\n<\/ul>\n<p><img decoding=\"async\" src=\"https:\/\/www.hydraulic-cylinders.net\/wp-content\/uploads\/2025\/01\/songte-oil-pipes-and-spare-parts.webp\" alt=\"Obr\u00e1zok n\u00e1hradn\u00fdch dielov valca ramena\"><\/p>\n<h2>Aplik\u00e1cie<\/h2>\n<ul>\n<li><strong>Stavebn\u00e9 in\u017einierstvo:<\/strong> Valce ramien sa pou\u017e\u00edvaj\u00fa v r\u00fdpadl\u00e1ch a \u017eeriavoch na ovl\u00e1danie pohybu vedier alebo ramien pri zemn\u00fdch pr\u00e1cach, manipul\u00e1cii s materi\u00e1lom a mont\u00e1\u017ei kon\u0161trukci\u00ed.<\/li>\n<li><strong>V\u00fdrobn\u00fd priemysel:<\/strong> V automatizovan\u00fdch v\u00fdrobn\u00fdch link\u00e1ch sa valce ramien pou\u017e\u00edvaj\u00fa na pohyb robotick\u00fdch ramien v procesoch, ako je mont\u00e1\u017e, zv\u00e1ranie a manipul\u00e1cia s materi\u00e1lom, \u010d\u00edm sa zlep\u0161uje efektivita a presnos\u0165 v\u00fdroby.<\/li>\n<li><strong>Po\u013enohospod\u00e1rske stroje:<\/strong> Valce ramien ovl\u00e1daj\u00fa pohyb ovl\u00e1dac\u00edch ramien v po\u013enohospod\u00e1rskych strojoch, ako s\u00fa zbera\u010de a seja\u010dky, a vykon\u00e1vaj\u00fa \u00falohy ako siatie, hnojenie a zber \u00farody.<\/li>\n<li><strong>\u0164a\u017eba:<\/strong> V bansk\u00fdch zariadeniach sa valce ramien pou\u017e\u00edvaj\u00fa na ovl\u00e1danie pohybu ramien bansk\u00fdch strojov na \u0165a\u017ebu a prepravu rudy.<\/li>\n<li><strong>Logistika a doprava:<\/strong> Vo vysokozdvi\u017en\u00fdch voz\u00edkoch a manipula\u010dn\u00fdch robotoch ovl\u00e1daj\u00fa valce ramena zdv\u00edhanie a pohyb vidl\u00edc, \u010do umo\u017e\u0148uje manipul\u00e1ciu s materi\u00e1lom a stohovanie.<\/li>\n<\/ul>\n<h2>\u00davahy o dizajne a krit\u00e9ri\u00e1 v\u00fdberu<\/h2>\n<ul>\n<li><strong>Nosnos\u0165:<\/strong> Valce ramien s\u00fa navrhnut\u00e9 tak, aby odolali \u0161pecifick\u00e9mu za\u0165a\u017eeniu a sil\u00e1m, aby sa zabezpe\u010dila bezpe\u010dn\u00e1 a efekt\u00edvna prev\u00e1dzka.<\/li>\n<li><strong>Tesnenie:<\/strong> Pou\u017e\u00edvaj\u00fa sa r\u00f4zne tesnenia, ako s\u00fa tesnenia piestov a tesnenia ty\u010d\u00ed, a odoln\u00e9 materi\u00e1ly ako polyuret\u00e1n a nitrilov\u00e1 guma sa vyberaj\u00fa pre odolnos\u0165 vo\u010di opotrebovaniu.<\/li>\n<li><strong>Trvanlivos\u0165:<\/strong> Teleso valca a z\u00e1vitov\u00e9 konce prech\u00e1dzaj\u00fa presnou povrchovou \u00fapravou pre zv\u00fd\u0161enie odolnosti vo\u010di opotrebovaniu a pre spr\u00e1vnu funkciu je nevyhnutn\u00e9 pravideln\u00e9 mazanie hydraulick\u00fdm olejom.<\/li>\n<\/ul>\n<p><img decoding=\"async\" src=\"https:\/\/www.hydraulic-cylinders.net\/wp-content\/uploads\/2025\/01\/songte-cylinder-head-with-all-kinds-excavator-models.webp\" alt=\"Obr\u00e1zok hlavy valcov ramena valca\"><\/p>\n<h2>Pravideln\u00e1 kontrola a prevent\u00edvna \u00fadr\u017eba<\/h2>\n<ul>\n<li>Pravidelne kontrolujte valec ramena, \u010di nevykazuje zn\u00e1mky netesnost\u00ed, po\u0161kodenia alebo abnorm\u00e1lneho opotrebenia.<\/li>\n<li>Zabezpe\u010dte spr\u00e1vne mazanie valca a vyme\u0148te hydraulick\u00fd olej pod\u013ea odpor\u00fa\u010dan\u00ed v\u00fdrobcu.<\/li>\n<li>Utiahnite v\u0161etky uvo\u013enen\u00e9 spoje a spoje.<\/li>\n<li>Skontrolujte a vyme\u0148te opotrebovan\u00e9 tesnenia alebo po\u0161koden\u00e9 komponenty.<\/li>\n<\/ul>\n<h2>Sprievodca in\u0161tal\u00e1ciou produktu<\/h2>\n<p>Pre spr\u00e1vnu in\u0161tal\u00e1ciu valca ramena postupujte pod\u013ea t\u00fdchto krokov:<\/p>\n<ol>\n<li>Pripravte r\u00fdpadlo alebo strojov\u00e9 zariadenie tak, \u017ee sa uist\u00edte, \u017ee je zaparkovan\u00e9 na stabilnom povrchu a hydraulick\u00fd syst\u00e9m je bez tlaku.<\/li>\n<li>Umiestnite valec ramena na ur\u010den\u00e9 miesto na mont\u00e1\u017e a zarovnajte upev\u0148ovacie body.<\/li>\n<li>Valec bezpe\u010dne upevnite pomocou vhodn\u00fdch skrutiek a zabezpe\u010dte spr\u00e1vne zarovnanie.<\/li>\n<li>Pripojte hydraulick\u00e9 hadice a armat\u00fary pod\u013ea pokynov v\u00fdrobcu.<\/li>\n<li>Dvakr\u00e1t skontrolujte v\u0161etky pripojenia a v pr\u00edpade potreby ich dotiahnite.<\/li>\n<li>Otestujte funk\u010dnos\u0165 valca ramena vykonan\u00edm sk\u00fa\u0161obnej prev\u00e1dzky.<\/li>\n<\/ol>\n<p><img decoding=\"async\" src=\"https:\/\/www.hydraulic-cylinders.net\/wp-content\/uploads\/2025\/01\/songte-bushings-with-all-kinds-of-excavator-models.webp\" alt=\"Obr\u00e1zok puzdier valcov ramena\"><\/p>\n<h2>Bezpe\u010dnostn\u00e9 aspekty a faktory prostredia<\/h2>\n<p>Pri pou\u017e\u00edvan\u00ed valcov s ramenom je nevyhnutn\u00e9 dodr\u017eiava\u0165 bezpe\u010dnostn\u00e9 opatrenia, aby sa predi\u0161lo nehod\u00e1m a zabezpe\u010dila ochrana \u017eivotn\u00e9ho prostredia. Uprednostnite bezpe\u010dnos\u0165 t\u00fdm, \u017ee:<\/p>\n<ul>\n<li>Poskytovanie riadneho \u0161kolenia oper\u00e1torom o pou\u017e\u00edvan\u00ed zariaden\u00ed a bezpe\u010dnostn\u00fdch postupoch.<\/li>\n<li>Pravidelne kontrolujte valec a s\u00favisiace komponenty, \u010di nevykazuj\u00fa zn\u00e1mky opotrebovania, po\u0161kodenia alebo poruchy.<\/li>\n<li>Pou\u017e\u00edvanie vhodn\u00fdch osobn\u00fdch ochrann\u00fdch prostriedkov, ako s\u00fa rukavice a ochrann\u00e9 okuliare, po\u010das \u00fadr\u017eby alebo opr\u00e1v.<\/li>\n<li>Spr\u00e1vna likvid\u00e1cia pou\u017eit\u00e9ho hydraulick\u00e9ho oleja a in\u00fdch potenci\u00e1lne nebezpe\u010dn\u00fdch materi\u00e1lov v s\u00falade s miestnymi predpismi.<\/li>\n<\/ul>\n<p><img decoding=\"async\" src=\"https:\/\/www.hydraulic-cylinders.net\/wp-content\/uploads\/2025\/01\/songte-chushion-collar.webp\" alt=\"Obr\u00e1zok goliera s vank\u00fa\u0161om na ruku\"><\/p>\n<h2>Rie\u0161enie probl\u00e9mov a be\u017en\u00e9 probl\u00e9my<\/h2>\n<p>Medzi be\u017en\u00e9 probl\u00e9my, ktor\u00e9 sa m\u00f4\u017eu vyskytn\u00fa\u0165 s valcami na ramene, patria:<\/p>\n<ul>\n<li>\u00danik hydraulickej kvapaliny<\/li>\n<li>Zn\u00ed\u017een\u00e1 zdv\u00edhacia sila alebo obmedzen\u00fd pohyb ramena<\/li>\n<li>Nadmern\u00fd hluk po\u010das prev\u00e1dzky<\/li>\n<\/ul>\n<p>Na rie\u0161enie t\u00fdchto probl\u00e9mov:<\/p>\n<ul>\n<li>Skontrolujte, \u010di nie s\u00fa po\u0161koden\u00e9 tesnenia alebo spoje, a v pr\u00edpade potreby ich vyme\u0148te.<\/li>\n<li>Skontrolujte hydraulick\u00fd syst\u00e9m, \u010di nie je zablokovan\u00fd alebo \u010di nie je poru\u0161en\u00fd.<\/li>\n<li>Zabezpe\u010dte spr\u00e1vne mazanie pohybliv\u00fdch \u010dast\u00ed.<\/li>\n<\/ul>\n<p>Prevent\u00edvne opatrenia zah\u0155\u0148aj\u00fa:<\/p>\n<ul>\n<li>Pravideln\u00e1 kontrola a \u00fadr\u017eba valca ramena pod\u013ea pokynov v\u00fdrobcu.<\/li>\n<li>Prev\u00e1dzkovanie strojov v r\u00e1mci stanoven\u00fdch limitov za\u0165a\u017eenia a prev\u00e1dzkov\u00fdch parametrov.<\/li>\n<li>Vykon\u00e1vanie pravideln\u00e9ho \u010distenia a mazania valca.<\/li>\n<\/ul>\n<p><img decoding=\"async\" src=\"https:\/\/www.hydraulic-cylinders.net\/wp-content\/uploads\/2025\/01\/songte-company-4.webp\" alt=\"Obr\u00e1zok spolo\u010dnosti Songte\"><br \/>\n<img decoding=\"async\" src=\"https:\/\/www.hydraulic-cylinders.net\/wp-content\/uploads\/2025\/01\/songte-company-3.webp\" alt=\"Obr\u00e1zok spolo\u010dnosti Songte\"><\/p>\n<p>Sme profesion\u00e1lny v\u00fdrobca n\u00e1hradn\u00fdch hydraulick\u00fdch valcov a pon\u00fakame \u0161irok\u00fd sortiment produktov. Stali sme sa jedn\u00fdm z popredn\u00fdch v\u00fdrobcov a ve\u013ekoobchodn\u00fdch distrib\u00fatorov hydraulick\u00fdch valcov na dom\u00e1com aj medzin\u00e1rodnom trhu. So z\u00e1v\u00e4zkom k excelentnosti neust\u00e1le zlep\u0161ujeme na\u0161e technick\u00e9 znalosti a efektivitu v\u00fdroby prostredn\u00edctvom implement\u00e1cie pokro\u010dil\u00fdch v\u00fdrobn\u00fdch procesov a syst\u00e9mov kontroly kvality. Zav\u00e1dzan\u00edm \u0161pi\u010dkov\u00fdch digit\u00e1lnych v\u00fdrobn\u00fdch zariaden\u00ed a profesion\u00e1lnych testovac\u00edch syst\u00e9mov m\u00e1me siln\u00fa schopnos\u0165 inovova\u0165. Na\u0161\u00edm cie\u013eom je uspokojova\u0165 rozmanit\u00e9 potreby z\u00e1kazn\u00edkov s efektivitou, presnos\u0165ou a vysoko kvalitn\u00fdmi produktmi.<\/p>\n<p>Na\u0161a spolo\u010dnos\u0165 sa p\u00fd\u0161i:<\/p>\n<ul>\n<li>Profesionalita<\/li>\n<li>Medzin\u00e1rodn\u00e9 certifik\u00e1cie<\/li>\n<li>Slu\u017eby prisp\u00f4sobenia<\/li>\n<li>Najmodernej\u0161ie v\u00fdrobn\u00e9 zariadenia<\/li>\n<li>Popredajn\u00e9 slu\u017eby<\/li>\n<\/ul>\n<p>Autor: lyl<\/p>\n<p><\/body><br \/>\n<\/html><\/p>","protected":false},"excerpt":{"rendered":"<p>Arm Cylinder For JCM Large Excavator MC456LC-8 Arm Cylinder For JCM Large Excavator MC456LC-8 Introduction The Arm Cylinder is a specially designed hydraulic cylinder that provides linear motion and power to the arm of various machinery, such as excavators, cranes, and robotic arms. It plays a crucial role in hydraulic systems, enabling the efficient movement [&hellip;]<\/p>","protected":false},"featured_media":14786,"comment_status":"open","ping_status":"closed","template":"","meta":{"_et_pb_use_builder":"","_et_pb_old_content":"","_et_gb_content_width":""},"product_brand":[],"product_cat":[1497],"product_tag":[1498,1496],"class_list":{"0":"post-16606","1":"product","2":"type-product","3":"status-publish","4":"has-post-thumbnail","6":"product_cat-arm-cylinders","7":"product_tag-arm-cylinders","8":"product_tag-hydraulic-cylinders","10":"first","11":"instock","12":"shipping-taxable","13":"product-type-simple"},"amp_enabled":true,"_links":{"self":[{"href":"https:\/\/www.hydraulic-cylinders.net\/sk\/wp-json\/wp\/v2\/product\/16606","targetHints":{"allow":["GET"]}}],"collection":[{"href":"https:\/\/www.hydraulic-cylinders.net\/sk\/wp-json\/wp\/v2\/product"}],"about":[{"href":"https:\/\/www.hydraulic-cylinders.net\/sk\/wp-json\/wp\/v2\/types\/product"}],"replies":[{"embeddable":true,"href":"https:\/\/www.hydraulic-cylinders.net\/sk\/wp-json\/wp\/v2\/comments?post=16606"}],"wp:featuredmedia":[{"embeddable":true,"href":"https:\/\/www.hydraulic-cylinders.net\/sk\/wp-json\/wp\/v2\/media\/14786"}],"wp:attachment":[{"href":"https:\/\/www.hydraulic-cylinders.net\/sk\/wp-json\/wp\/v2\/media?parent=16606"}],"wp:term":[{"taxonomy":"product_brand","embeddable":true,"href":"https:\/\/www.hydraulic-cylinders.net\/sk\/wp-json\/wp\/v2\/product_brand?post=16606"},{"taxonomy":"product_cat","embeddable":true,"href":"https:\/\/www.hydraulic-cylinders.net\/sk\/wp-json\/wp\/v2\/product_cat?post=16606"},{"taxonomy":"product_tag","embeddable":true,"href":"https:\/\/www.hydraulic-cylinders.net\/sk\/wp-json\/wp\/v2\/product_tag?post=16606"}],"curies":[{"name":"pracovn\u00fd list","href":"https:\/\/api.w.org\/{rel}","templated":true}]}}