{"id":16621,"date":"2025-01-21T05:38:26","date_gmt":"2025-01-21T05:38:26","guid":{"rendered":"https:\/\/www.hydraulic-cylinders.net\/product\/arm-cylinder-for-bobcat-small-excavator-e35i\/"},"modified":"2025-01-21T05:38:32","modified_gmt":"2025-01-21T05:38:32","slug":"arm-cylinder-for-bobcat-small-excavator-e35i","status":"publish","type":"product","link":"https:\/\/www.hydraulic-cylinders.net\/sk\/produkt\/arm-cylinder-for-bobcat-small-excavator-e35i\/","title":{"rendered":"Valec ramena pre mal\u00e9 r\u00fdpadlo Bobcat E35i"},"content":{"rendered":"<h1>Valec ramena pre mal\u00e9 r\u00fdpadlo Bobcat E35i<\/h1>\n<h2>\u00davod<\/h2>\n<h3>Definovanie valca ramena<\/h3>\n<p>Hydraulick\u00fd valec ramena je \u0161pecializovan\u00fd hydraulick\u00fd valec pou\u017e\u00edvan\u00fd predov\u0161etk\u00fdm na zabezpe\u010denie line\u00e1rneho pohybu a v\u00fdkonu ramien r\u00f4znych typov strojov, ako s\u00fa r\u00fdpadl\u00e1, \u017eeriavy a robotick\u00e9 ramen\u00e1. Hydraulick\u00fd valec ramena zohr\u00e1va k\u013e\u00fa\u010dov\u00fa \u00falohu v hydraulick\u00fdch syst\u00e9moch, preto\u017ee umo\u017e\u0148uje efekt\u00edvny pohyb a ovl\u00e1danie \u010fal\u0161\u00edch n\u00e1strojov alebo pr\u00edslu\u0161enstva. Tieto valce nielen umo\u017e\u0148uj\u00fa plynul\u00e9 pohyby, ale tie\u017e nes\u00fa \u0165a\u017ek\u00e9 za\u0165a\u017eenia, \u010d\u00edm zabezpe\u010duj\u00fa efekt\u00edvnu prev\u00e1dzku a spo\u013eahlivos\u0165 strojov za r\u00f4znych prev\u00e1dzkov\u00fdch podmienok.<\/p>\n<p><img decoding=\"async\" src=\"https:\/\/www.hydraulic-cylinders.net\/wp-content\/uploads\/2025\/01\/songte-company-2.webp\" alt=\"Obr\u00e1zok valca ramena\"><\/p>\n<h3>Vlastnosti ramenn\u00e9ho valca<\/h3>\n<ul>\n<li><strong>Vysoko\u00fa\u010dinn\u00fd pohon:<\/strong> Valec ramena poskytuje siln\u00fd line\u00e1rny pohyb a silu, \u010d\u00edm zais\u0165uje vysoko\u00fa\u010dinn\u00fd v\u00fdkon robotick\u00e9ho ramena po\u010das r\u00f4znych oper\u00e1ci\u00ed.<\/li>\n<li><strong>Presn\u00e9 ovl\u00e1danie:<\/strong> Hydraulick\u00fd syst\u00e9m umo\u017e\u0148uje valcu ramena dosiahnu\u0165 presn\u00e9 ovl\u00e1danie pohybu, v\u010faka \u010domu je ovl\u00e1danie \u010fal\u0161\u00edch n\u00e1strojov flexibilnej\u0161ie a presnej\u0161ie.<\/li>\n<li><strong>Siln\u00e1 trvanlivos\u0165:<\/strong> Valce ramien s\u00fa zvy\u010dajne vyroben\u00e9 z vysoko pevn\u00fdch materi\u00e1lov s dobrou odolnos\u0165ou proti opotrebovaniu a kor\u00f3zii, v\u010faka \u010domu s\u00fa vhodn\u00e9 na dlhodob\u00e9 pou\u017e\u00edvanie v n\u00e1ro\u010dn\u00fdch podmienkach.<\/li>\n<li><strong>Multifunk\u010dn\u00e1 prisp\u00f4sobivos\u0165:<\/strong> Tieto valce sa daj\u00fa \u0161iroko pou\u017e\u00edva\u0165 v r\u00f4znych mechanick\u00fdch zariadeniach, ako s\u00fa bagre, \u017eeriavy a robotick\u00e9 ramen\u00e1, a prisp\u00f4sobuj\u00fa sa r\u00f4znym pracovn\u00fdm po\u017eiadavk\u00e1m.<\/li>\n<li><strong>Jednoduch\u00e1 \u00fadr\u017eba:<\/strong> Kon\u0161trukcia valca ramena zoh\u013ead\u0148uje jednoduch\u00fa \u00fadr\u017ebu a v\u00fdmenu, v\u010faka \u010domu s\u00fa pravideln\u00e9 kontroly a \u00fadr\u017eba pohodlnej\u0161ie a skracuj\u00fa sa prestoje zariadenia.<\/li>\n<\/ul>\n<p>Na\u0161e produkty dok\u00e1\u017eu dokonale nahradi\u0165 tieto hydraulick\u00e9 valce. Pozrite si na\u0161u \u0161irok\u00fa ponuku produktov a n\u00e1hradn\u00fdch dielov na <a href=\"https:\/\/www.hydraulic-cylinders.net\/wp-content\/uploads\/2025\/01\/songte-oil-pipes-and-spare-parts.webp\">https:\/\/www.hydraulic-cylinders.net\/<\/a><\/p>\n<h3>Aplik\u00e1cie ramenn\u00e9ho valca<\/h3>\n<p>Valec ramena m\u00e1 r\u00f4zne uplatnenie v r\u00f4znych odvetviach:<\/p>\n<ul>\n<li><strong>Stavebn\u00e9 in\u017einierstvo:<\/strong> V bagroch a \u017eeriavoch sa valec ramena pou\u017e\u00edva na ovl\u00e1danie pohybu vedier alebo v\u00fdlo\u017en\u00edkov a na vykon\u00e1vanie zemn\u00fdch pr\u00e1c, manipul\u00e1cie s materi\u00e1lom a mont\u00e1\u017ee kon\u0161trukci\u00ed.<\/li>\n<li><strong>V\u00fdroba:<\/strong> V automatizovan\u00fdch v\u00fdrobn\u00fdch link\u00e1ch sa valec ramena pou\u017e\u00edva na pohyb robotick\u00fdch ramien a vykon\u00e1vanie mont\u00e1\u017enych, zv\u00e1rac\u00edch a manipula\u010dn\u00fdch procesov, \u010d\u00edm sa zvy\u0161uje efektivita a presnos\u0165 v\u00fdroby.<\/li>\n<li><strong>Po\u013enohospod\u00e1rske stroje:<\/strong> V po\u013enohospod\u00e1rskych strojoch, ako s\u00fa zbera\u010de a seja\u010dky, riadi valec ramena pohyb ovl\u00e1dacieho ramena a vykon\u00e1va \u00falohy, ako je siatie, hnojenie a zber \u00farody.<\/li>\n<li><strong>\u0164a\u017eba:<\/strong> V bansk\u00fdch zariadeniach sa valec ramena pou\u017e\u00edva na ovl\u00e1danie pohybu ramena bansk\u00e9ho zariadenia, vykon\u00e1vanie v\u00fdkopu a manipul\u00e1cie s rudou.<\/li>\n<li><strong>Logistika a doprava:<\/strong> Vo vysokozdvi\u017en\u00fdch voz\u00edkoch a manipula\u010dn\u00fdch robotoch sa valec ramena pou\u017e\u00edva na ovl\u00e1danie zdv\u00edhania a pohybu n\u00e1kladn\u00fdch vidl\u00edc, \u010d\u00edm sa realizuje manipul\u00e1cia s materi\u00e1lom a stohovanie.<\/li>\n<\/ul>\n<h2>\u00davahy o dizajne a krit\u00e9ri\u00e1 v\u00fdberu<\/h2>\n<h3>Nosnos\u0165<\/h3>\n<p>Valec ramena mus\u00ed by\u0165 schopn\u00fd \u00fa\u010dinne unies\u0165 za\u0165a\u017eenie dodato\u010dn\u00fdch n\u00e1strojov alebo pr\u00edslu\u0161enstva. Preto je nosnos\u0165 kritick\u00fdm kon\u0161truk\u010dn\u00fdm faktorom pre v\u00fdrobcov valcov ramena.<\/p>\n<h3>Tesnenie<\/h3>\n<p>Hydraulick\u00fd syst\u00e9m z\u00e1vis\u00ed od spr\u00e1vneho utesnenia valca ramena, aby sa zabr\u00e1nilo \u00faniku hydraulickej kvapaliny. V\u00fdrobcovia preto pou\u017e\u00edvaj\u00fa vysokokvalitn\u00e9 tesniace komponenty, ako s\u00fa tesnenia piestov a ty\u010d\u00ed, vyroben\u00e9 z materi\u00e1lov odoln\u00fdch vo\u010di opotrebovaniu, ako je polyuret\u00e1n a nitrilov\u00fd kau\u010duk, aby zabezpe\u010dili \u00fa\u010dinn\u00e9 utesnenie.<\/p>\n<h3>Trvanlivos\u0165<\/h3>\n<p>Valec ramena mus\u00ed odol\u00e1va\u0165 n\u00e1ro\u010dn\u00fdm prev\u00e1dzkov\u00fdm podmienkam vr\u00e1tane kor\u00f3zie a oderu bez zn\u00ed\u017eenia jeho v\u00fdkonu. Preto v\u00fdrobcovia pou\u017e\u00edvaj\u00fa vysokopevnostn\u00e9 materi\u00e1ly, ako je legovan\u00e1 oce\u013e a kalen\u00e1 oce\u013e, aby zabezpe\u010dili vysok\u00fa odolnos\u0165.<\/p>\n<h3>Bezpe\u010dnos\u0165<\/h3>\n<p>Valce s ramenami musia by\u0165 navrhnut\u00e9 s najvy\u0161\u0161ou prioritou v oblasti bezpe\u010dnosti. V\u00fdrobcovia zabezpe\u010duj\u00fa, aby valce s ramenami sp\u013a\u0148ali bezpe\u010dnostn\u00e9 normy v tomto odvetv\u00ed a aby boli vybaven\u00e9 funkciami, ako s\u00fa pretlakov\u00e9 ventily a sn\u00edma\u010de polohy, aby sa zabezpe\u010dila bezpe\u010dn\u00e1 prev\u00e1dzka.<\/p>\n<h3>\u00dadr\u017eba<\/h3>\n<p>V\u00fdrobcovia navrhuj\u00fa valce ramena pre jednoduch\u00fa \u00fadr\u017ebu a opravy. Komponenty valca ramena, ako napr\u00edklad ty\u010d, piest a tesnenia, by mali by\u0165 \u013eahko vymenite\u013en\u00e9. V\u00fdrobcovia tie\u017e poskytuj\u00fa podrobn\u00e9 pokyny na \u00fadr\u017ebu a opravy svojich produktov.<\/p>\n<p><img decoding=\"async\" src=\"https:\/\/www.hydraulic-cylinders.net\/wp-content\/uploads\/2025\/01\/songte-cylinder-head-with-all-kinds-excavator-models.webp\" alt=\"Obr\u00e1zok n\u00e1vrhu valca ramena\"><\/p>\n<h2>Tesnenie a mazanie<\/h2>\n<p>V\u00fdrobcovia pou\u017e\u00edvaj\u00fa r\u00f4zne tesniace komponenty na zabezpe\u010denie \u00fa\u010dinn\u00e9ho utesnenia valcov ramena. Medzi tieto komponenty patria tesnenia piestov, tesnenia ty\u010d\u00ed a stiera\u010de. Povrchy hlavy valcov, ty\u010de a tesnenia s\u00fa jemne upraven\u00e9, aby sa zlep\u0161ila odolnos\u0165 proti opotrebovaniu. Okrem toho je pravideln\u00e9 mazanie hydraulick\u00fdm olejom nevyhnutn\u00e9 pre zabezpe\u010denie hladk\u00e9ho chodu valca ramena.<\/p>\n<h2>Prevent\u00edvna \u00fadr\u017eba a rie\u0161enie probl\u00e9mov<\/h2>\n<p>Prevent\u00edvna \u00fadr\u017eba a rie\u0161enie probl\u00e9mov s valcami ramena s\u00fa nevyhnutn\u00e9 na zabezpe\u010denie optim\u00e1lneho v\u00fdkonu. Pravideln\u00e1 \u00fadr\u017eba zah\u0155\u0148a kontrolu netesnost\u00ed, opotrebovania a po\u0161kodenia valca a jeho komponentov. Rie\u0161enie probl\u00e9mov zah\u0155\u0148a identifik\u00e1ciu a rie\u0161enie probl\u00e9mov, ako s\u00fa netesnosti, nedostato\u010dn\u00fd v\u00fdkon a po\u0161kodenie valca. V\u00fdrobcovia poskytuj\u00fa tipy a rie\u0161enia probl\u00e9mov, ktor\u00e9 z\u00e1kazn\u00edkom pom\u00f4\u017eu diagnostikova\u0165 a efekt\u00edvne rie\u0161i\u0165 probl\u00e9my.<\/p>\n<p><img decoding=\"async\" src=\"https:\/\/www.hydraulic-cylinders.net\/wp-content\/uploads\/2025\/01\/songte-chushion-collar.webp\" alt=\"Obr\u00e1zok \u00fadr\u017eby valca ramena\"><\/p>\n<h2>In\u0161tala\u010dn\u00e1 pr\u00edru\u010dka<\/h2>\n<p>Spr\u00e1vna in\u0161tal\u00e1cia valcov ramena je k\u013e\u00fa\u010dov\u00e1 pre zabezpe\u010denie optim\u00e1lneho v\u00fdkonu. In\u0161tal\u00e1cia zah\u0155\u0148a demont\u00e1\u017e star\u00e9ho valca, in\u0161tal\u00e1ciu nov\u00e9ho valca, pripojenie hydraulick\u00fdch had\u00edc a testovanie \u010dinnosti valca. V\u00fdrobcovia poskytuj\u00fa podrobn\u00e9 pokyny na in\u0161tal\u00e1ciu, aby sa zabezpe\u010dila spr\u00e1vna in\u0161tal\u00e1cia.<\/p>\n<p><img decoding=\"async\" src=\"https:\/\/www.hydraulic-cylinders.net\/wp-content\/uploads\/2025\/01\/songte-bushings-with-all-kinds-of-excavator-models.webp\" alt=\"Obr\u00e1zok in\u0161tal\u00e1cie valca ramena\"><\/p>\n<h2>Bezpe\u010dnostn\u00e9 a environment\u00e1lne aspekty<\/h2>\n<p>Bezpe\u010dnos\u0165 je d\u00f4le\u017eit\u00fdm faktorom pri navrhovan\u00ed a pou\u017e\u00edvan\u00ed valcov s ramenom. Pou\u017e\u00edvatelia by mali zabezpe\u010di\u0165, aby sa valec pou\u017e\u00edval na ur\u010den\u00fd \u00fa\u010del a v bezpe\u010dnom prostred\u00ed. V\u00fdkon valcov s ramenom m\u00f4\u017eu ovplyvni\u0165 aj faktory prostredia, ako je teplota a vlhkos\u0165. V\u00fdrobcovia navrhuj\u00fa svoje v\u00fdrobky tak, aby odol\u00e1vali r\u00f4znym faktorom prostredia, a poskytuj\u00fa pokyny na bezpe\u010dn\u00e9 a efekt\u00edvne pou\u017e\u00edvanie.<\/p>\n<h2>O na\u0161ej spolo\u010dnosti<\/h2>\n<p>Sme profesion\u00e1lny v\u00fdrobca n\u00e1hradn\u00fdch hydraulick\u00fdch valcov a pon\u00fakame \u0161irok\u00fd sortiment produktov, v\u010faka ktor\u00fdm sme sa stali jedn\u00fdm z popredn\u00fdch v\u00fdrobcov a ve\u013ekoobchodn\u00fdch distrib\u00fatorov hydraulick\u00fdch valcov na dom\u00e1com aj medzin\u00e1rodnom trhu. V\u017edy dodr\u017eiavame princ\u00edp vynikaj\u00facej kvality a spoliehame sa na strat\u00e9giu riadenia priemyselnej v\u00fdroby v r\u00e1mci na\u0161ej jemnej v\u00fdrobnej dielne, aby sme neust\u00e1le zlep\u0161ovali na\u0161e technol\u00f3gie a efektivitu v\u00fdroby. M\u00e1me siln\u00fa inova\u010dn\u00fa kapacitu a zaviedli sme \u0161pi\u010dkov\u00e9 digit\u00e1lne v\u00fdrobn\u00e9 zariadenia a profesion\u00e1lne testovacie syst\u00e9my na optimaliz\u00e1ciu na\u0161ej v\u00fdrobnej platformy a zlep\u0161enie procesov kontroly kvality v\u00fdrobkov. Na\u0161\u00edm cie\u013eom je uspokoji\u0165 rozmanit\u00e9 potreby na\u0161ich z\u00e1kazn\u00edkov s vysokou \u00fa\u010dinnos\u0165ou, presnos\u0165ou a vysokou kvalitou.<\/p>\n<p>Pon\u00fakame profesion\u00e1lne slu\u017eby, medzin\u00e1rodn\u00e9 certifik\u00e1cie, z\u00e1kazkov\u00e9 slu\u017eby, modern\u00e9 v\u00fdrobn\u00e9 zariadenia a vynikaj\u00faci popredajn\u00fd servis. Nav\u0161t\u00edvte na\u0161u webov\u00fa str\u00e1nku na adrese <a href=\"https:\/\/www.hydraulic-cylinders.net\/sk\/\">https:\/\/www.hydraulic-cylinders.net\/<\/a><\/p>\n<p><img decoding=\"async\" src=\"https:\/\/www.hydraulic-cylinders.net\/wp-content\/uploads\/2025\/01\/songte-company-4.webp\" alt=\"Obr\u00e1zok spolo\u010dnosti 1\"><\/p>\n<p><img decoding=\"async\" src=\"https:\/\/www.hydraulic-cylinders.net\/wp-content\/uploads\/2025\/01\/songte-company-3.webp\" alt=\"Obr\u00e1zok spolo\u010dnosti 2\"><\/p>\n<p>Autor: lyl<\/p>","protected":false},"excerpt":{"rendered":"<p>Arm Cylinder For Bobcat Small Excavator E35i Introduction Defining Arm Cylinder The arm cylinder is a specialized hydraulic cylinder used primarily to provide linear motion and power to the arms of various types of machinery such as excavators, cranes, and robotic arms. The arm cylinder plays a crucial role in hydraulic systems, enabling additional tools [&hellip;]<\/p>","protected":false},"featured_media":14772,"comment_status":"open","ping_status":"closed","template":"","meta":{"_et_pb_use_builder":"","_et_pb_old_content":"","_et_gb_content_width":""},"product_brand":[],"product_cat":[1497],"product_tag":[1498,1496],"class_list":{"0":"post-16621","1":"product","2":"type-product","3":"status-publish","4":"has-post-thumbnail","6":"product_cat-arm-cylinders","7":"product_tag-arm-cylinders","8":"product_tag-hydraulic-cylinders","10":"first","11":"instock","12":"shipping-taxable","13":"product-type-simple"},"amp_enabled":true,"_links":{"self":[{"href":"https:\/\/www.hydraulic-cylinders.net\/sk\/wp-json\/wp\/v2\/product\/16621","targetHints":{"allow":["GET"]}}],"collection":[{"href":"https:\/\/www.hydraulic-cylinders.net\/sk\/wp-json\/wp\/v2\/product"}],"about":[{"href":"https:\/\/www.hydraulic-cylinders.net\/sk\/wp-json\/wp\/v2\/types\/product"}],"replies":[{"embeddable":true,"href":"https:\/\/www.hydraulic-cylinders.net\/sk\/wp-json\/wp\/v2\/comments?post=16621"}],"wp:featuredmedia":[{"embeddable":true,"href":"https:\/\/www.hydraulic-cylinders.net\/sk\/wp-json\/wp\/v2\/media\/14772"}],"wp:attachment":[{"href":"https:\/\/www.hydraulic-cylinders.net\/sk\/wp-json\/wp\/v2\/media?parent=16621"}],"wp:term":[{"taxonomy":"product_brand","embeddable":true,"href":"https:\/\/www.hydraulic-cylinders.net\/sk\/wp-json\/wp\/v2\/product_brand?post=16621"},{"taxonomy":"product_cat","embeddable":true,"href":"https:\/\/www.hydraulic-cylinders.net\/sk\/wp-json\/wp\/v2\/product_cat?post=16621"},{"taxonomy":"product_tag","embeddable":true,"href":"https:\/\/www.hydraulic-cylinders.net\/sk\/wp-json\/wp\/v2\/product_tag?post=16621"}],"curies":[{"name":"pracovn\u00fd list","href":"https:\/\/api.w.org\/{rel}","templated":true}]}}