{"id":16624,"date":"2025-01-21T05:38:41","date_gmt":"2025-01-21T05:38:41","guid":{"rendered":"https:\/\/www.hydraulic-cylinders.net\/product\/arm-cylinder-for-bobcat-small-excavator-e85\/"},"modified":"2025-01-21T05:38:43","modified_gmt":"2025-01-21T05:38:43","slug":"arm-cylinder-for-bobcat-small-excavator-e85","status":"publish","type":"product","link":"https:\/\/www.hydraulic-cylinders.net\/sk\/produkt\/arm-cylinder-for-bobcat-small-excavator-e85\/","title":{"rendered":"Valec ramena pre mal\u00e9 r\u00fdpadlo Bobcat E85"},"content":{"rendered":"<h2>Valec ramena pre mal\u00e9 r\u00fdpadlo Bobcat E85<\/h2>\n<h3>\u00davod<\/h3>\n<p>Hydraulick\u00fd valec ramena, tie\u017e zn\u00e1my ako hydraulick\u00fd valec, je \u0161peci\u00e1lne navrhnut\u00fd hydraulick\u00fd aktu\u00e1tor pou\u017e\u00edvan\u00fd na zabezpe\u010denie line\u00e1rneho pohybu a v\u00fdkonu ramien r\u00f4znych strojov, ako s\u00fa r\u00fdpadl\u00e1, \u017eeriavy a robotick\u00e9 ramen\u00e1. Valec ramena hr\u00e1 k\u013e\u00fa\u010dov\u00fa \u00falohu v hydraulick\u00fdch syst\u00e9moch, preto\u017ee umo\u017e\u0148uje pohyb a ovl\u00e1danie pr\u00edslu\u0161enstva alebo pr\u00edslu\u0161enstva. Tieto valce nielen zabezpe\u010duj\u00fa plynul\u00fd pohyb, ale tie\u017e odol\u00e1vaj\u00fa \u0165a\u017ek\u00fdm za\u0165a\u017eeniam, \u010d\u00edm zabezpe\u010duj\u00fa efekt\u00edvnu prev\u00e1dzku a spo\u013eahlivos\u0165 strojov za r\u00f4znych prev\u00e1dzkov\u00fdch podmienok.<\/p>\n<p><img decoding=\"async\" src=\"https:\/\/www.hydraulic-cylinders.net\/wp-content\/uploads\/2025\/01\/songte-company-2.webp\" alt=\"Obr\u00e1zok valca ramena\" \/><\/p>\n<h3>Funkcie<\/h3>\n<ul>\n<li><strong>Vysoko \u00fa\u010dinn\u00fd prenos v\u00fdkonu:<\/strong> Valec ramena dok\u00e1\u017ee zabezpe\u010di\u0165 siln\u00fd line\u00e1rny pohyb a silu, \u010d\u00edm zabezpe\u010duje vysok\u00fa \u00fa\u010dinnos\u0165 ramena stroja po\u010das r\u00f4znych oper\u00e1ci\u00ed.<\/li>\n<li><strong>Presn\u00e9 ovl\u00e1danie:<\/strong> V\u010faka hydraulick\u00fdm syst\u00e9mom dok\u00e1\u017ee valec ramena dosiahnu\u0165 presn\u00e9 ovl\u00e1danie pohybu, v\u010faka \u010domu je ovl\u00e1danie pripojen\u00e9ho n\u00e1radia flexibilnej\u0161ie a presnej\u0161ie.<\/li>\n<li><strong>Odoln\u00e9:<\/strong> Valce ramien s\u00fa zvy\u010dajne vyroben\u00e9 z vysokopevnostn\u00fdch materi\u00e1lov a maj\u00fa dobr\u00fa odolnos\u0165 vo\u010di opotrebovaniu a kor\u00f3zii, v\u010faka \u010domu s\u00fa vhodn\u00e9 na dlhodob\u00e9 pou\u017e\u00edvanie v n\u00e1ro\u010dn\u00fdch podmienkach.<\/li>\n<li><strong>Multifunk\u010dn\u00e1 prisp\u00f4sobivos\u0165:<\/strong> Tieto valce sa daj\u00fa \u0161iroko pou\u017e\u00edva\u0165 v r\u00f4znych mechanick\u00fdch zariadeniach, ako s\u00fa bagre, \u017eeriavy a robotick\u00e9 ramen\u00e1, a prisp\u00f4sobuj\u00fa sa r\u00f4znym pracovn\u00fdm po\u017eiadavk\u00e1m.<\/li>\n<li><strong>Jednoduch\u00e1 \u00fadr\u017eba:<\/strong> V\u010faka jednoduchej \u00fadr\u017ebe a v\u00fdmene je pravideln\u00e1 kontrola a \u00fadr\u017eba pohodlnej\u0161ia, \u010d\u00edm sa skracuj\u00fa prestoje zariadenia.<\/li>\n<\/ul>\n<p>Sme schopn\u00ed vyrobi\u0165 tento produkt a pon\u00faknu\u0165 perfektn\u00fa n\u00e1hradu za tieto hydraulick\u00e9 valce.<\/p>\n<p><img decoding=\"async\" src=\"https:\/\/www.hydraulic-cylinders.net\/wp-content\/uploads\/2025\/01\/songte-oil-pipes-and-spare-parts.webp\" alt=\"Obr\u00e1zok \u010dast\u00ed hydraulick\u00e9ho valca\" \/><\/p>\n<h3>Aplik\u00e1cia<\/h3>\n<p>Valce ramien maj\u00fa r\u00f4zne uplatnenie v r\u00f4znych odvetviach:<\/p>\n<ul>\n<li><strong>Stavebn\u00e9 in\u017einierstvo:<\/strong> Valce ramien sa pou\u017e\u00edvaj\u00fa v r\u00fdpadl\u00e1ch a \u017eeriavoch na ovl\u00e1danie pohybu vedier alebo v\u00fdlo\u017en\u00edkov pri zemn\u00fdch pr\u00e1cach, manipul\u00e1cii s materi\u00e1lom a mont\u00e1\u017ei kon\u0161trukci\u00ed.<\/li>\n<li><strong>V\u00fdroba:<\/strong> V automatizovan\u00fdch v\u00fdrobn\u00fdch link\u00e1ch sa valce ramien pou\u017e\u00edvaj\u00fa na pohyb robotick\u00fdch ramien po\u010das mont\u00e1\u017enych, zv\u00e1rac\u00edch a manipula\u010dn\u00fdch procesov s cie\u013eom zlep\u0161i\u0165 efektivitu a presnos\u0165 v\u00fdroby.<\/li>\n<li><strong>Po\u013enohospod\u00e1rske stroje:<\/strong> Valce ramien ovl\u00e1daj\u00fa pohyb ovl\u00e1dac\u00edch ramien v po\u013enohospod\u00e1rskych strojoch, ako s\u00fa zbera\u010de a seja\u010dky, a vykon\u00e1vaj\u00fa \u00falohy, ako je siatie, hnojenie a zber \u00farody.<\/li>\n<li><strong>\u0164a\u017eba:<\/strong> Valce ramien sa pou\u017e\u00edvaj\u00fa v bansk\u00fdch zariadeniach na ovl\u00e1danie pohybu ramien bansk\u00fdch zariaden\u00ed na \u0165a\u017ebu a prepravu nerastov.<\/li>\n<li><strong>Logistika a doprava:<\/strong> Vo vysokozdvi\u017en\u00fdch voz\u00edkoch a manipula\u010dn\u00fdch robotoch ovl\u00e1daj\u00fa valce ramien zdv\u00edhanie a pohyb vidl\u00edc pri manipul\u00e1cii s materi\u00e1lom a stohovan\u00ed.<\/li>\n<\/ul>\n<h3>\u00davahy o dizajne a krit\u00e9ri\u00e1 v\u00fdberu<\/h3>\n<p>Z h\u013eadiska dizajnu by sa mali zv\u00e1\u017ei\u0165 tieto krit\u00e9ri\u00e1:<\/p>\n<ul>\n<li><strong>Nosnos\u0165:<\/strong> Hydraulick\u00e9 valce musia by\u0165 navrhnut\u00e9 tak, aby zvl\u00e1dli prev\u00e1dzkov\u00e9 za\u0165a\u017eenia strojov.<\/li>\n<li><strong>Tesnenie:<\/strong> Hydraulick\u00e9 valce musia by\u0165 spr\u00e1vne utesnen\u00e9, aby sa zabr\u00e1nilo \u00faniku a udr\u017eal sa tlak.<\/li>\n<li><strong>Trvanlivos\u0165:<\/strong> Hydraulick\u00e9 valce by mali by\u0165 vyroben\u00e9 z materi\u00e1lov odoln\u00fdch vo\u010di opotrebovaniu a kor\u00f3zii.<\/li>\n<li><strong>Bezpe\u010dnos\u0165:<\/strong> Hydraulick\u00e9 valce musia by\u0165 navrhnut\u00e9 tak, aby sa predi\u0161lo nehod\u00e1m a zabezpe\u010dila sa bezpe\u010dnos\u0165 person\u00e1lu a zariaden\u00ed.<\/li>\n<li><strong>Udr\u017eiavate\u013enos\u0165:<\/strong> Hydraulick\u00e9 valce by mali by\u0165 navrhnut\u00e9 tak, aby u\u013eah\u010dovali \u00fadr\u017ebu a v\u00fdmenu dielov, \u010d\u00edm sa skr\u00e1tia prestoje.<\/li>\n<\/ul>\n<p><img decoding=\"async\" src=\"https:\/\/www.hydraulic-cylinders.net\/wp-content\/uploads\/2025\/01\/songte-cylinder-head-with-all-kinds-excavator-models.webp\" alt=\"Obr\u00e1zok hlavy valcov\" \/><\/p>\n<h3>Tesnenie a mazanie<\/h3>\n<p>V hydraulick\u00fdch valcoch sa pou\u017e\u00edvaj\u00fa r\u00f4zne tesniace komponenty, ako s\u00fa tesnenia piestov a tesnenia ty\u010d\u00ed. Tieto tesnenia s\u00fa vyroben\u00e9 z materi\u00e1lov odoln\u00fdch vo\u010di opotrebovaniu, ako je polyuret\u00e1n a nitrilov\u00fd kau\u010duk. Teleso valca a povrch z\u00e1vitov\u00e9ho konca s\u00fa jemne opracovan\u00e9, aby sa zlep\u0161ila odolnos\u0165 vo\u010di opotrebovaniu. Na udr\u017eanie spr\u00e1vnej funkcie je tie\u017e potrebn\u00e9 pravideln\u00e9 mazanie vhodn\u00fdm mno\u017estvom hydraulick\u00e9ho oleja.<\/p>\n<h3>Kontroln\u00e9 a prevent\u00edvne \u00fadr\u017eb\u00e1rske opatrenia<\/h3>\n<p>Na zabezpe\u010denie spr\u00e1vnej funkcie hydraulick\u00fdch valcov s\u00fa potrebn\u00e9 pravideln\u00e9 kontroly a prevent\u00edvne \u00fadr\u017eb\u00e1rske opatrenia. Mali by sa prija\u0165 tieto opatrenia:<\/p>\n<ul>\n<li><strong>Pravideln\u00e1 kontrola telesa valca, piestnej ty\u010de a tesnen\u00ed:<\/strong> V\u010faka tomu je hydraulick\u00fd valec v dobrom stave a ak\u00e9ko\u013evek probl\u00e9my sa v\u010das odhalia.<\/li>\n<li><strong>V\u00fdmena opotrebovan\u00fdch tesnen\u00ed:<\/strong> T\u00fdm sa zabr\u00e1ni \u00faniku a udr\u017e\u00ed sa hydraulick\u00fd tlak.<\/li>\n<li><strong>Pravideln\u00e9 mazanie:<\/strong> To zais\u0165uje spr\u00e1vnu funkciu a predl\u017euje \u017eivotnos\u0165 hydraulick\u00e9ho valca.<\/li>\n<\/ul>\n<p>Tieto opatrenia m\u00f4\u017eu pom\u00f4c\u0165 zn\u00ed\u017ei\u0165 v\u00fdskyt probl\u00e9mov a pred\u013a\u017ei\u0165 \u017eivotnos\u0165 hydraulick\u00fdch valcov.<\/p>\n<p><img decoding=\"async\" src=\"https:\/\/www.hydraulic-cylinders.net\/wp-content\/uploads\/2025\/01\/songte-chushion-collar.webp\" alt=\"Obr\u00e1zok vank\u00fa\u0161ov\u00e9ho goliera\" \/><\/p>\n<h3>In\u0161tala\u010dn\u00e1 pr\u00edru\u010dka<\/h3>\n<p>Spr\u00e1vna in\u0161tal\u00e1cia je k\u013e\u00fa\u010dov\u00e1 pre spr\u00e1vne fungovanie hydraulick\u00fdch valcov. Mali by sa vykona\u0165 nasleduj\u00face kroky:<\/p>\n<ul>\n<li><strong>Vy\u010distite povrch in\u0161tal\u00e1cie:<\/strong> T\u00fdm sa zabezpe\u010d\u00ed, \u017ee sa nedostan\u00fa \u017eiadne ne\u010distoty alebo \u00falomky, ktor\u00e9 by mohli ovplyvni\u0165 in\u0161tal\u00e1ciu.<\/li>\n<li><strong>Namontujte valec:<\/strong> Uistite sa, \u017ee valec je spr\u00e1vne namontovan\u00fd na dr\u017eiaku a pripojen\u00fd k hydraulick\u00e9mu syst\u00e9mu.<\/li>\n<li><strong>Skontrolujte tesnenia:<\/strong> Uistite sa, \u017ee tesnenia s\u00fa spr\u00e1vne nain\u0161talovan\u00e9 a v dobrom stave.<\/li>\n<li><strong>Nama\u017ete:<\/strong> Nama\u017ete valec pod\u013ea pokynov v\u00fdrobcu.<\/li>\n<li><strong>Skontrolujte oper\u00e1ciu:<\/strong> Skontrolujte \u010dinnos\u0165 valca, aby ste sa uistili, \u017ee funguje spr\u00e1vne.<\/li>\n<\/ul>\n<p><img decoding=\"async\" src=\"https:\/\/www.hydraulic-cylinders.net\/wp-content\/uploads\/2025\/01\/songte-bushings-with-all-kinds-of-excavator-models.webp\" alt=\"Obr\u00e1zok puzdier\" \/><\/p>\n<h3>Bezpe\u010dnostn\u00e9 aspekty a faktory prostredia<\/h3>\n<p>Pou\u017e\u00edvanie hydraulick\u00fdch valcov si vy\u017eaduje dodr\u017eiavanie bezpe\u010dnostn\u00fdch pravidiel a predpisov. Na zn\u00ed\u017eenie rizika neh\u00f4d by sa mali zavies\u0165 bezpe\u010dnostn\u00e9 opatrenia, ako je riadne \u0161kolenie, pravideln\u00e1 kontrola a prevent\u00edvna \u00fadr\u017eba. Mali by sa zoh\u013eadni\u0165 aj faktory prostredia, ako je teplota a vlhkos\u0165, preto\u017ee m\u00f4\u017eu ovplyvni\u0165 v\u00fdkon hydraulick\u00fdch valcov.<\/p>\n<h3>Rie\u0161enie probl\u00e9mov a be\u017en\u00e9 probl\u00e9my<\/h3>\n<p>Medzi be\u017en\u00e9 probl\u00e9my, ktor\u00e9 sa m\u00f4\u017eu vyskytn\u00fa\u0165 s hydraulick\u00fdmi valcami, patria netesnos\u0165, nedostato\u010dn\u00fd tlak a posun valca. Na rie\u0161enie t\u00fdchto probl\u00e9mov by ste mali zv\u00e1\u017ei\u0165 nasleduj\u00face tipy a rie\u0161enia:<\/p>\n<ul>\n<li><strong>\u00danik:<\/strong> K \u00faniku m\u00f4\u017ee d\u00f4js\u0165 v d\u00f4sledku po\u0161koden\u00fdch tesnen\u00ed alebo nedostato\u010dn\u00e9ho utiahnutia spojov. V pr\u00edpade potreby vyme\u0148te tesnenia alebo dotiahnite spoje.<\/li>\n<li><strong>Nedostato\u010dn\u00fd tlak:<\/strong> Nedostato\u010dn\u00fd tlak m\u00f4\u017ee by\u0165 sp\u00f4soben\u00fd poruchou \u010derpadla alebo upchat\u00fdmi filtrami. Skontrolujte \u010derpadlo a filtre a v pr\u00edpade potreby ich vy\u010distite alebo vyme\u0148te.<\/li>\n<li><strong>Posun valca:<\/strong> K posunu valca m\u00f4\u017ee d\u00f4js\u0165 v d\u00f4sledku n\u00edzkeho hydraulick\u00e9ho tlaku alebo po\u0161koden\u00e9ho tesnenia piesta. Skontrolujte hydraulick\u00fd tlak a v pr\u00edpade potreby vyme\u0148te tesnenie piesta.<\/li>\n<\/ul>\n<p>Prevent\u00edvne opatrenia, ako je pravideln\u00e1 kontrola a \u00fadr\u017eba, m\u00f4\u017eu tie\u017e pom\u00f4c\u0165 zn\u00ed\u017ei\u0165 v\u00fdskyt t\u00fdchto probl\u00e9mov.<\/p>\n<p><img decoding=\"async\" src=\"https:\/\/www.hydraulic-cylinders.net\/wp-content\/uploads\/2025\/01\/songte-company-4.webp\" alt=\"Obr\u00e1zok spolo\u010dnosti\" \/><\/p>\n<h3>O n\u00e1s<\/h3>\n<p>Sme profesion\u00e1lny v\u00fdrobca n\u00e1hradn\u00fdch hydraulick\u00fdch valcov so \u0161irokou \u0161k\u00e1lou produktov. Stali sme sa jedn\u00fdm z popredn\u00fdch v\u00fdrobcov a ve\u013ekoobchodn\u00fdch distrib\u00fatorov hydraulick\u00fdch valcov na dom\u00e1com aj medzin\u00e1rodnom trhu. V\u017edy dodr\u017eiavame z\u00e1sadu vynikaj\u00facej kvality, spoliehame sa na industrializovan\u00e9 strat\u00e9gie riadenia v\u00fdroby v prec\u00edznych v\u00fdrobn\u00fdch diel\u0148ach a neust\u00e1le zlep\u0161ujeme na\u0161u technick\u00fa \u00farove\u0148 a efektivitu v\u00fdroby. Zav\u00e1dzan\u00edm \u0161pi\u010dkov\u00fdch digit\u00e1lnych v\u00fdrobn\u00fdch zariaden\u00ed a profesion\u00e1lnych testovac\u00edch syst\u00e9mov neust\u00e1le optimalizujeme na\u0161u v\u00fdrobn\u00fa platformu, zlep\u0161ujeme procesy kontroly kvality na\u0161ich v\u00fdrobkov a disponujeme siln\u00fdmi inova\u010dn\u00fdmi schopnos\u0165ami. Na\u0161\u00edm cie\u013eom je uspokojova\u0165 rozmanit\u00e9 potreby z\u00e1kazn\u00edkov s vysokou efektivitou, presnos\u0165ou a vysokou kvalitou.<\/p>\n<p>Na\u0161im z\u00e1kazn\u00edkom pon\u00fakame odborn\u00e9 znalosti, medzin\u00e1rodn\u00fa certifik\u00e1ciu, slu\u017eby na mieru, v\u00fdrobn\u00e9 zariadenia a popredajn\u00fd servis.<\/p>\n<p><img decoding=\"async\" src=\"https:\/\/www.hydraulic-cylinders.net\/wp-content\/uploads\/2025\/01\/songte-company-3.webp\" alt=\"Obr\u00e1zok spolo\u010dnosti\" \/><\/p>\n<p>Autor: lyl<\/p>","protected":false},"excerpt":{"rendered":"<p>Arm Cylinder For Bobcat Small Excavator E85 Introduction The arm cylinder, also known as hydraulic cylinder, is a specially designed hydraulic actuator used to provide linear motion and power to the arms of various machinery such as excavators, cranes and robotic arms. The arm cylinder plays a critical role in hydraulic systems, enabling the movement [&hellip;]<\/p>","protected":false},"featured_media":14763,"comment_status":"open","ping_status":"closed","template":"","meta":{"_et_pb_use_builder":"","_et_pb_old_content":"","_et_gb_content_width":""},"product_brand":[],"product_cat":[1497],"product_tag":[1498,1496],"class_list":{"0":"post-16624","1":"product","2":"type-product","3":"status-publish","4":"has-post-thumbnail","6":"product_cat-arm-cylinders","7":"product_tag-arm-cylinders","8":"product_tag-hydraulic-cylinders","10":"first","11":"instock","12":"shipping-taxable","13":"product-type-simple"},"amp_enabled":true,"_links":{"self":[{"href":"https:\/\/www.hydraulic-cylinders.net\/sk\/wp-json\/wp\/v2\/product\/16624","targetHints":{"allow":["GET"]}}],"collection":[{"href":"https:\/\/www.hydraulic-cylinders.net\/sk\/wp-json\/wp\/v2\/product"}],"about":[{"href":"https:\/\/www.hydraulic-cylinders.net\/sk\/wp-json\/wp\/v2\/types\/product"}],"replies":[{"embeddable":true,"href":"https:\/\/www.hydraulic-cylinders.net\/sk\/wp-json\/wp\/v2\/comments?post=16624"}],"wp:featuredmedia":[{"embeddable":true,"href":"https:\/\/www.hydraulic-cylinders.net\/sk\/wp-json\/wp\/v2\/media\/14763"}],"wp:attachment":[{"href":"https:\/\/www.hydraulic-cylinders.net\/sk\/wp-json\/wp\/v2\/media?parent=16624"}],"wp:term":[{"taxonomy":"product_brand","embeddable":true,"href":"https:\/\/www.hydraulic-cylinders.net\/sk\/wp-json\/wp\/v2\/product_brand?post=16624"},{"taxonomy":"product_cat","embeddable":true,"href":"https:\/\/www.hydraulic-cylinders.net\/sk\/wp-json\/wp\/v2\/product_cat?post=16624"},{"taxonomy":"product_tag","embeddable":true,"href":"https:\/\/www.hydraulic-cylinders.net\/sk\/wp-json\/wp\/v2\/product_tag?post=16624"}],"curies":[{"name":"pracovn\u00fd list","href":"https:\/\/api.w.org\/{rel}","templated":true}]}}