{"id":16632,"date":"2025-01-21T05:39:12","date_gmt":"2025-01-21T05:39:12","guid":{"rendered":"https:\/\/www.hydraulic-cylinders.net\/product\/arm-cylinder-for-kubota-small-excavator-u-161-3s\/"},"modified":"2025-01-21T05:39:14","modified_gmt":"2025-01-21T05:39:14","slug":"arm-cylinder-for-kubota-small-excavator-u-161-3s","status":"publish","type":"product","link":"https:\/\/www.hydraulic-cylinders.net\/sk\/produkt\/arm-cylinder-for-kubota-small-excavator-u-161-3s\/","title":{"rendered":"Valec ramena pre mal\u00e9 r\u00fdpadlo Kubota U-161-3S"},"content":{"rendered":"<h2>Valec ramena pre mal\u00e9 r\u00fdpadlo Kubota U-161-3S<\/h2>\n<p>Hydraulick\u00fd valec ramena pre mal\u00e9 r\u00fdpadlo Kubota U-161-3S je hydraulick\u00fd valec \u0161peci\u00e1lne navrhnut\u00fd na zabezpe\u010denie line\u00e1rneho pohybu a v\u00fdkonu ramena r\u00f4znych typov strojov, ako s\u00fa r\u00fdpadl\u00e1, \u017eeriavy a robotick\u00e9 ramen\u00e1. Valec ramena hr\u00e1 k\u013e\u00fa\u010dov\u00fa \u00falohu v hydraulick\u00fdch syst\u00e9moch, preto\u017ee umo\u017e\u0148uje efekt\u00edvny pohyb a ovl\u00e1danie dodato\u010dn\u00fdch n\u00e1strojov alebo pr\u00edslu\u0161enstva. Tieto valce nielen umo\u017e\u0148uj\u00fa plynul\u00fd pohyb, ale tie\u017e odol\u00e1vaj\u00fa \u0165a\u017ek\u00fdm za\u0165a\u017eeniam, \u010d\u00edm zabezpe\u010duj\u00fa efekt\u00edvnu prev\u00e1dzku a spo\u013eahlivos\u0165 stroja v r\u00f4znych pracovn\u00fdch podmienkach.<\/p>\n<p><img decoding=\"async\" src=\"https:\/\/www.hydraulic-cylinders.net\/wp-content\/uploads\/2025\/01\/songte-company-2.webp\" alt=\"Valec ramena\"><\/p>\n<h2>Vlastnosti valca ramena<\/h2>\n<ul>\n<li>Vysoko \u00fa\u010dinn\u00fd prevod: Valec ramena poskytuje siln\u00fd line\u00e1rny pohyb a silu, \u010d\u00edm zais\u0165uje vysok\u00fd v\u00fdkon ramena stroja pri r\u00f4znych oper\u00e1ci\u00e1ch.<\/li>\n<li>Presn\u00e9 ovl\u00e1danie: Prostredn\u00edctvom hydraulick\u00e9ho syst\u00e9mu umo\u017e\u0148uje valec ramena presn\u00e9 ovl\u00e1danie pohybu, v\u010faka \u010domu je ovl\u00e1danie pr\u00eddavn\u00fdch n\u00e1strojov flexibilnej\u0161ie a presnej\u0161ie.<\/li>\n<li>Vysok\u00e1 odolnos\u0165: Valce ramien s\u00fa zvy\u010dajne vyroben\u00e9 z vysoko pevn\u00fdch materi\u00e1lov, ktor\u00e9 pon\u00fakaj\u00fa vynikaj\u00facu odolnos\u0165 vo\u010di opotrebovaniu a kor\u00f3zii, v\u010faka \u010domu s\u00fa vhodn\u00e9 na dlhodob\u00e9 pou\u017e\u00edvanie v n\u00e1ro\u010dn\u00fdch podmienkach.<\/li>\n<li>Multifunk\u010dn\u00e1 prisp\u00f4sobivos\u0165: Tieto valce sa daj\u00fa \u0161iroko pou\u017e\u00edva\u0165 v r\u00f4znych typoch strojov, ako s\u00fa bagre, \u017eeriavy a robotick\u00e9 ramen\u00e1, a prisp\u00f4sobuj\u00fa sa r\u00f4znym pracovn\u00fdm po\u017eiadavk\u00e1m.<\/li>\n<li>Jednoduch\u00e1 \u00fadr\u017eba: Valec ramena je navrhnut\u00fd s oh\u013eadom na \u00fadr\u017ebu a v\u00fdmenu a umo\u017e\u0148uje pohodln\u00e9 pravideln\u00e9 kontroly a \u00fadr\u017ebu, \u010d\u00edm sa skracuj\u00fa prestoje zariadenia.<\/li>\n<\/ul>\n<p><img decoding=\"async\" src=\"https:\/\/www.hydraulic-cylinders.net\/wp-content\/uploads\/2025\/01\/songte-oil-pipes-and-spare-parts.webp\" alt=\"Olejov\u00e9 potrubia a n\u00e1hradn\u00e9 diely\"><\/p>\n<h2>Aplik\u00e1cie ramenn\u00e9ho valca<\/h2>\n<p>Valec ramena pre mal\u00e9 r\u00fdpadlo Kubota U-161-3S nach\u00e1dza uplatnenie v r\u00f4znych odvetviach:<\/p>\n<ol>\n<li>Stavebn\u00e9 in\u017einierstvo: V bagroch a \u017eeriavoch ovl\u00e1da valec ramena pohyb vedra alebo v\u00fdlo\u017en\u00edka, \u010do u\u013eah\u010duje zemn\u00e9 pr\u00e1ce, manipul\u00e1ciu s materi\u00e1lom a mont\u00e1\u017e kon\u0161trukci\u00ed.<\/li>\n<li>V\u00fdrobn\u00fd priemysel: V automatizovan\u00fdch v\u00fdrobn\u00fdch link\u00e1ch sa valec ramena pou\u017e\u00edva na pohyb robotick\u00fdch ramien, \u010do umo\u017e\u0148uje procesy ako mont\u00e1\u017e, zv\u00e1ranie a manipul\u00e1cia s materi\u00e1lom, \u010d\u00edm sa zlep\u0161uje efektivita a presnos\u0165 v\u00fdroby.<\/li>\n<li>Po\u013enohospod\u00e1rske stroje: V po\u013enohospod\u00e1rskych strojoch, ako s\u00fa zbera\u010de a seja\u010dky, riadi valec ramena pohyb ovl\u00e1dacieho ramena pri \u00faloh\u00e1ch, ako je siatie, hnojenie a zber \u00farody.<\/li>\n<li>\u0164a\u017eba: V bansk\u00fdch zariadeniach riadi valec ramena pohyb ramena bansk\u00fdch strojov, \u010do umo\u017e\u0148uje \u0165a\u017ebu a prepravu rudy.<\/li>\n<li>Logistika a doprava: Vo vysokozdvi\u017en\u00fdch voz\u00edkoch a manipula\u010dn\u00fdch robotoch ovl\u00e1da valec ramena zdv\u00edhanie a pohyb vidl\u00edc, \u010do u\u013eah\u010duje prepravu a stohovanie materi\u00e1lov.<\/li>\n<\/ol>\n<h2>\u00davahy o dizajne a krit\u00e9ri\u00e1 v\u00fdberu<\/h2>\n<p>Pokia\u013e ide o n\u00e1vrh valca ramena pre mal\u00e9 r\u00fdpadlo Kubota U-161-3S, je potrebn\u00e9 zv\u00e1\u017ei\u0165 nieko\u013eko k\u013e\u00fa\u010dov\u00fdch faktorov:<\/p>\n<ul>\n<li>Nosnos\u0165: Valec by mal by\u0165 navrhnut\u00fd tak, aby odolal zam\u00fd\u0161\u013ean\u00e9mu za\u0165a\u017eeniu a prev\u00e1dzkov\u00fdm po\u017eiadavk\u00e1m.<\/li>\n<li>Tesnenie: Na udr\u017eanie integrity hydraulickej kvapaliny a zabr\u00e1nenie \u00faniku sa pou\u017e\u00edvaj\u00fa r\u00f4zne tesniace komponenty, ako s\u00fa tesnenia piestov a tesnenia ty\u010d\u00ed.<\/li>\n<li>Trvanlivos\u0165: Teleso valca a z\u00e1vitov\u00e9 konce prech\u00e1dzaj\u00fa presn\u00fdm spracovan\u00edm, aby sa zv\u00fd\u0161ila odolnos\u0165 vo\u010di opotrebovaniu a celkov\u00e1 trvanlivos\u0165.<\/li>\n<li>Bezpe\u010dnos\u0165: Na zaistenie bezpe\u010dnej prev\u00e1dzky a predch\u00e1dzanie nehod\u00e1m by mali by\u0165 zabudovan\u00e9 bezpe\u010dnostn\u00e9 prvky, ako napr\u00edklad pretlakov\u00e9 ventily.<\/li>\n<li>\u00dadr\u017eba: Kon\u0161trukcia by mala umo\u017e\u0148ova\u0165 jednoduch\u00fa \u00fadr\u017ebu a v\u00fdmenu komponentov, \u010d\u00edm sa skr\u00e1tia prestoje.<\/li>\n<\/ul>\n<p><img decoding=\"async\" src=\"https:\/\/www.hydraulic-cylinders.net\/wp-content\/uploads\/2025\/01\/songte-cylinder-head-with-all-kinds-excavator-models.webp\" alt=\"Hlava valcov\"><\/p>\n<h2>Tesnenie a mazanie<\/h2>\n<p>Hydraulick\u00fd valec ramena pre mal\u00e9 r\u00fdpadlo Kubota U-161-3S vyu\u017e\u00edva r\u00f4zne tesniace prvky, ako s\u00fa tesnenia piestov a tesnenia ty\u010d\u00ed, vyroben\u00e9 z materi\u00e1lov odoln\u00fdch vo\u010di opotrebovaniu, ako je polyuret\u00e1n a nitrilov\u00fd kau\u010duk. Teleso valca a z\u00e1vitov\u00e9 konce prech\u00e1dzaj\u00fa d\u00f4kladn\u00fdm o\u0161etren\u00edm, aby sa zv\u00fd\u0161ila odolnos\u0165 vo\u010di opotrebovaniu. Na zabezpe\u010denie optim\u00e1lneho v\u00fdkonu je potrebn\u00e9 pravideln\u00e9 mazanie vhodn\u00fdm mno\u017estvom hydraulick\u00e9ho oleja.<\/p>\n<h2>Pravideln\u00e1 kontrola a prevent\u00edvna \u00fadr\u017eba<\/h2>\n<p>Pre udr\u017eanie v\u00fdkonu a dlhej \u017eivotnosti valca ramena s\u00fa nevyhnutn\u00e9 pravideln\u00e9 kontroly a prevent\u00edvna \u00fadr\u017eba. Mali by sa prija\u0165 nasleduj\u00face opatrenia:<\/p>\n<ul>\n<li>Skontrolujte valec, \u010di nevykazuje zn\u00e1mky opotrebovania, po\u0161kodenia alebo \u00faniku.<\/li>\n<li>Valec pravidelne \u010distite a nama\u017ete pod\u013ea odpor\u00fa\u010dan\u00ed v\u00fdrobcu.<\/li>\n<li>Utiahnite v\u0161etky uvo\u013enen\u00e9 spoje alebo spoje.<\/li>\n<li>Opotrebovan\u00e9 tesnenia alebo komponenty okam\u017eite vyme\u0148te.<\/li>\n<li>Udr\u017eujte hydraulick\u00fd syst\u00e9m \u010dist\u00fd a bez ne\u010dist\u00f4t.<\/li>\n<\/ul>\n<h2>Sprievodca in\u0161tal\u00e1ciou produktu<\/h2>\n<p>Spr\u00e1vna in\u0161tal\u00e1cia valca ramena je nevyhnutn\u00e1 pre optim\u00e1lny v\u00fdkon a bezpe\u010dnos\u0165. Postupujte pod\u013ea t\u00fdchto krokov:<\/p>\n<ol>\n<li>Uistite sa, \u017ee r\u00fdpadlo je vypnut\u00e9 a hydraulick\u00fd syst\u00e9m je bez tlaku.<\/li>\n<li>Bezpe\u010dne pripevnite valec k ur\u010den\u00fdm mont\u00e1\u017enym bodom na v\u00fdlo\u017en\u00edku a ramene r\u00fdpadla.<\/li>\n<li>Pripojte hydraulick\u00e9 potrubia k valcu a zabezpe\u010dte ich spr\u00e1vne utesnenie a tesnos\u0165.<\/li>\n<li>Dvakr\u00e1t skontrolujte v\u0161etky spoje a armat\u00fary, \u010di nedoch\u00e1dza k \u00fanikom.<\/li>\n<li>Pred obnoven\u00edm norm\u00e1lneho pou\u017e\u00edvania r\u00fdpadla otestujte funkciu valca.<\/li>\n<\/ol>\n<p><img decoding=\"async\" src=\"https:\/\/www.hydraulic-cylinders.net\/wp-content\/uploads\/2025\/01\/songte-bushings-with-all-kinds-of-excavator-models.webp\" alt=\"Puzdr\u00e1\"><\/p>\n<h2>Bezpe\u010dnostn\u00e9 aspekty a faktory prostredia<\/h2>\n<p>Pri obsluhe valca ramena pre mal\u00e9 r\u00fdpadlo Kubota U-161-3S je dodr\u017eiavanie bezpe\u010dnostn\u00fdch opatren\u00ed nevyhnutn\u00e9 na predch\u00e1dzanie nehod\u00e1m a zabezpe\u010denie pohody pracovn\u00edkov. Pri v\u00fdbere a \u00fadr\u017ebe valca by sa mali zoh\u013eadni\u0165 aj faktory prostredia, ako s\u00fa teplotn\u00e9 v\u00fdkyvy a vystavenie agres\u00edvnym \u017eivlom.<\/p>\n<h2>Diagnostika por\u00fach a be\u017en\u00e9 probl\u00e9my<\/h2>\n<p>Napriek ich odolnosti sa m\u00f4\u017eu valce ramien vyskytn\u00fa\u0165 poruchy alebo be\u017en\u00e9 probl\u00e9my. Tu je nieko\u013eko mo\u017en\u00fdch scen\u00e1rov:<\/p>\n<ul>\n<li>Strata v\u00fdkonu alebo nedostato\u010dn\u00e1 sila po\u010das pohybu ramena<\/li>\n<li>Nadmern\u00fd \u00fanik hydraulickej kvapaliny<\/li>\n<li>Trhav\u00fd alebo nerovnomern\u00fd pohyb ruky<\/li>\n<li>Abnorm\u00e1lny hluk po\u010das prev\u00e1dzky<\/li>\n<li>Nekonzistentn\u00e9 umiestnenie pa\u017e\u00ed<\/li>\n<\/ul>\n<p>Na rie\u0161enie t\u00fdchto probl\u00e9mov zv\u00e1\u017ete nasleduj\u00face rie\u0161enia a rie\u0161enia:<\/p>\n<ul>\n<li>Skontrolujte, \u010di nie je n\u00edzka hladina hydraulickej kvapaliny a v pr\u00edpade potreby ju dopl\u0148te.<\/li>\n<li>Skontrolujte a vyme\u0148te opotrebovan\u00e9 tesnenia alebo po\u0161koden\u00e9 komponenty.<\/li>\n<li>Skontrolujte, \u010di v hydraulick\u00fdch potrubiach nie s\u00fa nejak\u00e9 blok\u00e1dy alebo obmedzenia.<\/li>\n<li>Zabezpe\u010dte spr\u00e1vne zarovnanie a nastavenie valca.<\/li>\n<li>Ak probl\u00e9m pretrv\u00e1va, pora\u010fte sa s odborn\u00edkom, ktor\u00fd v\u00e1m poskytne \u010fal\u0161iu pomoc.<\/li>\n<\/ul>\n<p><img decoding=\"async\" src=\"https:\/\/www.hydraulic-cylinders.net\/wp-content\/uploads\/2025\/01\/songte-chushion-collar.webp\" alt=\"Obojok Chushion\"><\/p>\n<p>Nezabudnite \u010dl\u00e1nok logicky usporiada\u0165 pomocou podnadpisov pre jednoduch\u00fa navig\u00e1ciu. Pre lep\u0161ie pochopenie pou\u017eite relevantn\u00e9 obr\u00e1zky alebo grafy a zabezpe\u010dte, aby bol obsah jasn\u00fd, stru\u010dn\u00fd a vhodn\u00fd pre \u010ditate\u013eov s r\u00f4znymi \u00farov\u0148ami technick\u00fdch znalost\u00ed.<\/p>\n<p>Autor: lyl<\/p>\n<h2>O na\u0161ej spolo\u010dnosti<\/h2>\n<p>Ako profesion\u00e1lny v\u00fdrobca \u0161pecializuj\u00faci sa na n\u00e1hradn\u00e9 hydraulick\u00e9 valce pon\u00fakame \u0161irok\u00fd sortiment produktov a stali sme sa jedn\u00fdm z popredn\u00fdch v\u00fdrobcov a ve\u013ekoobchodn\u00fdch distrib\u00fatorov na dom\u00e1com aj medzin\u00e1rodnom trhu. Dodr\u017eiavame princ\u00edp excelentnosti a v na\u0161ich prec\u00edznych v\u00fdrobn\u00fdch diel\u0148ach sa spoliehame na industrializovan\u00e9 strat\u00e9gie riadenia v\u00fdroby, aby sme neust\u00e1le zlep\u0161ovali na\u0161u technick\u00fa \u00farove\u0148 a efektivitu v\u00fdroby.<\/p>\n<p>Zaveden\u00edm \u0161pi\u010dkov\u00fdch digit\u00e1lnych v\u00fdrobn\u00fdch zariaden\u00ed a profesion\u00e1lnych testovac\u00edch syst\u00e9mov optimalizujeme na\u0161u v\u00fdrobn\u00fa platformu, zdokona\u013eujeme proces kontroly kvality v\u00fdrobkov a disponujeme siln\u00fdmi inova\u010dn\u00fdmi schopnos\u0165ami. Na\u0161\u00edm cie\u013eom je uspokojova\u0165 rozmanit\u00e9 potreby z\u00e1kazn\u00edkov efekt\u00edvnos\u0165ou, presnos\u0165ou a vysoko kvalitn\u00fdmi produktmi.<\/p>\n<p><img decoding=\"async\" src=\"https:\/\/www.hydraulic-cylinders.net\/wp-content\/uploads\/2025\/01\/songte-company-4.webp\" alt=\"Obr\u00e1zok spolo\u010dnosti\"><\/p>\n<h2>Pre\u010do si vybra\u0165 na\u0161u spolo\u010dnos\u0165?<\/h2>\n<p>Tu je nieko\u013eko k\u013e\u00fa\u010dov\u00fdch d\u00f4vodov, pre\u010do si vybra\u0165 pr\u00e1ve n\u00e1s<\/p>","protected":false},"excerpt":{"rendered":"<p>Arm Cylinder For Kubota Small Excavator U-161-3S The Arm Cylinder for Kubota Small Excavator U-161-3S is a hydraulic cylinder specifically designed to provide linear motion and power to the arm of various types of machinery, such as excavators, cranes, and robotic arms. The arm cylinder plays a critical role in hydraulic systems, allowing for efficient [&hellip;]<\/p>","protected":false},"featured_media":14770,"comment_status":"open","ping_status":"closed","template":"","meta":{"_et_pb_use_builder":"","_et_pb_old_content":"","_et_gb_content_width":""},"product_brand":[],"product_cat":[1497],"product_tag":[1498,1496],"class_list":{"0":"post-16632","1":"product","2":"type-product","3":"status-publish","4":"has-post-thumbnail","6":"product_cat-arm-cylinders","7":"product_tag-arm-cylinders","8":"product_tag-hydraulic-cylinders","10":"first","11":"instock","12":"shipping-taxable","13":"product-type-simple"},"amp_enabled":true,"_links":{"self":[{"href":"https:\/\/www.hydraulic-cylinders.net\/sk\/wp-json\/wp\/v2\/product\/16632","targetHints":{"allow":["GET"]}}],"collection":[{"href":"https:\/\/www.hydraulic-cylinders.net\/sk\/wp-json\/wp\/v2\/product"}],"about":[{"href":"https:\/\/www.hydraulic-cylinders.net\/sk\/wp-json\/wp\/v2\/types\/product"}],"replies":[{"embeddable":true,"href":"https:\/\/www.hydraulic-cylinders.net\/sk\/wp-json\/wp\/v2\/comments?post=16632"}],"wp:featuredmedia":[{"embeddable":true,"href":"https:\/\/www.hydraulic-cylinders.net\/sk\/wp-json\/wp\/v2\/media\/14770"}],"wp:attachment":[{"href":"https:\/\/www.hydraulic-cylinders.net\/sk\/wp-json\/wp\/v2\/media?parent=16632"}],"wp:term":[{"taxonomy":"product_brand","embeddable":true,"href":"https:\/\/www.hydraulic-cylinders.net\/sk\/wp-json\/wp\/v2\/product_brand?post=16632"},{"taxonomy":"product_cat","embeddable":true,"href":"https:\/\/www.hydraulic-cylinders.net\/sk\/wp-json\/wp\/v2\/product_cat?post=16632"},{"taxonomy":"product_tag","embeddable":true,"href":"https:\/\/www.hydraulic-cylinders.net\/sk\/wp-json\/wp\/v2\/product_tag?post=16632"}],"curies":[{"name":"pracovn\u00fd list","href":"https:\/\/api.w.org\/{rel}","templated":true}]}}