{"id":16636,"date":"2025-01-21T05:39:28","date_gmt":"2025-01-21T05:39:28","guid":{"rendered":"https:\/\/www.hydraulic-cylinders.net\/product\/arm-cylinder-for-kubota-small-excavator-u-185-3\/"},"modified":"2025-01-21T05:39:33","modified_gmt":"2025-01-21T05:39:33","slug":"arm-cylinder-for-kubota-small-excavator-u-185-3","status":"publish","type":"product","link":"https:\/\/www.hydraulic-cylinders.net\/sk\/produkt\/arm-cylinder-for-kubota-small-excavator-u-185-3\/","title":{"rendered":"Valec ramena pre mal\u00e9 r\u00fdpadlo Kubota U-185-3"},"content":{"rendered":"<h2>Valec ramena pre mal\u00e9 r\u00fdpadlo Kubota U-185-3<\/h2>\n<h3>Defin\u00edcia produktu<\/h3>\n<p>Hydraulick\u00fd valec ramena je \u0161peci\u00e1lne navrhnut\u00fd hydraulick\u00fd valec pou\u017e\u00edvan\u00fd na zabezpe\u010denie line\u00e1rneho pohybu a v\u00fdkonu r\u00f4znych typov ramien strojov, ako s\u00fa r\u00fdpadl\u00e1, \u017eeriavy a robotick\u00e9 ramen\u00e1. Valec ramena hr\u00e1 k\u013e\u00fa\u010dov\u00fa \u00falohu v hydraulickom syst\u00e9me, preto\u017ee umo\u017e\u0148uje efekt\u00edvny pohyb a ovl\u00e1danie dodato\u010dn\u00fdch n\u00e1strojov alebo pr\u00edslu\u0161enstva. Tieto valce nielen dosahuj\u00fa plynul\u00fd pohyb, ale tie\u017e odol\u00e1vaj\u00fa \u0165a\u017ek\u00fdm za\u0165a\u017eeniam, \u010d\u00edm zabezpe\u010duj\u00fa efekt\u00edvnu prev\u00e1dzku a spo\u013eahlivos\u0165 strojov v r\u00f4znych pracovn\u00fdch podmienkach.<\/p>\n<p><img decoding=\"async\" src=\"https:\/\/www.hydraulic-cylinders.net\/wp-content\/uploads\/2025\/01\/songte-company-2.webp\"\/><\/p>\n<h3>Vlastnosti produktu<\/h3>\n<ul>\n<li><strong>Efekt\u00edvny prenos v\u00fdkonu:<\/strong> Valec ramena poskytuje siln\u00fd line\u00e1rny pohyb a silu, \u010d\u00edm zais\u0165uje vysok\u00fa \u00fa\u010dinnos\u0165 ramena stroja pri r\u00f4znych oper\u00e1ci\u00e1ch.<\/li>\n<li><strong>Presn\u00e9 ovl\u00e1danie:<\/strong> V\u010faka hydraulick\u00e9mu syst\u00e9mu dok\u00e1\u017ee valec ramena dosiahnu\u0165 presn\u00e9 ovl\u00e1danie pohybu, v\u010faka \u010domu je ovl\u00e1danie \u010fal\u0161\u00edch n\u00e1strojov flexibilnej\u0161ie a presnej\u0161ie.<\/li>\n<li><strong>Vysok\u00e1 odolnos\u0165:<\/strong> Valce ramien s\u00fa zvy\u010dajne vyroben\u00e9 z vysoko pevn\u00fdch materi\u00e1lov a maj\u00fa vynikaj\u00facu odolnos\u0165 vo\u010di opotrebovaniu a kor\u00f3zii, vhodn\u00e9 na dlhodob\u00e9 pou\u017e\u00edvanie v n\u00e1ro\u010dn\u00fdch podmienkach.<\/li>\n<li><strong>Multifunk\u010dn\u00e1 prisp\u00f4sobivos\u0165:<\/strong> Tieto valce sa daj\u00fa \u0161iroko pou\u017e\u00edva\u0165 v r\u00f4znych mechanick\u00fdch zariadeniach, ako s\u00fa bagre, \u017eeriavy a robotick\u00e9 ramen\u00e1, a prisp\u00f4sobuj\u00fa sa r\u00f4znym pracovn\u00fdm potreb\u00e1m.<\/li>\n<li><strong>Jednoduch\u00e1 \u00fadr\u017eba:<\/strong> Kon\u0161trukcia zoh\u013ead\u0148uje jednoduch\u00fa \u00fadr\u017ebu a v\u00fdmenu, v\u010faka \u010domu je pravideln\u00e1 kontrola a \u00fadr\u017eba pohodlnej\u0161ia a zni\u017euje sa tak prestoje zariadenia.<\/li>\n<\/ul>\n<p>Tento produkt vieme vyrobi\u0165 a n\u00e1\u0161 produkt dok\u00e1\u017ee dokonale nahradi\u0165 tieto hydraulick\u00e9 valce.<\/p>\n<p><img decoding=\"async\" src=\"https:\/\/www.hydraulic-cylinders.net\/wp-content\/uploads\/2025\/01\/songte-oil-pipes-and-spare-parts.webp\"\/><\/p>\n<h3>Aplik\u00e1cie produktov<\/h3>\n<ul>\n<li><strong>Stavebn\u00e9 in\u017einierstvo:<\/strong> V r\u00fdpadl\u00e1ch a \u017eeriavoch sa valce ramien pou\u017e\u00edvaj\u00fa na ovl\u00e1danie pohybu vedier alebo v\u00fdlo\u017en\u00edkov, vykon\u00e1vanie zemn\u00fdch pr\u00e1c, manipul\u00e1ciu s materi\u00e1lom a mont\u00e1\u017e kon\u0161trukci\u00ed.<\/li>\n<li><strong>V\u00fdroba:<\/strong> V automatizovan\u00fdch v\u00fdrobn\u00fdch link\u00e1ch sa valce ramien pou\u017e\u00edvaj\u00fa na pohyb robotick\u00fdch ramien, vykon\u00e1vanie mont\u00e1\u017enych, zv\u00e1rac\u00edch a manipula\u010dn\u00fdch procesov, \u010d\u00edm sa zlep\u0161uje efektivita a presnos\u0165 v\u00fdroby.<\/li>\n<li><strong>Po\u013enohospod\u00e1rske stroje:<\/strong> V po\u013enohospod\u00e1rskych strojoch, ako s\u00fa zbera\u010de a seja\u010dky, riadia valce ramien pohyb pracovn\u00fdch ramien a vykon\u00e1vaj\u00fa \u00falohy, ako je siatie, hnojenie a zber \u00farody.<\/li>\n<li><strong>\u0164a\u017eba:<\/strong> V bansk\u00fdch zariadeniach sa valce ramien pou\u017e\u00edvaj\u00fa na ovl\u00e1danie pohybu ramena bansk\u00e9ho zariadenia, vykon\u00e1vanie \u0165a\u017eby a prepravy rudy.<\/li>\n<li><strong>Logistika a doprava:<\/strong> Vo vysokozdvi\u017en\u00fdch voz\u00edkoch a manipula\u010dn\u00fdch robotoch sa valce ramien pou\u017e\u00edvaj\u00fa na ovl\u00e1danie zdv\u00edhania a pohybu vidl\u00edc, \u010d\u00edm sa dosahuje manipul\u00e1cia a stohovanie materi\u00e1lov.<\/li>\n<\/ul>\n<h3>\u00davahy o dizajne a \u0161tandardy v\u00fdberu<\/h3>\n<ol>\n<li><strong>Nosnos\u0165:<\/strong> Valec ramena mus\u00ed ma\u0165 dostato\u010dn\u00fa nosnos\u0165, aby odolal hmotnosti a za\u0165a\u017eeniu ramena stroja.<\/li>\n<li><strong>Tesnenie:<\/strong> Valec ramena pou\u017e\u00edva r\u00f4zne tesniace diely, ako s\u00fa tesnenia piestov a tesnenia ty\u010d\u00ed, ktor\u00e9 s\u00fa vyroben\u00e9 z materi\u00e1lov odoln\u00fdch vo\u010di opotrebovaniu, ako je polyuret\u00e1n a nitrilov\u00fd kau\u010duk. Teleso valca a z\u00e1vitov\u00fd koniec prech\u00e1dzaj\u00fa jemn\u00fdm opracovan\u00edm, aby sa zlep\u0161ila odolnos\u0165 vo\u010di opotrebovaniu. Na mazanie je potrebn\u00e9 pravidelne prid\u00e1va\u0165 primeran\u00e9 mno\u017estvo hydraulick\u00e9ho oleja.<\/li>\n<li><strong>Trvanlivos\u0165:<\/strong> Valce ramien s\u00fa zvy\u010dajne vyroben\u00e9 z vysokopevnostn\u00fdch materi\u00e1lov, ktor\u00e9 zais\u0165uj\u00fa vynikaj\u00facu odolnos\u0165 vo\u010di opotrebovaniu a kor\u00f3zii, aby odolali n\u00e1ro\u010dn\u00fdm pracovn\u00fdm podmienkam.<\/li>\n<li><strong>Bezpe\u010dnos\u0165:<\/strong> Valec ramena mus\u00ed by\u0165 navrhnut\u00fd tak, aby zabezpe\u010dil bezpe\u010dn\u00fa prev\u00e1dzku a zabr\u00e1nil nehod\u00e1m.<\/li>\n<li><strong>Udr\u017eiavate\u013enos\u0165:<\/strong> Kon\u0161trukcia valca ramena zoh\u013ead\u0148uje jednoduch\u00fa \u00fadr\u017ebu a v\u00fdmenu, v\u010faka \u010domu je pravideln\u00e1 kontrola a \u00fadr\u017eba pohodlnej\u0161ia a zni\u017euje sa tak prestoje zariadenia.<\/li>\n<\/ol>\n<p><img decoding=\"async\" src=\"https:\/\/www.hydraulic-cylinders.net\/wp-content\/uploads\/2025\/01\/songte-cylinder-head-with-all-kinds-excavator-models.webp\"\/><\/p>\n<h3>Tesnenie a mazanie<\/h3>\n<p>Valec ramena pou\u017e\u00edva r\u00f4zne tesniace diely, ako s\u00fa tesnenia piestov a tesnenia ty\u010d\u00ed, ktor\u00e9 s\u00fa vyroben\u00e9 z materi\u00e1lov odoln\u00fdch vo\u010di opotrebovaniu, ako je polyuret\u00e1n a nitrilov\u00fd kau\u010duk. Teleso valca a z\u00e1vitov\u00fd koniec prech\u00e1dzaj\u00fa jemn\u00fdm opracovan\u00edm, aby sa zlep\u0161ila odolnos\u0165 vo\u010di opotrebovaniu. Na mazanie je potrebn\u00e9 pravidelne prid\u00e1va\u0165 primeran\u00e9 mno\u017estvo hydraulick\u00e9ho oleja.<\/p>\n<h3>Pravideln\u00e1 kontrola a opatrenia prevent\u00edvnej \u00fadr\u017eby<\/h3>\n<ol>\n<li>Pravidelne kontrolujte valec ramena, \u010di nie je po\u0161koden\u00fd alebo opotrebovan\u00fd.<\/li>\n<li>Pravidelne kontrolujte hladinu a kvalitu hydraulick\u00e9ho oleja a pod\u013ea potreby olej vyme\u0148te alebo dopl\u0148te.<\/li>\n<li>Skontrolujte tesnenia a pod\u013ea potreby ich vyme\u0148te.<\/li>\n<li>Pravidelne kontrolujte teleso valca a z\u00e1vitov\u00fd koniec, \u010di nie s\u00fa opotrebovan\u00e9.<\/li>\n<li>Uistite sa, \u017ee valec ramena je spr\u00e1vne a bezpe\u010dne nain\u0161talovan\u00fd.<\/li>\n<\/ol>\n<h3>Sprievodca in\u0161tal\u00e1ciou produktu<\/h3>\n<ol>\n<li>Uistite sa, \u017ee valec ramena je spr\u00e1vny model pre rameno stroja.<\/li>\n<li>Pri in\u0161tal\u00e1cii dodr\u017eiavajte pokyny v\u00fdrobcu.<\/li>\n<li>Uistite sa, \u017ee valec ramena je bezpe\u010dne a spr\u00e1vne nain\u0161talovan\u00fd.<\/li>\n<li>Po in\u0161tal\u00e1cii skontrolujte hladinu a kvalitu hydraulick\u00e9ho oleja a pod\u013ea potreby olej dopl\u0148te alebo vyme\u0148te.<\/li>\n<\/ol>\n<p><img decoding=\"async\" src=\"https:\/\/www.hydraulic-cylinders.net\/wp-content\/uploads\/2025\/01\/songte-bushings-with-all-kinds-of-excavator-models.webp\"\/><\/p>\n<h3>Bezpe\u010dnostn\u00e9 aspekty a faktory prostredia<\/h3>\n<p>Pri pou\u017e\u00edvan\u00ed valca s ramenom je d\u00f4le\u017eit\u00e9 dodr\u017eiava\u0165 pokyny v\u00fdrobcu a bezpe\u010dnostn\u00e9 pokyny, aby sa zabezpe\u010dila bezpe\u010dn\u00e1 prev\u00e1dzka a predi\u0161lo nehod\u00e1m. Mali by sa zoh\u013eadni\u0165 aj faktory prostredia, ako je teplota a vlhkos\u0165, a mali by sa prija\u0165 vhodn\u00e9 opatrenia na zabezpe\u010denie spr\u00e1vneho fungovania valca s ramenom.<\/p>\n<h3>Rie\u0161enie probl\u00e9mov a be\u017en\u00e9 probl\u00e9my<\/h3>\n<ol>\n<li><strong>\u00danik:<\/strong> Skontrolujte tesnenia a ak s\u00fa po\u0161koden\u00e9, vyme\u0148te ich.<\/li>\n<li><strong>Zn\u00ed\u017een\u00fd v\u00fdkon:<\/strong> Skontrolujte hladinu a kvalitu hydraulick\u00e9ho oleja a pod\u013ea potreby olej vyme\u0148te alebo dopl\u0148te.<\/li>\n<li><strong>Nadmern\u00e9 vibr\u00e1cie:<\/strong> Skontrolujte valec ramena, \u010di nie je po\u0161koden\u00fd alebo opotrebovan\u00fd.<\/li>\n<li><strong>Hluk:<\/strong> Skontrolujte valec ramena, \u010di nie je po\u0161koden\u00fd alebo opotrebovan\u00fd.<\/li>\n<\/ol>\n<h3>Tipy na rie\u0161enie probl\u00e9mov<\/h3>\n<p>Pri odstra\u0148ovan\u00ed probl\u00e9mov s valcom ramena je d\u00f4le\u017eit\u00e9 dodr\u017eiava\u0165 pokyny v\u00fdrobcu a bezpe\u010dnostn\u00e9 pokyny. Pravidelne kontrolujte valec ramena, \u010di nie je po\u0161koden\u00fd alebo opotrebovan\u00fd, a v pr\u00edpade potreby vyme\u0148te alebo opravte jeho diely. Pravideln\u00e1 kontrola a \u00fadr\u017eba m\u00f4\u017eu predch\u00e1dza\u0165 potenci\u00e1lnym probl\u00e9mom a zabezpe\u010di\u0165 efekt\u00edvnu prev\u00e1dzku ramena stroja.<\/p>\n<p><img decoding=\"async\" src=\"https:\/\/www.hydraulic-cylinders.net\/wp-content\/uploads\/2025\/01\/songte-chushion-collar.webp\"\/><\/p>\n<h2>O n\u00e1s<\/h2>\n<p>Sme profesion\u00e1lny v\u00fdrobca hydraulick\u00fdch valcov a stali sme sa jedn\u00fdm z popredn\u00fdch v\u00fdrobcov a ve\u013ekoobchodn\u00fdch distrib\u00fatorov hydraulick\u00fdch valcov na dom\u00e1com aj medzin\u00e1rodnom trhu so \u0161irokou \u0161k\u00e1lou produktov. V\u017edy dodr\u017eiavame z\u00e1sadu vynikaj\u00facej kvality, spoliehame sa na strat\u00e9giu industrializovan\u00e9ho riadenia v\u00fdroby v r\u00e1mci kvalitnej v\u00fdrobnej dielne a neust\u00e1le zlep\u0161ujeme na\u0161u technick\u00fa \u00farove\u0148 a efektivitu v\u00fdroby. Zav\u00e1dzan\u00edm \u0161pi\u010dkov\u00fdch digit\u00e1lnych v\u00fdrobn\u00fdch zariaden\u00ed a profesion\u00e1lnych testovac\u00edch syst\u00e9mov neust\u00e1le optimalizujeme na\u0161u v\u00fdrobn\u00fa platformu, zlep\u0161ujeme proces kontroly kvality na\u0161ich v\u00fdrobkov a m\u00e1me siln\u00e9 inova\u010dn\u00e9 schopnosti. Na\u0161\u00edm cie\u013eom je uspokoji\u0165 rozmanit\u00e9 potreby z\u00e1kazn\u00edkov so z\u00e1sadami efekt\u00edvnosti, presnosti a vysokej kvality.<\/p>\n<h3>Na\u0161e siln\u00e9 str\u00e1nky<\/h3>\n<ul>\n<li><strong>Profesionalita:<\/strong> M\u00e1me t\u00edm sk\u00fasen\u00fdch odborn\u00edkov, ktor\u00ed s\u00fa odhodlan\u00ed poskytova\u0165 na\u0161im z\u00e1kazn\u00edkom vysoko kvalitn\u00e9 produkty a slu\u017eby.<\/li>\n<li><strong>Medzin\u00e1rodn\u00e1 certifik\u00e1cia:<\/strong> Na\u0161e v\u00fdrobky pre\u0161li r\u00f4znymi medzin\u00e1rodn\u00fdmi certifik\u00e1ciami, ako s\u00fa ISO9001, CE a RoHS, \u010do zaru\u010duje kvalitu a bezpe\u010dnos\u0165 na\u0161ich v\u00fdrobkov.<\/li>\n<li><strong>Prisp\u00f4soben\u00e1 slu\u017eba:<\/strong> Pon\u00fakame hydraulick\u00e9 valce na mieru pod\u013ea \u0161pecifick\u00fdch potrieb na\u0161ich z\u00e1kazn\u00edkov.<\/li>\n<li><strong>V\u00fdrobn\u00e9 vybavenie:<\/strong> Disponujeme modern\u00fdmi digit\u00e1lnymi v\u00fdrobn\u00fdmi zariadeniami, ako s\u00fa CNC s\u00fastruhy a fr\u00e9zky, ktor\u00e9 zabezpe\u010duj\u00fa presnos\u0165 a kvalitu na\u0161ich v\u00fdrobkov.<\/li>\n<li><strong>Popredajn\u00fd servis:<\/strong> Na\u0161im z\u00e1kazn\u00edkom poskytujeme profesion\u00e1lny popredajn\u00fd servis a technick\u00fa podporu.<\/li>\n<\/ul>\n<p><img decoding=\"async\" src=\"https:\/\/www.hydraulic-cylinders.net\/wp-content\/uploads\/2025\/01\/songte-company-4.webp\"\/><\/p>\n<h3>Zistite viac o n\u00e1s<\/h3>\n<p>Ak sa chcete dozvedie\u0165 viac o na\u0161ej spolo\u010dnosti a na\u0161ich produktoch, nav\u0161t\u00edvte na\u0161u webov\u00fa str\u00e1nku https:\/\/www.hydraulic-cylinders.net. Zaviazali sme sa poskytova\u0165 na\u0161im z\u00e1kazn\u00edkom vysoko kvalitn\u00e9 produkty a slu\u017eby a te\u0161\u00edme sa na spolupr\u00e1cu s vami.<\/p>\n<p><img decoding=\"async\" src=\"https:\/\/www.hydraulic-cylinders.net\/wp-content\/uploads\/2025\/01\/songte-company-3.webp\"\/><\/p>\n<p>Autor: lyl.<\/p>","protected":false},"excerpt":{"rendered":"<p>Arm Cylinder For Kubota Small Excavator U-185-3 Product Definition An arm cylinder is a specially designed hydraulic cylinder used to provide linear motion and power to various types of machinery arms, such as excavators, cranes, and robotic arms. The arm cylinder plays a crucial role in the hydraulic system, enabling the effective movement and control [&hellip;]<\/p>","protected":false},"featured_media":14786,"comment_status":"open","ping_status":"closed","template":"","meta":{"_et_pb_use_builder":"","_et_pb_old_content":"","_et_gb_content_width":""},"product_brand":[],"product_cat":[1497],"product_tag":[1498,1496],"class_list":{"0":"post-16636","1":"product","2":"type-product","3":"status-publish","4":"has-post-thumbnail","6":"product_cat-arm-cylinders","7":"product_tag-arm-cylinders","8":"product_tag-hydraulic-cylinders","10":"first","11":"instock","12":"shipping-taxable","13":"product-type-simple"},"amp_enabled":true,"_links":{"self":[{"href":"https:\/\/www.hydraulic-cylinders.net\/sk\/wp-json\/wp\/v2\/product\/16636","targetHints":{"allow":["GET"]}}],"collection":[{"href":"https:\/\/www.hydraulic-cylinders.net\/sk\/wp-json\/wp\/v2\/product"}],"about":[{"href":"https:\/\/www.hydraulic-cylinders.net\/sk\/wp-json\/wp\/v2\/types\/product"}],"replies":[{"embeddable":true,"href":"https:\/\/www.hydraulic-cylinders.net\/sk\/wp-json\/wp\/v2\/comments?post=16636"}],"wp:featuredmedia":[{"embeddable":true,"href":"https:\/\/www.hydraulic-cylinders.net\/sk\/wp-json\/wp\/v2\/media\/14786"}],"wp:attachment":[{"href":"https:\/\/www.hydraulic-cylinders.net\/sk\/wp-json\/wp\/v2\/media?parent=16636"}],"wp:term":[{"taxonomy":"product_brand","embeddable":true,"href":"https:\/\/www.hydraulic-cylinders.net\/sk\/wp-json\/wp\/v2\/product_brand?post=16636"},{"taxonomy":"product_cat","embeddable":true,"href":"https:\/\/www.hydraulic-cylinders.net\/sk\/wp-json\/wp\/v2\/product_cat?post=16636"},{"taxonomy":"product_tag","embeddable":true,"href":"https:\/\/www.hydraulic-cylinders.net\/sk\/wp-json\/wp\/v2\/product_tag?post=16636"}],"curies":[{"name":"pracovn\u00fd list","href":"https:\/\/api.w.org\/{rel}","templated":true}]}}