{"id":16638,"date":"2025-01-21T05:39:39","date_gmt":"2025-01-21T05:39:39","guid":{"rendered":"https:\/\/www.hydraulic-cylinders.net\/product\/arm-cylinder-for-takeuchi-small-excavator-tb128fr\/"},"modified":"2025-01-21T05:39:41","modified_gmt":"2025-01-21T05:39:41","slug":"arm-cylinder-for-takeuchi-small-excavator-tb128fr","status":"publish","type":"product","link":"https:\/\/www.hydraulic-cylinders.net\/sk\/produkt\/arm-cylinder-for-takeuchi-small-excavator-tb128fr\/","title":{"rendered":"Valec ramena pre mal\u00e9 r\u00fdpadlo Takeuchi TB128FR"},"content":{"rendered":"<h2>Valec ramena pre mal\u00e9 r\u00fdpadlo Takeuchi TB128FR<\/h2>\n<p>Hydraulick\u00fd valec ramena je \u0161peci\u00e1lne navrhnut\u00fd hydraulick\u00fd valec, ktor\u00fd poskytuje line\u00e1rny pohyb a v\u00fdkon ramenu r\u00f4znych typov strojov, ako s\u00fa r\u00fdpadl\u00e1, \u017eeriavy a robotick\u00e9 ramen\u00e1. Valec ramena hr\u00e1 k\u013e\u00fa\u010dov\u00fa \u00falohu v hydraulick\u00fdch syst\u00e9moch, preto\u017ee umo\u017e\u0148uje efekt\u00edvny pohyb a ovl\u00e1danie dodato\u010dn\u00fdch n\u00e1strojov alebo pr\u00edslu\u0161enstva. Tieto valce nielen zabezpe\u010duj\u00fa plynul\u00fd pohyb, ale tie\u017e odol\u00e1vaj\u00fa \u0165a\u017ek\u00fdm za\u0165a\u017eeniam, \u010d\u00edm zabezpe\u010duj\u00fa efekt\u00edvnu prev\u00e1dzku a spo\u013eahlivos\u0165 strojov v r\u00f4znych pracovn\u00fdch podmienkach.<\/p>\n<p><img decoding=\"async\" src=\"https:\/\/www.hydraulic-cylinders.net\/wp-content\/uploads\/2025\/01\/songte-company-2.webp\"><\/p>\n<h3>Vlastnosti:<\/h3>\n<ul>\n<li>Vysoko\u00fa\u010dinn\u00fd pohon: Valec ramena poskytuje siln\u00fd line\u00e1rny pohyb a silu, \u010d\u00edm zais\u0165uje vysok\u00fd v\u00fdkon robotick\u00e9ho ramena v r\u00f4znych oper\u00e1ci\u00e1ch.<\/li>\n<li>Presn\u00e9 ovl\u00e1danie: V\u010faka hydraulick\u00fdm syst\u00e9mom dosahuje valec ramena presn\u00e9 ovl\u00e1danie pohybu, v\u010faka \u010domu je ovl\u00e1danie pripojen\u00e9ho n\u00e1radia flexibilnej\u0161ie a presnej\u0161ie.<\/li>\n<li>Trvanlivos\u0165: Valce ramien sa zvy\u010dajne vyr\u00e1baj\u00fa z vysokopevnostn\u00fdch materi\u00e1lov s vynikaj\u00facou odolnos\u0165ou vo\u010di opotrebovaniu a kor\u00f3zii, v\u010faka \u010domu s\u00fa vhodn\u00e9 na dlhodob\u00e9 pou\u017e\u00edvanie v n\u00e1ro\u010dn\u00fdch podmienkach.<\/li>\n<li>Multifunk\u010dn\u00e1 prisp\u00f4sobivos\u0165: Tieto valce sa daj\u00fa \u0161iroko pou\u017e\u00edva\u0165 v r\u00f4znych typoch strojov, ako s\u00fa bagre, \u017eeriavy a robotick\u00e9 ramen\u00e1, a prisp\u00f4sobuj\u00fa sa r\u00f4znym pracovn\u00fdm po\u017eiadavk\u00e1m.<\/li>\n<li>Jednoduch\u00e1 \u00fadr\u017eba: Kon\u0161trukcia zoh\u013ead\u0148uje jednoduch\u00fa \u00fadr\u017ebu a v\u00fdmenu, v\u010faka \u010domu je pravideln\u00e1 kontrola a servis pohodlnej\u0161\u00ed a skracuje prestoje zariadenia.<\/li>\n<\/ul>\n<p><img decoding=\"async\" src=\"https:\/\/www.hydraulic-cylinders.net\/wp-content\/uploads\/2025\/01\/songte-oil-pipes-and-spare-parts.webp\"><\/p>\n<p>Valec ramena dok\u00e1\u017ee dokonale nahradi\u0165 tieto hydraulick\u00e9 valce a poskytuje rovnak\u00fa funk\u010dnos\u0165 a kompatibilitu.<\/p>\n<h3>Aplik\u00e1cie:<\/h3>\n<ul>\n<li>Stavebn\u00e9 in\u017einierstvo: Valce ramien ovl\u00e1daj\u00fa pohyb vedier alebo v\u00fdlo\u017en\u00edkov v r\u00fdpadl\u00e1ch a \u017eeriavoch, \u010do u\u013eah\u010duje zemn\u00e9 pr\u00e1ce, manipul\u00e1ciu s materi\u00e1lom a mont\u00e1\u017e kon\u0161trukci\u00ed.<\/li>\n<li>V\u00fdrobn\u00fd priemysel: V automatizovan\u00fdch v\u00fdrobn\u00fdch link\u00e1ch umo\u017e\u0148uj\u00fa valce ramien pohyb robotick\u00fdch ramien pri mont\u00e1\u017enych, zv\u00e1rac\u00edch a manipula\u010dn\u00fdch procesoch, \u010d\u00edm zvy\u0161uj\u00fa efektivitu a presnos\u0165 v\u00fdroby.<\/li>\n<li>Po\u013enohospod\u00e1rske stroje: V po\u013enohospod\u00e1rskych strojoch, ako s\u00fa zbera\u010de a seja\u010dky, riadia valce ramien pohyb ovl\u00e1dac\u00edch ramien pri \u00faloh\u00e1ch, ako je siatie, hnojenie a zber \u00farody.<\/li>\n<li>\u0164a\u017eba: V bansk\u00fdch zariadeniach ovl\u00e1daj\u00fa valce ramien pohyb ramena bansk\u00fdch strojov na \u0165a\u017ebu a prepravu rudy.<\/li>\n<li>Logistika a doprava: Vo vysokozdvi\u017en\u00fdch voz\u00edkoch a manipula\u010dn\u00fdch robotoch ovl\u00e1daj\u00fa valce ramien zdv\u00edhanie a pohyb vidl\u00edc, \u010do u\u013eah\u010duje manipul\u00e1ciu s materi\u00e1lom a stohovanie.<\/li>\n<\/ul>\n<h3>\u00davahy o dizajne a krit\u00e9ri\u00e1 v\u00fdberu:<\/h3>\n<ul>\n<li>Nosnos\u0165: Kon\u0161trukcia valca ramena zoh\u013ead\u0148uje nosnos\u0165, aby sa zabezpe\u010dila bezpe\u010dn\u00e1 a efekt\u00edvna prev\u00e1dzka.<\/li>\n<li>Tesnenie: V ramenov\u00fdch valcoch sa pou\u017e\u00edvaj\u00fa r\u00f4zne tesniace komponenty, ako s\u00fa tesnenia piestov a tesnenia ty\u010d\u00ed. Tieto tesnenia s\u00fa vyroben\u00e9 z materi\u00e1lov odoln\u00fdch vo\u010di opotrebovaniu, ako je polyuret\u00e1n a nitrilov\u00fd kau\u010duk. Teleso valca a z\u00e1vitov\u00e9 konce s\u00fa jemne opracovan\u00e9 pre zlep\u0161enie odolnosti vo\u010di opotrebovaniu.<\/li>\n<li>Odolnos\u0165: Valec ramena je navrhnut\u00fd tak, aby bol odoln\u00fd a odoln\u00fd vo\u010di kor\u00f3zii, \u010do zaru\u010duje dlh\u00fa \u017eivotnos\u0165 aj v n\u00e1ro\u010dn\u00fdch prostrediach.<\/li>\n<li>Bezpe\u010dnos\u0165: Do kon\u0161trukcie valcov ramena s\u00fa integrovan\u00e9 bezpe\u010dnostn\u00e9 prvky, ktor\u00e9 zabra\u0148uj\u00fa nehod\u00e1m a zais\u0165uj\u00fa ochranu obsluhy.<\/li>\n<li>\u00dadr\u017eba: Kon\u0161trukcia valcov ramena zoh\u013ead\u0148uje jednoduch\u00fa \u00fadr\u017ebu a opravy, aby sa minimalizovali prestoje a maximalizovala produktivita.<\/li>\n<\/ul>\n<p><img decoding=\"async\" src=\"https:\/\/www.hydraulic-cylinders.net\/wp-content\/uploads\/2025\/01\/songte-cylinder-head-with-all-kinds-excavator-models.webp\"><\/p>\n<p>Valec ramena vyu\u017e\u00edva r\u00f4zne tesniace komponenty a vy\u017eaduje pravideln\u00e9 mazanie hydraulick\u00fdm olejom, aby sa zabezpe\u010dila hladk\u00e1 prev\u00e1dzka.<\/p>\n<p>Pravideln\u00e9 kontroly a prevent\u00edvne \u00fadr\u017eb\u00e1rske opatrenia s\u00fa nevyhnutn\u00e9 na zabezpe\u010denie optim\u00e1lneho v\u00fdkonu a dlhej \u017eivotnosti valca ramena:<\/p>\n<ul>\n<li>Skontrolujte valec, \u010di nevykazuje zn\u00e1mky \u00faniku alebo po\u0161kodenia.<\/li>\n<li>Skontrolujte stav tesnen\u00ed a v pr\u00edpade potreby ich vyme\u0148te.<\/li>\n<li>Zabezpe\u010dte spr\u00e1vne mazanie pravideln\u00fdm prid\u00e1van\u00edm pr\u00edslu\u0161n\u00e9ho mno\u017estva hydraulick\u00e9ho oleja.<\/li>\n<li>Skontrolujte zarovnanie valca a v pr\u00edpade potreby ho upravte.<\/li>\n<li>Udr\u017eiavajte vonkaj\u0161ie povrchy \u010dist\u00e9, aby ste zabr\u00e1nili vniknutiu ne\u010dist\u00f4t do valca.<\/li>\n<\/ul>\n<h3>Sprievodca in\u0161tal\u00e1ciou produktu:<\/h3>\n<p>Spr\u00e1vna in\u0161tal\u00e1cia valca ramena je k\u013e\u00fa\u010dov\u00e1 pre jeho v\u00fdkon a dlh\u00fa \u017eivotnos\u0165. Postupujte pod\u013ea t\u00fdchto krokov:<\/p>\n<ol>\n<li>Pripravte si miesto na mont\u00e1\u017e a uistite sa, \u017ee je \u010dist\u00e9 a bez ne\u010dist\u00f4t.<\/li>\n<li>Umiestnite valec ramena na po\u017eadovan\u00e9 miesto a zarovnajte ho s mont\u00e1\u017enymi otvormi.<\/li>\n<li>Valec bezpe\u010dne upevnite pomocou vhodn\u00fdch skrutiek\/matic\u00ed alebo zv\u00e1ran\u00edm.<\/li>\n<li>Pripojte hydraulick\u00e9 potrubia k valcu a zabezpe\u010dte ich spr\u00e1vne utesnenie.<\/li>\n<li>Otestujte funk\u010dnos\u0165 valca obsluhou stroja a kontrolou ak\u00fdchko\u013evek abnormal\u00edt.<\/li>\n<\/ol>\n<p><img decoding=\"async\" src=\"https:\/\/www.hydraulic-cylinders.net\/wp-content\/uploads\/2025\/01\/songte-bushings-with-all-kinds-of-excavator-models.webp\"><\/p>\n<h3>Bezpe\u010dnostn\u00e9 aspekty a faktory prostredia:<\/h3>\n<p>Pri pou\u017e\u00edvan\u00ed valcov s ramenom je dodr\u017eiavanie bezpe\u010dnostn\u00fdch opatren\u00ed mimoriadne d\u00f4le\u017eit\u00e9, aby sa predi\u0161lo nehod\u00e1m a zabezpe\u010dilo bezpe\u010dn\u00e9 pracovn\u00e9 prostredie. Obsluhe by sa malo poskytn\u00fa\u0165 riadne \u0161kolenie a doh\u013ead.<\/p>\n<p>Medzi be\u017en\u00e9 poruchy valcov ramena patr\u00ed netesnos\u0165, nedostato\u010dn\u00fd v\u00fdkon a abnorm\u00e1lne pohyby. Tu je nieko\u013eko tipov na rie\u0161enie probl\u00e9mov:<\/p>\n<ul>\n<li>Skontrolujte valec, \u010di na \u0148om nie s\u00fa vidite\u013en\u00e9 netesnosti, a vyme\u0148te po\u0161koden\u00e9 tesnenia.<\/li>\n<li>Skontrolujte hydraulick\u00fd syst\u00e9m, \u010di m\u00e1 spr\u00e1vny tlak a prietok.<\/li>\n<li>Uistite sa, \u017ee v\u0161etky spoje a armat\u00fary s\u00fa bezpe\u010dn\u00e9 a tesn\u00e9.<\/li>\n<li>Skontrolujte regula\u010dn\u00e9 ventily a uistite sa, \u017ee spr\u00e1vne funguj\u00fa.<\/li>\n<li>Ak probl\u00e9m pretrv\u00e1va, obr\u00e1\u0165te sa na odborn\u00edka, ktor\u00fd v\u00e1m poskytne \u010fal\u0161iu diagnostiku a opravu.<\/li>\n<\/ul>\n<p><img decoding=\"async\" src=\"https:\/\/www.hydraulic-cylinders.net\/wp-content\/uploads\/2025\/01\/songte-chushion-collar.webp\"><\/p>\n<p>Na minimaliz\u00e1ciu potenci\u00e1lnych probl\u00e9mov a zabezpe\u010denie optim\u00e1lneho v\u00fdkonu by sa mali vykon\u00e1va\u0165 pravideln\u00e9 prevent\u00edvne \u00fadr\u017eb\u00e1rske opatrenia vr\u00e1tane:<\/p>\n<ul>\n<li>Pl\u00e1novan\u00e9 kontroly na identifik\u00e1ciu a rie\u0161enie ak\u00fdchko\u013evek vznikaj\u00facich probl\u00e9mov.<\/li>\n<li>Proakt\u00edvna v\u00fdmena opotrebovan\u00fdch tesnen\u00ed a komponentov.<\/li>\n<li>Pravideln\u00e9 mazanie pohybliv\u00fdch \u010dast\u00ed odpor\u00fa\u010dan\u00fdm hydraulick\u00fdm olejom.<\/li>\n<li>\u0160kolenie oper\u00e1torov o spr\u00e1vnom pou\u017e\u00edvan\u00ed a postupoch \u00fadr\u017eby.<\/li>\n<\/ul>\n<p>V spolo\u010dnosti [N\u00e1zov spolo\u010dnosti] sme profesion\u00e1lnym v\u00fdrobcom n\u00e1hradn\u00fdch hydraulick\u00fdch valcov. V\u010faka \u0161irokej \u0161k\u00e1le produktov sme sa stali jedn\u00fdm z popredn\u00fdch v\u00fdrobcov a ve\u013ekoobchodn\u00fdch distrib\u00fatorov na dom\u00e1com aj medzin\u00e1rodnom trhu. Dodr\u017eiavaj\u00fac princ\u00edp excelentnosti, neust\u00e1le zlep\u0161ujeme na\u0161e technologick\u00e9 mo\u017enosti a efektivitu v\u00fdroby prostredn\u00edctvom modern\u00fdch v\u00fdrobn\u00fdch zariaden\u00ed a profesion\u00e1lnych testovac\u00edch syst\u00e9mov. Na\u0161\u00edm cie\u013eom je uspokoji\u0165 rozmanit\u00e9 potreby na\u0161ich z\u00e1kazn\u00edkov s vysokou \u00fa\u010dinnos\u0165ou, presnos\u0165ou a kvalitn\u00fdmi produktmi.<\/p>\n<p><img decoding=\"async\" src=\"https:\/\/www.hydraulic-cylinders.net\/wp-content\/uploads\/2025\/01\/songte-company-4.webp\"><br \/>\n<img decoding=\"async\" src=\"https:\/\/www.hydraulic-cylinders.net\/wp-content\/uploads\/2025\/01\/songte-company-3.webp\"><\/p>\n<p>V\u010faka na\u0161ej profesionalite, medzin\u00e1rodn\u00fdm certifik\u00e1ci\u00e1m, slu\u017eb\u00e1m na mieru, najmodernej\u0161iemu v\u00fdrobn\u00e9mu zariadeniu a vynikaj\u00facemu popredajn\u00e9mu servisu sa sna\u017e\u00edme poskytova\u0165 na\u0161im z\u00e1kazn\u00edkom tie najlep\u0161ie rie\u0161enia. Autor: lyl.<\/p>","protected":false},"excerpt":{"rendered":"<p>Arm Cylinder For Takeuchi Small Excavator TB128FR Arm Cylinder is a specially designed hydraulic cylinder that provides linear motion and power to the arm of various types of machinery such as excavators, cranes, and robotic arms. The arm cylinder plays a crucial role in hydraulic systems, enabling the effective movement and control of additional tools [&hellip;]<\/p>","protected":false},"featured_media":14779,"comment_status":"open","ping_status":"closed","template":"","meta":{"_et_pb_use_builder":"","_et_pb_old_content":"","_et_gb_content_width":""},"product_brand":[],"product_cat":[1497],"product_tag":[1498,1496],"class_list":{"0":"post-16638","1":"product","2":"type-product","3":"status-publish","4":"has-post-thumbnail","6":"product_cat-arm-cylinders","7":"product_tag-arm-cylinders","8":"product_tag-hydraulic-cylinders","10":"first","11":"instock","12":"shipping-taxable","13":"product-type-simple"},"amp_enabled":true,"_links":{"self":[{"href":"https:\/\/www.hydraulic-cylinders.net\/sk\/wp-json\/wp\/v2\/product\/16638","targetHints":{"allow":["GET"]}}],"collection":[{"href":"https:\/\/www.hydraulic-cylinders.net\/sk\/wp-json\/wp\/v2\/product"}],"about":[{"href":"https:\/\/www.hydraulic-cylinders.net\/sk\/wp-json\/wp\/v2\/types\/product"}],"replies":[{"embeddable":true,"href":"https:\/\/www.hydraulic-cylinders.net\/sk\/wp-json\/wp\/v2\/comments?post=16638"}],"wp:featuredmedia":[{"embeddable":true,"href":"https:\/\/www.hydraulic-cylinders.net\/sk\/wp-json\/wp\/v2\/media\/14779"}],"wp:attachment":[{"href":"https:\/\/www.hydraulic-cylinders.net\/sk\/wp-json\/wp\/v2\/media?parent=16638"}],"wp:term":[{"taxonomy":"product_brand","embeddable":true,"href":"https:\/\/www.hydraulic-cylinders.net\/sk\/wp-json\/wp\/v2\/product_brand?post=16638"},{"taxonomy":"product_cat","embeddable":true,"href":"https:\/\/www.hydraulic-cylinders.net\/sk\/wp-json\/wp\/v2\/product_cat?post=16638"},{"taxonomy":"product_tag","embeddable":true,"href":"https:\/\/www.hydraulic-cylinders.net\/sk\/wp-json\/wp\/v2\/product_tag?post=16638"}],"curies":[{"name":"pracovn\u00fd list","href":"https:\/\/api.w.org\/{rel}","templated":true}]}}