{"id":16647,"date":"2025-01-21T05:43:58","date_gmt":"2025-01-21T05:43:58","guid":{"rendered":"https:\/\/www.hydraulic-cylinders.net\/product\/arm-cylinder-for-takeuchi-small-excavator-tb1135c\/"},"modified":"2025-01-21T05:44:04","modified_gmt":"2025-01-21T05:44:04","slug":"arm-cylinder-for-takeuchi-small-excavator-tb1135c","status":"publish","type":"product","link":"https:\/\/www.hydraulic-cylinders.net\/sk\/produkt\/arm-cylinder-for-takeuchi-small-excavator-tb1135c\/","title":{"rendered":"Valec ramena pre mal\u00e9 r\u00fdpadlo Takeuchi TB1135C"},"content":{"rendered":"<h2>Valec ramena pre mal\u00e9 r\u00fdpadlo Takeuchi TB1135C<\/h2>\n<h3>\u00davod<\/h3>\n<p>Hydraulick\u00fd valec ramena je \u0161peci\u00e1lne navrhnut\u00fd hydraulick\u00fd valec, ktor\u00fd sa prim\u00e1rne pou\u017e\u00edva na zabezpe\u010denie line\u00e1rneho pohybu a v\u00fdkonu ramena r\u00f4znych typov strojov, ako s\u00fa r\u00fdpadl\u00e1, \u017eeriavy a robotick\u00e9 ramen\u00e1. Valec ramena zohr\u00e1va k\u013e\u00fa\u010dov\u00fa \u00falohu v hydraulickom syst\u00e9me, preto\u017ee umo\u017e\u0148uje efekt\u00edvny pohyb a ovl\u00e1danie pr\u00edslu\u0161enstva alebo pr\u00edslu\u0161enstva. Tieto valce nielen dosahuj\u00fa plynul\u00fd pohyb, ale odol\u00e1vaj\u00fa aj \u0165a\u017ek\u00fdm za\u0165a\u017eeniam, \u010d\u00edm zabezpe\u010duj\u00fa efekt\u00edvnu prev\u00e1dzku a spo\u013eahlivos\u0165 stroja za r\u00f4znych prev\u00e1dzkov\u00fdch podmienok.<\/p>\n<p><img decoding=\"async\" src=\"https:\/\/www.hydraulic-cylinders.net\/wp-content\/uploads\/2025\/01\/songte-company-2.webp\"><\/p>\n<h3>Funkcie<\/h3>\n<ul>\n<li>Vysoko\u00fa\u010dinn\u00fd prenos v\u00fdkonu: Valec ramena poskytuje siln\u00fd line\u00e1rny pohyb a silu, \u010d\u00edm zais\u0165uje vysoko\u00fa\u010dinn\u00fd v\u00fdkon po\u010das r\u00f4znych oper\u00e1ci\u00ed.<\/li>\n<li>Presn\u00e9 ovl\u00e1danie: Prostredn\u00edctvom hydraulick\u00e9ho syst\u00e9mu dok\u00e1\u017ee valec ramena dosiahnu\u0165 presn\u00e9 ovl\u00e1danie pohybu, v\u010faka \u010domu je ovl\u00e1danie pr\u00edslu\u0161enstva flexibilnej\u0161ie a presnej\u0161ie.<\/li>\n<li>Odoln\u00e9: Valce ramien s\u00fa zvy\u010dajne vyroben\u00e9 z vysoko pevn\u00fdch materi\u00e1lov, maj\u00fa dobr\u00fa odolnos\u0165 vo\u010di opotrebovaniu a kor\u00f3zii a s\u00fa vhodn\u00e9 na dlhodob\u00e9 pou\u017e\u00edvanie v n\u00e1ro\u010dn\u00fdch podmienkach.<\/li>\n<li>Multifunk\u010dn\u00e1 prisp\u00f4sobivos\u0165: Tieto valce sa daj\u00fa \u0161iroko pou\u017e\u00edva\u0165 v r\u00f4znych mechanick\u00fdch zariadeniach, ako s\u00fa bagre, \u017eeriavy a robotick\u00e9 ramen\u00e1, aby sa prisp\u00f4sobili r\u00f4znym pracovn\u00fdm po\u017eiadavk\u00e1m.<\/li>\n<li>Jednoduch\u00e1 \u00fadr\u017eba: Navrhnut\u00e9 pre jednoduch\u00fa \u00fadr\u017ebu a v\u00fdmenu, pravideln\u00e1 kontrola a \u00fadr\u017eba s\u00fa pohodlnej\u0161ie, \u010d\u00edm sa skracuj\u00fa prestoje zariadenia.<\/li>\n<\/ul>\n<p><img decoding=\"async\" src=\"https:\/\/www.hydraulic-cylinders.net\/wp-content\/uploads\/2025\/01\/songte-oil-pipes-and-spare-parts.webp\"><\/p>\n<h3>Aplik\u00e1cie<\/h3>\n<p>Valec ramena sa \u0161iroko pou\u017e\u00edva v r\u00f4znych odvetviach vr\u00e1tane:<\/p>\n<ul>\n<li>Stavebn\u00e9 in\u017einierstvo: V bagroch a \u017eeriavoch sa valec ramena pou\u017e\u00edva na ovl\u00e1danie pohybu vedra alebo v\u00fdlo\u017en\u00edka pri zemn\u00fdch pr\u00e1cach, manipul\u00e1cii s materi\u00e1lom a mont\u00e1\u017ei kon\u0161trukci\u00ed.<\/li>\n<li>V\u00fdroba: V automatizovan\u00fdch v\u00fdrobn\u00fdch link\u00e1ch sa valec ramena pou\u017e\u00edva na pohyb robotick\u00fdch ramien po\u010das mont\u00e1\u017ee, zv\u00e1rania a manipul\u00e1cie s materi\u00e1lom, \u010d\u00edm sa zlep\u0161uje efektivita a presnos\u0165 v\u00fdroby.<\/li>\n<li>Po\u013enohospod\u00e1rske stroje: V po\u013enohospod\u00e1rskych strojoch, ako s\u00fa zbera\u010de a seja\u010dky, riadi valec ramena pohyb ovl\u00e1dacieho ramena na vykon\u00e1vanie \u00faloh sejby, hnojenia a zberu \u00farody.<\/li>\n<li>\u0164a\u017eba: V bansk\u00fdch zariadeniach sa valec ramena pou\u017e\u00edva na ovl\u00e1danie pohybu ramena bansk\u00e9ho zariadenia na \u0165a\u017ebu a manipul\u00e1ciu s rudou.<\/li>\n<li>Logistika a doprava: Vo vysokozdvi\u017en\u00fdch voz\u00edkoch a manipula\u010dn\u00fdch robotoch sa valec ramena pou\u017e\u00edva na ovl\u00e1danie zdv\u00edhania a pohybu n\u00e1kladnej vidlice, \u010d\u00edm sa realizuje manipul\u00e1cia s materi\u00e1lom a stohovanie.<\/li>\n<\/ul>\n<h3>\u00davahy o dizajne a krit\u00e9ri\u00e1 v\u00fdberu<\/h3>\n<p>The arm cylinder&#8217;s design considerations and selection criteria include:<\/p>\n<h4>Nosnos\u0165<\/h4>\n<p>Nosnos\u0165 valca ramena je kritick\u00fdm faktorom, ktor\u00fd treba zv\u00e1\u017ei\u0165. Mus\u00ed poskytova\u0165 dostato\u010dn\u00fa silu na pohyb ramena a pr\u00edslu\u0161enstva za r\u00f4znych pracovn\u00fdch podmienok.<\/p>\n<h4>Tesniaci v\u00fdkon<\/h4>\n<p>Tesniaci v\u00fdkon valca ramena je k\u013e\u00fa\u010dov\u00fd pre zabr\u00e1nenie \u00faniku hydraulick\u00e9ho oleja. Na zabezpe\u010denie vynikaj\u00facej odolnosti proti opotrebovaniu a tesniaceho v\u00fdkonu sa pou\u017e\u00edvaj\u00fa vysoko kvalitn\u00e9 tesniace materi\u00e1ly, ako je polyuret\u00e1n a nitrilov\u00e1 guma.<\/p>\n<h4>Trvanlivos\u0165<\/h4>\n<p>Valec ramena je zvy\u010dajne vyroben\u00fd z vysokopevnostn\u00fdch materi\u00e1lov, ako je legovan\u00e1 oce\u013e a uhl\u00edkov\u00e1 oce\u013e, aby mal dobr\u00fa odolnos\u0165 proti opotrebovaniu a kor\u00f3zii, \u010do zabezpe\u010duje dlhodob\u00e9 pou\u017e\u00edvanie v n\u00e1ro\u010dn\u00fdch podmienkach.<\/p>\n<h4>Bezpe\u010dnos\u0165<\/h4>\n<p>Valec ramena mus\u00ed by\u0165 navrhnut\u00fd s oh\u013eadom na bezpe\u010dnos\u0165 vr\u00e1tane bezpe\u010dnostn\u00fdch ventilov, blokovac\u00edch zariaden\u00ed a \u010fal\u0161\u00edch bezpe\u010dnostn\u00fdch opatren\u00ed na predch\u00e1dzanie nehod\u00e1m.<\/p>\n<h4>\u00dadr\u017eba<\/h4>\n<p>The arm cylinder needs to be designed for easy maintenance, including easy disassembly, replacement of parts, and regular inspection to ensure the cylinder&#8217;s optimal performance.<\/p>\n<p><img decoding=\"async\" src=\"https:\/\/www.hydraulic-cylinders.net\/wp-content\/uploads\/2025\/01\/songte-cylinder-head-with-all-kinds-excavator-models.webp\"><\/p>\n<h3>Tesnenie a mazanie<\/h3>\n<p>The arm cylinder uses various sealing components, such as piston seals and rod seals, made of wear-resistant materials such as polyurethane and nitrile rubber, to ensure excellent sealing performance. The cylinder&#8217;s internal surface is precisely machined to ensure the correct fit of the seals. Regular lubrication is necessary to ensure the cylinder&#8217;s smooth operation, and the appropriate hydraulic oil needs to be added.<\/p>\n<h3>\u00dadr\u017eba a odstra\u0148ovanie probl\u00e9mov<\/h3>\n<p>Valec ramena vy\u017eaduje pravideln\u00fa kontrolu a \u00fadr\u017ebu, aby sa zabezpe\u010dil optim\u00e1lny v\u00fdkon. Medzi be\u017en\u00e9 probl\u00e9my, ktor\u00e9 sa m\u00f4\u017eu vyskytn\u00fa\u0165, a ich rie\u0161enia patria:<\/p>\n<h4>Pomal\u00fd alebo nerovnomern\u00fd pohyb<\/h4>\n<p>M\u00f4\u017ee to by\u0165 sp\u00f4soben\u00e9 nedostato\u010dn\u00fdm mno\u017estvom hydraulick\u00e9ho oleja, vzduchom v hydraulickom syst\u00e9me alebo chybn\u00fdmi tesneniami. Skontrolujte a dopl\u0148te hydraulick\u00fd olej alebo vyme\u0148te po\u0161koden\u00e9 tesnenia.<\/p>\n<h4>\u00danik hydraulick\u00e9ho oleja<\/h4>\n<p>M\u00f4\u017ee to by\u0165 sp\u00f4soben\u00e9 po\u0161koden\u00fdmi tesneniami alebo uvo\u013enen\u00fdmi spojmi. Skontrolujte a vyme\u0148te po\u0161koden\u00e9 tesnenia alebo dotiahnite uvo\u013enen\u00e9 spoje.<\/p>\n<h4>Abnorm\u00e1lny hluk a vibr\u00e1cie<\/h4>\n<p>M\u00f4\u017ee to by\u0165 sp\u00f4soben\u00e9 po\u0161koden\u00fdmi alebo opotrebovan\u00fdmi dielmi. Skontrolujte a vyme\u0148te po\u0161koden\u00e9 diely.<\/p>\n<p><img decoding=\"async\" src=\"https:\/\/www.hydraulic-cylinders.net\/wp-content\/uploads\/2025\/01\/songte-chushion-collar.webp\"><\/p>\n<h3>In\u0161tala\u010dn\u00e1 pr\u00edru\u010dka<\/h3>\n<p>Proces in\u0161tal\u00e1cie valca ramena je k\u013e\u00fa\u010dov\u00fd pre zabezpe\u010denie optim\u00e1lneho v\u00fdkonu. Postupujte pod\u013ea nasleduj\u00facich krokov:<\/p>\n<ol>\n<li>Pripravte miesto in\u0161tal\u00e1cie a uistite sa, \u017ee je \u010dist\u00e9 a bez ne\u010dist\u00f4t.<\/li>\n<li>Zarovnajte valec ramena s mont\u00e1\u017enou konzolou a zaistite ho skrutkami, maticami alebo kol\u00edkmi.<\/li>\n<li>Pripojte hydraulick\u00e9 hadice a armat\u00fary a uistite sa, \u017ee s\u00fa tesn\u00e9 a bez \u00fanikov.<\/li>\n<li>Test the cylinder&#8217;s operation and adjust the hydraulic system according to the manufacturer&#8217;s specifications.<\/li>\n<\/ol>\n<p><img decoding=\"async\" src=\"https:\/\/www.hydraulic-cylinders.net\/wp-content\/uploads\/2025\/01\/songte-bushings-with-all-kinds-of-excavator-models.webp\"><\/p>\n<h3>Bezpe\u010dnostn\u00e9 a environment\u00e1lne aspekty<\/h3>\n<p>Safety is critical when operating the arm cylinder. Users should follow the manufacturer&#8217;s instructions and wear appropriate protective equipment. Environmentally, hydraulic oil should be disposed of correctly.<\/p>\n<h3>O n\u00e1s<\/h3>\n<p>We are a professional manufacturer of replacement hydraulic cylinders, with a wide range of products. We have become one of the leading hydraulic cylinder manufacturers and wholesale distributors in domestic and international markets. We always adhere to the principle of excellent quality and continuously improve our technology and production efficiency by relying on industrialized production management strategies in fine manufacturing workshops. Through the introduction of high-end digital manufacturing equipment and professional testing systems, we continue to optimize the manufacturing platform, improve the product quality control process, and have strong innovation capabilities. Our goal is to meet customers&#8217; diverse needs with high efficiency, precision, and high-quality principles.<\/p>\n<p>Our company is specialized in international certification, customized services, production equipment, and aftersales services. We adhere to the principle of &#8220;customer first, quality first&#8221; and continuously improve the management and quality control system to provide high-quality products and services to customers.<\/p>\n<p><img decoding=\"async\" src=\"https:\/\/www.hydraulic-cylinders.net\/wp-content\/uploads\/2025\/01\/songte-company-4.webp\"><br \/>\n<img decoding=\"async\" src=\"https:\/\/www.hydraulic-cylinders.net\/wp-content\/uploads\/2025\/01\/songte-company-3.webp\"><\/p>\n<p>Autor: lyl<\/p>","protected":false},"excerpt":{"rendered":"<p>Arm Cylinder For Takeuchi Small Excavator TB1135C Introduction An arm cylinder is a specially designed hydraulic cylinder that is primarily used to provide linear motion and power to the arm of various types of machinery, such as excavators, cranes, and robotic arms. The arm cylinder plays a crucial role in the hydraulic system, enabling attachments [&hellip;]<\/p>","protected":false},"featured_media":14786,"comment_status":"open","ping_status":"closed","template":"","meta":{"_et_pb_use_builder":"","_et_pb_old_content":"","_et_gb_content_width":""},"product_brand":[],"product_cat":[1497],"product_tag":[1498,1496],"class_list":{"0":"post-16647","1":"product","2":"type-product","3":"status-publish","4":"has-post-thumbnail","6":"product_cat-arm-cylinders","7":"product_tag-arm-cylinders","8":"product_tag-hydraulic-cylinders","10":"first","11":"instock","12":"shipping-taxable","13":"product-type-simple"},"amp_enabled":true,"_links":{"self":[{"href":"https:\/\/www.hydraulic-cylinders.net\/sk\/wp-json\/wp\/v2\/product\/16647","targetHints":{"allow":["GET"]}}],"collection":[{"href":"https:\/\/www.hydraulic-cylinders.net\/sk\/wp-json\/wp\/v2\/product"}],"about":[{"href":"https:\/\/www.hydraulic-cylinders.net\/sk\/wp-json\/wp\/v2\/types\/product"}],"replies":[{"embeddable":true,"href":"https:\/\/www.hydraulic-cylinders.net\/sk\/wp-json\/wp\/v2\/comments?post=16647"}],"wp:featuredmedia":[{"embeddable":true,"href":"https:\/\/www.hydraulic-cylinders.net\/sk\/wp-json\/wp\/v2\/media\/14786"}],"wp:attachment":[{"href":"https:\/\/www.hydraulic-cylinders.net\/sk\/wp-json\/wp\/v2\/media?parent=16647"}],"wp:term":[{"taxonomy":"product_brand","embeddable":true,"href":"https:\/\/www.hydraulic-cylinders.net\/sk\/wp-json\/wp\/v2\/product_brand?post=16647"},{"taxonomy":"product_cat","embeddable":true,"href":"https:\/\/www.hydraulic-cylinders.net\/sk\/wp-json\/wp\/v2\/product_cat?post=16647"},{"taxonomy":"product_tag","embeddable":true,"href":"https:\/\/www.hydraulic-cylinders.net\/sk\/wp-json\/wp\/v2\/product_tag?post=16647"}],"curies":[{"name":"pracovn\u00fd list","href":"https:\/\/api.w.org\/{rel}","templated":true}]}}