{"id":16651,"date":"2025-01-21T05:44:18","date_gmt":"2025-01-21T05:44:18","guid":{"rendered":"https:\/\/www.hydraulic-cylinders.net\/product\/arm-cylinder-for-case-middle-excavator-cx210b\/"},"modified":"2025-01-21T05:44:20","modified_gmt":"2025-01-21T05:44:20","slug":"arm-cylinder-for-case-middle-excavator-cx210b","status":"publish","type":"product","link":"https:\/\/www.hydraulic-cylinders.net\/sk\/produkt\/arm-cylinder-for-case-middle-excavator-cx210b\/","title":{"rendered":"Valec ramena pre stredn\u00fd bager Case CX210B"},"content":{"rendered":"<h2>Valec ramena pre stredn\u00fd bager Case CX210B<\/h2>\n<h3>\u00davod<\/h3>\n<p>Hydraulick\u00fd valec ramena je \u0161peci\u00e1lne navrhnut\u00fd hydraulick\u00fd valec, ktor\u00fd sa pou\u017e\u00edva na zabezpe\u010denie line\u00e1rneho pohybu a v\u00fdkonu ramien r\u00f4znych strojov, ako s\u00fa r\u00fdpadl\u00e1, \u017eeriavy a mechanick\u00e9 ramen\u00e1. Hydraulick\u00fd valec ramena zohr\u00e1va k\u013e\u00fa\u010dov\u00fa \u00falohu v hydraulick\u00fdch syst\u00e9moch, preto\u017ee umo\u017e\u0148uje efekt\u00edvny pohyb a ovl\u00e1danie pripojen\u00e9ho n\u00e1radia alebo pr\u00edslu\u0161enstva. Tieto valce nielen zabezpe\u010duj\u00fa plynul\u00fd pohyb, ale tie\u017e odol\u00e1vaj\u00fa \u0165a\u017ek\u00fdm za\u0165a\u017eeniam, \u010d\u00edm zabezpe\u010duj\u00fa efekt\u00edvnu prev\u00e1dzku a spo\u013eahlivos\u0165 strojov v r\u00f4znych pracovn\u00fdch podmienkach.<\/p>\n<p><img decoding=\"async\" src=\"https:\/\/www.hydraulic-cylinders.net\/wp-content\/uploads\/2025\/01\/songte-company-2.webp\" alt=\"Valec ramena\"><\/p>\n<h3>Funkcie<\/h3>\n<ul>\n<li>Vysoko\u00fa\u010dinn\u00fd prevod: Valec ramena poskytuje siln\u00fd line\u00e1rny pohyb a silu, \u010d\u00edm zais\u0165uje vysok\u00fa \u00fa\u010dinnos\u0165 a v\u00fdkon mechanick\u00e9ho ramena pri r\u00f4znych oper\u00e1ci\u00e1ch.<\/li>\n<li>Presn\u00e9 ovl\u00e1danie: Prostredn\u00edctvom hydraulick\u00e9ho syst\u00e9mu dok\u00e1\u017ee valec ramena dosiahnu\u0165 presn\u00e9 ovl\u00e1danie pohybu, v\u010faka \u010domu je ovl\u00e1danie pripojen\u00e9ho n\u00e1radia flexibilnej\u0161ie a presnej\u0161ie.<\/li>\n<li>Vysok\u00e1 odolnos\u0165: Valce ramien s\u00fa zvy\u010dajne vyroben\u00e9 z vysoko pevn\u00fdch materi\u00e1lov, maj\u00fa dobr\u00fa odolnos\u0165 vo\u010di opotrebovaniu a kor\u00f3zii a s\u00fa vhodn\u00e9 na dlhodob\u00e9 pou\u017e\u00edvanie v n\u00e1ro\u010dn\u00fdch podmienkach.<\/li>\n<li>Multifunk\u010dn\u00e1 prisp\u00f4sobivos\u0165: Tieto valce sa daj\u00fa \u0161iroko pou\u017e\u00edva\u0165 v r\u00f4znych mechanick\u00fdch zariadeniach, ako s\u00fa bagre, \u017eeriavy a mechanick\u00e9 ramen\u00e1, a dok\u00e1\u017eu sa prisp\u00f4sobi\u0165 r\u00f4znym pracovn\u00fdm po\u017eiadavk\u00e1m.<\/li>\n<li>Jednoduch\u00e1 \u00fadr\u017eba: Kon\u0161trukcia zoh\u013ead\u0148uje jednoduch\u00fa \u00fadr\u017ebu a v\u00fdmenu, v\u010faka \u010domu je pravideln\u00e1 kontrola a \u00fadr\u017eba pohodlnej\u0161ia a skracuje prestoje zariadenia.<\/li>\n<\/ul>\n<p>Tento produkt vieme vyrobi\u0165 a n\u00e1\u0161 produkt m\u00f4\u017ee by\u0165 perfektnou n\u00e1hradou za tieto hydraulick\u00e9 valce.<\/p>\n<p><img decoding=\"async\" src=\"https:\/\/www.hydraulic-cylinders.net\/wp-content\/uploads\/2025\/01\/songte-oil-pipes-and-spare-parts.webp\" alt=\"Olejov\u00e9 potrubia a n\u00e1hradn\u00e9 diely\"><\/p>\n<h3>Aplik\u00e1cie<\/h3>\n<p>Valec ramena sa \u0161iroko pou\u017e\u00edva v r\u00f4znych oblastiach, ako napr\u00edklad:<\/p>\n<ul>\n<li>Stavebn\u00e9 kon\u0161trukcie: V bagroch a \u017eeriavoch sa valec ramena pou\u017e\u00edva na ovl\u00e1danie pohybu vedra alebo v\u00fdlo\u017en\u00edka pri zemn\u00fdch pr\u00e1cach, manipul\u00e1cii s materi\u00e1lom a mont\u00e1\u017ei kon\u0161trukci\u00ed.<\/li>\n<li>V\u00fdroba: V automatizovan\u00fdch v\u00fdrobn\u00fdch link\u00e1ch sa valec ramena pou\u017e\u00edva na pohyb mechanick\u00fdch ramien pri mont\u00e1\u017enych, zv\u00e1rac\u00edch a manipula\u010dn\u00fdch procesoch, \u010d\u00edm sa zlep\u0161uje efektivita a presnos\u0165 v\u00fdroby.<\/li>\n<li>Po\u013enohospod\u00e1rske stroje: V po\u013enohospod\u00e1rskych strojoch, ako s\u00fa zbera\u010de a seja\u010dky, riadi valec ramena pohyb ovl\u00e1dacieho ramena pri \u00faloh\u00e1ch, ako je siatie, hnojenie a zber \u00farody.<\/li>\n<li>\u0164a\u017eba: V bansk\u00fdch zariadeniach sa valec ramena pou\u017e\u00edva na ovl\u00e1danie pohybu ramena bansk\u00e9ho zariadenia na \u0165a\u017ebu a prepravu rudy.<\/li>\n<li>Logistika a doprava: Vo vysokozdvi\u017en\u00fdch voz\u00edkoch a manipula\u010dn\u00fdch robotoch sa valec ramena pou\u017e\u00edva na ovl\u00e1danie zdv\u00edhania a pohybu n\u00e1kladnej vidlice, \u010d\u00edm sa realizuje manipul\u00e1cia a stohovanie materi\u00e1lov.<\/li>\n<\/ul>\n<h3>\u00davahy o dizajne a krit\u00e9ri\u00e1 v\u00fdberu<\/h3>\n<p>Pri navrhovan\u00ed a v\u00fdbere valcov ramena by sa mali zv\u00e1\u017ei\u0165 nasleduj\u00face faktory:<\/p>\n<h4>Nosnos\u0165<\/h4>\n<p>Valec ramena mus\u00ed by\u0165 schopn\u00fd odola\u0165 maxim\u00e1lnemu za\u0165a\u017eeniu mechanick\u00e9ho ramena a pripojen\u00e9ho n\u00e1stroja alebo pr\u00edslu\u0161enstva.<\/p>\n<h4>Tesnenie<\/h4>\n<p>Pou\u017eitie r\u00f4znych tesnen\u00ed, ako s\u00fa tesnenia piestov a tesnenia ty\u010d\u00ed, vyroben\u00fdch z materi\u00e1lov odoln\u00fdch vo\u010di opotrebovaniu, ako je polyuret\u00e1n a nitrilov\u00fd kau\u010duk, m\u00f4\u017ee \u00fa\u010dinne zabr\u00e1ni\u0165 \u00faniku a zabezpe\u010di\u0165 tesniaci v\u00fdkon valca.<\/p>\n<h4>Trvanlivos\u0165<\/h4>\n<p>Telo valca ramena je zvy\u010dajne vyroben\u00e9 z vysokopevnostn\u00fdch materi\u00e1lov a povrchy valca a z\u00e1vitov\u00fdch koncov s\u00fa jemne upraven\u00e9, aby sa zlep\u0161ila odolnos\u0165 proti opotrebovaniu a kor\u00f3zii, \u010do zabezpe\u010duje dlhodob\u00e9 pou\u017e\u00edvanie v n\u00e1ro\u010dn\u00fdch podmienkach.<\/p>\n<h4>Bezpe\u010dnos\u0165<\/h4>\n<p>Valec ramena mus\u00ed sp\u013a\u0148a\u0165 bezpe\u010dnostn\u00e9 po\u017eiadavky, ako je zabr\u00e1nenie pre\u0165a\u017eeniu a zabezpe\u010denie stabilnej prev\u00e1dzky.<\/p>\n<h4>Udr\u017eiavate\u013enos\u0165<\/h4>\n<p>Kon\u0161trukcia by mala zoh\u013ead\u0148ova\u0165 jednoduch\u00fa \u00fadr\u017ebu a v\u00fdmenu vr\u00e1tane \u013eahk\u00e9ho pr\u00edstupu k valcu na kontrolu a \u00fadr\u017ebu a jednoduchej v\u00fdmeny tesnen\u00ed a in\u00fdch komponentov.<\/p>\n<p><img decoding=\"async\" src=\"https:\/\/www.hydraulic-cylinders.net\/wp-content\/uploads\/2025\/01\/songte-cylinder-head-with-all-kinds-excavator-models.webp\" alt=\"Hlava valcov\"><\/p>\n<h3>Tesnenie a mazanie<\/h3>\n<p>R\u00f4zne tesnenia, ako s\u00fa tesnenia piestov a tesnenia ty\u010d\u00ed, vyroben\u00e9 z materi\u00e1lov odoln\u00fdch vo\u010di opotrebovaniu, ako je polyuret\u00e1n a nitrilov\u00fd kau\u010duk, m\u00f4\u017eu \u00fa\u010dinne zabr\u00e1ni\u0165 \u00faniku a zabezpe\u010di\u0165 tesniaci v\u00fdkon valca. Teleso valca a povrchy z\u00e1vitov\u00fdch koncov s\u00fa jemne o\u0161etren\u00e9, aby sa zlep\u0161ila odolnos\u0165 vo\u010di opotrebovaniu a kor\u00f3zii. Na mazanie je potrebn\u00e9 pravidelne prid\u00e1va\u0165 primeran\u00e9 mno\u017estvo hydraulick\u00e9ho oleja.<\/p>\n<h3>\u00dadr\u017eba a opravy<\/h3>\n<p>Pravideln\u00e1 kontrola a prevent\u00edvna \u00fadr\u017eba m\u00f4\u017eu pred\u013a\u017ei\u0165 \u017eivotnos\u0165 valcov ramena. Mali by sa prija\u0165 tieto opatrenia:<\/p>\n<ul>\n<li>Pravidelne kontrolujte tesnosti a opotrebovanie a v\u010das vyme\u0148te po\u0161koden\u00e9 tesnenia alebo in\u00e9 komponenty.<\/li>\n<li>Pravidelne \u010distite telo valca a povrchy z\u00e1vitov\u00fdch koncov, aby ste predi\u0161li kontamin\u00e1cii.<\/li>\n<li>Pravidelne prid\u00e1vajte primeran\u00e9 mno\u017estvo hydraulick\u00e9ho oleja na mazanie.<\/li>\n<li>Pravidelne kontrolujte poistn\u00fd ventil a \u010fal\u0161ie bezpe\u010dnostn\u00e9 komponenty, aby ste zabezpe\u010dili ich spo\u013eahliv\u00fa prev\u00e1dzku.<\/li>\n<li>Pravidelne kontrolujte spojenie medzi valcom a strojom, aby ste sa uistili, \u017ee je pevn\u00e9 a stabiln\u00e9.<\/li>\n<\/ul>\n<p><img decoding=\"async\" src=\"https:\/\/www.hydraulic-cylinders.net\/wp-content\/uploads\/2025\/01\/songte-chushion-collar.webp\" alt=\"Vank\u00fa\u0161ov\u00fd golier\"><\/p>\n<h3>In\u0161tala\u010dn\u00e1 pr\u00edru\u010dka<\/h3>\n<ol>\n<li>Uistite sa, \u017ee valec a stroj s\u00fa \u010dist\u00e9 a bez ne\u010dist\u00f4t.<\/li>\n<li>Nain\u0161talujte tlmiaci golier na koniec valca.<\/li>\n<li>Pripojte valec k stroju a uistite sa, \u017ee spojenie je pevn\u00e9 a stabiln\u00e9.<\/li>\n<li>Napl\u0148te valec hydraulick\u00fdm olejom.<\/li>\n<li>Otestujte valec, aby ste sa uistili, \u017ee funguje hladko a bez \u00fanikov.<\/li>\n<\/ol>\n<h3>Bezpe\u010dnostn\u00e9 a environment\u00e1lne aspekty<\/h3>\n<p>Pri pou\u017e\u00edvan\u00ed valcov s ramenom by sa mali prija\u0165 bezpe\u010dnostn\u00e9 opatrenia, aby sa predi\u0161lo nehod\u00e1m, ako je pre\u0165a\u017eenie alebo nestabiln\u00e1 prev\u00e1dzka. Tieto valce by sa mali likvidova\u0165 sp\u00f4sobom \u0161etrn\u00fdm k \u017eivotn\u00e9mu prostrediu, aby sa predi\u0161lo zne\u010disteniu.<\/p>\n<h3>Rie\u0161enie probl\u00e9mov a be\u017en\u00e9 probl\u00e9my<\/h3>\n<p>Medzi be\u017en\u00e9 probl\u00e9my s valcami ramena patria netesnosti, po\u0161kodenie tesnen\u00ed alebo in\u00fdch komponentov a poruchy poistn\u00fdch ventilov alebo in\u00fdch bezpe\u010dnostn\u00fdch komponentov. Na efekt\u00edvnu diagnostiku a rie\u0161enie t\u00fdchto probl\u00e9mov by ste mali dodr\u017eiava\u0165 nasleduj\u00face tipy:<\/p>\n<ul>\n<li>Skontrolujte tesnos\u0165 a skontrolujte tesnenia a ostatn\u00e9 komponenty, \u010di nie s\u00fa po\u0161koden\u00e9.<\/li>\n<li>Skontrolujte spr\u00e1vnu funkciu poistn\u00e9ho ventilu a ostatn\u00fdch bezpe\u010dnostn\u00fdch komponentov.<\/li>\n<li>Skontrolujte spojenie medzi valcom a strojom, \u010di je pevn\u00e9 a stabiln\u00e9.<\/li>\n<li>Pokyny na rie\u0161enie probl\u00e9mov a opravu n\u00e1jdete v n\u00e1vode na obsluhu od v\u00fdrobcu.<\/li>\n<\/ul>\n<p>Aby sa predi\u0161lo potenci\u00e1lnym probl\u00e9mom, mala by sa vykon\u00e1va\u0165 pravideln\u00e1 kontrola a prevent\u00edvna \u00fadr\u017eba.<\/p>\n<p><img decoding=\"async\" src=\"https:\/\/www.hydraulic-cylinders.net\/wp-content\/uploads\/2025\/01\/songte-bushings-with-all-kinds-of-excavator-models.webp\" alt=\"Puzdr\u00e1\"><\/p>\n<h3>O n\u00e1s<\/h3>\n<p>Sme profesion\u00e1lny v\u00fdrobca n\u00e1hradn\u00fdch hydraulick\u00fdch valcov so \u0161irokou \u0161k\u00e1lou produktov a stali sme sa jedn\u00fdm z popredn\u00fdch v\u00fdrobcov a ve\u013ekoobchodn\u00fdch distrib\u00fatorov hydraulick\u00fdch valcov na dom\u00e1com aj medzin\u00e1rodnom trhu. V\u017edy dodr\u017eiavame z\u00e1sadu vynikaj\u00facej kvality a spoliehame sa na strat\u00e9giu industrializovan\u00e9ho riadenia v\u00fdroby na\u0161ich sofistikovan\u00fdch v\u00fdrobn\u00fdch dieln\u00ed, aby sme neust\u00e1le zlep\u0161ovali na\u0161u technick\u00fa \u00farove\u0148 a efekt\u00edvnos\u0165 v\u00fdroby. Zav\u00e1dzan\u00edm \u0161pi\u010dkov\u00fdch digit\u00e1lnych v\u00fdrobn\u00fdch zariaden\u00ed a profesion\u00e1lnych detek\u010dn\u00fdch syst\u00e9mov neust\u00e1le optimalizujeme na\u0161u v\u00fdrobn\u00fa platformu, zlep\u0161ujeme proces kontroly kvality na\u0161ich v\u00fdrobkov a m\u00e1me siln\u00e9 inova\u010dn\u00e9 schopnosti. Na\u0161\u00edm cie\u013eom je uspokoji\u0165 rozmanit\u00e9 potreby z\u00e1kazn\u00edkov so z\u00e1sadami efekt\u00edvnosti, presnosti a vysokej kvality.<\/p>\n<h4>Profesionalita<\/h4>\n<p>M\u00e1me t\u00edm sk\u00fasen\u00fdch in\u017einierov a technikov, ktor\u00ed dok\u00e1\u017eu poskytn\u00fa\u0165 profesion\u00e1lne slu\u017eby vr\u00e1tane z\u00e1kazkov\u00e9ho n\u00e1vrhu a v\u00fdroby, kontroly kvality a technickej podpory.<\/p>\n<h4>Medzin\u00e1rodn\u00e1 certifik\u00e1cia<\/h4>\n<p>Na\u0161e v\u00fdrobky z\u00edskali medzin\u00e1rodn\u00e9 certifik\u00e1ty ako ISO9001 a CE, ktor\u00e9 zaru\u010duj\u00fa ich kvalitu a bezpe\u010dnos\u0165.<\/p>\n<h4>Slu\u017eba prisp\u00f4sobenia<\/h4>\n<p>M\u00f4\u017eeme poskytn\u00fa\u0165 slu\u017eby na mieru pod\u013ea \u0161pecifick\u00fdch po\u017eiadaviek z\u00e1kazn\u00edkov vr\u00e1tane v\u00fdberu materi\u00e1lu, tesniaceho v\u00fdkonu a \u010fal\u0161\u00edch technick\u00fdch parametrov.<\/p>\n<h4>V\u00fdrobn\u00e9 zariadenia<\/h4>\n<p>Disponujeme modern\u00fdm v\u00fdrobn\u00fdm a testovac\u00edm vybaven\u00edm vr\u00e1tane CNC obr\u00e1bac\u00edch centier, automatick\u00fdch zv\u00e1ra\u010diek a hydraulick\u00fdch testovac\u00edch stan\u00edc, ktor\u00e9 zabezpe\u010duj\u00fa presnos\u0165 a spo\u013eahlivos\u0165 na\u0161ich produktov.<\/p>\n<h4>Popredajn\u00fd servis<\/h4>\n<p>Poskytujeme vynikaj\u00faci popredajn\u00fd servis vr\u00e1tane technickej podpory, \u00fadr\u017eby produktov a opr\u00e1v, aby sme zabezpe\u010dili spokojnos\u0165 z\u00e1kazn\u00edkov.<\/p>\n<p><img decoding=\"async\" src=\"https:\/\/www.hydraulic-cylinders.net\/wp-content\/uploads\/2025\/01\/songte-company-4.webp\" alt=\"Spolo\u010dnos\u0165\"><\/p>\n<p><img decoding=\"async\" src=\"https:\/\/www.hydraulic-cylinders.net\/wp-content\/uploads\/2025\/01\/songte-company-3.webp\" alt=\"Spolo\u010dnos\u0165\"><\/p>\n<p>Autor: lyl.<\/p>","protected":false},"excerpt":{"rendered":"<p>Arm Cylinder For Case Middle Excavator CX210B Introduction The arm cylinder is a specially designed hydraulic cylinder used to provide linear motion and power to the arms of various machines, such as excavators, cranes, and mechanical arms. The arm cylinder plays a crucial role in hydraulic systems, allowing for efficient movement and control of attached [&hellip;]<\/p>","protected":false},"featured_media":14774,"comment_status":"open","ping_status":"closed","template":"","meta":{"_et_pb_use_builder":"","_et_pb_old_content":"","_et_gb_content_width":""},"product_brand":[],"product_cat":[1497],"product_tag":[1498,1496],"class_list":{"0":"post-16651","1":"product","2":"type-product","3":"status-publish","4":"has-post-thumbnail","6":"product_cat-arm-cylinders","7":"product_tag-arm-cylinders","8":"product_tag-hydraulic-cylinders","10":"first","11":"instock","12":"shipping-taxable","13":"product-type-simple"},"amp_enabled":true,"_links":{"self":[{"href":"https:\/\/www.hydraulic-cylinders.net\/sk\/wp-json\/wp\/v2\/product\/16651","targetHints":{"allow":["GET"]}}],"collection":[{"href":"https:\/\/www.hydraulic-cylinders.net\/sk\/wp-json\/wp\/v2\/product"}],"about":[{"href":"https:\/\/www.hydraulic-cylinders.net\/sk\/wp-json\/wp\/v2\/types\/product"}],"replies":[{"embeddable":true,"href":"https:\/\/www.hydraulic-cylinders.net\/sk\/wp-json\/wp\/v2\/comments?post=16651"}],"wp:featuredmedia":[{"embeddable":true,"href":"https:\/\/www.hydraulic-cylinders.net\/sk\/wp-json\/wp\/v2\/media\/14774"}],"wp:attachment":[{"href":"https:\/\/www.hydraulic-cylinders.net\/sk\/wp-json\/wp\/v2\/media?parent=16651"}],"wp:term":[{"taxonomy":"product_brand","embeddable":true,"href":"https:\/\/www.hydraulic-cylinders.net\/sk\/wp-json\/wp\/v2\/product_brand?post=16651"},{"taxonomy":"product_cat","embeddable":true,"href":"https:\/\/www.hydraulic-cylinders.net\/sk\/wp-json\/wp\/v2\/product_cat?post=16651"},{"taxonomy":"product_tag","embeddable":true,"href":"https:\/\/www.hydraulic-cylinders.net\/sk\/wp-json\/wp\/v2\/product_tag?post=16651"}],"curies":[{"name":"pracovn\u00fd list","href":"https:\/\/api.w.org\/{rel}","templated":true}]}}