{"id":16653,"date":"2025-01-21T05:44:26","date_gmt":"2025-01-21T05:44:26","guid":{"rendered":"https:\/\/www.hydraulic-cylinders.net\/product\/arm-cylinder-for-case-middle-excavator-cx220b\/"},"modified":"2025-01-21T05:44:28","modified_gmt":"2025-01-21T05:44:28","slug":"arm-cylinder-for-case-middle-excavator-cx220b","status":"publish","type":"product","link":"https:\/\/www.hydraulic-cylinders.net\/sk\/produkt\/arm-cylinder-for-case-middle-excavator-cx220b\/","title":{"rendered":"Valec ramena pre stredn\u00fd bager Case CX220B"},"content":{"rendered":"<p>Valec ramena pre stredn\u00fd bager Case CX220B<\/p>\n<p>\u00davod:<br \/>\nHydraulick\u00fd valec ramena je \u0161pecializovan\u00fd hydraulick\u00fd valec ur\u010den\u00fd na zabezpe\u010denie line\u00e1rneho pohybu a v\u00fdkonu pre r\u00f4zne typy strojov, ako s\u00fa r\u00fdpadl\u00e1, \u017eeriavy a mechanick\u00e9 ramen\u00e1. Hydraulick\u00fd valec ramena zohr\u00e1va k\u013e\u00fa\u010dov\u00fa \u00falohu v hydraulickom syst\u00e9me t\u00fdm, \u017ee umo\u017e\u0148uje efekt\u00edvny pohyb a ovl\u00e1danie pr\u00edslu\u0161enstva a pr\u00edslu\u0161enstva. Tieto valce nielen umo\u017e\u0148uj\u00fa plynul\u00e9 pohyby, ale tie\u017e odol\u00e1vaj\u00fa \u0165a\u017ek\u00fdm za\u0165a\u017eeniam, \u010d\u00edm zabezpe\u010duj\u00fa efekt\u00edvnu prev\u00e1dzku a spo\u013eahlivos\u0165 strojov za r\u00f4znych prev\u00e1dzkov\u00fdch podmienok.<\/p>\n<p>Vlastnosti:<br \/>\n1. Efekt\u00edvny prenos sily: Valce ramien poskytuj\u00fa siln\u00fd line\u00e1rny pohyb a silu, \u010d\u00edm zabezpe\u010duj\u00fa efekt\u00edvny v\u00fdkon mechanick\u00fdch ramien pri r\u00f4znych oper\u00e1ci\u00e1ch.<br \/>\n2. Presn\u00e9 ovl\u00e1danie: V\u010faka pou\u017eitiu hydraulick\u00fdch syst\u00e9mov m\u00f4\u017eu valce ramena dosiahnu\u0165 presn\u00e9 ovl\u00e1danie pohybu, \u010d\u00edm sa prev\u00e1dzka pr\u00edslu\u0161enstva st\u00e1va flexibilnej\u0161ou a presnej\u0161ou.<br \/>\n3. Vysok\u00e1 odolnos\u0165: Valce ramien s\u00fa zvy\u010dajne vyroben\u00e9 z vysokopevnostn\u00fdch materi\u00e1lov s dobrou odolnos\u0165ou vo\u010di opotrebovaniu a kor\u00f3zii, v\u010faka \u010domu s\u00fa vhodn\u00e9 na dlhodob\u00e9 pou\u017e\u00edvanie v n\u00e1ro\u010dn\u00fdch podmienkach.<br \/>\n4. V\u0161estrann\u00e1 prisp\u00f4sobivos\u0165: Tieto valce sa daj\u00fa \u0161iroko pou\u017e\u00edva\u0165 v r\u00f4znych mechanick\u00fdch zariadeniach, ako s\u00fa bagre, \u017eeriavy a mechanick\u00e9 ramen\u00e1, aby sp\u013a\u0148ali r\u00f4zne po\u017eiadavky na pr\u00e1cu.<br \/>\n5. Jednoduch\u00e1 \u00fadr\u017eba: Valce ramien s\u00fa navrhnut\u00e9 s oh\u013eadom na jednoduch\u00fa \u00fadr\u017ebu a v\u00fdmenu a u\u013eah\u010duj\u00fa pravideln\u00fa kontrolu a \u00fadr\u017ebu, \u010d\u00edm sa skracuj\u00fa prestoje zariadenia.<\/p>\n<p>Aplik\u00e1cie:<br \/>\n1. Stavebn\u00e9 in\u017einierstvo: V bagroch a \u017eeriavoch sa valce ramien pou\u017e\u00edvaj\u00fa na ovl\u00e1danie pohybu vedier alebo v\u00fdlo\u017en\u00edkov pri zemn\u00fdch pr\u00e1cach, manipul\u00e1cii s materi\u00e1lom a mont\u00e1\u017ei kon\u0161trukci\u00ed.<br \/>\n2. V\u00fdroba: V automatizovan\u00fdch v\u00fdrobn\u00fdch link\u00e1ch sa valce ramien pou\u017e\u00edvaj\u00fa na pohyb mechanick\u00fdch ramien pri mont\u00e1\u017enych, zv\u00e1rac\u00edch a manipula\u010dn\u00fdch procesoch, \u010d\u00edm sa zlep\u0161uje efektivita a presnos\u0165 v\u00fdroby.<br \/>\n3. Po\u013enohospod\u00e1rske stroje: V po\u013enohospod\u00e1rskych strojoch, ako s\u00fa zbera\u010de a seja\u010dky, riadia valce ramien pohyb ovl\u00e1dac\u00edch ramien na vykon\u00e1vanie \u00faloh, ako je siatie, hnojenie a zber \u00farody.<br \/>\n4. \u0164a\u017eba: V bansk\u00fdch zariadeniach sa valce ramien pou\u017e\u00edvaj\u00fa na ovl\u00e1danie pohybu ramien bansk\u00fdch zariaden\u00ed na \u0165a\u017ebu a prepravu rudy.<br \/>\n5. Logistika a doprava: Vo vysokozdvi\u017en\u00fdch voz\u00edkoch a manipula\u010dn\u00fdch robotoch sa valce ramien pou\u017e\u00edvaj\u00fa na ovl\u00e1danie zdv\u00edhania a pohybu vidl\u00edc, \u010d\u00edm sa dosahuje manipul\u00e1cia s materi\u00e1lom a stohovanie.<\/p>\n<p>\u00davahy o dizajne a krit\u00e9ri\u00e1 v\u00fdberu:<br \/>\n1. Nosnos\u0165: Valce ramien musia by\u0165 navrhnut\u00e9 tak, aby odolali maxim\u00e1lnemu za\u0165a\u017eeniu, ktor\u00e9mu bud\u00fa po\u010das prev\u00e1dzky vystaven\u00e9.<br \/>\n2. Tesnenie: Na zabr\u00e1nenie \u00faniku hydraulickej kvapaliny a vniknutiu ne\u010dist\u00f4t sa pou\u017e\u00edvaj\u00fa r\u00f4zne tesniace komponenty, ako s\u00fa tesnenia piestov a tesnenia ty\u010d\u00ed.<br \/>\n3. Trvanlivos\u0165: Valce ramien musia by\u0165 vyroben\u00e9 z materi\u00e1lov s dobrou odolnos\u0165ou vo\u010di opotrebovaniu a kor\u00f3zii, aby sa zabezpe\u010dilo dlhodob\u00e9 pou\u017e\u00edvanie v n\u00e1ro\u010dn\u00fdch podmienkach.<br \/>\n4. Bezpe\u010dnos\u0165: Valce ramien musia by\u0165 navrhnut\u00e9 tak, aby sa predi\u0161lo nehod\u00e1m sp\u00f4soben\u00fdm zlyhan\u00edm alebo poruchou valca.<br \/>\n5. \u00dadr\u017eba: Valce ramien by mali by\u0165 navrhnut\u00e9 pre jednoduch\u00fa \u00fadr\u017ebu a opravy s \u013eahko dostupn\u00fdmi komponentmi a n\u00e1hradn\u00fdmi dielmi.<\/p>\n<p>Tesnenie a mazanie:<br \/>\nNa zabr\u00e1nenie \u00faniku hydraulickej kvapaliny a vniknutiu ne\u010dist\u00f4t sa pou\u017e\u00edvaj\u00fa r\u00f4zne tesniace komponenty, ako s\u00fa tesnenia piestov a tesnenia ty\u010d\u00ed. Valce ramena vy\u017eaduj\u00fa pravideln\u00e9 mazanie vhodn\u00fdm hydraulick\u00fdm olejom, aby sa zachoval v\u00fdkon a \u017eivotnos\u0165.<\/p>\n<p>Prevent\u00edvna \u00fadr\u017eba a rie\u0161enie probl\u00e9mov:<br \/>\nPravideln\u00e1 kontrola a \u00fadr\u017eba valca ramena je nevyhnutn\u00e1 na zabezpe\u010denie nepretr\u017eitej efekt\u00edvnej prev\u00e1dzky. Medzi be\u017en\u00e9 probl\u00e9my s prev\u00e1dzkou valca ramena patr\u00ed \u00fanik hydraulickej kvapaliny, nadmern\u00e9 opotrebovanie valca a po\u0161kodenie piestnej ty\u010de. Postupy odstra\u0148ovania probl\u00e9mov a opravy by sa mali dodr\u017eiava\u0165 pod\u013ea odpor\u00fa\u010dan\u00ed v\u00fdrobcu, aby sa zachoval v\u00fdkon valca ramena a predi\u0161lo sa potenci\u00e1lnym probl\u00e9mom.<\/p>\n<p>Sprievodca in\u0161tal\u00e1ciou:<br \/>\n1. Vy\u010distite v\u0161etky mont\u00e1\u017ene povrchy a uistite sa, \u017ee s\u00fa bez hrdze, ne\u010dist\u00f4t a \u00falomkov.<br \/>\n2. Zarovnajte dr\u017eiak valca ramena s upev\u0148ovac\u00edm bodom na stroji a zaistite ho vhodn\u00fdmi skrutkami alebo upev\u0148ovac\u00edmi prvkami.<br \/>\n3. Connect the hydraulic lines to the arm cylinder according to the manufacturer&#8217;s instructions.<br \/>\n4. Otestujte spr\u00e1vnu funkciu valca vr\u00e1tane plynul\u00e9ho pohybu a vhodnej odozvy na hydraulick\u00e9 ovl\u00e1dacie prvky.<\/p>\n<p>Bezpe\u010dnostn\u00e9 aspekty a faktory prostredia:<br \/>\nPri pr\u00e1ci s hydraulick\u00fdm zariaden\u00edm je potrebn\u00e9 dodr\u017eiava\u0165 bezpe\u010dnostn\u00e9 opatrenia, ako napr\u00edklad nosenie vhodn\u00fdch ochrann\u00fdch prostriedkov a dodr\u017eiavanie odpor\u00fa\u010dan\u00fdch postupov \u00fadr\u017eby a opravy. Faktory prostredia, ako je teplota a vlhkos\u0165, m\u00f4\u017eu ovplyvni\u0165 v\u00fdkon valca ramena a mali by sa zoh\u013eadni\u0165 pri prev\u00e1dzke v extr\u00e9mnych podmienkach.<\/p>\n<p>Sme profesion\u00e1lny v\u00fdrobca alternat\u00edvnych hydraulick\u00fdch valcov a pon\u00fakame \u0161irok\u00fa \u0161k\u00e1lu produktov a slu\u017eieb. Stali sme sa popredn\u00fdm v\u00fdrobcom a ve\u013ekoobchodn\u00fdm distrib\u00fatorom hydraulick\u00fdch valcov na dom\u00e1com aj medzin\u00e1rodnom trhu. V\u017edy sa dr\u017e\u00edme z\u00e1sady vynikaj\u00facej kvality a spoliehame sa na strat\u00e9giu industrializovan\u00e9ho riadenia v\u00fdroby v na\u0161ej sofistikovanej v\u00fdrobnej dielni, aby sme neust\u00e1le zlep\u0161ovali na\u0161u technick\u00fa \u00farove\u0148 a efekt\u00edvnos\u0165 v\u00fdroby. Zav\u00e1dzan\u00edm pokro\u010dil\u00fdch digit\u00e1lnych v\u00fdrobn\u00fdch zariaden\u00ed a profesion\u00e1lnych testovac\u00edch syst\u00e9mov neust\u00e1le optimalizujeme v\u00fdrobn\u00e9 platformy, zlep\u0161ujeme procesy kontroly kvality v\u00fdrobkov a disponujeme siln\u00fdmi inovat\u00edvnymi schopnos\u0165ami. Na\u0161\u00edm cie\u013eom je uspokoji\u0165 rozmanit\u00e9 potreby na\u0161ich z\u00e1kazn\u00edkov s vyu\u017eit\u00edm z\u00e1sad efekt\u00edvnosti, presnosti a vysokej kvality.<\/p>\n<p>Na\u0161a spolo\u010dnos\u0165 m\u00e1 nasleduj\u00face schopnosti:<br \/>\n1. Profesionalita: M\u00e1me t\u00edm sk\u00fasen\u00fdch odborn\u00edkov s odborn\u00fdmi znalos\u0165ami v oblasti n\u00e1vrhu, v\u00fdroby a z\u00e1kazn\u00edckeho servisu hydraulick\u00fdch valcov.<br \/>\n2. Medzin\u00e1rodn\u00e1 certifik\u00e1cia: Na\u0161e v\u00fdrobky sp\u013a\u0148aj\u00fa medzin\u00e1rodn\u00e9 \u0161tandardy kvality a z\u00edskali r\u00f4zne certifik\u00e1cie, ako napr\u00edklad ISO9001 a CE.<br \/>\n3. Slu\u017eby prisp\u00f4sobenia: Poskytujeme rie\u0161enia hydraulick\u00fdch valcov na mieru pod\u013ea po\u017eiadaviek z\u00e1kazn\u00edka.<br \/>\n4. V\u00fdrobn\u00e9 zariadenia: Na zabezpe\u010denie presnosti a efekt\u00edvnosti v\u00fdrobn\u00fdch procesov vyu\u017e\u00edvame pokro\u010dil\u00e9 digit\u00e1lne v\u00fdrobn\u00e9 zariadenia.<br \/>\n5. Popredajn\u00e9 slu\u017eby: M\u00e1me komplexn\u00fd syst\u00e9m popredajn\u00fdch slu\u017eieb vr\u00e1tane technickej podpory, \u00fadr\u017eby a opr\u00e1v.<\/p>\n<p>Autor: lyl.<\/p>","protected":false},"excerpt":{"rendered":"<p>Arm Cylinder for Case Middle Excavator CX220B Introduction: Arm cylinder is a specialized hydraulic cylinder designed to provide linear motion and power for various types of machinery, such as excavators, cranes, and mechanical arms. The arm cylinder plays a crucial role in a hydraulic system by enabling the effective movement and control of attachments and [&hellip;]<\/p>","protected":false},"featured_media":14770,"comment_status":"open","ping_status":"closed","template":"","meta":{"_et_pb_use_builder":"","_et_pb_old_content":"","_et_gb_content_width":""},"product_brand":[],"product_cat":[1497],"product_tag":[1498,1496],"class_list":{"0":"post-16653","1":"product","2":"type-product","3":"status-publish","4":"has-post-thumbnail","6":"product_cat-arm-cylinders","7":"product_tag-arm-cylinders","8":"product_tag-hydraulic-cylinders","10":"first","11":"instock","12":"shipping-taxable","13":"product-type-simple"},"amp_enabled":true,"_links":{"self":[{"href":"https:\/\/www.hydraulic-cylinders.net\/sk\/wp-json\/wp\/v2\/product\/16653","targetHints":{"allow":["GET"]}}],"collection":[{"href":"https:\/\/www.hydraulic-cylinders.net\/sk\/wp-json\/wp\/v2\/product"}],"about":[{"href":"https:\/\/www.hydraulic-cylinders.net\/sk\/wp-json\/wp\/v2\/types\/product"}],"replies":[{"embeddable":true,"href":"https:\/\/www.hydraulic-cylinders.net\/sk\/wp-json\/wp\/v2\/comments?post=16653"}],"wp:featuredmedia":[{"embeddable":true,"href":"https:\/\/www.hydraulic-cylinders.net\/sk\/wp-json\/wp\/v2\/media\/14770"}],"wp:attachment":[{"href":"https:\/\/www.hydraulic-cylinders.net\/sk\/wp-json\/wp\/v2\/media?parent=16653"}],"wp:term":[{"taxonomy":"product_brand","embeddable":true,"href":"https:\/\/www.hydraulic-cylinders.net\/sk\/wp-json\/wp\/v2\/product_brand?post=16653"},{"taxonomy":"product_cat","embeddable":true,"href":"https:\/\/www.hydraulic-cylinders.net\/sk\/wp-json\/wp\/v2\/product_cat?post=16653"},{"taxonomy":"product_tag","embeddable":true,"href":"https:\/\/www.hydraulic-cylinders.net\/sk\/wp-json\/wp\/v2\/product_tag?post=16653"}],"curies":[{"name":"pracovn\u00fd list","href":"https:\/\/api.w.org\/{rel}","templated":true}]}}