{"id":16661,"date":"2025-01-21T05:44:58","date_gmt":"2025-01-21T05:44:58","guid":{"rendered":"https:\/\/www.hydraulic-cylinders.net\/product\/arm-cylinder-for-case-wheel-excavator-wx168\/"},"modified":"2025-01-21T05:45:13","modified_gmt":"2025-01-21T05:45:13","slug":"arm-cylinder-for-case-wheel-excavator-wx168","status":"publish","type":"product","link":"https:\/\/www.hydraulic-cylinders.net\/sk\/produkt\/arm-cylinder-for-case-wheel-excavator-wx168\/","title":{"rendered":"Valec ramena pre kolesov\u00e9 r\u00fdpadlo Case WX168"},"content":{"rendered":"<h1>Valec ramena pre kolesov\u00e9 r\u00fdpadlo Case WX168<\/h1>\n<h2>\u00davod<\/h2>\n<p>Hydraulick\u00fd valec ramena je \u0161peci\u00e1lne navrhnut\u00fd hydraulick\u00fd valec, ktor\u00fd sa prim\u00e1rne pou\u017e\u00edva na zabezpe\u010denie line\u00e1rneho pohybu a v\u00fdkonu ramien r\u00f4znych typov strojov, ako s\u00fa r\u00fdpadl\u00e1, \u017eeriavy a manipul\u00e1tory. Valec ramena hr\u00e1 k\u013e\u00fa\u010dov\u00fa \u00falohu v hydraulickom syst\u00e9me, preto\u017ee umo\u017e\u0148uje efekt\u00edvny pohyb a ovl\u00e1danie \u010fal\u0161\u00edch n\u00e1strojov alebo pr\u00edslu\u0161enstva. Tieto valce nielen zabezpe\u010duj\u00fa plynul\u00fd pohyb, ale tie\u017e nes\u00fa \u0165a\u017ek\u00e9 za\u0165a\u017eenia, \u010d\u00edm zabezpe\u010duj\u00fa efekt\u00edvnu prev\u00e1dzku a spo\u013eahlivos\u0165 strojov za r\u00f4znych prev\u00e1dzkov\u00fdch podmienok.<\/p>\n<p><img decoding=\"async\" src=\"https:\/\/www.hydraulic-cylinders.net\/wp-content\/uploads\/2025\/01\/songte-company-2.webp\" alt=\"Valec ramena pre kolesov\u00e9 r\u00fdpadlo Case WX168\"><\/p>\n<h2>Funkcie<\/h2>\n<ul>\n<li>Vysoko \u00fa\u010dinn\u00fd prenos sily: Valec ramena poskytuje siln\u00fd line\u00e1rny pohyb a silu, \u010d\u00edm zais\u0165uje vysok\u00fd v\u00fdkon ramena stroja pri r\u00f4znych oper\u00e1ci\u00e1ch.<\/li>\n<li>Presn\u00e9 ovl\u00e1danie: Prostredn\u00edctvom hydraulick\u00e9ho syst\u00e9mu dok\u00e1\u017ee valec ramena dosiahnu\u0165 presn\u00e9 ovl\u00e1danie pohybu, v\u010faka \u010domu je ovl\u00e1danie pr\u00eddavn\u00fdch n\u00e1strojov flexibilnej\u0161ie a presnej\u0161ie.<\/li>\n<li>Vysok\u00e1 odolnos\u0165: Valce ramien s\u00fa zvy\u010dajne vyroben\u00e9 z vysoko pevn\u00fdch materi\u00e1lov a maj\u00fa dobr\u00fa odolnos\u0165 proti opotrebovaniu a kor\u00f3zii, v\u010faka \u010domu s\u00fa vhodn\u00e9 na dlhodob\u00e9 pou\u017e\u00edvanie v n\u00e1ro\u010dn\u00fdch podmienkach.<\/li>\n<li>Viacn\u00e1sobn\u00e1 funk\u010dn\u00e1 prisp\u00f4sobivos\u0165: Tieto valce sa daj\u00fa \u0161iroko pou\u017e\u00edva\u0165 v r\u00f4znych mechanick\u00fdch zariadeniach, ako s\u00fa bagre, \u017eeriavy a manipul\u00e1tory, a prisp\u00f4sobuj\u00fa sa r\u00f4znym pracovn\u00fdm po\u017eiadavk\u00e1m.<\/li>\n<li>Jednoduch\u00e1 \u00fadr\u017eba: D\u00f4raz sa kl\u00e1dol na jednoduch\u00fa \u00fadr\u017ebu a v\u00fdmenu, v\u010faka \u010domu s\u00fa pravideln\u00e9 kontroly a \u00fadr\u017eba pohodlnej\u0161ie a prestoje zariaden\u00ed sa skracuj\u00fa.<\/li>\n<\/ul>\n<p>Tento produkt vieme vyrobi\u0165 a n\u00e1\u0161 produkt dok\u00e1\u017ee dokonale nahradi\u0165 tieto hydraulick\u00e9 valce.<\/p>\n<p><img decoding=\"async\" src=\"https:\/\/www.hydraulic-cylinders.net\/wp-content\/uploads\/2025\/01\/songte-oil-pipes-and-spare-parts.webp\" alt=\"Valec ramena pre kolesov\u00e9 r\u00fdpadlo Case WX168\"><\/p>\n<h2>Aplik\u00e1cie<\/h2>\n<p>Valec ramena m\u00e1 \u0161irok\u00e9 uplatnenie v r\u00f4znych odvetviach:<\/p>\n<ul>\n<li>Stavebn\u00e9 in\u017einierstvo: V bagroch a \u017eeriavoch sa valec ramena pou\u017e\u00edva na ovl\u00e1danie pohybu r\u00fdpadiel alebo v\u00fdlo\u017en\u00edkov pri zemn\u00fdch pr\u00e1cach, manipul\u00e1cii s materi\u00e1lom a mont\u00e1\u017ei kon\u0161trukci\u00ed.<\/li>\n<li>V\u00fdroba: V automatizovan\u00fdch v\u00fdrobn\u00fdch link\u00e1ch sa valec ramena pou\u017e\u00edva na pohyb manipul\u00e1torov, mont\u00e1\u017e, zv\u00e1ranie a manipula\u010dn\u00e9 procesy s cie\u013eom zlep\u0161i\u0165 efektivitu a presnos\u0165 v\u00fdroby.<\/li>\n<li>Po\u013enohospod\u00e1rske stroje: V po\u013enohospod\u00e1rskych strojoch, ako s\u00fa zbera\u010de a seja\u010dky, riadi valec ramena pohyb ovl\u00e1dac\u00edch ramien pri \u00faloh\u00e1ch, ako je siatie, hnojenie a zber \u00farody.<\/li>\n<li>\u0164a\u017eba: V bansk\u00fdch zariadeniach sa valec ramena pou\u017e\u00edva na ovl\u00e1danie pohybu ramena bansk\u00e9ho zariadenia na \u0165a\u017ebu a manipul\u00e1ciu s rudami.<\/li>\n<li>Logistika a doprava: Vo vysokozdvi\u017en\u00fdch voz\u00edkoch a manipula\u010dn\u00fdch robotoch sa valec ramena pou\u017e\u00edva na ovl\u00e1danie zdv\u00edhania a pohybu vidl\u00edc, \u010d\u00edm sa realizuje manipul\u00e1cia s materi\u00e1lom a stohovanie.<\/li>\n<\/ul>\n<h2>\u00davahy o dizajne a \u0161tandardy v\u00fdberu<\/h2>\n<ul>\n<li>Bearing capacity: The arm cylinder&#8217;s bearing capacity should be able to withstand the maximum load that the machinery might experience during operation.<\/li>\n<li>Tesnenie: Pou\u017e\u00edvaj\u00fa sa r\u00f4zne tesniace komponenty, ako s\u00fa tesniace kr\u00fa\u017eky piestov a tesniace kr\u00fa\u017eky ty\u010d\u00ed, ktor\u00e9 s\u00fa vyroben\u00e9 z materi\u00e1lov odoln\u00fdch vo\u010di opotrebovaniu, ako je polyuret\u00e1n a nitrilov\u00fd kau\u010duk. Teleso valca a z\u00e1vitov\u00e9 koncov\u00e9 plochy s\u00fa jemne opracovan\u00e9 pre zlep\u0161enie odolnosti vo\u010di opotrebovaniu. <\/li>\n<li>Durability: The arm cylinder&#8217;s high-strength material and good wear and corrosion resistance ensure its durability under harsh environmental conditions.<\/li>\n<li>Bezpe\u010dnos\u0165: V hydraulickom syst\u00e9me by mali by\u0165 nain\u0161talovan\u00e9 bezpe\u010dnostn\u00e9 zariadenia, ako s\u00fa poistn\u00e9 ventily, aby sa zabr\u00e1nilo pre\u0165a\u017eeniu a zabezpe\u010dila sa bezpe\u010dn\u00e1 prev\u00e1dzka.<\/li>\n<li>Maintainability: The arm cylinder&#8217;s design should be considered for easy maintenance and replacement, ensuring that regular checks and maintenance are convenient and reducing equipment downtime.<\/li>\n<\/ul>\n<p><img decoding=\"async\" src=\"https:\/\/www.hydraulic-cylinders.net\/wp-content\/uploads\/2025\/01\/songte-cylinder-head-with-all-kinds-excavator-models.webp\" alt=\"Valec ramena pre kolesov\u00e9 r\u00fdpadlo Case WX168\"><\/p>\n<h2>Tesnenie a mazanie<\/h2>\n<p>Valec ramena pou\u017e\u00edva r\u00f4zne tesniace komponenty, ako s\u00fa tesniace kr\u00fa\u017eky piestu a tesniace kr\u00fa\u017eky ty\u010de, ktor\u00e9 s\u00fa vyroben\u00e9 z materi\u00e1lov odoln\u00fdch vo\u010di opotrebovaniu, ako je polyuret\u00e1n a nitrilov\u00fd kau\u010duk. Teleso valca a z\u00e1vitov\u00e9 koncov\u00e9 plochy s\u00fa jemne opracovan\u00e9 pre zlep\u0161enie odolnosti vo\u010di opotrebovaniu. Valec je tie\u017e potrebn\u00e9 pravidelne maza\u0165 vhodn\u00fdm mno\u017estvom hydraulick\u00e9ho oleja, aby sa zabezpe\u010dila hladk\u00e1 prev\u00e1dzka.<\/p>\n<p><img decoding=\"async\" src=\"https:\/\/www.hydraulic-cylinders.net\/wp-content\/uploads\/2025\/01\/songte-chushion-collar.webp\" alt=\"Valec ramena pre kolesov\u00e9 r\u00fdpadlo Case WX168\"><\/p>\n<h2>Pravideln\u00e1 kontrola a prevent\u00edvna \u00fadr\u017eba<\/h2>\n<ul>\n<li>Pravideln\u00e1 kontrola valca ramena s cie\u013eom skontrolova\u0165 netesnosti a po\u0161kodenie tesnen\u00ed alebo tela.<\/li>\n<li>V\u00fdmena opotrebovan\u00fdch alebo po\u0161koden\u00fdch komponentov, ako s\u00fa tesniace kr\u00fa\u017eky piestov alebo tesniace kr\u00fa\u017eky ty\u010d\u00ed.<\/li>\n<li>Kontrola a v\u00fdmena hydraulick\u00e9ho oleja pre udr\u017eanie spr\u00e1vnej hladiny mazania.<\/li>\n<li>Ensuring the hydraulic system&#8217;s safety valves are in good condition and functioning as intended.<\/li>\n<\/ul>\n<h2>In\u0161tala\u010dn\u00e1 pr\u00edru\u010dka<\/h2>\n<p>Refer to the manufacturer&#8217;s instructions for installation of the arm cylinder. Ensure the hydraulic system is turned off before installation, and all components are tightened to the recommended torque. After installation, test the cylinder&#8217;s operation to ensure proper functioning.<\/p>\n<p><img decoding=\"async\" src=\"https:\/\/www.hydraulic-cylinders.net\/wp-content\/uploads\/2025\/01\/songte-bushings-with-all-kinds-of-excavator-models.webp\" alt=\"Valec ramena pre kolesov\u00e9 r\u00fdpadlo Case WX168\"><\/p>\n<h2>Bezpe\u010dnostn\u00e9 aspekty a faktory prostredia<\/h2>\n<p>Pri obsluhe strojov s hydraulick\u00fdmi syst\u00e9mami vr\u00e1tane valca ramena s\u00fa k\u013e\u00fa\u010dov\u00e9 bezpe\u010dnostn\u00e9 opatrenia. V hydraulickom syst\u00e9me by mali by\u0165 nain\u0161talovan\u00e9 bezpe\u010dnostn\u00e9 zariadenia, ako s\u00fa poistn\u00e9 ventily, aby sa zabr\u00e1nilo pre\u0165a\u017eeniu a zabezpe\u010dila sa bezpe\u010dn\u00e1 prev\u00e1dzka. Pokia\u013e ide o environment\u00e1lne faktory, valec ramena by sa mal riadne zlikvidova\u0165 alebo recyklova\u0165, aby sa predi\u0161lo po\u0161kodeniu \u017eivotn\u00e9ho prostredia.<\/p>\n<h2>Rie\u0161enie probl\u00e9mov a be\u017en\u00e9 probl\u00e9my<\/h2>\n<p>Common problems with the arm cylinder include oil leaks and a decrease in performance caused by worn seals or other damaged components. If such issues arise, refer to the manufacturer&#8217;s instructions to diagnose and solve the problem.<\/p>\n<h2>Z\u00e1ver<\/h2>\n<p>Sme profesion\u00e1lny v\u00fdrobca n\u00e1hradn\u00fdch hydraulick\u00fdch valcov a na\u0161e produkty nahradili \u0161irok\u00fa \u0161k\u00e1lu hydraulick\u00fdch valcov. Na\u0161e produkty s\u00fa bohat\u00e9 na sortiment a stali sme sa jedn\u00fdm z popredn\u00fdch v\u00fdrobcov a ve\u013ekoobchodn\u00fdch distrib\u00fatorov hydraulick\u00fdch valcov na dom\u00e1com aj medzin\u00e1rodnom trhu. D\u00f4sledne dodr\u017eiavame princ\u00edp excelentnosti v kvalite a neust\u00e1le zlep\u0161ujeme na\u0161e technol\u00f3gie a efektivitu v\u00fdroby. Zav\u00e1dzan\u00edm \u0161pi\u010dkov\u00fdch digit\u00e1lnych v\u00fdrobn\u00fdch zariaden\u00ed a profesion\u00e1lnych testovac\u00edch syst\u00e9mov optimalizujeme na\u0161u v\u00fdrobn\u00fa platformu a zlep\u0161ujeme proces kontroly kvality na\u0161ich produktov, \u010d\u00edm sa st\u00e1vame vysoko inovat\u00edvnou spolo\u010dnos\u0165ou. Na\u0161\u00edm cie\u013eom je uspokojova\u0165 rozmanit\u00e9 potreby na\u0161ich z\u00e1kazn\u00edkov s vysokou efektivitou, presnos\u0165ou a vysoko kvalitn\u00fdmi produktmi.<\/p>\n<p><img decoding=\"async\" src=\"https:\/\/www.hydraulic-cylinders.net\/wp-content\/uploads\/2025\/01\/songte-company-4.webp\" alt=\"Valec ramena pre kolesov\u00e9 r\u00fdpadlo Case WX168\"><br \/>\n<img decoding=\"async\" src=\"https:\/\/www.hydraulic-cylinders.net\/wp-content\/uploads\/2025\/01\/songte-company-3.webp\" alt=\"Valec ramena pre kolesov\u00e9 r\u00fdpadlo Case WX168\"><\/p>\n<p>Autor: lyl.<\/p>","protected":false},"excerpt":{"rendered":"<p>Arm Cylinder For Case Wheel Excavator WX168 Introduction An arm cylinder is a specially designed hydraulic cylinder that is primarily used to provide linear motion and power to the arms of various types of machinery such as excavators, cranes, and manipulators. The arm cylinder plays a crucial role in the hydraulic system, enabling additional tools [&hellip;]<\/p>","protected":false},"featured_media":14774,"comment_status":"open","ping_status":"closed","template":"","meta":{"_et_pb_use_builder":"","_et_pb_old_content":"","_et_gb_content_width":""},"product_brand":[],"product_cat":[1497],"product_tag":[1498,1496],"class_list":{"0":"post-16661","1":"product","2":"type-product","3":"status-publish","4":"has-post-thumbnail","6":"product_cat-arm-cylinders","7":"product_tag-arm-cylinders","8":"product_tag-hydraulic-cylinders","10":"first","11":"instock","12":"shipping-taxable","13":"product-type-simple"},"amp_enabled":true,"_links":{"self":[{"href":"https:\/\/www.hydraulic-cylinders.net\/sk\/wp-json\/wp\/v2\/product\/16661","targetHints":{"allow":["GET"]}}],"collection":[{"href":"https:\/\/www.hydraulic-cylinders.net\/sk\/wp-json\/wp\/v2\/product"}],"about":[{"href":"https:\/\/www.hydraulic-cylinders.net\/sk\/wp-json\/wp\/v2\/types\/product"}],"replies":[{"embeddable":true,"href":"https:\/\/www.hydraulic-cylinders.net\/sk\/wp-json\/wp\/v2\/comments?post=16661"}],"wp:featuredmedia":[{"embeddable":true,"href":"https:\/\/www.hydraulic-cylinders.net\/sk\/wp-json\/wp\/v2\/media\/14774"}],"wp:attachment":[{"href":"https:\/\/www.hydraulic-cylinders.net\/sk\/wp-json\/wp\/v2\/media?parent=16661"}],"wp:term":[{"taxonomy":"product_brand","embeddable":true,"href":"https:\/\/www.hydraulic-cylinders.net\/sk\/wp-json\/wp\/v2\/product_brand?post=16661"},{"taxonomy":"product_cat","embeddable":true,"href":"https:\/\/www.hydraulic-cylinders.net\/sk\/wp-json\/wp\/v2\/product_cat?post=16661"},{"taxonomy":"product_tag","embeddable":true,"href":"https:\/\/www.hydraulic-cylinders.net\/sk\/wp-json\/wp\/v2\/product_tag?post=16661"}],"curies":[{"name":"pracovn\u00fd list","href":"https:\/\/api.w.org\/{rel}","templated":true}]}}