{"id":16669,"date":"2025-01-21T05:45:42","date_gmt":"2025-01-21T05:45:42","guid":{"rendered":"https:\/\/www.hydraulic-cylinders.net\/product\/arm-cylinder-for-world-small-excavator-w265e-8\/"},"modified":"2025-01-21T05:45:44","modified_gmt":"2025-01-21T05:45:44","slug":"arm-cylinder-for-world-small-excavator-w265e-8","status":"publish","type":"product","link":"https:\/\/www.hydraulic-cylinders.net\/sk\/produkt\/arm-cylinder-for-world-small-excavator-w265e-8\/","title":{"rendered":"Valec ramena pre mal\u00e9 r\u00fdpadlo World W265E-8"},"content":{"rendered":"<h2>Valec ramena pre mal\u00e9 r\u00fdpadlo World W265E-8<\/h2>\n<p><img decoding=\"async\" src=\"https:\/\/www.hydraulic-cylinders.net\/wp-content\/uploads\/2025\/01\/songte-company-2.webp\"><\/p>\n<h3>\u00davod<\/h3>\n<p>Hydraulick\u00fd valec ramena je \u0161peci\u00e1lne navrhnut\u00fd hydraulick\u00fd valec, ktor\u00fd poskytuje line\u00e1rny pohyb a v\u00fdkon ramen\u00e1m r\u00f4znych strojov, ako s\u00fa r\u00fdpadl\u00e1, \u017eeriavy a robotick\u00e9 ramen\u00e1. Zohr\u00e1va k\u013e\u00fa\u010dov\u00fa \u00falohu v hydraulick\u00fdch syst\u00e9moch, preto\u017ee umo\u017e\u0148uje efekt\u00edvny pohyb a ovl\u00e1danie dodato\u010dn\u00fdch n\u00e1strojov alebo pr\u00edslu\u0161enstva. Tieto valce nielen zabezpe\u010duj\u00fa plynul\u00fd pohyb, ale tie\u017e odol\u00e1vaj\u00fa \u0165a\u017ek\u00fdm za\u0165a\u017eeniam, \u010d\u00edm zabezpe\u010duj\u00fa efekt\u00edvnu prev\u00e1dzku a spo\u013eahlivos\u0165 strojov v r\u00f4znych pracovn\u00fdch podmienkach.<\/p>\n<h3>Funkcie<\/h3>\n<ol>\n<li><strong>Vysoko\u00fa\u010dinn\u00fd prenos:<\/strong> Valec ramena poskytuje siln\u00fd line\u00e1rny pohyb a silu, \u010d\u00edm zais\u0165uje vysok\u00fa v\u00fdkonnos\u0165 a efektivitu pri r\u00f4znych oper\u00e1ci\u00e1ch.<\/li>\n<li><strong>Presn\u00e9 ovl\u00e1danie:<\/strong> V\u010faka hydraulick\u00e9mu syst\u00e9mu umo\u017e\u0148uje valec ramena presn\u00e9 ovl\u00e1danie pohybu, v\u010faka \u010domu je ovl\u00e1danie pr\u00eddavn\u00fdch n\u00e1strojov flexibilnej\u0161ie a presnej\u0161ie.<\/li>\n<li><strong>Trvanlivos\u0165:<\/strong> Valce ramien sa zvy\u010dajne vyr\u00e1baj\u00fa z vysokopevnostn\u00fdch materi\u00e1lov, ktor\u00e9 pon\u00fakaj\u00fa vynikaj\u00facu odolnos\u0165 vo\u010di opotrebovaniu a kor\u00f3zii, v\u010faka \u010domu s\u00fa vhodn\u00e9 na dlhodob\u00e9 pou\u017e\u00edvanie v n\u00e1ro\u010dn\u00fdch podmienkach.<\/li>\n<li><strong>Multifunk\u010dn\u00e1 prisp\u00f4sobivos\u0165:<\/strong> Tieto valce sa daj\u00fa \u0161iroko pou\u017e\u00edva\u0165 v r\u00f4znych strojn\u00fdch zariadeniach, ako s\u00fa bagre, \u017eeriavy a robotick\u00e9 ramen\u00e1, a prisp\u00f4sobuj\u00fa sa r\u00f4znym pracovn\u00fdm po\u017eiadavk\u00e1m.<\/li>\n<li><strong>Jednoduch\u00e1 \u00fadr\u017eba:<\/strong> Navrhnut\u00e9 s oh\u013eadom na jednoduch\u00fa \u00fadr\u017ebu a v\u00fdmenu, pravideln\u00e9 kontroly a \u00fadr\u017eba s\u00fa pohodlnej\u0161ie, \u010d\u00edm sa skracuj\u00fa prestoje zariadenia.<\/li>\n<\/ol>\n<p><img decoding=\"async\" src=\"https:\/\/www.hydraulic-cylinders.net\/wp-content\/uploads\/2025\/01\/songte-oil-pipes-and-spare-parts.webp\"><\/p>\n<h3>Aplik\u00e1cie<\/h3>\n<ul>\n<li><strong>Stavebn\u00e9 in\u017einierstvo:<\/strong> V bagroch a \u017eeriavoch sa valec ramena pou\u017e\u00edva na ovl\u00e1danie pohybu vedier alebo v\u00fdlo\u017en\u00edkov pri zemn\u00fdch pr\u00e1cach, manipul\u00e1cii s materi\u00e1lom a mont\u00e1\u017ei kon\u0161trukci\u00ed.<\/li>\n<li><strong>V\u00fdrobn\u00fd priemysel:<\/strong> V automatizovan\u00fdch v\u00fdrobn\u00fdch link\u00e1ch sa valec ramena pou\u017e\u00edva na pohyb robotick\u00fdch ramien, \u010do umo\u017e\u0148uje procesy ako mont\u00e1\u017e, zv\u00e1ranie a manipul\u00e1cia s materi\u00e1lom, \u010d\u00edm sa zlep\u0161uje efektivita a presnos\u0165 v\u00fdroby.<\/li>\n<li><strong>Po\u013enohospod\u00e1rske stroje:<\/strong> V po\u013enohospod\u00e1rskych strojoch, ako s\u00fa zbera\u010de a seja\u010dky, riadi valec ramena pohyb ovl\u00e1dac\u00edch ramien a vykon\u00e1va \u00falohy, ako je siatie, hnojenie a zber \u00farody.<\/li>\n<li><strong>\u0164a\u017eba:<\/strong> V bansk\u00fdch zariadeniach riadi valec ramena pohyb ramena bansk\u00fdch strojov, \u010d\u00edm u\u013eah\u010duje \u0165a\u017ebu a prepravu r\u00fad.<\/li>\n<li><strong>Logistika a doprava:<\/strong> Vo vysokozdvi\u017en\u00fdch voz\u00edkoch a manipula\u010dn\u00fdch robotoch sa valec ramena pou\u017e\u00edva na ovl\u00e1danie zdv\u00edhania a pohybu vidl\u00edc, \u010do umo\u017e\u0148uje manipul\u00e1ciu a stohovanie materi\u00e1lov.<\/li>\n<\/ul>\n<p><img decoding=\"async\" src=\"https:\/\/www.hydraulic-cylinders.net\/wp-content\/uploads\/2025\/01\/songte-cylinder-head-with-all-kinds-excavator-models.webp\"><\/p>\n<h3>\u00davahy o dizajne a krit\u00e9ri\u00e1 v\u00fdberu<\/h3>\n<p>Pri navrhovan\u00ed valcov s ramenom sa zoh\u013ead\u0148uje nieko\u013eko k\u013e\u00fa\u010dov\u00fdch faktorov, ako je nosnos\u0165, tesnenie, odolnos\u0165, bezpe\u010dnos\u0165 a jednoduch\u00e1 \u00fadr\u017eba. Ka\u017ed\u00fd aspekt zohr\u00e1va k\u013e\u00fa\u010dov\u00fa \u00falohu v celkovom v\u00fdkone a spo\u013eahlivosti valca.<\/p>\n<p><img decoding=\"async\" src=\"https:\/\/www.hydraulic-cylinders.net\/wp-content\/uploads\/2025\/01\/songte-chushion-collar.webp\"><\/p>\n<h3>Tesnenie a mazanie<\/h3>\n<p>Valec ramena vyu\u017e\u00edva r\u00f4zne tesniace prvky, ako s\u00fa tesnenia piestov a tesnenia ty\u010d\u00ed vyroben\u00e9 z materi\u00e1lov odoln\u00fdch proti opotrebovaniu, ako je polyuret\u00e1n a nitrilov\u00fd kau\u010duk. Teleso valca a z\u00e1vitov\u00e9 koncov\u00e9 plochy s\u00fa jemne o\u0161etren\u00e9 pre zv\u00fd\u0161enie odolnosti proti opotrebovaniu. Pre zabezpe\u010denie hladk\u00e9ho chodu je potrebn\u00e9 pravideln\u00e9 mazanie vhodn\u00fdm mno\u017estvom hydraulick\u00e9ho oleja.<\/p>\n<h3>Pravideln\u00e1 kontrola a prevent\u00edvna \u00fadr\u017eba<\/h3>\n<p>Pre udr\u017eanie optim\u00e1lneho v\u00fdkonu s\u00fa nevyhnutn\u00e9 pravideln\u00e9 kontroly a prevent\u00edvne \u00fadr\u017eb\u00e1rske opatrenia. Patria sem kontrola ak\u00fdchko\u013evek zn\u00e1mok opotrebovania, \u00faniku alebo po\u0161kodenia a prij\u00edmanie proakt\u00edvnych krokov na rie\u0161enie potenci\u00e1lnych probl\u00e9mov sk\u00f4r, ako sa zhor\u0161ia.<\/p>\n<h3>Sprievodca in\u0161tal\u00e1ciou produktu<\/h3>\n<p>Spr\u00e1vna in\u0161tal\u00e1cia valca ramena je nevyhnutn\u00e1 pre zabezpe\u010denie jeho funk\u010dnosti a dlhej \u017eivotnosti. Postupujte pod\u013ea t\u00fdchto krokov:<\/p>\n<ol>\n<li>Pripravte si potrebn\u00e9 n\u00e1stroje a vybavenie.<\/li>\n<li>Zabezpe\u010dte \u010dist\u00e9 a stabiln\u00e9 pracovn\u00e9 prostredie.<\/li>\n<li>Bezpe\u010dne pripevnite valec ramena k ur\u010den\u00fdm mont\u00e1\u017enym bodom.<\/li>\n<li>Pripojte hydraulick\u00e9 hadice a armat\u00fary pod\u013ea pokynov v\u00fdrobcu.<\/li>\n<li>Vykonajte d\u00f4kladn\u00fa kontrolu, aby ste overili spr\u00e1vnu in\u0161tal\u00e1ciu.<\/li>\n<\/ol>\n<p><img decoding=\"async\" src=\"https:\/\/www.hydraulic-cylinders.net\/wp-content\/uploads\/2025\/01\/songte-bushings-with-all-kinds-of-excavator-models.webp\"><\/p>\n<h3>Bezpe\u010dnostn\u00e9 aspekty a faktory prostredia<\/h3>\n<p>Pri pou\u017e\u00edvan\u00ed valca s ramenom je mimoriadne d\u00f4le\u017eit\u00e9 dodr\u017eiava\u0165 bezpe\u010dnostn\u00e9 opatrenia. Spr\u00e1vne \u0161kolenie, dodr\u017eiavanie bezpe\u010dnostn\u00fdch protokolov a pou\u017e\u00edvanie ochrann\u00fdch prostriedkov s\u00fa nevyhnutn\u00e9 na predch\u00e1dzanie nehod\u00e1m a zabezpe\u010denie bezpe\u010dn\u00e9ho pracovn\u00e9ho prostredia. Okrem toho je na minimaliz\u00e1ciu ak\u00e9hoko\u013evek negat\u00edvneho vplyvu nevyhnutn\u00e9 zoh\u013eadni\u0165 faktory prostredia a dodr\u017eiava\u0165 pr\u00edslu\u0161n\u00e9 predpisy.<\/p>\n<h3>Rie\u0161enie probl\u00e9mov a be\u017en\u00e9 probl\u00e9my<\/h3>\n<p>Napriek ich spo\u013eahlivosti m\u00f4\u017eu valce ramien ob\u010das vykazova\u0165 poruchy. Medzi be\u017en\u00e9 probl\u00e9my patr\u00ed \u00fanik, nerovnomern\u00fd pohyb a strata v\u00fdkonu. Na rie\u0161enie t\u00fdchto probl\u00e9mov:<\/p>\n<ul>\n<li>Skontrolujte, \u010di nie s\u00fa vidite\u013en\u00e9 netesnosti a skontrolujte tesniace prvky.<\/li>\n<li>Zabezpe\u010dte spr\u00e1vne mazanie a skontrolujte hladinu hydraulickej kvapaliny.<\/li>\n<li>Skontrolujte hydraulick\u00fd syst\u00e9m, \u010di nie je zablokovan\u00fd alebo \u010di nie je abnormalita.<\/li>\n<li>Skontrolujte spr\u00e1vnu funkciu regula\u010dn\u00fdch ventilov a nastavenia tlaku.<\/li>\n<\/ul>\n<p><img decoding=\"async\" src=\"https:\/\/www.hydraulic-cylinders.net\/wp-content\/uploads\/2025\/01\/songte-company-4.webp\"><\/p>\n<h3>O n\u00e1s<\/h3>\n<p>Sme profesion\u00e1lny v\u00fdrobca n\u00e1hradn\u00fdch hydraulick\u00fdch valcov a pon\u00fakame \u0161irok\u00fd sortiment produktov. Stali sme sa jedn\u00fdm z popredn\u00fdch v\u00fdrobcov a ve\u013ekoobchodn\u00fdch distrib\u00fatorov hydraulick\u00fdch valcov na dom\u00e1com aj medzin\u00e1rodnom trhu. Dodr\u017eiavame princ\u00edp excelentnosti a neust\u00e1le zlep\u0161ujeme na\u0161e technologick\u00e9 mo\u017enosti a efektivitu v\u00fdroby prostredn\u00edctvom zdokonalen\u00fdch v\u00fdrobn\u00fdch procesov a modern\u00fdch zariaden\u00ed. Zav\u00e1dzan\u00edm \u0161pi\u010dkov\u00fdch digit\u00e1lnych v\u00fdrobn\u00fdch zariaden\u00ed a profesion\u00e1lnych testovac\u00edch syst\u00e9mov optimalizujeme na\u0161u v\u00fdrobn\u00fa platformu a zlep\u0161ujeme kontrolu kvality v\u00fdrobkov. Na\u0161\u00edm cie\u013eom je uspokoji\u0165 rozmanit\u00e9 potreby na\u0161ich z\u00e1kazn\u00edkov s efektivitou, presnos\u0165ou a vysoko kvalitn\u00fdmi produktmi.<\/p>\n<p><img decoding=\"async\" src=\"https:\/\/www.hydraulic-cylinders.net\/wp-content\/uploads\/2025\/01\/songte-company-3.webp\"><\/p>\n<p>Autor: lyl<\/p>","protected":false},"excerpt":{"rendered":"<p>Arm Cylinder For World Small Excavator W265E-8 Introduction The arm cylinder is a specially designed hydraulic cylinder that provides linear motion and power to the arms of various machinery, such as excavators, cranes, and robotic arms. It plays a key role in hydraulic systems, enabling the effective movement and control of additional tools or attachments. [&hellip;]<\/p>","protected":false},"featured_media":14779,"comment_status":"open","ping_status":"closed","template":"","meta":{"_et_pb_use_builder":"","_et_pb_old_content":"","_et_gb_content_width":""},"product_brand":[],"product_cat":[1497],"product_tag":[1498,1496],"class_list":{"0":"post-16669","1":"product","2":"type-product","3":"status-publish","4":"has-post-thumbnail","6":"product_cat-arm-cylinders","7":"product_tag-arm-cylinders","8":"product_tag-hydraulic-cylinders","10":"first","11":"instock","12":"shipping-taxable","13":"product-type-simple"},"amp_enabled":true,"_links":{"self":[{"href":"https:\/\/www.hydraulic-cylinders.net\/sk\/wp-json\/wp\/v2\/product\/16669","targetHints":{"allow":["GET"]}}],"collection":[{"href":"https:\/\/www.hydraulic-cylinders.net\/sk\/wp-json\/wp\/v2\/product"}],"about":[{"href":"https:\/\/www.hydraulic-cylinders.net\/sk\/wp-json\/wp\/v2\/types\/product"}],"replies":[{"embeddable":true,"href":"https:\/\/www.hydraulic-cylinders.net\/sk\/wp-json\/wp\/v2\/comments?post=16669"}],"wp:featuredmedia":[{"embeddable":true,"href":"https:\/\/www.hydraulic-cylinders.net\/sk\/wp-json\/wp\/v2\/media\/14779"}],"wp:attachment":[{"href":"https:\/\/www.hydraulic-cylinders.net\/sk\/wp-json\/wp\/v2\/media?parent=16669"}],"wp:term":[{"taxonomy":"product_brand","embeddable":true,"href":"https:\/\/www.hydraulic-cylinders.net\/sk\/wp-json\/wp\/v2\/product_brand?post=16669"},{"taxonomy":"product_cat","embeddable":true,"href":"https:\/\/www.hydraulic-cylinders.net\/sk\/wp-json\/wp\/v2\/product_cat?post=16669"},{"taxonomy":"product_tag","embeddable":true,"href":"https:\/\/www.hydraulic-cylinders.net\/sk\/wp-json\/wp\/v2\/product_tag?post=16669"}],"curies":[{"name":"pracovn\u00fd list","href":"https:\/\/api.w.org\/{rel}","templated":true}]}}