{"id":16671,"date":"2025-01-21T05:45:50","date_gmt":"2025-01-21T05:45:50","guid":{"rendered":"https:\/\/www.hydraulic-cylinders.net\/product\/arm-cylinder-for-world-small-excavator-w2150-8\/"},"modified":"2025-01-21T05:45:52","modified_gmt":"2025-01-21T05:45:52","slug":"arm-cylinder-for-world-small-excavator-w2150-8","status":"publish","type":"product","link":"https:\/\/www.hydraulic-cylinders.net\/sk\/produkt\/arm-cylinder-for-world-small-excavator-w2150-8\/","title":{"rendered":"Valec ramena pre svetov\u00e9 mal\u00e9 r\u00fdpadlo W2150-8"},"content":{"rendered":"<h1>Valec ramena pre svetov\u00e9 mal\u00e9 r\u00fdpadlo W2150-8<\/h1>\n<h2>\u00davod<\/h2>\n<p>Hydraulick\u00fd valec ramena je \u0161peci\u00e1lne navrhnut\u00fd hydraulick\u00fd valec, ktor\u00fd poskytuje line\u00e1rny pohyb a v\u00fdkon ramen\u00e1m r\u00f4znych typov strojov, ako s\u00fa r\u00fdpadl\u00e1, \u017eeriavy a robotick\u00e9 ramen\u00e1. Hydraulick\u00fd valec ramena zohr\u00e1va k\u013e\u00fa\u010dov\u00fa \u00falohu v hydraulick\u00fdch syst\u00e9moch, preto\u017ee umo\u017e\u0148uje efekt\u00edvny pohyb a ovl\u00e1danie pr\u00edslu\u0161enstva alebo pr\u00edslu\u0161enstva. Tieto valce nielen zabezpe\u010duj\u00fa plynul\u00fd pohyb, ale s\u00fa tie\u017e schopn\u00e9 unies\u0165 \u0165a\u017ek\u00e9 bremen\u00e1, \u010d\u00edm zabezpe\u010duj\u00fa efekt\u00edvnu prev\u00e1dzku a spo\u013eahlivos\u0165 strojov v r\u00f4znych pracovn\u00fdch podmienkach.<\/p>\n<p><img decoding=\"async\" src=\"https:\/\/www.hydraulic-cylinders.net\/wp-content\/uploads\/2025\/01\/songte-company-2.webp\" \/><\/p>\n<h2>Funkcie<\/h2>\n<ul>\n<li>\n<h3>Efekt\u00edvny prenos v\u00fdkonu<\/h3>\n<p>Valec ramena poskytuje siln\u00fd line\u00e1rny pohyb a silu, \u010d\u00edm zais\u0165uje vysok\u00fa \u00fa\u010dinnos\u0165 mechanick\u00fdch ramien po\u010das r\u00f4znych oper\u00e1ci\u00ed.<\/p>\n<\/li>\n<li>\n<h3>Presn\u00e9 ovl\u00e1danie<\/h3>\n<p>V\u010faka hydraulick\u00e9mu syst\u00e9mu dok\u00e1\u017ee valec ramena dosiahnu\u0165 presn\u00e9 ovl\u00e1danie pohybu, v\u010faka \u010domu je ovl\u00e1danie pripojen\u00e9ho n\u00e1radia flexibilnej\u0161ie a presnej\u0161ie.<\/p>\n<\/li>\n<li>\n<h3>Odoln\u00fd<\/h3>\n<p>Valec ramena je zvy\u010dajne vyroben\u00fd z vysoko pevn\u00fdch materi\u00e1lov, ktor\u00e9 maj\u00fa dobr\u00fa odolnos\u0165 vo\u010di opotrebovaniu a kor\u00f3zii, v\u010faka \u010domu je vhodn\u00fd na dlhodob\u00e9 pou\u017e\u00edvanie v n\u00e1ro\u010dn\u00fdch podmienkach.<\/p>\n<\/li>\n<li>\n<h3>Multifunk\u010dn\u00e1 prisp\u00f4sobivos\u0165<\/h3>\n<p>Tieto valce sa daj\u00fa \u0161iroko pou\u017e\u00edva\u0165 v r\u00f4znych mechanick\u00fdch zariadeniach, ako s\u00fa bagre, \u017eeriavy a robotick\u00e9 ramen\u00e1, a prisp\u00f4sobuj\u00fa sa r\u00f4znym pracovn\u00fdm po\u017eiadavk\u00e1m.<\/p>\n<\/li>\n<li>\n<h3>Jednoduch\u00e1 \u00fadr\u017eba<\/h3>\n<p>Kon\u0161truk\u010dn\u00e9 aspekty pre jednoduch\u00fa \u00fadr\u017ebu a v\u00fdmenu u\u013eah\u010duj\u00fa pravideln\u00e9 kontroly a \u00fadr\u017ebu, \u010d\u00edm sa skracuj\u00fa prestoje zariaden\u00ed.<\/p>\n<\/li>\n<\/ul>\n<p>Tento produkt vieme vyrobi\u0165 a m\u00f4\u017ee by\u0165 perfektnou n\u00e1hradou za tieto hydraulick\u00e9 valce.<\/p>\n<p><img decoding=\"async\" src=\"https:\/\/www.hydraulic-cylinders.net\/wp-content\/uploads\/2025\/01\/songte-oil-pipes-and-spare-parts.webp\" \/><\/p>\n<h2>Aplik\u00e1cie<\/h2>\n<p>Valec s ramenom sa \u0161iroko pou\u017e\u00edva v r\u00f4znych odvetviach vr\u00e1tane:<\/p>\n<ul>\n<li>\n<h3>Stavebn\u00edctvo<\/h3>\n<p>V bagroch a \u017eeriavoch sa valec ramena pou\u017e\u00edva na ovl\u00e1danie pohybu vedier alebo v\u00fdlo\u017en\u00edkov pri zemn\u00fdch pr\u00e1cach, manipul\u00e1cii s materi\u00e1lom a mont\u00e1\u017ei kon\u0161trukci\u00ed.<\/p>\n<\/li>\n<li>\n<h3>V\u00fdroba<\/h3>\n<p>V automatizovan\u00fdch v\u00fdrobn\u00fdch link\u00e1ch sa valec ramena pou\u017e\u00edva na pohyb robotick\u00fdch ramien pri mont\u00e1\u017enych, zv\u00e1rac\u00edch a manipula\u010dn\u00fdch procesoch, \u010d\u00edm sa zlep\u0161uje efektivita a presnos\u0165 v\u00fdroby.<\/p>\n<\/li>\n<li>\n<h3>Po\u013enohospod\u00e1rske stroje<\/h3>\n<p>V po\u013enohospod\u00e1rskych strojoch, ako s\u00fa zbera\u010de a seja\u010dky, riadi valec ramena pohyb opera\u010dn\u00fdch ramien pri \u00faloh\u00e1ch, ako je siatie, hnojenie a zber \u00farody.<\/p>\n<\/li>\n<li>\n<h3>\u0164a\u017eba<\/h3>\n<p>V bansk\u00fdch zariadeniach sa valec ramena pou\u017e\u00edva na ovl\u00e1danie pohybu ramena bansk\u00e9ho zariadenia na \u0165a\u017ebu a manipul\u00e1ciu s rudou.<\/p>\n<\/li>\n<li>\n<h3>Logistika a doprava<\/h3>\n<p>Vo vysokozdvi\u017en\u00fdch voz\u00edkoch a manipula\u010dn\u00fdch robotoch sa valec ramena pou\u017e\u00edva na ovl\u00e1danie zdv\u00edhania a pohybu n\u00e1kladu, \u010d\u00edm sa dosahuje manipul\u00e1cia s materi\u00e1lom a stohovanie.<\/p>\n<\/li>\n<\/ul>\n<h2>\u00davahy o dizajne a krit\u00e9ri\u00e1 v\u00fdberu<\/h2>\n<ul>\n<li>\n<h3>\u00danosnos\u0165<\/h3>\n<p>Valec ramena mus\u00ed unies\u0165 hmotnos\u0165 zariadenia a v\u0161etk\u00fdch s\u00favisiacich pr\u00edslu\u0161enstiev. Preto je nosnos\u0165 k\u013e\u00fa\u010dov\u00fdm faktorom pri v\u00fdbere valca.<\/p>\n<\/li>\n<li>\n<h3>Tesnenie<\/h3>\n<p>Valec ramena vy\u017eaduje r\u00f4zne tesnenia, ako s\u00fa tesnenia piestov a tesnenia ty\u010d\u00ed, aby sa zabr\u00e1nilo \u00faniku hydraulickej kvapaliny, \u010do m\u00f4\u017ee sp\u00f4sobi\u0165 po\u0161kodenie zariadenia a zn\u00ed\u017ei\u0165 celkov\u00fa \u00fa\u010dinnos\u0165. Preto je nevyhnutn\u00fd v\u00fdber vysokokvalitn\u00fdch tesnen\u00ed vyroben\u00fdch z materi\u00e1lov odoln\u00fdch vo\u010di opotrebovaniu.<\/p>\n<\/li>\n<li>\n<h3>Trvanlivos\u0165<\/h3>\n<p>The Arm Cylinder has to withstand harsh environments such as heavy loads and high temperatures. Choosing materials with high strength, wear resistance, and corrosion resistance is crucial to ensure the cylinder&#8217;s durability.<\/p>\n<\/li>\n<li>\n<h3>Bezpe\u010dnos\u0165<\/h3>\n<p>Valec ramena by mal by\u0165 v\u017edy nain\u0161talovan\u00fd a prev\u00e1dzkovan\u00fd v s\u00falade s bezpe\u010dnostn\u00fdmi predpismi, aby sa predi\u0161lo nehod\u00e1m. Mali by sa prija\u0165 vhodn\u00e9 bezpe\u010dnostn\u00e9 opatrenia, ako je pou\u017eitie bezpe\u010dnostn\u00fdch z\u00e1mkov a zariaden\u00ed na ochranu proti pre\u0165a\u017eeniu.<\/p>\n<\/li>\n<li>\n<h3>\u00dadr\u017eba<\/h3>\n<p>Valec ramena vy\u017eaduje pravideln\u00fa kontrolu a \u00fadr\u017ebu, aby sa zabezpe\u010dila jeho spr\u00e1vna prev\u00e1dzka. Kon\u0161truk\u010dn\u00e9 aspekty pre jednoduch\u00fa \u00fadr\u017ebu a v\u00fdmenu dielov m\u00f4\u017eu skr\u00e1ti\u0165 \u010das a n\u00e1klady na \u00fadr\u017ebu.<\/p>\n<\/li>\n<\/ul>\n<p><img decoding=\"async\" src=\"https:\/\/www.hydraulic-cylinders.net\/wp-content\/uploads\/2025\/01\/songte-cylinder-head-with-all-kinds-excavator-models.webp\" \/><\/p>\n<h2>Tesnenie a mazanie<\/h2>\n<p>Hydraulick\u00fd valec ramena vy\u017eaduje r\u00f4zne tesnenia, aby sa zabr\u00e1nilo \u00faniku hydraulickej kvapaliny. Be\u017ene sa pou\u017e\u00edvaj\u00fa vysokokvalitn\u00e9 tesnenia vyroben\u00e9 z materi\u00e1lov odoln\u00fdch vo\u010di opotrebovaniu, ako je polyuret\u00e1n a nitrilov\u00fd kau\u010duk. Teleso valca a z\u00e1vitov\u00e9 konce s\u00fa jemne opracovan\u00e9, aby sa zlep\u0161ila odolnos\u0165 vo\u010di opotrebovaniu. Na zabezpe\u010denie spr\u00e1vnej prev\u00e1dzky valca je potrebn\u00e9 pravideln\u00e9 mazanie vhodn\u00fdm mno\u017estvom hydraulick\u00e9ho oleja.<\/p>\n<h2>\u00dadr\u017eba a prevent\u00edvne opatrenia<\/h2>\n<ul>\n<li>\n<h3>Pravideln\u00e1 kontrola<\/h3>\n<p>The Arm Cylinder should be regularly inspected according to the manufacturer&#8217;s instructions to ensure optimal performance. Any signs of wear or damage should be addressed immediately.<\/p>\n<\/li>\n<li>\n<h3>Prevent\u00edvna \u00fadr\u017eba<\/h3>\n<p>Prevent\u00edvna \u00fadr\u017eba je nevyhnutn\u00e1 na pred\u013a\u017eenie \u017eivotnosti valca ramena. Zah\u0155\u0148a to v\u00fdmenu tesnen\u00ed, mazanie a \u010distenie valca a jeho s\u00favisiacich \u010dast\u00ed.<\/p>\n<\/li>\n<li>\n<h3>Spr\u00e1vna in\u0161tal\u00e1cia<\/h3>\n<p>The Arm Cylinder should be installed correctly according to the manufacturer&#8217;s instructions. Proper installation can prevent potential damage to the cylinder and ensure proper operation.<\/p>\n<\/li>\n<\/ul>\n<p><img decoding=\"async\" src=\"https:\/\/www.hydraulic-cylinders.net\/wp-content\/uploads\/2025\/01\/songte-chushion-collar.webp\" \/><\/p>\n<h2>Sprievodca in\u0161tal\u00e1ciou produktu<\/h2>\n<p>In\u0161tal\u00e1ciu hydraulick\u00e9ho valca ramena by mal vykon\u00e1va\u0165 vy\u0161kolen\u00fd person\u00e1l so sk\u00fasenos\u0165ami s hydraulick\u00fdmi syst\u00e9mami. Mali by sa dodr\u017eiava\u0165 nasleduj\u00face kroky:<\/p>\n<ol>\n<li>Pred in\u0161tal\u00e1ciou sa uistite, \u017ee hydraulick\u00fd syst\u00e9m je bez tlaku.<\/li>\n<li>Install the Arm Cylinder according to the manufacturer&#8217;s instructions.<\/li>\n<li>Skontrolujte spr\u00e1vne zarovnanie a tesnos\u0165 v\u0161etk\u00fdch spojov. V pr\u00edpade potreby ich dotiahnite.<\/li>\n<li>Dopl\u0148te hydraulick\u00fa kvapalinu a skontrolujte tesnos\u0165.<\/li>\n<li>Otestujte valec ramena, \u010di spr\u00e1vne funguje a funguje.<\/li>\n<\/ol>\n<p><img decoding=\"async\" src=\"https:\/\/www.hydraulic-cylinders.net\/wp-content\/uploads\/2025\/01\/songte-bushings-with-all-kinds-of-excavator-models.webp\" \/><\/p>\n<h2>Bezpe\u010dnostn\u00e9 aspekty a faktory prostredia<\/h2>\n<p>Safety measures should always be taken when installing and operating the Arm Cylinder. Operators should be trained to follow safety procedures to prevent accidents. Environmental factors, such as temperature and humidity, should also be considered when selecting and installing the Arm Cylinder, as these factors can affect the cylinder&#8217;s operation.<\/p>\n<h2>Rie\u0161enie probl\u00e9mov a be\u017en\u00e9 probl\u00e9my<\/h2>\n<p>Common issues with the Arm Cylinder include leaks, improper operation, and damage due to improper maintenance or installation. To troubleshoot these issues, refer to the manufacturer&#8217;s instructions and take appropriate actions, such as tightening connections, replacing seals, or repairing damage. If issues persist, consult with a professional technician.<\/p>\n<h2>Z\u00e1ver<\/h2>\n<p>Songte is a professional manufacturer of replacement hydraulic cylinders, with a wide range of products, becoming one of the leading hydraulic cylinder manufacturers and wholesale distributors in the domestic and international markets. Songte persistently upholds the principle of excellent quality and continuously improves production efficiency through precision manufacturing workshops&#8217; industrialized production management strategies. Songte has a strong innovation capability through the introduction of high-end digital manufacturing equipment and professional testing systems. Songte&#8217;s goal is to meet customers&#8217; diverse needs with high efficiency, accuracy, and high-quality principles.<\/p>\n<p>Spolo\u010dnos\u0165 Songte je profesion\u00e1lny, medzin\u00e1rodne certifikovan\u00fd a prisp\u00f4soben\u00fd v\u00fdrobca hydraulick\u00fdch valcov. Disponujeme modern\u00fdm v\u00fdrobn\u00fdm zariaden\u00edm a poskytujeme vynikaj\u00faci popredajn\u00fd servis. Zaviazali sme sa poskytova\u0165 na\u0161im z\u00e1kazn\u00edkom vysoko kvalitn\u00e9 produkty a slu\u017eby.<\/p>\n<p><img decoding=\"async\" src=\"https:\/\/www.hydraulic-cylinders.net\/wp-content\/uploads\/2025\/01\/songte-company-4.webp\" \/><br \/>\n<img decoding=\"async\" src=\"https:\/\/www.hydraulic-cylinders.net\/wp-content\/uploads\/2025\/01\/songte-company-3.webp\" \/><\/p>\n<p>Autor: lyl<\/p>","protected":false},"excerpt":{"rendered":"<p>Arm Cylinder For World Small Excavator W2150-8 Introduction The Arm Cylinder is a specially designed hydraulic cylinder that provides linear motion and power to the arms of various types of machinery such as excavators, cranes, and robotic arms. The Arm Cylinder plays a crucial role in hydraulic systems, enabling the effective movement and control of [&hellip;]<\/p>","protected":false},"featured_media":14774,"comment_status":"open","ping_status":"closed","template":"","meta":{"_et_pb_use_builder":"","_et_pb_old_content":"","_et_gb_content_width":""},"product_brand":[],"product_cat":[1497],"product_tag":[1498,1496],"class_list":{"0":"post-16671","1":"product","2":"type-product","3":"status-publish","4":"has-post-thumbnail","6":"product_cat-arm-cylinders","7":"product_tag-arm-cylinders","8":"product_tag-hydraulic-cylinders","10":"first","11":"instock","12":"shipping-taxable","13":"product-type-simple"},"amp_enabled":true,"_links":{"self":[{"href":"https:\/\/www.hydraulic-cylinders.net\/sk\/wp-json\/wp\/v2\/product\/16671","targetHints":{"allow":["GET"]}}],"collection":[{"href":"https:\/\/www.hydraulic-cylinders.net\/sk\/wp-json\/wp\/v2\/product"}],"about":[{"href":"https:\/\/www.hydraulic-cylinders.net\/sk\/wp-json\/wp\/v2\/types\/product"}],"replies":[{"embeddable":true,"href":"https:\/\/www.hydraulic-cylinders.net\/sk\/wp-json\/wp\/v2\/comments?post=16671"}],"wp:featuredmedia":[{"embeddable":true,"href":"https:\/\/www.hydraulic-cylinders.net\/sk\/wp-json\/wp\/v2\/media\/14774"}],"wp:attachment":[{"href":"https:\/\/www.hydraulic-cylinders.net\/sk\/wp-json\/wp\/v2\/media?parent=16671"}],"wp:term":[{"taxonomy":"product_brand","embeddable":true,"href":"https:\/\/www.hydraulic-cylinders.net\/sk\/wp-json\/wp\/v2\/product_brand?post=16671"},{"taxonomy":"product_cat","embeddable":true,"href":"https:\/\/www.hydraulic-cylinders.net\/sk\/wp-json\/wp\/v2\/product_cat?post=16671"},{"taxonomy":"product_tag","embeddable":true,"href":"https:\/\/www.hydraulic-cylinders.net\/sk\/wp-json\/wp\/v2\/product_tag?post=16671"}],"curies":[{"name":"pracovn\u00fd list","href":"https:\/\/api.w.org\/{rel}","templated":true}]}}