{"id":16695,"date":"2025-01-21T05:47:37","date_gmt":"2025-01-21T05:47:37","guid":{"rendered":"https:\/\/www.hydraulic-cylinders.net\/product\/arm-cylinder-for-jchi-ns75-7\/"},"modified":"2025-01-21T05:47:39","modified_gmt":"2025-01-21T05:47:39","slug":"arm-cylinder-for-jchi-ns75-7","status":"publish","type":"product","link":"https:\/\/www.hydraulic-cylinders.net\/sk\/produkt\/arm-cylinder-for-jchi-ns75-7\/","title":{"rendered":"Valec ramena pre JCHI NS75-7"},"content":{"rendered":"<h2>Valec ramena pre JCHI NS75-7<\/h2>\n<h3>\u00davod<\/h3>\n<p>Hydraulick\u00fd valec ramena je \u0161peci\u00e1lne navrhnut\u00fd hydraulick\u00fd valec, ktor\u00fd sa prim\u00e1rne pou\u017e\u00edva na zabezpe\u010denie line\u00e1rneho pohybu a v\u00fdkonu ramena r\u00f4znych strojov, ako s\u00fa r\u00fdpadl\u00e1, \u017eeriavy a robotick\u00e9 ramen\u00e1. Valec ramena zohr\u00e1va k\u013e\u00fa\u010dov\u00fa \u00falohu v hydraulick\u00fdch syst\u00e9moch, preto\u017ee umo\u017e\u0148uje efekt\u00edvny pohyb a ovl\u00e1danie pripojen\u00e9ho n\u00e1radia alebo pr\u00edslu\u0161enstva. Tieto valce nielen dosahuj\u00fa plynul\u00fd pohyb, ale tie\u017e odol\u00e1vaj\u00fa \u0165a\u017ek\u00fdm za\u0165a\u017eeniam, \u010d\u00edm zabezpe\u010duj\u00fa efekt\u00edvnu prev\u00e1dzku a spo\u013eahlivos\u0165 strojov v r\u00f4znych pracovn\u00fdch podmienkach.<\/p>\n<p><img decoding=\"async\" src=\"https:\/\/www.hydraulic-cylinders.net\/wp-content\/uploads\/2025\/01\/songte-company-2.webp\"><\/p>\n<h3>Funkcie<\/h3>\n<ul>\n<li>Vysoko\u00fa\u010dinn\u00fd prenos v\u00fdkonu: Valec ramena dok\u00e1\u017ee zabezpe\u010di\u0165 siln\u00fd line\u00e1rny pohyb a silu, \u010d\u00edm zabezpe\u010duje vysoko\u00fa\u010dinn\u00fd v\u00fdkon robotick\u00e9ho ramena pri r\u00f4znych oper\u00e1ci\u00e1ch.<\/li>\n<li>Presn\u00e9 ovl\u00e1danie: Prostredn\u00edctvom hydraulick\u00e9ho syst\u00e9mu dok\u00e1\u017ee valec ramena dosiahnu\u0165 presn\u00e9 ovl\u00e1danie pohybu, v\u010faka \u010domu je ovl\u00e1danie pripojen\u00e9ho n\u00e1radia flexibilnej\u0161ie a presnej\u0161ie.<\/li>\n<li>Vysok\u00e1 odolnos\u0165: Valec ramena je zvy\u010dajne vyroben\u00fd z vysoko pevn\u00fdch materi\u00e1lov s dobrou odolnos\u0165ou proti opotrebovaniu a kor\u00f3zii, vhodn\u00fd na dlhodob\u00e9 pou\u017e\u00edvanie v n\u00e1ro\u010dn\u00fdch podmienkach.<\/li>\n<li>Multifunk\u010dn\u00e1 prisp\u00f4sobivos\u0165: Tieto valce sa daj\u00fa \u0161iroko pou\u017e\u00edva\u0165 v r\u00f4znych typoch strojov, ako s\u00fa bagre, \u017eeriavy a robotick\u00e9 ramen\u00e1, a prisp\u00f4sobuj\u00fa sa r\u00f4znym pracovn\u00fdm po\u017eiadavk\u00e1m.<\/li>\n<li>Jednoduch\u00e1 \u00fadr\u017eba: Valec ramena je navrhnut\u00fd tak, aby sa dal \u013eahko udr\u017eiava\u0165 a vymie\u0148a\u0165, a preto je pravideln\u00e1 kontrola a \u00fadr\u017eba pohodlnej\u0161ia, \u010d\u00edm sa skracuj\u00fa prestoje zariadenia.<\/li>\n<\/ul>\n<p>Tento produkt vieme vyrobi\u0165 a n\u00e1\u0161 produkt dok\u00e1\u017ee dokonale nahradi\u0165 tieto hydraulick\u00e9 valce.<\/p>\n<p><img decoding=\"async\" src=\"https:\/\/www.hydraulic-cylinders.net\/wp-content\/uploads\/2025\/01\/songte-oil-pipes-and-spare-parts.webp\"><\/p>\n<h3>Aplik\u00e1cie<\/h3>\n<ul>\n<li>Stavebn\u00e9 in\u017einierstvo: V bagroch a \u017eeriavoch sa valec ramena pou\u017e\u00edva na ovl\u00e1danie pohybu vedra alebo v\u00fdlo\u017en\u00edka pri zemn\u00fdch pr\u00e1cach, manipul\u00e1cii s materi\u00e1lom a in\u0161tal\u00e1cii kon\u0161trukci\u00ed.<\/li>\n<li>V\u00fdrobn\u00fd priemysel: V automatizovan\u00fdch v\u00fdrobn\u00fdch link\u00e1ch sa valec ramena pou\u017e\u00edva na pohyb robotick\u00fdch ramien pri mont\u00e1\u017ei, zv\u00e1ran\u00ed a manipul\u00e1cii s materi\u00e1lom, \u010d\u00edm sa zlep\u0161uje efektivita a presnos\u0165 v\u00fdroby.<\/li>\n<li>Po\u013enohospod\u00e1rske stroje: V po\u013enohospod\u00e1rskych strojoch, ako s\u00fa zbera\u010de a seja\u010dky, riadi valec ramena pohyb ovl\u00e1dacieho ramena pri \u00faloh\u00e1ch, ako je sadenie, hnojenie a zber \u00farody.<\/li>\n<li>\u0164a\u017eba: V bansk\u00fdch zariadeniach sa valec ramena pou\u017e\u00edva na ovl\u00e1danie pohybu ramena bansk\u00e9ho zariadenia na \u0165a\u017ebu a prepravu nerastov.<\/li>\n<li>Logistika a doprava: Vo vysokozdvi\u017en\u00fdch voz\u00edkoch a manipula\u010dn\u00fdch robotoch sa valec ramena pou\u017e\u00edva na ovl\u00e1danie zdv\u00edhania a pohybu n\u00e1kladu, \u010do umo\u017e\u0148uje manipul\u00e1ciu a stohovanie materi\u00e1lov.<\/li>\n<\/ul>\n<h3>\u00davahy o dizajne a \u0161tandardy v\u00fdberu<\/h3>\n<ul>\n<li>Nosnos\u0165: Valec ramena mus\u00ed by\u0165 navrhnut\u00fd tak, aby odolal maxim\u00e1lnemu o\u010dak\u00e1van\u00e9mu za\u0165a\u017eeniu, \u010d\u00edm sa zabezpe\u010d\u00ed bezpe\u010dn\u00e1 a efekt\u00edvna prev\u00e1dzka.<\/li>\n<li>Tesnenie: Valec ramena pou\u017e\u00edva r\u00f4zne tesniace komponenty, ako s\u00fa tesnenia piestov a tesnenia ty\u010d\u00ed vyroben\u00e9 z materi\u00e1lov odoln\u00fdch vo\u010di opotrebovaniu, ako je polyuret\u00e1n a nitrilov\u00e1 guma, aby sa zabezpe\u010dil dobr\u00fd tesniaci v\u00fdkon a zabr\u00e1nilo sa hydraulick\u00fdm \u00fanikom.<\/li>\n<li>Trvanlivos\u0165: Teleso valca a povrch z\u00e1vitov\u00e9ho konca s\u00fa jemne opracovan\u00e9 pre zlep\u0161enie odolnosti vo\u010di opotrebovaniu, \u010d\u00edm sa zabezpe\u010d\u00ed trvanlivos\u0165 ramena valca aj v n\u00e1ro\u010dn\u00fdch podmienkach.<\/li>\n<li>Bezpe\u010dnos\u0165: Valce ramien by mali by\u0165 navrhnut\u00e9 s bezpe\u010dnostn\u00fdmi prvkami, ako s\u00fa koncov\u00e9 sp\u00edna\u010de a pretlakov\u00e9 ventily, aby sa predi\u0161lo nehod\u00e1m a zabezpe\u010dila sa bezpe\u010dn\u00e1 prev\u00e1dzka.<\/li>\n<li>\u00dadr\u017eba: Valec ramena by mal by\u0165 navrhnut\u00fd pre jednoduch\u00fa \u00fadr\u017ebu a v\u00fdmenu, \u010d\u00edm by sa zabezpe\u010dila v\u010dasn\u00e1 \u00fadr\u017eba a skr\u00e1tili prestoje sp\u00f4soben\u00e9 poruchami zariadenia.<\/li>\n<\/ul>\n<p><img decoding=\"async\" src=\"https:\/\/www.hydraulic-cylinders.net\/wp-content\/uploads\/2025\/01\/songte-cylinder-head-with-all-kinds-excavator-models.webp\"><\/p>\n<h3>Tesnenie a mazanie<\/h3>\n<p>Valec ramena pou\u017e\u00edva r\u00f4zne tesniace komponenty, ako s\u00fa tesnenia piestov a tesnenia ty\u010d\u00ed vyroben\u00e9 z materi\u00e1lov odoln\u00fdch vo\u010di opotrebovaniu, ako je polyuret\u00e1n a nitrilov\u00fd kau\u010duk, aby sa zabezpe\u010dil dobr\u00fd tesniaci v\u00fdkon a zabr\u00e1nilo sa \u00fanikom hydraulick\u00e9ho oleja. Teleso valca a povrch z\u00e1vitu s\u00fa jemne opracovan\u00e9, aby sa zlep\u0161ila odolnos\u0165 proti opotrebovaniu, \u010d\u00edm sa zabezpe\u010d\u00ed trvanlivos\u0165 valca ramena aj v n\u00e1ro\u010dn\u00fdch podmienkach. Valec ramena vy\u017eaduje pravideln\u00e9 mazanie hydraulick\u00fdm olejom, aby sa zabezpe\u010dila jeho plynul\u00e1 prev\u00e1dzka, a mno\u017estvo prid\u00e1van\u00e9ho oleja by malo by\u0165 primeran\u00e9, aby sa zabr\u00e1nilo \u00faniku oleja.<\/p>\n<h3>\u00dadr\u017eba a prevent\u00edvne opatrenia<\/h3>\n<ul>\n<li>Pravideln\u00e1 kontrola: Mali by sa vykon\u00e1va\u0165 pravideln\u00e9 kontroly, aby sa skontrolovalo po\u0161kodenie, opotrebovanie alebo \u00fanik valca ramena, a v pr\u00edpade potreby by sa mala vykona\u0165 v\u010dasn\u00e1 v\u00fdmena alebo oprava.<\/li>\n<li>Pravideln\u00e9 mazanie: Valec ramena by sa mal pravidelne maza\u0165 hydraulick\u00fdm olejom, aby sa zabezpe\u010dila jeho hladk\u00e1 prev\u00e1dzka.<\/li>\n<li>Spr\u00e1vna in\u0161tal\u00e1cia: Spr\u00e1vna in\u0161tal\u00e1cia valca ramena je nevyhnutn\u00e1 pre jeho bezpe\u010dn\u00fa a efekt\u00edvnu prev\u00e1dzku a in\u0161tal\u00e1cia by sa mala vykona\u0165 pod\u013ea pokynov v\u00fdrobcu.<\/li>\n<li>Prevent\u00edvne opatrenia: Na minimaliz\u00e1ciu potenci\u00e1lnych probl\u00e9mov by sa pri pou\u017e\u00edvan\u00ed valca ramena mali prija\u0165 prevent\u00edvne opatrenia, ako je obmedzenie za\u0165a\u017eenia, regul\u00e1cia prev\u00e1dzkovej r\u00fdchlosti a zabr\u00e1nenie pretlaku.<\/li>\n<\/ul>\n<p><img decoding=\"async\" src=\"https:\/\/www.hydraulic-cylinders.net\/wp-content\/uploads\/2025\/01\/songte-chushion-collar.webp\"><\/p>\n<h3>Sprievodca in\u0161tal\u00e1ciou produktu<\/h3>\n<p>Spr\u00e1vna in\u0161tal\u00e1cia valca ramena je nevyhnutn\u00e1 pre jeho bezpe\u010dn\u00fa a efekt\u00edvnu prev\u00e1dzku. Pri in\u0161tal\u00e1cii valca ramena postupujte pod\u013ea t\u00fdchto krokov:<\/p>\n<ol>\n<li>Uistite sa, \u017ee miesto in\u0161tal\u00e1cie je \u010dist\u00e9 a bez ne\u010dist\u00f4t.<\/li>\n<li>Skontrolujte valec a mont\u00e1\u017ene diely, \u010di nie s\u00fa po\u0161koden\u00e9 alebo opotrebovan\u00e9.<\/li>\n<li>Pripojte hydraulick\u00e9 hadice a armat\u00fary pod\u013ea pokynov v\u00fdrobcu.<\/li>\n<li>Namontujte valec ramena na pr\u00edslu\u0161n\u00e9 miesto a utiahnite skrutky.<\/li>\n<li>Skontrolujte spr\u00e1vnu funkciu valca ramena.<\/li>\n<\/ol>\n<h3>Bezpe\u010dnostn\u00e9 aspekty a faktory prostredia<\/h3>\n<p>Pri pou\u017e\u00edvan\u00ed valca s ramenom by sa mali prija\u0165 bezpe\u010dnostn\u00e9 opatrenia, aby sa predi\u0161lo nehod\u00e1m, ktor\u00e9 m\u00f4\u017eu sp\u00f4sobi\u0165 zranenie os\u00f4b alebo po\u0161kodenie zariadenia. Tieto opatrenia m\u00f4\u017eu zah\u0155\u0148a\u0165 nosenie ochrann\u00fdch prostriedkov, in\u0161tal\u00e1ciu bezpe\u010dnostn\u00fdch zariaden\u00ed a dodr\u017eiavanie pokynov v\u00fdrobcu. Pri pou\u017e\u00edvan\u00ed valca s ramenom by sa mali zoh\u013eadni\u0165 aj faktory prostredia, ako je teplota, vlhkos\u0165 a prach, a mali by sa prija\u0165 vhodn\u00e9 opatrenia na zabr\u00e1nenie po\u0161kodeniu \u017eivotn\u00e9ho prostredia.<\/p>\n<h3>Rie\u0161enie probl\u00e9mov a be\u017en\u00e9 probl\u00e9my<\/h3>\n<p>Medzi be\u017en\u00e9 probl\u00e9my s valcom ramena patria netesnosti, opotrebovanie a nespr\u00e1vna prev\u00e1dzka. Na diagnostiku a vyrie\u0161enie t\u00fdchto probl\u00e9mov postupujte pod\u013ea t\u00fdchto tipov:<\/p>\n<ul>\n<li>Skontrolujte hydraulick\u00e9 netesnosti a v pr\u00edpade potreby opravte alebo vyme\u0148te tesnenia alebo in\u00e9 komponenty.<\/li>\n<li>Skontrolujte opotrebovanie alebo po\u0161kodenie a vyme\u0148te po\u0161koden\u00e9 komponenty.<\/li>\n<li>Skontrolujte spr\u00e1vnu in\u0161tal\u00e1ciu a funkciu valca ramena a v pr\u00edpade potreby vykonajte \u00fapravy.<\/li>\n<\/ul>\n<p>Aby ste predi\u0161li potenci\u00e1lnym probl\u00e9mom, vykonajte prevent\u00edvne opatrenia, ako je obmedzenie za\u0165a\u017eenia, kontrola prev\u00e1dzkovej r\u00fdchlosti a zabr\u00e1nenie pretlaku pri pou\u017e\u00edvan\u00ed valca ramena.<\/p>\n<p><img decoding=\"async\" src=\"https:\/\/www.hydraulic-cylinders.net\/wp-content\/uploads\/2025\/01\/songte-bushings-with-all-kinds-of-excavator-models.webp\"><\/p>\n<h3>O n\u00e1s<\/h3>\n<p>Sme profesion\u00e1lny v\u00fdrobca n\u00e1hradn\u00fdch hydraulick\u00fdch valcov so \u0161irokou \u0161k\u00e1lou produktov a stali sme sa jedn\u00fdm z popredn\u00fdch v\u00fdrobcov a ve\u013ekoobchodn\u00edkov s hydraulick\u00fdmi valcami na dom\u00e1com aj medzin\u00e1rodnom trhu. V\u017edy dodr\u017eiavame princ\u00edp excelentnosti v kvalite, spoliehame sa na strat\u00e9giu industrializovan\u00e9ho riadenia v\u00fdroby v r\u00e1mci jemnej v\u00fdrobnej dielne a neust\u00e1le zlep\u0161ujeme na\u0161u technologick\u00fa \u00farove\u0148 a efektivitu v\u00fdroby. M\u00e1me siln\u00fa inova\u010dn\u00fa schopnos\u0165 zav\u00e1dzan\u00edm pokro\u010dil\u00fdch digit\u00e1lnych v\u00fdrobn\u00fdch zariaden\u00ed a profesion\u00e1lnych detek\u010dn\u00fdch syst\u00e9mov a neust\u00e1lou optimaliz\u00e1ciou v\u00fdrobnej platformy a zlep\u0161ovan\u00edm procesu kontroly kvality v\u00fdrobkov. Na\u0161\u00edm cie\u013eom je uspokoji\u0165 rozmanit\u00e9 potreby z\u00e1kazn\u00edkov s vysokou efektivitou, presnos\u0165ou a princ\u00edpmi vysokej kvality.<\/p>\n<h3>Na\u0161a spolo\u010dnos\u0165<\/h3>\n<ul>\n<li>Profesionalita: M\u00e1me t\u00edm sk\u00fasen\u00fdch in\u017einierov a technikov, ktor\u00ed z\u00e1kazn\u00edkom poskytuj\u00fa profesion\u00e1lne rie\u0161enia a slu\u017eby.<\/li>\n<li>Medzin\u00e1rodn\u00e1 certifik\u00e1cia: Na\u0161e produkty z\u00edskali medzin\u00e1rodn\u00e9 certifik\u00e1cie ako ISO9001 a CE, aby sa zabezpe\u010dila ich kvalita a spo\u013eahlivos\u0165.<\/li>\n<li>Prisp\u00f4sobenie: Poskytujeme slu\u017eby na mieru, aby sme splnili \u0161pecifick\u00e9 potreby z\u00e1kazn\u00edkov.<\/li>\n<li>V\u00fdrobn\u00e9 zariadenia: M\u00e1me modern\u00e9 digit\u00e1lne v\u00fdrobn\u00e9 zariadenia, ktor\u00e9 zabezpe\u010duj\u00fa vysoko kvalitn\u00fa v\u00fdrobu a efekt\u00edvnos\u0165.<\/li>\n<li>Popredajn\u00fd servis: Poskytujeme komplexn\u00e9 popredajn\u00e9 slu\u017eby s cie\u013eom zabezpe\u010di\u0165 spokojnos\u0165 a d\u00f4veru z\u00e1kazn\u00edkov.<\/li>\n<\/ul>\n<p><img decoding=\"async\" src=\"https:\/\/www.hydraulic-cylinders.net\/wp-content\/uploads\/2025\/01\/songte-company-4.webp\"><br \/>\n<img decoding=\"async\" src=\"https:\/\/www.hydraulic-cylinders.net\/wp-content\/uploads\/2025\/01\/songte-company-3.webp\"><\/p>\n<p>Autor: lyl<\/p>","protected":false},"excerpt":{"rendered":"<p>Arm Cylinder For JCHI NS75-7 Introduction An arm cylinder is a specially designed hydraulic cylinder primarily used to provide linear motion and power to the arm of various machinery, such as excavators, cranes, and robotic arms. The arm cylinder plays a crucial role in hydraulic systems, allowing attached tools or attachments to move and be [&hellip;]<\/p>","protected":false},"featured_media":14763,"comment_status":"open","ping_status":"closed","template":"","meta":{"_et_pb_use_builder":"","_et_pb_old_content":"","_et_gb_content_width":""},"product_brand":[],"product_cat":[1497],"product_tag":[1498,1496],"class_list":{"0":"post-16695","1":"product","2":"type-product","3":"status-publish","4":"has-post-thumbnail","6":"product_cat-arm-cylinders","7":"product_tag-arm-cylinders","8":"product_tag-hydraulic-cylinders","10":"first","11":"instock","12":"shipping-taxable","13":"product-type-simple"},"amp_enabled":true,"_links":{"self":[{"href":"https:\/\/www.hydraulic-cylinders.net\/sk\/wp-json\/wp\/v2\/product\/16695","targetHints":{"allow":["GET"]}}],"collection":[{"href":"https:\/\/www.hydraulic-cylinders.net\/sk\/wp-json\/wp\/v2\/product"}],"about":[{"href":"https:\/\/www.hydraulic-cylinders.net\/sk\/wp-json\/wp\/v2\/types\/product"}],"replies":[{"embeddable":true,"href":"https:\/\/www.hydraulic-cylinders.net\/sk\/wp-json\/wp\/v2\/comments?post=16695"}],"wp:featuredmedia":[{"embeddable":true,"href":"https:\/\/www.hydraulic-cylinders.net\/sk\/wp-json\/wp\/v2\/media\/14763"}],"wp:attachment":[{"href":"https:\/\/www.hydraulic-cylinders.net\/sk\/wp-json\/wp\/v2\/media?parent=16695"}],"wp:term":[{"taxonomy":"product_brand","embeddable":true,"href":"https:\/\/www.hydraulic-cylinders.net\/sk\/wp-json\/wp\/v2\/product_brand?post=16695"},{"taxonomy":"product_cat","embeddable":true,"href":"https:\/\/www.hydraulic-cylinders.net\/sk\/wp-json\/wp\/v2\/product_cat?post=16695"},{"taxonomy":"product_tag","embeddable":true,"href":"https:\/\/www.hydraulic-cylinders.net\/sk\/wp-json\/wp\/v2\/product_tag?post=16695"}],"curies":[{"name":"pracovn\u00fd list","href":"https:\/\/api.w.org\/{rel}","templated":true}]}}