{"id":16697,"date":"2025-01-21T05:47:45","date_gmt":"2025-01-21T05:47:45","guid":{"rendered":"https:\/\/www.hydraulic-cylinders.net\/product\/arm-cylinder-for-jchi-ns220c\/"},"modified":"2025-01-21T05:47:47","modified_gmt":"2025-01-21T05:47:47","slug":"arm-cylinder-for-jchi-ns220c","status":"publish","type":"product","link":"https:\/\/www.hydraulic-cylinders.net\/sk\/produkt\/arm-cylinder-for-jchi-ns220c\/","title":{"rendered":"Valec ramena pre JCHI NS220C"},"content":{"rendered":"<h1>Valec ramena pre JCHI NS220C<\/h1>\n<h2>\u00davod<\/h2>\n<p>Hydraulick\u00fd valec ramena pre JCHI NS220C je \u0161pecializovan\u00fd hydraulick\u00fd valec ur\u010den\u00fd na zabezpe\u010denie line\u00e1rneho pohybu a v\u00fdkonu pre r\u00f4zne typy ramien strojov, ako s\u00fa r\u00fdpadl\u00e1, \u017eeriavy a robotick\u00e9 ramen\u00e1. Valce ramena zohr\u00e1vaj\u00fa k\u013e\u00fa\u010dov\u00fa \u00falohu v hydraulick\u00fdch syst\u00e9moch, preto\u017ee umo\u017e\u0148uj\u00fa efekt\u00edvny pohyb a ovl\u00e1danie pr\u00eddavn\u00fdch zariaden\u00ed. Tieto valce nielen zabezpe\u010duj\u00fa plynul\u00fd pohyb, ale tie\u017e nes\u00fa \u0165a\u017ek\u00e9 za\u0165a\u017eenia, \u010d\u00edm zaru\u010duj\u00fa vysok\u00fa prev\u00e1dzkov\u00fa \u00fa\u010dinnos\u0165 a spo\u013eahlivos\u0165 stroja v r\u00f4znych pracovn\u00fdch podmienkach.<\/p>\n<p><img decoding=\"async\" src=\"https:\/\/www.hydraulic-cylinders.net\/wp-content\/uploads\/2025\/01\/songte-company-2.webp\" alt=\"Valec ramena pre JCHI NS220C\" \/><\/p>\n<h2>Funkcie<\/h2>\n<h3>1. Vysoko\u00fa\u010dinn\u00fd prenos<\/h3>\n<p>Valec ramena dok\u00e1\u017ee zabezpe\u010di\u0165 siln\u00fd line\u00e1rny pohyb a silu, \u010d\u00edm zais\u0165uje vysok\u00fa \u00fa\u010dinnos\u0165 a v\u00fdkon ramena stroja pri r\u00f4znych oper\u00e1ci\u00e1ch.<\/p>\n<h3>2. Presn\u00e9 ovl\u00e1danie<\/h3>\n<p>Prostredn\u00edctvom hydraulick\u00e9ho syst\u00e9mu dok\u00e1\u017ee valec ramena dosiahnu\u0165 presn\u00e9 ovl\u00e1danie pohybu, v\u010faka \u010domu je ovl\u00e1danie pr\u00edslu\u0161enstva flexibilnej\u0161ie a presnej\u0161ie.<\/p>\n<h3>3. Siln\u00e1 odolnos\u0165<\/h3>\n<p>Valec ramena je zvy\u010dajne vyroben\u00fd z vysoko pevn\u00fdch materi\u00e1lov, ktor\u00e9 maj\u00fa dobr\u00fa odolnos\u0165 vo\u010di opotrebovaniu a kor\u00f3zii, v\u010faka \u010domu je vhodn\u00fd na dlhodob\u00e9 pou\u017e\u00edvanie v n\u00e1ro\u010dn\u00fdch podmienkach.<\/p>\n<h3>4. V\u0161estrann\u00e1 prisp\u00f4sobivos\u0165<\/h3>\n<p>Tieto valce sa daj\u00fa \u0161iroko pou\u017e\u00edva\u0165 v r\u00f4znych typoch strojn\u00fdch zariaden\u00ed, ako s\u00fa bagre, \u017eeriavy a robotick\u00e9 ramen\u00e1, a prisp\u00f4sobuj\u00fa sa r\u00f4znym pracovn\u00fdm po\u017eiadavk\u00e1m.<\/p>\n<h3>5. Jednoduch\u00e1 \u00fadr\u017eba<\/h3>\n<p>Kon\u0161trukcia zoh\u013ead\u0148uje jednoduch\u00fa \u00fadr\u017ebu a v\u00fdmenu, v\u010faka \u010domu s\u00fa pravideln\u00e9 kontroly a \u00fadr\u017eba pohodlnej\u0161ie a skracuj\u00fa sa prestoje zariaden\u00ed.<\/p>\n<p><img decoding=\"async\" src=\"https:\/\/www.hydraulic-cylinders.net\/wp-content\/uploads\/2025\/01\/songte-oil-pipes-and-spare-parts.webp\" alt=\"N\u00e1hradn\u00e9 diely pre valce ramena\" \/><\/p>\n<h2>Aplik\u00e1cie<\/h2>\n<p>Valec s ramenom sa m\u00f4\u017ee pou\u017e\u00edva\u0165 v r\u00f4znych odvetviach vr\u00e1tane:<\/p>\n<h3>1. Stavebn\u00e9 in\u017einierstvo<\/h3>\n<p>Valce ramien m\u00f4\u017eu ovl\u00e1da\u0165 pohyb vedier alebo v\u00fdlo\u017en\u00edkov v bagroch a \u017eeriavoch, vykon\u00e1va\u0165 zemn\u00e9 pr\u00e1ce, manipul\u00e1ciu s materi\u00e1lom a in\u0161tal\u00e1ciu kon\u0161trukci\u00ed.<\/p>\n<h3>2. V\u00fdrobn\u00fd priemysel<\/h3>\n<p>Valce ramien sa pou\u017e\u00edvaj\u00fa pri pohybe robotick\u00fdch ramien v automatizovan\u00fdch v\u00fdrobn\u00fdch link\u00e1ch, pri vykon\u00e1van\u00ed mont\u00e1\u017enych, zv\u00e1rac\u00edch a manipula\u010dn\u00fdch procesov s materi\u00e1lom, \u010d\u00edm sa zlep\u0161uje efektivita a presnos\u0165 v\u00fdroby.<\/p>\n<h3>3. Po\u013enohospod\u00e1rske stroje<\/h3>\n<p>Valce ramien ovl\u00e1daj\u00fa pohyb ovl\u00e1dac\u00edch ramien v po\u013enohospod\u00e1rskych strojoch, ako s\u00fa zbera\u010de a seja\u010dky, a vykon\u00e1vaj\u00fa \u00falohy, ako je siatie, hnojenie a zber \u00farody.<\/p>\n<h3>4. \u0164a\u017eba<\/h3>\n<p>V bansk\u00fdch zariadeniach ovl\u00e1daj\u00fa valce ramien pohyb ramena bansk\u00e9ho zariadenia a vykon\u00e1vaj\u00fa \u00falohy \u0165a\u017eby a prepravy rudy.<\/p>\n<h3>5. Logistika a doprava<\/h3>\n<p>Valce ramien ovl\u00e1daj\u00fa zdv\u00edhanie a pohyb vidl\u00edc vo vysokozdvi\u017en\u00fdch voz\u00edkoch a manipula\u010dn\u00fdch robotoch, \u010d\u00edm sa realizuje manipul\u00e1cia s materi\u00e1lom a stohovanie.<\/p>\n<h2>\u00davahy o dizajne a krit\u00e9ri\u00e1 v\u00fdberu<\/h2>\n<p>Valce ramien musia ma\u0165 dostato\u010dn\u00fa nosnos\u0165, tesnos\u0165, odolnos\u0165, bezpe\u010dnos\u0165 a \u00fadr\u017ebu, aby sa zabezpe\u010dila bezpe\u010dnos\u0165 a spo\u013eahlivos\u0165 strojov\u00e9ho zariadenia. Medzi niektor\u00e9 kon\u0161truk\u010dn\u00e9 aspekty a krit\u00e9ri\u00e1 v\u00fdberu patria:<\/p>\n<h3>1. Nosnos\u0165<\/h3>\n<p>Valec ramena mus\u00ed by\u0165 schopn\u00fd odola\u0165 za\u0165a\u017eeniu strojov a pr\u00edslu\u0161enstva a poskytn\u00fa\u0165 dostato\u010dn\u00fa silu na prev\u00e1dzku.<\/p>\n<h3>2. Tesnenie<\/h3>\n<p>Valec ramena by mal ma\u0165 spo\u013eahliv\u00fd tesniaci mechanizmus s pou\u017eit\u00edm r\u00f4znych tesniacich komponentov, ako s\u00fa tesnenia piestov a tesnenia ty\u010d\u00ed vyroben\u00e9 z materi\u00e1lov odoln\u00fdch vo\u010di opotrebovaniu, ako je polyuret\u00e1n a nitrilov\u00e1 guma.<\/p>\n<h3>3. Trvanlivos\u0165<\/h3>\n<p>Valec ramena by mal by\u0165 vyroben\u00fd z vysoko pevn\u00fdch materi\u00e1lov, ako s\u00fa presne opracovan\u00e9 hlavy valcov a piestne ty\u010de, \u010do zabezpe\u010duje dobr\u00fa odolnos\u0165 vo\u010di opotrebovaniu a kor\u00f3zii.<\/p>\n<h3>4. Bezpe\u010dnos\u0165<\/h3>\n<p>Valec ramena by mal ma\u0165 bezpe\u010dnostn\u00e9 prvky, ako s\u00fa pretlakov\u00e9 ventily, ktor\u00e9 zabra\u0148uj\u00fa pre\u0165a\u017eeniu a nehod\u00e1m.<\/p>\n<h3>5. Udr\u017eiavate\u013enos\u0165<\/h3>\n<p>Valec ramena by mal by\u0165 \u013eahko udr\u017eiavate\u013en\u00fd a vymenite\u013en\u00fd, s vhodn\u00fdmi pr\u00edstupov\u00fdmi bodmi a kon\u0161truk\u010dn\u00fdmi prvkami, \u010d\u00edm sa zn\u00ed\u017eia prestoje a n\u00e1klady na \u00fadr\u017ebu.<\/p>\n<p><img decoding=\"async\" src=\"https:\/\/www.hydraulic-cylinders.net\/wp-content\/uploads\/2025\/01\/songte-cylinder-head-with-all-kinds-excavator-models.webp\" alt=\"Hlava valcov s modelmi bagrov\" \/><\/p>\n<h2>Tesnenie a mazanie<\/h2>\n<p>Valce ramena pou\u017e\u00edvaj\u00fa r\u00f4zne tesniace komponenty, ako s\u00fa tesnenia piestov a tesnenia ty\u010d\u00ed, vyroben\u00e9 z materi\u00e1lov odoln\u00fdch vo\u010di opotrebovaniu, ako je polyuret\u00e1n a nitrilov\u00fd kau\u010duk. Hlava valca a z\u00e1vitov\u00fd povrch prech\u00e1dzaj\u00fa jemn\u00fdm opracovan\u00edm, \u010d\u00edm sa zlep\u0161uje odolnos\u0165 vo\u010di opotrebovaniu. Pravideln\u00e9 prid\u00e1vanie spr\u00e1vneho hydraulick\u00e9ho oleja na mazanie je nevyhnutn\u00e9 na pred\u013a\u017eenie \u017eivotnosti valca.<\/p>\n<h2>\u00dadr\u017eba a prevent\u00edvne opatrenia<\/h2>\n<p>Pravideln\u00e9 kontroly a \u00fadr\u017eba s\u00fa nevyhnutn\u00e9 pre udr\u017eanie v\u00fdkonu a dlhej \u017eivotnosti valca ramena. Medzi prevent\u00edvne opatrenia patria:<\/p>\n<h3>1. Pravideln\u00e9 kontroly<\/h3>\n<p>Pravidelne kontrolujte valec ramena, \u010di nie je po\u0161koden\u00fd, opotrebovan\u00fd a \u010di netesn\u00ed, a zabezpe\u010dte jeho spr\u00e1vnu \u00fadr\u017ebu.<\/p>\n<h3>2. Mazanie<\/h3>\n<p>Pridanie spr\u00e1vneho mno\u017estva a typu hydraulick\u00e9ho oleja na mazanie, aby sa zabezpe\u010dil hladk\u00fd chod valca.<\/p>\n<h3>3. \u010cistenie<\/h3>\n<p>\u010cistenie valca a jeho komponentov odstra\u0148ovan\u00edm ne\u010dist\u00f4t a \u00falomkov, aby sa predi\u0161lo po\u0161kodeniu a opotrebovaniu.<\/p>\n<h3>4. V\u00fdmena<\/h3>\n<p>Okam\u017eit\u00e1 v\u00fdmena opotrebovan\u00fdch alebo po\u0161koden\u00fdch komponentov zabezpe\u010duje efekt\u00edvnu a bezpe\u010dn\u00fa prev\u00e1dzku.<\/p>\n<h3>5. Testovanie<\/h3>\n<p>Testovanie valca ramena za r\u00f4znych podmienok za\u0165a\u017eenia, zabezpe\u010denie spr\u00e1vneho v\u00fdkonu a bezpe\u010dnosti.<\/p>\n<p><img decoding=\"async\" src=\"https:\/\/www.hydraulic-cylinders.net\/wp-content\/uploads\/2025\/01\/songte-chushion-collar.webp\" alt=\"Vank\u00fa\u0161ov\u00fd golier\" \/><\/p>\n<h2>In\u0161tala\u010dn\u00e1 pr\u00edru\u010dka<\/h2>\n<p>In\u0161tal\u00e1cia valcov na ramene si vy\u017eaduje d\u00f4kladn\u00fa pozornos\u0165 venovan\u00fa detailom, aby sa zabezpe\u010dila spr\u00e1vna funkcia a bezpe\u010dnos\u0165. Medzi tipy na in\u0161tal\u00e1ciu patria:<\/p>\n<h3>1. Umiestnenie<\/h3>\n<p>Presn\u00e9 umiestnenie valca, zabezpe\u010denie spr\u00e1vneho zarovnania so strojov\u00fdm zariaden\u00edm a pr\u00eddavn\u00fdm zariaden\u00edm.<\/p>\n<h3>2. Mont\u00e1\u017e<\/h3>\n<p>Valec bezpe\u010dne namontujte pomocou vhodn\u00fdch skrutiek a mat\u00edc, aby ste predi\u0161li uvo\u013eneniu spojov a vibr\u00e1ci\u00e1m.<\/p>\n<h3>3. Tesnenie<\/h3>\n<p>Zabezpe\u010denie spr\u00e1vneho utesnenia valca so strojov\u00fdm zariaden\u00edm a pr\u00edpojkou pomocou tesniacich komponentov, ako s\u00fa O-kr\u00fa\u017eky a tesnenia.<\/p>\n<h3>4. Testovanie<\/h3>\n<p>Testovanie valca ramena po in\u0161tal\u00e1cii za r\u00f4znych podmienok za\u0165a\u017eenia, zabezpe\u010denie spr\u00e1vneho v\u00fdkonu a bezpe\u010dnosti.<\/p>\n<p><img decoding=\"async\" src=\"https:\/\/www.hydraulic-cylinders.net\/wp-content\/uploads\/2025\/01\/songte-bushings-with-all-kinds-of-excavator-models.webp\" alt=\"Puzdr\u00e1 s modelmi bagrov\" \/><\/p>\n<h2>Bezpe\u010dnostn\u00e9 aspekty a faktory prostredia<\/h2>\n<p>Prev\u00e1dzka valca ramena vy\u017eaduje riadne bezpe\u010dnostn\u00e9 opatrenia a pozornos\u0165 venovan\u00e1 faktorom prostredia, ako s\u00fa:<\/p>\n<h3>1. Ochrana proti pre\u0165a\u017eeniu<\/h3>\n<p>Pou\u017e\u00edvanie zariaden\u00ed na ochranu proti pre\u0165a\u017eeniu, ako s\u00fa napr\u00edklad pretlakov\u00e9 ventily, zabezpe\u010duje bezpe\u010dn\u00fa prev\u00e1dzku pri r\u00f4znych podmienkach za\u0165a\u017eenia.<\/p>\n<h3>2. Podmienky prostredia<\/h3>\n<p>Vyh\u00fdbanie sa prev\u00e1dzke za nepriazniv\u00fdch podmienok prostredia, ako je vysok\u00e1 teplota, vlhkos\u0165 alebo koroz\u00edvne prostredie, aby sa predi\u0161lo po\u0161kodeniu a opotrebovaniu.<\/p>\n<h3>3. Bezpe\u010dnostn\u00e9 \u0161kolenie<\/h3>\n<p>Poskytovanie bezpe\u010dnostn\u00e9ho \u0161kolenia pre oper\u00e1torov a \u00fadr\u017eb\u00e1rov, zabezpe\u010denie spr\u00e1vnej prev\u00e1dzky a \u00fadr\u017eby valca.<\/p>\n<h2>Diagnostika por\u00fach a be\u017en\u00e9 probl\u00e9my<\/h2>\n<p>Medzi be\u017en\u00e9 probl\u00e9my a rie\u0161enia pre valce ramien patria:<\/p>\n<h3>1. \u00danik<\/h3>\n<p>Z valca unik\u00e1 olej kv\u00f4li po\u0161kodeniu tesnen\u00ed alebo nedostato\u010dn\u00e9mu utesneniu. Rie\u0161en\u00edm je v\u00fdmena po\u0161koden\u00fdch tesnen\u00ed alebo zlep\u0161enie utesnenia.<\/p>\n<h3>2. Oh\u00fdbanie piestnej ty\u010de<\/h3>\n<p>Piestna ty\u010d je ohnut\u00e1 v d\u00f4sledku pre\u0165a\u017eenia alebo nespr\u00e1vnej in\u0161tal\u00e1cie. Rie\u0161en\u00edm je v\u00fdmena piestnej ty\u010de a zabezpe\u010denie spr\u00e1vnej in\u0161tal\u00e1cie a prev\u00e1dzky.<\/p>\n<h3>3. Nedostato\u010dn\u00e1 sila<\/h3>\n<p>Valec nem\u00e1 dostato\u010dn\u00fa silu z d\u00f4vodu nedostato\u010dn\u00e9ho mno\u017estva oleja alebo po\u0161kodenia vn\u00fatorn\u00fdch komponentov. Rie\u0161en\u00edm je doplni\u0165 spr\u00e1vne mno\u017estvo hydraulick\u00e9ho oleja alebo vymeni\u0165 po\u0161koden\u00e9 komponenty.<\/p>\n<h3>4. Vibr\u00e1cie<\/h3>\n<p>Valec vibruje kv\u00f4li nespr\u00e1vnej in\u0161tal\u00e1cii alebo uvo\u013enen\u00e9mu spojeniu. Rie\u0161en\u00edm je zabezpe\u010di\u0165 spr\u00e1vnu in\u0161tal\u00e1ciu a dotiahnu\u0165 skrutky a matice.<\/p>\n<h2>O n\u00e1s<\/h2>\n<p>We are a professional manufacturer of replacement hydraulic cylinders with a wide range of products, becoming one of the leading hydraulic cylinder manufacturers and wholesale distributors in the domestic and international markets. We always adhere to the principle of excellent quality, relying on industrialized production management strategies in finely crafted workshops, continuously improving technology and production efficiency. Through the introduction of high-end digital manufacturing equipment and professional testing systems, we continuously optimize the manufacturing platform, improve product quality control processes, and have strong innovation capabilities. Our goal is to meet customers&#8217; diversified needs with efficient, accurate, and high-quality principles.<\/p>\n<p>Na\u0161a spolo\u010dnos\u0165 poskytuje profesion\u00e1lne slu\u017eby, medzin\u00e1rodn\u00e9 certifik\u00e1cie, z\u00e1kazkov\u00e9 slu\u017eby, v\u00fdrobn\u00e9 zariadenia a popredajn\u00fd servis.<\/p>\n<p><img decoding=\"async\" src=\"https:\/\/www.hydraulic-cylinders.net\/wp-content\/uploads\/2025\/01\/songte-company-4.webp\" alt=\"Spolo\u010dnos\u0165 4\" \/><br \/>\n<img decoding=\"async\" src=\"https:\/\/www.hydraulic-cylinders.net\/wp-content\/uploads\/2025\/01\/songte-company-3.webp\" alt=\"Spolo\u010dnos\u0165 3\" \/><\/p>\n<p>Autor: lyl<\/p>","protected":false},"excerpt":{"rendered":"<p>Arm Cylinder For JCHI NS220C Introduction The Arm Cylinder for JCHI NS220C is a specialized hydraulic cylinder designed to provide linear motion and power for various types of machinery arms such as excavators, cranes, and robotic arms. Arm cylinders play a crucial role in hydraulic systems, allowing attachments to move and be controlled efficiently. These [&hellip;]<\/p>","protected":false},"featured_media":14786,"comment_status":"open","ping_status":"closed","template":"","meta":{"_et_pb_use_builder":"","_et_pb_old_content":"","_et_gb_content_width":""},"product_brand":[],"product_cat":[1497],"product_tag":[1498,1496],"class_list":{"0":"post-16697","1":"product","2":"type-product","3":"status-publish","4":"has-post-thumbnail","6":"product_cat-arm-cylinders","7":"product_tag-arm-cylinders","8":"product_tag-hydraulic-cylinders","10":"first","11":"instock","12":"shipping-taxable","13":"product-type-simple"},"amp_enabled":true,"_links":{"self":[{"href":"https:\/\/www.hydraulic-cylinders.net\/sk\/wp-json\/wp\/v2\/product\/16697","targetHints":{"allow":["GET"]}}],"collection":[{"href":"https:\/\/www.hydraulic-cylinders.net\/sk\/wp-json\/wp\/v2\/product"}],"about":[{"href":"https:\/\/www.hydraulic-cylinders.net\/sk\/wp-json\/wp\/v2\/types\/product"}],"replies":[{"embeddable":true,"href":"https:\/\/www.hydraulic-cylinders.net\/sk\/wp-json\/wp\/v2\/comments?post=16697"}],"wp:featuredmedia":[{"embeddable":true,"href":"https:\/\/www.hydraulic-cylinders.net\/sk\/wp-json\/wp\/v2\/media\/14786"}],"wp:attachment":[{"href":"https:\/\/www.hydraulic-cylinders.net\/sk\/wp-json\/wp\/v2\/media?parent=16697"}],"wp:term":[{"taxonomy":"product_brand","embeddable":true,"href":"https:\/\/www.hydraulic-cylinders.net\/sk\/wp-json\/wp\/v2\/product_brand?post=16697"},{"taxonomy":"product_cat","embeddable":true,"href":"https:\/\/www.hydraulic-cylinders.net\/sk\/wp-json\/wp\/v2\/product_cat?post=16697"},{"taxonomy":"product_tag","embeddable":true,"href":"https:\/\/www.hydraulic-cylinders.net\/sk\/wp-json\/wp\/v2\/product_tag?post=16697"}],"curies":[{"name":"pracovn\u00fd list","href":"https:\/\/api.w.org\/{rel}","templated":true}]}}