{"id":16698,"date":"2025-01-21T05:47:49","date_gmt":"2025-01-21T05:47:49","guid":{"rendered":"https:\/\/www.hydraulic-cylinders.net\/product\/arm-cylinder-for-sinomach-zg3065-9\/"},"modified":"2025-01-21T05:47:51","modified_gmt":"2025-01-21T05:47:51","slug":"arm-cylinder-for-sinomach-zg3065-9","status":"publish","type":"product","link":"https:\/\/www.hydraulic-cylinders.net\/sk\/produkt\/arm-cylinder-for-sinomach-zg3065-9\/","title":{"rendered":"Valec ramena pre Sinomach ZG3065-9"},"content":{"rendered":"<h1>Valec ramena pre Sinomach ZG3065-9<\/h1>\n<h2>Defin\u00edcia a vysvetlenie:<\/h2>\n<p>Hydraulick\u00fd valec ramena je \u0161peci\u00e1lne navrhnut\u00fd hydraulick\u00fd valec, ktor\u00fd poskytuje line\u00e1rny pohyb a v\u00fdkon ramenu r\u00f4znych strojov, ako s\u00fa r\u00fdpadl\u00e1, \u017eeriavy a robotick\u00e9 ramen\u00e1. Zohr\u00e1va k\u013e\u00fa\u010dov\u00fa \u00falohu v hydraulick\u00fdch syst\u00e9moch, preto\u017ee umo\u017e\u0148uje efekt\u00edvny pohyb a ovl\u00e1danie dodato\u010dn\u00fdch n\u00e1strojov alebo pr\u00edslu\u0161enstva. Tieto valce nielen umo\u017e\u0148uj\u00fa plynul\u00fd pohyb, ale tie\u017e odol\u00e1vaj\u00fa \u0165a\u017ek\u00fdm za\u0165a\u017eeniam, \u010d\u00edm zabezpe\u010duj\u00fa efekt\u00edvnu prev\u00e1dzku a spo\u013eahlivos\u0165 strojov v r\u00f4znych pracovn\u00fdch podmienkach.<\/p>\n<p><img decoding=\"async\" src=\"https:\/\/www.hydraulic-cylinders.net\/wp-content\/uploads\/2025\/01\/songte-company-2.webp\" alt=\"Valec ramena\" \/><\/p>\n<h2>Vlastnosti:<\/h2>\n<ul>\n<li><strong>Vysoko\u00fa\u010dinn\u00fd prenos:<\/strong> Valec ramena poskytuje siln\u00fd line\u00e1rny pohyb a silu, \u010d\u00edm zais\u0165uje vysok\u00fd v\u00fdkon mechanick\u00e9ho ramena pri r\u00f4znych oper\u00e1ci\u00e1ch.<\/li>\n<li><strong>Presn\u00e9 ovl\u00e1danie:<\/strong> V\u010faka hydraulick\u00e9mu syst\u00e9mu dosahuje valec ramena presn\u00e9 ovl\u00e1danie pohybu, v\u010faka \u010domu je ovl\u00e1danie pripojen\u00e9ho n\u00e1radia flexibilnej\u0161ie a presnej\u0161ie.<\/li>\n<li><strong>Trvanlivos\u0165:<\/strong> Valce ramien sa zvy\u010dajne vyr\u00e1baj\u00fa z vysokopevnostn\u00fdch materi\u00e1lov, ktor\u00e9 pon\u00fakaj\u00fa vynikaj\u00facu odolnos\u0165 vo\u010di opotrebovaniu a kor\u00f3zii, v\u010faka \u010domu s\u00fa vhodn\u00e9 na dlhodob\u00e9 pou\u017e\u00edvanie v n\u00e1ro\u010dn\u00fdch podmienkach.<\/li>\n<li><strong>Multifunk\u010dn\u00e1 prisp\u00f4sobivos\u0165:<\/strong> Tieto valce sa daj\u00fa \u0161iroko pou\u017e\u00edva\u0165 v r\u00f4znych typoch strojov, ako s\u00fa bagre, \u017eeriavy a robotick\u00e9 ramen\u00e1, a prisp\u00f4sobuj\u00fa sa r\u00f4znym po\u017eiadavk\u00e1m pr\u00e1ce.<\/li>\n<li><strong>Jednoduch\u00e1 \u00fadr\u017eba:<\/strong> Kon\u0161trukcia zoh\u013ead\u0148uje jednoduch\u00fa \u00fadr\u017ebu a v\u00fdmenu, \u010do u\u013eah\u010duje pravideln\u00e9 kontroly a \u00fadr\u017ebu a skracuje prestoje zariaden\u00ed.<\/li>\n<\/ul>\n<p><img decoding=\"async\" src=\"https:\/\/www.hydraulic-cylinders.net\/wp-content\/uploads\/2025\/01\/songte-oil-pipes-and-spare-parts.webp\" alt=\"N\u00e1hradn\u00e9 diely pre hydraulick\u00e9 valce\" \/><\/p>\n<h2>Aplik\u00e1cie:<\/h2>\n<p>Valce ramien nach\u00e1dzaj\u00fa uplatnenie v r\u00f4znych odvetviach:<\/p>\n<ul>\n<li><strong>Stavebn\u00e9 in\u017einierstvo:<\/strong> V r\u00fdpadl\u00e1ch a \u017eeriavoch ovl\u00e1daj\u00fa valce ramena pohyb vedier alebo ramien v\u00fdlo\u017en\u00edka pri zemn\u00fdch pr\u00e1cach, manipul\u00e1cii s materi\u00e1lom a mont\u00e1\u017ei kon\u0161trukci\u00ed.<\/li>\n<li><strong>V\u00fdroba:<\/strong> V automatizovan\u00fdch v\u00fdrobn\u00fdch link\u00e1ch umo\u017e\u0148uj\u00fa valce ramien pohyb robotick\u00fdch ramien pri mont\u00e1\u017enych, zv\u00e1rac\u00edch a manipula\u010dn\u00fdch procesoch, \u010d\u00edm sa zlep\u0161uje efektivita a presnos\u0165 v\u00fdroby.<\/li>\n<li><strong>Po\u013enohospod\u00e1rske stroje:<\/strong> Valce ramien ovl\u00e1daj\u00fa ovl\u00e1dacie rameno v po\u013enohospod\u00e1rskych strojoch, ako s\u00fa zbera\u010de a seja\u010dky, a vykon\u00e1vaj\u00fa \u00falohy ako siatie, hnojenie a zber \u00farody.<\/li>\n<li><strong>\u0164a\u017eba:<\/strong> V bansk\u00fdch zariadeniach ovl\u00e1daj\u00fa valce ramena pohyb ramena pri \u0165a\u017ebe a manipul\u00e1cii s materi\u00e1lom.<\/li>\n<li><strong>Logistika a doprava:<\/strong> Vo vysokozdvi\u017en\u00fdch voz\u00edkoch a manipula\u010dn\u00fdch robotoch ovl\u00e1daj\u00fa valce ramien zdv\u00edhanie a pohyb vidl\u00edc, \u010do u\u013eah\u010duje manipul\u00e1ciu s materi\u00e1lom a stohovanie.<\/li>\n<\/ul>\n<h2>\u00davahy o dizajne a krit\u00e9ri\u00e1 v\u00fdberu:<\/h2>\n<p>Pri navrhovan\u00ed valcov ramena je k\u013e\u00fa\u010dov\u00fdch nieko\u013eko faktorov a v\u00fdberov\u00fdch krit\u00e9ri\u00ed:<\/p>\n<ul>\n<li><strong>Nosnos\u0165:<\/strong> Valec ramena by mal by\u0165 navrhnut\u00fd tak, aby vydr\u017eal po\u017eadovan\u00fa nosnos\u0165 pre konkr\u00e9tnu aplik\u00e1ciu.<\/li>\n<li><strong>Tesnenie:<\/strong> V ramenn\u00fdch valcoch sa pou\u017e\u00edvaj\u00fa r\u00f4zne tesniace prvky, ako s\u00fa tesnenia piestov a tesnenia ty\u010d\u00ed. Tieto tesnenia s\u00fa vyroben\u00e9 z materi\u00e1lov odoln\u00fdch vo\u010di opotrebovaniu, ako je polyuret\u00e1n a nitrilov\u00fd kau\u010duk. Teleso valca a z\u00e1vitov\u00e9 konce prech\u00e1dzaj\u00fa jemn\u00fdm opracovan\u00edm, aby sa zv\u00fd\u0161ila odolnos\u0165 vo\u010di opotrebovaniu.<\/li>\n<li><strong>Trvanlivos\u0165:<\/strong> Valce ramien by mali by\u0165 odoln\u00e9, aby odolali n\u00e1ro\u010dn\u00fdm prev\u00e1dzkov\u00fdm podmienkam a zabezpe\u010dili dlhodob\u00fa spo\u013eahlivos\u0165.<\/li>\n<li><strong>Bezpe\u010dnos\u0165:<\/strong> Bezpe\u010dnostn\u00e9 aspekty s\u00fa nevyhnutn\u00e9 na predch\u00e1dzanie nehod\u00e1m po\u010das prev\u00e1dzky. Do n\u00e1vrhu by mali by\u0165 za\u010dlenen\u00e9 vhodn\u00e9 bezpe\u010dnostn\u00e9 mechanizmy.<\/li>\n<li><strong>Udr\u017eiavate\u013enos\u0165:<\/strong> Valce ramien by mali by\u0165 navrhnut\u00e9 pre jednoduch\u00fa \u00fadr\u017ebu a opravy, \u010d\u00edm sa skr\u00e1tia prestoje a zabezpe\u010d\u00ed efekt\u00edvna prev\u00e1dzka.<\/li>\n<\/ul>\n<p><img decoding=\"async\" src=\"https:\/\/www.hydraulic-cylinders.net\/wp-content\/uploads\/2025\/01\/songte-cylinder-head-with-all-kinds-excavator-models.webp\" alt=\"Hlava valcov s modelmi bagrov\" \/><\/p>\n<h2>Tesnenie a mazanie:<\/h2>\n<p>Valce ramena pou\u017e\u00edvaj\u00fa r\u00f4zne tesniace komponenty, ako s\u00fa tesnenia piestov a tesnenia ty\u010d\u00ed, vyroben\u00e9 z materi\u00e1lov odoln\u00fdch vo\u010di opotrebovaniu, ako je polyuret\u00e1n a nitrilov\u00fd kau\u010duk. Teleso valca a z\u00e1vitov\u00e9 konce prech\u00e1dzaj\u00fa jemn\u00fdm opracovan\u00edm, aby sa zv\u00fd\u0161ila odolnos\u0165 vo\u010di opotrebovaniu. Spr\u00e1vne mazanie hydraulick\u00fdm olejom je nevyhnutn\u00e9 pre udr\u017eanie hladk\u00e9ho chodu a pred\u013a\u017eenie \u017eivotnosti tesnen\u00ed.<\/p>\n<h2>Pravideln\u00e1 kontrola a prevent\u00edvna \u00fadr\u017eba:<\/h2>\n<p>Pre zabezpe\u010denie optim\u00e1lneho v\u00fdkonu a dlhej \u017eivotnosti valca ramena s\u00fa pravideln\u00e9 kontroly a prevent\u00edvna \u00fadr\u017eba nevyhnutn\u00e9. Medzi k\u013e\u00fa\u010dov\u00e9 opatrenia patria:<\/p>\n<ul>\n<li>Kontrola valca, \u010di nevykazuje zn\u00e1mky opotrebovania, \u00faniku alebo po\u0161kodenia.<\/li>\n<li>Kontrola a v\u00fdmena tesnen\u00ed alebo in\u00fdch komponentov pod\u013ea potreby.<\/li>\n<li>Zabezpe\u010denie spr\u00e1vneho mazania a pravideln\u00e9 dop\u013a\u0148anie hydraulick\u00e9ho oleja.<\/li>\n<li>Utiahnutie ak\u00fdchko\u013evek uvo\u013enen\u00fdch spojov.<\/li>\n<li>Overenie fungovania a v\u00fdkonu bezpe\u010dnostn\u00fdch prvkov.<\/li>\n<\/ul>\n<h2>Pokyny na in\u0161tal\u00e1ciu:<\/h2>\n<p>Spr\u00e1vna in\u0161tal\u00e1cia valca ramena je nevyhnutn\u00e1 pre jeho optim\u00e1lny v\u00fdkon a dlh\u00fa \u017eivotnos\u0165. Dodr\u017eujte tieto pokyny:<\/p>\n<ul>\n<li>Uistite sa, \u017ee mont\u00e1\u017eny povrch je \u010dist\u00fd a bez ne\u010dist\u00f4t.<\/li>\n<li>Valec spr\u00e1vne zarovnajte s mont\u00e1\u017enymi otvormi.<\/li>\n<li>Valec bezpe\u010dne pripevnite pomocou vhodn\u00fdch skrutiek alebo upev\u0148ovac\u00edch prvkov.<\/li>\n<li>Zabezpe\u010dte spr\u00e1vne zarovnanie piestnej ty\u010de s pripojen\u00fdm ramenom alebo n\u00e1strojom.<\/li>\n<li>V pr\u00edpade ak\u00fdchko\u013evek \u010fal\u0161\u00edch po\u017eiadaviek na in\u0161tal\u00e1ciu \u0161pecifick\u00fdch pre model ramenn\u00e9ho valca postupujte pod\u013ea pokynov v\u00fdrobcu.<\/li>\n<\/ul>\n<p><img decoding=\"async\" src=\"https:\/\/www.hydraulic-cylinders.net\/wp-content\/uploads\/2025\/01\/songte-bushings-with-all-kinds-of-excavator-models.webp\" alt=\"Puzdr\u00e1 s modelmi bagrov\" \/><\/p>\n<h2>Bezpe\u010dnostn\u00e9 aspekty a faktory prostredia:<\/h2>\n<p>Pri pr\u00e1ci s valcami ramena s\u00fa bezpe\u010dnostn\u00e9 opatrenia mimoriadne d\u00f4le\u017eit\u00e9, aby sa predi\u0161lo nehod\u00e1m a zabezpe\u010dila sa pohoda obsluhy. Je nevyhnutn\u00e9 pr\u00edsne dodr\u017eiava\u0165 bezpe\u010dnostn\u00e9 pokyny, ako je nosenie vhodn\u00fdch ochrann\u00fdch prostriedkov a implement\u00e1cia spr\u00e1vnych postupov uzamknutia a ozna\u010denia. Na zabezpe\u010denie optim\u00e1lneho v\u00fdkonu a \u017eivotnosti valca ramena by sa mali zv\u00e1\u017ei\u0165 aj faktory prostredia, ako je teplota a vystavenie chemik\u00e1li\u00e1m alebo abraz\u00edvnym materi\u00e1lom.<\/p>\n<h2>Rie\u0161enie probl\u00e9mov a be\u017en\u00e9 probl\u00e9my:<\/h2>\n<p>V pr\u00edpade ak\u00fdchko\u013evek probl\u00e9mov alebo por\u00fach m\u00f4\u017ee rie\u0161enie probl\u00e9mov pom\u00f4c\u0165 identifikova\u0165 a vyrie\u0161i\u0165 probl\u00e9my. Medzi be\u017en\u00e9 probl\u00e9my patr\u00ed \u00fanik, nedostato\u010dn\u00fd v\u00fdkon a nepravideln\u00fd pohyb. Tu je nieko\u013eko tipov a rie\u0161en\u00ed:<\/p>\n<ul>\n<li><strong>\u00danik:<\/strong> Skontrolujte, \u010di nie s\u00fa po\u0161koden\u00e9 tesnenia alebo uvo\u013enen\u00e9 spoje. Vyme\u0148te v\u0161etky chybn\u00e9 tesnenia a v pr\u00edpade potreby dotiahnite spoje.<\/li>\n<li><strong>Nedostato\u010dn\u00fd v\u00fdkon:<\/strong> Skontrolujte, \u010di je hydraulick\u00fd syst\u00e9m spr\u00e1vne natlakovan\u00fd. Skontrolujte, \u010di v syst\u00e9me nie s\u00fa nejak\u00e9 blok\u00e1dy alebo obmedzenia. Skontrolujte valec, \u010di nem\u00e1 po\u0161koden\u00e9 alebo opotrebovan\u00e9 komponenty.<\/li>\n<li><strong>Nepravideln\u00fd pohyb:<\/strong> Zabezpe\u010dte spr\u00e1vne mazanie valca. Skontrolujte, \u010di nie s\u00fa pohybliv\u00e9 \u010dasti nespr\u00e1vne zarovnan\u00e9 alebo zaseknut\u00e9. Skontrolujte regula\u010dn\u00e9 ventily a ostatn\u00e9 hydraulick\u00e9 komponenty, \u010di nevykazuj\u00fa nejak\u00e9 probl\u00e9my.<\/li>\n<\/ul>\n<p>Dodr\u017eiavan\u00edm t\u00fdchto tipov na rie\u0161enie probl\u00e9mov a implement\u00e1ciou prevent\u00edvnych opatren\u00ed je mo\u017en\u00e9 minimalizova\u0165 potenci\u00e1lne probl\u00e9my a optimalizova\u0165 v\u00fdkon valca ramena.<\/p>\n<p><img decoding=\"async\" src=\"https:\/\/www.hydraulic-cylinders.net\/wp-content\/uploads\/2025\/01\/songte-chushion-collar.webp\" alt=\"Vank\u00fa\u0161ov\u00fd golier\" \/><\/p>\n<p>Nezabudnite \u010dl\u00e1nok logicky usporiada\u0165, pre jednoduch\u0161iu navig\u00e1ciu pou\u017e\u00edva\u0165 podnadpisy, pre lep\u0161ie pochopenie zahrn\u00fa\u0165 relevantn\u00e9 obr\u00e1zky alebo diagramy a zabezpe\u010di\u0165, aby bol obsah jasn\u00fd, stru\u010dn\u00fd a vhodn\u00fd pre \u010ditate\u013eov s r\u00f4znymi \u00farov\u0148ami technick\u00fdch znalost\u00ed.<\/p>\n<h2>O n\u00e1s:<\/h2>\n<p>Sme profesion\u00e1lny v\u00fdrobca hydraulick\u00fdch valcov a \u0161pecializujeme sa na poskytovanie n\u00e1hradn\u00fdch dielov pre \u0161irok\u00fa \u0161k\u00e1lu hydraulick\u00fdch valcov. V\u010faka rozmanit\u00e9mu sortimentu produktov sme sa stali jedn\u00fdm z popredn\u00fdch v\u00fdrobcov a ve\u013ekoobchodn\u00fdch distrib\u00fatorov na dom\u00e1com aj medzin\u00e1rodnom trhu. Dodr\u017eiavame z\u00e1sadu vynikaj\u00facej kvality a neust\u00e1le zlep\u0161ujeme na\u0161e technologick\u00e9 mo\u017enosti a efektivitu v\u00fdroby. Zav\u00e1dzan\u00edm pokro\u010dil\u00fdch digit\u00e1lnych v\u00fdrobn\u00fdch zariaden\u00ed a profesion\u00e1lnych kontroln\u00fdch syst\u00e9mov optimalizujeme na\u0161u v\u00fdrobn\u00fa platformu a zlep\u0161ujeme procesy kontroly kvality na\u0161ich v\u00fdrobkov. Na\u0161\u00edm cie\u013eom je uspokoji\u0165 rozmanit\u00e9 potreby z\u00e1kazn\u00edkov s vysokou efektivitou, presnos\u0165ou a vysoko kvalitn\u00fdmi produktmi.<\/p>\n<p><img decoding=\"async\" src=\"https:\/\/www.hydraulic-cylinders.net\/wp-content\/uploads\/2025\/01\/songte-company-4.webp\" alt=\"Budova spolo\u010dnosti\" \/><br \/>\n<img","protected":false},"excerpt":{"rendered":"<p>Arm Cylinder for Sinomach ZG3065-9 Definition and Explanation: The arm cylinder is a specially designed hydraulic cylinder that provides linear motion and power to the arm of various machinery, such as excavators, cranes, and robotic arms. It plays a crucial role in hydraulic systems, allowing for efficient movement and control of additional tools or attachments. [&hellip;]<\/p>","protected":false},"featured_media":14783,"comment_status":"open","ping_status":"closed","template":"","meta":{"_et_pb_use_builder":"","_et_pb_old_content":"","_et_gb_content_width":""},"product_brand":[],"product_cat":[1497],"product_tag":[1498,1496],"class_list":{"0":"post-16698","1":"product","2":"type-product","3":"status-publish","4":"has-post-thumbnail","6":"product_cat-arm-cylinders","7":"product_tag-arm-cylinders","8":"product_tag-hydraulic-cylinders","10":"first","11":"instock","12":"shipping-taxable","13":"product-type-simple"},"amp_enabled":true,"_links":{"self":[{"href":"https:\/\/www.hydraulic-cylinders.net\/sk\/wp-json\/wp\/v2\/product\/16698","targetHints":{"allow":["GET"]}}],"collection":[{"href":"https:\/\/www.hydraulic-cylinders.net\/sk\/wp-json\/wp\/v2\/product"}],"about":[{"href":"https:\/\/www.hydraulic-cylinders.net\/sk\/wp-json\/wp\/v2\/types\/product"}],"replies":[{"embeddable":true,"href":"https:\/\/www.hydraulic-cylinders.net\/sk\/wp-json\/wp\/v2\/comments?post=16698"}],"wp:featuredmedia":[{"embeddable":true,"href":"https:\/\/www.hydraulic-cylinders.net\/sk\/wp-json\/wp\/v2\/media\/14783"}],"wp:attachment":[{"href":"https:\/\/www.hydraulic-cylinders.net\/sk\/wp-json\/wp\/v2\/media?parent=16698"}],"wp:term":[{"taxonomy":"product_brand","embeddable":true,"href":"https:\/\/www.hydraulic-cylinders.net\/sk\/wp-json\/wp\/v2\/product_brand?post=16698"},{"taxonomy":"product_cat","embeddable":true,"href":"https:\/\/www.hydraulic-cylinders.net\/sk\/wp-json\/wp\/v2\/product_cat?post=16698"},{"taxonomy":"product_tag","embeddable":true,"href":"https:\/\/www.hydraulic-cylinders.net\/sk\/wp-json\/wp\/v2\/product_tag?post=16698"}],"curies":[{"name":"pracovn\u00fd list","href":"https:\/\/api.w.org\/{rel}","templated":true}]}}