{"id":16702,"date":"2025-01-21T05:48:10","date_gmt":"2025-01-21T05:48:10","guid":{"rendered":"https:\/\/www.hydraulic-cylinders.net\/product\/arm-cylinder-for-jove-jv70-7\/"},"modified":"2025-01-21T05:48:12","modified_gmt":"2025-01-21T05:48:12","slug":"arm-cylinder-for-jove-jv70-7","status":"publish","type":"product","link":"https:\/\/www.hydraulic-cylinders.net\/sk\/produkt\/arm-cylinder-for-jove-jv70-7\/","title":{"rendered":"Valec ramena pre Jove JV70-7"},"content":{"rendered":"<h2>Valec ramena pre Jove JV70-7<\/h2>\n<p>Hydraulick\u00fd valec ramena je \u0161peci\u00e1lne navrhnut\u00fd hydraulick\u00fd valec, ktor\u00fd sa pou\u017e\u00edva hlavne na zabezpe\u010denie line\u00e1rneho pohybu a v\u00fdkonu ramien r\u00f4znych typov strojov, ako s\u00fa r\u00fdpadl\u00e1, \u017eeriavy a mechanick\u00e9 ramen\u00e1. Valec ramena zohr\u00e1va k\u013e\u00fa\u010dov\u00fa \u00falohu v hydraulick\u00fdch syst\u00e9moch, preto\u017ee umo\u017e\u0148uje efekt\u00edvny pohyb a ovl\u00e1danie pripojen\u00e9ho n\u00e1radia alebo pr\u00edslu\u0161enstva. Tieto valce nielen dosahuj\u00fa plynul\u00fd pohyb, ale tie\u017e odol\u00e1vaj\u00fa \u0165a\u017ek\u00fdm za\u0165a\u017eeniam, \u010d\u00edm zabezpe\u010duj\u00fa efekt\u00edvnu prev\u00e1dzku a spo\u013eahlivos\u0165 strojov v r\u00f4znych pracovn\u00fdch podmienkach.<\/p>\n<p><img decoding=\"async\" src=\"https:\/\/www.hydraulic-cylinders.net\/wp-content\/uploads\/2025\/01\/songte-company-2.webp\" alt=\"Obr\u00e1zok valca ramena\"><\/p>\n<h2>Funkcie<\/h2>\n<ul>\n<li>\n<h3>Vysoko\u00fa\u010dinn\u00fd pohon<\/h3>\n<p>  Valec ramena poskytuje siln\u00fd line\u00e1rny pohyb a silu, \u010d\u00edm zais\u0165uje vysok\u00fa \u00fa\u010dinnos\u0165 pri r\u00f4znych oper\u00e1ci\u00e1ch.<\/li>\n<li>\n<h3>Presn\u00e9 ovl\u00e1danie<\/h3>\n<p>  V\u010faka hydraulick\u00e9mu syst\u00e9mu dok\u00e1\u017ee valec ramena dosiahnu\u0165 presn\u00e9 ovl\u00e1danie pohybu, v\u010faka \u010domu je ovl\u00e1danie pripojen\u00e9ho n\u00e1radia flexibilnej\u0161ie a presnej\u0161ie.<\/li>\n<li>\n<h3>Siln\u00e1 odolnos\u0165<\/h3>\n<p>  Valce ramien s\u00fa zvy\u010dajne vyroben\u00e9 z vysoko pevn\u00fdch materi\u00e1lov, ktor\u00e9 maj\u00fa dobr\u00fa odolnos\u0165 vo\u010di opotrebovaniu a kor\u00f3zii, v\u010faka \u010domu s\u00fa vhodn\u00e9 na dlhodob\u00e9 pou\u017e\u00edvanie v n\u00e1ro\u010dn\u00fdch podmienkach.<\/li>\n<li>\n<h3>Multifunk\u010dn\u00e1 prisp\u00f4sobivos\u0165<\/h3>\n<p>  Tieto valce sa daj\u00fa \u0161iroko pou\u017e\u00edva\u0165 v r\u00f4znych typoch strojov, ako s\u00fa bagre, \u017eeriavy a mechanick\u00e9 ramen\u00e1, a sp\u013a\u0148aj\u00fa r\u00f4zne pracovn\u00e9 po\u017eiadavky.<\/li>\n<li>\n<h3>Jednoduch\u00e1 \u00fadr\u017eba<\/h3>\n<p>  Tieto valce ramien s\u00fa navrhnut\u00e9 pre jednoduch\u00fa \u00fadr\u017ebu a v\u00fdmenu, v\u010faka \u010domu s\u00fa pravideln\u00e9 kontroly a \u00fadr\u017eba pohodlnej\u0161ie a skracuj\u00fa prestoje zariaden\u00ed.<\/li>\n<\/ul>\n<p>Tento produkt vieme vyrobi\u0165 a n\u00e1\u0161 produkt dok\u00e1\u017ee dokonale nahradi\u0165 tieto hydraulick\u00e9 valce.<\/p>\n<p><img decoding=\"async\" src=\"https:\/\/www.hydraulic-cylinders.net\/wp-content\/uploads\/2025\/01\/songte-oil-pipes-and-spare-parts.webp\" alt=\"Obr\u00e1zok n\u00e1hradn\u00fdch dielov valca ramena\"><\/p>\n<h2>Aplik\u00e1cie<\/h2>\n<ul>\n<li>\n<h3>Stavebn\u00edctvo<\/h3>\n<p>  V r\u00fdpadl\u00e1ch a \u017eeriavoch sa valce ramena pou\u017e\u00edvaj\u00fa na ovl\u00e1danie pohybu vedra alebo v\u00fdlo\u017en\u00edka pri zemn\u00fdch pr\u00e1cach, manipul\u00e1cii s materi\u00e1lom a mont\u00e1\u017ei kon\u0161trukci\u00ed.<\/li>\n<li>\n<h3>V\u00fdroba<\/h3>\n<p>  V automatizovan\u00fdch v\u00fdrobn\u00fdch link\u00e1ch sa valce ramien pou\u017e\u00edvaj\u00fa na pohyb mechanick\u00fdch ramien pri mont\u00e1\u017ei, zv\u00e1ran\u00ed a manipul\u00e1cii, \u010d\u00edm sa zvy\u0161uje efektivita a presnos\u0165 v\u00fdroby.<\/li>\n<li>\n<h3>Po\u013enohospod\u00e1rske stroje<\/h3>\n<p>  V po\u013enohospod\u00e1rskych strojoch, ako s\u00fa zbera\u010de a seja\u010dky, riadia valce ramena pohyb ovl\u00e1dacieho ramena pri \u00faloh\u00e1ch, ako je siatie, hnojenie a zber \u00farody.<\/li>\n<li>\n<h3>\u0164a\u017eba<\/h3>\n<p>  V bansk\u00fdch zariadeniach sa valce ramien pou\u017e\u00edvaj\u00fa na ovl\u00e1danie pohybu ramien bansk\u00fdch zariaden\u00ed pri \u0165a\u017ebe a manipul\u00e1cii s rudou.<\/li>\n<li>\n<h3>Logistika a doprava<\/h3>\n<p>  Vo vysokozdvi\u017en\u00fdch voz\u00edkoch a manipula\u010dn\u00fdch robotoch sa valce ramien pou\u017e\u00edvaj\u00fa na ovl\u00e1danie zdv\u00edhania a pohybu vidl\u00edc, \u010d\u00edm sa dosahuje manipul\u00e1cia s materi\u00e1lom a stohovanie.<\/li>\n<\/ul>\n<h2>\u00davahy o dizajne a krit\u00e9ri\u00e1 v\u00fdberu<\/h2>\n<ul>\n<li>\n<h3>Nosnos\u0165<\/h3>\n<p>  Valec ramena by mal ma\u0165 dostato\u010dn\u00fa nosnos\u0165, aby odolal za\u0165a\u017eeniu vyv\u00edjan\u00e9mu po\u010das prev\u00e1dzky.<\/li>\n<li>\n<h3>Tesniaci v\u00fdkon<\/h3>\n<p>  Valec ramena by mal ma\u0165 dobr\u00fd tesniaci v\u00fdkon, aby sa zabr\u00e1nilo \u00faniku oleja a udr\u017eiaval sa spr\u00e1vny tlak v hydraulickom syst\u00e9me.<\/li>\n<li>\n<h3>Trvanlivos\u0165<\/h3>\n<p>  Valec ramena by mal by\u0165 vyroben\u00fd z vysoko kvalitn\u00fdch materi\u00e1lov, ktor\u00e9 maj\u00fa dobr\u00fa odolnos\u0165 proti opotrebovaniu a kor\u00f3zii, \u010do zaru\u010duje dlhodob\u00fa a spo\u013eahliv\u00fa prev\u00e1dzku.<\/li>\n<li>\n<h3>Bezpe\u010dnos\u0165<\/h3>\n<p>  Valec ramena by mal ma\u0165 bezpe\u010dnostn\u00e9 prvky, ako je ochrana proti pre\u0165a\u017eeniu, ktor\u00e9 zabezpe\u010duj\u00fa bezpe\u010dn\u00fa prev\u00e1dzku v r\u00f4znych pracovn\u00fdch podmienkach.<\/li>\n<li>\n<h3>Udr\u017eiavate\u013enos\u0165<\/h3>\n<p>  Valec ramena by mal by\u0165 navrhnut\u00fd tak, aby sa u\u013eah\u010dila \u00fadr\u017eba a v\u00fdmena, \u010d\u00edm sa zn\u00ed\u017eia prestoje zariadenia a n\u00e1klady na \u00fadr\u017ebu.<\/li>\n<\/ul>\n<p><img decoding=\"async\" src=\"https:\/\/www.hydraulic-cylinders.net\/wp-content\/uploads\/2025\/01\/songte-cylinder-head-with-all-kinds-excavator-models.webp\" alt=\"Obr\u00e1zok hlavy valcov ramena\"><\/p>\n<h2>Tesnenie a mazanie<\/h2>\n<p>Valec ramena by mal pou\u017e\u00edva\u0165 r\u00f4zne tesniace komponenty, ako s\u00fa tesnenia piestov, tesnenia ty\u010d\u00ed at\u010f. Tesniace komponenty by mali by\u0165 vyroben\u00e9 z materi\u00e1lov odoln\u00fdch vo\u010di opotrebovaniu, ako je polyuret\u00e1n a nitrilov\u00fd kau\u010duk. Teleso valca a povrch z\u00e1vitu by mali by\u0165 jemne opracovan\u00e9, aby sa zlep\u0161ila odolnos\u0165 vo\u010di opotrebovaniu. Je potrebn\u00e9 pravidelne maza\u0165 a na zabezpe\u010denie mazania by sa malo prida\u0165 vhodn\u00e9 mno\u017estvo hydraulick\u00e9ho oleja.<\/p>\n<p><img decoding=\"async\" src=\"https:\/\/www.hydraulic-cylinders.net\/wp-content\/uploads\/2025\/01\/songte-chushion-collar.webp\" alt=\"Obr\u00e1zok obojok valca na ruke\"><\/p>\n<h2>\u00dadr\u017eba a odstra\u0148ovanie probl\u00e9mov<\/h2>\n<p>Pravideln\u00e1 kontrola a prevent\u00edvna \u00fadr\u017eba s\u00fa nevyhnutn\u00e9 na zabezpe\u010denie spr\u00e1vnej prev\u00e1dzky valca ramena. Medzi be\u017en\u00e9 probl\u00e9my s valcami ramena patr\u00ed \u00fanik oleja, po\u0161kodenie tesnen\u00ed a nedostato\u010dn\u00fd tlak. Tipy na rie\u0161enie probl\u00e9mov a rie\u0161enia n\u00e1jdete v n\u00e1vode na pou\u017eitie. Aby sa minimalizovali potenci\u00e1lne probl\u00e9my, odpor\u00fa\u010da sa, aby pou\u017e\u00edvatelia dodr\u017eiavali pokyny na pou\u017eitie a vykon\u00e1vali pravideln\u00fa \u00fadr\u017ebu.<\/p>\n<h2>In\u0161tala\u010dn\u00e1 pr\u00edru\u010dka<\/h2>\n<p>Pred in\u0161tal\u00e1ciou sa uistite, \u017ee valec ramena sp\u013a\u0148a po\u017eiadavky stroja a je spr\u00e1vne nain\u0161talovan\u00fd pod\u013ea \u0161pecifik\u00e1ci\u00ed v pou\u017e\u00edvate\u013eskej pr\u00edru\u010dke. Na in\u0161tal\u00e1ciu pou\u017eite vhodn\u00e9 n\u00e1stroje a vybavenie a uistite sa, \u017ee v\u0161etky spoje s\u00fa spr\u00e1vne utiahnut\u00e9. Pred prev\u00e1dzkou skontrolujte tesnos\u0165 hydraulick\u00e9ho syst\u00e9mu a spr\u00e1vny tlak.<\/p>\n<p><img decoding=\"async\" src=\"https:\/\/www.hydraulic-cylinders.net\/wp-content\/uploads\/2025\/01\/songte-bushings-with-all-kinds-of-excavator-models.webp\" alt=\"Obr\u00e1zok puzdier valcov ramena\"><\/p>\n<h2>O n\u00e1s<\/h2>\n<p>Sme profesion\u00e1lny v\u00fdrobca n\u00e1hradn\u00fdch hydraulick\u00fdch valcov so \u0161irokou \u0161k\u00e1lou produktov a stali sme sa jedn\u00fdm z popredn\u00fdch v\u00fdrobcov a ve\u013ekoobchodn\u00fdch distrib\u00fatorov hydraulick\u00fdch valcov na dom\u00e1com aj medzin\u00e1rodnom trhu. V\u017edy dodr\u017eiavame z\u00e1sadu vynikaj\u00facej kvality a spoliehame sa na industrializovan\u00e9 strat\u00e9gie riadenia v\u00fdroby v na\u0161ej sofistikovanej v\u00fdrobnej dielni, aby sme neust\u00e1le zlep\u0161ovali na\u0161u technologick\u00fa \u00farove\u0148 a efekt\u00edvnos\u0165 v\u00fdroby. Zav\u00e1dzan\u00edm \u0161pi\u010dkov\u00fdch digit\u00e1lnych v\u00fdrobn\u00fdch zariaden\u00ed a profesion\u00e1lnych testovac\u00edch syst\u00e9mov neust\u00e1le optimalizujeme na\u0161u v\u00fdrobn\u00fa platformu, zlep\u0161ujeme proces kontroly kvality na\u0161ich v\u00fdrobkov a m\u00e1me siln\u00e9 inova\u010dn\u00e9 schopnosti. Na\u0161\u00edm cie\u013eom je uspokoji\u0165 rozmanit\u00e9 potreby z\u00e1kazn\u00edkov s vysokou \u00fa\u010dinnos\u0165ou, presnos\u0165ou a princ\u00edpmi vysokej kvality.<\/p>\n<h2>Na\u0161e v\u00fdhody<\/h2>\n<ul>\n<li>\n<h3>Profesionalita<\/h3>\n<p>  N\u00e1\u0161 t\u00edm sa sklad\u00e1 z profesion\u00e1lnych a sk\u00fasen\u00fdch odborn\u00edkov na hydraulick\u00e9 valce, \u010do zabezpe\u010duje kvalitu a v\u00fdkon na\u0161ich produktov.<\/li>\n<li>\n<h3>Medzin\u00e1rodn\u00e1 certifik\u00e1cia<\/h3>\n<p>  Na\u0161e v\u00fdrobky z\u00edskali medzin\u00e1rodn\u00fa certifik\u00e1ciu syst\u00e9mu mana\u017e\u00e9rstva kvality ISO9001, ktor\u00e1 zaru\u010duje kvalitu a bezpe\u010dnos\u0165 v\u00fdrobkov.<\/li>\n<li>\n<h3>Slu\u017eby na mieru<\/h3>\n<p>  M\u00f4\u017eeme poskytn\u00fa\u0165 prisp\u00f4soben\u00e9 slu\u017eby pod\u013ea potrieb z\u00e1kazn\u00edkov a poskytn\u00fa\u0165 rie\u0161enia hydraulick\u00fdch valcov na mieru.<\/li>\n<li>\n<h3>V\u00fdrobn\u00e9 zariadenia<\/h3>\n<p>  Pou\u017e\u00edvame pokro\u010dil\u00e9 digit\u00e1lne v\u00fdrobn\u00e9 zariadenia, aby sme zabezpe\u010dili presnos\u0165 a kvalitu v\u00fdrobkov.<\/li>\n<li>\n<h3>Popredajn\u00fd servis<\/h3>\n<p>  Poskytujeme komplexn\u00e9 popredajn\u00e9 slu\u017eby vr\u00e1tane technickej podpory, z\u00e1ruky a \u00fadr\u017eby, \u010d\u00edm zabezpe\u010dujeme spokojnos\u0165 z\u00e1kazn\u00edkov.<\/li>\n<\/ul>\n<p><img decoding=\"async\" src=\"https:\/\/www.hydraulic-cylinders.net\/wp-content\/uploads\/2025\/01\/songte-company-4.webp\" alt=\"Obr\u00e1zok spolo\u010dnosti 1\"><br \/>\n<img decoding=\"async\" src=\"https:\/\/www.hydraulic-cylinders.net\/wp-content\/uploads\/2025\/01\/songte-company-3.webp\" alt=\"Obr\u00e1zok spolo\u010dnosti 2\"><\/p>\n<p>Autor: lyl<\/p>","protected":false},"excerpt":{"rendered":"<p>Arm Cylinder For Jove JV70-7 An arm cylinder is a specially designed hydraulic cylinder that is mainly used to provide linear movement and power to the arms of various types of machinery, such as excavators, cranes, and mechanical arms. The arm cylinder plays a critical role in hydraulic systems, enabling attached tools or accessories to [&hellip;]<\/p>","protected":false},"featured_media":14772,"comment_status":"open","ping_status":"closed","template":"","meta":{"_et_pb_use_builder":"","_et_pb_old_content":"","_et_gb_content_width":""},"product_brand":[],"product_cat":[1497],"product_tag":[1498,1496],"class_list":{"0":"post-16702","1":"product","2":"type-product","3":"status-publish","4":"has-post-thumbnail","6":"product_cat-arm-cylinders","7":"product_tag-arm-cylinders","8":"product_tag-hydraulic-cylinders","10":"first","11":"instock","12":"shipping-taxable","13":"product-type-simple"},"amp_enabled":true,"_links":{"self":[{"href":"https:\/\/www.hydraulic-cylinders.net\/sk\/wp-json\/wp\/v2\/product\/16702","targetHints":{"allow":["GET"]}}],"collection":[{"href":"https:\/\/www.hydraulic-cylinders.net\/sk\/wp-json\/wp\/v2\/product"}],"about":[{"href":"https:\/\/www.hydraulic-cylinders.net\/sk\/wp-json\/wp\/v2\/types\/product"}],"replies":[{"embeddable":true,"href":"https:\/\/www.hydraulic-cylinders.net\/sk\/wp-json\/wp\/v2\/comments?post=16702"}],"wp:featuredmedia":[{"embeddable":true,"href":"https:\/\/www.hydraulic-cylinders.net\/sk\/wp-json\/wp\/v2\/media\/14772"}],"wp:attachment":[{"href":"https:\/\/www.hydraulic-cylinders.net\/sk\/wp-json\/wp\/v2\/media?parent=16702"}],"wp:term":[{"taxonomy":"product_brand","embeddable":true,"href":"https:\/\/www.hydraulic-cylinders.net\/sk\/wp-json\/wp\/v2\/product_brand?post=16702"},{"taxonomy":"product_cat","embeddable":true,"href":"https:\/\/www.hydraulic-cylinders.net\/sk\/wp-json\/wp\/v2\/product_cat?post=16702"},{"taxonomy":"product_tag","embeddable":true,"href":"https:\/\/www.hydraulic-cylinders.net\/sk\/wp-json\/wp\/v2\/product_tag?post=16702"}],"curies":[{"name":"pracovn\u00fd list","href":"https:\/\/api.w.org\/{rel}","templated":true}]}}