{"id":16717,"date":"2025-01-21T05:49:13","date_gmt":"2025-01-21T05:49:13","guid":{"rendered":"https:\/\/www.hydraulic-cylinders.net\/product\/arm-cylinder-for-sgzg-sd25b\/"},"modified":"2025-01-21T05:49:16","modified_gmt":"2025-01-21T05:49:16","slug":"arm-cylinder-for-sgzg-sd25b","status":"publish","type":"product","link":"https:\/\/www.hydraulic-cylinders.net\/sk\/produkt\/arm-cylinder-for-sgzg-sd25b\/","title":{"rendered":"Valec ramena pre SGZG SD25B"},"content":{"rendered":"<h2>Valec ramena pre SGZG SD25B<\/h2>\n<h3>Defin\u00edcia a vysvetlenie<\/h3>\n<p>Hydraulick\u00fd valec ramena je \u0161peci\u00e1lne navrhnut\u00fd hydraulick\u00fd valec, ktor\u00fd sa prim\u00e1rne pou\u017e\u00edva na zabezpe\u010denie line\u00e1rneho pohybu a v\u00fdkonu ramien r\u00f4znych strojov, ako s\u00fa r\u00fdpadl\u00e1, \u017eeriavy a robotick\u00e9 ramen\u00e1. Hydraulick\u00e9 valce ramena zohr\u00e1vaj\u00fa k\u013e\u00fa\u010dov\u00fa \u00falohu v hydraulick\u00fdch syst\u00e9moch, preto\u017ee umo\u017e\u0148uj\u00fa efekt\u00edvny pohyb a ovl\u00e1danie pripojen\u00e9ho n\u00e1radia alebo pr\u00edslu\u0161enstva. Tieto valce nielen dosahuj\u00fa plynul\u00fd pohyb, ale tie\u017e odol\u00e1vaj\u00fa \u0165a\u017ek\u00fdm za\u0165a\u017eeniam, \u010d\u00edm zabezpe\u010duj\u00fa efekt\u00edvnu prev\u00e1dzku a spo\u013eahlivos\u0165 strojov v r\u00f4znych pracovn\u00fdch podmienkach.<\/p>\n<p><img decoding=\"async\" src=\"https:\/\/www.hydraulic-cylinders.net\/wp-content\/uploads\/2025\/01\/songte-company-2.webp\"><\/p>\n<h3>Funkcie<\/h3>\n<ul>\n<li><strong>Vysoko\u00fa\u010dinn\u00fd prevod:<\/strong> Valce ramien poskytuj\u00fa siln\u00fd line\u00e1rny pohyb a silu, \u010d\u00edm zabezpe\u010duj\u00fa vysok\u00fa \u00fa\u010dinnos\u0165 mechanick\u00fdch ramien pri r\u00f4znych oper\u00e1ci\u00e1ch.<\/li>\n<li><strong>Presn\u00e9 ovl\u00e1danie:<\/strong> Prostredn\u00edctvom hydraulick\u00fdch syst\u00e9mov m\u00f4\u017eu valce ramena dosiahnu\u0165 presn\u00e9 riadenie pohybu, \u010d\u00edm sa prev\u00e1dzka pripojen\u00e9ho n\u00e1radia st\u00e1va flexibilnej\u0161ou a presnej\u0161ou.<\/li>\n<li><strong>Trvanlivos\u0165:<\/strong> Valce ramien s\u00fa zvy\u010dajne vyroben\u00e9 z vysoko pevn\u00fdch materi\u00e1lov s dobrou odolnos\u0165ou proti opotrebovaniu a kor\u00f3zii, vhodn\u00fdch na dlhodob\u00e9 pou\u017e\u00edvanie v n\u00e1ro\u010dn\u00fdch podmienkach.<\/li>\n<li><strong>Multifunk\u010dn\u00e1 prisp\u00f4sobivos\u0165:<\/strong> Tieto valce sa daj\u00fa \u0161iroko pou\u017e\u00edva\u0165 v r\u00f4znych mechanick\u00fdch zariadeniach, ako s\u00fa bagre, \u017eeriavy a robotick\u00e9 ramen\u00e1, a prisp\u00f4sobuj\u00fa sa r\u00f4znym pracovn\u00fdm po\u017eiadavk\u00e1m.<\/li>\n<li><strong>Jednoduch\u00e1 \u00fadr\u017eba:<\/strong> Pri n\u00e1vrhu sa zoh\u013ead\u0148uje jednoduch\u00e1 \u00fadr\u017eba a v\u00fdmena, v\u010faka \u010domu je pravideln\u00e1 kontrola a \u00fadr\u017eba pohodlnej\u0161ia a prestoje zariadenia sa skracuj\u00fa.<\/li>\n<\/ul>\n<p>Tento produkt vieme vyrobi\u0165 a na\u0161e produkty dok\u00e1\u017eu dokonale nahradi\u0165 tieto hydraulick\u00e9 valce.<\/p>\n<p><img decoding=\"async\" src=\"https:\/\/www.hydraulic-cylinders.net\/wp-content\/uploads\/2025\/01\/songte-oil-pipes-and-spare-parts.webp\"><\/p>\n<h3>Aplik\u00e1cie<\/h3>\n<ul>\n<li><strong>Stavebn\u00e9 in\u017einierstvo:<\/strong> V r\u00fdpadl\u00e1ch a \u017eeriavoch sa valce ramien pou\u017e\u00edvaj\u00fa na ovl\u00e1danie pohybu vedier alebo v\u00fdlo\u017en\u00edkov, vykon\u00e1vanie zemn\u00fdch pr\u00e1c, manipul\u00e1ciu s materi\u00e1lom a mont\u00e1\u017e kon\u0161trukci\u00ed.<\/li>\n<li><strong>V\u00fdrobn\u00fd priemysel:<\/strong> V automatizovan\u00fdch v\u00fdrobn\u00fdch link\u00e1ch sa valce ramien pou\u017e\u00edvaj\u00fa na pohyb robotick\u00fdch ramien, vykon\u00e1vanie mont\u00e1\u017enych, zv\u00e1rac\u00edch a manipula\u010dn\u00fdch procesov, \u010d\u00edm sa zlep\u0161uje efektivita a presnos\u0165 v\u00fdroby.<\/li>\n<li><strong>Po\u013enohospod\u00e1rske stroje:<\/strong> V po\u013enohospod\u00e1rskych strojoch, ako s\u00fa zbera\u010de a seja\u010dky, riadia valce ramien pohyb pracovn\u00fdch ramien a vykon\u00e1vaj\u00fa \u00falohy, ako je siatie, hnojenie a zber \u00farody.<\/li>\n<li><strong>\u0164a\u017eba:<\/strong> V bansk\u00fdch zariadeniach sa valce ramien pou\u017e\u00edvaj\u00fa na ovl\u00e1danie pohybu ramena bansk\u00e9ho zariadenia, vykon\u00e1vanie bansk\u00fdch a manipula\u010dn\u00fdch \u00faloh.<\/li>\n<li><strong>Logistika a doprava:<\/strong> Vo vysokozdvi\u017en\u00fdch voz\u00edkoch a manipula\u010dn\u00fdch robotoch sa valce ramien pou\u017e\u00edvaj\u00fa na ovl\u00e1danie zdv\u00edhania a pohybu vidl\u00edc, \u010d\u00edm sa dosahuje manipul\u00e1cia s materi\u00e1lom a stohovanie.<\/li>\n<\/ul>\n<h3>\u00davahy o dizajne a krit\u00e9ri\u00e1 v\u00fdberu<\/h3>\n<ul>\n<li><strong>Nosnos\u0165:<\/strong> Valec ramena mus\u00ed ma\u0165 dostato\u010dn\u00fa nosnos\u0165 a stabilitu, aby odolal r\u00f4znym za\u0165a\u017eeniam a zabezpe\u010dil bezpe\u010dn\u00fa prev\u00e1dzku strojov.<\/li>\n<li><strong>Tesnenie:<\/strong> Pou\u017eitie r\u00f4znych tesniacich komponentov, ako s\u00fa tesnenia piestov, tesnenia ty\u010d\u00ed at\u010f., a v\u00fdber materi\u00e1lov odoln\u00fdch vo\u010di opotrebovaniu, ako je polyuret\u00e1n a nitrilov\u00fd kau\u010duk, m\u00f4\u017ee zlep\u0161i\u0165 tesniaci v\u00fdkon valcov ramena.<\/li>\n<li><strong>Trvanlivos\u0165:<\/strong> Pou\u017eitie vysokopevnostn\u00fdch materi\u00e1lov, povrchov\u00e9 kalenie a \u010fal\u0161ie opatrenia zvy\u0161uj\u00fa trvanlivos\u0165 a odolnos\u0165 valcov ramien proti opotrebovaniu.<\/li>\n<li><strong>Bezpe\u010dnos\u0165:<\/strong> Valce ramena by mali by\u0165 navrhnut\u00e9 s bezpe\u010dnostn\u00fdmi prvkami, ako je ochrana proti pre\u0165a\u017eeniu, poistn\u00e9 ventily a in\u00e9 bezpe\u010dnostn\u00e9 zariadenia, aby sa predi\u0161lo nehod\u00e1m sp\u00f4soben\u00fdm nadmern\u00fdm tlakom alebo za\u0165a\u017een\u00edm.<\/li>\n<li><strong>Udr\u017eiavate\u013enos\u0165:<\/strong> Kon\u0161trukcia valcov ramena by mala zoh\u013ead\u0148ova\u0165 jednoduch\u00fa \u00fadr\u017ebu a v\u00fdmenu komponentov, \u010d\u00edm sa zn\u00ed\u017eia n\u00e1klady a \u010das \u00fadr\u017eby.<\/li>\n<\/ul>\n<p><img decoding=\"async\" src=\"https:\/\/www.hydraulic-cylinders.net\/wp-content\/uploads\/2025\/01\/songte-cylinder-head-with-all-kinds-excavator-models.webp\"><\/p>\n<h3>Tesnenie a mazanie<\/h3>\n<p>Valce ramena pou\u017e\u00edvaj\u00fa r\u00f4zne tesniace komponenty, ako s\u00fa tesnenia piestov, tesnenia ty\u010d\u00ed at\u010f., a na zlep\u0161enie tesniaceho v\u00fdkonu s\u00fa pou\u017eit\u00e9 materi\u00e1ly odoln\u00e9 vo\u010di opotrebovaniu, ako je polyuret\u00e1n a nitrilov\u00fd kau\u010duk. Teleso valca a z\u00e1vitov\u00fd koniec s\u00fa jemne opracovan\u00e9, aby sa zlep\u0161ila odolnos\u0165 vo\u010di opotrebovaniu. Na mazanie je potrebn\u00e9 pravidelne prid\u00e1va\u0165 vhodn\u00fd hydraulick\u00fd olej.<\/p>\n<h3>Kontroln\u00e9 a prevent\u00edvne \u00fadr\u017eb\u00e1rske opatrenia<\/h3>\n<ul>\n<li>Mala by sa vykon\u00e1va\u0165 pravideln\u00e1 kontrola valcov ramena vr\u00e1tane kontroly \u00fanikov oleja, po\u0161kodenia tesnen\u00ed a abnorm\u00e1lneho hluku.<\/li>\n<li>Prevent\u00edvne \u00fadr\u017eb\u00e1rske opatrenia zah\u0155\u0148aj\u00fa \u010distenie, u\u0165ahovanie a v\u00fdmenu po\u0161koden\u00fdch dielov.<\/li>\n<li>Pr\u00edsne dodr\u017eiavajte prev\u00e1dzkov\u00e9 postupy, vyh\u00fdbajte sa pre\u0165a\u017eeniu a pretlaku a udr\u017eiavajte hydraulick\u00fd syst\u00e9m \u010dist\u00fd, aby ste predi\u0161li kontamin\u00e1cii a po\u0161kodeniu valcov ramena.<\/li>\n<\/ul>\n<h3>Sprievodca in\u0161tal\u00e1ciou produktu<\/h3>\n<ul>\n<li>Pred in\u0161tal\u00e1ciou skontrolujte valec ramena, \u010di nie je po\u0161koden\u00fd alebo deformovan\u00fd v d\u00f4sledku prepravy alebo skladovania.<\/li>\n<li>O\u010distite mont\u00e1\u017eny povrch a z\u00e1vitov\u00fd koniec valca ramena, aby ste zabezpe\u010dili pevn\u00e9 a spo\u013eahliv\u00e9 spojenie.<\/li>\n<li>Nain\u0161talujte valec ramena presne pod\u013ea smeru nazna\u010den\u00e9ho \u0161\u00edpkou a vyhnite sa nespr\u00e1vnemu zarovnaniu.<\/li>\n<li>Po\u010das in\u0161tal\u00e1cie neprekra\u010dujte stanoven\u00fd u\u0165ahovac\u00ed moment, aby ste predi\u0161li po\u0161kodeniu z\u00e1vitov\u00e9ho konca valca.<\/li>\n<\/ul>\n<p><img decoding=\"async\" src=\"https:\/\/www.hydraulic-cylinders.net\/wp-content\/uploads\/2025\/01\/songte-bushings-with-all-kinds-of-excavator-models.webp\"><\/p>\n<h3>Bezpe\u010dnostn\u00e9 aspekty a faktory prostredia<\/h3>\n<p>Pri pou\u017e\u00edvan\u00ed valcov s ramenom by mala by\u0165 bezpe\u010dnos\u0165 v\u017edy najvy\u0161\u0161ou prioritou. Mali by by\u0165 nain\u0161talovan\u00e9 bezpe\u010dnostn\u00e9 zariadenia, ako je ochrana proti pre\u0165a\u017eeniu a poistn\u00e9 ventily, aby sa predi\u0161lo nehod\u00e1m sp\u00f4soben\u00fdm nadmern\u00fdm tlakom alebo za\u0165a\u017een\u00edm. Okrem toho by sa mali zv\u00e1\u017ei\u0165 faktory prostredia, ako je teplota, vlhkos\u0165 a kor\u00f3zia, aby sa predi\u0161lo po\u0161kodeniu valcov s ramenom.<\/p>\n<h3>Rie\u0161enie probl\u00e9mov a be\u017en\u00e9 probl\u00e9my<\/h3>\n<ul>\n<li>\u00danik oleja: Skontrolujte tesniace komponenty, ako s\u00fa tesnenia piestov a ty\u010d\u00ed, a v pr\u00edpade potreby ich vyme\u0148te.<\/li>\n<li>Nezvy\u010dajn\u00fd hluk: Skontrolujte, \u010di nie je po\u0161koden\u00e9 alebo deformovan\u00e9 teleso valca alebo piestna ty\u010d a vykonajte pr\u00edslu\u0161n\u00fa n\u00e1pravn\u00fa \u00fadr\u017ebu.<\/li>\n<li>Pomal\u00e1 alebo nestabiln\u00e1 prev\u00e1dzka: Skontrolujte hydraulick\u00fd syst\u00e9m, \u010di nie je zne\u010disten\u00fd alebo \u010di nie je dostato\u010dne mazan\u00fd, a v pr\u00edpade potreby upravte alebo vyme\u0148te olejov\u00fd filter a hydraulick\u00fd olej.<\/li>\n<\/ul>\n<p>Je d\u00f4le\u017eit\u00e9 diagnostikova\u0165 a rie\u0161i\u0165 probl\u00e9my v\u010das a efekt\u00edvne, aby sa zabezpe\u010dila bezpe\u010dn\u00e1 a spo\u013eahliv\u00e1 prev\u00e1dzka valcov ramena.<\/p>\n<p><img decoding=\"async\" src=\"https:\/\/www.hydraulic-cylinders.net\/wp-content\/uploads\/2025\/01\/songte-chushion-collar.webp\"><\/p>\n<h3>O n\u00e1s<\/h3>\n<p>Sme profesion\u00e1lny v\u00fdrobca n\u00e1hradn\u00fdch hydraulick\u00fdch valcov so \u0161irokou \u0161k\u00e1lou produktov a popredn\u00fd v\u00fdrobca a ve\u013ekoobchodn\u00fd distrib\u00fator hydraulick\u00fdch valcov na dom\u00e1com aj zahrani\u010dnom trhu. V\u017edy dodr\u017eiavame z\u00e1sadu vynikaj\u00facej kvality a spoliehame sa na strat\u00e9giu industrializovan\u00e9ho riadenia v\u00fdroby v prepracovanej v\u00fdrobnej dielni, aby sme neust\u00e1le zlep\u0161ovali na\u0161u technologick\u00fa \u00farove\u0148 a efekt\u00edvnos\u0165 v\u00fdroby. Zav\u00e1dzan\u00edm \u0161pi\u010dkov\u00fdch digit\u00e1lnych v\u00fdrobn\u00fdch zariaden\u00ed a profesion\u00e1lnych testovac\u00edch syst\u00e9mov neust\u00e1le optimalizujeme v\u00fdrobn\u00fa platformu, zlep\u0161ujeme proces kontroly kvality v\u00fdrobkov a disponujeme siln\u00fdmi inova\u010dn\u00fdmi schopnos\u0165ami. Na\u0161\u00edm cie\u013eom je uspokoji\u0165 rozmanit\u00e9 potreby z\u00e1kazn\u00edkov s vyu\u017eit\u00edm z\u00e1sad vysokej efekt\u00edvnosti, presnosti a vysokej kvality.<\/p>\n<ul>\n<li><strong>Profesionalita:<\/strong> N\u00e1\u0161 t\u00edm sa sklad\u00e1 zo sk\u00fasen\u00fdch in\u017einierov a technikov, ktor\u00ed s\u00fa odhodlan\u00ed poskytova\u0165 z\u00e1kazn\u00edkom profesion\u00e1lne a efekt\u00edvne slu\u017eby.<\/li>\n<li><strong>Medzin\u00e1rodn\u00e1 certifik\u00e1cia:<\/strong> Na\u0161e v\u00fdrobky pre\u0161li certifik\u00e1ciou syst\u00e9mu mana\u017e\u00e9rstva kvality ISO9001 a z\u00edskali si \u0161irok\u00e9 uznanie z\u00e1kazn\u00edkov po celom svete.<\/li>\n<li><strong>Slu\u017eby prisp\u00f4sobenia:<\/strong> Poskytujeme slu\u017eby na mieru pod\u013ea \u0161pecifick\u00fdch potrieb z\u00e1kazn\u00edkov, ako je ve\u013ekos\u0165 produktu, tlak a mont\u00e1\u017ena poloha.<\/li>\n<li><strong>V\u00fdrobn\u00e9 vybavenie:<\/strong> Vlastn\u00edme modern\u00e9 v\u00fdrobn\u00e9 zariadenia, ako s\u00fa CNC obr\u00e1bacie centr\u00e1, zariadenia na testovanie hydraulick\u00fdch valcov a automatick\u00e9 zv\u00e1racie zariadenia, aby sme zabezpe\u010dili vysok\u00fa kvalitu na\u0161ich v\u00fdrobkov.<\/li>\n<li><strong>Popredajn\u00fd servis:<\/strong> Poskytujeme komplexn\u00fd popredajn\u00fd servis vr\u00e1tane in\u0161tal\u00e1cie produktov, technickej podpory a konzult\u00e1ci\u00ed o \u00fadr\u017ebe, aby sme zabezpe\u010dili spokojnos\u0165 z\u00e1kazn\u00edkov.<\/li>\n<\/ul>\n<p><img decoding=\"async\" src=\"https:\/\/www.hydraulic-cylinders.net\/wp-content\/uploads\/2025\/01\/songte-company-4.webp\"><br \/>\n<img decoding=\"async\" src=\"https:\/\/www.hydraulic-cylinders.net\/wp-content\/uploads\/2025\/01\/songte-company-3.webp\"><\/p>\n<p>Autor: lyl<\/p>","protected":false},"excerpt":{"rendered":"<p>Arm Cylinder For SGZG SD25B Definition and Explanation Arm cylinder is a specially designed hydraulic cylinder that is primarily used to provide linear motion and power to the arms of various machinery such as excavators, cranes, and robotic arms. Arm cylinders play a critical role in hydraulic systems, enabling the effective movement and control of [&hellip;]<\/p>","protected":false},"featured_media":14786,"comment_status":"open","ping_status":"closed","template":"","meta":{"_et_pb_use_builder":"","_et_pb_old_content":"","_et_gb_content_width":""},"product_brand":[],"product_cat":[1497],"product_tag":[1498,1496],"class_list":{"0":"post-16717","1":"product","2":"type-product","3":"status-publish","4":"has-post-thumbnail","6":"product_cat-arm-cylinders","7":"product_tag-arm-cylinders","8":"product_tag-hydraulic-cylinders","10":"first","11":"instock","12":"shipping-taxable","13":"product-type-simple"},"amp_enabled":true,"_links":{"self":[{"href":"https:\/\/www.hydraulic-cylinders.net\/sk\/wp-json\/wp\/v2\/product\/16717","targetHints":{"allow":["GET"]}}],"collection":[{"href":"https:\/\/www.hydraulic-cylinders.net\/sk\/wp-json\/wp\/v2\/product"}],"about":[{"href":"https:\/\/www.hydraulic-cylinders.net\/sk\/wp-json\/wp\/v2\/types\/product"}],"replies":[{"embeddable":true,"href":"https:\/\/www.hydraulic-cylinders.net\/sk\/wp-json\/wp\/v2\/comments?post=16717"}],"wp:featuredmedia":[{"embeddable":true,"href":"https:\/\/www.hydraulic-cylinders.net\/sk\/wp-json\/wp\/v2\/media\/14786"}],"wp:attachment":[{"href":"https:\/\/www.hydraulic-cylinders.net\/sk\/wp-json\/wp\/v2\/media?parent=16717"}],"wp:term":[{"taxonomy":"product_brand","embeddable":true,"href":"https:\/\/www.hydraulic-cylinders.net\/sk\/wp-json\/wp\/v2\/product_brand?post=16717"},{"taxonomy":"product_cat","embeddable":true,"href":"https:\/\/www.hydraulic-cylinders.net\/sk\/wp-json\/wp\/v2\/product_cat?post=16717"},{"taxonomy":"product_tag","embeddable":true,"href":"https:\/\/www.hydraulic-cylinders.net\/sk\/wp-json\/wp\/v2\/product_tag?post=16717"}],"curies":[{"name":"pracovn\u00fd list","href":"https:\/\/api.w.org\/{rel}","templated":true}]}}