{"id":16726,"date":"2025-01-21T05:49:51","date_gmt":"2025-01-21T05:49:51","guid":{"rendered":"https:\/\/www.hydraulic-cylinders.net\/product\/arm-cylinder-for-carter-ct260-8c\/"},"modified":"2025-01-21T05:49:52","modified_gmt":"2025-01-21T05:49:52","slug":"arm-cylinder-for-carter-ct260-8c","status":"publish","type":"product","link":"https:\/\/www.hydraulic-cylinders.net\/sk\/produkt\/arm-cylinder-for-carter-ct260-8c\/","title":{"rendered":"Valec ramena pre Carter CT260-8C"},"content":{"rendered":"<h1>Valec ramena pre Cater CT260-8C<\/h1>\n<h2>\u00davod<\/h2>\n<p>Hydraulick\u00fd valec ramena pre Cater CT260-8C je \u0161pecializovan\u00fd hydraulick\u00fd valec ur\u010den\u00fd na zabezpe\u010denie line\u00e1rneho pohybu a v\u00fdkonu ramena r\u00f4znych typov strojov, ako s\u00fa r\u00fdpadl\u00e1, \u017eeriavy a robotick\u00e9 ramen\u00e1. Valec ramena hr\u00e1 k\u013e\u00fa\u010dov\u00fa \u00falohu v hydraulick\u00fdch syst\u00e9moch, preto\u017ee umo\u017e\u0148uje efekt\u00edvny pohyb a ovl\u00e1danie dodato\u010dn\u00fdch n\u00e1strojov alebo pr\u00edslu\u0161enstva. Tieto valce nielen umo\u017e\u0148uj\u00fa plynul\u00fd pohyb, ale s\u00fa tie\u017e schopn\u00e9 odol\u00e1va\u0165 \u0165a\u017ek\u00fdm za\u0165a\u017eeniam, \u010d\u00edm zabezpe\u010duj\u00fa vysok\u00fa \u00fa\u010dinnos\u0165 a spo\u013eahlivos\u0165 stroja za r\u00f4znych prev\u00e1dzkov\u00fdch podmienok.<\/p>\n<p><img decoding=\"async\" src=\"https:\/\/www.hydraulic-cylinders.net\/wp-content\/uploads\/2025\/01\/songte-company-2.webp\" alt=\"Obr\u00e1zok valca ramena\"><\/p>\n<h2>Funkcie<\/h2>\n<ul>\n<li><strong>Vysoko\u00fa\u010dinn\u00fd prevod:<\/strong> Valec ramena poskytuje siln\u00fd line\u00e1rny pohyb a silu, \u010d\u00edm zais\u0165uje vysok\u00fd v\u00fdkon mechanick\u00e9ho ramena pri r\u00f4znych oper\u00e1ci\u00e1ch.<\/li>\n<li><strong>Presn\u00e9 ovl\u00e1danie:<\/strong> V\u010faka hydraulick\u00e9mu syst\u00e9mu umo\u017e\u0148uje valec ramena presn\u00e9 ovl\u00e1danie pohybu, v\u010faka \u010domu je ovl\u00e1danie pripojen\u00e9ho n\u00e1radia flexibilnej\u0161ie a presnej\u0161ie.<\/li>\n<li><strong>Trvanlivos\u0165:<\/strong> Valce ramien sa zvy\u010dajne vyr\u00e1baj\u00fa z vysokopevnostn\u00fdch materi\u00e1lov, ktor\u00e9 poskytuj\u00fa vynikaj\u00facu odolnos\u0165 vo\u010di opotrebovaniu a kor\u00f3zii, v\u010faka \u010domu s\u00fa vhodn\u00e9 na dlhodob\u00e9 pou\u017e\u00edvanie v n\u00e1ro\u010dn\u00fdch podmienkach.<\/li>\n<li><strong>Multifunk\u010dn\u00e1 prisp\u00f4sobivos\u0165:<\/strong> Tieto valce sa daj\u00fa \u0161iroko pou\u017e\u00edva\u0165 v r\u00f4znych typoch strojov vr\u00e1tane r\u00fdpadiel, \u017eeriavov a mechanick\u00fdch ramien, a sp\u013a\u0148aj\u00fa r\u00f4zne pracovn\u00e9 po\u017eiadavky.<\/li>\n<li><strong>Jednoduch\u00e1 \u00fadr\u017eba:<\/strong> Valce ramien, navrhnut\u00e9 s oh\u013eadom na jednoduch\u00fa \u00fadr\u017ebu a v\u00fdmenu, umo\u017e\u0148uj\u00fa pohodln\u00e9 pravideln\u00e9 kontroly a \u00fadr\u017ebu, \u010d\u00edm minimalizuj\u00fa prestoje zariadenia.<\/li>\n<\/ul>\n<p><img decoding=\"async\" src=\"https:\/\/www.hydraulic-cylinders.net\/wp-content\/uploads\/2025\/01\/songte-oil-pipes-and-spare-parts.webp\" alt=\"N\u00e1hradn\u00e9 diely pre valce ramena\"><\/p>\n<h2>Aplik\u00e1cie<\/h2>\n<ul>\n<li><strong>Stavebn\u00e9 in\u017einierstvo:<\/strong> V r\u00fdpadl\u00e1ch a \u017eeriavoch sa valce ramien pou\u017e\u00edvaj\u00fa na ovl\u00e1danie pohybu vedier alebo v\u00fdlo\u017en\u00edkov pri zemn\u00fdch pr\u00e1cach, manipul\u00e1cii s materi\u00e1lom a mont\u00e1\u017ei kon\u0161trukci\u00ed.<\/li>\n<li><strong>V\u00fdrobn\u00fd priemysel:<\/strong> V automatizovan\u00fdch v\u00fdrobn\u00fdch link\u00e1ch umo\u017e\u0148uj\u00fa valce ramien pohyb robotick\u00fdch ramien pre procesy, ako je mont\u00e1\u017e, zv\u00e1ranie a manipul\u00e1cia s materi\u00e1lom, \u010d\u00edm sa zlep\u0161uje efektivita a presnos\u0165 v\u00fdroby.<\/li>\n<li><strong>Po\u013enohospod\u00e1rske stroje:<\/strong> V po\u013enohospod\u00e1rskych strojoch, ako s\u00fa zbera\u010de a seja\u010dky, riadia valce ramien pohyb ovl\u00e1dac\u00edch ramien pri \u00faloh\u00e1ch, ako je siatie, hnojenie a zber \u00farody.<\/li>\n<li><strong>\u0164a\u017eba:<\/strong> V bansk\u00fdch zariadeniach sa valce ramien pou\u017e\u00edvaj\u00fa na ovl\u00e1danie pohybu ramien bansk\u00fdch strojov na \u0165a\u017ebu a prepravu rudy.<\/li>\n<li><strong>Logistika a doprava:<\/strong> Vo vysokozdvi\u017en\u00fdch voz\u00edkoch a manipula\u010dn\u00fdch robotoch ovl\u00e1daj\u00fa valce ramien zdv\u00edhanie a pohyb vidl\u00edc, \u010do umo\u017e\u0148uje manipul\u00e1ciu s materi\u00e1lom a jeho stohovanie.<\/li>\n<\/ul>\n<h2>\u00davahy o dizajne a krit\u00e9ri\u00e1 v\u00fdberu<\/h2>\n<ul>\n<li><strong>Nosnos\u0165:<\/strong> Schopnos\u0165 valca ramena odol\u00e1va\u0165 za\u0165a\u017eeniu je k\u013e\u00fa\u010dov\u00fdm kon\u0161truk\u010dn\u00fdm faktorom, ktor\u00fd zais\u0165uje bezpe\u010dn\u00fa a efekt\u00edvnu prev\u00e1dzku.<\/li>\n<li><strong>Tesnenie:<\/strong> Na zabezpe\u010denie \u00fa\u010dinn\u00e9ho utesnenia a zabr\u00e1nenie \u00faniku sa pou\u017e\u00edvaj\u00fa r\u00f4zne tesniace komponenty, ako s\u00fa tesnenia piestov a ty\u010d\u00ed vyroben\u00e9 z materi\u00e1lov odoln\u00fdch vo\u010di opotrebovaniu, ako je polyuret\u00e1n a nitrilov\u00fd kau\u010duk.<\/li>\n<li><strong>Trvanlivos\u0165:<\/strong> Teleso valca a z\u00e1vitov\u00fd koniec s\u00fa jemne opracovan\u00e9 pre zlep\u0161enie odolnosti proti opotrebovaniu, \u010d\u00edm sa zabezpe\u010d\u00ed dlh\u00e1 \u017eivotnos\u0165 ramenn\u00e9ho valca.<\/li>\n<li><strong>Bezpe\u010dnos\u0165:<\/strong> Bezpe\u010dnostn\u00e9 prvky a mechanizmy s\u00fa integrovan\u00e9 do kon\u0161trukcie, aby sa predi\u0161lo nehod\u00e1m a zabezpe\u010dila sa ochrana obsluhy po\u010das prev\u00e1dzky.<\/li>\n<li><strong>Udr\u017eiavate\u013enos\u0165:<\/strong> Na zabezpe\u010denie hladk\u00e9ho chodu a zn\u00ed\u017eenie opotrebenia je potrebn\u00e9 pravideln\u00e9 mazanie vhodn\u00fdm hydraulick\u00fdm olejom. Kon\u0161trukcia tie\u017e umo\u017e\u0148uje jednoduch\u00fd pr\u00edstup k valcu a jeho \u00fadr\u017ebu.<\/li>\n<\/ul>\n<p><img decoding=\"async\" src=\"https:\/\/www.hydraulic-cylinders.net\/wp-content\/uploads\/2025\/01\/songte-cylinder-head-with-all-kinds-excavator-models.webp\" alt=\"Dizajn valca ramena\"><\/p>\n<h2>Tesnenie a mazanie<\/h2>\n<p>Valec ramena vyu\u017e\u00edva r\u00f4zne tesniace komponenty, ako s\u00fa tesnenia piestov a tesnenia ty\u010d\u00ed, vyroben\u00e9 z materi\u00e1lov odoln\u00fdch vo\u010di opotrebovaniu, ako je polyuret\u00e1n a nitrilov\u00fd kau\u010duk. Teleso valca a z\u00e1vitov\u00fd koniec s\u00fa prec\u00edzne opracovan\u00e9, aby sa zv\u00fd\u0161ila odolnos\u0165 vo\u010di opotrebovaniu. Pravideln\u00e9 mazanie vhodn\u00fdm hydraulick\u00fdm olejom je nevyhnutn\u00e9 na zabezpe\u010denie plynul\u00e9ho chodu a zn\u00ed\u017eenie trenia medzi pohybliv\u00fdmi \u010das\u0165ami.<\/p>\n<h2>Pravideln\u00e1 kontrola a prevent\u00edvna \u00fadr\u017eba<\/h2>\n<ul>\n<li>Pravidelne kontrolujte valec ramena, \u010di nevykazuje zn\u00e1mky opotrebovania, \u00faniku alebo po\u0161kodenia, aby ste zabezpe\u010dili optim\u00e1lny v\u00fdkon.<\/li>\n<li>Skontrolujte v\u0161etky hydraulick\u00e9 pripojenia, \u010di nie s\u00fa uvo\u013enen\u00e9 alebo \u010di nie s\u00fa netesn\u00e9, a v pr\u00edpade potreby ich dotiahnite alebo opravte.<\/li>\n<li>Sledujte hladinu a kvalitu hydraulick\u00e9ho oleja a vyme\u0148te alebo dopl\u0148te ho pod\u013ea odpor\u00fa\u010dan\u00ed v\u00fdrobcu.<\/li>\n<li>Skontrolujte a vy\u010distite vonkaj\u0161ie povrchy valca a odstr\u00e1\u0148te v\u0161etky ne\u010distoty alebo \u00falomky, ktor\u00e9 by mohli ovplyvni\u0165 jeho v\u00fdkon.<\/li>\n<li>Dodr\u017eiavajte pokyny v\u00fdrobcu t\u00fdkaj\u00face sa prevent\u00edvnej \u00fadr\u017eby vr\u00e1tane pl\u00e1novanej v\u00fdmeny tesnen\u00ed a in\u00fdch komponentov.<\/li>\n<\/ul>\n<h2>Sprievodca in\u0161tal\u00e1ciou produktu<\/h2>\n<p>Spr\u00e1vna in\u0161tal\u00e1cia valca ramena je k\u013e\u00fa\u010dov\u00e1 pre optim\u00e1lny v\u00fdkon a dlh\u00fa \u017eivotnos\u0165. Postupujte pod\u013ea t\u00fdchto krokov:<\/p>\n<ol>\n<li>Uistite sa, \u017ee stroj je vypnut\u00fd a hydraulick\u00fd syst\u00e9m je bez tlaku.<\/li>\n<li>Umiestnite valec ramena na po\u017eadovan\u00e9 miesto a zarovnajte mont\u00e1\u017ene otvory s pr\u00edslu\u0161n\u00fdmi bodmi na stroji.<\/li>\n<li>Bezpe\u010dne upevnite valec ramena pomocou vhodn\u00fdch skrutiek alebo upev\u0148ovac\u00edch prvkov, aby ste zabezpe\u010dili pevn\u00e9 a stabiln\u00e9 spojenie.<\/li>\n<li>Skontrolujte, \u010di s\u00fa v\u0161etky hydraulick\u00e9 vedenia spr\u00e1vne pripojen\u00e9 k valcu, a v pr\u00edpade potreby dotiahnite v\u0161etky spoje.<\/li>\n<li>Po dokon\u010den\u00ed in\u0161tal\u00e1cie otestujte funk\u010dnos\u0165 valca ramena a zabezpe\u010dte plynul\u00fd a presn\u00fd pohyb bez ak\u00e9hoko\u013evek abnorm\u00e1lneho hluku alebo \u00faniku.<\/li>\n<\/ol>\n<p><img decoding=\"async\" src=\"https:\/\/www.hydraulic-cylinders.net\/wp-content\/uploads\/2025\/01\/songte-bushings-with-all-kinds-of-excavator-models.webp\" alt=\"In\u0161tal\u00e1cia valca ramena\"><\/p>\n<h2>Bezpe\u010dnostn\u00e9 aspekty a faktory prostredia<\/h2>\n<p>Pri obsluhe strojov s valcom ramena je nevyhnutn\u00e9 uprednostni\u0165 bezpe\u010dnostn\u00e9 opatrenia. Implement\u00e1cia vhodn\u00fdch bezpe\u010dnostn\u00fdch protokolov a zabezpe\u010denie \u0161kolenia obsluhy v\u00fdrazne zni\u017euje riziko neh\u00f4d a zranen\u00ed. Mali by sa zoh\u013eadni\u0165 aj faktory prostredia, ako je teplota a vlhkos\u0165, aby sa minimalizovali ak\u00e9ko\u013evek potenci\u00e1lne nepriazniv\u00e9 \u00fa\u010dinky na v\u00fdkon a \u017eivotnos\u0165 valca ramena.<\/p>\n<h2>Rie\u0161enie probl\u00e9mov a be\u017en\u00e9 probl\u00e9my<\/h2>\n<p>Je d\u00f4le\u017eit\u00e9 si by\u0165 vedom\u00fd potenci\u00e1lnych probl\u00e9mov, ktor\u00e9 m\u00f4\u017eu vznikn\u00fa\u0165 s valcom ramena, a ako ich diagnostikova\u0165 a vyrie\u0161i\u0165:<\/p>\n<ul>\n<li><strong>Probl\u00e9m: <\/strong>\u00danik z valca.<\/li>\n<ul>\n<li><strong>Mo\u017en\u00e1 pr\u00ed\u010dina: <\/strong>Opotrebovan\u00e9 tesnenia alebo po\u0161koden\u00e9 komponenty.<\/li>\n<li><strong>Rie\u0161enie: <\/strong>Skontrolujte a vyme\u0148te opotrebovan\u00e9 tesnenia alebo po\u0161koden\u00e9 komponenty, aby ste zabezpe\u010dili spr\u00e1vne utesnenie.<\/li>\n<\/ul>\n<li><strong>Probl\u00e9m: <\/strong>Abnorm\u00e1lny hluk po\u010das prev\u00e1dzky.<\/li>\n<ul>\n<li><strong>Mo\u017en\u00e1 pr\u00ed\u010dina: <\/strong>Nespr\u00e1vne zarovnanie alebo uvo\u013enen\u00e9 pripojenia.<\/li>\n<li><strong>Rie\u0161enie: <\/strong>Skontrolujte a upravte zarovnanie valca ramena a dotiahnite v\u0161etky uvo\u013enen\u00e9 spoje.<\/li>\n<\/ul>\n<li><strong>Probl\u00e9m: <\/strong>Nedostato\u010dn\u00fd alebo trhav\u00fd pohyb ramena.<\/li>\n<ul>\n<li><strong>Mo\u017en\u00e1 pr\u00ed\u010dina: <\/strong>Nedostatok hydraulick\u00e9ho oleja alebo upchat\u00e9 hydraulick\u00e9 potrubia.<\/li>\n<li><strong>Rie\u0161enie: <\/strong>Skontrolujte a dopl\u0148te hydraulick\u00fd olej na odpor\u00fa\u010dan\u00fa hladinu. Vy\u010distite alebo vyme\u0148te v\u0161etky upchat\u00e9 hydraulick\u00e9 vedenia.<\/li>\n<\/ul>\n<\/ul>\n<p><img decoding=\"async\" src=\"https:\/\/www.hydraulic-cylinders.net\/wp-content\/uploads\/2025\/01\/songte-chushion-collar.webp\" alt=\"Rie\u0161enie probl\u00e9mov s valcom ramena\"><\/p>\n<h2>O na\u0161ej spolo\u010dnosti<\/h2>\n<p>Sme profesion\u00e1lny v\u00fdrobca n\u00e1hradn\u00fdch hydraulick\u00fdch valcov a pon\u00fakame \u0161irok\u00fd sortiment produktov. Stali sme sa jedn\u00fdm z popredn\u00fdch v\u00fdrobcov a ve\u013ekoobchodn\u00fdch distrib\u00fatorov na dom\u00e1com aj medzin\u00e1rodnom trhu. Zaviazali sme sa poskytova\u0165 vynikaj\u00facu kvalitu a efekt\u00edvnos\u0165. V\u010faka na\u0161im v\u00fdrobn\u00fdm diel\u0148am a strat\u00e9gi\u00e1m riadenia v\u00fdroby, ktor\u00e9 sp\u013a\u0148aj\u00fa priemyseln\u00e9 \u0161tandardy, neust\u00e1le zlep\u0161ujeme na\u0161e technick\u00e9 znalosti a efekt\u00edvnos\u0165 v\u00fdroby. Zav\u00e1dzan\u00edm pokro\u010dil\u00fdch digit\u00e1lnych v\u00fdrobn\u00fdch zariaden\u00ed a profesion\u00e1lnych kontroln\u00fdch syst\u00e9mov optimalizujeme na\u0161u v\u00fdrobn\u00fa platformu a zlep\u0161ujeme procesy kontroly kvality v\u00fdrobkov. Na\u0161\u00edm cie\u013eom je efekt\u00edvne uspokojova\u0165 rozmanit\u00e9 potreby na\u0161ich z\u00e1kazn\u00edkov.<\/p>","protected":false},"excerpt":{"rendered":"<p>Arm Cylinder For Cater CT260-8C Introduction The Arm Cylinder for Cater CT260-8C is a specialized hydraulic cylinder designed to provide linear motion and power to the arm of various types of machinery, such as excavators, cranes, and robotic arms. The arm cylinder plays a crucial role in hydraulic systems, allowing for efficient movement and control [&hellip;]<\/p>","protected":false},"featured_media":14759,"comment_status":"open","ping_status":"closed","template":"","meta":{"_et_pb_use_builder":"","_et_pb_old_content":"","_et_gb_content_width":""},"product_brand":[],"product_cat":[1497],"product_tag":[1498,1496],"class_list":{"0":"post-16726","1":"product","2":"type-product","3":"status-publish","4":"has-post-thumbnail","6":"product_cat-arm-cylinders","7":"product_tag-arm-cylinders","8":"product_tag-hydraulic-cylinders","10":"first","11":"instock","12":"shipping-taxable","13":"product-type-simple"},"amp_enabled":true,"_links":{"self":[{"href":"https:\/\/www.hydraulic-cylinders.net\/sk\/wp-json\/wp\/v2\/product\/16726","targetHints":{"allow":["GET"]}}],"collection":[{"href":"https:\/\/www.hydraulic-cylinders.net\/sk\/wp-json\/wp\/v2\/product"}],"about":[{"href":"https:\/\/www.hydraulic-cylinders.net\/sk\/wp-json\/wp\/v2\/types\/product"}],"replies":[{"embeddable":true,"href":"https:\/\/www.hydraulic-cylinders.net\/sk\/wp-json\/wp\/v2\/comments?post=16726"}],"wp:featuredmedia":[{"embeddable":true,"href":"https:\/\/www.hydraulic-cylinders.net\/sk\/wp-json\/wp\/v2\/media\/14759"}],"wp:attachment":[{"href":"https:\/\/www.hydraulic-cylinders.net\/sk\/wp-json\/wp\/v2\/media?parent=16726"}],"wp:term":[{"taxonomy":"product_brand","embeddable":true,"href":"https:\/\/www.hydraulic-cylinders.net\/sk\/wp-json\/wp\/v2\/product_brand?post=16726"},{"taxonomy":"product_cat","embeddable":true,"href":"https:\/\/www.hydraulic-cylinders.net\/sk\/wp-json\/wp\/v2\/product_cat?post=16726"},{"taxonomy":"product_tag","embeddable":true,"href":"https:\/\/www.hydraulic-cylinders.net\/sk\/wp-json\/wp\/v2\/product_tag?post=16726"}],"curies":[{"name":"pracovn\u00fd list","href":"https:\/\/api.w.org\/{rel}","templated":true}]}}