{"id":1674,"date":"2023-10-11T02:36:33","date_gmt":"2023-10-11T02:36:33","guid":{"rendered":"https:\/\/hydraulic-cylinders.net\/?post_type=product&#038;p=1674"},"modified":"2025-04-11T03:46:16","modified_gmt":"2025-04-11T03:46:16","slug":"press-centering-cylinder","status":"publish","type":"product","link":"https:\/\/www.hydraulic-cylinders.net\/sk\/produkt\/press-centering-cylinder\/","title":{"rendered":"Centrovac\u00ed valec lisu"},"content":{"rendered":"<h1 style=\"text-align: center;\"><strong>Centrovac\u00ed valec lisu<\/strong><\/h1>\n<p><img loading=\"lazy\" decoding=\"async\" class=\"alignnone size-medium wp-image-1675 aligncenter\" src=\"https:\/\/hydraulic-cylinders.net\/wp-content\/uploads\/2023\/10\/centering-cylinder-1-300x300.webp\" alt=\"\" width=\"300\" height=\"300\" \/><\/p>\n<p>Centrovac\u00ed valec pre lisovanie je \u0161pi\u010dkov\u00fd n\u00e1stroj navrhnut\u00fd na zv\u00fd\u0161enie presnosti a efekt\u00edvnosti v \u0161irokej \u0161k\u00e1le lisovac\u00edch aplik\u00e1ci\u00ed. Tento inovat\u00edvny valec je starostlivo navrhnut\u00fd tak, aby poskytoval presn\u00e9 centrovanie obrobkov, zabezpe\u010doval optim\u00e1lne zarovnanie a skracoval \u010das nastavenia.<\/p>\n<p>Centrovac\u00ed valec pre lisovanie je nevyhnutn\u00fd na dosiahnutie presn\u00fdch a efekt\u00edvnych lisovac\u00edch oper\u00e1ci\u00ed. V\u010faka presn\u00e9mu centrovaniu, nastavite\u013en\u00e9mu v\u00fdkonu, r\u00fdchlej reak\u010dnej dobe a robustnej kon\u0161trukcii umo\u017e\u0148uje tento valec obsluhe zarovn\u00e1va\u0165 obrobky s maxim\u00e1lnou presnos\u0165ou, \u010d\u00edm sa skracuje \u010das nastavenia a zvy\u0161uje celkov\u00e1 produktivita. Dodr\u017eiavan\u00edm odpor\u00fa\u010dan\u00fdch met\u00f3d pou\u017e\u00edvania a postupov \u00fadr\u017eby m\u00f4\u017eete maximalizova\u0165 v\u00fdkon, \u017eivotnos\u0165 a bezpe\u010dnos\u0165 centrovacieho valca pre lisovanie vo va\u0161ich lisovac\u00edch oper\u00e1ci\u00e1ch. Vyberte si tento valec a zv\u00fd\u0161te svoje lisovacie schopnosti a za\u017eite vynikaj\u00face zarovnanie a efektivitu.<\/p>\n<p>K\u013e\u00fa\u010dov\u00e9 charakteristiky centrovacieho valca:<\/p>\n<ul>\n<li>Presn\u00e9 centrovanie:\n<ul>\n<li>Centrovac\u00ed valec lisu je \u0161peci\u00e1lne navrhnut\u00fd na presn\u00e9 centrovanie obrobkov po\u010das lisovac\u00edch oper\u00e1ci\u00ed.<\/li>\n<li>Jeho pokro\u010dil\u00fd mechanizmus zais\u0165uje presn\u00e9 zarovnanie obrobku, \u010d\u00edm sa minimalizuje riziko nespr\u00e1vneho zarovnania alebo ch\u00fdb.<\/li>\n<\/ul>\n<\/li>\n<li>Nastavite\u013en\u00fd v\u00fdkon:\n<ul>\n<li>Tento valec pon\u00faka nastavite\u013en\u00e9 mo\u017enosti centrovania, \u010do umo\u017e\u0148uje oper\u00e1torom jemne doladi\u0165 zarovnanie na z\u00e1klade \u0161pecifick\u00fdch po\u017eiadaviek ka\u017edej aplik\u00e1cie.<\/li>\n<li>Prisp\u00f4soben\u00edm nastaven\u00ed centrovania m\u00f4\u017eete dosiahnu\u0165 optim\u00e1lne v\u00fdsledky pre r\u00f4zne ve\u013ekosti, tvary a materi\u00e1ly obrobkov.<\/li>\n<\/ul>\n<\/li>\n<li>R\u00fdchla doba odozvy:\n<ul>\n<li>Centrovac\u00ed valec lisu sa m\u00f4\u017ee pochv\u00e1li\u0165 r\u00fdchlou dobou odozvy, \u010do umo\u017e\u0148uje r\u00fdchle a efekt\u00edvne centrovanie obrobkov.<\/li>\n<li>R\u00fdchla akcia skracuje celkov\u00fd \u010das cyklu, \u010d\u00edm zvy\u0161uje produktivitu a priepustnos\u0165 lisovac\u00edch oper\u00e1ci\u00ed.<\/li>\n<\/ul>\n<\/li>\n<li>Robustn\u00e1 kon\u0161trukcia:\n<ul>\n<li>Tento valec je vyroben\u00fd s oh\u013eadom na odolnos\u0165, je vyroben\u00fd z vysoko kvalitn\u00fdch materi\u00e1lov a je prec\u00edzne spracovan\u00fd.<\/li>\n<li>Jeho robustn\u00e1 kon\u0161trukcia zais\u0165uje dlhotrvaj\u00faci v\u00fdkon aj v n\u00e1ro\u010dn\u00fdch priemyseln\u00fdch prostrediach.<\/li>\n<\/ul>\n<\/li>\n<\/ul>\n<h2><strong>Parameter centrovacieho valca lisu:<\/strong><\/h2>\n<table border=\"1\" cellspacing=\"0\" cellpadding=\"0\">\n<tbody>\n<tr>\n<td>N\u00e1zov produktu<\/td>\n<td>Hydraulick\u00fd centrovac\u00ed valec lisu<\/td>\n<\/tr>\n<tr>\n<td>Vlastnosti:<\/td>\n<td>Zaistite stredn\u00fa polohu up\u00ednacej hlavy<\/td>\n<\/tr>\n<tr>\n<td>Priemer otvoru:<\/td>\n<td>50 mm\uff5e190 mm<\/td>\n<\/tr>\n<tr>\n<td>Priemer ty\u010de:<\/td>\n<td>35 mm\uff5e150 mm<br \/>\nZdvih \u2264 1200 mm<\/td>\n<\/tr>\n<tr>\n<td>\u0164ahov\u00e1 sila:<\/td>\n<td>Maxim\u00e1lne 441 kN<br \/>\n(Priemer valca 190 mm\/tlak 25 MPa)<\/td>\n<\/tr>\n<tr>\n<td>Aplik\u00e1cie centrovacieho valca:<\/td>\n<td>Hydraulick\u00fd lis<\/td>\n<\/tr>\n<\/tbody>\n<\/table>\n<div><\/div>\n<div>\n<div class=\"txtboxL\">Vlastnosti:<\/div>\n<div class=\"txtboxR\">Zaistite stredn\u00fa polohu up\u00ednacej hlavy<\/div>\n<div class=\"txtboxL\">\u0160pecifik\u00e1cia:<\/div>\n<div class=\"txtboxR\">Priemer otvoru: 50 mm\uff5e190 mm<br \/>\nPriemer ty\u010de: 35 mm\uff5e150 mm<br \/>\nZdvih \u2264 1200 mm<\/div>\n<div class=\"txtboxL\">\u0164ahov\u00e1 sila:<\/div>\n<div class=\"txtboxR\">Maxim\u00e1lne 441 kN<br \/>\n(Priemer valca 190 mm\/tlak 25 MPa)<\/div>\n<\/div>\n<h2><strong>Tov\u00e1re\u0148 na lisovacie valce:<\/strong><\/h2>\n<p><img loading=\"lazy\" decoding=\"async\" class=\"alignnone wp-image-1619 size-full\" src=\"https:\/\/hydraulic-cylinders.net\/wp-content\/uploads\/2023\/10\/press-cylinder.webp\" alt=\"\" width=\"1418\" height=\"946\" srcset=\"https:\/\/hydraulic-cylinders.net\/wp-content\/uploads\/2023\/10\/press-cylinder.webp 1418w, https:\/\/hydraulic-cylinders.net\/wp-content\/uploads\/2023\/10\/press-cylinder-1280x854.webp 1280w, https:\/\/hydraulic-cylinders.net\/wp-content\/uploads\/2023\/10\/press-cylinder-980x654.webp 980w, https:\/\/hydraulic-cylinders.net\/wp-content\/uploads\/2023\/10\/press-cylinder-480x320.webp 480w\" sizes=\"(min-width: 0px) and (max-width: 480px) 480px, (min-width: 481px) and (max-width: 980px) 980px, (min-width: 981px) and (max-width: 1280px) 1280px, (min-width: 1281px) 1418px, 100vw\" \/><\/p>\n<h2><strong>Met\u00f3da pou\u017eitia centrovacieho valca<\/strong><strong>:<\/strong><\/h2>\n<ul>\n<li><strong>In\u0161tal\u00e1cia:<\/strong>\n<ul>\n<li>Bezpe\u010dne namontujte centrovac\u00ed valec lisu na po\u017eadovan\u00e9 miesto a zabezpe\u010dte spr\u00e1vne zarovnanie s lisovac\u00edm zariaden\u00edm.<\/li>\n<li>Connect the hydraulic lines according to the manufacturer&#8217;s instructions, ensuring correct fluid flow and avoiding leaks.<\/li>\n<\/ul>\n<\/li>\n<li><strong>Nastavenie centrovania:<\/strong>\n<ul>\n<li>Obozn\u00e1mte sa s mechanizmom nastavenia centrovania, ktor\u00fd poskytuje valec.<\/li>\n<li>\u00dapravy sa zvy\u010dajne daj\u00fa vykona\u0165 pomocou ovl\u00e1dac\u00edch gomb\u00edkov, ru\u010dn\u00fdch koliesok alebo digit\u00e1lnych ovl\u00e1da\u010dov.<\/li>\n<li>Follow the manufacturer&#8217;s guidelines to make precise centering adjustments based on the workpiece dimensions and alignment requirements.<\/li>\n<\/ul>\n<\/li>\n<li><strong>Zarovnanie obrobku:<\/strong>\n<ul>\n<li>Umiestnite obrobok na l\u00f4\u017eko lisu a uistite sa, \u017ee je zarovnan\u00fd s centrovac\u00edm valcom.<\/li>\n<li>Aktivujte valec, aby ste zaistili centrovac\u00ed mechanizmus a zaistili obrobok v po\u017eadovanej polohe.<\/li>\n<li>Skontrolujte zarovnanie vizu\u00e1lne alebo pomocou merac\u00edch n\u00e1strojov, aby ste zabezpe\u010dili presn\u00e9 vycentrovanie.<\/li>\n<\/ul>\n<\/li>\n<li><strong>Lisovanie:<\/strong>\n<ul>\n<li>Ke\u010f je obrobok spr\u00e1vne zarovnan\u00fd, pokra\u010dujte v lisovan\u00ed pod\u013ea \u0161tandardn\u00fdch postupov.<\/li>\n<li>Centrovac\u00ed valec lisu udr\u017eiava zarovnanie a stabilitu obrobku po\u010das cel\u00e9ho procesu lisovania, \u010d\u00edm sa minimalizuje riziko nespr\u00e1vneho zarovnania alebo po\u0161kodenia.<\/li>\n<\/ul>\n<\/li>\n<\/ul>\n<h2><strong>Ako odvzdu\u0161ni\u0165 hydraulick\u00fd valec?<\/strong><\/h2>\n<p>Bleeding a hydraulic cylinder is an essential maintenance task that helps remove air or trapped gases from the system. Here&#8217;s a step-by-step guide on how to bleed a hydraulic cylinder:<\/p>\n<p>Pozn\u00e1mka: Predt\u00fdm, ako budete pokra\u010dova\u0165 v procese odvzdu\u0161nenia, sa uistite, \u017ee m\u00e1te potrebn\u00e9 n\u00e1stroje, bezpe\u010dnostn\u00e9 vybavenie a dodr\u017eiavate v\u0161etky \u0161pecifick\u00e9 pokyny v\u00fdrobcu v\u00e1\u0161ho hydraulick\u00e9ho syst\u00e9mu.<\/p>\n<ol>\n<li><strong>Bezpe\u010dnostn\u00e9 opatrenia:<\/strong>\n<ul>\n<li>Nasa\u010fte si vhodn\u00e9 ochrann\u00e9 pom\u00f4cky, ako s\u00fa rukavice a ochrann\u00e9 okuliare, aby ste sa chr\u00e1nili pred mo\u017en\u00fdm \u00fanikom alebo postriekan\u00edm hydraulickej kvapaliny.<\/li>\n<li>Uistite sa, \u017ee hydraulick\u00fd syst\u00e9m je odtlakovan\u00fd vypnut\u00edm zdroja nap\u00e1jania a uvo\u013enen\u00edm ak\u00e9hoko\u013evek nahromaden\u00e9ho tlaku.<\/li>\n<\/ul>\n<\/li>\n<li><strong>N\u00e1jdite odvzdu\u0161\u0148ovac\u00ed ventil:<\/strong>\n<ul>\n<li>N\u00e1jdite odvzdu\u0161\u0148ovac\u00ed ventil na hydraulickom valci. Odvzdu\u0161\u0148ovac\u00ed ventil je zvy\u010dajne mal\u00fd, skrutkovit\u00fd ventil umiestnen\u00fd na tele valca alebo v bl\u00edzkosti hydraulick\u00fdch potrub\u00ed pripojen\u00fdch k valcu.<\/li>\n<li>If you are unsure about the location of the bleeder valve, consult the manufacturer&#8217;s documentation or seek professional assistance.<\/li>\n<\/ul>\n<\/li>\n<li><strong>Pr\u00edprava na odber tekut\u00edn:<\/strong>\n<ul>\n<li>Pod odvzdu\u0161\u0148ovac\u00ed ventil umiestnite vhodn\u00fa n\u00e1dobu alebo sav\u00fd materi\u00e1l na zachytenie akejko\u013evek tekutiny, ktor\u00e1 sa m\u00f4\u017ee uvo\u013eni\u0165 po\u010das odvzdu\u0161\u0148ovania. T\u00fdm sa zabr\u00e1ni rozliatiu a kontamin\u00e1cii \u017eivotn\u00e9ho prostredia.<\/li>\n<\/ul>\n<\/li>\n<li><strong>Otvorte odvzdu\u0161\u0148ovac\u00ed ventil:<\/strong>\n<ul>\n<li>Pomocou vhodn\u00e9ho k\u013e\u00fa\u010da alebo n\u00e1stroja opatrne uvo\u013enite odvzdu\u0161\u0148ovac\u00ed ventil proti smeru hodinov\u00fdch ru\u010di\u010diek. V tejto f\u00e1ze d\u00e1vajte pozor, aby ste ventil \u00faplne neodstr\u00e1nili.<\/li>\n<li>Otvoren\u00edm odvzdu\u0161\u0148ovacieho ventilu sa vytvor\u00ed otvor pre \u00fanik vzduchu alebo plynov zachyten\u00fdch vo valci.<\/li>\n<\/ul>\n<\/li>\n<li><strong>Aktiv\u00e1cia hydraulick\u00e9ho syst\u00e9mu:<\/strong>\n<ul>\n<li>Zapnite alebo aktivujte hydraulick\u00fd syst\u00e9m pomocou met\u00f3dy odpor\u00fa\u010danej v\u00fdrobcom. M\u00f4\u017ee to zah\u0155\u0148a\u0165 spustenie pohonnej jednotky alebo obsluhu hydraulick\u00e9ho zariadenia, ktor\u00e9 vyu\u017e\u00edva valec.<\/li>\n<\/ul>\n<\/li>\n<li><strong>Pozorujte tok tekutiny:<\/strong>\n<ul>\n<li>Po\u010das prev\u00e1dzky hydraulick\u00e9ho syst\u00e9mu si v\u0161imnete, \u017ee kvapalina pretek\u00e1 cez odvzdu\u0161\u0148ovac\u00ed ventil.<\/li>\n<li>Nechajte kvapalinu vo\u013ene pr\u00fadi\u0165 dostato\u010dne dlho, aby sa z valca odstr\u00e1nil v\u0161etok vzduch alebo zachyten\u00e9 plyny.<\/li>\n<li>Pozorne sledujte hladinu kvapaliny v n\u00e1dobe a bu\u010fte pripraven\u00ed zatvori\u0165 odvzdu\u0161\u0148ovac\u00ed ventil, ke\u010f sa prietok kvapaliny ust\u00e1li a nebude obsahova\u0165 vzduchov\u00e9 bubliny.<\/li>\n<\/ul>\n<\/li>\n<li><strong>Zatvorte odvzdu\u0161\u0148ovac\u00ed ventil:<\/strong>\n<ul>\n<li>Ke\u010f sa prietok kvapaliny stabilizuje a neobsahuje vzduchov\u00e9 bubliny, opatrne dotiahnite odvzdu\u0161\u0148ovac\u00ed ventil v smere hodinov\u00fdch ru\u010di\u010diek. Uistite sa, \u017ee je pevne utiahnut\u00fd, ale vyhnite sa nadmern\u00e9mu utiahnutiu, aby ste predi\u0161li po\u0161kodeniu ventilu alebo valca.<\/li>\n<\/ul>\n<\/li>\n<li><strong>Overenie fungovania syst\u00e9mu:<\/strong>\n<ul>\n<li>Po zatvoren\u00ed odvzdu\u0161\u0148ovacieho ventilu skontrolujte, \u010di valec spr\u00e1vne funguje, pomocou hydraulick\u00e9ho syst\u00e9mu.<\/li>\n<li>Monitor the cylinder&#8217;s movement, responsiveness, and overall performance to ensure that the bleeding process was successful.<\/li>\n<\/ul>\n<\/li>\n<li><strong>\u010cistenie a bezpe\u010dnos\u0165:<\/strong>\n<ul>\n<li>Vy\u010distite v\u0161etku rozliatu hydraulick\u00fa kvapalinu a uistite sa, \u017ee pracovn\u00fd priestor je \u010dist\u00fd a bez potenci\u00e1lnych nebezpe\u010denstiev.<\/li>\n<li>Zlikvidujte nazbieran\u00fa kvapalinu v s\u00falade s miestnymi predpismi a environment\u00e1lnymi smernicami.<\/li>\n<\/ul>\n<\/li>\n<\/ol>\n<h2><strong>Schopnos\u0165 a kapacita tov\u00e1rne:<\/strong><\/h2>\n<h3>(1) Mont\u00e1\u017e<\/h3>\n<p>Disponujeme prvotriednou nez\u00e1vislou v\u00fdskumnou a v\u00fdvojovou mont\u00e1\u017enou platformou. Diel\u0148a na v\u00fdrobu hydraulick\u00fdch valcov m\u00e1 \u0161tyri poloautomatick\u00e9 mont\u00e1\u017ene linky zdv\u00edhac\u00edch valcov a jednu automatick\u00fa mont\u00e1\u017enu linku nakl\u00e1pac\u00edch valcov s projektovanou ro\u010dnou v\u00fdrobnou kapacitou 1 mili\u00f3n kusov. Diel\u0148a na v\u00fdrobu \u0161peci\u00e1lnych valcov je vybaven\u00e1 r\u00f4znymi \u0161pecifik\u00e1ciami poloautomatick\u00e9ho syst\u00e9mu \u010distenia a mont\u00e1\u017ee s projektovanou ro\u010dnou v\u00fdrobnou kapacitou 200 000 kusov a je vybaven\u00e1 zn\u00e1mym CNC obr\u00e1bac\u00edm zariaden\u00edm, obr\u00e1bac\u00edm centrom, \u0161peci\u00e1lnym zariaden\u00edm na vysoko presn\u00e9 spracovanie valcov, robotick\u00fdm zv\u00e1rac\u00edm strojom, automatick\u00fdm \u010distiacim strojom, automatick\u00fdm mont\u00e1\u017enym strojom valcov a automatickou lakovacou v\u00fdrobnou linkou. Existuj\u00face kritick\u00e9 zariadenia maj\u00fa viac ako 300 s\u00faprav (s\u00e1d). Optim\u00e1lne alokovanie a efekt\u00edvne vyu\u017e\u00edvanie zdrojov zariaden\u00ed zabezpe\u010duje po\u017eiadavky na presnos\u0165 v\u00fdrobkov a sp\u013a\u0148a po\u017eiadavky na vysok\u00fa kvalitu v\u00fdrobkov.<\/p>\n<p><img loading=\"lazy\" decoding=\"async\" class=\"alignnone wp-image-626\" src=\"https:\/\/hydraulic-cylinders.net\/wp-content\/uploads\/2023\/08\/hydraulic-cylinder-product-1-300x158.webp\" alt=\"\" width=\"495\" height=\"260\" srcset=\"https:\/\/hydraulic-cylinders.net\/wp-content\/uploads\/2023\/08\/hydraulic-cylinder-product-1-300x158.webp 495w, https:\/\/hydraulic-cylinders.net\/wp-content\/uploads\/2023\/08\/hydraulic-cylinder-product-1-480x252.webp 480w\" sizes=\"(min-width: 0px) and (max-width: 480px) 480px, (min-width: 481px) 495px, 100vw\" \/> <img loading=\"lazy\" decoding=\"async\" class=\"alignnone wp-image-627\" src=\"https:\/\/hydraulic-cylinders.net\/wp-content\/uploads\/2023\/08\/hydraulic-cylinder-product-2-300x189.webp\" alt=\"\" width=\"413\" height=\"260\" \/><\/p>\n<h3>(2) Obr\u00e1banie<\/h3>\n<p>Obr\u00e1bacia diel\u0148a je vybaven\u00e1 prisp\u00f4soben\u00fdm s\u00fastru\u017en\u00edckym centrom na \u0161ikm\u00e9 ko\u013eajnice, obr\u00e1bac\u00edm centrom, vysokor\u00fdchlostn\u00fdm honovac\u00edm strojom, zv\u00e1rac\u00edm robotom a \u010fal\u0161\u00edm s\u00favisiacim zariaden\u00edm, ktor\u00e9 dok\u00e1\u017ee spracova\u0165 valcov\u00e9 r\u00fary s maxim\u00e1lnym vn\u00fatorn\u00fdm priemerom 400 mm a maxim\u00e1lnou d\u013a\u017ekou 6 metrov.<\/p>\n<p><img loading=\"lazy\" decoding=\"async\" class=\"alignnone wp-image-628 size-large\" src=\"https:\/\/hydraulic-cylinders.net\/wp-content\/uploads\/2023\/08\/hydraulic-cylinder-product-3-1024x391.webp\" alt=\"\" width=\"1024\" height=\"391\" srcset=\"https:\/\/hydraulic-cylinders.net\/wp-content\/uploads\/2023\/08\/hydraulic-cylinder-product-3-980x374.webp 980w, https:\/\/hydraulic-cylinders.net\/wp-content\/uploads\/2023\/08\/hydraulic-cylinder-product-3-480x183.webp 480w\" sizes=\"(min-width: 0px) and (max-width: 480px) 480px, (min-width: 481px) and (max-width: 980px) 980px, (min-width: 981px) 1024px, 100vw\" \/><\/p>\n<h3>(3) Zv\u00e1ranie<\/h3>\n<p><img loading=\"lazy\" decoding=\"async\" class=\"alignnone wp-image-629 size-large\" src=\"https:\/\/hydraulic-cylinders.net\/wp-content\/uploads\/2023\/08\/hydraulic-cylinder-product-4-1024x510.webp\" alt=\"\" width=\"1024\" height=\"510\" srcset=\"https:\/\/hydraulic-cylinders.net\/wp-content\/uploads\/2023\/08\/hydraulic-cylinder-product-4-980x488.webp 980w, https:\/\/hydraulic-cylinders.net\/wp-content\/uploads\/2023\/08\/hydraulic-cylinder-product-4-480x239.webp 480w\" sizes=\"(min-width: 0px) and (max-width: 480px) 480px, (min-width: 481px) and (max-width: 980px) 980px, (min-width: 981px) 1024px, 100vw\" \/><\/p>\n<h3>(4) Ma\u013eovanie a natieranie<\/h3>\n<p>S mal\u00fdmi a stredne ve\u013ek\u00fdmi valcov\u00fdmi automatick\u00fdmi linkami na nan\u00e1\u0161anie farieb na vodnej b\u00e1ze, na dosiahnutie automatick\u00e9ho nakladania a vykladania robotmi a automatick\u00e9ho striekania, je projektovan\u00e1 kapacita 4000 kusov za smenu;<br \/>\nM\u00e1me tie\u017e poloautomatick\u00fa linku na v\u00fdrobu farieb pre ve\u013ek\u00e9 valce poh\u00e1\u0148an\u00e9 re\u0165azou s projektovanou kapacitou 60 kusov za smenu.<\/p>\n<p><img loading=\"lazy\" decoding=\"async\" class=\"alignnone wp-image-630\" src=\"https:\/\/hydraulic-cylinders.net\/wp-content\/uploads\/2023\/08\/hydraulic-cylinder-product-5-300x213.webp\" alt=\"\" width=\"366\" height=\"260\" \/> <img loading=\"lazy\" decoding=\"async\" class=\"alignnone wp-image-631\" src=\"https:\/\/hydraulic-cylinders.net\/wp-content\/uploads\/2023\/08\/hydraulic-cylinder-product-6-300x225.webp\" alt=\"\" width=\"347\" height=\"260\" \/><\/p>\n<h3>(5) Testovanie<\/h3>\n<p>Disponujeme prvotriednymi kontroln\u00fdmi zariadeniami a sk\u00fa\u0161obn\u00fdmi zariadeniami, ktor\u00e9 zabezpe\u010duj\u00fa, \u017ee v\u00fdkonnos\u0165 valca sp\u013a\u0148a po\u017eiadavky.<\/p>\n<p><img loading=\"lazy\" decoding=\"async\" class=\"alignnone wp-image-632\" src=\"https:\/\/hydraulic-cylinders.net\/wp-content\/uploads\/2023\/08\/hydraulic-cylinder-product-8-300x200.webp\" alt=\"\" width=\"389\" height=\"260\" \/><\/p>\n<p>&nbsp;<\/p>\n<p>&nbsp;<\/p>\n<p>Sme jedn\u00fdm z najlep\u0161\u00edch v\u00fdrobcov hydraulick\u00fdch valcov. Pon\u00fakame komplexn\u00e9 hydraulick\u00e9 valce. Poskytujeme aj zodpovedaj\u00face <a href=\"https:\/\/hzpt.com\/agricultural-pto-gearbox\/\" target=\"_blank\" rel=\"noopener\">po\u013enohospod\u00e1rske prevodovky<\/a>Na\u0161e produkty sme vyv\u00e1\u017eali klientom po celom svete a v\u010faka vynikaj\u00facej kvalite produktov a popredajn\u00e9mu servisu sme si z\u00edskali dobr\u00fa reput\u00e1ciu. V\u00edtame z\u00e1kazn\u00edkov doma aj v zahrani\u010d\u00ed, ktor\u00ed n\u00e1s kontaktuj\u00fa za \u00fa\u010delom rokovania o obchodn\u00fdch z\u00e1le\u017eitostiach, v\u00fdmeny inform\u00e1ci\u00ed a <a href=\"https:\/\/www.hydraulic-cylinders.net\/sk\/contact-us\/\">spolupracova\u0165 s nami<\/a>!<\/p>","protected":false},"excerpt":{"rendered":"<p>Press Centering Cylinder The press centering cylinder is a cutting-edge tool designed to enhance precision and efficiency in a wide range of pressing applications. This innovative cylinder is meticulously engineered to provide accurate centering of workpieces, ensuring optimal alignment and reducing setup time. The press centering cylinder is indispensable for achieving precise and efficient pressing [&hellip;]<\/p>","protected":false},"featured_media":1676,"comment_status":"open","ping_status":"closed","template":"","meta":{"_et_pb_use_builder":"","_et_pb_old_content":"","_et_gb_content_width":""},"product_brand":[],"product_cat":[1550,1522,1376],"product_tag":[1380],"class_list":{"0":"post-1674","1":"product","2":"type-product","3":"status-publish","4":"has-post-thumbnail","6":"product_cat-double-acting-hydraulic-cylinder","7":"product_cat-press-hydraulic-cylinders","8":"product_cat-hydraulic-cylinder","9":"product_tag-hydraulic-cylinder","11":"first","12":"instock","13":"shipping-taxable","14":"product-type-simple"},"amp_enabled":true,"_links":{"self":[{"href":"https:\/\/www.hydraulic-cylinders.net\/sk\/wp-json\/wp\/v2\/product\/1674","targetHints":{"allow":["GET"]}}],"collection":[{"href":"https:\/\/www.hydraulic-cylinders.net\/sk\/wp-json\/wp\/v2\/product"}],"about":[{"href":"https:\/\/www.hydraulic-cylinders.net\/sk\/wp-json\/wp\/v2\/types\/product"}],"replies":[{"embeddable":true,"href":"https:\/\/www.hydraulic-cylinders.net\/sk\/wp-json\/wp\/v2\/comments?post=1674"}],"wp:featuredmedia":[{"embeddable":true,"href":"https:\/\/www.hydraulic-cylinders.net\/sk\/wp-json\/wp\/v2\/media\/1676"}],"wp:attachment":[{"href":"https:\/\/www.hydraulic-cylinders.net\/sk\/wp-json\/wp\/v2\/media?parent=1674"}],"wp:term":[{"taxonomy":"product_brand","embeddable":true,"href":"https:\/\/www.hydraulic-cylinders.net\/sk\/wp-json\/wp\/v2\/product_brand?post=1674"},{"taxonomy":"product_cat","embeddable":true,"href":"https:\/\/www.hydraulic-cylinders.net\/sk\/wp-json\/wp\/v2\/product_cat?post=1674"},{"taxonomy":"product_tag","embeddable":true,"href":"https:\/\/www.hydraulic-cylinders.net\/sk\/wp-json\/wp\/v2\/product_tag?post=1674"}],"curies":[{"name":"pracovn\u00fd list","href":"https:\/\/api.w.org\/{rel}","templated":true}]}}