{"id":16742,"date":"2025-01-21T05:51:03","date_gmt":"2025-01-21T05:51:03","guid":{"rendered":"https:\/\/www.hydraulic-cylinders.net\/product\/arm-cylinder-for-pengpu-sw60e\/"},"modified":"2025-01-21T05:51:04","modified_gmt":"2025-01-21T05:51:04","slug":"arm-cylinder-for-pengpu-sw60e","status":"publish","type":"product","link":"https:\/\/www.hydraulic-cylinders.net\/sk\/produkt\/arm-cylinder-for-pengpu-sw60e\/","title":{"rendered":"Valec ramena pre Pengpu SW60E"},"content":{"rendered":"<p><!DOCTYPE html><br \/>\n<html><br \/>\n<head><br \/>\n<title>Valec ramena pre Pengpu SW60E<\/title><br \/>\n<\/head><br \/>\n<body><\/p>\n<h1>Valec ramena pre Pengpu SW60E<\/h1>\n<h2>\u00davod<\/h2>\n<p>Hydraulick\u00fd valec ramena je \u0161peci\u00e1lne navrhnut\u00fd hydraulick\u00fd valec, ktor\u00fd poskytuje line\u00e1rny pohyb a v\u00fdkon ramenu r\u00f4znych strojov, ako s\u00fa r\u00fdpadl\u00e1, \u017eeriavy a robotick\u00e9 ramen\u00e1. Zohr\u00e1va k\u013e\u00fa\u010dov\u00fa \u00falohu v hydraulick\u00fdch syst\u00e9moch, preto\u017ee umo\u017e\u0148uje efekt\u00edvny pohyb a ovl\u00e1danie dodato\u010dn\u00fdch n\u00e1strojov alebo pr\u00edslu\u0161enstva. Tieto valce nielen zabezpe\u010duj\u00fa plynul\u00fd pohyb, ale tie\u017e odol\u00e1vaj\u00fa \u0165a\u017ek\u00fdm za\u0165a\u017eeniam, \u010d\u00edm zabezpe\u010duj\u00fa efekt\u00edvnu prev\u00e1dzku a spo\u013eahlivos\u0165 strojov v r\u00f4znych pracovn\u00fdch podmienkach.<\/p>\n<h3>Defin\u00edcia a vysvetlenie<\/h3>\n<p>Hydraulick\u00fd valec ramena je ur\u010den\u00fd na zabezpe\u010denie line\u00e1rneho pohybu a v\u00fdkonu ramena r\u00f4znych typov strojov, ako s\u00fa r\u00fdpadl\u00e1, \u017eeriavy a robotick\u00e9 ramen\u00e1. Funguje ako k\u013e\u00fa\u010dov\u00e1 s\u00fa\u010das\u0165 hydraulick\u00fdch syst\u00e9mov, ktor\u00e1 umo\u017e\u0148uje efekt\u00edvny pohyb a ovl\u00e1danie dodato\u010dn\u00fdch n\u00e1strojov alebo pr\u00edslu\u0161enstva. Tieto valce s\u00fa schopn\u00e9 plynul\u00e9ho pohybu a odol\u00e1vaj\u00fa \u0165a\u017ek\u00fdm za\u0165a\u017eeniam, \u010d\u00edm zabezpe\u010duj\u00fa efekt\u00edvnu a spo\u013eahliv\u00fa prev\u00e1dzku stroja v r\u00f4znych pracovn\u00fdch podmienkach.<\/p>\n<p><img decoding=\"async\" src=\"https:\/\/www.hydraulic-cylinders.net\/wp-content\/uploads\/2025\/01\/songte-company-2.webp\" alt=\"Obr\u00e1zok valca ramena\"><\/p>\n<h2>Funkcie<\/h2>\n<ul>\n<li><strong>Vysoko\u00fa\u010dinn\u00fd prenos:<\/strong> Valec ramena poskytuje siln\u00fd line\u00e1rny pohyb a silu, \u010d\u00edm zais\u0165uje vysokov\u00fdkonn\u00fa prev\u00e1dzku robotick\u00e9ho ramena pri r\u00f4znych \u00faloh\u00e1ch.<\/li>\n<li><strong>Presn\u00e9 ovl\u00e1danie:<\/strong> V\u010faka hydraulick\u00fdm syst\u00e9mom umo\u017e\u0148uje valec ramena presn\u00e9 ovl\u00e1danie pohybu, \u010d\u00edm sa zvy\u0161uje flexibilita a presnos\u0165 obsluhy n\u00e1strojov.<\/li>\n<li><strong>Trvanlivos\u0165:<\/strong> Valce ramien sa zvy\u010dajne vyr\u00e1baj\u00fa z vysokopevnostn\u00fdch materi\u00e1lov, ktor\u00e9 pon\u00fakaj\u00fa vynikaj\u00facu odolnos\u0165 vo\u010di opotrebovaniu a kor\u00f3zii, v\u010faka \u010domu s\u00fa vhodn\u00e9 na dlhodob\u00e9 pou\u017e\u00edvanie v n\u00e1ro\u010dn\u00fdch podmienkach.<\/li>\n<li><strong>Multifunk\u010dn\u00e1 prisp\u00f4sobivos\u0165:<\/strong> Tieto valce sa daj\u00fa \u0161iroko pou\u017e\u00edva\u0165 v r\u00f4znych strojoch, ako s\u00fa bagre, \u017eeriavy a robotick\u00e9 ramen\u00e1, a sp\u013a\u0148aj\u00fa r\u00f4zne pracovn\u00e9 po\u017eiadavky.<\/li>\n<li><strong>Jednoduch\u00e1 \u00fadr\u017eba:<\/strong> Kon\u0161trukcia zoh\u013ead\u0148uje jednoduch\u00fa \u00fadr\u017ebu a v\u00fdmenu, \u010do u\u013eah\u010duje pravideln\u00e9 kontroly a \u00fadr\u017ebu a skracuje prestoje zariaden\u00ed.<\/li>\n<\/ul>\n<p><img decoding=\"async\" src=\"https:\/\/www.hydraulic-cylinders.net\/wp-content\/uploads\/2025\/01\/songte-oil-pipes-and-spare-parts.webp\" alt=\"Obr\u00e1zok produktu\"><\/p>\n<h2>Aplik\u00e1cie<\/h2>\n<p>Rameno s valcom nach\u00e1dza uplatnenie v r\u00f4znych odvetviach:<\/p>\n<ol>\n<li><strong>Stavebn\u00e9 in\u017einierstvo:<\/strong> V r\u00fdpadl\u00e1ch a \u017eeriavoch ovl\u00e1da valec ramena pohyb vedier alebo v\u00fdlo\u017en\u00edkov, \u010do u\u013eah\u010duje zemn\u00e9 pr\u00e1ce, manipul\u00e1ciu s materi\u00e1lom a mont\u00e1\u017e kon\u0161trukci\u00ed.<\/li>\n<li><strong>V\u00fdroba:<\/strong> V automatizovan\u00fdch v\u00fdrobn\u00fdch link\u00e1ch sa valec ramena pou\u017e\u00edva na pohyb robotick\u00fdch ramien, \u010do umo\u017e\u0148uje procesy ako mont\u00e1\u017e, zv\u00e1ranie a manipul\u00e1cia s materi\u00e1lom, \u010d\u00edm sa zlep\u0161uje efektivita a presnos\u0165 v\u00fdroby.<\/li>\n<li><strong>Po\u013enohospod\u00e1rske stroje:<\/strong> V po\u013enohospod\u00e1rskych strojoch, ako s\u00fa zbera\u010de a seja\u010dky, riadi valec ramena pohyb pracovn\u00fdch ramien a vykon\u00e1va \u00falohy ako siatie, hnojenie a zber \u00farody.<\/li>\n<li><strong>\u0164a\u017eba:<\/strong> V bansk\u00fdch zariadeniach riadi valec ramena pohyb ramena bansk\u00e9ho zariadenia, \u010d\u00edm u\u013eah\u010duje \u0165a\u017ebu a prepravu rudy.<\/li>\n<li><strong>Logistika a doprava:<\/strong> Vo vysokozdvi\u017en\u00fdch voz\u00edkoch a manipula\u010dn\u00fdch robotoch riadi valec ramena zdv\u00edhanie a pohyb vidl\u00edc, \u010do umo\u017e\u0148uje manipul\u00e1ciu a stohovanie materi\u00e1lov.<\/li>\n<\/ol>\n<h2>\u00davahy o dizajne a krit\u00e9ri\u00e1 v\u00fdberu<\/h2>\n<p>Pri navrhovan\u00ed valcov ramena sa berie do \u00favahy nieko\u013eko faktorov a krit\u00e9ri\u00ed:<\/p>\n<ol>\n<li><strong>Nosnos\u0165:<\/strong> Valec ramena by mal by\u0165 navrhnut\u00fd tak, aby zvl\u00e1dol zam\u00fd\u0161\u013ean\u00e9 za\u0165a\u017eenie bez kompromisov v oblasti v\u00fdkonu alebo bezpe\u010dnosti.<\/li>\n<li><strong>Tesniaca schopnos\u0165:<\/strong> Na zabezpe\u010denie \u00fa\u010dinn\u00e9ho utesnenia sa pou\u017e\u00edvaj\u00fa r\u00f4zne tesniace prvky, ako s\u00fa tesnenia piestov a tesnenia ty\u010d\u00ed. Pre tesnenia sa volia materi\u00e1ly ako polyuret\u00e1n alebo nitrilov\u00e1 guma s vynikaj\u00facou odolnos\u0165ou proti opotrebovaniu.<\/li>\n<li><strong>Trvanlivos\u0165:<\/strong> Teleso valca a z\u00e1vitov\u00e9 konce prech\u00e1dzaj\u00fa presnou povrchovou \u00fapravou pre zv\u00fd\u0161enie odolnosti a opotrebenia.<\/li>\n<li><strong>Bezpe\u010dnos\u0165:<\/strong> Bezpe\u010dnostn\u00e9 prvky, ako s\u00fa pretlakov\u00e9 ventily a sn\u00edma\u010de polohy, s\u00fa zabudovan\u00e9 na predch\u00e1dzanie nehod\u00e1m a zaistenie bezpe\u010dnej prev\u00e1dzky.<\/li>\n<li><strong>Udr\u017eiavate\u013enos\u0165:<\/strong> Kon\u0161trukcia umo\u017e\u0148uje jednoduch\u00fa \u00fadr\u017ebu a v\u00fdmenu, \u010d\u00edm sa skracuj\u00fa prestoje a zabezpe\u010duje efekt\u00edvna prev\u00e1dzka.<\/li>\n<\/ol>\n<p><img decoding=\"async\" src=\"https:\/\/www.hydraulic-cylinders.net\/wp-content\/uploads\/2025\/01\/songte-cylinder-head-with-all-kinds-excavator-models.webp\" alt=\"Obr\u00e1zok produktu\"><\/p>\n<h2>Tesnenie a mazanie<\/h2>\n<p>Valec ramena vyu\u017e\u00edva r\u00f4zne tesniace komponenty, ako s\u00fa tesnenia piestov a tesnenia ty\u010d\u00ed, vyroben\u00e9 z materi\u00e1lov odoln\u00fdch vo\u010di opotrebovaniu, ako je polyuret\u00e1n alebo nitrilov\u00fd kau\u010duk. Teleso valca a z\u00e1vitov\u00e9 konce prech\u00e1dzaj\u00fa d\u00f4kladnou povrchovou \u00fapravou, aby sa zlep\u0161ila odolnos\u0165 vo\u010di opotrebovaniu. Pravideln\u00e9 mazanie vhodn\u00fdm hydraulick\u00fdm olejom je nevyhnutn\u00e9 pre udr\u017eanie hladk\u00e9ho chodu a zabr\u00e1nenie nadmern\u00e9mu opotrebovaniu.<\/p>\n<h2>Pravideln\u00e1 kontrola a prevent\u00edvna \u00fadr\u017eba<\/h2>\n<p>Pre zabezpe\u010denie optim\u00e1lneho v\u00fdkonu a dlhej \u017eivotnosti by sa mali vykon\u00e1va\u0165 pravideln\u00e9 kontroly a prevent\u00edvne \u00fadr\u017eb\u00e1rske opatrenia:<\/p>\n<ul>\n<li>Skontrolujte valec, \u010di nevykazuje zn\u00e1mky opotrebovania, \u00faniku alebo po\u0161kodenia.<\/li>\n<li>Skontrolujte tesnenia a v pr\u00edpade potreby ich vyme\u0148te.<\/li>\n<li>Sledujte hladiny maziva a dopl\u0148te odpor\u00fa\u010dan\u00fd hydraulick\u00fd olej.<\/li>\n<li>Overte spr\u00e1vne fungovanie bezpe\u010dnostn\u00fdch prvkov.<\/li>\n<li>Vykonajte v\u0161etky potrebn\u00e9 \u00fapravy alebo opravy hne\u010f, ako zist\u00edte probl\u00e9my.<\/li>\n<\/ul>\n<h2>Sprievodca in\u0161tal\u00e1ciou produktu<\/h2>\n<p>Spr\u00e1vna in\u0161tal\u00e1cia valca ramena je k\u013e\u00fa\u010dov\u00e1 pre optim\u00e1lny v\u00fdkon a bezpe\u010dnos\u0165. Dodr\u017eujte tieto pokyny:<\/p>\n<ul>\n<li>Uistite sa, \u017ee mont\u00e1\u017eny povrch je \u010dist\u00fd a bez ak\u00fdchko\u013evek ne\u010dist\u00f4t.<\/li>\n<li>Valec bezpe\u010dne pripevnite k stroju pod\u013ea odpor\u00fa\u010dan\u00fdch \u0161pecifik\u00e1ci\u00ed kr\u00fatiaceho momentu.<\/li>\n<li>Pripojte hydraulick\u00e9 hadice alebo potrubia a dbajte na spr\u00e1vne zarovnanie a pevn\u00e9 spojenia.<\/li>\n<li>Odvzdu\u0161nite hydraulick\u00fd syst\u00e9m, aby ste odstr\u00e1nili v\u0161etky vzduchov\u00e9 bubliny.<\/li>\n<li>Pred pou\u017eit\u00edm valca v re\u00e1lnej prev\u00e1dzke ho otestujte jeho funk\u010dnos\u0165.<\/li>\n<\/ul>\n<p><img decoding=\"async\" src=\"https:\/\/www.hydraulic-cylinders.net\/wp-content\/uploads\/2025\/01\/songte-bushings-with-all-kinds-of-excavator-models.webp\" alt=\"Obr\u00e1zok produktu\"><\/p>\n<h2>Bezpe\u010dnostn\u00e9 aspekty a faktory prostredia<\/h2>\n<p>Pri pou\u017e\u00edvan\u00ed valcov s ramenom je dodr\u017eiavanie bezpe\u010dnostn\u00fdch opatren\u00ed nevyhnutn\u00e9 na predch\u00e1dzanie nehod\u00e1m a zaistenie pohody obsluhy. Mali by sa zv\u00e1\u017ei\u0165 aj faktory prostredia, ako je teplota a vlhkos\u0165:<\/p>\n<ul>\n<li>Dodr\u017eiavajte v\u0161etky bezpe\u010dnostn\u00e9 pokyny a pokyny v\u00fdrobcu stroja.<\/li>\n<li>Pri obsluhe strojov alebo pr\u00e1ci v ich bl\u00edzkosti noste vhodn\u00e9 osobn\u00e9 ochrann\u00e9 prostriedky.<\/li>\n<li>D\u00e1vajte si pozor na potenci\u00e1lne nebezpe\u010denstv\u00e1, ako s\u00fa miesta privretia alebo padaj\u00face predmety.<\/li>\n<li>Zv\u00e1\u017ete podmienky prostredia, ktor\u00e9 m\u00f4\u017eu ovplyvni\u0165 v\u00fdkon valca, ako s\u00fa extr\u00e9mne teploty alebo koroz\u00edvne l\u00e1tky.<\/li>\n<\/ul>\n<h2>Diagnostika por\u00fach a be\u017en\u00e9 probl\u00e9my<\/h2>\n<p>V pr\u00edpade ak\u00fdchko\u013evek probl\u00e9mov alebo por\u00fach m\u00f4\u017ee pochopenie be\u017en\u00fdch probl\u00e9mov a ich mo\u017en\u00fdch pr\u00ed\u010din pom\u00f4c\u0165 pri efekt\u00edvnom odstra\u0148ovan\u00ed probl\u00e9mov:<\/p>\n<ol>\n<li><strong>\u00danik:<\/strong> Medzi mo\u017en\u00e9 pr\u00ed\u010diny patria opotrebovan\u00e9 tesnenia, po\u0161koden\u00e9 steny valcov alebo uvo\u013enen\u00e9 spoje.<\/li>\n<li><strong>Pomal\u00fd alebo trhan\u00fd pohyb:<\/strong> M\u00f4\u017ee to by\u0165 sp\u00f4soben\u00e9 nedostato\u010dn\u00fdm mazan\u00edm, vn\u00fatorn\u00fdm zne\u010disten\u00edm alebo opotrebovan\u00fdmi komponentmi.<\/li>\n<li><strong>Nedostatok energie:<\/strong> Pr\u00ed\u010diny m\u00f4\u017eu zah\u0155\u0148a\u0165 nedostato\u010dn\u00fd hydraulick\u00fd tlak, opotrebovan\u00e9 tesnenia alebo vn\u00fatorn\u00e9 po\u0161kodenie.<\/li>\n<li><strong>Nezvy\u010dajn\u00e9 zvuky:<\/strong> Hluky m\u00f4\u017eu nazna\u010dova\u0165 uvo\u013enen\u00e9 komponenty, po\u0161koden\u00e9 diely alebo nadmern\u00e9 trenie.<\/li>\n<li><strong>Neschopnos\u0165 udr\u017ea\u0165 poz\u00edciu:<\/strong> M\u00f4\u017ee to by\u0165 sp\u00f4soben\u00e9 opotrebovan\u00fdmi tesneniami, nedostato\u010dn\u00fdm hydraulick\u00fdm tlakom alebo vn\u00fatorn\u00fdm \u00fanikom.<\/li>\n<\/ol>\n<p>Pri rie\u0161en\u00ed probl\u00e9mov zv\u00e1\u017ete vy\u0161\u0161ie uveden\u00e9 pr\u00edznaky a mo\u017en\u00e9 pr\u00ed\u010diny. V pr\u00edpade potreby sa obr\u00e1\u0165te na v\u00fdrobcu alebo odborn\u00edka, ktor\u00fd v\u00e1m poskytne \u010fal\u0161iu pomoc.<\/p>\n<h2>Z\u00e1ver<\/h2>\n<p>Sme profesion\u00e1lny v\u00fdrobca hydraulick\u00fdch valcov s ponukou \u0161irok\u00e9ho sortimentu produktov. Stali sme sa jedn\u00fdm z popredn\u00fdch v\u00fdrobcov a ve\u013ekoobchodn\u00fdch distrib\u00fatorov hydraulick\u00fdch valcov na dom\u00e1com aj medzin\u00e1rodnom trhu. So z\u00e1v\u00e4zkom k vynikaj\u00facej kvalite neust\u00e1le zlep\u0161ujeme na\u0161u technologick\u00fa \u00farove\u0148 a efektivitu v\u00fdroby. Zav\u00e1dzan\u00edm pokro\u010dil\u00fdch digit\u00e1lnych v\u00fdrobn\u00fdch zariaden\u00ed a profesion\u00e1lnych testovac\u00edch syst\u00e9mov optimalizujeme na\u0161u v\u00fdrobn\u00fa platformu a zlep\u0161ujeme procesy kontroly kvality v\u00fdrobkov, \u010d\u00edm preukazujeme siln\u00e9 inovat\u00edvne schopnosti. Na\u0161\u00edm cie\u013eom je uspokoji\u0165 rozmanit\u00e9 potreby z\u00e1kazn\u00edkov s...<\/p>","protected":false},"excerpt":{"rendered":"<p>Arm Cylinder For Pengpu SW60E Arm Cylinder For Pengpu SW60E Introduction The arm cylinder is a specially designed hydraulic cylinder that provides linear motion and power to the arm of various machinery, such as excavators, cranes, and robotic arms. It plays a crucial role in hydraulic systems, enabling the effective movement and control of additional [&hellip;]<\/p>","protected":false},"featured_media":14772,"comment_status":"open","ping_status":"closed","template":"","meta":{"_et_pb_use_builder":"","_et_pb_old_content":"","_et_gb_content_width":""},"product_brand":[],"product_cat":[1497],"product_tag":[1498,1496],"class_list":{"0":"post-16742","1":"product","2":"type-product","3":"status-publish","4":"has-post-thumbnail","6":"product_cat-arm-cylinders","7":"product_tag-arm-cylinders","8":"product_tag-hydraulic-cylinders","10":"first","11":"instock","12":"shipping-taxable","13":"product-type-simple"},"amp_enabled":true,"_links":{"self":[{"href":"https:\/\/www.hydraulic-cylinders.net\/sk\/wp-json\/wp\/v2\/product\/16742","targetHints":{"allow":["GET"]}}],"collection":[{"href":"https:\/\/www.hydraulic-cylinders.net\/sk\/wp-json\/wp\/v2\/product"}],"about":[{"href":"https:\/\/www.hydraulic-cylinders.net\/sk\/wp-json\/wp\/v2\/types\/product"}],"replies":[{"embeddable":true,"href":"https:\/\/www.hydraulic-cylinders.net\/sk\/wp-json\/wp\/v2\/comments?post=16742"}],"wp:featuredmedia":[{"embeddable":true,"href":"https:\/\/www.hydraulic-cylinders.net\/sk\/wp-json\/wp\/v2\/media\/14772"}],"wp:attachment":[{"href":"https:\/\/www.hydraulic-cylinders.net\/sk\/wp-json\/wp\/v2\/media?parent=16742"}],"wp:term":[{"taxonomy":"product_brand","embeddable":true,"href":"https:\/\/www.hydraulic-cylinders.net\/sk\/wp-json\/wp\/v2\/product_brand?post=16742"},{"taxonomy":"product_cat","embeddable":true,"href":"https:\/\/www.hydraulic-cylinders.net\/sk\/wp-json\/wp\/v2\/product_cat?post=16742"},{"taxonomy":"product_tag","embeddable":true,"href":"https:\/\/www.hydraulic-cylinders.net\/sk\/wp-json\/wp\/v2\/product_tag?post=16742"}],"curies":[{"name":"pracovn\u00fd list","href":"https:\/\/api.w.org\/{rel}","templated":true}]}}