{"id":16752,"date":"2025-01-21T05:51:49","date_gmt":"2025-01-21T05:51:49","guid":{"rendered":"https:\/\/www.hydraulic-cylinders.net\/product\/arm-cylinder-for-pushhm-pz250lc-8\/"},"modified":"2025-01-21T05:51:51","modified_gmt":"2025-01-21T05:51:51","slug":"arm-cylinder-for-pushhm-pz250lc-8","status":"publish","type":"product","link":"https:\/\/www.hydraulic-cylinders.net\/sk\/produkt\/arm-cylinder-for-pushhm-pz250lc-8\/","title":{"rendered":"Valec ramena pre Pushhm PZ250LC-8"},"content":{"rendered":"<h2>Valec ramena pre Pushhm PZ250LC-8<\/h2>\n<h3>\u00davod<\/h3>\n<p>Hydraulick\u00fd valec ramena je \u0161peci\u00e1lne navrhnut\u00fd hydraulick\u00fd valec, ktor\u00fd sa pou\u017e\u00edva hlavne na zabezpe\u010denie line\u00e1rneho pohybu a v\u00fdkonu ramien r\u00f4znych strojov, ako s\u00fa r\u00fdpadl\u00e1, \u017eeriavy a robotick\u00e9 ramen\u00e1. Hydraulick\u00fd valec ramena zohr\u00e1va k\u013e\u00fa\u010dov\u00fa \u00falohu v hydraulick\u00fdch syst\u00e9moch, ktor\u00e9 umo\u017e\u0148uj\u00fa efekt\u00edvny pohyb a ovl\u00e1danie pr\u00edslu\u0161enstva alebo pr\u00edslu\u0161enstva. Tieto valce nielen zabezpe\u010duj\u00fa plynul\u00fd pohyb, ale tie\u017e odol\u00e1vaj\u00fa \u0165a\u017ek\u00fdm za\u0165a\u017eeniam, \u010d\u00edm zabezpe\u010duj\u00fa efekt\u00edvnu prev\u00e1dzku a spo\u013eahlivos\u0165 strojov za r\u00f4znych prev\u00e1dzkov\u00fdch podmienok.<\/p>\n<p><img decoding=\"async\" src=\"https:\/\/www.hydraulic-cylinders.net\/wp-content\/uploads\/2025\/01\/songte-company-2.webp\" alt=\"Obr\u00e1zok valca ramena\"><\/p>\n<h3>Funkcie<\/h3>\n<ul>\n<li><strong>Vysoko\u00fa\u010dinn\u00e1 prevodovka:<\/strong> Valec ramena poskytuje siln\u00fd line\u00e1rny pohyb a silu, \u010d\u00edm zais\u0165uje vysok\u00fa \u00fa\u010dinnos\u0165 robotick\u00e9ho ramena pri r\u00f4znych oper\u00e1ci\u00e1ch.<\/li>\n<li><strong>Presn\u00e9 ovl\u00e1danie:<\/strong> V\u010faka hydraulick\u00e9mu syst\u00e9mu dok\u00e1\u017ee valec ramena dosiahnu\u0165 presn\u00e9 ovl\u00e1danie pohybu, v\u010faka \u010domu je ovl\u00e1danie pr\u00edslu\u0161enstva flexibilnej\u0161ie a presnej\u0161ie.<\/li>\n<li><strong>Odoln\u00e9:<\/strong> Valce ramien s\u00fa zvy\u010dajne vyroben\u00e9 z vysoko pevn\u00fdch materi\u00e1lov, maj\u00fa dobr\u00fa odolnos\u0165 vo\u010di opotrebovaniu a kor\u00f3zii a s\u00fa vhodn\u00e9 na dlhodob\u00e9 pou\u017e\u00edvanie v n\u00e1ro\u010dn\u00fdch podmienkach.<\/li>\n<li><strong>Multifunk\u010dn\u00e1 prisp\u00f4sobivos\u0165:<\/strong> Tieto valce sa daj\u00fa \u0161iroko pou\u017e\u00edva\u0165 v r\u00f4znych mechanick\u00fdch zariadeniach, ako s\u00fa bagre, \u017eeriavy a robotick\u00e9 ramen\u00e1, aby sp\u013a\u0148ali r\u00f4zne pracovn\u00e9 po\u017eiadavky.<\/li>\n<li><strong>Jednoduch\u00e1 \u00fadr\u017eba:<\/strong> Kon\u0161trukcia zoh\u013ead\u0148uje jednoduch\u00fa \u00fadr\u017ebu a v\u00fdmenu, v\u010faka \u010domu je pravideln\u00e1 kontrola a \u00fadr\u017eba pohodlnej\u0161ia a skracuje prestoje zariaden\u00ed.<\/li>\n<\/ul>\n<p>Tento produkt vieme vyrobi\u0165 a dok\u00e1\u017ee dokonale nahradi\u0165 tieto hydraulick\u00e9 valce.<\/p>\n<p><img decoding=\"async\" src=\"https:\/\/www.hydraulic-cylinders.net\/wp-content\/uploads\/2025\/01\/songte-oil-pipes-and-spare-parts.webp\" alt=\"Obr\u00e1zok n\u00e1hradn\u00fdch dielov hydraulick\u00e9ho valca\"><\/p>\n<h3>Aplik\u00e1cie<\/h3>\n<p>Valec ramena sa pou\u017e\u00edva v r\u00f4znych odvetviach, vr\u00e1tane:<\/p>\n<ul>\n<li><strong>Kon\u0161trukcia:<\/strong> V r\u00fdpadl\u00e1ch a \u017eeriavoch sa valec ramena pou\u017e\u00edva na ovl\u00e1danie pohybu vedra alebo v\u00fdlo\u017en\u00edka pri zemn\u00fdch pr\u00e1cach, manipul\u00e1cii s materi\u00e1lom a in\u0161tal\u00e1cii kon\u0161trukci\u00ed.<\/li>\n<li><strong>V\u00fdroba:<\/strong> V automatizovan\u00fdch v\u00fdrobn\u00fdch link\u00e1ch sa valec ramena pou\u017e\u00edva na pohyb robotick\u00fdch ramien pri mont\u00e1\u017enych, zv\u00e1rac\u00edch a manipula\u010dn\u00fdch procesoch, \u010d\u00edm sa zlep\u0161uje efektivita a presnos\u0165 v\u00fdroby.<\/li>\n<li><strong>Po\u013enohospod\u00e1rske stroje:<\/strong> V po\u013enohospod\u00e1rskych strojoch, ako s\u00fa zbera\u010de a seja\u010dky, riadi valec ramena pohyb ovl\u00e1dacieho ramena a vykon\u00e1va \u00falohy, ako je siatie, hnojenie a zber \u00farody.<\/li>\n<li><strong>\u0164a\u017eba:<\/strong> V bansk\u00fdch zariadeniach sa valec ramena pou\u017e\u00edva na ovl\u00e1danie pohybu ramena bansk\u00e9ho zariadenia na \u0165a\u017ebu a manipul\u00e1ciu s rudou.<\/li>\n<li><strong>Logistika a doprava:<\/strong> Vo vysokozdvi\u017en\u00fdch voz\u00edkoch a manipula\u010dn\u00fdch robotoch sa valec ramena pou\u017e\u00edva na ovl\u00e1danie zdv\u00edhania a pohybu vidlice, \u010d\u00edm sa realizuje manipul\u00e1cia s materi\u00e1lom a stohovanie.<\/li>\n<\/ul>\n<h3>\u00davahy o dizajne a krit\u00e9ri\u00e1 v\u00fdberu<\/h3>\n<p>Z kon\u0161truk\u010dn\u00e9ho h\u013eadiska by mali ma\u0165 valce ramien nasleduj\u00face vlastnosti:<\/p>\n<ul>\n<li><strong>Nosnos\u0165:<\/strong> Valec ramena by mal by\u0165 schopn\u00fd odola\u0165 za\u0165a\u017eeniu a nam\u00e1haniu pri prev\u00e1dzke robotick\u00e9ho ramena.<\/li>\n<li><strong>Tesnenie:<\/strong> Na zabr\u00e1nenie \u00faniku hydraulick\u00e9ho oleja by sa mali pou\u017e\u00edva\u0165 r\u00f4zne tesniace komponenty, ako s\u00fa tesnenia piestov a tesnenia ty\u010d\u00ed.<\/li>\n<li><strong>Trvanlivos\u0165:<\/strong> Valec ramena by mal by\u0165 vyroben\u00fd z vysoko pevn\u00fdch materi\u00e1lov a mal by ma\u0165 dobr\u00fa odolnos\u0165 vo\u010di opotrebovaniu a kor\u00f3zii, aby odolal n\u00e1ro\u010dn\u00fdm podmienkam.<\/li>\n<li><strong>Bezpe\u010dnos\u0165:<\/strong> Valec ramena by mal ma\u0165 bezpe\u010dnostn\u00e9 prvky, ako s\u00fa pretlakov\u00e9 ventily, aby sa predi\u0161lo nehod\u00e1m sp\u00f4soben\u00fdm pretlakom.<\/li>\n<li><strong>\u00dadr\u017eba:<\/strong> Valec ramena by mal by\u0165 navrhnut\u00fd pre jednoduch\u00fa \u00fadr\u017ebu a v\u00fdmenu dielov, aby sa minimalizovali prestoje.<\/li>\n<\/ul>\n<p><img decoding=\"async\" src=\"https:\/\/www.hydraulic-cylinders.net\/wp-content\/uploads\/2025\/01\/songte-cylinder-head-with-all-kinds-excavator-models.webp\" alt=\"Obr\u00e1zok hlavy hydraulick\u00e9ho valca\"><\/p>\n<h3>Tesnenie a mazanie<\/h3>\n<p>Na zabr\u00e1nenie \u00faniku hydraulick\u00e9ho oleja by sa mali pou\u017e\u00edva\u0165 r\u00f4zne tesniace komponenty, ako s\u00fa tesnenia piestov a tesnenia ty\u010d\u00ed. Tesniace komponenty by mali by\u0165 vyroben\u00e9 z materi\u00e1lov odoln\u00fdch vo\u010di opotrebovaniu, ako je polyuret\u00e1n a nitrilov\u00fd kau\u010duk. Teleso valca a z\u00e1vitov\u00fd koniec by mali by\u0165 jemne opracovan\u00e9, aby sa zlep\u0161ila odolnos\u0165 vo\u010di opotrebovaniu. Valec ramena vy\u017eaduje pravideln\u00e9 mazanie hydraulick\u00fdm olejom, aby sa zabezpe\u010dil jeho plynul\u00fd chod.<\/p>\n<h3>Prevent\u00edvna \u00fadr\u017eba a rie\u0161enie probl\u00e9mov<\/h3>\n<p>Pravideln\u00e1 kontrola a prevent\u00edvna \u00fadr\u017eba s\u00fa nevyhnutn\u00e9 na zabezpe\u010denie optim\u00e1lneho v\u00fdkonu valca ramena. Medzi be\u017en\u00e9 probl\u00e9my s rie\u0161en\u00edm probl\u00e9mov patria \u00faniky oleja, abnorm\u00e1lny hluk a pomal\u00e1 prev\u00e1dzka. Aby sa t\u00fdmto probl\u00e9mom predi\u0161lo, je nevyhnutn\u00e9 dodr\u017eiava\u0165 pokyny a odpor\u00fa\u010dania v\u00fdrobcu t\u00fdkaj\u00face sa \u00fadr\u017eby a v\u00fdmeny dielov. <\/p>\n<p><img decoding=\"async\" src=\"https:\/\/www.hydraulic-cylinders.net\/wp-content\/uploads\/2025\/01\/songte-chushion-collar.webp\" alt=\"Obr\u00e1zok obj\u00edmky hydraulick\u00e9ho valca\"><\/p>\n<h3>In\u0161tala\u010dn\u00e1 pr\u00edru\u010dka<\/h3>\n<p>In\u0161tal\u00e1cia valca ramena vy\u017eaduje d\u00f4kladn\u00e9 dodr\u017eiavanie pokynov a pokynov v\u00fdrobcu. Tu je nieko\u013eko v\u0161eobecn\u00fdch krokov, ktor\u00e9 treba dodr\u017eiava\u0165:<\/p>\n<ol>\n<li>Pred in\u0161tal\u00e1ciou skontrolujte valec ramena, \u010di nie je po\u0161koden\u00fd alebo po\u0161koden\u00fd.<\/li>\n<li>Uistite sa, \u017ee v\u0161etky spojovacie \u010dasti s\u00fa \u010dist\u00e9 a bez ne\u010dist\u00f4t.<\/li>\n<li>Zarovnajte valec ramena s mont\u00e1\u017enou konzolou a zaistite ho vhodn\u00fdmi skrutkami.<\/li>\n<li>Pripojte hydraulick\u00e9 hadice k otvorom valca a utiahnite spojky.<\/li>\n<li>Napl\u0148te hydraulick\u00fd syst\u00e9m odpor\u00fa\u010dan\u00fdm olejom a skontrolujte spr\u00e1vnu funkciu valca.<\/li>\n<\/ol>\n<p><img decoding=\"async\" src=\"https:\/\/www.hydraulic-cylinders.net\/wp-content\/uploads\/2025\/01\/songte-bushings-with-all-kinds-of-excavator-models.webp\" alt=\"Obr\u00e1zok puzdier hydraulick\u00e9ho valca\"><\/p>\n<h3>Bezpe\u010dnostn\u00e9 aspekty a faktory prostredia<\/h3>\n<p>Pri obsluhe valca s ramenom je nevyhnutn\u00e9 dodr\u017eiava\u0165 v\u0161etky bezpe\u010dnostn\u00e9 pokyny a postupy, aby sa predi\u0161lo nehod\u00e1m. V\u017edy noste vhodn\u00e9 ochrann\u00e9 prostriedky, neprekra\u010dujte nosnos\u0165 valca a v pr\u00edpade potreby pou\u017e\u00edvajte pretlakov\u00e9 ventily. Faktory prostredia, ako je teplota a vlhkos\u0165, m\u00f4\u017eu ovplyvni\u0165 v\u00fdkon valca s ramenom a je nevyhnutn\u00e9 zoh\u013eadni\u0165 tieto faktory po\u010das in\u0161tal\u00e1cie a prev\u00e1dzky.<\/p>\n<h3>Predstavenie spolo\u010dnosti<\/h3>\n<p>Sme profesion\u00e1lny v\u00fdrobca n\u00e1hradn\u00fdch hydraulick\u00fdch valcov so \u0161irokou \u0161k\u00e1lou produktov a stali sme sa jedn\u00fdm z popredn\u00fdch v\u00fdrobcov a ve\u013ekoobchodn\u00fdch distrib\u00fatorov hydraulick\u00fdch valcov na dom\u00e1com aj medzin\u00e1rodnom trhu. V\u017edy dodr\u017eiavame z\u00e1sadu vynikaj\u00facej kvality, spoliehame sa na strat\u00e9giu industrializovan\u00e9ho riadenia v\u00fdroby sofistikovanej v\u00fdrobnej dielne a neust\u00e1le zlep\u0161ujeme technick\u00fa \u00farove\u0148 a efektivitu v\u00fdroby. Zav\u00e1dzan\u00edm pokro\u010dil\u00fdch digit\u00e1lnych v\u00fdrobn\u00fdch zariaden\u00ed a profesion\u00e1lnych testovac\u00edch syst\u00e9mov neust\u00e1le optimalizujeme v\u00fdrobn\u00fa platformu, zlep\u0161ujeme proces kontroly kvality v\u00fdrobkov a m\u00e1me siln\u00e9 inova\u010dn\u00e9 schopnosti. Na\u0161\u00edm cie\u013eom je uspokoji\u0165 rozmanit\u00e9 potreby z\u00e1kazn\u00edkov s vysokou efektivitou, presnos\u0165ou a princ\u00edpmi vysokej kvality.<\/p>\n<p><img decoding=\"async\" src=\"https:\/\/www.hydraulic-cylinders.net\/wp-content\/uploads\/2025\/01\/songte-company-4.webp\" alt=\"Obr\u00e1zok spolo\u010dnosti 1\"><br \/>\n<img decoding=\"async\" src=\"https:\/\/www.hydraulic-cylinders.net\/wp-content\/uploads\/2025\/01\/songte-company-3.webp\" alt=\"Obr\u00e1zok spolo\u010dnosti 2\"><\/p>\n<h3>Na\u0161e siln\u00e9 str\u00e1nky<\/h3>\n<ul>\n<li><strong>Profesionalita:<\/strong> M\u00e1me t\u00edm sk\u00fasen\u00fdch technikov a in\u017einierov, ktor\u00ed sa zaviazali vyr\u00e1ba\u0165 vysoko kvalitn\u00e9 hydraulick\u00e9 valce.<\/li>\n<li><strong>Medzin\u00e1rodn\u00e1 certifik\u00e1cia:<\/strong> Na\u0161e v\u00fdrobky s\u00fa certifikovan\u00e9 pod\u013ea ISO9001, SGS a CE, \u010do zaru\u010duje ich kvalitu a spo\u013eahlivos\u0165.<\/li>\n<li><strong>Prisp\u00f4sobenie:<\/strong> M\u00f4\u017eeme doda\u0165 hydraulick\u00e9 valce na mieru pod\u013ea \u0161pecifick\u00fdch po\u017eiadaviek z\u00e1kazn\u00edka.<\/li>\n<li><strong>V\u00fdrobn\u00e9 vybavenie:<\/strong> Disponujeme modern\u00fdmi digit\u00e1lnymi v\u00fdrobn\u00fdmi zariadeniami, ako s\u00fa CNC s\u00fastruhy a fr\u00e9zky.<\/li>\n<li><strong>Popredajn\u00fd servis:<\/strong> Poskytujeme vynikaj\u00faci popredajn\u00fd servis vr\u00e1tane technickej podpory a r\u00fdchlej reakcie na po\u017eiadavky z\u00e1kazn\u00edkov.<\/li>\n<\/ul>\n<p>Autor: lyl<\/p>","protected":false},"excerpt":{"rendered":"<p>Arm Cylinder For Pushhm PZ250LC-8 Introduction The arm cylinder is a specially designed hydraulic cylinder that is mainly used to provide linear motion and power to arms of various machinery such as excavators, cranes, and robotic arms. The arm cylinder plays a crucial role in hydraulic systems that enable attachments or accessories to move and [&hellip;]<\/p>","protected":false},"featured_media":14772,"comment_status":"open","ping_status":"closed","template":"","meta":{"_et_pb_use_builder":"","_et_pb_old_content":"","_et_gb_content_width":""},"product_brand":[],"product_cat":[1497],"product_tag":[1498,1496],"class_list":{"0":"post-16752","1":"product","2":"type-product","3":"status-publish","4":"has-post-thumbnail","6":"product_cat-arm-cylinders","7":"product_tag-arm-cylinders","8":"product_tag-hydraulic-cylinders","10":"first","11":"instock","12":"shipping-taxable","13":"product-type-simple"},"amp_enabled":true,"_links":{"self":[{"href":"https:\/\/www.hydraulic-cylinders.net\/sk\/wp-json\/wp\/v2\/product\/16752","targetHints":{"allow":["GET"]}}],"collection":[{"href":"https:\/\/www.hydraulic-cylinders.net\/sk\/wp-json\/wp\/v2\/product"}],"about":[{"href":"https:\/\/www.hydraulic-cylinders.net\/sk\/wp-json\/wp\/v2\/types\/product"}],"replies":[{"embeddable":true,"href":"https:\/\/www.hydraulic-cylinders.net\/sk\/wp-json\/wp\/v2\/comments?post=16752"}],"wp:featuredmedia":[{"embeddable":true,"href":"https:\/\/www.hydraulic-cylinders.net\/sk\/wp-json\/wp\/v2\/media\/14772"}],"wp:attachment":[{"href":"https:\/\/www.hydraulic-cylinders.net\/sk\/wp-json\/wp\/v2\/media?parent=16752"}],"wp:term":[{"taxonomy":"product_brand","embeddable":true,"href":"https:\/\/www.hydraulic-cylinders.net\/sk\/wp-json\/wp\/v2\/product_brand?post=16752"},{"taxonomy":"product_cat","embeddable":true,"href":"https:\/\/www.hydraulic-cylinders.net\/sk\/wp-json\/wp\/v2\/product_cat?post=16752"},{"taxonomy":"product_tag","embeddable":true,"href":"https:\/\/www.hydraulic-cylinders.net\/sk\/wp-json\/wp\/v2\/product_tag?post=16752"}],"curies":[{"name":"pracovn\u00fd list","href":"https:\/\/api.w.org\/{rel}","templated":true}]}}