{"id":1677,"date":"2023-10-11T05:47:57","date_gmt":"2023-10-11T05:47:57","guid":{"rendered":"https:\/\/hydraulic-cylinders.net\/?post_type=product&#038;p=1677"},"modified":"2025-04-11T03:46:12","modified_gmt":"2025-04-11T03:46:12","slug":"press-front-side-shift-cylinder","status":"publish","type":"product","link":"https:\/\/www.hydraulic-cylinders.net\/sk\/produkt\/press-front-side-shift-cylinder\/","title":{"rendered":"Stla\u010dte predn\u00fd bo\u010dn\u00fd radiaci valec"},"content":{"rendered":"<h1 style=\"text-align: center;\"><strong>Stla\u010dte predn\u00fd bo\u010dn\u00fd radiaci valec<\/strong><\/h1>\n<p><img loading=\"lazy\" decoding=\"async\" class=\"wp-image-1683 aligncenter\" src=\"https:\/\/hydraulic-cylinders.net\/wp-content\/uploads\/2023\/10\/front-side-shift-cylinder-1-2-300x300.webp\" alt=\"\" width=\"400\" height=\"400\" \/><\/p>\n<p>Predn\u00fd posuvn\u00fd valec lisu je inovat\u00edvny n\u00e1stroj navrhnut\u00fd na zv\u00fd\u0161enie presnosti a efekt\u00edvnosti lisovac\u00edch oper\u00e1ci\u00ed. Tento pokro\u010dil\u00fd valec je \u0161peci\u00e1lne navrhnut\u00fd tak, aby u\u013eah\u010doval predn\u00fd posun obrobkov po\u010das lisovania, \u010d\u00edm zabezpe\u010duje presn\u00e9 zarovnanie a skracuje \u010das nastavenia.<\/p>\n<p>Predn\u00fd posuvn\u00fd valec lisu predstavuje prelomov\u00fd bod v lisovac\u00edch oper\u00e1ci\u00e1ch. V\u010faka mo\u017enosti predn\u00e9ho posunu, presn\u00e9mu zarovnaniu, nastavite\u013en\u00e9mu rozsahu radenia a r\u00fdchlej odozve umo\u017e\u0148uje tento valec obsluhe dosiahnu\u0165 presn\u00e9 a efekt\u00edvne v\u00fdsledky lisovania. Dodr\u017eiavan\u00edm odpor\u00fa\u010dan\u00fdch met\u00f3d pou\u017e\u00edvania a postupov \u00fadr\u017eby m\u00f4\u017eete maximalizova\u0165 v\u00fdkon, \u017eivotnos\u0165 a bezpe\u010dnos\u0165 predn\u00e9ho posuvn\u00e9ho valca lisu vo va\u0161ich lisovac\u00edch aplik\u00e1ci\u00e1ch. Zv\u00fd\u0161te svoje lisovacie schopnosti a za\u017eite vynikaj\u00face zarovnanie a efektivitu s t\u00fdmto \u0161pi\u010dkov\u00fdm valcom.<\/p>\n<p>Charakteristiky k\u013e\u00fa\u010da predn\u00e9ho bo\u010dn\u00e9ho posuvn\u00e9ho valca:<\/p>\n<ol>\n<li>Mo\u017enos\u0165 radenia predn\u00fdch kolies:\n<ul>\n<li>Predn\u00fd posuvn\u00fd valec lisu je navrhnut\u00fd tak, aby umo\u017e\u0148oval presn\u00e9 pos\u00favanie obrobkov na predn\u00fa stranu po\u010das lisovac\u00edch oper\u00e1ci\u00ed.<\/li>\n<li>Umo\u017e\u0148uje oper\u00e1torom jednoducho nastavi\u0165 polohu obrobku, \u010d\u00edm zabezpe\u010duje optim\u00e1lne zarovnanie a zni\u017euje potrebu manu\u00e1lneho nastavovania.<\/li>\n<\/ul>\n<\/li>\n<li>Presn\u00e9 zarovnanie:\n<ul>\n<li>Tento valec zais\u0165uje presn\u00e9 zarovnanie obrobku, minimalizuje riziko nespr\u00e1vneho zarovnania a zvy\u0161uje celkov\u00fa presnos\u0165.<\/li>\n<li>Presn\u00e9 zarovnanie dosiahnut\u00e9 pomocou valca bo\u010dn\u00e9ho posuvu predn\u00e9ho boku lisu vedie k zlep\u0161eniu kvality v\u00fdrobkov a zn\u00ed\u017eeniu miery odpadu.<\/li>\n<\/ul>\n<\/li>\n<li>Nastavite\u013en\u00fd rozsah radenia:\n<ul>\n<li>Valec pon\u00faka nastavite\u013en\u00fd rozsah radenia, \u010do umo\u017e\u0148uje obsluhe prisp\u00f4sobi\u0165 si rozsah radenia prednej strany na z\u00e1klade \u0161pecifick\u00fdch po\u017eiadaviek ka\u017edej aplik\u00e1cie.<\/li>\n<li>Flexibilita nastavenia rozsahu posunu zais\u0165uje kompatibilitu s r\u00f4znymi ve\u013ekos\u0165ami, tvarmi a potrebami lisovania obrobkov.<\/li>\n<\/ul>\n<\/li>\n<li>R\u00fdchly a pohotov\u00fd:\n<ul>\n<li>Predn\u00fd bo\u010dn\u00fd posuvn\u00fd valec lisu sa m\u00f4\u017ee pochv\u00e1li\u0165 r\u00fdchlym a responz\u00edvnym mechanizmom radenia, ktor\u00fd zabezpe\u010duje r\u00fdchle nastavenie po\u010das lisovac\u00edch oper\u00e1ci\u00ed.<\/li>\n<li>R\u00fdchle radenie skracuje celkov\u00fd \u010das cyklu, \u010d\u00edm maximalizuje produktivitu a priepustnos\u0165 pri lisovac\u00edch aplik\u00e1ci\u00e1ch.<\/li>\n<\/ul>\n<\/li>\n<\/ol>\n<h2><strong>Parameter valca predn\u00e9ho bo\u010dn\u00e9ho posunu:<\/strong><\/h2>\n<table border=\"1\" cellspacing=\"0\" cellpadding=\"0\">\n<tbody>\n<tr>\n<td>N\u00e1zov produktu<\/td>\n<td>Hydraulick\u00fd lis Predn\u00fd bo\u010dn\u00fd posuvn\u00fd valec<\/td>\n<\/tr>\n<tr>\n<td>Vlastnosti:<\/td>\n<td>Pohybujte polotovarom alebo obrobkom vodorovne<\/td>\n<\/tr>\n<tr>\n<td>Piest:<\/td>\n<td>80 mm\uff5e240 mm<br \/>\nZdvih \u2264 300 mm<\/td>\n<\/tr>\n<tr>\n<td>\u0164ahov\u00e1 sila:<\/td>\n<td>Maxim\u00e1lne 1130 kN<br \/>\n(Piest 240 mm\/tlak 25 MPa)<\/td>\n<\/tr>\n<tr>\n<td>Pou\u017eitie predn\u00e9ho bo\u010dn\u00e9ho posuvn\u00e9ho valca:<\/td>\n<td>Hydraulick\u00fd lis<\/td>\n<\/tr>\n<\/tbody>\n<\/table>\n<div><\/div>\n<div>\n<div class=\"txtboxL\">\n<div class=\"txtboxL\">Vlastnosti:<\/div>\n<div class=\"txtboxR\">Pohybujte polotovarom alebo obrobkom vodorovne<\/div>\n<div class=\"txtboxL\">\u0160pecifik\u00e1cia:<\/div>\n<div class=\"txtboxR\">Piest: 80 mm\uff5e240 mm<br \/>\nZdvih \u2264 300 mm<\/div>\n<div class=\"txtboxL\">\u0164ahov\u00e1 sila:<\/div>\n<div class=\"txtboxR\">Maxim\u00e1lne 1130 kN<br \/>\n(Piest 240 mm\/tlak 25 MPa)<\/div>\n<\/div>\n<\/div>\n<h2><strong>Tov\u00e1re\u0148 na lisovacie valce:<\/strong><\/h2>\n<p><img loading=\"lazy\" decoding=\"async\" class=\"alignnone wp-image-1619 size-full\" src=\"https:\/\/hydraulic-cylinders.net\/wp-content\/uploads\/2023\/10\/press-cylinder.webp\" alt=\"\" width=\"1418\" height=\"946\" srcset=\"https:\/\/hydraulic-cylinders.net\/wp-content\/uploads\/2023\/10\/press-cylinder.webp 1418w, https:\/\/hydraulic-cylinders.net\/wp-content\/uploads\/2023\/10\/press-cylinder-1280x854.webp 1280w, https:\/\/hydraulic-cylinders.net\/wp-content\/uploads\/2023\/10\/press-cylinder-980x654.webp 980w, https:\/\/hydraulic-cylinders.net\/wp-content\/uploads\/2023\/10\/press-cylinder-480x320.webp 480w\" sizes=\"(min-width: 0px) and (max-width: 480px) 480px, (min-width: 481px) and (max-width: 980px) 980px, (min-width: 981px) and (max-width: 1280px) 1280px, (min-width: 1281px) 1418px, 100vw\" \/><\/p>\n<h2><strong>Met\u00f3da pou\u017eitia predn\u00e9ho bo\u010dn\u00e9ho posuvn\u00e9ho valca lisu<\/strong><strong>:<\/strong><\/h2>\n<ol>\n<li><strong>In\u0161tal\u00e1cia:<\/strong>\n<ul>\n<li>Bezpe\u010dne namontujte predn\u00fd posuvn\u00fd valec lisu na po\u017eadovan\u00e9 miesto a zabezpe\u010dte jeho spr\u00e1vne zarovnanie s lisovac\u00edm zariaden\u00edm.<\/li>\n<li>Connect the hydraulic lines according to the manufacturer&#8217;s instructions, ensuring correct fluid flow and avoiding any leaks.<\/li>\n<\/ul>\n<\/li>\n<li><strong>Nastavenie radenia:<\/strong>\n<ul>\n<li>Obozn\u00e1mte sa s mechanizmom nastavenia radenia, ktor\u00fd je s\u00fa\u010das\u0165ou valca.<\/li>\n<li>\u00dapravy sa zvy\u010dajne daj\u00fa vykona\u0165 pomocou ovl\u00e1dac\u00edch gomb\u00edkov, ru\u010dn\u00fdch koliesok alebo digit\u00e1lnych ovl\u00e1da\u010dov.<\/li>\n<li>Follow the manufacturer&#8217;s guidelines to make precise front side shifting adjustments based on the workpiece dimensions and alignment requirements.<\/li>\n<\/ul>\n<\/li>\n<li><strong>Zarovnanie a posunutie obrobku:<\/strong>\n<ul>\n<li>Umiestnite obrobok na l\u00f4\u017eko lisu a zabezpe\u010dte po\u010diato\u010dn\u00e9 zarovnanie s valcom.<\/li>\n<li>Aktivujte valec, aby ste zaistili posuvn\u00fd mechanizmus a plynulo nastavili obrobok do po\u017eadovanej polohy na prednej strane.<\/li>\n<li>Skontrolujte zarovnanie vizu\u00e1lne alebo pomocou merac\u00edch n\u00e1strojov, aby ste zabezpe\u010dili presn\u00e9 posunutie prednej strany.<\/li>\n<\/ul>\n<\/li>\n<li><strong>Lisovanie:<\/strong>\n<ul>\n<li>Ke\u010f je obrobok spr\u00e1vne zarovnan\u00fd a posunut\u00fd, pokra\u010dujte v lisovan\u00ed pod\u013ea \u0161tandardn\u00fdch postupov.<\/li>\n<li>Predn\u00fd bo\u010dn\u00fd posuvn\u00fd valec lisu udr\u017eiava zarovnanie a stabilitu obrobku po\u010das cel\u00e9ho procesu lisovania, \u010d\u00edm zabezpe\u010duje konzistentn\u00e9 v\u00fdsledky.<\/li>\n<\/ul>\n<\/li>\n<\/ol>\n<h2><strong>Ako zrekon\u0161truova\u0165 hydraulick\u00fd valec?<\/strong><\/h2>\n<p>Rebuilding a hydraulic cylinder involves disassembling the cylinder, inspecting and replacing worn or damaged components, and reassembling the cylinder to restore functionality. Here&#8217;s a step-by-step guide on how to rebuild a hydraulic cylinder:<\/p>\n<p>Note: Rebuilding a hydraulic cylinder can be complex and requires mechanical knowledge and experience. If you are unsure or lack the necessary expertise, it&#8217;s recommended to seek assistance from a professional hydraulic technician.<\/p>\n<ol>\n<li><strong>Bezpe\u010dnostn\u00e9 opatrenia:<\/strong>\n<ul>\n<li>Uistite sa, \u017ee hydraulick\u00fd syst\u00e9m je odtlakovan\u00fd vypnut\u00edm zdroja nap\u00e1jania a uvo\u013enen\u00edm ak\u00e9hoko\u013evek nahromaden\u00e9ho tlaku.<\/li>\n<li>Pou\u017e\u00edvajte vhodn\u00e9 ochrann\u00e9 pom\u00f4cky, ako s\u00fa rukavice a ochrann\u00e9 okuliare, aby ste sa chr\u00e1nili pred mo\u017en\u00fdm \u00fanikom alebo postriekan\u00edm hydraulickej kvapaliny.<\/li>\n<\/ul>\n<\/li>\n<li><strong>Demont\u00e1\u017e valca:<\/strong>\n<ul>\n<li>Odpojte hydraulick\u00e9 potrubia od valca. Na uvo\u013enenie a odpojenie spojov pou\u017eite vhodn\u00e9 k\u013e\u00fa\u010de alebo n\u00e1stroje.<\/li>\n<li>Hmotnos\u0165 valca podoprite zdvih\u00e1kom alebo vhodn\u00fdm zdv\u00edhac\u00edm zariaden\u00edm.<\/li>\n<li>Odstr\u00e1\u0148te v\u0161etky mont\u00e1\u017ene konzoly alebo pr\u00edslu\u0161enstvo, ktor\u00e9 upev\u0148uje valec k zariadeniu.<\/li>\n<\/ul>\n<\/li>\n<li><strong>Demont\u00e1\u017e:<\/strong>\n<ul>\n<li>Umiestnite valec na \u010dist\u00fd pracovn\u00fd st\u00f4l alebo povrch.<\/li>\n<li>Carefully remove the cylinder&#8217;s end caps using appropriate tools, such as a wrench or socket set. Be cautious not to damage the cylinder or its components during this process.<\/li>\n<li>Po odstr\u00e1nen\u00ed koncov\u00fdch uz\u00e1verov vysu\u0148te zostavu piesta a ty\u010de z valca.<\/li>\n<li>Pri demont\u00e1\u017ei skontrolujte a zdokumentujte poradie a orient\u00e1ciu komponentov. To v\u00e1m pom\u00f4\u017ee pri op\u00e4tovnej mont\u00e1\u017ei.<\/li>\n<\/ul>\n<\/li>\n<li><strong>Kontrola komponentov:<\/strong>\n<ul>\n<li>D\u00f4kladne skontrolujte v\u0161etky komponenty, \u010di nejavia zn\u00e1mky opotrebovania, po\u0161kodenia alebo kor\u00f3zie. Venujte zv\u00fd\u0161en\u00fa pozornos\u0165 piestu, ty\u010di, tesneniam, lo\u017eisk\u00e1m a v\u0161etk\u00fdm ostatn\u00fdm vn\u00fatorn\u00fdm \u010dastiam.<\/li>\n<li>Zmerajte kritick\u00e9 rozmery, ako je priemer piestu, priemer ty\u010de a rozmery dr\u00e1\u017eky tesnenia. Porovnajte tieto merania so \u0161pecifik\u00e1ciami v\u00fdrobcu, aby ste zistili, \u010di je potrebn\u00e9 vymeni\u0165 niektor\u00e9 komponenty.<\/li>\n<\/ul>\n<\/li>\n<li><strong>V\u00fdmena komponentov:<\/strong>\n<ul>\n<li>Vyme\u0148te v\u0161etky opotrebovan\u00e9, po\u0161koden\u00e9 alebo nezodpovedaj\u00face \u0161pecifik\u00e1cii komponenty. Uistite sa, \u017ee n\u00e1hradn\u00e9 diely s\u00fa kompatibiln\u00e9 s konkr\u00e9tnou zna\u010dkou a modelom hydraulick\u00e9ho valca.<\/li>\n<li>Medzi be\u017en\u00e9 komponenty, ktor\u00e9 \u010dasto vy\u017eaduj\u00fa v\u00fdmenu, patria tesnenia, O-kr\u00fa\u017eky, lo\u017eisk\u00e1, piestne kr\u00fa\u017eky a opotrebite\u013en\u00e9 p\u00e1sy.<\/li>\n<li>Pred in\u0161tal\u00e1ciou nama\u017ete nov\u00e9 tesnenia a O-kr\u00fa\u017eky hydraulickou kvapalinou alebo kompatibiln\u00fdm mazivom.<\/li>\n<\/ul>\n<\/li>\n<li><strong>Op\u00e4tovn\u00e1 mont\u00e1\u017e:<\/strong>\n<ul>\n<li>Za\u010dnite s op\u00e4tovnou mont\u00e1\u017eou opatrn\u00fdm vlo\u017een\u00edm zostavy piesta a ty\u010de sp\u00e4\u0165 do valca.<\/li>\n<li>Nain\u0161talujte nov\u00e9 tesnenia a O-kr\u00fa\u017eky do pr\u00edslu\u0161n\u00fdch dr\u00e1\u017eok a zabezpe\u010dte ich spr\u00e1vne zarovnanie a orient\u00e1ciu.<\/li>\n<li>Pri op\u00e4tovnej mont\u00e1\u017ei valca naneste na tesnenia a in\u00e9 pohybliv\u00e9 \u010dasti tenk\u00fa vrstvu hydraulickej kvapaliny alebo mont\u00e1\u017eneho maziva.<\/li>\n<li>Follow the reverse order of disassembly to reinstall the end caps, ensuring that all bolts or fasteners are properly tightened to the manufacturer&#8217;s specifications.<\/li>\n<\/ul>\n<\/li>\n<li><strong>Testovanie a in\u0161tal\u00e1cia:<\/strong>\n<ul>\n<li>Once the cylinder is reassembled, it&#8217;s important to test its functionality before reinstalling it in the equipment.<\/li>\n<li>Connect the hydraulic lines and re-pressurize the system according to the manufacturer&#8217;s instructions.<\/li>\n<li>Nieko\u013ekokr\u00e1t prepnite valec do cyklovania, aby ste skontrolovali jeho plynul\u00fd chod, spr\u00e1vne utesnenie a pr\u00edpadn\u00e9 netesnosti.<\/li>\n<li>Ak valec po\u010das testovania funguje spr\u00e1vne, znova ho nain\u0161talujte do zariadenia a zabezpe\u010dte spr\u00e1vne zarovnanie a pripojenie hydraulick\u00fdch potrub\u00ed.<\/li>\n<\/ul>\n<\/li>\n<\/ol>\n<h2><strong>Schopnos\u0165 a kapacita tov\u00e1rne:<\/strong><\/h2>\n<h3>(1) Mont\u00e1\u017e<\/h3>\n<p>Disponujeme prvotriednou nez\u00e1vislou v\u00fdskumnou a v\u00fdvojovou mont\u00e1\u017enou platformou. Diel\u0148a na v\u00fdrobu hydraulick\u00fdch valcov m\u00e1 \u0161tyri poloautomatick\u00e9 mont\u00e1\u017ene linky zdv\u00edhac\u00edch valcov a jednu automatick\u00fa mont\u00e1\u017enu linku nakl\u00e1pac\u00edch valcov s projektovanou ro\u010dnou v\u00fdrobnou kapacitou 1 mili\u00f3n kusov. Diel\u0148a na v\u00fdrobu \u0161peci\u00e1lnych valcov je vybaven\u00e1 r\u00f4znymi \u0161pecifik\u00e1ciami poloautomatick\u00e9ho syst\u00e9mu \u010distenia a mont\u00e1\u017ee s projektovanou ro\u010dnou v\u00fdrobnou kapacitou 200 000 kusov a je vybaven\u00e1 zn\u00e1mym CNC obr\u00e1bac\u00edm zariaden\u00edm, obr\u00e1bac\u00edm centrom, \u0161peci\u00e1lnym zariaden\u00edm na vysoko presn\u00e9 spracovanie valcov, robotick\u00fdm zv\u00e1rac\u00edm strojom, automatick\u00fdm \u010distiacim strojom, automatick\u00fdm mont\u00e1\u017enym strojom valcov a automatickou lakovacou v\u00fdrobnou linkou. Existuj\u00face kritick\u00e9 zariadenia maj\u00fa viac ako 300 s\u00faprav (s\u00e1d). Optim\u00e1lne alokovanie a efekt\u00edvne vyu\u017e\u00edvanie zdrojov zariaden\u00ed zabezpe\u010duje po\u017eiadavky na presnos\u0165 v\u00fdrobkov a sp\u013a\u0148a po\u017eiadavky na vysok\u00fa kvalitu v\u00fdrobkov.<\/p>\n<p><img loading=\"lazy\" decoding=\"async\" class=\"alignnone wp-image-626\" src=\"https:\/\/hydraulic-cylinders.net\/wp-content\/uploads\/2023\/08\/hydraulic-cylinder-product-1-300x158.webp\" alt=\"\" width=\"495\" height=\"260\" srcset=\"https:\/\/hydraulic-cylinders.net\/wp-content\/uploads\/2023\/08\/hydraulic-cylinder-product-1-300x158.webp 495w, https:\/\/hydraulic-cylinders.net\/wp-content\/uploads\/2023\/08\/hydraulic-cylinder-product-1-480x252.webp 480w\" sizes=\"(min-width: 0px) and (max-width: 480px) 480px, (min-width: 481px) 495px, 100vw\" \/> <img loading=\"lazy\" decoding=\"async\" class=\"alignnone wp-image-627\" src=\"https:\/\/hydraulic-cylinders.net\/wp-content\/uploads\/2023\/08\/hydraulic-cylinder-product-2-300x189.webp\" alt=\"\" width=\"413\" height=\"260\" \/><\/p>\n<h3>(2) Obr\u00e1banie<\/h3>\n<p>Obr\u00e1bacia diel\u0148a je vybaven\u00e1 prisp\u00f4soben\u00fdm s\u00fastru\u017en\u00edckym centrom na \u0161ikm\u00e9 ko\u013eajnice, obr\u00e1bac\u00edm centrom, vysokor\u00fdchlostn\u00fdm honovac\u00edm strojom, zv\u00e1rac\u00edm robotom a \u010fal\u0161\u00edm s\u00favisiacim zariaden\u00edm, ktor\u00e9 dok\u00e1\u017ee spracova\u0165 valcov\u00e9 r\u00fary s maxim\u00e1lnym vn\u00fatorn\u00fdm priemerom 400 mm a maxim\u00e1lnou d\u013a\u017ekou 6 metrov.<\/p>\n<p><img loading=\"lazy\" decoding=\"async\" class=\"alignnone wp-image-628 size-large\" src=\"https:\/\/hydraulic-cylinders.net\/wp-content\/uploads\/2023\/08\/hydraulic-cylinder-product-3-1024x391.webp\" alt=\"\" width=\"1024\" height=\"391\" srcset=\"https:\/\/hydraulic-cylinders.net\/wp-content\/uploads\/2023\/08\/hydraulic-cylinder-product-3-980x374.webp 980w, https:\/\/hydraulic-cylinders.net\/wp-content\/uploads\/2023\/08\/hydraulic-cylinder-product-3-480x183.webp 480w\" sizes=\"(min-width: 0px) and (max-width: 480px) 480px, (min-width: 481px) and (max-width: 980px) 980px, (min-width: 981px) 1024px, 100vw\" \/><\/p>\n<h3>(3) Zv\u00e1ranie<\/h3>\n<p><img loading=\"lazy\" decoding=\"async\" class=\"alignnone wp-image-629 size-large\" src=\"https:\/\/hydraulic-cylinders.net\/wp-content\/uploads\/2023\/08\/hydraulic-cylinder-product-4-1024x510.webp\" alt=\"\" width=\"1024\" height=\"510\" srcset=\"https:\/\/hydraulic-cylinders.net\/wp-content\/uploads\/2023\/08\/hydraulic-cylinder-product-4-980x488.webp 980w, https:\/\/hydraulic-cylinders.net\/wp-content\/uploads\/2023\/08\/hydraulic-cylinder-product-4-480x239.webp 480w\" sizes=\"(min-width: 0px) and (max-width: 480px) 480px, (min-width: 481px) and (max-width: 980px) 980px, (min-width: 981px) 1024px, 100vw\" \/><\/p>\n<h3>(4) Ma\u013eovanie a natieranie<\/h3>\n<p>S mal\u00fdmi a stredne ve\u013ek\u00fdmi valcov\u00fdmi automatick\u00fdmi linkami na nan\u00e1\u0161anie farieb na vodnej b\u00e1ze, na dosiahnutie automatick\u00e9ho nakladania a vykladania robotmi a automatick\u00e9ho striekania, je projektovan\u00e1 kapacita 4000 kusov za smenu;<br \/>\nM\u00e1me tie\u017e poloautomatick\u00fa linku na v\u00fdrobu farieb pre ve\u013ek\u00e9 valce poh\u00e1\u0148an\u00e9 re\u0165azou s projektovanou kapacitou 60 kusov za smenu.<\/p>\n<p><img loading=\"lazy\" decoding=\"async\" class=\"alignnone wp-image-630\" src=\"https:\/\/hydraulic-cylinders.net\/wp-content\/uploads\/2023\/08\/hydraulic-cylinder-product-5-300x213.webp\" alt=\"\" width=\"366\" height=\"260\" \/> <img loading=\"lazy\" decoding=\"async\" class=\"alignnone wp-image-631\" src=\"https:\/\/hydraulic-cylinders.net\/wp-content\/uploads\/2023\/08\/hydraulic-cylinder-product-6-300x225.webp\" alt=\"\" width=\"347\" height=\"260\" \/><\/p>\n<h3>(5) Testovanie<\/h3>\n<p>Disponujeme prvotriednymi kontroln\u00fdmi zariadeniami a sk\u00fa\u0161obn\u00fdmi zariadeniami, ktor\u00e9 zabezpe\u010duj\u00fa, \u017ee v\u00fdkonnos\u0165 valca sp\u013a\u0148a po\u017eiadavky.<\/p>\n<p><img loading=\"lazy\" decoding=\"async\" class=\"alignnone wp-image-632\" src=\"https:\/\/hydraulic-cylinders.net\/wp-content\/uploads\/2023\/08\/hydraulic-cylinder-product-8-300x200.webp\" alt=\"\" width=\"389\" height=\"260\" \/><\/p>\n<p>&nbsp;<\/p>\n<p>&nbsp;<\/p>\n<p>Sme jedn\u00fdm z najlep\u0161\u00edch v\u00fdrobcov hydraulick\u00fdch valcov. Pon\u00fakame komplexn\u00e9 hydraulick\u00e9 valce. Poskytujeme aj zodpovedaj\u00face <a href=\"https:\/\/hzpt.com\/agricultural-pto-gearbox\/\" target=\"_blank\" rel=\"noopener\">po\u013enohospod\u00e1rske prevodovky<\/a>Na\u0161e produkty sme vyv\u00e1\u017eali klientom po celom svete a v\u010faka vynikaj\u00facej kvalite produktov a popredajn\u00e9mu servisu sme si z\u00edskali dobr\u00fa reput\u00e1ciu. V\u00edtame z\u00e1kazn\u00edkov doma aj v zahrani\u010d\u00ed, ktor\u00ed n\u00e1s kontaktuj\u00fa za \u00fa\u010delom rokovania o obchodn\u00fdch z\u00e1le\u017eitostiach, v\u00fdmeny inform\u00e1ci\u00ed a <a href=\"https:\/\/www.hydraulic-cylinders.net\/sk\/contact-us\/\">spolupracova\u0165 s nami<\/a>!<\/p>","protected":false},"excerpt":{"rendered":"<p>Press Front Side Shift Cylinder The press front side shift cylinder is an innovative tool designed to elevate the precision and efficiency of pressing operations. This advanced cylinder is specifically engineered to facilitate the front side shifting of workpieces during pressing, ensuring accurate alignment and reducing setup time. The press front side shift cylinder is [&hellip;]<\/p>","protected":false},"featured_media":1678,"comment_status":"open","ping_status":"closed","template":"","meta":{"_et_pb_use_builder":"","_et_pb_old_content":"","_et_gb_content_width":""},"product_brand":[],"product_cat":[1550,1522,1376],"product_tag":[1380],"class_list":{"0":"post-1677","1":"product","2":"type-product","3":"status-publish","4":"has-post-thumbnail","6":"product_cat-double-acting-hydraulic-cylinder","7":"product_cat-press-hydraulic-cylinders","8":"product_cat-hydraulic-cylinder","9":"product_tag-hydraulic-cylinder","11":"first","12":"instock","13":"shipping-taxable","14":"product-type-simple"},"amp_enabled":true,"_links":{"self":[{"href":"https:\/\/www.hydraulic-cylinders.net\/sk\/wp-json\/wp\/v2\/product\/1677","targetHints":{"allow":["GET"]}}],"collection":[{"href":"https:\/\/www.hydraulic-cylinders.net\/sk\/wp-json\/wp\/v2\/product"}],"about":[{"href":"https:\/\/www.hydraulic-cylinders.net\/sk\/wp-json\/wp\/v2\/types\/product"}],"replies":[{"embeddable":true,"href":"https:\/\/www.hydraulic-cylinders.net\/sk\/wp-json\/wp\/v2\/comments?post=1677"}],"wp:featuredmedia":[{"embeddable":true,"href":"https:\/\/www.hydraulic-cylinders.net\/sk\/wp-json\/wp\/v2\/media\/1678"}],"wp:attachment":[{"href":"https:\/\/www.hydraulic-cylinders.net\/sk\/wp-json\/wp\/v2\/media?parent=1677"}],"wp:term":[{"taxonomy":"product_brand","embeddable":true,"href":"https:\/\/www.hydraulic-cylinders.net\/sk\/wp-json\/wp\/v2\/product_brand?post=1677"},{"taxonomy":"product_cat","embeddable":true,"href":"https:\/\/www.hydraulic-cylinders.net\/sk\/wp-json\/wp\/v2\/product_cat?post=1677"},{"taxonomy":"product_tag","embeddable":true,"href":"https:\/\/www.hydraulic-cylinders.net\/sk\/wp-json\/wp\/v2\/product_tag?post=1677"}],"curies":[{"name":"pracovn\u00fd list","href":"https:\/\/api.w.org\/{rel}","templated":true}]}}