{"id":16770,"date":"2025-01-21T05:53:05","date_gmt":"2025-01-21T05:53:05","guid":{"rendered":"https:\/\/www.hydraulic-cylinders.net\/product\/arm-cylinder-for-yanmar-vi085\/"},"modified":"2025-01-21T05:53:07","modified_gmt":"2025-01-21T05:53:07","slug":"arm-cylinder-for-yanmar-vi085","status":"publish","type":"product","link":"https:\/\/www.hydraulic-cylinders.net\/sk\/produkt\/arm-cylinder-for-yanmar-vi085\/","title":{"rendered":"Valec ramena pre Yanmar VI085"},"content":{"rendered":"<p>Valec ramena pre Yanmar VI085<\/p>\n<p>\u00davod:<br \/>\nHydraulick\u00fd valec ramena je \u0161pecializovan\u00fd hydraulick\u00fd valec ur\u010den\u00fd na zabezpe\u010denie line\u00e1rneho pohybu a v\u00fdkonu ramena r\u00f4znych typov strojov, ako s\u00fa r\u00fdpadl\u00e1, \u017eeriavy a mechanick\u00e9 ramen\u00e1. Valec ramena zohr\u00e1va k\u013e\u00fa\u010dov\u00fa \u00falohu v hydraulickom syst\u00e9me, preto\u017ee umo\u017e\u0148uje efekt\u00edvny pohyb a ovl\u00e1danie \u010fal\u0161\u00edch n\u00e1strojov alebo pr\u00edslu\u0161enstva. Tieto valce nielen zabezpe\u010duj\u00fa plynul\u00fd pohyb, ale tie\u017e odol\u00e1vaj\u00fa \u0165a\u017ek\u00fdm za\u0165a\u017eeniam, \u010d\u00edm zabezpe\u010duj\u00fa efekt\u00edvnu prev\u00e1dzku a spo\u013eahlivos\u0165 strojov v r\u00f4znych prev\u00e1dzkov\u00fdch podmienkach.<\/p>\n<p>Vlastnosti:<br \/>\n\u2013 Vysoko\u00fa\u010dinn\u00fd prevod: valec ramena poskytuje siln\u00fd line\u00e1rny pohyb a silu, \u010d\u00edm zabezpe\u010duje vysoko\u00fa\u010dinn\u00fd v\u00fdkon mechanick\u00e9ho ramena pri r\u00f4znych oper\u00e1ci\u00e1ch.<br \/>\n\u2013 Presn\u00e9 ovl\u00e1danie: prostredn\u00edctvom hydraulick\u00e9ho syst\u00e9mu dok\u00e1\u017ee valec ramena dosiahnu\u0165 presn\u00e9 ovl\u00e1danie pohybu, v\u010faka \u010domu je ovl\u00e1danie pripojen\u00e9ho n\u00e1radia flexibilnej\u0161ie a presnej\u0161ie.<br \/>\n\u2013 Vysok\u00e1 odolnos\u0165: valce ramien s\u00fa zvy\u010dajne vyroben\u00e9 z vysoko pevn\u00fdch materi\u00e1lov s dobrou odolnos\u0165ou proti opotrebovaniu a kor\u00f3zii, vhodn\u00e9 na dlhodob\u00e9 pou\u017e\u00edvanie v n\u00e1ro\u010dn\u00fdch podmienkach.<br \/>\n\u2013 Multifunk\u010dn\u00e1 prisp\u00f4sobivos\u0165: tieto valce sa daj\u00fa \u0161iroko pou\u017e\u00edva\u0165 v r\u00f4znych typoch strojov, ako s\u00fa bagre, \u017eeriavy a mechanick\u00e9 ramen\u00e1, a prisp\u00f4sobuj\u00fa sa r\u00f4znym prev\u00e1dzkov\u00fdm po\u017eiadavk\u00e1m.<br \/>\n\u2013 Jednoduch\u00e1 \u00fadr\u017eba: navrhnut\u00e1 pre jednoduch\u00fa \u00fadr\u017ebu a v\u00fdmenu, v\u010faka \u010domu je pravideln\u00e1 kontrola a \u00fadr\u017eba pohodlnej\u0161ia a skracuje sa doba prestojov zariadenia.<\/p>\n<p>Produkcia:<br \/>\nN\u00e1\u0161 produkt dok\u00e1\u017ee dokonale nahradi\u0165 tieto hydraulick\u00e9 valce. Tento produkt vieme vyrobi\u0165. N\u00e1\u0161 valec ramena je vysokej kvality a dok\u00e1\u017ee splni\u0165 r\u00f4zne potreby r\u00f4znych z\u00e1kazn\u00edkov.<\/p>\n<p>Aplik\u00e1cie:<br \/>\nValce ramien sa \u0161iroko pou\u017e\u00edvaj\u00fa v r\u00f4znych odvetviach vr\u00e1tane:<br \/>\n\u2013 Stavebn\u00e9 in\u017einierstvo: valce ramien sa pou\u017e\u00edvaj\u00fa na ovl\u00e1danie pohybu ly\u017eice alebo v\u00fdlo\u017en\u00edka v r\u00fdpadl\u00e1ch a \u017eeriavoch, pri zemn\u00fdch pr\u00e1cach, manipul\u00e1cii s materi\u00e1lom a mont\u00e1\u017ei kon\u0161trukci\u00ed.<br \/>\n\u2013 Spracovate\u013esk\u00fd priemysel: valce ramien sa pou\u017e\u00edvaj\u00fa na pohyb mechanick\u00fdch ramien v automatizovan\u00fdch v\u00fdrobn\u00fdch link\u00e1ch, na mont\u00e1\u017ene, zv\u00e1racie a manipula\u010dn\u00e9 procesy, \u010d\u00edm sa zlep\u0161uje efektivita a presnos\u0165 v\u00fdroby.<br \/>\n\u2013 Po\u013enohospod\u00e1rske stroje: valce ramien sa pou\u017e\u00edvaj\u00fa na ovl\u00e1danie pohybu ovl\u00e1dacieho ramena v po\u013enohospod\u00e1rskych strojoch, ako s\u00fa zbera\u010de a seja\u010dky, pri \u00faloh\u00e1ch, ako je siatie, hnojenie a zber \u00farody.<br \/>\n\u2013 \u0164a\u017eba: valce ramien sa pou\u017e\u00edvaj\u00fa na ovl\u00e1danie pohybu ramena bansk\u00e9ho zariadenia, pri \u0165a\u017ebe a manipul\u00e1cii s rudou.<br \/>\n\u2013 Logistika a doprava: valce ramien sa pou\u017e\u00edvaj\u00fa na ovl\u00e1danie zdv\u00edhania a pohybu n\u00e1kladn\u00fdch vidl\u00edc vo vysokozdvi\u017en\u00fdch voz\u00edkoch a manipula\u010dn\u00fdch robotoch, na manipul\u00e1ciu s materi\u00e1lom a stohovanie.<\/p>\n<p>\u00davahy o dizajne a \u0161tandardy v\u00fdberu:<br \/>\nKon\u0161truk\u010dn\u00e9 aspekty valca ramena zah\u0155\u0148aj\u00fa nosnos\u0165, tesnenie, trvanlivos\u0165, bezpe\u010dnos\u0165 a \u00fadr\u017ebu. V\u00fdberov\u00e9 normy zah\u0155\u0148aj\u00fa materi\u00e1ly a v\u00fdrobn\u00e9 normy. Nosnos\u0165 valca ramena je ur\u010den\u00e1 \u0161pecifik\u00e1ciami stroja, s ktor\u00fdm sa pou\u017e\u00edva. Tesnenie sa dosahuje pomocou r\u00f4znych tesniacich prvkov, ako s\u00fa piestne tesnenia a ty\u010dov\u00e9 tesnenia vyroben\u00e9 z materi\u00e1lov odoln\u00fdch vo\u010di opotrebovaniu, ako je polyuret\u00e1n a nitrilov\u00e1 guma. Teleso valca a z\u00e1vitov\u00fd koniec s\u00fa jemne opracovan\u00e9, aby sa zlep\u0161ila odolnos\u0165 vo\u010di opotrebovaniu. Pravideln\u00e9 mazanie je nevyhnutn\u00e9.<\/p>\n<p>Pravideln\u00e9 kontroly a opatrenia prevent\u00edvnej \u00fadr\u017eby:<br \/>\nValce ramena vy\u017eaduj\u00fa pravideln\u00fa kontrolu a prevent\u00edvnu \u00fadr\u017ebu, aby sa zabezpe\u010dil optim\u00e1lny v\u00fdkon, pred\u013a\u017eila \u017eivotnos\u0165 a predi\u0161lo poruch\u00e1m. Medzi opatrenia patr\u00ed pravideln\u00e1 kontrola stavu valca, v\u00fdmena opotrebovan\u00fdch dielov a \u010distenie vn\u00fatra a vonkaj\u0161ka valca.<\/p>\n<p>N\u00e1vod na in\u0161tal\u00e1ciu:<br \/>\nPred in\u0161tal\u00e1ciou sa uistite, \u017ee je stroj vypnut\u00fd a hydraulick\u00fd syst\u00e9m je bez tlaku. Vy\u010distite kontaktn\u00e9 plochy valca a stroja. Pred in\u0161tal\u00e1ciou naneste mazivo. Zabezpe\u010dte spr\u00e1vne zarovnanie a utiahnutie skrutiek a mat\u00edc. Po in\u0161tal\u00e1cii vykonajte tlakov\u00fa sk\u00fa\u0161ku a skontrolujte, \u010di nedoch\u00e1dza k \u00faniku oleja.<\/p>\n<p>Bezpe\u010dnostn\u00e9 a environment\u00e1lne aspekty:<br \/>\nSpr\u00e1vne bezpe\u010dnostn\u00e9 opatrenia, ako je spr\u00e1vne pou\u017e\u00edvanie a \u00fadr\u017eba, s\u00fa nevyhnutn\u00e9 na predch\u00e1dzanie zraneniam, \u0161kod\u00e1m na majetku a zne\u010disteniu \u017eivotn\u00e9ho prostredia.<\/p>\n<p>Rie\u0161enie probl\u00e9mov a be\u017en\u00e9 probl\u00e9my:<br \/>\nMedzi be\u017en\u00e9 probl\u00e9my patr\u00ed \u00fanik, nedostato\u010dn\u00e1 sila a abnorm\u00e1lny hluk. Tipy na rie\u0161enie probl\u00e9mov zah\u0155\u0148aj\u00fa identifik\u00e1ciu probl\u00e9mu, kontrolu spr\u00e1vneho mazania, \u010distenie a v\u00fdmenu po\u0161koden\u00fdch tesnen\u00ed a nastavenie tlaku a prietoku. Prevent\u00edvne opatrenia zah\u0155\u0148aj\u00fa pravideln\u00fa kontrolu a \u00fadr\u017ebu, v\u010dasn\u00fa v\u00fdmenu opotrebovan\u00fdch dielov a spr\u00e1vne pou\u017e\u00edvanie a manipul\u00e1ciu.<\/p>\n<p>Predstavenie spolo\u010dnosti:<br \/>\nSme profesion\u00e1lny v\u00fdrobca hydraulick\u00fdch valcov so \u0161irokou \u0161k\u00e1lou produktov, v\u010faka \u010domu sme jedn\u00fdm z popredn\u00fdch v\u00fdrobcov a ve\u013ekoobchodn\u00fdch distrib\u00fatorov hydraulick\u00fdch valcov na dom\u00e1com aj medzin\u00e1rodnom trhu. V\u017edy sa dr\u017e\u00edme z\u00e1sady vysokej kvality a spoliehame sa na strat\u00e9giu riadenia priemyselnej v\u00fdroby v jemn\u00fdch v\u00fdrobn\u00fdch diel\u0148ach, aby sme neust\u00e1le zlep\u0161ovali na\u0161u technick\u00fa \u00farove\u0148 a efekt\u00edvnos\u0165 v\u00fdroby. M\u00e1me siln\u00fa inova\u010dn\u00fa kapacitu a na\u0161\u00edm cie\u013eom je uspokojova\u0165 rozmanit\u00e9 potreby z\u00e1kazn\u00edkov s vysokou \u00fa\u010dinnos\u0165ou, presnos\u0165ou a vysokou kvalitou.<\/p>\n<p>Na\u0161a spolo\u010dnos\u0165 poskytuje profesion\u00e1lne slu\u017eby vr\u00e1tane medzin\u00e1rodn\u00fdch certifik\u00e1ci\u00ed, slu\u017eieb na mieru, v\u00fdrobn\u00fdch zariaden\u00ed a popredajn\u00fdch slu\u017eieb. Disponujeme pokro\u010dil\u00fdm digit\u00e1lnym v\u00fdrobn\u00fdm zariaden\u00edm a profesion\u00e1lnymi testovac\u00edmi syst\u00e9mami, optimalizovan\u00fdmi v\u00fdrobn\u00fdmi platformami a vylep\u0161en\u00fdmi procesmi kontroly kvality v\u00fdrobkov.<\/p>\n<p>Autor: lyl.<\/p>","protected":false},"excerpt":{"rendered":"<p>Arm Cylinder For Yanmar VI085 Introduction: Arm cylinder is a specialized hydraulic cylinder designed to provide linear motion and power to the arm of various types of machinery, such as excavators, cranes, and mechanical arms. The arm cylinder plays a crucial role in the hydraulic system, enabling additional tools or attachments to move and be [&hellip;]<\/p>","protected":false},"featured_media":14777,"comment_status":"open","ping_status":"closed","template":"","meta":{"_et_pb_use_builder":"","_et_pb_old_content":"","_et_gb_content_width":""},"product_brand":[],"product_cat":[1497],"product_tag":[1498,1496],"class_list":{"0":"post-16770","1":"product","2":"type-product","3":"status-publish","4":"has-post-thumbnail","6":"product_cat-arm-cylinders","7":"product_tag-arm-cylinders","8":"product_tag-hydraulic-cylinders","10":"first","11":"instock","12":"shipping-taxable","13":"product-type-simple"},"amp_enabled":true,"_links":{"self":[{"href":"https:\/\/www.hydraulic-cylinders.net\/sk\/wp-json\/wp\/v2\/product\/16770","targetHints":{"allow":["GET"]}}],"collection":[{"href":"https:\/\/www.hydraulic-cylinders.net\/sk\/wp-json\/wp\/v2\/product"}],"about":[{"href":"https:\/\/www.hydraulic-cylinders.net\/sk\/wp-json\/wp\/v2\/types\/product"}],"replies":[{"embeddable":true,"href":"https:\/\/www.hydraulic-cylinders.net\/sk\/wp-json\/wp\/v2\/comments?post=16770"}],"wp:featuredmedia":[{"embeddable":true,"href":"https:\/\/www.hydraulic-cylinders.net\/sk\/wp-json\/wp\/v2\/media\/14777"}],"wp:attachment":[{"href":"https:\/\/www.hydraulic-cylinders.net\/sk\/wp-json\/wp\/v2\/media?parent=16770"}],"wp:term":[{"taxonomy":"product_brand","embeddable":true,"href":"https:\/\/www.hydraulic-cylinders.net\/sk\/wp-json\/wp\/v2\/product_brand?post=16770"},{"taxonomy":"product_cat","embeddable":true,"href":"https:\/\/www.hydraulic-cylinders.net\/sk\/wp-json\/wp\/v2\/product_cat?post=16770"},{"taxonomy":"product_tag","embeddable":true,"href":"https:\/\/www.hydraulic-cylinders.net\/sk\/wp-json\/wp\/v2\/product_tag?post=16770"}],"curies":[{"name":"pracovn\u00fd list","href":"https:\/\/api.w.org\/{rel}","templated":true}]}}