{"id":16771,"date":"2025-01-21T05:53:09","date_gmt":"2025-01-21T05:53:09","guid":{"rendered":"https:\/\/www.hydraulic-cylinders.net\/product\/arm-cylinder-for-yanmar-vib65\/"},"modified":"2025-01-21T05:53:10","modified_gmt":"2025-01-21T05:53:10","slug":"arm-cylinder-for-yanmar-vib65","status":"publish","type":"product","link":"https:\/\/www.hydraulic-cylinders.net\/sk\/produkt\/arm-cylinder-for-yanmar-vib65\/","title":{"rendered":"Valec ramena pre Yanmar VIB65"},"content":{"rendered":"<p>Valec ramena pre Yanmar VIB65<\/p>\n<p>Hydraulick\u00fd valec ramena je \u0161peci\u00e1lne navrhnut\u00fd hydraulick\u00fd valec, ktor\u00fd sa pou\u017e\u00edva hlavne na zabezpe\u010denie line\u00e1rneho pohybu a v\u00fdkonu ramena r\u00f4znych typov strojov, ako s\u00fa r\u00fdpadl\u00e1, \u017eeriavy a mechanick\u00e9 ramen\u00e1. Valec ramena hr\u00e1 k\u013e\u00fa\u010dov\u00fa \u00falohu v hydraulickom syst\u00e9me, preto\u017ee umo\u017e\u0148uje efekt\u00edvny pohyb a ovl\u00e1danie pr\u00edslu\u0161enstva alebo pr\u00edslu\u0161enstva. Tieto valce nielen umo\u017e\u0148uj\u00fa plynul\u00fd pohyb, ale tie\u017e odol\u00e1vaj\u00fa \u0165a\u017ek\u00fdm za\u0165a\u017eeniam, \u010d\u00edm zabezpe\u010duj\u00fa efekt\u00edvnu prev\u00e1dzku a spo\u013eahlivos\u0165 stroja za r\u00f4znych prev\u00e1dzkov\u00fdch podmienok.<\/p>\n<p>Vlastnosti valca ramena:<\/p>\n<p>1. Vysoko\u00fa\u010dinn\u00fd prevod: Valec ramena dok\u00e1\u017ee zabezpe\u010di\u0165 siln\u00fd line\u00e1rny pohyb a silu, \u010d\u00edm zabezpe\u010duje vysoko\u00fa\u010dinn\u00fd v\u00fdkon mechanick\u00e9ho ramena pri r\u00f4znych oper\u00e1ci\u00e1ch.<br \/>\n2. Presn\u00e9 ovl\u00e1danie: Prostredn\u00edctvom hydraulick\u00e9ho syst\u00e9mu dok\u00e1\u017ee valec ramena dosiahnu\u0165 presn\u00e9 ovl\u00e1danie pohybu, v\u010faka \u010domu je ovl\u00e1danie pr\u00eddavn\u00fdch n\u00e1strojov flexibilnej\u0161ie a presnej\u0161ie.<br \/>\n3. Vysok\u00e1 odolnos\u0165: Valce ramien s\u00fa zvy\u010dajne vyroben\u00e9 z vysoko pevn\u00fdch materi\u00e1lov, maj\u00fa dobr\u00fa odolnos\u0165 vo\u010di opotrebovaniu a kor\u00f3zii a s\u00fa vhodn\u00e9 na dlhodob\u00e9 pou\u017e\u00edvanie v n\u00e1ro\u010dn\u00fdch podmienkach.<br \/>\n4. Multifunk\u010dn\u00e1 prisp\u00f4sobivos\u0165: Tieto valce sa daj\u00fa \u0161iroko pou\u017e\u00edva\u0165 v r\u00f4znych typoch mechanick\u00fdch zariaden\u00ed, ako s\u00fa bagre, \u017eeriavy a mechanick\u00e9 ramen\u00e1, a prisp\u00f4sobuj\u00fa sa r\u00f4znym pracovn\u00fdm potreb\u00e1m.<br \/>\n5. Jednoduch\u00e1 \u00fadr\u017eba: Vzh\u013eadom na dizajn pre jednoduch\u00fa \u00fadr\u017ebu a v\u00fdmenu sa pravideln\u00e1 kontrola a \u00fadr\u017eba st\u00e1vaj\u00fa pohodlnej\u0161\u00edmi, \u010d\u00edm sa skracuj\u00fa prestoje zariadenia.<\/p>\n<p>N\u00e1\u0161 produkt dok\u00e1\u017ee dokonale nahradi\u0165 tieto hydraulick\u00e9 valce. Pon\u00fakame vysoko kvalitn\u00e9 a spo\u013eahliv\u00e9 hydraulick\u00e9 valce pre Yanmar VIB65.<\/p>\n<p>Pou\u017eitie ramenn\u00e9ho valca:<\/p>\n<p>1. Stavebn\u00e9 in\u017einierstvo: V bagroch a \u017eeriavoch sa valce ramien pou\u017e\u00edvaj\u00fa na ovl\u00e1danie pohybu vedier alebo v\u00fdlo\u017en\u00edkov, na vykon\u00e1vanie zemn\u00fdch pr\u00e1c, manipul\u00e1ciu s materi\u00e1lom a mont\u00e1\u017e kon\u0161trukci\u00ed.<br \/>\n2. V\u00fdrobn\u00fd priemysel: V automatizovanej v\u00fdrobnej linke sa valce ramien pou\u017e\u00edvaj\u00fa na pohyb mechanick\u00fdch ramien, na vykon\u00e1vanie mont\u00e1\u017enych, zv\u00e1rac\u00edch a manipula\u010dn\u00fdch procesov, \u010d\u00edm sa zlep\u0161uje efektivita a presnos\u0165 v\u00fdroby.<br \/>\n3. Po\u013enohospod\u00e1rske stroje: V po\u013enohospod\u00e1rskych strojoch, ako s\u00fa zbera\u010de a seja\u010dky, riadia valce ramena pohyb ovl\u00e1dacieho ramena a vykon\u00e1vaj\u00fa \u00falohy, ako je siatie, hnojenie a zber \u00farody.<br \/>\n4. \u0164a\u017eobn\u00fd priemysel: V bansk\u00fdch zariadeniach sa valce ramien pou\u017e\u00edvaj\u00fa na ovl\u00e1danie pohybu ramien bansk\u00fdch zariaden\u00ed, vykon\u00e1vanie \u0165a\u017eby a prepravy rudy.<br \/>\n5. Logistika a doprava: Vo vysokozdvi\u017en\u00fdch voz\u00edkoch a manipula\u010dn\u00fdch robotoch sa valce ramien pou\u017e\u00edvaj\u00fa na ovl\u00e1danie zdv\u00edhania a pohybu n\u00e1kladu, \u010d\u00edm sa realizuje manipul\u00e1cia s materi\u00e1lom a jeho stohovanie.<\/p>\n<p>\u00davahy o dizajne a krit\u00e9ri\u00e1 v\u00fdberu:<\/p>\n<p>1. Nosnos\u0165: Valce ramien musia by\u0165 schopn\u00e9 odola\u0165 maxim\u00e1lnemu za\u0165a\u017eeniu strojov a pr\u00eddavn\u00fdch n\u00e1strojov.<br \/>\n2. Tesniaci v\u00fdkon: R\u00f4zne tesniace komponenty, ako s\u00fa tesniace kr\u00fa\u017eky piestov a tesniace kr\u00fa\u017eky ty\u010d\u00ed, by mali by\u0165 vyroben\u00e9 z materi\u00e1lov odoln\u00fdch vo\u010di opotrebovaniu, ako je polyuret\u00e1n a nitrilov\u00fd kau\u010duk, aby sa zabezpe\u010dil dobr\u00fd tesniaci v\u00fdkon.<br \/>\n3. Trvanlivos\u0165: Teleso valca a z\u00e1vitov\u00fd koniec by mali by\u0165 jemne opracovan\u00e9, aby sa zlep\u0161ila odolnos\u0165 proti opotrebovaniu, a pravidelne by sa malo prid\u00e1va\u0165 primeran\u00e9 mno\u017estvo hydraulick\u00e9ho oleja na mazanie a \u00fadr\u017ebu.<br \/>\n4. Bezpe\u010dnos\u0165: Valce ramena by mali ma\u0165 bezpe\u010dnostn\u00e9 zariadenia, ako s\u00fa poistn\u00e9 ventily, aby sa predi\u0161lo nehod\u00e1m sp\u00f4soben\u00fdm pretlakom.<br \/>\n5. \u00dadr\u017eba: Valce ramien by mali by\u0165 navrhnut\u00e9 tak, aby sa dali \u013eahko rozobra\u0165, skontrolova\u0165 a vymeni\u0165, \u010d\u00edm sa zn\u00ed\u017eia prestoje a n\u00e1klady na \u00fadr\u017ebu.<\/p>\n<p>Tesnenie a mazanie valca ramena:<\/p>\n<p>1. R\u00f4zne typy tesniacich komponentov, ako s\u00fa tesniace kr\u00fa\u017eky piestov a tesniace kr\u00fa\u017eky ty\u010d\u00ed, by sa mali pravidelne vymie\u0148a\u0165, aby sa zabezpe\u010dil dobr\u00fd tesniaci v\u00fdkon.<br \/>\n2. Teleso valca a z\u00e1vitov\u00fd koniec by sa mali pravidelne kontrolova\u0165 a udr\u017eiava\u0165, aby sa zabezpe\u010dila dobr\u00e1 odolnos\u0165 proti opotrebovaniu.<br \/>\n3. Pre zabezpe\u010denie hladkej a stabilnej prev\u00e1dzky by sa malo pravidelne prid\u00e1va\u0165 primeran\u00e9 mno\u017estvo hydraulick\u00e9ho oleja.<\/p>\n<p>Rie\u0161enie probl\u00e9mov a be\u017en\u00e9 probl\u00e9my:<\/p>\n<p>1. Porucha tesnenia: M\u00f4\u017ee sp\u00f4sobi\u0165 \u00fanik oleja, \u010do m\u00e1 za n\u00e1sledok zn\u00ed\u017eenie \u00fa\u010dinnosti valca.<br \/>\n2. Nedostato\u010dn\u00e9 mazanie: M\u00f4\u017ee sp\u00f4sobi\u0165 nadmern\u00e9 trenie medzi telesom valca a piestnou ty\u010dou, \u010do m\u00e1 za n\u00e1sledok po\u0161kodenie tesniacich komponentov a zn\u00ed\u017eenie \u00fa\u010dinnosti valca.<br \/>\n3. Prehriatie: M\u00f4\u017ee sp\u00f4sobi\u0165 po\u0161kodenie hydraulick\u00e9ho oleja, \u010do m\u00e1 za n\u00e1sledok zn\u00ed\u017eenie \u00fa\u010dinnosti valca.<br \/>\n4. Abnorm\u00e1lny hluk: M\u00f4\u017ee by\u0165 sp\u00f4soben\u00fd po\u0161koden\u00fdmi lo\u017eiskami alebo in\u00fdmi komponentmi, \u010do vedie k zn\u00ed\u017eeniu \u00fa\u010dinnosti valca.<\/p>\n<p>Sprievodca in\u0161tal\u00e1ciou:<\/p>\n<p>1. O\u010distite in\u0161tala\u010dn\u00fd povrch stroja a telesa valca a naneste na povrch tenk\u00fa vrstvu maziva.<br \/>\n2. Nain\u0161talujte valec pod\u013ea mont\u00e1\u017enej polohy a smeru uveden\u00e9ho v mont\u00e1\u017enej sch\u00e9me.<br \/>\n3. Utiahnite upev\u0148ovacie skrutky telesa valca a upev\u0148ovacie n\u00e1stroje na predp\u00edsan\u00fd kr\u00fatiaci moment.<br \/>\n4. Pripojte hydraulick\u00e9 hadice a potrubia pod\u013ea sch\u00e9my in\u0161tal\u00e1cie a uistite sa, \u017ee olejov\u00fd okruh nie je upchat\u00fd.<br \/>\n5. Vykonajte sk\u00fa\u0161obn\u00fa prev\u00e1dzku a skontrolujte, \u010di valec funguje hladko a spr\u00e1vne.<\/p>\n<p>Bezpe\u010dnostn\u00e9 aspekty a faktory prostredia:<\/p>\n<p>1. Pri manipul\u00e1cii s valcom a jeho in\u0161tal\u00e1cii sa uistite, \u017ee je stroj vypnut\u00fd a hydraulick\u00fd tlak uvo\u013enen\u00fd, aby ste predi\u0161li nehod\u00e1m.<br \/>\n2. Je nevyhnutn\u00e9 pou\u017e\u00edva\u0165 bezpe\u010dnostn\u00e9 zariadenia, ako s\u00fa poistn\u00e9 ventily, aby sa predi\u0161lo nehod\u00e1m sp\u00f4soben\u00fdm pretlakom.<br \/>\n3. Hydraulick\u00fd olej pou\u017e\u00edvan\u00fd vo valci by sa mal pravidelne vymie\u0148a\u0165, aby sa zabezpe\u010dil dobr\u00fd mazac\u00ed v\u00fdkon a zabr\u00e1nilo sa zne\u010disteniu \u017eivotn\u00e9ho prostredia.<\/p>\n<p>Spolo\u010dnos\u0165 Songte Hydraulic Machinery Co., Ltd. je profesion\u00e1lny v\u00fdrobca n\u00e1hradn\u00fdch hydraulick\u00fdch valcov a pon\u00faka \u0161irok\u00fd sortiment produktov. Stali sme sa jedn\u00fdm z popredn\u00fdch v\u00fdrobcov a ve\u013ekoobchodn\u00fdch distrib\u00fatorov hydraulick\u00fdch valcov na dom\u00e1com aj medzin\u00e1rodnom trhu. Na\u0161ou z\u00e1sadou je udr\u017eiava\u0165 vynikaj\u00facu kvalitu a spolieha\u0165 sa na strat\u00e9giu industrializovan\u00e9ho riadenia v\u00fdroby sofistikovanej v\u00fdrobnej dielne s cie\u013eom neust\u00e1le zlep\u0161ova\u0165 na\u0161u technologick\u00fa \u00farove\u0148 a efekt\u00edvnos\u0165 v\u00fdroby. Prostredn\u00edctvom zav\u00e1dzania \u0161pi\u010dkov\u00fdch digit\u00e1lnych v\u00fdrobn\u00fdch zariaden\u00ed a profesion\u00e1lnych testovac\u00edch syst\u00e9mov neust\u00e1le optimalizujeme v\u00fdrobn\u00fa platformu, zlep\u0161ujeme proces kontroly kvality v\u00fdrobkov a disponujeme siln\u00fdmi inova\u010dn\u00fdmi schopnos\u0165ami. Na\u0161\u00edm cie\u013eom je uspokoji\u0165 rozmanit\u00e9 potreby z\u00e1kazn\u00edkov s princ\u00edpmi vysokej efekt\u00edvnosti, presnosti a vysokej kvality.<\/p>\n<p>Sme spolo\u010dnos\u0165, ktor\u00e1 si cen\u00ed profesionalitu, medzin\u00e1rodn\u00fa certifik\u00e1ciu, z\u00e1kazkov\u00e9 slu\u017eby, v\u00fdrobn\u00e9 zariadenia, popredajn\u00fd servis at\u010f. Te\u0161\u00edme sa na spolupr\u00e1cu s vami a na poskytovanie vysoko kvalitn\u00fdch produktov a slu\u017eieb.<\/p>\n<p>Autor: lyl.<\/p>","protected":false},"excerpt":{"rendered":"<p>Arm Cylinder For Yanmar VIB65 Arm cylinder is a specially designed hydraulic cylinder that is mainly used to provide linear motion and power for the arm of various types of machinery, such as excavators, cranes, and mechanical arms. The arm cylinder plays a crucial role in the hydraulic system, allowing the attachment tools or accessories [&hellip;]<\/p>","protected":false},"featured_media":14774,"comment_status":"open","ping_status":"closed","template":"","meta":{"_et_pb_use_builder":"","_et_pb_old_content":"","_et_gb_content_width":""},"product_brand":[],"product_cat":[1497],"product_tag":[1498,1496],"class_list":{"0":"post-16771","1":"product","2":"type-product","3":"status-publish","4":"has-post-thumbnail","6":"product_cat-arm-cylinders","7":"product_tag-arm-cylinders","8":"product_tag-hydraulic-cylinders","10":"first","11":"instock","12":"shipping-taxable","13":"product-type-simple"},"amp_enabled":true,"_links":{"self":[{"href":"https:\/\/www.hydraulic-cylinders.net\/sk\/wp-json\/wp\/v2\/product\/16771","targetHints":{"allow":["GET"]}}],"collection":[{"href":"https:\/\/www.hydraulic-cylinders.net\/sk\/wp-json\/wp\/v2\/product"}],"about":[{"href":"https:\/\/www.hydraulic-cylinders.net\/sk\/wp-json\/wp\/v2\/types\/product"}],"replies":[{"embeddable":true,"href":"https:\/\/www.hydraulic-cylinders.net\/sk\/wp-json\/wp\/v2\/comments?post=16771"}],"wp:featuredmedia":[{"embeddable":true,"href":"https:\/\/www.hydraulic-cylinders.net\/sk\/wp-json\/wp\/v2\/media\/14774"}],"wp:attachment":[{"href":"https:\/\/www.hydraulic-cylinders.net\/sk\/wp-json\/wp\/v2\/media?parent=16771"}],"wp:term":[{"taxonomy":"product_brand","embeddable":true,"href":"https:\/\/www.hydraulic-cylinders.net\/sk\/wp-json\/wp\/v2\/product_brand?post=16771"},{"taxonomy":"product_cat","embeddable":true,"href":"https:\/\/www.hydraulic-cylinders.net\/sk\/wp-json\/wp\/v2\/product_cat?post=16771"},{"taxonomy":"product_tag","embeddable":true,"href":"https:\/\/www.hydraulic-cylinders.net\/sk\/wp-json\/wp\/v2\/product_tag?post=16771"}],"curies":[{"name":"pracovn\u00fd list","href":"https:\/\/api.w.org\/{rel}","templated":true}]}}