{"id":16773,"date":"2025-01-21T05:53:19","date_gmt":"2025-01-21T05:53:19","guid":{"rendered":"https:\/\/www.hydraulic-cylinders.net\/product\/arm-cylinder-for-yishan-ys220\/"},"modified":"2025-01-21T05:53:22","modified_gmt":"2025-01-21T05:53:22","slug":"arm-cylinder-for-yishan-ys220","status":"publish","type":"product","link":"https:\/\/www.hydraulic-cylinders.net\/sk\/produkt\/arm-cylinder-for-yishan-ys220\/","title":{"rendered":"Valec ramena pre Yishan YS220"},"content":{"rendered":"<h2>Valec ramena pre Yishan YS220<\/h2>\n<h3>\u00davod<\/h3>\n<p>Hydraulick\u00fd valec ramena je \u0161peci\u00e1lne navrhnut\u00fd hydraulick\u00fd valec, ktor\u00fd sa prim\u00e1rne pou\u017e\u00edva na zabezpe\u010denie line\u00e1rneho pohybu a v\u00fdkonu ramien r\u00f4znych typov strojov, ako s\u00fa r\u00fdpadl\u00e1, \u017eeriavy a robotick\u00e9 ramen\u00e1. Valec ramena hr\u00e1 k\u013e\u00fa\u010dov\u00fa \u00falohu v hydraulick\u00fdch syst\u00e9moch, preto\u017ee umo\u017e\u0148uje efekt\u00edvny pohyb a ovl\u00e1danie pripojen\u00e9ho n\u00e1radia alebo pr\u00edslu\u0161enstva. Tieto valce nielen\u017ee poskytuj\u00fa plynul\u00fd pohyb, ale tie\u017e odol\u00e1vaj\u00fa \u0165a\u017ek\u00fdm za\u0165a\u017eeniam, \u010d\u00edm zabezpe\u010duj\u00fa efekt\u00edvnu prev\u00e1dzku a spo\u013eahlivos\u0165 strojov v r\u00f4znych pracovn\u00fdch podmienkach.<\/p>\n<p><img decoding=\"async\" src=\"https:\/\/www.hydraulic-cylinders.net\/wp-content\/uploads\/2025\/01\/songte-company-2.webp\"><\/p>\n<h3>Funkcie<\/h3>\n<ul>\n<li>Vysoko\u00fa\u010dinn\u00fd prenos v\u00fdkonu: Valce ramena poskytuj\u00fa siln\u00fd line\u00e1rny pohyb a silu, \u010d\u00edm zabezpe\u010duj\u00fa vysok\u00fd v\u00fdkon robotick\u00e9ho ramena pri r\u00f4znych oper\u00e1ci\u00e1ch.<\/li>\n<li>Presn\u00e9 ovl\u00e1danie: Prostredn\u00edctvom hydraulick\u00e9ho syst\u00e9mu dok\u00e1\u017ee valec ramena dosiahnu\u0165 presn\u00e9 ovl\u00e1danie pohybu, v\u010faka \u010domu je ovl\u00e1danie pripojen\u00e9ho n\u00e1radia flexibilnej\u0161ie a presnej\u0161ie.<\/li>\n<li>Trvanlivos\u0165: Valce ramien s\u00fa zvy\u010dajne vyroben\u00e9 z vysoko pevn\u00fdch materi\u00e1lov s dobrou odolnos\u0165ou vo\u010di opotrebovaniu a kor\u00f3zii, vhodn\u00e9 na dlhodob\u00e9 pou\u017e\u00edvanie v n\u00e1ro\u010dn\u00fdch podmienkach.<\/li>\n<li>Multifunk\u010dn\u00e1 prisp\u00f4sobivos\u0165: Tieto valce sa daj\u00fa \u0161iroko pou\u017e\u00edva\u0165 v r\u00f4znych typoch strojov, ako s\u00fa bagre, \u017eeriavy a robotick\u00e9 ramen\u00e1, a prisp\u00f4sobuj\u00fa sa r\u00f4znym pracovn\u00fdm po\u017eiadavk\u00e1m.<\/li>\n<li>Jednoduch\u00e1 \u00fadr\u017eba: Kon\u0161trukcia valcov ramena zoh\u013ead\u0148uje jednoduch\u00fa \u00fadr\u017ebu a v\u00fdmenu, v\u010faka \u010domu je pravideln\u00e1 kontrola a \u00fadr\u017eba pohodlnej\u0161ia a skracuje prestoje zariadenia.<\/li>\n<\/ul>\n<p>Tento produkt vieme vyrobi\u0165 a n\u00e1\u0161 produkt dok\u00e1\u017ee dokonale nahradi\u0165 tieto hydraulick\u00e9 valce.<\/p>\n<p><img decoding=\"async\" src=\"https:\/\/www.hydraulic-cylinders.net\/wp-content\/uploads\/2025\/01\/songte-oil-pipes-and-spare-parts.webp\"><\/p>\n<h3>Aplik\u00e1cie<\/h3>\n<ul>\n<li>Kon\u0161trukcia: V bagroch a \u017eeriavoch sa valce ramena pou\u017e\u00edvaj\u00fa na ovl\u00e1danie pohybu vedra alebo ramena \u017eeriavu pri zemn\u00fdch pr\u00e1cach, manipul\u00e1cii s materi\u00e1lom a in\u0161tal\u00e1cii kon\u0161trukci\u00ed.<\/li>\n<li>V\u00fdroba: V automatizovan\u00fdch v\u00fdrobn\u00fdch link\u00e1ch sa valce ramien pou\u017e\u00edvaj\u00fa na pohyb robotick\u00fdch ramien, vykon\u00e1vanie mont\u00e1\u017enych, zv\u00e1rac\u00edch a manipula\u010dn\u00fdch procesov s cie\u013eom zlep\u0161i\u0165 efektivitu a presnos\u0165 v\u00fdroby.<\/li>\n<li>Po\u013enohospod\u00e1rske stroje: V po\u013enohospod\u00e1rskych strojoch, ako s\u00fa zbera\u010de a seja\u010dky, riadia valce ramena pohyb ovl\u00e1dacieho ramena a vykon\u00e1vaj\u00fa \u00falohy, ako je siatie, hnojenie a zber \u00farody.<\/li>\n<li>\u0164a\u017eba: V bansk\u00fdch zariadeniach sa valce ramien pou\u017e\u00edvaj\u00fa na ovl\u00e1danie pohybu ramien bansk\u00fdch zariaden\u00ed pri \u0165a\u017ebe a manipul\u00e1cii s rudou.<\/li>\n<li>Logistika a doprava: Vo vysokozdvi\u017en\u00fdch voz\u00edkoch a transportn\u00fdch robotoch sa valce ramien pou\u017e\u00edvaj\u00fa na ovl\u00e1danie zdv\u00edhania a pohybu n\u00e1kladn\u00fdch vidl\u00edc, \u010d\u00edm sa dosahuje manipul\u00e1cia s materi\u00e1lom a stohovanie.<\/li>\n<\/ul>\n<h3>\u00davahy o dizajne a krit\u00e9ri\u00e1 v\u00fdberu<\/h3>\n<ul>\n<li>Nosnos\u0165: Valec ramena mus\u00ed by\u0165 schopn\u00fd unies\u0165 hmotnos\u0165 a za\u0165a\u017eenie pripojen\u00e9ho n\u00e1stroja alebo pr\u00edslu\u0161enstva.<\/li>\n<li>Tesnenie: Na zabezpe\u010denie tesniaceho v\u00fdkonu hydraulick\u00e9ho valca po\u010das prev\u00e1dzky sa pou\u017e\u00edvaj\u00fa r\u00f4zne tesniace komponenty, ako s\u00fa tesnenia piestov a tesnenia ty\u010d\u00ed, a be\u017en\u00fdm materi\u00e1lom pre tesniace komponenty je polyuret\u00e1n alebo nitrilov\u00e1 guma.<\/li>\n<li>Trvanlivos\u0165: Teleso valca a z\u00e1vitov\u00fd koniec valcov ramena by mali by\u0165 jemne opracovan\u00e9, aby sa zlep\u0161ila odolnos\u0165 vo\u010di opotrebovaniu.<\/li>\n<li>Bezpe\u010dnos\u0165: Bezpe\u010dnos\u0165 je k\u013e\u00fa\u010dov\u00fdm faktorom, ktor\u00fd treba zv\u00e1\u017ei\u0165 pri navrhovan\u00ed valcov ramena, a poistn\u00e9 ventily sa \u010dasto in\u0161taluj\u00fa, aby sa zabr\u00e1nilo po\u0161kodeniu sp\u00f4soben\u00e9mu pretlakom hydraulick\u00e9ho syst\u00e9mu.<\/li>\n<li>\u00dadr\u017eba: Valce ramien by sa mali da\u0165 \u013eahko udr\u017eiava\u0165 a opravova\u0165 a na zabezpe\u010denie ich dlhodobej v\u00fdkonnosti s\u00fa potrebn\u00e9 pravideln\u00e9 v\u00fdmeny oleja a kontroly.<\/li>\n<\/ul>\n<p><img decoding=\"async\" src=\"https:\/\/www.hydraulic-cylinders.net\/wp-content\/uploads\/2025\/01\/songte-cylinder-head-with-all-kinds-excavator-models.webp\"><\/p>\n<h3>Tesnenie a mazanie<\/h3>\n<p>Na zabezpe\u010denie tesniaceho v\u00fdkonu hydraulick\u00e9ho valca po\u010das prev\u00e1dzky sa pou\u017e\u00edvaj\u00fa r\u00f4zne tesniace komponenty, ako s\u00fa tesnenia piestov a tesnenia ty\u010d\u00ed, a be\u017en\u00fdm materi\u00e1lom pre tesniace komponenty je polyuret\u00e1n alebo nitrilov\u00e1 guma. Teleso valca a z\u00e1vitov\u00fd koniec valcov ramena by mali by\u0165 jemne opracovan\u00e9, aby sa zlep\u0161ila odolnos\u0165 proti opotrebovaniu. Na zabezpe\u010denie ich dlhodobej v\u00fdkonnosti s\u00fa potrebn\u00e9 pravideln\u00e9 v\u00fdmeny oleja a kontroly.<\/p>\n<h3>\u00dadr\u017eba a odstra\u0148ovanie probl\u00e9mov<\/h3>\n<p>Pravideln\u00e1 kontrola a prevent\u00edvna \u00fadr\u017eba s\u00fa nevyhnutn\u00e9 pre valce ramena, aby sa zabezpe\u010dila ich dlhodob\u00e1 v\u00fdkonnos\u0165. Ak sa s valcom vyskytne probl\u00e9m, je potrebn\u00e9 diagnostikova\u0165 pr\u00ed\u010dinu probl\u00e9mu a prija\u0165 vhodn\u00e9 opatrenia na jeho opravu. Medzi be\u017en\u00e9 probl\u00e9my patr\u00ed netesnos\u0165, nedostato\u010dn\u00fd tlak a nefunk\u010dn\u00e9 poistn\u00e9 ventily. Pri oprave valca je d\u00f4le\u017eit\u00e9 dodr\u017eiava\u0165 spr\u00e1vne postupy \u00fadr\u017eby a pou\u017e\u00edva\u0165 kvalitn\u00e9 n\u00e1hradn\u00e9 diely.<\/p>\n<p><img decoding=\"async\" src=\"https:\/\/www.hydraulic-cylinders.net\/wp-content\/uploads\/2025\/01\/songte-chushion-collar.webp\"><\/p>\n<h3>Sprievodca in\u0161tal\u00e1ciou produktu<\/h3>\n<p>Pred in\u0161tal\u00e1ciou valca ramena skontrolujte, \u010di s\u00fa valec a jeho komponenty \u010dist\u00e9 a bez ne\u010dist\u00f4t. Nain\u0161talujte valec pod\u013ea pokynov v\u00fdrobcu, pri\u010dom zoh\u013eadnite v\u0161etky potrebn\u00e9 bezpe\u010dnostn\u00e9 opatrenia. Po dokon\u010den\u00ed in\u0161tal\u00e1cie otestujte valec ramena, \u010di funguje spr\u00e1vne a \u010di netesn\u00ed. Pravideln\u00e9 kontroly a \u00fadr\u017eba s\u00fa potrebn\u00e9 na zabezpe\u010denie dlhodobej prev\u00e1dzky valca ramena.<\/p>\n<h3>O n\u00e1s<\/h3>\n<p>Sme profesion\u00e1lny v\u00fdrobca n\u00e1hradn\u00fdch hydraulick\u00fdch valcov so \u0161irokou \u0161k\u00e1lou produktov. Stali sme sa jedn\u00fdm z popredn\u00fdch v\u00fdrobcov a ve\u013ekoobchodn\u00fdch distrib\u00fatorov hydraulick\u00fdch valcov na dom\u00e1com aj medzin\u00e1rodnom trhu. V\u017edy sa dr\u017e\u00edme z\u00e1sady vynikaj\u00facej kvality a spoliehame sa na strat\u00e9giu riadenia priemyselnej v\u00fdroby v prepracovanej v\u00fdrobnej dielni, aby sme neust\u00e1le zlep\u0161ovali na\u0161u technick\u00fa \u00farove\u0148 a efekt\u00edvnos\u0165 v\u00fdroby. Zav\u00e1dzan\u00edm \u0161pi\u010dkov\u00fdch digit\u00e1lnych v\u00fdrobn\u00fdch zariaden\u00ed a profesion\u00e1lnych testovac\u00edch syst\u00e9mov neust\u00e1le optimalizujeme na\u0161e v\u00fdrobn\u00e9 platformy, zlep\u0161ujeme procesy kontroly kvality na\u0161ich v\u00fdrobkov a m\u00e1me siln\u00e9 inova\u010dn\u00e9 schopnosti. Na\u0161\u00edm cie\u013eom je uspokojova\u0165 rozmanit\u00e9 potreby na\u0161ich z\u00e1kazn\u00edkov s vysokou efektivitou, presnos\u0165ou a princ\u00edpmi vysokej kvality.<\/p>\n<ul>\n<li>Profesionalita: M\u00e1me profesion\u00e1lny t\u00edm s dlhoro\u010dn\u00fdmi sk\u00fasenos\u0165ami vo v\u00fdrobe a predaji hydraulick\u00fdch valcov.<\/li>\n<li>Medzin\u00e1rodn\u00e1 certifik\u00e1cia: Na\u0161e v\u00fdrobky pre\u0161li r\u00f4znymi medzin\u00e1rodn\u00fdmi certifik\u00e1ciami, ako napr\u00edklad ISO9001 a CE.<\/li>\n<li>Slu\u017eby prisp\u00f4sobenia: Poskytujeme hydraulick\u00e9 valce na mieru pod\u013ea po\u017eiadaviek z\u00e1kazn\u00edka a poskytujeme personalizovan\u00e9 slu\u017eby, ktor\u00e9 sp\u013a\u0148aj\u00fa potreby r\u00f4znych z\u00e1kazn\u00edkov.<\/li>\n<li>V\u00fdrobn\u00e9 zariadenia: M\u00e1me kompletn\u00fa sadu \u0161pi\u010dkov\u00fdch v\u00fdrobn\u00fdch zariaden\u00ed, ktor\u00e9 zabezpe\u010duj\u00fa kvalitu a efekt\u00edvnos\u0165 v\u00fdroby hydraulick\u00fdch valcov.<\/li>\n<li>Popredajn\u00fd servis: Poskytujeme komplexn\u00fd a v\u010dasn\u00fd popredajn\u00fd servis, aby z\u00e1kazn\u00edci mohli na\u0161e produkty pou\u017e\u00edva\u0165 s d\u00f4verou.<\/li>\n<\/ul>\n<p><img decoding=\"async\" src=\"https:\/\/www.hydraulic-cylinders.net\/wp-content\/uploads\/2025\/01\/songte-company-4.webp\"><br \/>\n<img decoding=\"async\" src=\"https:\/\/www.hydraulic-cylinders.net\/wp-content\/uploads\/2025\/01\/songte-company-3.webp\"><\/p>\n<p>Autor: lyl.<\/p>","protected":false},"excerpt":{"rendered":"<p>Arm Cylinder For Yishan YS220 Introduction An arm cylinder is a specially designed hydraulic cylinder that is primarily used to provide linear motion and power to the arms of various types of machinery, such as excavators, cranes, and robotic arms. The arm cylinder plays a crucial role in hydraulic systems, enabling the efficient movement and [&hellip;]<\/p>","protected":false},"featured_media":14770,"comment_status":"open","ping_status":"closed","template":"","meta":{"_et_pb_use_builder":"","_et_pb_old_content":"","_et_gb_content_width":""},"product_brand":[],"product_cat":[1497],"product_tag":[1498,1496],"class_list":{"0":"post-16773","1":"product","2":"type-product","3":"status-publish","4":"has-post-thumbnail","6":"product_cat-arm-cylinders","7":"product_tag-arm-cylinders","8":"product_tag-hydraulic-cylinders","10":"first","11":"instock","12":"shipping-taxable","13":"product-type-simple"},"amp_enabled":true,"_links":{"self":[{"href":"https:\/\/www.hydraulic-cylinders.net\/sk\/wp-json\/wp\/v2\/product\/16773","targetHints":{"allow":["GET"]}}],"collection":[{"href":"https:\/\/www.hydraulic-cylinders.net\/sk\/wp-json\/wp\/v2\/product"}],"about":[{"href":"https:\/\/www.hydraulic-cylinders.net\/sk\/wp-json\/wp\/v2\/types\/product"}],"replies":[{"embeddable":true,"href":"https:\/\/www.hydraulic-cylinders.net\/sk\/wp-json\/wp\/v2\/comments?post=16773"}],"wp:featuredmedia":[{"embeddable":true,"href":"https:\/\/www.hydraulic-cylinders.net\/sk\/wp-json\/wp\/v2\/media\/14770"}],"wp:attachment":[{"href":"https:\/\/www.hydraulic-cylinders.net\/sk\/wp-json\/wp\/v2\/media?parent=16773"}],"wp:term":[{"taxonomy":"product_brand","embeddable":true,"href":"https:\/\/www.hydraulic-cylinders.net\/sk\/wp-json\/wp\/v2\/product_brand?post=16773"},{"taxonomy":"product_cat","embeddable":true,"href":"https:\/\/www.hydraulic-cylinders.net\/sk\/wp-json\/wp\/v2\/product_cat?post=16773"},{"taxonomy":"product_tag","embeddable":true,"href":"https:\/\/www.hydraulic-cylinders.net\/sk\/wp-json\/wp\/v2\/product_tag?post=16773"}],"curies":[{"name":"pracovn\u00fd list","href":"https:\/\/api.w.org\/{rel}","templated":true}]}}