{"id":16783,"date":"2025-01-21T05:54:03","date_gmt":"2025-01-21T05:54:03","guid":{"rendered":"https:\/\/www.hydraulic-cylinders.net\/product\/arm-cylinder-for-yuchai-yc18sr\/"},"modified":"2025-01-21T05:54:04","modified_gmt":"2025-01-21T05:54:04","slug":"arm-cylinder-for-yuchai-yc18sr","status":"publish","type":"product","link":"https:\/\/www.hydraulic-cylinders.net\/sk\/produkt\/arm-cylinder-for-yuchai-yc18sr\/","title":{"rendered":"Valec ramena pre Yuchai YC18SR"},"content":{"rendered":"<p>Hydraulick\u00fd valec ramena pre Yuchai YC18SR \u2013 hydraulick\u00fd valec pre line\u00e1rny pohyb a v\u00fdkon<\/p>\n<p>Hydraulick\u00e9 valce, zn\u00e1me aj ako hydraulick\u00e9 valce, s\u00fa \u0161peci\u00e1lne navrhnut\u00e9 valce pou\u017e\u00edvan\u00e9 na zabezpe\u010denie line\u00e1rneho pohybu a v\u00fdkonu r\u00f4znych typov ramien strojov, ako s\u00fa r\u00fdpadl\u00e1, \u017eeriavy a mechanick\u00e9 ramen\u00e1. Zohr\u00e1vaj\u00fa k\u013e\u00fa\u010dov\u00fa \u00falohu v hydraulickom syst\u00e9me, preto\u017ee umo\u017e\u0148uj\u00fa efekt\u00edvny pohyb a ovl\u00e1danie pr\u00edslu\u0161enstva alebo pr\u00edslu\u0161enstva. Tieto valce nielen zabezpe\u010duj\u00fa plynul\u00fd pohyb, ale tie\u017e odol\u00e1vaj\u00fa \u0165a\u017ek\u00fdm za\u0165a\u017eeniam, \u010d\u00edm zabezpe\u010duj\u00fa efekt\u00edvnu prev\u00e1dzku a spo\u013eahlivos\u0165 strojov v r\u00f4znych pracovn\u00fdch podmienkach.<\/p>\n<p>Defin\u00edcia a vysvetlenie<\/p>\n<p>Hydraulick\u00e9 valce ramien s\u00fa z\u00e1kladnou s\u00fa\u010das\u0165ou hydraulick\u00e9ho syst\u00e9mu pou\u017e\u00edvan\u00e9ho v r\u00f4znych typoch strojov. Poskytuj\u00fa potrebn\u00fa silu pre line\u00e1rny pohyb a v\u00fdkon, \u010do umo\u017e\u0148uje ramen\u00e1m strojov plynul\u00fd a efekt\u00edvny chod. S\u00fa vyroben\u00e9 z vysokopevnostn\u00fdch materi\u00e1lov, v\u010faka \u010domu s\u00fa odoln\u00e9 a schopn\u00e9 odol\u00e1va\u0165 n\u00e1ro\u010dn\u00fdm podmienkam.<\/p>\n<p>Okrem toho s\u00fa valce ramien navrhnut\u00e9 tak, aby sa dali \u013eahko udr\u017eiava\u0165 a vymie\u0148a\u0165, \u010do u\u013eah\u010duje pravideln\u00e9 kontroly a \u00fadr\u017ebu a skracuje prestoje zariaden\u00ed. Valce sa \u0161iroko pou\u017e\u00edvaj\u00fa v r\u00f4znych odvetviach vr\u00e1tane stavebn\u00edctva, v\u00fdroby, po\u013enohospod\u00e1rstva, ban\u00edctva, logistiky a dopravy.<\/p>\n<p><img decoding=\"async\" src=\"https:\/\/www.hydraulic-cylinders.net\/wp-content\/uploads\/2025\/01\/songte-company-2.webp\" alt=\"Valec ramena pre Yuchai YC18SR\" style=\"max-width:100%; height:auto;\" \/><\/p>\n<p>Vlastnosti valcov ramena<\/p>\n<p>Valce ramena maj\u00fa nieko\u013eko funkci\u00ed, v\u010faka ktor\u00fdm s\u00fa ob\u013e\u00fabenou vo\u013ebou v\u00fdrobcov strojov. Medzi k\u013e\u00fa\u010dov\u00e9 vlastnosti valcov ramena patria:<\/p>\n<p>1. Vysokov\u00fdkonn\u00fd prevod: Valce ramien poskytuj\u00fa siln\u00fd line\u00e1rny pohyb a silu, \u010d\u00edm zabezpe\u010duj\u00fa vysok\u00fa \u00fa\u010dinnos\u0165 ramien stroja po\u010das r\u00f4znych oper\u00e1ci\u00ed.<\/p>\n<p>2. Presn\u00e9 ovl\u00e1danie: Prostredn\u00edctvom hydraulick\u00e9ho syst\u00e9mu m\u00f4\u017eu valce ramena dosiahnu\u0165 presn\u00e9 ovl\u00e1danie pohybu, \u010d\u00edm sa prev\u00e1dzka pr\u00edslu\u0161enstva st\u00e1va flexibilnej\u0161ou a presnej\u0161ou.<\/p>\n<p>3. Vysok\u00e1 odolnos\u0165: Valce ramien s\u00fa vyroben\u00e9 z vysokopevnostn\u00fdch materi\u00e1lov, v\u010faka \u010domu s\u00fa vysoko odoln\u00e9 vo\u010di opotrebovaniu a kor\u00f3zii. S\u00fa vhodn\u00e9 na dlhodob\u00e9 pou\u017e\u00edvanie v n\u00e1ro\u010dn\u00fdch podmienkach.<\/p>\n<p>4. Multifunk\u010dn\u00e1 prisp\u00f4sobivos\u0165: Tieto valce sa daj\u00fa pou\u017ei\u0165 v r\u00f4znych typoch strojov, ako s\u00fa bagre, \u017eeriavy a mechanick\u00e9 ramen\u00e1, aby sp\u013a\u0148ali r\u00f4zne prev\u00e1dzkov\u00e9 potreby.<\/p>\n<p>5. Jednoduch\u00e1 \u00fadr\u017eba: Kon\u0161trukcia valcov ramena zoh\u013ead\u0148uje jednoduch\u00fa \u00fadr\u017ebu a v\u00fdmenu, v\u010faka \u010domu s\u00fa pravideln\u00e9 kontroly a \u00fadr\u017eba pohodln\u00e9 a skracuj\u00fa sa prestoje zariaden\u00ed.<\/p>\n<p>N\u00e1\u0161 produkt<\/p>\n<p>Na\u0161a spolo\u010dnos\u0165 vyr\u00e1ba vysoko kvalitn\u00e9 hydraulick\u00e9 valce ramien, ktor\u00e9 dok\u00e1\u017eu nahradi\u0165 p\u00f4vodn\u00e9 hydraulick\u00e9 valce. Na\u0161e produkty s\u00fa vyr\u00e1ban\u00e9 s pou\u017eit\u00edm pokro\u010dil\u00fdch digit\u00e1lnych v\u00fdrobn\u00fdch zariaden\u00ed a profesion\u00e1lnych testovac\u00edch syst\u00e9mov, \u010do zabezpe\u010duje optim\u00e1lnu kontrolu kvality po\u010das cel\u00e9ho v\u00fdrobn\u00e9ho procesu. Na\u0161\u00edm cie\u013eom je poskytova\u0165 efekt\u00edvne, presn\u00e9 a vysoko kvalitn\u00e9 produkty, ktor\u00e9 sp\u013a\u0148aj\u00fa rozmanit\u00e9 potreby na\u0161ich z\u00e1kazn\u00edkov.<\/p>\n<p><img decoding=\"async\" src=\"https:\/\/www.hydraulic-cylinders.net\/wp-content\/uploads\/2025\/01\/songte-oil-pipes-and-spare-parts.webp\" alt=\"Valec ramena pre Yuchai YC18SR\" style=\"max-width:100%; height:auto;\" \/><\/p>\n<p>Aplik\u00e1cie valcov ramena<\/p>\n<p>Valce s ramenami sa v\u010faka svojej v\u0161estrannosti a spo\u013eahlivosti \u0161iroko pou\u017e\u00edvaj\u00fa v r\u00f4znych odvetviach. Medzi be\u017en\u00e9 aplik\u00e1cie valcov s ramenami patria:<\/p>\n<p>1. Kon\u0161trukcia: Valce ramien sa pou\u017e\u00edvaj\u00fa v r\u00fdpadl\u00e1ch a \u017eeriavoch na ovl\u00e1danie pohybu vedier alebo v\u00fdlo\u017en\u00edkov po\u010das zemn\u00fdch pr\u00e1c, manipul\u00e1cie s materi\u00e1lom a in\u0161tal\u00e1cie kon\u0161trukci\u00ed.<\/p>\n<p>2. V\u00fdroba: Valce ramien sa pou\u017e\u00edvaj\u00fa v automatizovan\u00fdch v\u00fdrobn\u00fdch link\u00e1ch na riadenie pohybu mechanick\u00fdch ramien po\u010das mont\u00e1\u017enych, zv\u00e1rac\u00edch a manipula\u010dn\u00fdch procesov, \u010d\u00edm sa zlep\u0161uje efektivita a presnos\u0165 v\u00fdroby.<\/p>\n<p>3. Po\u013enohospod\u00e1rske stroje: Valce ramien ovl\u00e1daj\u00fa pohyb opera\u010dn\u00e9ho ramena v po\u013enohospod\u00e1rskych strojoch, ako s\u00fa zbera\u010de a seja\u010dky, a vykon\u00e1vaj\u00fa \u00falohy, ako je sadenie, hnojenie a zber \u00farody.<\/p>\n<p>4. \u0164a\u017eba: Valce ramien sa pou\u017e\u00edvaj\u00fa na ovl\u00e1danie pohybu ramien bansk\u00fdch zariaden\u00ed, \u010do umo\u017e\u0148uje \u0165a\u017ebu a prepravu nerastov.<\/p>\n<p>5. Logistika a doprava: Valce ramien ovl\u00e1daj\u00fa pohyb vysokozdvi\u017en\u00fdch voz\u00edkov a manipula\u010dn\u00fdch robotov, \u010do umo\u017e\u0148uje pohyb a stohovanie materi\u00e1lov.<\/p>\n<p>\u00davahy o dizajne a krit\u00e9ri\u00e1 v\u00fdberu<\/p>\n<p>Pri v\u00fdbere valca s ramenom by sa malo zoh\u013eadni\u0165 nieko\u013eko kon\u0161truk\u010dn\u00fdch aspektov a krit\u00e9ri\u00ed v\u00fdberu. Medzi d\u00f4le\u017eit\u00e9 faktory, ktor\u00e9 by sa mali zv\u00e1\u017ei\u0165, patria:<\/p>\n<p>1. Nosnos\u0165: Valec ramena by mal by\u0165 schopn\u00fd zvl\u00e1dnu\u0165 za\u0165a\u017eenie, ktor\u00e9 je na\u0148 p\u00f4soben\u00e9 po\u010das prev\u00e1dzky.<\/p>\n<p>2. Tesniaci v\u00fdkon: Valec ramena by mal by\u0165 vybaven\u00fd vysoko kvalitn\u00fdmi tesniacimi dielmi, ako s\u00fa tesnenia piestov a tesnenia ty\u010d\u00ed, aby sa zabr\u00e1nilo \u00faniku oleja a kontamin\u00e1cii.<\/p>\n<p>3. Trvanlivos\u0165: Valec ramena by mal by\u0165 vyroben\u00fd z vysokopevnostn\u00fdch materi\u00e1lov, ako je legovan\u00e1 oce\u013e alebo nehrdzavej\u00faca oce\u013e, aby odolal drsn\u00e9mu prostrediu a opotrebovaniu.<\/p>\n<p>4. Bezpe\u010dnos\u0165: Valec ramena by mal by\u0165 navrhnut\u00fd s bezpe\u010dnostn\u00fdmi prvkami, aby sa predi\u0161lo nehod\u00e1m a zabezpe\u010dila sa bezpe\u010dn\u00e1 prev\u00e1dzka.<\/p>\n<p>5. \u00dadr\u017eba: Valec ramena by mal by\u0165 \u013eahko udr\u017eiavate\u013en\u00fd a vymenite\u013en\u00fd, \u010d\u00edm sa zn\u00ed\u017eia prestoje zariadenia a n\u00e1klady na \u00fadr\u017ebu.<\/p>\n<p><img decoding=\"async\" src=\"https:\/\/www.hydraulic-cylinders.net\/wp-content\/uploads\/2025\/01\/songte-cylinder-head-with-all-kinds-excavator-models.webp\" alt=\"Valec ramena pre Yuchai YC18SR\" style=\"max-width:100%; height:auto;\" \/><\/p>\n<p>Tesnenie a mazanie<\/p>\n<p>Pre zabezpe\u010denie optim\u00e1lneho v\u00fdkonu a dlhej \u017eivotnosti valcov ramena je nevyhnutn\u00e9 spr\u00e1vne utesnenie a mazanie. Pou\u017eitie vysokokvalitn\u00fdch tesniacich dielov, ako s\u00fa tesnenia piestov a ty\u010d\u00ed, zabra\u0148uje \u00fanikom a kontamin\u00e1cii. Hlava valca, ty\u010d a \u010fal\u0161ie povrchy by mali by\u0165 jemne opracovan\u00e9, aby sa zlep\u0161ila odolnos\u0165 proti opotrebovaniu. Pravideln\u00e9 mazanie hydraulick\u00fdm olejom je tie\u017e potrebn\u00e9 na zabezpe\u010denie hladk\u00e9ho chodu a zn\u00ed\u017eenie opotrebenia.<\/p>\n<p>\u00dadr\u017eba a prevent\u00edvne opatrenia<\/p>\n<p>Pravideln\u00e1 \u00fadr\u017eba a kontrola s\u00fa nevyhnutn\u00e9 pre udr\u017eanie optim\u00e1lneho v\u00fdkonu a dlhej \u017eivotnosti valcov ramena. Medzi opatrenia \u00fadr\u017eby, ktor\u00e9 mo\u017eno prija\u0165, patria:<\/p>\n<p>1. Pravidelne kontrolujte hydraulick\u00fd syst\u00e9m, \u010di nie je netesn\u00fd alebo po\u0161koden\u00fd.<\/p>\n<p>2. V\u00fdmena po\u0161koden\u00fdch alebo opotrebovan\u00fdch tesnen\u00ed a in\u00fdch dielov.<\/p>\n<p>3. \u010cistenie a mazanie povrchov valcov.<\/p>\n<p>4. Pravideln\u00e1 v\u00fdmena hydraulick\u00e9ho oleja.<\/p>\n<p>Aby sa predi\u0161lo potenci\u00e1lnym probl\u00e9mom, medzi prevent\u00edvne opatrenia, ktor\u00e9 mo\u017eno prija\u0165, patria:<\/p>\n<p>1. Vykon\u00e1vanie pravideln\u00fdch kontrol a \u00fadr\u017eby.<\/p>\n<p>2. Dodr\u017eiavanie pokynov v\u00fdrobcu pre in\u0161tal\u00e1ciu a prev\u00e1dzku.<\/p>\n<p>3. Vykonanie testov po in\u0161tal\u00e1cii na zabezpe\u010denie spr\u00e1vnej prev\u00e1dzky.<\/p>\n<p>4. Pou\u017e\u00edvanie valca v r\u00e1mci jeho navrhnutej nosnosti.<\/p>\n<p><img decoding=\"async\" src=\"https:\/\/www.hydraulic-cylinders.net\/wp-content\/uploads\/2025\/01\/songte-chushion-collar.webp\" alt=\"Valec ramena pre Yuchai YC18SR\" style=\"max-width:100%; height:auto;\" \/><\/p>\n<p>In\u0161tala\u010dn\u00e1 pr\u00edru\u010dka<\/p>\n<p>Pri in\u0161tal\u00e1cii valca ramena je potrebn\u00e9 vykona\u0165 nasleduj\u00face kroky:<\/p>\n<p>1. Namontujte valec na rameno stroja a zarovnajte mont\u00e1\u017ene otvory.<\/p>\n<p>2. Vlo\u017ete piestnu ty\u010d do valca a dbajte na spr\u00e1vne zarovnanie a v\u00f4\u013eu.<\/p>\n<p>3. Utiahnite mont\u00e1\u017ene skrutky a matice odpor\u00fa\u010dan\u00fdm kr\u00fatiacim momentom.<\/p>\n<p>4. Pripojte hydraulick\u00e9 hadice k valcu.<\/p>\n<p>5. Napl\u0148te hydraulick\u00fd syst\u00e9m odpor\u00fa\u010dan\u00fdm hydraulick\u00fdm olejom.<\/p>\n<p>Bezpe\u010dnostn\u00e9 aspekty a faktory prostredia<\/p>\n<p>Pri pou\u017e\u00edvan\u00ed valcov s ramenom by sa mali zoh\u013eadni\u0165 bezpe\u010dnostn\u00e9 aspekty. Stroje by mal obsluhova\u0165 vy\u0161kolen\u00fd person\u00e1l a valec by mal by\u0165 in\u0161talovan\u00fd a udr\u017eiavan\u00fd pod\u013ea pokynov v\u00fdrobcu. Na predch\u00e1dzanie nehod\u00e1m by mali by\u0165 zaveden\u00e9 vhodn\u00e9 bezpe\u010dnostn\u00e9 opatrenia, ako s\u00fa bezpe\u010dnostn\u00e9 kryty a v\u00fdstra\u017en\u00e9 zna\u010dky.<\/p>\n<p>Faktory prostredia, ako je teplota a vlhkos\u0165, m\u00f4\u017eu tie\u017e ovplyvni\u0165 v\u00fdkon valcov ramena. Valec by sa mal prev\u00e1dzkova\u0165 v odpor\u00fa\u010danom teplotnom rozsahu a mal by by\u0165 chr\u00e1nen\u00fd pred extr\u00e9mnymi poveternostn\u00fdmi podmienkami.<\/p>\n<p>Diagnostika por\u00fach a be\u017en\u00e9 probl\u00e9my<\/p>\n<p>Medzi be\u017en\u00e9 probl\u00e9my, ktor\u00e9 sa m\u00f4\u017eu vyskytn\u00fa\u0165 s valcami ramena, patria \u00faniky oleja, po\u0161koden\u00e9 tesnenia a opotrebovan\u00e9 diely. Na diagnostiku a rie\u0161enie t\u00fdchto probl\u00e9mov je mo\u017en\u00e9 vykona\u0165 nasleduj\u00face kroky:<\/p>\n<p>1. Skontrolujte hydraulick\u00fd syst\u00e9m, \u010di nie je netesn\u00fd alebo po\u0161koden\u00fd.<\/p>\n<p>2. Skontrolujte povrchy valcov, \u010di nie s\u00fa opotrebovan\u00e9 alebo po\u0161koden\u00e9.<\/p>\n<p>3. Vyme\u0148te po\u0161koden\u00e9 alebo opotrebovan\u00e9 diely, ako s\u00fa tesnenia alebo piestne ty\u010de.<\/p>\n<p>4. Pravidelne nama\u017ete povrchy valcov.<\/p>\n<p>Prevent\u00edvne opatrenia, ako s\u00fa pravideln\u00e9 kontroly a \u00fadr\u017eba, m\u00f4\u017eu pom\u00f4c\u0165 zn\u00ed\u017ei\u0165 v\u00fdskyt probl\u00e9mov a zabezpe\u010di\u0165 optim\u00e1lny v\u00fdkon.<\/p>\n<p>Na\u0161a spolo\u010dnos\u0165<\/p>\n<p>Sme profesion\u00e1lny v\u00fdrobca hydraulick\u00fdch valcov, ktor\u00fd pon\u00faka \u0161irok\u00fa \u0161k\u00e1lu produktov a slu\u017eieb. Na\u0161e produkty s\u00fa vyr\u00e1ban\u00e9 s pou\u017eit\u00edm pokro\u010dil\u00fdch technol\u00f3gi\u00ed a sp\u013a\u0148aj\u00fa medzin\u00e1rodn\u00e9 \u0161tandardy. Pon\u00fakame prisp\u00f4soben\u00e9 slu\u017eby, aby sme splnili rozmanit\u00e9 potreby na\u0161ich klientov, a na\u0161e vybavenie je modern\u00e9 a najmodernej\u0161ie. N\u00e1\u0161 popredajn\u00fd servis je v\u00fdnimo\u010dn\u00fd a zabezpe\u010duje spokojnos\u0165 a lojalitu z\u00e1kazn\u00edkov.<\/p>\n<p><img decoding=\"async\" src=\"https:\/\/www.hydraulic-cylinders.net\/wp-content\/uploads\/2025\/01\/songte-company-4.webp\" alt=\"Valec ramena pre Yuchai YC18SR\" style=\"max-width:100%; height:auto;\" \/><\/p>\n<p>Z\u00e1verom mo\u017eno poveda\u0165, \u017ee valce ramien s\u00fa z\u00e1kladnou s\u00fa\u010das\u0165ou hydraulick\u00e9ho syst\u00e9mu pou\u017e\u00edvan\u00e9ho v r\u00f4znych typoch strojov. Poskytuj\u00fa potrebn\u00fa silu pre line\u00e1rny pohyb a v\u00fdkon, \u010do umo\u017e\u0148uje ramen\u00e1m strojov plynul\u00fd a efekt\u00edvny chod. Pre optim\u00e1lny v\u00fdkon a dlh\u00fa \u017eivotnos\u0165 s\u00fa nevyhnutn\u00e9 spr\u00e1vne in\u0161tala\u010dn\u00e9, \u00fadr\u017eb\u00e1rske a bezpe\u010dnostn\u00e9 opatrenia. Na\u0161a spolo\u010dnos\u0165 vyr\u00e1ba vysoko kvalitn\u00e9 valce ramien, ktor\u00e9 m\u00f4\u017eu nahradi\u0165 p\u00f4vodn\u00e9 hydraulick\u00e9 valce, a pon\u00fakame prisp\u00f4soben\u00e9 slu\u017eby, ktor\u00e9 sp\u013a\u0148aj\u00fa rozmanit\u00e9 potreby na\u0161ich klientov.<\/p>","protected":false},"excerpt":{"rendered":"<p>Arm Cylinder For Yuchai YC18SR \u2013 A Hydraulic Cylinder for Linear Motion and Power Arm cylinders, also known as hydraulic cylinders, are specially designed cylinders used for providing linear motion and power to various types of machinery arms, such as excavators, cranes, and mechanical arms. They play a crucial role in the hydraulic system, enabling [&hellip;]<\/p>","protected":false},"featured_media":14770,"comment_status":"open","ping_status":"closed","template":"","meta":{"_et_pb_use_builder":"","_et_pb_old_content":"","_et_gb_content_width":""},"product_brand":[],"product_cat":[1497],"product_tag":[1498,1496],"class_list":{"0":"post-16783","1":"product","2":"type-product","3":"status-publish","4":"has-post-thumbnail","6":"product_cat-arm-cylinders","7":"product_tag-arm-cylinders","8":"product_tag-hydraulic-cylinders","10":"first","11":"instock","12":"shipping-taxable","13":"product-type-simple"},"amp_enabled":true,"_links":{"self":[{"href":"https:\/\/www.hydraulic-cylinders.net\/sk\/wp-json\/wp\/v2\/product\/16783","targetHints":{"allow":["GET"]}}],"collection":[{"href":"https:\/\/www.hydraulic-cylinders.net\/sk\/wp-json\/wp\/v2\/product"}],"about":[{"href":"https:\/\/www.hydraulic-cylinders.net\/sk\/wp-json\/wp\/v2\/types\/product"}],"replies":[{"embeddable":true,"href":"https:\/\/www.hydraulic-cylinders.net\/sk\/wp-json\/wp\/v2\/comments?post=16783"}],"wp:featuredmedia":[{"embeddable":true,"href":"https:\/\/www.hydraulic-cylinders.net\/sk\/wp-json\/wp\/v2\/media\/14770"}],"wp:attachment":[{"href":"https:\/\/www.hydraulic-cylinders.net\/sk\/wp-json\/wp\/v2\/media?parent=16783"}],"wp:term":[{"taxonomy":"product_brand","embeddable":true,"href":"https:\/\/www.hydraulic-cylinders.net\/sk\/wp-json\/wp\/v2\/product_brand?post=16783"},{"taxonomy":"product_cat","embeddable":true,"href":"https:\/\/www.hydraulic-cylinders.net\/sk\/wp-json\/wp\/v2\/product_cat?post=16783"},{"taxonomy":"product_tag","embeddable":true,"href":"https:\/\/www.hydraulic-cylinders.net\/sk\/wp-json\/wp\/v2\/product_tag?post=16783"}],"curies":[{"name":"pracovn\u00fd list","href":"https:\/\/api.w.org\/{rel}","templated":true}]}}