{"id":16794,"date":"2025-01-21T05:54:50","date_gmt":"2025-01-21T05:54:50","guid":{"rendered":"https:\/\/www.hydraulic-cylinders.net\/product\/arm-cylinder-for-yuchai-yc135-8\/"},"modified":"2025-01-21T05:54:52","modified_gmt":"2025-01-21T05:54:52","slug":"arm-cylinder-for-yuchai-yc135-8","status":"publish","type":"product","link":"https:\/\/www.hydraulic-cylinders.net\/sk\/produkt\/arm-cylinder-for-yuchai-yc135-8\/","title":{"rendered":"Valec ramena pre Yuchai YC135-8"},"content":{"rendered":"<p>Valec ramena pre Yuchai YC135-8<\/p>\n<p>Hydraulick\u00fd valec ramena je \u0161peci\u00e1lne navrhnut\u00fd hydraulick\u00fd valec, ktor\u00fd sa prim\u00e1rne pou\u017e\u00edva na zabezpe\u010denie line\u00e1rneho pohybu a v\u00fdkonu ramien r\u00f4znych strojov, ako s\u00fa r\u00fdpadl\u00e1, \u017eeriavy a mechanick\u00e9 ramen\u00e1. Valec ramena hr\u00e1 k\u013e\u00fa\u010dov\u00fa \u00falohu v hydraulick\u00fdch syst\u00e9moch, preto\u017ee umo\u017e\u0148uje pohyb a ovl\u00e1danie pripojen\u00e9ho n\u00e1radia alebo pr\u00edslu\u0161enstva. Tieto valce nielen zabezpe\u010duj\u00fa plynul\u00fd pohyb, ale tie\u017e odol\u00e1vaj\u00fa \u0165a\u017ek\u00fdm za\u0165a\u017eeniam, \u010d\u00edm zabezpe\u010duj\u00fa efekt\u00edvnu prev\u00e1dzku a spo\u013eahlivos\u0165 strojov v r\u00f4znych prev\u00e1dzkov\u00fdch podmienkach.<\/p>\n<p>Vlastnosti ramenn\u00e9ho valca<\/p>\n<p>1. Vysoko\u00fa\u010dinn\u00fd pohon: Valec ramena dok\u00e1\u017ee zabezpe\u010di\u0165 siln\u00fd line\u00e1rny pohyb a silu, \u010d\u00edm zabezpe\u010duje vysoko\u00fa\u010dinn\u00fd v\u00fdkon mechanick\u00e9ho ramena pri r\u00f4znych oper\u00e1ci\u00e1ch.<\/p>\n<p>2. Presn\u00e9 ovl\u00e1danie: Prostredn\u00edctvom hydraulick\u00e9ho syst\u00e9mu dok\u00e1\u017ee valec ramena dosiahnu\u0165 presn\u00e9 ovl\u00e1danie pohybu, \u010d\u00edm sa prev\u00e1dzka pripojen\u00e9ho n\u00e1radia st\u00e1va flexibilnej\u0161ou a presnej\u0161ou.<\/p>\n<p>3. Vysok\u00e1 odolnos\u0165: Valec ramena je zvy\u010dajne vyroben\u00fd z vysoko pevn\u00e9ho materi\u00e1lu s dobrou odolnos\u0165ou vo\u010di opotrebovaniu a kor\u00f3zii, vhodn\u00fd na dlhodob\u00e9 pou\u017e\u00edvanie v n\u00e1ro\u010dn\u00fdch podmienkach.<\/p>\n<p>4. V\u0161estrannos\u0165: Tieto valce sa daj\u00fa \u0161iroko pou\u017ei\u0165 v r\u00f4znych mechanick\u00fdch zariadeniach, ako s\u00fa bagre, \u017eeriavy a mechanick\u00e9 ramen\u00e1, a prisp\u00f4sobi\u0165 sa r\u00f4znym pracovn\u00fdm po\u017eiadavk\u00e1m.<\/p>\n<p>5. Jednoduch\u00e1 \u00fadr\u017eba: Navrhnut\u00e9 s oh\u013eadom na jednoduch\u00fa \u00fadr\u017ebu a v\u00fdmenu, pravideln\u00e1 kontrola a \u00fadr\u017eba s\u00fa pohodlnej\u0161ie, \u010d\u00edm sa skracuj\u00fa prestoje zariadenia.<\/p>\n<p>Na\u0161a produkcia<\/p>\n<p>N\u00e1\u0161 produkt Hydraulick\u00fd valec ramena pre Yuchai YC135-8 dok\u00e1\u017ee dokonale nahradi\u0165 tieto hydraulick\u00e9 valce. Na v\u00fdrobu pou\u017e\u00edvame vysoko kvalitn\u00e9 materi\u00e1ly a pokro\u010dil\u00e9 technol\u00f3gie, aby sme zabezpe\u010dili kvalitu a spo\u013eahlivos\u0165 produktu. Na\u0161e produkty s\u00fa navrhnut\u00e9 pre jednoduch\u00fa in\u0161tal\u00e1ciu a \u00fadr\u017ebu, \u010do m\u00f4\u017ee zn\u00ed\u017ei\u0165 prev\u00e1dzkov\u00e9 n\u00e1klady a zv\u00fd\u0161i\u0165 prev\u00e1dzkov\u00fa efektivitu.<\/p>\n<p>Pou\u017eitie ramenn\u00e9ho valca<\/p>\n<p>Valec ramena sa \u0161iroko pou\u017e\u00edva v r\u00f4znych odvetviach a zariadeniach vr\u00e1tane:<\/p>\n<p>1. Kon\u0161trukcia: Valec ramena sa pou\u017e\u00edva na ovl\u00e1danie pohybu vedier alebo v\u00fdlo\u017en\u00edkov v bagroch a \u017eeriavoch, pri vykon\u00e1van\u00ed zemn\u00fdch pr\u00e1c, manipul\u00e1cii s materi\u00e1lom a mont\u00e1\u017ei kon\u0161trukci\u00ed.<\/p>\n<p>2. V\u00fdroba: Valec ramena sa pou\u017e\u00edva na pohyb mechanick\u00e9ho ramena v automatizovan\u00fdch v\u00fdrobn\u00fdch link\u00e1ch, ako je mont\u00e1\u017e, zv\u00e1ranie a manipul\u00e1cia, \u010d\u00edm sa zlep\u0161uje efektivita v\u00fdroby a presnos\u0165.<\/p>\n<p>3. Po\u013enohospod\u00e1rske stroje: Valec ramena riadi pohyb ovl\u00e1dacieho ramena v po\u013enohospod\u00e1rskych strojoch, ako s\u00fa zbera\u010de a seja\u010dky, a vykon\u00e1va \u00falohy, ako je siatie, hnojenie a zber \u00farody.<\/p>\n<p>4. Mining: Arm cylinder is used to control the movement of mining equipment&#8217;s arms, performing mining and transportation of minerals.<\/p>\n<p>5. Logistika a doprava: Valec ramena sa pou\u017e\u00edva na ovl\u00e1danie zdv\u00edhania a pohybu vidl\u00edc vo vysokozdvi\u017en\u00fdch voz\u00edkoch a manipula\u010dn\u00fdch robotoch, ktor\u00e9 vykon\u00e1vaj\u00fa manipul\u00e1ciu s materi\u00e1lom a stohovanie.<\/p>\n<p>\u00davahy o dizajne a krit\u00e9ri\u00e1 v\u00fdberu<\/p>\n<p>The arm cylinder&#8217;s design must take into account the following factors:<\/p>\n<p>1. Nosnos\u0165: Valec ramena by mal by\u0165 schopn\u00fd odola\u0165 maxim\u00e1lnemu za\u0165a\u017eeniu, \u010do je nevyhnutn\u00e9 pri \u0165a\u017ek\u00fdch strojoch.<\/p>\n<p>2. Tesnenie: Valec ramena by mal pou\u017e\u00edva\u0165 r\u00f4zne tesniace komponenty, ako s\u00fa tesnenia piestov a ty\u010d\u00ed, vyroben\u00e9 z materi\u00e1lov odoln\u00fdch vo\u010di opotrebovaniu, ako je polyuret\u00e1n alebo nitrilov\u00fd kau\u010duk. Teleso valca a povrch z\u00e1vitu by mali by\u0165 sofistikovane opracovan\u00e9, aby sa zv\u00fd\u0161ila odolnos\u0165 vo\u010di opotrebovaniu.<\/p>\n<p>3. Trvanlivos\u0165: Valec ramena by mal by\u0165 vyroben\u00fd z vysoko kvalitn\u00fdch materi\u00e1lov s dobrou odolnos\u0165ou proti kor\u00f3zii, opotrebovaniu a vynikaj\u00facou odolnos\u0165ou proti \u00fanave.<\/p>\n<p>4. Bezpe\u010dnos\u0165: Valec ramena mus\u00ed sp\u013a\u0148a\u0165 bezpe\u010dnostn\u00e9 normy a mali by sa prija\u0165 bezpe\u010dnostn\u00e9 opatrenia, ako je ochrana proti pre\u0165a\u017eeniu a od\u013eah\u010denie tlaku.<\/p>\n<p>5. \u00dadr\u017eba: Valec ramena by mal by\u0165 \u013eahko udr\u017eiavate\u013en\u00fd s \u013eahko dostupn\u00fdmi n\u00e1hradn\u00fdmi dielmi a dielmi na opravu.<\/p>\n<p>Tesnenie a mazanie valca ramena<\/p>\n<p>Valec ramena potrebuje spr\u00e1vne utesnenie a mazanie, aby sa pred\u013a\u017eila jeho \u017eivotnos\u0165. Mali by sa pou\u017ei\u0165 r\u00f4zne tesniace komponenty, ako s\u00fa tesnenia piestov a ty\u010d\u00ed, vyroben\u00e9 z materi\u00e1lov odoln\u00fdch vo\u010di opotrebovaniu, ako je polyuret\u00e1n alebo nitrilov\u00fd kau\u010duk. Teleso valca a z\u00e1vitov\u00fd povrch by mali by\u0165 sofistikovane spracovan\u00e9, aby sa zv\u00fd\u0161ila odolnos\u0165 vo\u010di opotrebovaniu. Valec by mal pou\u017e\u00edva\u0165 vhodn\u00fd hydraulick\u00fd olej, aby sa zabezpe\u010dilo spr\u00e1vne mazanie.<\/p>\n<p>Prevent\u00edvna \u00fadr\u017eba a rie\u0161enie probl\u00e9mov<\/p>\n<p>Na zabezpe\u010denie spr\u00e1vnej funkcie valca ramena s\u00fa potrebn\u00e9 pravideln\u00e9 kontroly a prevent\u00edvna \u00fadr\u017eba. Mali by sa prija\u0165 nasleduj\u00face prevent\u00edvne opatrenia:<\/p>\n<p>1. Pravidelne kontrolujte tlakov\u00fa f\u013ea\u0161u, \u010di nedoch\u00e1dza k \u00fanikom, po\u0161kodeniu alebo opotrebovaniu.<\/p>\n<p>2. Pravidelne kontrolujte hladinu hydraulick\u00e9ho oleja a olej pravidelne vymie\u0148ajte.<\/p>\n<p>3. Vy\u010distite valec a nama\u017ete ho vhodn\u00fdmi mazivami.<\/p>\n<p>4. Chybn\u00e9 alebo opotrebovan\u00e9 diely ihne\u010f vyme\u0148te.<\/p>\n<p>V pr\u00edpade akejko\u013evek poruchy alebo probl\u00e9mu je mo\u017en\u00e9 vykona\u0165 nasleduj\u00face kroky na rie\u0161enie probl\u00e9mov:<\/p>\n<p>1. Skontrolujte, \u010di valec netesn\u00ed alebo nie je po\u0161koden\u00fd.<\/p>\n<p>2. Skontrolujte hladinu a kvalitu hydraulick\u00e9ho oleja.<\/p>\n<p>3. Skontrolujte tlak a prietok v syst\u00e9me.<\/p>\n<p>4. Skontrolujte regula\u010dn\u00fd ventil a ostatn\u00e9 \u010dasti, \u010di nie s\u00fa po\u0161koden\u00e9.<\/p>\n<p>5. Pora\u010fte sa s v\u00fdrobcom alebo profesion\u00e1lnym technikom so \u017eiados\u0165ou o pomoc.<\/p>\n<p>In\u0161tala\u010dn\u00e1 pr\u00edru\u010dka<\/p>\n<p>Ak chcete nain\u0161talova\u0165 valec ramena pre Yuchai YC135-8, postupujte pod\u013ea nasleduj\u00facich krokov:<\/p>\n<p>1. Vy\u010distite mont\u00e1\u017enu plochu ramena a valca.<\/p>\n<p>2. Zarovnajte valec s mont\u00e1\u017enou plochou ramena a vlo\u017ete mont\u00e1\u017ene kol\u00edky.<\/p>\n<p>3. Bezpe\u010dne utiahnite upev\u0148ovacie skrutky a matice.<\/p>\n<p>4. Connect the hydraulic hoses and fittings according to the manufacturer&#8217;s instructions.<\/p>\n<p>5. Skontrolujte \u010dinnos\u0165 valca a otestujte ho pod za\u0165a\u017een\u00edm.<\/p>\n<p>Bezpe\u010dnostn\u00e9 aspekty a faktory prostredia<\/p>\n<p>Hydraulick\u00fd valec mus\u00ed sp\u013a\u0148a\u0165 bezpe\u010dnostn\u00e9 normy a mali by sa prija\u0165 bezpe\u010dnostn\u00e9 opatrenia, ako je ochrana proti pre\u0165a\u017eeniu a zn\u00ed\u017eenie tlaku. Valec sa mus\u00ed pou\u017e\u00edva\u0165 v spr\u00e1vnych podmienkach prostredia a pou\u017eit\u00fd hydraulick\u00fd olej by sa mal riadne zlikvidova\u0165 v s\u00falade s environment\u00e1lnymi predpismi.<\/p>\n<p>Na\u0161a spolo\u010dnos\u0165<\/p>\n<p>We are a professional manufacturer of replacement hydraulic cylinders, offering a wide range of products and services. Our products are manufactured with high-quality materials and advanced technology to ensure reliability and durability. We strive to meet our customers&#8217; diverse needs and provide excellent customer service. Our company is certified by international organizations, and we offer customized solutions and technical support to our customers. We use advanced production equipment and inspection systems to ensure product quality and innovation.<\/p>\n<p>Autor: lyl<\/p>","protected":false},"excerpt":{"rendered":"<p>Arm Cylinder For Yuchai YC135-8 Arm cylinder is a specially designed hydraulic cylinder that is primarily used to provide linear motion and power to the arms of various machinery, such as excavators, cranes, and mechanical arms. The arm cylinder plays a crucial role in hydraulic systems, enabling the movement and control of attached tools or [&hellip;]<\/p>","protected":false},"featured_media":14766,"comment_status":"open","ping_status":"closed","template":"","meta":{"_et_pb_use_builder":"","_et_pb_old_content":"","_et_gb_content_width":""},"product_brand":[],"product_cat":[1497],"product_tag":[1498,1496],"class_list":{"0":"post-16794","1":"product","2":"type-product","3":"status-publish","4":"has-post-thumbnail","6":"product_cat-arm-cylinders","7":"product_tag-arm-cylinders","8":"product_tag-hydraulic-cylinders","10":"first","11":"instock","12":"shipping-taxable","13":"product-type-simple"},"amp_enabled":true,"_links":{"self":[{"href":"https:\/\/www.hydraulic-cylinders.net\/sk\/wp-json\/wp\/v2\/product\/16794","targetHints":{"allow":["GET"]}}],"collection":[{"href":"https:\/\/www.hydraulic-cylinders.net\/sk\/wp-json\/wp\/v2\/product"}],"about":[{"href":"https:\/\/www.hydraulic-cylinders.net\/sk\/wp-json\/wp\/v2\/types\/product"}],"replies":[{"embeddable":true,"href":"https:\/\/www.hydraulic-cylinders.net\/sk\/wp-json\/wp\/v2\/comments?post=16794"}],"wp:featuredmedia":[{"embeddable":true,"href":"https:\/\/www.hydraulic-cylinders.net\/sk\/wp-json\/wp\/v2\/media\/14766"}],"wp:attachment":[{"href":"https:\/\/www.hydraulic-cylinders.net\/sk\/wp-json\/wp\/v2\/media?parent=16794"}],"wp:term":[{"taxonomy":"product_brand","embeddable":true,"href":"https:\/\/www.hydraulic-cylinders.net\/sk\/wp-json\/wp\/v2\/product_brand?post=16794"},{"taxonomy":"product_cat","embeddable":true,"href":"https:\/\/www.hydraulic-cylinders.net\/sk\/wp-json\/wp\/v2\/product_cat?post=16794"},{"taxonomy":"product_tag","embeddable":true,"href":"https:\/\/www.hydraulic-cylinders.net\/sk\/wp-json\/wp\/v2\/product_tag?post=16794"}],"curies":[{"name":"pracovn\u00fd list","href":"https:\/\/api.w.org\/{rel}","templated":true}]}}