{"id":16795,"date":"2025-01-21T05:54:54","date_gmt":"2025-01-21T05:54:54","guid":{"rendered":"https:\/\/www.hydraulic-cylinders.net\/product\/arm-cylinder-for-yuchai-yc230lc-8\/"},"modified":"2025-01-21T05:54:56","modified_gmt":"2025-01-21T05:54:56","slug":"arm-cylinder-for-yuchai-yc230lc-8","status":"publish","type":"product","link":"https:\/\/www.hydraulic-cylinders.net\/sk\/produkt\/arm-cylinder-for-yuchai-yc230lc-8\/","title":{"rendered":"Valec ramena pre Yuchai YC230LC-8"},"content":{"rendered":"<h2>Valec ramena pre Yuchai YC230LC-8<\/h2>\n<h3>\u00davod<\/h3>\n<p>Hydraulick\u00fd valec ramena je \u0161peci\u00e1lne navrhnut\u00fd hydraulick\u00fd valec, ktor\u00fd sa pou\u017e\u00edva predov\u0161etk\u00fdm na zabezpe\u010denie line\u00e1rneho pohybu a v\u00fdkonu ramena r\u00f4znych typov strojov, ako s\u00fa r\u00fdpadl\u00e1, \u017eeriavy a mechanick\u00e9 ramen\u00e1. Valec ramena hr\u00e1 k\u013e\u00fa\u010dov\u00fa \u00falohu v hydraulick\u00fdch syst\u00e9moch, preto\u017ee umo\u017e\u0148uje efekt\u00edvny pohyb a ovl\u00e1danie pr\u00edslu\u0161enstva alebo pr\u00edslu\u0161enstva. Tieto valce nielen umo\u017e\u0148uj\u00fa plynul\u00fd pohyb, ale tie\u017e odol\u00e1vaj\u00fa \u0165a\u017ek\u00fdm za\u0165a\u017eeniam, \u010d\u00edm zabezpe\u010duj\u00fa efekt\u00edvnu prev\u00e1dzku a spo\u013eahlivos\u0165 strojov v r\u00f4znych prev\u00e1dzkov\u00fdch podmienkach.<\/p>\n<p><img decoding=\"async\" src=\"https:\/\/www.hydraulic-cylinders.net\/wp-content\/uploads\/2025\/01\/songte-company-2.webp\"><\/p>\n<h3>Funkcie<\/h3>\n<ul>\n<li>Vysoko\u00fa\u010dinn\u00fd prevod \u2013 Poskytuje siln\u00fd line\u00e1rny pohyb a silu, \u010d\u00edm zais\u0165uje vysok\u00fd v\u00fdkon mechanick\u00fdch ramien v r\u00f4znych oper\u00e1ci\u00e1ch.<\/li>\n<li>Presn\u00e9 ovl\u00e1danie \u2013 V\u010faka hydraulick\u00fdm syst\u00e9mom dosahuje valec ramena presn\u00e9 ovl\u00e1danie pohybu, v\u010faka \u010domu je ovl\u00e1danie pr\u00edslu\u0161enstva flexibilnej\u0161ie a presnej\u0161ie.<\/li>\n<li>Vysok\u00e1 odolnos\u0165 \u2013 Valce ramien s\u00fa zvy\u010dajne vyroben\u00e9 z vysoko pevn\u00fdch materi\u00e1lov s dobrou odolnos\u0165ou vo\u010di opotrebovaniu a kor\u00f3zii, vhodn\u00e9 na dlhodob\u00e9 pou\u017e\u00edvanie v n\u00e1ro\u010dn\u00fdch podmienkach.<\/li>\n<li>Multifunk\u010dn\u00e1 prisp\u00f4sobivos\u0165 \u2013 Tieto valce sa daj\u00fa \u0161iroko pou\u017e\u00edva\u0165 v r\u00f4znych mechanick\u00fdch zariadeniach, ako s\u00fa bagre, \u017eeriavy a mechanick\u00e9 ramen\u00e1, aby sp\u013a\u0148ali r\u00f4zne pracovn\u00e9 potreby.<\/li>\n<li>Jednoduch\u00e1 \u00fadr\u017eba \u2013 Navrhnut\u00e9 pre jednoduch\u00fa \u00fadr\u017ebu a v\u00fdmenu, v\u010faka \u010domu je pravideln\u00e1 kontrola a \u00fadr\u017eba pohodlnej\u0161ia a prestoje zariadenia sa skracuj\u00fa.<\/li>\n<\/ul>\n<p>N\u00e1\u0161 produkt dok\u00e1\u017ee dokonale nahradi\u0165 tieto hydraulick\u00e9 valce.<\/p>\n<p><img decoding=\"async\" src=\"https:\/\/www.hydraulic-cylinders.net\/wp-content\/uploads\/2025\/01\/songte-oil-pipes-and-spare-parts.webp\"><\/p>\n<h3>Aplik\u00e1cie<\/h3>\n<ul>\n<li>Stavebn\u00edctvo \u2013 Valce ramien sa pou\u017e\u00edvaj\u00fa na ovl\u00e1danie pohybu vedier alebo v\u00fdlo\u017en\u00edkov v bagroch a \u017eeriavoch, pri zemn\u00fdch pr\u00e1cach, manipul\u00e1cii s materi\u00e1lom a mont\u00e1\u017ei kon\u0161trukci\u00ed.<\/li>\n<li>V\u00fdroba \u2013 V automatizovan\u00fdch v\u00fdrobn\u00fdch link\u00e1ch sa valce ramien pou\u017e\u00edvaj\u00fa pri pohybe mechanick\u00fdch ramien pri mont\u00e1\u017enych, zv\u00e1rac\u00edch a manipula\u010dn\u00fdch procesoch, \u010d\u00edm sa zlep\u0161uje efektivita a presnos\u0165 v\u00fdroby.<\/li>\n<li>Po\u013enohospod\u00e1rske stroje \u2013 V po\u013enohospod\u00e1rskych strojoch, ako s\u00fa zbera\u010de a seja\u010dky, riadia valce ramien pohyb ovl\u00e1dac\u00edch ramien na vykon\u00e1vanie \u00faloh, ako je siatie, hnojenie a zber \u00farody.<\/li>\n<li>\u0164a\u017eba \u2013 V bansk\u00fdch zariadeniach sa valce ramien pou\u017e\u00edvaj\u00fa na ovl\u00e1danie pohybu ramien bansk\u00fdch zariaden\u00ed na \u0165a\u017ebu a prepravu rudy.<\/li>\n<li>Logistika a doprava \u2013 Vo vysokozdvi\u017en\u00fdch voz\u00edkoch a manipula\u010dn\u00fdch robotoch sa valce ramien pou\u017e\u00edvaj\u00fa na ovl\u00e1danie zdv\u00edhania a pohybu vidl\u00edc, \u010d\u00edm sa realizuje manipul\u00e1cia a stohovanie materi\u00e1lov.<\/li>\n<\/ul>\n<h3>\u00davahy o dizajne a krit\u00e9ri\u00e1 v\u00fdberu<\/h3>\n<ul>\n<li>Nosnos\u0165 \u2013 Valec mus\u00ed by\u0165 schopn\u00fd unies\u0165 hmotnos\u0165 zdv\u00edhan\u00e9ho a premiest\u0148ovan\u00e9ho predmetu.<\/li>\n<li>Tesnenie \u2013 Valec mus\u00ed ma\u0165 dobr\u00fd tesniaci v\u00fdkon, aby sa zabr\u00e1nilo \u00faniku oleja a zabezpe\u010dila sa efekt\u00edvna prev\u00e1dzka.<\/li>\n<li>Trvanlivos\u0165 \u2013 Valec mus\u00ed by\u0165 vyroben\u00fd z vysokopevnostn\u00fdch materi\u00e1lov s dobrou odolnos\u0165ou vo\u010di opotrebovaniu a kor\u00f3zii, aby odolal n\u00e1ro\u010dn\u00fdm prev\u00e1dzkov\u00fdm podmienkam a zabezpe\u010dil dlhodob\u00e9 pou\u017e\u00edvanie.<\/li>\n<li>Bezpe\u010dnos\u0165 \u2013 F\u013ea\u0161a mus\u00ed by\u0165 navrhnut\u00e1 s bezpe\u010dnostn\u00fdmi prvkami, ako s\u00fa napr\u00edklad pretlakov\u00e9 ventily, aby sa predi\u0161lo nehod\u00e1m.<\/li>\n<li>\u00dadr\u017eba \u2013 Valec by mal by\u0165 \u013eahko udr\u017eiavate\u013en\u00fd a opravovate\u013en\u00fd, s vymenite\u013en\u00fdmi dielmi a jednoduchou mont\u00e1\u017eou.<\/li>\n<\/ul>\n<p><img decoding=\"async\" src=\"https:\/\/www.hydraulic-cylinders.net\/wp-content\/uploads\/2025\/01\/songte-cylinder-head-with-all-kinds-excavator-models.webp\"><\/p>\n<h3>Tesnenie a mazanie<\/h3>\n<p>Valec ramena pou\u017e\u00edva r\u00f4zne tesniace komponenty, ako s\u00fa tesnenia piestov a tesnenia ty\u010d\u00ed, vyroben\u00e9 z materi\u00e1lov odoln\u00fdch vo\u010di opotrebovaniu, ako je polyuret\u00e1n a nitrilov\u00fd kau\u010duk, aby sa zabezpe\u010dil dobr\u00fd tesniaci v\u00fdkon. Teleso valca a z\u00e1vitov\u00fd koniec s\u00fa jemne opracovan\u00e9 pre zlep\u0161enie odolnosti vo\u010di opotrebovaniu. Pravideln\u00e1 \u00fadr\u017eba valca zah\u0155\u0148a prid\u00e1vanie vhodn\u00e9ho mno\u017estva hydraulick\u00e9ho oleja na mazanie valca.<\/p>\n<h3>Prevent\u00edvna \u00fadr\u017eba<\/h3>\n<ul>\n<li>Pravideln\u00e1 kontrola tesnen\u00ed, piestnych ty\u010d\u00ed a telies valcov s cie\u013eom zisti\u0165 opotrebovanie a po\u0161kodenie.<\/li>\n<li>Pravideln\u00e1 v\u00fdmena tesnen\u00ed a in\u00fdch po\u0161koden\u00fdch \u010dast\u00ed, aby sa zabr\u00e1nilo \u00faniku oleja a zabezpe\u010dila sa efekt\u00edvna prev\u00e1dzka.<\/li>\n<li>Pravideln\u00e9 \u010distenie valca, odstra\u0148ovanie hrdze a ne\u010dist\u00f4t a nan\u00e1\u0161anie antikor\u00f3zneho oleja na zabr\u00e1nenie hrdze a kor\u00f3zii.<\/li>\n<li>Pravideln\u00e9 mazanie valca vhodn\u00fdm mno\u017estvom hydraulick\u00e9ho oleja.<\/li>\n<\/ul>\n<p><img decoding=\"async\" src=\"https:\/\/www.hydraulic-cylinders.net\/wp-content\/uploads\/2025\/01\/songte-chushion-collar.webp\"><\/p>\n<h3>In\u0161tala\u010dn\u00e1 pr\u00edru\u010dka<\/h3>\n<ul>\n<li>Skontrolujte f\u013ea\u0161u, \u010di po\u010das prepravy alebo skladovania nedo\u0161lo k po\u0161kodeniu.<\/li>\n<li>Uistite sa, \u017ee povrch na in\u0161tal\u00e1ciu je \u010dist\u00fd a rovn\u00fd.<\/li>\n<li>Pri u\u0165ahovan\u00ed skrutiek nepou\u017e\u00edvajte nadmern\u00fa silu, aby ste predi\u0161li po\u0161kodeniu valca.<\/li>\n<li>Uistite sa, \u017ee valec je nain\u0161talovan\u00fd vertik\u00e1lne a nie naklonen\u00fd.<\/li>\n<li>Pripojte hydraulick\u00e9 potrubia pod\u013ea pokynov.<\/li>\n<li>Pred pou\u017eit\u00edm otestujte valec, aby ste sa uistili o jeho spr\u00e1vnej funkcii.<\/li>\n<\/ul>\n<h3>Bezpe\u010dnostn\u00e9 aspekty a faktory prostredia<\/h3>\n<p>Bezpe\u010dnos\u0165 je pri pou\u017e\u00edvan\u00ed hydraulick\u00e9ho zariadenia k\u013e\u00fa\u010dov\u00e1. Aby sa predi\u0161lo nehod\u00e1m, je potrebn\u00e9 dodr\u017eiava\u0165 spr\u00e1vne \u0161kolenie a bezpe\u010dnostn\u00e9 postupy. Okrem toho, v\u00fdkon a \u017eivotnos\u0165 valca m\u00f4\u017eu ovplyvni\u0165 aj faktory prostredia, ako je teplota, vlhkos\u0165 a prach. Spr\u00e1vna \u00fadr\u017eba a \u010distenie m\u00f4\u017eu pom\u00f4c\u0165 pred\u013a\u017ei\u0165 \u017eivotnos\u0165 valca a zabezpe\u010di\u0165 bezpe\u010dn\u00fa prev\u00e1dzku.<\/p>\n<h3>Rie\u0161enie probl\u00e9mov a be\u017en\u00e9 probl\u00e9my<\/h3>\n<p>Medzi be\u017en\u00e9 probl\u00e9my s valcami ramena patr\u00ed \u00fanik oleja, nestabiln\u00e1 prev\u00e1dzka a zn\u00ed\u017een\u00e1 nosnos\u0165. Tieto probl\u00e9my m\u00f4\u017eu by\u0165 sp\u00f4soben\u00e9 opotrebovan\u00fdmi tesneniami, po\u0161koden\u00fdmi piestnymi ty\u010dami alebo nespr\u00e1vnym zarovnan\u00edm valca. Na diagnostiku a vyrie\u0161enie t\u00fdchto probl\u00e9mov je potrebn\u00e9 skontrolova\u0165 a vymeni\u0165 po\u0161koden\u00e9 diely a zabezpe\u010di\u0165 spr\u00e1vnu in\u0161tal\u00e1ciu valca. Pravideln\u00e1 \u00fadr\u017eba a kontrola m\u00f4\u017eu pom\u00f4c\u0165 predch\u00e1dza\u0165 t\u00fdmto probl\u00e9mom.<\/p>\n<p><img decoding=\"async\" src=\"https:\/\/www.hydraulic-cylinders.net\/wp-content\/uploads\/2025\/01\/songte-bushings-with-all-kinds-of-excavator-models.webp\"><\/p>\n<h3>O n\u00e1s<\/h3>\n<p>Sme profesion\u00e1lny v\u00fdrobca n\u00e1hradn\u00fdch hydraulick\u00fdch valcov so \u0161irokou \u0161k\u00e1lou produktov a jedn\u00fdm z popredn\u00fdch v\u00fdrobcov a ve\u013ekoobchodn\u00fdch distrib\u00fatorov hydraulick\u00fdch valcov na dom\u00e1com aj medzin\u00e1rodnom trhu. V\u017edy dodr\u017eiavame z\u00e1sadu vynikaj\u00facej kvality, spoliehame sa na strat\u00e9giu industrializovan\u00e9ho riadenia v\u00fdroby sofistikovanej v\u00fdrobnej dielne a neust\u00e1le zlep\u0161ujeme technick\u00fa \u00farove\u0148 a efektivitu v\u00fdroby. Prostredn\u00edctvom zav\u00e1dzania pokro\u010dil\u00fdch digit\u00e1lnych v\u00fdrobn\u00fdch zariaden\u00ed a profesion\u00e1lnych testovac\u00edch syst\u00e9mov neust\u00e1le optimalizujeme v\u00fdrobn\u00fa platformu, zlep\u0161ujeme proces kontroly kvality v\u00fdrobkov a m\u00e1me siln\u00fa inova\u010dn\u00fa schopnos\u0165. Na\u0161\u00edm cie\u013eom je uspokoji\u0165 rozmanit\u00e9 potreby z\u00e1kazn\u00edkov s vysokou efektivitou, presnos\u0165ou a vysokou kvalitou.<\/p>\n<h3>Na\u0161a odbornos\u0165<\/h3>\n<ul>\n<li>Medzin\u00e1rodn\u00e9 certifik\u00e1cie, ako napr\u00edklad ISO a CE, zaru\u010duj\u00fa kvalitu a bezpe\u010dnos\u0165.<\/li>\n<li>Slu\u017eby prisp\u00f4sobenia na splnenie \u0161pecifick\u00fdch potrieb a po\u017eiadaviek z\u00e1kazn\u00edka.<\/li>\n<li>Pokro\u010dil\u00e9 v\u00fdrobn\u00e9 zariadenia a testovacie syst\u00e9my na zabezpe\u010denie v\u00fdroby vysoko kvalitn\u00fdch produktov.<\/li>\n<li>Profesion\u00e1lny popredajn\u00fd servis a technick\u00e1 podpora pre zabezpe\u010denie spokojnosti z\u00e1kazn\u00edkov.<\/li>\n<\/ul>\n<p><img decoding=\"async\" src=\"https:\/\/www.hydraulic-cylinders.net\/wp-content\/uploads\/2025\/01\/songte-company-4.webp\"><\/p>\n<p>Zaviazali sme sa poskytova\u0165 na\u0161im z\u00e1kazn\u00edkom vysoko kvalitn\u00e9 produkty a slu\u017eby a sta\u0165 sa d\u00f4veryhodn\u00fdm partnerom v odvetv\u00ed hydraulick\u00fdch valcov.<\/p>\n<p>Autor: lyl<\/p>","protected":false},"excerpt":{"rendered":"<p>Arm Cylinder For Yuchai YC230LC-8 Introduction An arm cylinder is a specially designed hydraulic cylinder used primarily to provide linear motion and power for the arm of various types of machinery, such as excavators, cranes, and mechanical arms. The arm cylinder plays a critical role in hydraulic systems, allowing attachments or accessories to move and [&hellip;]<\/p>","protected":false},"featured_media":14763,"comment_status":"open","ping_status":"closed","template":"","meta":{"_et_pb_use_builder":"","_et_pb_old_content":"","_et_gb_content_width":""},"product_brand":[],"product_cat":[1497],"product_tag":[1498,1496],"class_list":{"0":"post-16795","1":"product","2":"type-product","3":"status-publish","4":"has-post-thumbnail","6":"product_cat-arm-cylinders","7":"product_tag-arm-cylinders","8":"product_tag-hydraulic-cylinders","10":"first","11":"instock","12":"shipping-taxable","13":"product-type-simple"},"amp_enabled":true,"_links":{"self":[{"href":"https:\/\/www.hydraulic-cylinders.net\/sk\/wp-json\/wp\/v2\/product\/16795","targetHints":{"allow":["GET"]}}],"collection":[{"href":"https:\/\/www.hydraulic-cylinders.net\/sk\/wp-json\/wp\/v2\/product"}],"about":[{"href":"https:\/\/www.hydraulic-cylinders.net\/sk\/wp-json\/wp\/v2\/types\/product"}],"replies":[{"embeddable":true,"href":"https:\/\/www.hydraulic-cylinders.net\/sk\/wp-json\/wp\/v2\/comments?post=16795"}],"wp:featuredmedia":[{"embeddable":true,"href":"https:\/\/www.hydraulic-cylinders.net\/sk\/wp-json\/wp\/v2\/media\/14763"}],"wp:attachment":[{"href":"https:\/\/www.hydraulic-cylinders.net\/sk\/wp-json\/wp\/v2\/media?parent=16795"}],"wp:term":[{"taxonomy":"product_brand","embeddable":true,"href":"https:\/\/www.hydraulic-cylinders.net\/sk\/wp-json\/wp\/v2\/product_brand?post=16795"},{"taxonomy":"product_cat","embeddable":true,"href":"https:\/\/www.hydraulic-cylinders.net\/sk\/wp-json\/wp\/v2\/product_cat?post=16795"},{"taxonomy":"product_tag","embeddable":true,"href":"https:\/\/www.hydraulic-cylinders.net\/sk\/wp-json\/wp\/v2\/product_tag?post=16795"}],"curies":[{"name":"pracovn\u00fd list","href":"https:\/\/api.w.org\/{rel}","templated":true}]}}