{"id":16800,"date":"2025-01-21T05:55:16","date_gmt":"2025-01-21T05:55:16","guid":{"rendered":"https:\/\/www.hydraulic-cylinders.net\/product\/arm-cylinder-for-tota-tx210c\/"},"modified":"2025-01-21T05:55:21","modified_gmt":"2025-01-21T05:55:21","slug":"arm-cylinder-for-tota-tx210c","status":"publish","type":"product","link":"https:\/\/www.hydraulic-cylinders.net\/sk\/produkt\/arm-cylinder-for-tota-tx210c\/","title":{"rendered":"Valec ramena pre Tota TX210C"},"content":{"rendered":"<h1>Valec ramena pre Tota TX210C<\/h1>\n<h2>\u00davod<\/h2>\n<p>Hydraulick\u00fd valec ramena je \u0161pecializovan\u00fd hydraulick\u00fd valec, ktor\u00fd sa pou\u017e\u00edva hlavne na zabezpe\u010denie line\u00e1rneho pohybu a v\u00fdkonu ramien r\u00f4znych typov strojov, ako s\u00fa r\u00fdpadl\u00e1, \u017eeriavy a robotick\u00e9 ramen\u00e1. Valec ramena hr\u00e1 k\u013e\u00fa\u010dov\u00fa \u00falohu v hydraulick\u00fdch syst\u00e9moch, preto\u017ee umo\u017e\u0148uje efekt\u00edvny pohyb a ovl\u00e1danie pr\u00edslu\u0161enstva alebo pr\u00edslu\u0161enstva. Tieto valce nielen zabezpe\u010duj\u00fa plynul\u00fd pohyb, ale tie\u017e odol\u00e1vaj\u00fa \u0165a\u017ek\u00fdm za\u0165a\u017eeniam, \u010d\u00edm zabezpe\u010duj\u00fa efekt\u00edvnu prev\u00e1dzku a spo\u013eahlivos\u0165 strojov za r\u00f4znych prev\u00e1dzkov\u00fdch podmienok.<\/p>\n<p><img decoding=\"async\" src=\"https:\/\/www.hydraulic-cylinders.net\/wp-content\/uploads\/2025\/01\/songte-company-2.webp\" alt=\"Obr\u00e1zok valca ramena\"><\/p>\n<h2>Funkcie<\/h2>\n<ul>\n<li>\n<h3>Vysoko\u00fa\u010dinn\u00fd prevod<\/h3>\n<p>Valec ramena dok\u00e1\u017ee zabezpe\u010di\u0165 siln\u00fd line\u00e1rny pohyb a silu, \u010d\u00edm zabezpe\u010duje vysoko\u00fa\u010dinn\u00fd v\u00fdkon pri r\u00f4znych oper\u00e1ci\u00e1ch mechanick\u00e9ho ramena.<\/p>\n<\/li>\n<li>\n<h3>Presn\u00e9 ovl\u00e1danie<\/h3>\n<p>Prostredn\u00edctvom hydraulick\u00e9ho syst\u00e9mu dok\u00e1\u017ee valec ramena dosiahnu\u0165 presn\u00e9 ovl\u00e1danie pohybu, v\u010faka \u010domu je ovl\u00e1danie pr\u00edslu\u0161enstva flexibilnej\u0161ie a presnej\u0161ie.<\/p>\n<\/li>\n<li>\n<h3>Siln\u00e1 odolnos\u0165<\/h3>\n<p>Valce ramien s\u00fa zvy\u010dajne vyroben\u00e9 z vysokopevnostn\u00fdch materi\u00e1lov, ktor\u00e9 maj\u00fa dobr\u00fa odolnos\u0165 vo\u010di opotrebovaniu a kor\u00f3zii, v\u010faka \u010domu s\u00fa vhodn\u00e9 na dlhodob\u00e9 pou\u017e\u00edvanie v n\u00e1ro\u010dn\u00fdch podmienkach.<\/p>\n<\/li>\n<li>\n<h3>Multifunk\u010dn\u00e1 prisp\u00f4sobivos\u0165<\/h3>\n<p>Tieto valce sa daj\u00fa \u0161iroko pou\u017e\u00edva\u0165 v r\u00f4znych strojn\u00fdch zariadeniach, ako s\u00fa bagre, \u017eeriavy a robotick\u00e9 ramen\u00e1, a prisp\u00f4sobuj\u00fa sa r\u00f4znym pracovn\u00fdm po\u017eiadavk\u00e1m.<\/p>\n<\/li>\n<li>\n<h3>Jednoduch\u00e1 \u00fadr\u017eba<\/h3>\n<p>Kon\u0161trukcia valcov ramena zoh\u013ead\u0148uje jednoduch\u00fa \u00fadr\u017ebu a v\u00fdmenu, v\u010faka \u010domu je pravideln\u00e1 kontrola a \u00fadr\u017eba pohodlnej\u0161ia a skracuje prestoje zariadenia.<\/p>\n<\/li>\n<\/ul>\n<p>Na\u0161a spolo\u010dnos\u0165 dok\u00e1\u017ee vyrobi\u0165 tento produkt a poskytn\u00fa\u0165 perfektn\u00fa n\u00e1hradu za tieto hydraulick\u00e9 valce.<\/p>\n<p><img decoding=\"async\" src=\"https:\/\/www.hydraulic-cylinders.net\/wp-content\/uploads\/2025\/01\/songte-oil-pipes-and-spare-parts.webp\" alt=\"Obr\u00e1zok v\u00fdmeny hydraulick\u00e9ho valca\"><\/p>\n<h2>Aplik\u00e1cie<\/h2>\n<p>Valec ramena m\u00e1 \u0161irok\u00e9 uplatnenie v r\u00f4znych odvetviach a zariadeniach:<\/p>\n<ul>\n<li>\n<h3>Stavebn\u00e9 in\u017einierstvo<\/h3>\n<p>V r\u00fdpadl\u00e1ch a \u017eeriavoch sa valce ramien pou\u017e\u00edvaj\u00fa na ovl\u00e1danie pohybu vedier alebo v\u00fdlo\u017en\u00edkov pri zemn\u00fdch pr\u00e1cach, manipul\u00e1cii s materi\u00e1lom a mont\u00e1\u017ei kon\u0161trukci\u00ed.<\/p>\n<\/li>\n<li>\n<h3>V\u00fdrobn\u00fd priemysel<\/h3>\n<p>V automatizovan\u00fdch v\u00fdrobn\u00fdch link\u00e1ch sa valce ramien pou\u017e\u00edvaj\u00fa na pohyb robotick\u00fdch ramien pri mont\u00e1\u017enych, zv\u00e1rac\u00edch a manipula\u010dn\u00fdch procesoch, \u010d\u00edm sa zlep\u0161uje efektivita a presnos\u0165 v\u00fdroby.<\/p>\n<\/li>\n<li>\n<h3>Po\u013enohospod\u00e1rske stroje<\/h3>\n<p>V po\u013enohospod\u00e1rskych strojoch, ako s\u00fa zbera\u010de a seja\u010dky, riadia valce ramien pohyb ovl\u00e1dac\u00edch ramien a vykon\u00e1vaj\u00fa \u00falohy, ako je siatie, hnojenie a zber \u00farody.<\/p>\n<\/li>\n<li>\n<h3>\u0164a\u017eobn\u00fd priemysel<\/h3>\n<p>V bansk\u00fdch zariadeniach sa valce ramien pou\u017e\u00edvaj\u00fa na ovl\u00e1danie pohybu ramien bansk\u00fdch zariaden\u00ed na \u0165a\u017ebu a prepravu r\u00fad.<\/p>\n<\/li>\n<li>\n<h3>Logistika a doprava<\/h3>\n<p>Vo vysokozdvi\u017en\u00fdch voz\u00edkoch a manipula\u010dn\u00fdch robotoch sa valce ramien pou\u017e\u00edvaj\u00fa na ovl\u00e1danie zdv\u00edhania a pohybu vidl\u00edc, \u010d\u00edm sa dosahuje manipul\u00e1cia s materi\u00e1lom a stohovanie.<\/p>\n<\/li>\n<\/ul>\n<h2>\u00davahy o dizajne a \u0161tandardy v\u00fdberu<\/h2>\n<p>Valce ramien maj\u00fa r\u00f4zne kon\u0161truk\u010dn\u00e9 aspekty a v\u00fdberov\u00e9 \u0161tandardy:<\/p>\n<ul>\n<li>\n<h3>Nosnos\u0165<\/h3>\n<p>Valec ramena by mal ma\u0165 dostato\u010dn\u00fa nosnos\u0165, aby odolal maxim\u00e1lnemu za\u0165a\u017eeniu, ktor\u00e9mu m\u00f4\u017ee rameno \u010deli\u0165 po\u010das prev\u00e1dzky.<\/p>\n<\/li>\n<li>\n<h3>Tesnenie<\/h3>\n<p>Valec ramena mus\u00ed by\u0165 utesnen\u00fd, aby sa zabr\u00e1nilo \u00faniku kvapaliny, \u010do m\u00f4\u017ee ovplyvni\u0165 \u010dinnos\u0165 hydraulick\u00e9ho syst\u00e9mu. Pou\u017e\u00edvaj\u00fa sa r\u00f4zne tesniace prvky, ako s\u00fa tesnenia piestov a ty\u010d\u00ed, a ako tesniace prvky sa vyberaj\u00fa materi\u00e1ly odoln\u00e9 vo\u010di opotrebovaniu, ako je polyuret\u00e1n a nitrilov\u00e1 guma.<\/p>\n<\/li>\n<li>\n<h3>Trvanlivos\u0165<\/h3>\n<p>Valec ramena mus\u00ed by\u0165 dostato\u010dne odoln\u00fd, aby odolal opotrebovaniu sp\u00f4soben\u00e9mu opakovan\u00fdm pou\u017e\u00edvan\u00edm a drsn\u00fdm prev\u00e1dzkov\u00fdm podmienkam. Na zlep\u0161enie odolnosti sa pou\u017e\u00edvaj\u00fa vysokopevnostn\u00e9 materi\u00e1ly a povrchov\u00e9 \u00fapravy, ako je tvrd\u00e9 chr\u00f3movanie.<\/p>\n<\/li>\n<li>\n<h3>Bezpe\u010dnos\u0165<\/h3>\n<p>Valec ramena mus\u00ed by\u0165 navrhnut\u00fd a nain\u0161talovan\u00fd s bezpe\u010dnostn\u00fdmi prvkami, aby sa predi\u0161lo nehod\u00e1m sp\u00f4soben\u00fdm poruchou zariadenia. Bezpe\u010dnostn\u00e9 zariadenia, ako s\u00fa poistn\u00e9 ventily, sa pou\u017e\u00edvaj\u00fa na zabr\u00e1nenie pre\u0165a\u017eeniu alebo pretlaku.<\/p>\n<\/li>\n<li>\n<h3>\u00dadr\u017eba<\/h3>\n<p>Valec ramena mus\u00ed by\u0165 navrhnut\u00fd s oh\u013eadom na jednoduch\u00fa \u00fadr\u017ebu, ktor\u00e1 umo\u017e\u0148uje r\u00fdchlu a jednoduch\u00fa v\u00fdmenu opotrebovan\u00fdch alebo chybn\u00fdch komponentov. Pravideln\u00e1 kontrola a \u00fadr\u017eba s\u00fa nevyhnutn\u00e9 na zabezpe\u010denie efekt\u00edvnej a bezpe\u010dnej prev\u00e1dzky hydraulick\u00e9ho syst\u00e9mu.<\/p>\n<\/li>\n<\/ul>\n<p><img decoding=\"async\" src=\"https:\/\/www.hydraulic-cylinders.net\/wp-content\/uploads\/2025\/01\/songte-cylinder-head-with-all-kinds-excavator-models.webp\" alt=\"Obr\u00e1zok n\u00e1vrhu hydraulick\u00e9ho valca\"><\/p>\n<h2>Tesnenie a mazanie<\/h2>\n<p>Na zabr\u00e1nenie \u00faniku kvapaliny sa pou\u017e\u00edvaj\u00fa r\u00f4zne tesniace prvky, ako s\u00fa tesnenia piestov a tesnenia ty\u010d\u00ed, a ako tesniace prvky sa vyberaj\u00fa materi\u00e1ly odoln\u00e9 vo\u010di opotrebovaniu, ako je polyuret\u00e1n a nitrilov\u00fd kau\u010duk. Teleso valca a z\u00e1vitov\u00fd koniec s\u00fa jemne opracovan\u00e9, aby sa zlep\u0161ila odolnos\u0165 vo\u010di opotrebovaniu. Na mazanie je potrebn\u00e9 pravideln\u00e9 prid\u00e1vanie hydraulick\u00e9ho oleja.<\/p>\n<h2>Pravideln\u00e1 kontrola a opatrenia prevent\u00edvnej \u00fadr\u017eby<\/h2>\n<p>Na zabezpe\u010denie efekt\u00edvnej a bezpe\u010dnej prev\u00e1dzky hydraulick\u00e9ho syst\u00e9mu s\u00fa potrebn\u00e9 pravideln\u00e9 kontroly a prevent\u00edvne \u00fadr\u017eb\u00e1rske opatrenia:<\/p>\n<ul>\n<li>\n<h3>Skontrolujte tesnenia a spoje<\/h3>\n<p>Skontrolujte tesniace prvky, \u010di nie s\u00fa opotrebovan\u00e9 alebo po\u0161koden\u00e9, a v pr\u00edpade potreby ich vyme\u0148te. Skontrolujte spoje, \u010di nie s\u00fa uvo\u013enen\u00e9 alebo po\u0161koden\u00e9, a utiahnite ich alebo opravte.<\/p>\n<\/li>\n<li>\n<h3>Skontrolujte hladinu a kvalitu oleja<\/h3>\n<p>Pravidelne kontrolujte hladinu a kvalitu oleja a pod\u013ea potreby dopl\u0148te alebo vyme\u0148te hydraulick\u00fd olej.<\/p>\n<\/li>\n<li>\n<h3>Skontrolujte teleso valca a piestnu ty\u010d<\/h3>\n<p>Skontrolujte teleso valca a piestnu ty\u010d, \u010di nie s\u00fa opotrebovan\u00e9 alebo po\u0161koden\u00e9, a v pr\u00edpade potreby ich vyme\u0148te.<\/p>\n<\/li>\n<li>\n<h3>Skontrolujte prev\u00e1dzkov\u00fd tlak<\/h3>\n<p>Skontrolujte prev\u00e1dzkov\u00fd tlak hydraulick\u00e9ho syst\u00e9mu a v pr\u00edpade potreby ho upravte na spr\u00e1vnu \u00farove\u0148.<\/p>\n<\/li>\n<li>\n<h3>Skontrolujte bezpe\u010dnostn\u00e9 zariadenia<\/h3>\n<p>Pravidelne kontrolujte bezpe\u010dnostn\u00e9 zariadenia, ako s\u00fa poistn\u00e9 ventily, tlakomery a teplotn\u00e9 senzory, a v pr\u00edpade potreby ich opravte alebo vyme\u0148te.<\/p>\n<\/li>\n<\/ul>\n<p><img decoding=\"async\" src=\"https:\/\/www.hydraulic-cylinders.net\/wp-content\/uploads\/2025\/01\/songte-chushion-collar.webp\" alt=\"Obr\u00e1zok \u00fadr\u017eby hydraulick\u00e9ho valca\"><\/p>\n<h2>In\u0161tala\u010dn\u00e1 pr\u00edru\u010dka<\/h2>\n<p>Nasleduj\u00fa odpor\u00fa\u010dan\u00e9 kroky na in\u0161tal\u00e1ciu valca ramena:<\/p>\n<ol>\n<li>Pripravte si miesto in\u0161tal\u00e1cie a uistite sa, \u017ee je \u010dist\u00e9 a rovn\u00e9.<\/li>\n<li>Pripravte si potrebn\u00e9 n\u00e1stroje a vybavenie, ako s\u00fa zdv\u00edhacie zariadenia, k\u013e\u00fa\u010de a hadice.<\/li>\n<li>Pripevnite valec ramena k ramenu stroja pomocou skrutiek alebo in\u00fdch upev\u0148ovac\u00edch prvkov.<\/li>\n<li>Pripojte hydraulick\u00e9 hadice a armat\u00fary k valcu ramena.<\/li>\n<li>Nieko\u013ekokr\u00e1t \u00faplne vysu\u0148te a zasu\u0148te valec ramena, aby ste skontrolovali jeho spr\u00e1vnu funkciu a tesnos\u0165.<\/li>\n<li>Pod\u013ea potreby upravte prev\u00e1dzkov\u00fd tlak a \u010fal\u0161ie nastavenia.<\/li>\n<\/ol>\n<p><img decoding=\"async\" src=\"https:\/\/www.hydraulic-cylinders.net\/wp-content\/uploads\/2025\/01\/songte-bushings-with-all-kinds-of-excavator-models.webp\" alt=\"Obr\u00e1zok n\u00e1vodu na in\u0161tal\u00e1ciu hydraulick\u00e9ho valca\"><\/p>\n<h2>Bezpe\u010dnostn\u00e9 aspekty a faktory prostredia<\/h2>\n<p>Pri pou\u017e\u00edvan\u00ed valcov s ramenom by sa mali zoh\u013eadni\u0165 nasleduj\u00face bezpe\u010dnostn\u00e9 aspekty a faktory prostredia:<\/p>\n<ul>\n<li>\n<h3>Bezpe\u010dnos\u0165<\/h3>\n<p>Valce ramena by sa mali prev\u00e1dzkova\u0165 a udr\u017eiava\u0165 pod\u013ea pokynov v\u00fdrobcu a bezpe\u010dnostn\u00fdch pokynov. Bezpe\u010dnostn\u00e9 prvky, ako s\u00fa poistn\u00e9 ventily, by sa mali in\u0161talova\u0165 a pravidelne kontrolova\u0165, aby sa predi\u0161lo nehod\u00e1m sp\u00f4soben\u00fdm pre\u0165a\u017een\u00edm alebo pretlakom.<\/p>\n<\/li>\n<li>\n<h3>Environment\u00e1lne faktory<\/h3>\n<p>Hydraulick\u00e9 valce ramena by sa mali pou\u017e\u00edva\u0165 a likvidova\u0165 v s\u00falade s miestnymi environment\u00e1lnymi predpismi. Hydraulick\u00fd olej pou\u017eit\u00fd v syst\u00e9me by sa mal riadne skladova\u0165 a likvidova\u0165, aby sa zabr\u00e1nilo kontamin\u00e1cii \u017eivotn\u00e9ho prostredia.<\/p>\n<\/li>\n<\/ul>\n<h2>Rie\u0161enie probl\u00e9mov a be\u017en\u00e9 probl\u00e9my<\/h2>\n<p>Nasleduj\u00fa niektor\u00e9 be\u017en\u00e9 probl\u00e9my, ktor\u00e9 sa m\u00f4\u017eu vyskytn\u00fa\u0165 pri pou\u017e\u00edvan\u00ed valcov ramena:<\/p>\n<ul>\n<li>\n<h3>\u00daniky tekut\u00edn<\/h3>\n<p>\u00daniky kvapaliny m\u00f4\u017eu nasta\u0165 v d\u00f4sledku opotrebovan\u00fdch alebo po\u0161koden\u00fdch tesniacich prvkov, uvo\u013enen\u00fdch spojov alebo in\u00fdch faktorov. Skontrolujte tesnenia a spoje a v pr\u00edpade potreby ich opravte alebo vyme\u0148te.<\/p>\n<\/li>\n<li>\n<h3>Pomal\u00fd alebo nepravideln\u00fd pohyb<\/h3>\n<p>Valec ramena sa m\u00f4\u017ee pohybova\u0165 pomaly alebo nepravidelne v d\u00f4sledku n\u00edzkeho hydraulick\u00e9ho tlaku, opotrebovan\u00fdch alebo po\u0161koden\u00fdch komponentov alebo in\u00fdch faktorov. Skontrolujte hydraulick\u00fd syst\u00e9m a v pr\u00edpade potreby opravte alebo vyme\u0148te komponenty.<\/p>\n<\/li>\n<li>\n<h3>Hluk<\/h3>\n<p>Nezvy\u010dajn\u00fd hluk sa m\u00f4\u017ee vyskytn\u00fa\u0165 v d\u00f4sledku uvo\u013enen\u00fdch alebo po\u0161koden\u00fdch komponentov, nedostato\u010dn\u00e9ho mazania alebo in\u00fdch faktorov. Skontrolujte komponenty a mazac\u00ed syst\u00e9m a v pr\u00edpade potreby ich opravte alebo vyme\u0148te.<\/p>\n<\/li>\n<\/ul>\n<p>Odpor\u00fa\u010da sa konzultova\u0165 s profesion\u00e1lnym technikom alebo so z\u00e1kazn\u00edckym servisom v\u00fdrobcu, ktor\u00fd v\u00e1m poskytne \u010fal\u0161iu pomoc.<\/p>\n<p><img decoding=\"async\" src=\"https:\/\/www.hydraulic-cylinders.net\/wp-content\/uploads\/2025\/01\/songte-company-4.webp\" alt=\"Obr\u00e1zok spolo\u010dnosti s hydraulick\u00fdm valcom\"><\/p>\n<h2>O n\u00e1s<\/h2>\n<p>Sme profesion\u00e1lny v\u00fdrobca hydraulick\u00fdch valcov, ktor\u00fd pon\u00faka \u0161irok\u00fd sortiment produktov a stal sa jedn\u00fdm z popredn\u00fdch v\u00fdrobcov a ve\u013ekoobchodn\u00fdch distrib\u00fatorov hydraulick\u00fdch valcov na dom\u00e1com aj medzin\u00e1rodnom trhu. V\u017edy dodr\u017eiavame z\u00e1sadu vynikaj\u00facej kvality a spoliehame sa na strat\u00e9giu industrializovan\u00e9ho riadenia v\u00fdroby na\u0161ej prec\u00edznej v\u00fdrobnej dielne, aby sme neust\u00e1le zlep\u0161ovali na\u0161u technick\u00fa \u00farove\u0148 a efektivitu v\u00fdroby.<\/p>\n<p>Zav\u00e1dzan\u00edm \u0161pi\u010dkov\u00fdch digit\u00e1lnych v\u00fdrobn\u00fdch zariaden\u00ed a profesion\u00e1lnych testovac\u00edch syst\u00e9mov neust\u00e1le optimalizujeme na\u0161u v\u00fdrobn\u00fa platformu, zlep\u0161ujeme proces kontroly kvality na\u0161ich v\u00fdrobkov a m\u00e1me siln\u00e9 inova\u010dn\u00e9 schopnosti. Na\u0161\u00edm cie\u013eom je uspokoji\u0165 rozmanit\u00e9 potreby na\u0161ich z\u00e1kazn\u00edkov s vysokou efektivitou, presnos\u0165ou a princ\u00edpmi vysokej kvality.<\/p>\n<ul>\n<li>\n<h3>Profesionalita<\/h3>\n<p>M\u00e1me profesion\u00e1lny t\u00edm in\u017einierov a technikov, ktor\u00ed neust\u00e1le zlep\u0161uj\u00fa n\u00e1\u0161 v\u00fdrobn\u00fd proces a kvalitu produktov a poskytuj\u00fa technick\u00fa podporu a popredajn\u00fd servis na\u0161im z\u00e1kazn\u00edkom.<\/p>\n<\/li>\n<li>\n<h3>Medzin\u00e1rodn\u00e1 certifik\u00e1cia<\/h3>\n<p>Z\u00edskali sme r\u00f4zne medzin\u00e1rodn\u00e9 certifik\u00e1ty, ako napr\u00edklad ISO 9001 a CE, \u010do potvrdzuje, \u017ee na\u0161e v\u00fdrobky sp\u013a\u0148aj\u00fa medzin\u00e1rodn\u00e9 normy a predpisy.<\/p>\n<\/li>\n<li>\n<h3>Slu\u017eby na mieru<\/h3>\n<p>Poskytujeme slu\u017eby na mieru pod\u013ea \u0161pecifick\u00fdch po\u017eiadaviek na\u0161ich z\u00e1kazn\u00edkov, ako s\u00fa ve\u013ekos\u0165, tlak a materi\u00e1ly.<\/p>\n<\/li>\n<li>\n<h3>V\u00fdrobn\u00e9 zariadenia<\/h3>\n<p>Disponujeme modern\u00fdm v\u00fdrobn\u00fdm zariaden\u00edm, ako s\u00fa CNC stroje, honovacie stroje a zv\u00e1racie stroje, ktor\u00e9 n\u00e1m umo\u017e\u0148uj\u00fa vyr\u00e1ba\u0165 vysoko kvalitn\u00e9 hydraulick\u00e9 valce.<\/p>\n<\/li>\n<li>\n<h3>Popredajn\u00fd servis<\/h3>\n<p>Na\u0161im z\u00e1kazn\u00edkom poskytujeme komplexn\u00fd popredajn\u00fd servis vr\u00e1tane technickej podpory, \u00fadr\u017eby a opr\u00e1v.<\/p>\n<\/li>\n<\/ul>\n<p><img decoding=\"async\" src=\"https:\/\/www.hydraulic-cylinders.net\/wp-content\/uploads\/2025\/01\/songte-company-3.webp\" alt=\"Obr\u00e1zok spolo\u010dnosti s hydraulick\u00fdm valcom\"><\/p>\n<p>Autor: lyl.<\/p>","protected":false},"excerpt":{"rendered":"<p>Arm Cylinder for Tota TX210C Introduction An arm cylinder is a specialized hydraulic cylinder that is mainly used to provide linear motion and power to the arms of various types of machinery such as excavators, cranes, and robotic arms. The arm cylinder plays a critical role in hydraulic systems, enabling attachments or accessories to move [&hellip;]<\/p>","protected":false},"featured_media":14777,"comment_status":"open","ping_status":"closed","template":"","meta":{"_et_pb_use_builder":"","_et_pb_old_content":"","_et_gb_content_width":""},"product_brand":[],"product_cat":[1497],"product_tag":[1498,1496],"class_list":{"0":"post-16800","1":"product","2":"type-product","3":"status-publish","4":"has-post-thumbnail","6":"product_cat-arm-cylinders","7":"product_tag-arm-cylinders","8":"product_tag-hydraulic-cylinders","10":"first","11":"instock","12":"shipping-taxable","13":"product-type-simple"},"amp_enabled":true,"_links":{"self":[{"href":"https:\/\/www.hydraulic-cylinders.net\/sk\/wp-json\/wp\/v2\/product\/16800","targetHints":{"allow":["GET"]}}],"collection":[{"href":"https:\/\/www.hydraulic-cylinders.net\/sk\/wp-json\/wp\/v2\/product"}],"about":[{"href":"https:\/\/www.hydraulic-cylinders.net\/sk\/wp-json\/wp\/v2\/types\/product"}],"replies":[{"embeddable":true,"href":"https:\/\/www.hydraulic-cylinders.net\/sk\/wp-json\/wp\/v2\/comments?post=16800"}],"wp:featuredmedia":[{"embeddable":true,"href":"https:\/\/www.hydraulic-cylinders.net\/sk\/wp-json\/wp\/v2\/media\/14777"}],"wp:attachment":[{"href":"https:\/\/www.hydraulic-cylinders.net\/sk\/wp-json\/wp\/v2\/media?parent=16800"}],"wp:term":[{"taxonomy":"product_brand","embeddable":true,"href":"https:\/\/www.hydraulic-cylinders.net\/sk\/wp-json\/wp\/v2\/product_brand?post=16800"},{"taxonomy":"product_cat","embeddable":true,"href":"https:\/\/www.hydraulic-cylinders.net\/sk\/wp-json\/wp\/v2\/product_cat?post=16800"},{"taxonomy":"product_tag","embeddable":true,"href":"https:\/\/www.hydraulic-cylinders.net\/sk\/wp-json\/wp\/v2\/product_tag?post=16800"}],"curies":[{"name":"pracovn\u00fd list","href":"https:\/\/api.w.org\/{rel}","templated":true}]}}